{"id":44126,"date":"2025-03-03T15:31:31","date_gmt":"2025-03-03T14:31:31","guid":{"rendered":"https:\/?post_type=product&#038;p=44126"},"modified":"2025-03-20T13:18:39","modified_gmt":"2025-03-20T12:18:39","slug":"custom-quantity-key-ring","status":"publish","type":"product","link":"https:\/\/scrat-tech.fr\/en\/product\/custom-quantity-key-ring\/","title":{"rendered":"Keychains \u2013 Custom Quantity"},"content":{"rendered":"<div data-elementor-type=\"product-post\" data-elementor-id=\"44126\" class=\"elementor elementor-44126\" data-elementor-post-type=\"product\">\n\t\t\t\t<div class=\"elementor-element elementor-element-d6b9125 e-flex e-con-boxed e-con e-parent\" data-id=\"d6b9125\" data-element_type=\"container\" data-settings=\"{&quot;background_background&quot;:&quot;classic&quot;,&quot;jet_parallax_layout_list&quot;:[]}\">\n\t\t\t\t\t<div class=\"e-con-inner\">\n\t\t\t\t<div class=\"elementor-element elementor-element-8aeb58f elementor-nav-menu__align-center elementor-nav-menu--dropdown-tablet elementor-nav-menu__text-align-aside elementor-nav-menu--toggle elementor-nav-menu--burger elementor-widget elementor-widget-nav-menu\" data-id=\"8aeb58f\" data-element_type=\"widget\" data-settings=\"{&quot;layout&quot;:&quot;horizontal&quot;,&quot;submenu_icon&quot;:{&quot;value&quot;:&quot;&lt;svg class=\\&quot;e-font-icon-svg e-fas-caret-down\\&quot; viewBox=\\&quot;0 0 320 512\\&quot; xmlns=\\&quot;http:\\\/\\\/www.w3.org\\\/2000\\\/svg\\&quot;&gt;&lt;path d=\\&quot;M31.3 192h257.3c17.8 0 26.7 21.5 14.1 34.1L174.1 354.8c-7.8 7.8-20.5 7.8-28.3 0L17.2 226.1C4.6 213.5 13.5 192 31.3 192z\\&quot;&gt;&lt;\\\/path&gt;&lt;\\\/svg&gt;&quot;,&quot;library&quot;:&quot;fa-solid&quot;},&quot;toggle&quot;:&quot;burger&quot;}\" data-widget_type=\"nav-menu.default\">\n\t\t\t\t<div class=\"elementor-widget-container\">\n\t\t\t\t\t\t\t\t<nav aria-label=\"Menu\" class=\"elementor-nav-menu--main elementor-nav-menu__container elementor-nav-menu--layout-horizontal e--pointer-none\">\n\t\t\t\t<ul id=\"menu-1-8aeb58f\" class=\"elementor-nav-menu\"><li class=\"menu-item menu-item-type-custom menu-item-object-custom menu-item-40209\"><a target=\"_blank\" href=\"https:\/\/scrat-production.fr\/\" onclick=\"return true\" class=\"elementor-item\">Home<\/a><\/li>\n<li class=\"menu-item menu-item-type-post_type menu-item-object-courses menu-item-41214\"><a href=\"https:\/\/scrat-tech.fr\/en\/course\/gopro-for-real\/\" onclick=\"return true\" class=\"elementor-item\">Go-Pro - For real!<\/a><\/li>\n<li class=\"menu-item menu-item-type-post_type menu-item-object-product menu-item-41212\"><a href=\"https:\/\/scrat-tech.fr\/en\/product\/luts-pack\/\" onclick=\"return true\" class=\"elementor-item\">LUTs Pack<\/a><\/li>\n<li class=\"menu-item menu-item-type-post_type menu-item-object-page menu-item-has-children menu-item-44656\"><a href=\"https:\/\/scrat-tech.fr\/en\/lightroom-presets-v2\/\" onclick=\"return true\" class=\"elementor-item\">Lightroom presets<\/a>\n<ul class=\"sub-menu elementor-nav-menu--dropdown\">\n\t<li class=\"menu-item menu-item-type-post_type menu-item-object-page menu-item-44658\"><a href=\"https:\/\/scrat-tech.fr\/en\/lightroom-presets\/\" onclick=\"return true\" class=\"elementor-sub-item\">Pack V1<\/a><\/li>\n\t<li class=\"menu-item menu-item-type-post_type menu-item-object-page menu-item-44657\"><a href=\"https:\/\/scrat-tech.fr\/en\/lightroom-presets-v2\/\" onclick=\"return true\" class=\"elementor-sub-item\">Pack V2<\/a><\/li>\n<\/ul>\n<\/li>\n<li class=\"menu-item menu-item-type-post_type menu-item-object-page menu-item-44046\"><a href=\"https:\/\/scrat-tech.fr\/en\/shop\/\" onclick=\"return true\" class=\"elementor-item\">Shop<\/a><\/li>\n<li class=\"menu-item menu-item-type-custom menu-item-object-custom menu-item-40215\"><a target=\"_blank\" href=\"https:\/\/scrat-production.fr\/contact\/\" onclick=\"return true\" class=\"elementor-item\">Contact<\/a><\/li>\n<\/ul>\t\t\t<\/nav>\n\t\t\t\t\t<div class=\"elementor-menu-toggle\" role=\"button\" tabindex=\"0\" aria-label=\"Menu Toggle\" aria-expanded=\"false\">\n\t\t\t<svg aria-hidden=\"true\" role=\"presentation\" class=\"elementor-menu-toggle__icon--open e-font-icon-svg e-eicon-menu-bar\" viewbox=\"0 0 1000 1000\" xmlns=\"http:\/\/www.w3.org\/2000\/svg\"><path d=\"M104 333H896C929 333 958 304 958 271S929 208 896 208H104C71 208 42 237 42 271S71 333 104 333ZM104 583H896C929 583 958 554 958 521S929 458 896 458H104C71 458 42 487 42 521S71 583 104 583ZM104 833H896C929 833 958 804 958 771S929 708 896 708H104C71 708 42 737 42 771S71 833 104 833Z\"><\/path><\/svg><svg aria-hidden=\"true\" role=\"presentation\" class=\"elementor-menu-toggle__icon--close e-font-icon-svg e-eicon-close\" viewbox=\"0 0 1000 1000\" xmlns=\"http:\/\/www.w3.org\/2000\/svg\"><path d=\"M742 167L500 408 258 167C246 154 233 150 217 150 196 150 179 158 167 167 154 179 150 196 150 212 150 229 154 242 171 254L408 500 167 742C138 771 138 800 167 829 196 858 225 858 254 829L496 587 738 829C750 842 767 846 783 846 800 846 817 842 829 829 842 817 846 804 846 783 846 767 842 750 829 737L588 500 833 258C863 229 863 200 833 171 804 137 775 137 742 167Z\"><\/path><\/svg>\t\t<\/div>\n\t\t\t\t\t<nav class=\"elementor-nav-menu--dropdown elementor-nav-menu__container\" aria-hidden=\"true\">\n\t\t\t\t<ul id=\"menu-2-8aeb58f\" class=\"elementor-nav-menu\"><li class=\"menu-item menu-item-type-custom menu-item-object-custom menu-item-40209\"><a target=\"_blank\" href=\"https:\/\/scrat-production.fr\/\" onclick=\"return true\" class=\"elementor-item\" tabindex=\"-1\">Home<\/a><\/li>\n<li class=\"menu-item menu-item-type-post_type menu-item-object-courses menu-item-41214\"><a href=\"https:\/\/scrat-tech.fr\/en\/course\/gopro-for-real\/\" onclick=\"return true\" class=\"elementor-item\" tabindex=\"-1\">Go-Pro - For real!<\/a><\/li>\n<li class=\"menu-item menu-item-type-post_type menu-item-object-product menu-item-41212\"><a href=\"https:\/\/scrat-tech.fr\/en\/product\/luts-pack\/\" onclick=\"return true\" class=\"elementor-item\" tabindex=\"-1\">LUTs Pack<\/a><\/li>\n<li class=\"menu-item menu-item-type-post_type menu-item-object-page menu-item-has-children menu-item-44656\"><a href=\"https:\/\/scrat-tech.fr\/en\/lightroom-presets-v2\/\" onclick=\"return true\" class=\"elementor-item\" tabindex=\"-1\">Lightroom presets<\/a>\n<ul class=\"sub-menu elementor-nav-menu--dropdown\">\n\t<li class=\"menu-item menu-item-type-post_type menu-item-object-page menu-item-44658\"><a href=\"https:\/\/scrat-tech.fr\/en\/lightroom-presets\/\" onclick=\"return true\" class=\"elementor-sub-item\" tabindex=\"-1\">Pack V1<\/a><\/li>\n\t<li class=\"menu-item menu-item-type-post_type menu-item-object-page menu-item-44657\"><a href=\"https:\/\/scrat-tech.fr\/en\/lightroom-presets-v2\/\" onclick=\"return true\" class=\"elementor-sub-item\" tabindex=\"-1\">Pack V2<\/a><\/li>\n<\/ul>\n<\/li>\n<li class=\"menu-item menu-item-type-post_type menu-item-object-page menu-item-44046\"><a href=\"https:\/\/scrat-tech.fr\/en\/shop\/\" onclick=\"return true\" class=\"elementor-item\" tabindex=\"-1\">Shop<\/a><\/li>\n<li class=\"menu-item menu-item-type-custom menu-item-object-custom menu-item-40215\"><a target=\"_blank\" href=\"https:\/\/scrat-production.fr\/contact\/\" onclick=\"return true\" class=\"elementor-item\" tabindex=\"-1\">Contact<\/a><\/li>\n<\/ul>\t\t\t<\/nav>\n\t\t\t\t\t\t<\/div>\n\t\t\t\t<\/div>\n\t\t\t\t\t<\/div>\n\t\t\t\t<\/div>\n\t\t<div class=\"elementor-element elementor-element-149fc5d e-flex e-con-boxed e-con e-parent\" data-id=\"149fc5d\" data-element_type=\"container\" data-settings=\"{&quot;background_background&quot;:&quot;classic&quot;,&quot;jet_parallax_layout_list&quot;:[]}\">\n\t\t\t\t\t<div class=\"e-con-inner\">\n\t\t\t\t<div class=\"elementor-element elementor-element-5c360d8 elementor-widget elementor-widget-heading\" data-id=\"5c360d8\" data-element_type=\"widget\" data-widget_type=\"heading.default\">\n\t\t\t\t<div class=\"elementor-widget-container\">\n\t\t\t\t\t<h2 class=\"elementor-heading-title elementor-size-default\">If the redirection to the shopping cart does not happen automatically, click on the button below.<\/h2>\t\t\t\t<\/div>\n\t\t\t\t<\/div>\n\t\t\t\t<div class=\"elementor-element elementor-element-743a7e2 elementor-align-center elementor-widget elementor-widget-button\" data-id=\"743a7e2\" data-element_type=\"widget\" data-widget_type=\"button.default\">\n\t\t\t\t<div class=\"elementor-widget-container\">\n\t\t\t\t\t\t\t\t\t<div class=\"elementor-button-wrapper\">\n\t\t\t\t\t<a class=\"elementor-button elementor-button-link elementor-size-sm\" href=\"https:\/\/\/en\/panier\/\">\n\t\t\t\t\t\t<span class=\"elementor-button-content-wrapper\">\n\t\t\t\t\t\t\t\t\t<span class=\"elementor-button-text\">To the basket<\/span>\n\t\t\t\t\t<\/span>\n\t\t\t\t\t<\/a>\n\t\t\t\t<\/div>\n\t\t\t\t\t\t\t\t<\/div>\n\t\t\t\t<\/div>\n\t\t\t\t\t<\/div>\n\t\t\t\t<\/div>\n\t\t\t\t<\/div>","protected":false},"excerpt":{"rendered":"<p>If the redirection to the cart does not happen automatically, click on the button below. To the cart<\/p>","protected":false},"featured_media":44093,"template":"elementor_header_footer","meta":[],"product_brand":[],"product_cat":[55],"product_tag":[],"class_list":{"0":"post-44126","1":"product","2":"type-product","3":"status-publish","4":"has-post-thumbnail","6":"product_cat-non-classe","8":"first","9":"instock","10":"shipping-taxable","11":"purchasable","12":"product-type-simple"},"yoast_head":"<!-- This site is optimized with the Yoast SEO Premium plugin v24.4 (Yoast SEO v24.4) - https:\/\/yoast.com\/wordpress\/plugins\/seo\/ -->\n<title>Porte-cl\u00e9s - Quantit\u00e9 personnalis\u00e9e - SCRAT<\/title>\n<meta name=\"robots\" content=\"index, follow, max-snippet:-1, max-image-preview:large, max-video-preview:-1\" \/>\n<link rel=\"canonical\" href=\"https:\/\/scrat-tech.fr\/en\/product\/custom-quantity-key-ring\/\" \/>\n<meta name=\"twitter:card\" content=\"summary_large_image\" \/>\n<meta name=\"twitter:title\" content=\"Porte-cl\u00e9s - Quantit\u00e9 personnalis\u00e9e - SCRAT\" \/>\n<meta name=\"twitter:description\" content=\"Si la redirection vers le panier ne se fait pas automatiquement, cliquez sur le bouton ci-dessous. Vers le panier\" \/>\n<meta name=\"twitter:image\" content=\"https:\/\/scrat-tech.fr\/wp-content\/uploads\/2025\/03\/4-pack.jpg\" \/>\n<meta name=\"twitter:site\" content=\"@SCRAT_Rider\" \/>\n<meta name=\"twitter:label1\" content=\"Est. reading time\" \/>\n\t<meta name=\"twitter:data1\" content=\"1 minute\" \/>\n<script type=\"application\/ld+json\" class=\"yoast-schema-graph\">{\"@context\":\"https:\/\/schema.org\",\"@graph\":[{\"@type\":\"WebPage\",\"@id\":\"https:\/\/scrat-tech.fr\/en\/product\/custom-quantity-key-ring\/\",\"url\":\"https:\/\/scrat-tech.fr\/en\/product\/custom-quantity-key-ring\/\",\"name\":\"Porte-cl\u00e9s - Quantit\u00e9 personnalis\u00e9e - SCRAT\",\"isPartOf\":{\"@id\":\"https:\/\/scrat-tech.fr\/#website\"},\"primaryImageOfPage\":{\"@id\":\"https:\/\/scrat-tech.fr\/en\/product\/custom-quantity-key-ring\/#primaryimage\"},\"image\":{\"@id\":\"https:\/\/scrat-tech.fr\/en\/product\/custom-quantity-key-ring\/#primaryimage\"},\"thumbnailUrl\":\"https:\/\/scrat-tech.fr\/wp-content\/uploads\/2025\/03\/4-pack.jpg\",\"datePublished\":\"2025-03-03T14:31:31+00:00\",\"dateModified\":\"2025-03-20T12:18:39+00:00\",\"breadcrumb\":{\"@id\":\"https:\/\/scrat-tech.fr\/en\/product\/custom-quantity-key-ring\/#breadcrumb\"},\"inLanguage\":\"en-US\",\"potentialAction\":[{\"@type\":\"ReadAction\",\"target\":[\"https:\/\/scrat-tech.fr\/en\/product\/custom-quantity-key-ring\/\"]}]},{\"@type\":\"ImageObject\",\"inLanguage\":\"en-US\",\"@id\":\"https:\/\/scrat-tech.fr\/en\/product\/custom-quantity-key-ring\/#primaryimage\",\"url\":\"https:\/\/scrat-tech.fr\/wp-content\/uploads\/2025\/03\/4-pack.jpg\",\"contentUrl\":\"https:\/\/scrat-tech.fr\/wp-content\/uploads\/2025\/03\/4-pack.jpg\",\"width\":512,\"height\":425},{\"@type\":\"BreadcrumbList\",\"@id\":\"https:\/\/scrat-tech.fr\/en\/product\/custom-quantity-key-ring\/#breadcrumb\",\"itemListElement\":[{\"@type\":\"ListItem\",\"position\":1,\"name\":\"Accueil\",\"item\":\"https:\/\/scrat-tech.fr\/\"},{\"@type\":\"ListItem\",\"position\":2,\"name\":\"Boutique\",\"item\":\"https:\/\/scrat-tech.fr\/en\/shop\/\"},{\"@type\":\"ListItem\",\"position\":3,\"name\":\"Porte-cl\u00e9s &#8211; Quantit\u00e9 personnalis\u00e9e\"}]},{\"@type\":\"WebSite\",\"@id\":\"https:\/\/scrat-tech.fr\/#website\",\"url\":\"https:\/\/scrat-tech.fr\/\",\"name\":\"SCRAT\",\"description\":\"\",\"publisher\":{\"@id\":\"https:\/\/scrat-tech.fr\/#organization\"},\"potentialAction\":[{\"@type\":\"SearchAction\",\"target\":{\"@type\":\"EntryPoint\",\"urlTemplate\":\"https:\/\/scrat-tech.fr\/?s={search_term_string}\"},\"query-input\":{\"@type\":\"PropertyValueSpecification\",\"valueRequired\":true,\"valueName\":\"search_term_string\"}}],\"inLanguage\":\"en-US\"},{\"@type\":\"Organization\",\"@id\":\"https:\/\/scrat-tech.fr\/#organization\",\"name\":\"SCRAT\",\"url\":\"https:\/\/scrat-tech.fr\/\",\"logo\":{\"@type\":\"ImageObject\",\"inLanguage\":\"en-US\",\"@id\":\"https:\/\/scrat-tech.fr\/#\/schema\/logo\/image\/\",\"url\":\"https:\/\/scrat-tech.fr\/wp-content\/uploads\/2024\/10\/cropped-tuyu_monte.png\",\"contentUrl\":\"https:\/\/scrat-tech.fr\/wp-content\/uploads\/2024\/10\/cropped-tuyu_monte.png\",\"width\":512,\"height\":512,\"caption\":\"SCRAT\"},\"image\":{\"@id\":\"https:\/\/scrat-tech.fr\/#\/schema\/logo\/image\/\"},\"sameAs\":[\"https:\/\/www.facebook.com\/ScratRider\/\",\"https:\/\/x.com\/SCRAT_Rider\",\"https:\/\/instagram.com\/scrat_rider\",\"https:\/\/youtube.com\/c\/SCRAT\"]}]}<\/script>\n<!-- \/ Yoast SEO Premium plugin. -->","yoast_head_json":{"title":"Keychain - Custom Quantity - SCRAT","robots":{"index":"index","follow":"follow","max-snippet":"max-snippet:-1","max-image-preview":"max-image-preview:large","max-video-preview":"max-video-preview:-1"},"canonical":"https:\/\/scrat-tech.fr\/en\/product\/custom-quantity-key-ring\/","twitter_card":"summary_large_image","twitter_title":"Porte-cl\u00e9s - Quantit\u00e9 personnalis\u00e9e - SCRAT","twitter_description":"Si la redirection vers le panier ne se fait pas automatiquement, cliquez sur le bouton ci-dessous. Vers le panier","twitter_image":"https:\/\/scrat-tech.fr\/wp-content\/uploads\/2025\/03\/4-pack.jpg","twitter_site":"@SCRAT_Rider","twitter_misc":{"Est. reading time":"1 minute"},"schema":{"@context":"https:\/\/schema.org","@graph":[{"@type":"WebPage","@id":"https:\/\/scrat-tech.fr\/en\/product\/custom-quantity-key-ring\/","url":"https:\/\/scrat-tech.fr\/en\/product\/custom-quantity-key-ring\/","name":"Keychain - Custom Quantity - SCRAT","isPartOf":{"@id":"https:\/\/scrat-tech.fr\/#website"},"primaryImageOfPage":{"@id":"https:\/\/scrat-tech.fr\/en\/product\/custom-quantity-key-ring\/#primaryimage"},"image":{"@id":"https:\/\/scrat-tech.fr\/en\/product\/custom-quantity-key-ring\/#primaryimage"},"thumbnailUrl":"https:\/\/scrat-tech.fr\/wp-content\/uploads\/2025\/03\/4-pack.jpg","datePublished":"2025-03-03T14:31:31+00:00","dateModified":"2025-03-20T12:18:39+00:00","breadcrumb":{"@id":"https:\/\/scrat-tech.fr\/en\/product\/custom-quantity-key-ring\/#breadcrumb"},"inLanguage":"en-US","potentialAction":[{"@type":"ReadAction","target":["https:\/\/scrat-tech.fr\/en\/product\/custom-quantity-key-ring\/"]}]},{"@type":"ImageObject","inLanguage":"en-US","@id":"https:\/\/scrat-tech.fr\/en\/product\/custom-quantity-key-ring\/#primaryimage","url":"https:\/\/scrat-tech.fr\/wp-content\/uploads\/2025\/03\/4-pack.jpg","contentUrl":"https:\/\/scrat-tech.fr\/wp-content\/uploads\/2025\/03\/4-pack.jpg","width":512,"height":425},{"@type":"BreadcrumbList","@id":"https:\/\/scrat-tech.fr\/en\/product\/custom-quantity-key-ring\/#breadcrumb","itemListElement":[{"@type":"ListItem","position":1,"name":"Accueil","item":"https:\/\/scrat-tech.fr\/"},{"@type":"ListItem","position":2,"name":"Boutique","item":"https:\/\/scrat-tech.fr\/en\/shop\/"},{"@type":"ListItem","position":3,"name":"Porte-cl\u00e9s &#8211; Quantit\u00e9 personnalis\u00e9e"}]},{"@type":"WebSite","@id":"https:\/\/scrat-tech.fr\/#website","url":"https:\/\/scrat-tech.fr\/","name":"SCRAT","description":"","publisher":{"@id":"https:\/\/scrat-tech.fr\/#organization"},"potentialAction":[{"@type":"SearchAction","target":{"@type":"EntryPoint","urlTemplate":"https:\/\/scrat-tech.fr\/?s={search_term_string}"},"query-input":{"@type":"PropertyValueSpecification","valueRequired":true,"valueName":"search_term_string"}}],"inLanguage":"en-US"},{"@type":"Organization","@id":"https:\/\/scrat-tech.fr\/#organization","name":"SCRAT","url":"https:\/\/scrat-tech.fr\/","logo":{"@type":"ImageObject","inLanguage":"en-US","@id":"https:\/\/scrat-tech.fr\/#\/schema\/logo\/image\/","url":"https:\/\/scrat-tech.fr\/wp-content\/uploads\/2024\/10\/cropped-tuyu_monte.png","contentUrl":"https:\/\/scrat-tech.fr\/wp-content\/uploads\/2024\/10\/cropped-tuyu_monte.png","width":512,"height":512,"caption":"SCRAT"},"image":{"@id":"https:\/\/scrat-tech.fr\/#\/schema\/logo\/image\/"},"sameAs":["https:\/\/www.facebook.com\/ScratRider\/","https:\/\/x.com\/SCRAT_Rider","https:\/\/instagram.com\/scrat_rider","https:\/\/youtube.com\/c\/SCRAT"]}]}},"_links":{"self":[{"href":"https:\/\/scrat-tech.fr\/en\/wp-json\/wp\/v2\/product\/44126","targetHints":{"allow":["GET"]}}],"collection":[{"href":"https:\/\/scrat-tech.fr\/en\/wp-json\/wp\/v2\/product"}],"about":[{"href":"https:\/\/scrat-tech.fr\/en\/wp-json\/wp\/v2\/types\/product"}],"version-history":[{"count":1,"href":"https:\/\/scrat-tech.fr\/en\/wp-json\/wp\/v2\/product\/44126\/revisions"}],"predecessor-version":[{"id":45332,"href":"https:\/\/scrat-tech.fr\/en\/wp-json\/wp\/v2\/product\/44126\/revisions\/45332"}],"wp:featuredmedia":[{"embeddable":true,"href":"https:\/\/scrat-tech.fr\/en\/wp-json\/wp\/v2\/media\/44093"}],"wp:attachment":[{"href":"https:\/\/scrat-tech.fr\/en\/wp-json\/wp\/v2\/media?parent=44126"}],"wp:term":[{"taxonomy":"product_brand","embeddable":true,"href":"https:\/\/scrat-tech.fr\/en\/wp-json\/wp\/v2\/product_brand?post=44126"},{"taxonomy":"product_cat","embeddable":true,"href":"https:\/\/scrat-tech.fr\/en\/wp-json\/wp\/v2\/product_cat?post=44126"},{"taxonomy":"product_tag","embeddable":true,"href":"https:\/\/scrat-tech.fr\/en\/wp-json\/wp\/v2\/product_tag?post=44126"}],"curies":[{"name":"wp","href":"https:\/\/api.w.org\/{rel}","templated":true}]}}