{"id":998,"date":"2016-10-19T18:12:15","date_gmt":"2016-10-19T16:12:15","guid":{"rendered":"https:\/?page_id=998"},"modified":"2017-03-21T12:38:48","modified_gmt":"2017-03-21T10:38:48","slug":"force-android-screen-orientation","status":"publish","type":"page","link":"https:\/\/scrat-tech.fr\/en\/android\/force-android-screen-orientation\/","title":{"rendered":"Force screen orientation"},"content":{"rendered":"<h3 style=\"text-align: center;\"><strong>Force screen orientation to landscape or portrait display on your device and apps without root!<\/strong><\/h3>\n<p style=\"text-align: left;\">With a simple application called &quot;Set Orientation&quot; you can force the screen orientation or display mode of your device as well as all your applications in a single click and efficiently!<\/p>\n<p style=\"text-align: center;\"><a href=\"http:\/\/www.youtube.com\/user\/game682400?sub_confirmation=1\" target=\"_blank\"><img decoding=\"async\" class=\"aligncenter wp-image-1766\" src=\"https:\/\/scrat-tech.fr\/wp-content\/uploads\/2016\/11\/abonnez-1024x283.jpg\" width=\"400\" height=\"110\" srcset=\"https:\/\/scrat-tech.fr\/wp-content\/uploads\/2016\/11\/abonnez-1024x283.jpg 1024w, https:\/\/scrat-tech.fr\/wp-content\/uploads\/2016\/11\/abonnez-600x166.jpg 600w, https:\/\/scrat-tech.fr\/wp-content\/uploads\/2016\/11\/abonnez-300x83.jpg 300w, https:\/\/scrat-tech.fr\/wp-content\/uploads\/2016\/11\/abonnez-768x212.jpg 768w, https:\/\/scrat-tech.fr\/wp-content\/uploads\/2016\/11\/abonnez.jpg 1631w\" sizes=\"(max-width: 400px) 100vw, 400px\" \/><\/a><em><span style=\"color: #808080;\">Click here to subscribe and support me, it costs you nothing and makes me happy \ud83d\ude42<\/span><\/em><\/p>\n<p style=\"text-align: left;\">What is it really for? Simply to display all applications including the home screen in the format you want. All applications blocked in landscape mode will be usable in portrait mode and vice versa, the same for your desktop. It is also possible to invert your screen!<\/p>\n<p style=\"text-align: left;\">The application is free, and is nothing more than a simple menu! And yes, by clicking on its icon there is nothing else that opens but a small pop-up menu that will ask you which display you want to use.<\/p>\n<p style=\"text-align: left;\">In the list you can choose several screen orientation modes, here are some of them: (all applications will be assigned to your choice<br \/>\n<em><strong>-Force orientation based on your device orientation (motion sensor)<\/strong><\/em><br \/>\n<em><strong>-Force landscape mode permanently<\/strong><\/em><br \/>\n<em><strong>-Force portrait mode permanently<\/strong><\/em><br \/>\n<em><strong>-Force the <\/strong><\/em><em><strong>landscape mode permanently reversed<\/strong><\/em><br \/>\n<em><strong>-Force inverted portrait mode permanently<\/strong><\/em><br \/>\n<em><strong>....<\/strong><\/em><br \/>\nI recommend the one presented in the video, it&#039;s the most effective!<\/p>\n<p style=\"text-align: left;\"><strong>IMPORTANT:<\/strong> Applications locked in a certain format can be displayed in another, however not all games, for example: if you launch Clash Of Clans in portrait mode you will not have the entire display since it cannot change its format freely unlike most applications. I have not tested all the games but some are compatible, it is up to you to try for yourself to find out which ones.<\/p>\n<p style=\"text-align: left;\"><strong>You can download the &quot;Set Orientation&quot; application<a href=\"http:\/\/www.clictune.com\/id=720524\" target=\"_blank\"> ICI<\/a>, or by following the link in the video description on YouTube.<\/strong><\/p>\n<p><iframe width=\"800\" height=\"450\" src=\"https:\/\/www.youtube.com\/embed\/FKMjpqdkc34?feature=oembed\" frameborder=\"0\" allowfullscreen><\/iframe><\/p>","protected":false},"excerpt":{"rendered":"<p>Forcez l&rsquo;orientation d&rsquo;\u00e9cran pour un affichage en mode paysage ou portrait sur votre appareil et vos\u00a0applications sans root ! Gr\u00e2ce \u00e0 une simple application qui se nomme \u00ab\u00a0Set Orientation\u00a0\u00bb vous pourrez forcer l&rsquo;orientation d&rsquo;\u00e9cran\u00a0ou le mode d&rsquo;affichage de votre appareil ainsi que de toutes vos applications en un simple clique et de mani\u00e8re efficace ! [&hellip;]<\/p>","protected":false},"author":2,"featured_media":999,"parent":37,"menu_order":0,"comment_status":"closed","ping_status":"open","template":"","meta":{"footnotes":""},"class_list":["post-998","page","type-page","status-publish","has-post-thumbnail","hentry"],"yoast_head":"<!-- This site is optimized with the Yoast SEO Premium plugin v24.4 (Yoast SEO v24.4) - https:\/\/yoast.com\/wordpress\/plugins\/seo\/ -->\n<title>Forcer orientation d&#039;\u00e9cran ANDROID | Mode paysage ou portrait<\/title>\n<meta name=\"description\" content=\"Forcez l&#039;orientation d&#039;\u00e9cran pour un affichage en mode paysage ou portrait sur votre appareil et vos applications sans root tr\u00e8s facilement !\" \/>\n<meta name=\"robots\" content=\"index, follow, max-snippet:-1, max-image-preview:large, max-video-preview:-1\" \/>\n<link rel=\"canonical\" href=\"https:\/\/scrat-tech.fr\/en\/android\/force-android-screen-orientation\/\" \/>\n<meta name=\"twitter:card\" content=\"summary_large_image\" \/>\n<meta name=\"twitter:title\" content=\"Forcer orientation d&#039;\u00e9cran ANDROID | Mode paysage ou portrait\" \/>\n<meta name=\"twitter:description\" content=\"Forcez l&#039;orientation d&#039;\u00e9cran pour un affichage en mode paysage ou portrait sur votre appareil et vos applications sans root tr\u00e8s facilement !\" \/>\n<meta name=\"twitter:image\" content=\"https:\/\/scrat-tech.fr\/wp-content\/uploads\/2016\/10\/1.jpg\" \/>\n<meta name=\"twitter:site\" content=\"@SCRAT_Rider\" \/>\n<meta name=\"twitter:label1\" content=\"Est. reading time\" \/>\n\t<meta name=\"twitter:data1\" content=\"2 minutes\" \/>\n<script type=\"application\/ld+json\" class=\"yoast-schema-graph\">{\"@context\":\"https:\/\/schema.org\",\"@graph\":[{\"@type\":\"WebPage\",\"@id\":\"https:\/\/scrat-tech.fr\/en\/android\/force-android-screen-orientation\/\",\"url\":\"https:\/\/scrat-tech.fr\/en\/android\/force-android-screen-orientation\/\",\"name\":\"Forcer orientation d'\u00e9cran ANDROID | Mode paysage ou portrait\",\"isPartOf\":{\"@id\":\"https:\/\/scrat-tech.fr\/#website\"},\"primaryImageOfPage\":{\"@id\":\"https:\/\/scrat-tech.fr\/en\/android\/force-android-screen-orientation\/#primaryimage\"},\"image\":{\"@id\":\"https:\/\/scrat-tech.fr\/en\/android\/force-android-screen-orientation\/#primaryimage\"},\"thumbnailUrl\":\"https:\/\/scrat-tech.fr\/wp-content\/uploads\/2016\/10\/1.jpg\",\"datePublished\":\"2016-10-19T16:12:15+00:00\",\"dateModified\":\"2017-03-21T10:38:48+00:00\",\"description\":\"Forcez l'orientation d'\u00e9cran pour un affichage en mode paysage ou portrait sur votre appareil et vos applications sans root tr\u00e8s facilement !\",\"breadcrumb\":{\"@id\":\"https:\/\/scrat-tech.fr\/en\/android\/force-android-screen-orientation\/#breadcrumb\"},\"inLanguage\":\"en-US\",\"potentialAction\":[{\"@type\":\"ReadAction\",\"target\":[\"https:\/\/scrat-tech.fr\/en\/android\/force-android-screen-orientation\/\"]}]},{\"@type\":\"ImageObject\",\"inLanguage\":\"en-US\",\"@id\":\"https:\/\/scrat-tech.fr\/en\/android\/force-android-screen-orientation\/#primaryimage\",\"url\":\"https:\/\/scrat-tech.fr\/wp-content\/uploads\/2016\/10\/1.jpg\",\"contentUrl\":\"https:\/\/scrat-tech.fr\/wp-content\/uploads\/2016\/10\/1.jpg\",\"width\":1920,\"height\":1080,\"caption\":\"orientation d'\u00e9cran paysage portrait inclinaison rotation\"},{\"@type\":\"BreadcrumbList\",\"@id\":\"https:\/\/scrat-tech.fr\/en\/android\/force-android-screen-orientation\/#breadcrumb\",\"itemListElement\":[{\"@type\":\"ListItem\",\"position\":1,\"name\":\"Accueil\",\"item\":\"https:\/\/scrat-tech.fr\/\"},{\"@type\":\"ListItem\",\"position\":2,\"name\":\"Android\",\"item\":\"https:\/\/www.scrat-tech.fr\/en\/android\/\"},{\"@type\":\"ListItem\",\"position\":3,\"name\":\"Forcer orientation d&rsquo;\u00e9cran\"}]},{\"@type\":\"WebSite\",\"@id\":\"https:\/\/scrat-tech.fr\/#website\",\"url\":\"https:\/\/scrat-tech.fr\/\",\"name\":\"SCRAT\",\"description\":\"\",\"publisher\":{\"@id\":\"https:\/\/scrat-tech.fr\/#organization\"},\"potentialAction\":[{\"@type\":\"SearchAction\",\"target\":{\"@type\":\"EntryPoint\",\"urlTemplate\":\"https:\/\/scrat-tech.fr\/?s={search_term_string}\"},\"query-input\":{\"@type\":\"PropertyValueSpecification\",\"valueRequired\":true,\"valueName\":\"search_term_string\"}}],\"inLanguage\":\"en-US\"},{\"@type\":\"Organization\",\"@id\":\"https:\/\/scrat-tech.fr\/#organization\",\"name\":\"SCRAT\",\"url\":\"https:\/\/scrat-tech.fr\/\",\"logo\":{\"@type\":\"ImageObject\",\"inLanguage\":\"en-US\",\"@id\":\"https:\/\/scrat-tech.fr\/#\/schema\/logo\/image\/\",\"url\":\"https:\/\/scrat-tech.fr\/wp-content\/uploads\/2024\/10\/cropped-tuyu_monte.png\",\"contentUrl\":\"https:\/\/scrat-tech.fr\/wp-content\/uploads\/2024\/10\/cropped-tuyu_monte.png\",\"width\":512,\"height\":512,\"caption\":\"SCRAT\"},\"image\":{\"@id\":\"https:\/\/scrat-tech.fr\/#\/schema\/logo\/image\/\"},\"sameAs\":[\"https:\/\/www.facebook.com\/ScratRider\/\",\"https:\/\/x.com\/SCRAT_Rider\",\"https:\/\/instagram.com\/scrat_rider\",\"https:\/\/youtube.com\/c\/SCRAT\"]}]}<\/script>\n<!-- \/ Yoast SEO Premium plugin. -->","yoast_head_json":{"title":"Force screen orientation ANDROID | Landscape or portrait mode","description":"Force screen orientation to landscape or portrait display on your device and apps without root very easily!","robots":{"index":"index","follow":"follow","max-snippet":"max-snippet:-1","max-image-preview":"max-image-preview:large","max-video-preview":"max-video-preview:-1"},"canonical":"https:\/\/scrat-tech.fr\/en\/android\/force-android-screen-orientation\/","twitter_card":"summary_large_image","twitter_title":"Forcer orientation d'\u00e9cran ANDROID | Mode paysage ou portrait","twitter_description":"Forcez l'orientation d'\u00e9cran pour un affichage en mode paysage ou portrait sur votre appareil et vos applications sans root tr\u00e8s facilement !","twitter_image":"https:\/\/scrat-tech.fr\/wp-content\/uploads\/2016\/10\/1.jpg","twitter_site":"@SCRAT_Rider","twitter_misc":{"Est. reading time":"2 minutes"},"schema":{"@context":"https:\/\/schema.org","@graph":[{"@type":"WebPage","@id":"https:\/\/scrat-tech.fr\/en\/android\/force-android-screen-orientation\/","url":"https:\/\/scrat-tech.fr\/en\/android\/force-android-screen-orientation\/","name":"Force screen orientation ANDROID | Landscape or portrait mode","isPartOf":{"@id":"https:\/\/scrat-tech.fr\/#website"},"primaryImageOfPage":{"@id":"https:\/\/scrat-tech.fr\/en\/android\/force-android-screen-orientation\/#primaryimage"},"image":{"@id":"https:\/\/scrat-tech.fr\/en\/android\/force-android-screen-orientation\/#primaryimage"},"thumbnailUrl":"https:\/\/scrat-tech.fr\/wp-content\/uploads\/2016\/10\/1.jpg","datePublished":"2016-10-19T16:12:15+00:00","dateModified":"2017-03-21T10:38:48+00:00","description":"Force screen orientation to landscape or portrait display on your device and apps without root very easily!","breadcrumb":{"@id":"https:\/\/scrat-tech.fr\/en\/android\/force-android-screen-orientation\/#breadcrumb"},"inLanguage":"en-US","potentialAction":[{"@type":"ReadAction","target":["https:\/\/scrat-tech.fr\/en\/android\/force-android-screen-orientation\/"]}]},{"@type":"ImageObject","inLanguage":"en-US","@id":"https:\/\/scrat-tech.fr\/en\/android\/force-android-screen-orientation\/#primaryimage","url":"https:\/\/scrat-tech.fr\/wp-content\/uploads\/2016\/10\/1.jpg","contentUrl":"https:\/\/scrat-tech.fr\/wp-content\/uploads\/2016\/10\/1.jpg","width":1920,"height":1080,"caption":"orientation d'\u00e9cran paysage portrait inclinaison rotation"},{"@type":"BreadcrumbList","@id":"https:\/\/scrat-tech.fr\/en\/android\/force-android-screen-orientation\/#breadcrumb","itemListElement":[{"@type":"ListItem","position":1,"name":"Accueil","item":"https:\/\/scrat-tech.fr\/"},{"@type":"ListItem","position":2,"name":"Android","item":"https:\/\/www.scrat-tech.fr\/en\/android\/"},{"@type":"ListItem","position":3,"name":"Forcer orientation d&rsquo;\u00e9cran"}]},{"@type":"WebSite","@id":"https:\/\/scrat-tech.fr\/#website","url":"https:\/\/scrat-tech.fr\/","name":"SCRAT","description":"","publisher":{"@id":"https:\/\/scrat-tech.fr\/#organization"},"potentialAction":[{"@type":"SearchAction","target":{"@type":"EntryPoint","urlTemplate":"https:\/\/scrat-tech.fr\/?s={search_term_string}"},"query-input":{"@type":"PropertyValueSpecification","valueRequired":true,"valueName":"search_term_string"}}],"inLanguage":"en-US"},{"@type":"Organization","@id":"https:\/\/scrat-tech.fr\/#organization","name":"SCRAT","url":"https:\/\/scrat-tech.fr\/","logo":{"@type":"ImageObject","inLanguage":"en-US","@id":"https:\/\/scrat-tech.fr\/#\/schema\/logo\/image\/","url":"https:\/\/scrat-tech.fr\/wp-content\/uploads\/2024\/10\/cropped-tuyu_monte.png","contentUrl":"https:\/\/scrat-tech.fr\/wp-content\/uploads\/2024\/10\/cropped-tuyu_monte.png","width":512,"height":512,"caption":"SCRAT"},"image":{"@id":"https:\/\/scrat-tech.fr\/#\/schema\/logo\/image\/"},"sameAs":["https:\/\/www.facebook.com\/ScratRider\/","https:\/\/x.com\/SCRAT_Rider","https:\/\/instagram.com\/scrat_rider","https:\/\/youtube.com\/c\/SCRAT"]}]}},"_links":{"self":[{"href":"https:\/\/scrat-tech.fr\/en\/wp-json\/wp\/v2\/pages\/998","targetHints":{"allow":["GET"]}}],"collection":[{"href":"https:\/\/scrat-tech.fr\/en\/wp-json\/wp\/v2\/pages"}],"about":[{"href":"https:\/\/scrat-tech.fr\/en\/wp-json\/wp\/v2\/types\/page"}],"author":[{"embeddable":true,"href":"https:\/\/scrat-tech.fr\/en\/wp-json\/wp\/v2\/users\/2"}],"replies":[{"embeddable":true,"href":"https:\/\/scrat-tech.fr\/en\/wp-json\/wp\/v2\/comments?post=998"}],"version-history":[{"count":0,"href":"https:\/\/scrat-tech.fr\/en\/wp-json\/wp\/v2\/pages\/998\/revisions"}],"up":[{"embeddable":true,"href":"https:\/\/scrat-tech.fr\/en\/wp-json\/wp\/v2\/pages\/37"}],"wp:featuredmedia":[{"embeddable":true,"href":"https:\/\/scrat-tech.fr\/en\/wp-json\/wp\/v2\/media\/999"}],"wp:attachment":[{"href":"https:\/\/scrat-tech.fr\/en\/wp-json\/wp\/v2\/media?parent=998"}],"curies":[{"name":"wp","href":"https:\/\/api.w.org\/{rel}","templated":true}]}}