{"id":976,"date":"2016-10-09T11:14:16","date_gmt":"2016-10-09T09:14:16","guid":{"rendered":"https:\/?page_id=976"},"modified":"2017-03-21T15:04:45","modified_gmt":"2017-03-21T13:04:45","slug":"customize-led-notifications","status":"publish","type":"page","link":"https:\/\/scrat-tech.fr\/en\/android\/customize-led-notifications\/","title":{"rendered":"Customize the notification LED"},"content":{"rendered":"<h3 style=\"text-align: center;\"><strong>Customize your Android notification LED easily, without root, for every application!<\/strong><\/h3>\n<p style=\"text-align: left;\">Thanks to a simple, lightweight and free application, you can completely customize the notification LED on your Android device, smartphone or tablet.<\/p>\n<p style=\"text-align: center;\"><a href=\"http:\/\/www.youtube.com\/user\/game682400?sub_confirmation=1\" target=\"_blank\"><img decoding=\"async\" class=\"aligncenter wp-image-1766\" src=\"https:\/\/scrat-tech.fr\/wp-content\/uploads\/2016\/11\/abonnez-1024x283.jpg\" width=\"400\" height=\"110\" srcset=\"https:\/\/scrat-tech.fr\/wp-content\/uploads\/2016\/11\/abonnez-1024x283.jpg 1024w, https:\/\/scrat-tech.fr\/wp-content\/uploads\/2016\/11\/abonnez-600x166.jpg 600w, https:\/\/scrat-tech.fr\/wp-content\/uploads\/2016\/11\/abonnez-300x83.jpg 300w, https:\/\/scrat-tech.fr\/wp-content\/uploads\/2016\/11\/abonnez-768x212.jpg 768w, https:\/\/scrat-tech.fr\/wp-content\/uploads\/2016\/11\/abonnez.jpg 1631w\" sizes=\"(max-width: 400px) 100vw, 400px\" \/><\/a><em><span style=\"color: #808080;\">Click here to subscribe and support me, it costs you nothing and makes me happy \ud83d\ude42<\/span><\/em><\/p>\n<p style=\"text-align: left;\">Assign a different color and flash frequency for each application in no time at all. You have a huge choice of colors, with access to a complete palette of all possible colors (just don't choose a color that's too dark, like dark gray, or your LED will barely be visible).<br \/>\nSet the flashing interval of your LED in seconds, or simply leave it on permanently.<\/p>\n<p style=\"text-align: left;\">In addition to assigning these parameters to your applications, you can also program the LED to react according to certain events or parameters when they are activated. For example, you can set the LED to light up in a fixed color when you no longer have a network, wifi or mobile connection. Leave the LED on or flashing one color when airplane mode is activated, another color when Bluetooth is activated, the same for wifi...ect...<\/p>\n<p style=\"text-align: left;\">A cool setting lets you alternate the flashing of the notification LED. Normally, the LED only indicates the last notification received. If, for example, you've programmed a red flash for an SMS and a blue one for a missed call, and you get the SMS after the missed call, the LED will flash red only, but by activating the alternating mode it will flash red once, blue once. If you have more notifications, it will flash all colors!<\/p>\n<p style=\"text-align: left;\">It is of course possible to test each color by clicking on the \"Test\" button, and you will then be asked to lock your device if the LED does not light up when the screen is on.<\/p>\n<p style=\"text-align: left;\">If the application notification at the top of the screen bothers you, follow the steps shown in the video to deactivate it completely.<\/p>\n<p style=\"text-align: left;\"><strong>You'll need the Light Manager application, available from<a href=\"http:\/\/www.clictune.com\/id=712046\"> ICI<\/a>or simply follow the link in the video description on YouTube.<\/strong><\/p>\n<p><iframe width=\"800\" height=\"450\" src=\"https:\/\/www.youtube.com\/embed\/zCNpg5-yoQQ?feature=oembed\" frameborder=\"0\" allowfullscreen><\/iframe><\/p>","protected":false},"excerpt":{"rendered":"<p>Personnalisez votre LED de notifications sur Android tr\u00e8s facilement, sans root, pour chaque application ! Gr\u00e2ce \u00e0 une simple application tr\u00e8s l\u00e9g\u00e8re et gratuite, vous pourrez personnaliser compl\u00e8tement votre LED de notifications de votre appareil Android, smartphone ou tablette. Cliquez ici pour vous abonner et me soutenir, cela ne vous co\u00fbte rien et \u00e7a me [&hellip;]<\/p>","protected":false},"author":2,"featured_media":977,"parent":37,"menu_order":0,"comment_status":"closed","ping_status":"open","template":"","meta":{"footnotes":""},"class_list":["post-976","page","type-page","status-publish","has-post-thumbnail","hentry"],"yoast_head":"<!-- This site is optimized with the Yoast SEO Premium plugin v24.4 (Yoast SEO v24.4) - https:\/\/yoast.com\/wordpress\/plugins\/seo\/ -->\n<title>Personnaliser la LED de notifications ANDROID | SANS Root | TUTO<\/title>\n<meta name=\"description\" content=\"Personnalisez les couleurs et fr\u00e9quences de clignotements de votre LED de notifications pour vos diff\u00e9rentes application Android, sans root et facilement.\" \/>\n<meta name=\"robots\" content=\"index, follow, max-snippet:-1, max-image-preview:large, max-video-preview:-1\" \/>\n<link rel=\"canonical\" href=\"https:\/\/scrat-tech.fr\/en\/android\/customize-led-notifications\/\" \/>\n<meta name=\"twitter:card\" content=\"summary_large_image\" \/>\n<meta name=\"twitter:title\" content=\"Personnaliser la LED de notifications ANDROID | SANS Root | TUTO\" \/>\n<meta name=\"twitter:description\" content=\"Personnalisez les couleurs et fr\u00e9quences de clignotements de votre LED de notifications pour vos diff\u00e9rentes application Android, sans root et facilement.\" \/>\n<meta name=\"twitter:image\" content=\"https:\/\/scrat-tech.fr\/wp-content\/uploads\/2016\/10\/2.jpg\" \/>\n<meta name=\"twitter:site\" content=\"@SCRAT_Rider\" \/>\n<meta name=\"twitter:label1\" content=\"Est. reading time\" \/>\n\t<meta name=\"twitter:data1\" content=\"2 minutes\" \/>\n<script type=\"application\/ld+json\" class=\"yoast-schema-graph\">{\"@context\":\"https:\/\/schema.org\",\"@graph\":[{\"@type\":\"WebPage\",\"@id\":\"https:\/\/scrat-tech.fr\/android\/personnaliser-led-de-notifications\/\",\"url\":\"https:\/\/scrat-tech.fr\/android\/personnaliser-led-de-notifications\/\",\"name\":\"Personnaliser la LED de notifications ANDROID | SANS Root | TUTO\",\"isPartOf\":{\"@id\":\"https:\/\/scrat-tech.fr\/#website\"},\"primaryImageOfPage\":{\"@id\":\"https:\/\/scrat-tech.fr\/android\/personnaliser-led-de-notifications\/#primaryimage\"},\"image\":{\"@id\":\"https:\/\/scrat-tech.fr\/android\/personnaliser-led-de-notifications\/#primaryimage\"},\"thumbnailUrl\":\"https:\/\/scrat-tech.fr\/wp-content\/uploads\/2016\/10\/2.jpg\",\"datePublished\":\"2016-10-09T09:14:16+00:00\",\"dateModified\":\"2017-03-21T13:04:45+00:00\",\"description\":\"Personnalisez les couleurs et fr\u00e9quences de clignotements de votre LED de notifications pour vos diff\u00e9rentes application Android, sans root et facilement.\",\"breadcrumb\":{\"@id\":\"https:\/\/scrat-tech.fr\/android\/personnaliser-led-de-notifications\/#breadcrumb\"},\"inLanguage\":\"en-US\",\"potentialAction\":[{\"@type\":\"ReadAction\",\"target\":[\"https:\/\/scrat-tech.fr\/android\/personnaliser-led-de-notifications\/\"]}]},{\"@type\":\"ImageObject\",\"inLanguage\":\"en-US\",\"@id\":\"https:\/\/scrat-tech.fr\/android\/personnaliser-led-de-notifications\/#primaryimage\",\"url\":\"https:\/\/scrat-tech.fr\/wp-content\/uploads\/2016\/10\/2.jpg\",\"contentUrl\":\"https:\/\/scrat-tech.fr\/wp-content\/uploads\/2016\/10\/2.jpg\",\"width\":1920,\"height\":1080,\"caption\":\"led de notifications couleurs personnaliser led light manager\"},{\"@type\":\"BreadcrumbList\",\"@id\":\"https:\/\/scrat-tech.fr\/android\/personnaliser-led-de-notifications\/#breadcrumb\",\"itemListElement\":[{\"@type\":\"ListItem\",\"position\":1,\"name\":\"Accueil\",\"item\":\"https:\/\/scrat-tech.fr\/\"},{\"@type\":\"ListItem\",\"position\":2,\"name\":\"Android\",\"item\":\"https:\/\/www.scrat-tech.fr\/en\/android\/\"},{\"@type\":\"ListItem\",\"position\":3,\"name\":\"Personnaliser la LED de notifications\"}]},{\"@type\":\"WebSite\",\"@id\":\"https:\/\/scrat-tech.fr\/#website\",\"url\":\"https:\/\/scrat-tech.fr\/\",\"name\":\"SCRAT\",\"description\":\"\",\"publisher\":{\"@id\":\"https:\/\/scrat-tech.fr\/#organization\"},\"potentialAction\":[{\"@type\":\"SearchAction\",\"target\":{\"@type\":\"EntryPoint\",\"urlTemplate\":\"https:\/\/scrat-tech.fr\/?s={search_term_string}\"},\"query-input\":{\"@type\":\"PropertyValueSpecification\",\"valueRequired\":true,\"valueName\":\"search_term_string\"}}],\"inLanguage\":\"en-US\"},{\"@type\":\"Organization\",\"@id\":\"https:\/\/scrat-tech.fr\/#organization\",\"name\":\"SCRAT\",\"url\":\"https:\/\/scrat-tech.fr\/\",\"logo\":{\"@type\":\"ImageObject\",\"inLanguage\":\"en-US\",\"@id\":\"https:\/\/scrat-tech.fr\/#\/schema\/logo\/image\/\",\"url\":\"https:\/\/scrat-tech.fr\/wp-content\/uploads\/2024\/10\/cropped-tuyu_monte.png\",\"contentUrl\":\"https:\/\/scrat-tech.fr\/wp-content\/uploads\/2024\/10\/cropped-tuyu_monte.png\",\"width\":512,\"height\":512,\"caption\":\"SCRAT\"},\"image\":{\"@id\":\"https:\/\/scrat-tech.fr\/#\/schema\/logo\/image\/\"},\"sameAs\":[\"https:\/\/www.facebook.com\/ScratRider\/\",\"https:\/\/x.com\/SCRAT_Rider\",\"https:\/\/instagram.com\/scrat_rider\",\"https:\/\/youtube.com\/c\/SCRAT\"]}]}<\/script>\n<!-- \/ Yoast SEO Premium plugin. -->","yoast_head_json":{"title":"Customize LED notifications ANDROID | SANS Root | TUTO","description":"Customize the colors and flashing frequencies of your notification LED for your different Android applications, rootless and easily.","robots":{"index":"index","follow":"follow","max-snippet":"max-snippet:-1","max-image-preview":"max-image-preview:large","max-video-preview":"max-video-preview:-1"},"canonical":"https:\/\/scrat-tech.fr\/en\/android\/customize-led-notifications\/","twitter_card":"summary_large_image","twitter_title":"Personnaliser la LED de notifications ANDROID | SANS Root | TUTO","twitter_description":"Personnalisez les couleurs et fr\u00e9quences de clignotements de votre LED de notifications pour vos diff\u00e9rentes application Android, sans root et facilement.","twitter_image":"https:\/\/scrat-tech.fr\/wp-content\/uploads\/2016\/10\/2.jpg","twitter_site":"@SCRAT_Rider","twitter_misc":{"Est. reading time":"2 minutes"},"schema":{"@context":"https:\/\/schema.org","@graph":[{"@type":"WebPage","@id":"https:\/\/scrat-tech.fr\/android\/personnaliser-led-de-notifications\/","url":"https:\/\/scrat-tech.fr\/android\/personnaliser-led-de-notifications\/","name":"Customize LED notifications ANDROID | SANS Root | TUTO","isPartOf":{"@id":"https:\/\/scrat-tech.fr\/#website"},"primaryImageOfPage":{"@id":"https:\/\/scrat-tech.fr\/android\/personnaliser-led-de-notifications\/#primaryimage"},"image":{"@id":"https:\/\/scrat-tech.fr\/android\/personnaliser-led-de-notifications\/#primaryimage"},"thumbnailUrl":"https:\/\/scrat-tech.fr\/wp-content\/uploads\/2016\/10\/2.jpg","datePublished":"2016-10-09T09:14:16+00:00","dateModified":"2017-03-21T13:04:45+00:00","description":"Customize the colors and flashing frequencies of your notification LED for your different Android applications, rootless and easily.","breadcrumb":{"@id":"https:\/\/scrat-tech.fr\/android\/personnaliser-led-de-notifications\/#breadcrumb"},"inLanguage":"en-US","potentialAction":[{"@type":"ReadAction","target":["https:\/\/scrat-tech.fr\/android\/personnaliser-led-de-notifications\/"]}]},{"@type":"ImageObject","inLanguage":"en-US","@id":"https:\/\/scrat-tech.fr\/android\/personnaliser-led-de-notifications\/#primaryimage","url":"https:\/\/scrat-tech.fr\/wp-content\/uploads\/2016\/10\/2.jpg","contentUrl":"https:\/\/scrat-tech.fr\/wp-content\/uploads\/2016\/10\/2.jpg","width":1920,"height":1080,"caption":"led de notifications couleurs personnaliser led light manager"},{"@type":"BreadcrumbList","@id":"https:\/\/scrat-tech.fr\/android\/personnaliser-led-de-notifications\/#breadcrumb","itemListElement":[{"@type":"ListItem","position":1,"name":"Accueil","item":"https:\/\/scrat-tech.fr\/"},{"@type":"ListItem","position":2,"name":"Android","item":"https:\/\/www.scrat-tech.fr\/en\/android\/"},{"@type":"ListItem","position":3,"name":"Personnaliser la LED de notifications"}]},{"@type":"WebSite","@id":"https:\/\/scrat-tech.fr\/#website","url":"https:\/\/scrat-tech.fr\/","name":"SCRAT","description":"","publisher":{"@id":"https:\/\/scrat-tech.fr\/#organization"},"potentialAction":[{"@type":"SearchAction","target":{"@type":"EntryPoint","urlTemplate":"https:\/\/scrat-tech.fr\/?s={search_term_string}"},"query-input":{"@type":"PropertyValueSpecification","valueRequired":true,"valueName":"search_term_string"}}],"inLanguage":"en-US"},{"@type":"Organization","@id":"https:\/\/scrat-tech.fr\/#organization","name":"SCRAT","url":"https:\/\/scrat-tech.fr\/","logo":{"@type":"ImageObject","inLanguage":"en-US","@id":"https:\/\/scrat-tech.fr\/#\/schema\/logo\/image\/","url":"https:\/\/scrat-tech.fr\/wp-content\/uploads\/2024\/10\/cropped-tuyu_monte.png","contentUrl":"https:\/\/scrat-tech.fr\/wp-content\/uploads\/2024\/10\/cropped-tuyu_monte.png","width":512,"height":512,"caption":"SCRAT"},"image":{"@id":"https:\/\/scrat-tech.fr\/#\/schema\/logo\/image\/"},"sameAs":["https:\/\/www.facebook.com\/ScratRider\/","https:\/\/x.com\/SCRAT_Rider","https:\/\/instagram.com\/scrat_rider","https:\/\/youtube.com\/c\/SCRAT"]}]}},"_links":{"self":[{"href":"https:\/\/scrat-tech.fr\/en\/wp-json\/wp\/v2\/pages\/976","targetHints":{"allow":["GET"]}}],"collection":[{"href":"https:\/\/scrat-tech.fr\/en\/wp-json\/wp\/v2\/pages"}],"about":[{"href":"https:\/\/scrat-tech.fr\/en\/wp-json\/wp\/v2\/types\/page"}],"author":[{"embeddable":true,"href":"https:\/\/scrat-tech.fr\/en\/wp-json\/wp\/v2\/users\/2"}],"replies":[{"embeddable":true,"href":"https:\/\/scrat-tech.fr\/en\/wp-json\/wp\/v2\/comments?post=976"}],"version-history":[{"count":0,"href":"https:\/\/scrat-tech.fr\/en\/wp-json\/wp\/v2\/pages\/976\/revisions"}],"up":[{"embeddable":true,"href":"https:\/\/scrat-tech.fr\/en\/wp-json\/wp\/v2\/pages\/37"}],"wp:featuredmedia":[{"embeddable":true,"href":"https:\/\/scrat-tech.fr\/en\/wp-json\/wp\/v2\/media\/977"}],"wp:attachment":[{"href":"https:\/\/scrat-tech.fr\/en\/wp-json\/wp\/v2\/media?parent=976"}],"curies":[{"name":"wp","href":"https:\/\/api.w.org\/{rel}","templated":true}]}}