{"id":916,"date":"2016-10-01T17:43:39","date_gmt":"2016-10-01T15:43:39","guid":{"rendered":"https:\/?page_id=916"},"modified":"2017-03-22T16:46:45","modified_gmt":"2017-03-22T14:46:45","slug":"use-smartphone-webcam-pc","status":"publish","type":"page","link":"https:\/\/scrat-tech.fr\/en\/windows\/use-smartphone-webcam-pc\/","title":{"rendered":"Use your smartphone as a WebCam on PC"},"content":{"rendered":"<h3 style=\"text-align: center;\"><strong>You don&#039;t have a WebCam on your PC and don&#039;t want to buy one? Then use your phone or tablet as a WebCam on your PC!<\/strong><\/h3>\n<p style=\"text-align: left;\">For this tip we will use a simple application, free of course (<em>There is a PRO version which allows access to some additional options<\/em>) that we will need to install on our phone or tablet that we want to use as a WebCam, as well as a small, very light software that goes with it.<\/p>\n<p style=\"text-align: center;\"><a href=\"http:\/\/www.youtube.com\/user\/game682400?sub_confirmation=1\" target=\"_blank\"><img decoding=\"async\" class=\"aligncenter wp-image-1766\" src=\"https:\/\/scrat-tech.fr\/wp-content\/uploads\/2016\/11\/abonnez-1024x283.jpg\" width=\"400\" height=\"110\" srcset=\"https:\/\/scrat-tech.fr\/wp-content\/uploads\/2016\/11\/abonnez-1024x283.jpg 1024w, https:\/\/scrat-tech.fr\/wp-content\/uploads\/2016\/11\/abonnez-600x166.jpg 600w, https:\/\/scrat-tech.fr\/wp-content\/uploads\/2016\/11\/abonnez-300x83.jpg 300w, https:\/\/scrat-tech.fr\/wp-content\/uploads\/2016\/11\/abonnez-768x212.jpg 768w, https:\/\/scrat-tech.fr\/wp-content\/uploads\/2016\/11\/abonnez.jpg 1631w\" sizes=\"(max-width: 400px) 100vw, 400px\" \/><\/a><em><span style=\"color: #808080;\">Click here to subscribe and support me, it costs you nothing and makes me happy \ud83d\ude42<\/span><\/em><\/p>\n<p style=\"text-align: left;\">A big positive point is that the connection is wireless between your Android and your PC! It is obviously possible to make the connection by a USB cable if you prefer. In both cases you will have the same image quality, there may just be some losses via the wireless connection.<\/p>\n<p style=\"text-align: left;\">The rear camera and not the front one will be used in order to have better quality.<\/p>\n<p style=\"text-align: left;\">Once the connection is established between the software and the application, the device will display a preview on the screen of what it is filming, you will also find this preview on the software on the PC in real time. Now your Android is considered as a WebCam by your computer, so you can use it on all programs or websites that support WebCams (Facebook, Facebook Messenger, Skype, Action!, Nvidia Geforce Experience....).<\/p>\n<p style=\"text-align: left;\">You will find some settings available on the free version, to have all the settings you will need to purchase the PRO version for a few Euros, but if your goal is simply to have a classic WebCam without necessarily having to tinker with it, the free version is more than enough.<\/p>\n<p style=\"text-align: left;\"><strong>You will need the Android app which can be downloaded at <a href=\"http:\/\/www.clictune.com\/id=685000\" target=\"_blank\">THIS ADDRESS<\/a>, as well as small software for your PC <a href=\"http:\/\/www.clictune.com\/id=685001\" target=\"_blank\">ICI<\/a>, or simply by following the links in the video description on YouTube.<\/strong><\/p>\n<p><iframe width=\"800\" height=\"450\" src=\"https:\/\/www.youtube.com\/embed\/iTSJ_In0Wdo?feature=oembed\" frameborder=\"0\" allowfullscreen><\/iframe><\/p>","protected":false},"excerpt":{"rendered":"<p>Vous n&rsquo;avez pas de WebCam sur votre PC et n&rsquo;avez pas envie d&rsquo;en acheter une ? Utilisez donc votre t\u00e9l\u00e9phone ou tablette en tant que WebCam sur votre PC ! Pour cette astuce nous utiliserons une simple application, gratuite \u00e9videment (il existe une version PRO qui permet d&rsquo;acc\u00e9der \u00e0 quelques options suppl\u00e9mentaires) qu&rsquo;il faudra installer [&hellip;]<\/p>","protected":false},"author":2,"featured_media":917,"parent":40,"menu_order":0,"comment_status":"closed","ping_status":"open","template":"","meta":{"footnotes":""},"class_list":["post-916","page","type-page","status-publish","has-post-thumbnail","hentry"],"yoast_head":"<!-- This site is optimized with the Yoast SEO Premium plugin v24.4 (Yoast SEO v24.4) - https:\/\/yoast.com\/wordpress\/plugins\/seo\/ -->\n<title>Utiliser son smartphone comme WebCam sur PC sans fil | TUTO<\/title>\n<meta name=\"description\" content=\"Faites de votre smartphone ou tablette une WebCam pour votre PC tr\u00e8s simplement gr\u00e2ce \u00e0 cette petite astuce ! Le tout sans fil et en bonne qualit\u00e9.\" \/>\n<meta name=\"robots\" content=\"index, follow, max-snippet:-1, max-image-preview:large, max-video-preview:-1\" \/>\n<link rel=\"canonical\" href=\"https:\/\/scrat-tech.fr\/en\/windows\/use-smartphone-webcam-pc\/\" \/>\n<meta name=\"twitter:card\" content=\"summary_large_image\" \/>\n<meta name=\"twitter:title\" content=\"Utiliser son smartphone comme WebCam sur PC sans fil | TUTO\" \/>\n<meta name=\"twitter:description\" content=\"Faites de votre smartphone ou tablette une WebCam pour votre PC tr\u00e8s simplement gr\u00e2ce \u00e0 cette petite astuce ! Le tout sans fil et en bonne qualit\u00e9.\" \/>\n<meta name=\"twitter:image\" content=\"https:\/\/scrat-tech.fr\/wp-content\/uploads\/2016\/10\/tem.jpg\" \/>\n<meta name=\"twitter:site\" content=\"@SCRAT_Rider\" \/>\n<meta name=\"twitter:label1\" content=\"Est. reading time\" \/>\n\t<meta name=\"twitter:data1\" content=\"2 minutes\" \/>\n<script type=\"application\/ld+json\" class=\"yoast-schema-graph\">{\"@context\":\"https:\/\/schema.org\",\"@graph\":[{\"@type\":\"WebPage\",\"@id\":\"https:\/\/scrat-tech.fr\/windows\/utiliser-smartphone-webcam-pc\/\",\"url\":\"https:\/\/scrat-tech.fr\/windows\/utiliser-smartphone-webcam-pc\/\",\"name\":\"Utiliser son smartphone comme WebCam sur PC sans fil | TUTO\",\"isPartOf\":{\"@id\":\"https:\/\/scrat-tech.fr\/#website\"},\"primaryImageOfPage\":{\"@id\":\"https:\/\/scrat-tech.fr\/windows\/utiliser-smartphone-webcam-pc\/#primaryimage\"},\"image\":{\"@id\":\"https:\/\/scrat-tech.fr\/windows\/utiliser-smartphone-webcam-pc\/#primaryimage\"},\"thumbnailUrl\":\"https:\/\/scrat-tech.fr\/wp-content\/uploads\/2016\/10\/tem.jpg\",\"datePublished\":\"2016-10-01T15:43:39+00:00\",\"dateModified\":\"2017-03-22T14:46:45+00:00\",\"description\":\"Faites de votre smartphone ou tablette une WebCam pour votre PC tr\u00e8s simplement gr\u00e2ce \u00e0 cette petite astuce ! Le tout sans fil et en bonne qualit\u00e9.\",\"breadcrumb\":{\"@id\":\"https:\/\/scrat-tech.fr\/windows\/utiliser-smartphone-webcam-pc\/#breadcrumb\"},\"inLanguage\":\"en-US\",\"potentialAction\":[{\"@type\":\"ReadAction\",\"target\":[\"https:\/\/scrat-tech.fr\/windows\/utiliser-smartphone-webcam-pc\/\"]}]},{\"@type\":\"ImageObject\",\"inLanguage\":\"en-US\",\"@id\":\"https:\/\/scrat-tech.fr\/windows\/utiliser-smartphone-webcam-pc\/#primaryimage\",\"url\":\"https:\/\/scrat-tech.fr\/wp-content\/uploads\/2016\/10\/tem.jpg\",\"contentUrl\":\"https:\/\/scrat-tech.fr\/wp-content\/uploads\/2016\/10\/tem.jpg\",\"width\":1920,\"height\":1080,\"caption\":\"webcam smartphone pc sans fil utiliser\"},{\"@type\":\"BreadcrumbList\",\"@id\":\"https:\/\/scrat-tech.fr\/windows\/utiliser-smartphone-webcam-pc\/#breadcrumb\",\"itemListElement\":[{\"@type\":\"ListItem\",\"position\":1,\"name\":\"Accueil\",\"item\":\"https:\/\/scrat-tech.fr\/\"},{\"@type\":\"ListItem\",\"position\":2,\"name\":\"Windows\",\"item\":\"https:\/\/scrat-tech.fr\/en\/windows\/\"},{\"@type\":\"ListItem\",\"position\":3,\"name\":\"Utiliser son smartphone comme WebCam sur PC\"}]},{\"@type\":\"WebSite\",\"@id\":\"https:\/\/scrat-tech.fr\/#website\",\"url\":\"https:\/\/scrat-tech.fr\/\",\"name\":\"SCRAT\",\"description\":\"\",\"publisher\":{\"@id\":\"https:\/\/scrat-tech.fr\/#organization\"},\"potentialAction\":[{\"@type\":\"SearchAction\",\"target\":{\"@type\":\"EntryPoint\",\"urlTemplate\":\"https:\/\/scrat-tech.fr\/?s={search_term_string}\"},\"query-input\":{\"@type\":\"PropertyValueSpecification\",\"valueRequired\":true,\"valueName\":\"search_term_string\"}}],\"inLanguage\":\"en-US\"},{\"@type\":\"Organization\",\"@id\":\"https:\/\/scrat-tech.fr\/#organization\",\"name\":\"SCRAT\",\"url\":\"https:\/\/scrat-tech.fr\/\",\"logo\":{\"@type\":\"ImageObject\",\"inLanguage\":\"en-US\",\"@id\":\"https:\/\/scrat-tech.fr\/#\/schema\/logo\/image\/\",\"url\":\"https:\/\/scrat-tech.fr\/wp-content\/uploads\/2024\/10\/cropped-tuyu_monte.png\",\"contentUrl\":\"https:\/\/scrat-tech.fr\/wp-content\/uploads\/2024\/10\/cropped-tuyu_monte.png\",\"width\":512,\"height\":512,\"caption\":\"SCRAT\"},\"image\":{\"@id\":\"https:\/\/scrat-tech.fr\/#\/schema\/logo\/image\/\"},\"sameAs\":[\"https:\/\/www.facebook.com\/ScratRider\/\",\"https:\/\/x.com\/SCRAT_Rider\",\"https:\/\/instagram.com\/scrat_rider\",\"https:\/\/youtube.com\/c\/SCRAT\"]}]}<\/script>\n<!-- \/ Yoast SEO Premium plugin. -->","yoast_head_json":{"title":"Use your smartphone as a wireless WebCam on PC | TUTORIAL","description":"Turn your smartphone or tablet into a WebCam for your PC very simply with this little trick! All wireless and in good quality.","robots":{"index":"index","follow":"follow","max-snippet":"max-snippet:-1","max-image-preview":"max-image-preview:large","max-video-preview":"max-video-preview:-1"},"canonical":"https:\/\/scrat-tech.fr\/en\/windows\/use-smartphone-webcam-pc\/","twitter_card":"summary_large_image","twitter_title":"Utiliser son smartphone comme WebCam sur PC sans fil | TUTO","twitter_description":"Faites de votre smartphone ou tablette une WebCam pour votre PC tr\u00e8s simplement gr\u00e2ce \u00e0 cette petite astuce ! Le tout sans fil et en bonne qualit\u00e9.","twitter_image":"https:\/\/scrat-tech.fr\/wp-content\/uploads\/2016\/10\/tem.jpg","twitter_site":"@SCRAT_Rider","twitter_misc":{"Est. reading time":"2 minutes"},"schema":{"@context":"https:\/\/schema.org","@graph":[{"@type":"WebPage","@id":"https:\/\/scrat-tech.fr\/windows\/utiliser-smartphone-webcam-pc\/","url":"https:\/\/scrat-tech.fr\/windows\/utiliser-smartphone-webcam-pc\/","name":"Use your smartphone as a wireless WebCam on PC | TUTORIAL","isPartOf":{"@id":"https:\/\/scrat-tech.fr\/#website"},"primaryImageOfPage":{"@id":"https:\/\/scrat-tech.fr\/windows\/utiliser-smartphone-webcam-pc\/#primaryimage"},"image":{"@id":"https:\/\/scrat-tech.fr\/windows\/utiliser-smartphone-webcam-pc\/#primaryimage"},"thumbnailUrl":"https:\/\/scrat-tech.fr\/wp-content\/uploads\/2016\/10\/tem.jpg","datePublished":"2016-10-01T15:43:39+00:00","dateModified":"2017-03-22T14:46:45+00:00","description":"Turn your smartphone or tablet into a WebCam for your PC very simply with this little trick! All wireless and in good quality.","breadcrumb":{"@id":"https:\/\/scrat-tech.fr\/windows\/utiliser-smartphone-webcam-pc\/#breadcrumb"},"inLanguage":"en-US","potentialAction":[{"@type":"ReadAction","target":["https:\/\/scrat-tech.fr\/windows\/utiliser-smartphone-webcam-pc\/"]}]},{"@type":"ImageObject","inLanguage":"en-US","@id":"https:\/\/scrat-tech.fr\/windows\/utiliser-smartphone-webcam-pc\/#primaryimage","url":"https:\/\/scrat-tech.fr\/wp-content\/uploads\/2016\/10\/tem.jpg","contentUrl":"https:\/\/scrat-tech.fr\/wp-content\/uploads\/2016\/10\/tem.jpg","width":1920,"height":1080,"caption":"webcam smartphone pc sans fil utiliser"},{"@type":"BreadcrumbList","@id":"https:\/\/scrat-tech.fr\/windows\/utiliser-smartphone-webcam-pc\/#breadcrumb","itemListElement":[{"@type":"ListItem","position":1,"name":"Accueil","item":"https:\/\/scrat-tech.fr\/"},{"@type":"ListItem","position":2,"name":"Windows","item":"https:\/\/scrat-tech.fr\/en\/windows\/"},{"@type":"ListItem","position":3,"name":"Utiliser son smartphone comme WebCam sur PC"}]},{"@type":"WebSite","@id":"https:\/\/scrat-tech.fr\/#website","url":"https:\/\/scrat-tech.fr\/","name":"SCRAT","description":"","publisher":{"@id":"https:\/\/scrat-tech.fr\/#organization"},"potentialAction":[{"@type":"SearchAction","target":{"@type":"EntryPoint","urlTemplate":"https:\/\/scrat-tech.fr\/?s={search_term_string}"},"query-input":{"@type":"PropertyValueSpecification","valueRequired":true,"valueName":"search_term_string"}}],"inLanguage":"en-US"},{"@type":"Organization","@id":"https:\/\/scrat-tech.fr\/#organization","name":"SCRAT","url":"https:\/\/scrat-tech.fr\/","logo":{"@type":"ImageObject","inLanguage":"en-US","@id":"https:\/\/scrat-tech.fr\/#\/schema\/logo\/image\/","url":"https:\/\/scrat-tech.fr\/wp-content\/uploads\/2024\/10\/cropped-tuyu_monte.png","contentUrl":"https:\/\/scrat-tech.fr\/wp-content\/uploads\/2024\/10\/cropped-tuyu_monte.png","width":512,"height":512,"caption":"SCRAT"},"image":{"@id":"https:\/\/scrat-tech.fr\/#\/schema\/logo\/image\/"},"sameAs":["https:\/\/www.facebook.com\/ScratRider\/","https:\/\/x.com\/SCRAT_Rider","https:\/\/instagram.com\/scrat_rider","https:\/\/youtube.com\/c\/SCRAT"]}]}},"_links":{"self":[{"href":"https:\/\/scrat-tech.fr\/en\/wp-json\/wp\/v2\/pages\/916","targetHints":{"allow":["GET"]}}],"collection":[{"href":"https:\/\/scrat-tech.fr\/en\/wp-json\/wp\/v2\/pages"}],"about":[{"href":"https:\/\/scrat-tech.fr\/en\/wp-json\/wp\/v2\/types\/page"}],"author":[{"embeddable":true,"href":"https:\/\/scrat-tech.fr\/en\/wp-json\/wp\/v2\/users\/2"}],"replies":[{"embeddable":true,"href":"https:\/\/scrat-tech.fr\/en\/wp-json\/wp\/v2\/comments?post=916"}],"version-history":[{"count":0,"href":"https:\/\/scrat-tech.fr\/en\/wp-json\/wp\/v2\/pages\/916\/revisions"}],"up":[{"embeddable":true,"href":"https:\/\/scrat-tech.fr\/en\/wp-json\/wp\/v2\/pages\/40"}],"wp:featuredmedia":[{"embeddable":true,"href":"https:\/\/scrat-tech.fr\/en\/wp-json\/wp\/v2\/media\/917"}],"wp:attachment":[{"href":"https:\/\/scrat-tech.fr\/en\/wp-json\/wp\/v2\/media?parent=916"}],"curies":[{"name":"wp","href":"https:\/\/api.w.org\/{rel}","templated":true}]}}