{"id":883,"date":"2016-09-25T10:58:19","date_gmt":"2016-09-25T08:58:19","guid":{"rendered":"https:\/?page_id=883"},"modified":"2017-03-22T16:24:16","modified_gmt":"2017-03-22T14:24:16","slug":"send-sms-pc-software","status":"publish","type":"page","link":"https:\/\/scrat-tech.fr\/en\/windows\/send-sms-pc-software\/","title":{"rendered":"SMS from PC WITHOUT SOFTWARE"},"content":{"rendered":"<h3 style=\"text-align: center;\"><strong>Sending and receiving your SMS and MMS from your PC without touching your phone is possible, all without software, a simple internet browser is enough!<\/strong><\/h3>\n<p style=\"text-align: left;\">This method also works for tablets, in the video I show how to proceed to send SMS from the PC but by clicking on the tablet icon of the application you will have another link to follow from your tablet and the principle remains the same.<\/p>\n<p style=\"text-align: center;\"><a href=\"http:\/\/www.youtube.com\/user\/game682400?sub_confirmation=1\" target=\"_blank\"><img decoding=\"async\" class=\"aligncenter wp-image-1766\" src=\"https:\/\/scrat-tech.fr\/wp-content\/uploads\/2016\/11\/abonnez-1024x283.jpg\" width=\"400\" height=\"110\" srcset=\"https:\/\/scrat-tech.fr\/wp-content\/uploads\/2016\/11\/abonnez-1024x283.jpg 1024w, https:\/\/scrat-tech.fr\/wp-content\/uploads\/2016\/11\/abonnez-600x166.jpg 600w, https:\/\/scrat-tech.fr\/wp-content\/uploads\/2016\/11\/abonnez-300x83.jpg 300w, https:\/\/scrat-tech.fr\/wp-content\/uploads\/2016\/11\/abonnez-768x212.jpg 768w, https:\/\/scrat-tech.fr\/wp-content\/uploads\/2016\/11\/abonnez.jpg 1631w\" sizes=\"(max-width: 400px) 100vw, 400px\" \/><\/a><em><span style=\"color: #808080;\">Click here to subscribe and support me, it costs you nothing and makes me happy \ud83d\ude42<\/span><\/em><\/p>\n<p style=\"text-align: left;\">We will use MightyText, a free Android application (with a PRO version that can be purchased but is not necessary to do what is shown in the video), which, once attached to a certain web page in your browser (<em>so no software required<\/em>), will allow you to freely exchange your SMS and MMS.<\/p>\n<p style=\"text-align: left;\">For this to work you will need a Google account, in any case if you have managed to download the application you have one! When you first launch MightyText, you will be asked to select the Google account to use and to authorize the application to access your SMS, contacts and make calls. Once this is done, all you have to do is access the web page that is displayed on the screen and log in with the same Google account that you selected on the app.<\/p>\n<p style=\"text-align: left;\">When you first access it, you have to wait a few minutes for everything to be set up.<\/p>\n<p style=\"text-align: left;\">You can then instantly send and receive your SMS, MMS and send. A keyboard with IOS Emojis is integrated. All your MMS are stored on a tab and you can view or download them in good quality. It is possible to schedule messages. You can dial a number that will then be called from your smartphone. The list of your contacts is also present.<\/p>\n<p style=\"text-align: left;\">As for the rest, I&#039;ll let you discover the site for yourself.<\/p>\n<p style=\"text-align: left;\"><strong>You can download MightyText by clicking <a href=\"http:\/\/www.clictune.com\/id=697549\" target=\"_blank\">ICI<\/a>, or simply by following the link in the video description on YouTube. You will then need to go to <a href=\"http:\/\/www.clictune.com\/id=697550\" target=\"_blank\">THIS ADDRESS<\/a>\u00a0to access your SMS.<\/strong><\/p>\n<p><iframe width=\"800\" height=\"450\" src=\"https:\/\/www.youtube.com\/embed\/BDI6hvXGNbw?feature=oembed\" frameborder=\"0\" allowfullscreen><\/iframe><\/p>","protected":false},"excerpt":{"rendered":"<p>Sending and receiving your SMS and MMS from your PC without touching your phone is possible, all without software, a simple internet browser is enough! This method also works for tablets, in the video I show how to proceed to send SMS from the PC but by clicking on the tablet icon of [\u2026]<\/p>","protected":false},"author":2,"featured_media":884,"parent":40,"menu_order":0,"comment_status":"closed","ping_status":"open","template":"","meta":{"footnotes":""},"class_list":["post-883","page","type-page","status-publish","has-post-thumbnail","hentry"],"yoast_head":"<!-- This site is optimized with the Yoast SEO Premium plugin v24.4 (Yoast SEO v24.4) - https:\/\/yoast.com\/wordpress\/plugins\/seo\/ -->\n<title>SMS depuis un PC SANS LOGICIEL | Envoyer et recevoir - GRATUIT<\/title>\n<meta name=\"description\" content=\"Envoyer et recevoir vos SMS et MMS depuis votre PC sans toucher \u00e0 votre t\u00e9l\u00e9phone, le tout sans logiciel c&#039;est possible, un simple navigateur suffit !\" \/>\n<meta name=\"robots\" content=\"index, follow, max-snippet:-1, max-image-preview:large, max-video-preview:-1\" \/>\n<link rel=\"canonical\" href=\"https:\/\/scrat-tech.fr\/en\/windows\/send-sms-pc-software\/\" \/>\n<meta name=\"twitter:card\" content=\"summary_large_image\" \/>\n<meta name=\"twitter:title\" content=\"SMS depuis un PC SANS LOGICIEL | Envoyer et recevoir - GRATUIT\" \/>\n<meta name=\"twitter:description\" content=\"Envoyer et recevoir vos SMS et MMS depuis votre PC sans toucher \u00e0 votre t\u00e9l\u00e9phone, le tout sans logiciel c&#039;est possible, un simple navigateur suffit !\" \/>\n<meta name=\"twitter:image\" content=\"https:\/\/scrat-tech.fr\/wp-content\/uploads\/2016\/09\/1-1.jpg\" \/>\n<meta name=\"twitter:site\" content=\"@SCRAT_Rider\" \/>\n<meta name=\"twitter:label1\" content=\"Est. reading time\" \/>\n\t<meta name=\"twitter:data1\" content=\"2 minutes\" \/>\n<script type=\"application\/ld+json\" class=\"yoast-schema-graph\">{\"@context\":\"https:\/\/schema.org\",\"@graph\":[{\"@type\":\"WebPage\",\"@id\":\"https:\/\/scrat-tech.fr\/en\/windows\/send-sms-pc-software\/\",\"url\":\"https:\/\/scrat-tech.fr\/en\/windows\/send-sms-pc-software\/\",\"name\":\"SMS depuis un PC SANS LOGICIEL | Envoyer et recevoir - GRATUIT\",\"isPartOf\":{\"@id\":\"https:\/\/scrat-tech.fr\/#website\"},\"primaryImageOfPage\":{\"@id\":\"https:\/\/scrat-tech.fr\/en\/windows\/send-sms-pc-software\/#primaryimage\"},\"image\":{\"@id\":\"https:\/\/scrat-tech.fr\/en\/windows\/send-sms-pc-software\/#primaryimage\"},\"thumbnailUrl\":\"https:\/\/scrat-tech.fr\/wp-content\/uploads\/2016\/09\/1-1.jpg\",\"datePublished\":\"2016-09-25T08:58:19+00:00\",\"dateModified\":\"2017-03-22T14:24:16+00:00\",\"description\":\"Envoyer et recevoir vos SMS et MMS depuis votre PC sans toucher \u00e0 votre t\u00e9l\u00e9phone, le tout sans logiciel c'est possible, un simple navigateur suffit !\",\"breadcrumb\":{\"@id\":\"https:\/\/scrat-tech.fr\/en\/windows\/send-sms-pc-software\/#breadcrumb\"},\"inLanguage\":\"en-US\",\"potentialAction\":[{\"@type\":\"ReadAction\",\"target\":[\"https:\/\/scrat-tech.fr\/en\/windows\/send-sms-pc-software\/\"]}]},{\"@type\":\"ImageObject\",\"inLanguage\":\"en-US\",\"@id\":\"https:\/\/scrat-tech.fr\/en\/windows\/send-sms-pc-software\/#primaryimage\",\"url\":\"https:\/\/scrat-tech.fr\/wp-content\/uploads\/2016\/09\/1-1.jpg\",\"contentUrl\":\"https:\/\/scrat-tech.fr\/wp-content\/uploads\/2016\/09\/1-1.jpg\",\"width\":1920,\"height\":1080,\"caption\":\"sms pc envoyer recevoir logiciel\"},{\"@type\":\"BreadcrumbList\",\"@id\":\"https:\/\/scrat-tech.fr\/en\/windows\/send-sms-pc-software\/#breadcrumb\",\"itemListElement\":[{\"@type\":\"ListItem\",\"position\":1,\"name\":\"Accueil\",\"item\":\"https:\/\/scrat-tech.fr\/\"},{\"@type\":\"ListItem\",\"position\":2,\"name\":\"Windows\",\"item\":\"https:\/\/scrat-tech.fr\/en\/windows\/\"},{\"@type\":\"ListItem\",\"position\":3,\"name\":\"SMS depuis un PC SANS LOGICIEL\"}]},{\"@type\":\"WebSite\",\"@id\":\"https:\/\/scrat-tech.fr\/#website\",\"url\":\"https:\/\/scrat-tech.fr\/\",\"name\":\"SCRAT\",\"description\":\"\",\"publisher\":{\"@id\":\"https:\/\/scrat-tech.fr\/#organization\"},\"potentialAction\":[{\"@type\":\"SearchAction\",\"target\":{\"@type\":\"EntryPoint\",\"urlTemplate\":\"https:\/\/scrat-tech.fr\/?s={search_term_string}\"},\"query-input\":{\"@type\":\"PropertyValueSpecification\",\"valueRequired\":true,\"valueName\":\"search_term_string\"}}],\"inLanguage\":\"en-US\"},{\"@type\":\"Organization\",\"@id\":\"https:\/\/scrat-tech.fr\/#organization\",\"name\":\"SCRAT\",\"url\":\"https:\/\/scrat-tech.fr\/\",\"logo\":{\"@type\":\"ImageObject\",\"inLanguage\":\"en-US\",\"@id\":\"https:\/\/scrat-tech.fr\/#\/schema\/logo\/image\/\",\"url\":\"https:\/\/scrat-tech.fr\/wp-content\/uploads\/2024\/10\/cropped-tuyu_monte.png\",\"contentUrl\":\"https:\/\/scrat-tech.fr\/wp-content\/uploads\/2024\/10\/cropped-tuyu_monte.png\",\"width\":512,\"height\":512,\"caption\":\"SCRAT\"},\"image\":{\"@id\":\"https:\/\/scrat-tech.fr\/#\/schema\/logo\/image\/\"},\"sameAs\":[\"https:\/\/www.facebook.com\/ScratRider\/\",\"https:\/\/x.com\/SCRAT_Rider\",\"https:\/\/instagram.com\/scrat_rider\",\"https:\/\/youtube.com\/c\/SCRAT\"]}]}<\/script>\n<!-- \/ Yoast SEO Premium plugin. -->","yoast_head_json":{"title":"SMS from PC WITHOUT SOFTWARE | Send and Receive - FREE","description":"Send and receive your SMS and MMS from your PC without touching your phone, all without software, it&#039;s possible, a simple browser is enough!","robots":{"index":"index","follow":"follow","max-snippet":"max-snippet:-1","max-image-preview":"max-image-preview:large","max-video-preview":"max-video-preview:-1"},"canonical":"https:\/\/scrat-tech.fr\/en\/windows\/send-sms-pc-software\/","twitter_card":"summary_large_image","twitter_title":"SMS depuis un PC SANS LOGICIEL | Envoyer et recevoir - GRATUIT","twitter_description":"Envoyer et recevoir vos SMS et MMS depuis votre PC sans toucher \u00e0 votre t\u00e9l\u00e9phone, le tout sans logiciel c'est possible, un simple navigateur suffit !","twitter_image":"https:\/\/scrat-tech.fr\/wp-content\/uploads\/2016\/09\/1-1.jpg","twitter_site":"@SCRAT_Rider","twitter_misc":{"Est. reading time":"2 minutes"},"schema":{"@context":"https:\/\/schema.org","@graph":[{"@type":"WebPage","@id":"https:\/\/scrat-tech.fr\/en\/windows\/send-sms-pc-software\/","url":"https:\/\/scrat-tech.fr\/en\/windows\/send-sms-pc-software\/","name":"SMS from PC WITHOUT SOFTWARE | Send and Receive - FREE","isPartOf":{"@id":"https:\/\/scrat-tech.fr\/#website"},"primaryImageOfPage":{"@id":"https:\/\/scrat-tech.fr\/en\/windows\/send-sms-pc-software\/#primaryimage"},"image":{"@id":"https:\/\/scrat-tech.fr\/en\/windows\/send-sms-pc-software\/#primaryimage"},"thumbnailUrl":"https:\/\/scrat-tech.fr\/wp-content\/uploads\/2016\/09\/1-1.jpg","datePublished":"2016-09-25T08:58:19+00:00","dateModified":"2017-03-22T14:24:16+00:00","description":"Send and receive your SMS and MMS from your PC without touching your phone, all without software, it&#039;s possible, a simple browser is enough!","breadcrumb":{"@id":"https:\/\/scrat-tech.fr\/en\/windows\/send-sms-pc-software\/#breadcrumb"},"inLanguage":"en-US","potentialAction":[{"@type":"ReadAction","target":["https:\/\/scrat-tech.fr\/en\/windows\/send-sms-pc-software\/"]}]},{"@type":"ImageObject","inLanguage":"en-US","@id":"https:\/\/scrat-tech.fr\/en\/windows\/send-sms-pc-software\/#primaryimage","url":"https:\/\/scrat-tech.fr\/wp-content\/uploads\/2016\/09\/1-1.jpg","contentUrl":"https:\/\/scrat-tech.fr\/wp-content\/uploads\/2016\/09\/1-1.jpg","width":1920,"height":1080,"caption":"sms pc envoyer recevoir logiciel"},{"@type":"BreadcrumbList","@id":"https:\/\/scrat-tech.fr\/en\/windows\/send-sms-pc-software\/#breadcrumb","itemListElement":[{"@type":"ListItem","position":1,"name":"Accueil","item":"https:\/\/scrat-tech.fr\/"},{"@type":"ListItem","position":2,"name":"Windows","item":"https:\/\/scrat-tech.fr\/en\/windows\/"},{"@type":"ListItem","position":3,"name":"SMS depuis un PC SANS LOGICIEL"}]},{"@type":"WebSite","@id":"https:\/\/scrat-tech.fr\/#website","url":"https:\/\/scrat-tech.fr\/","name":"SCRAT","description":"","publisher":{"@id":"https:\/\/scrat-tech.fr\/#organization"},"potentialAction":[{"@type":"SearchAction","target":{"@type":"EntryPoint","urlTemplate":"https:\/\/scrat-tech.fr\/?s={search_term_string}"},"query-input":{"@type":"PropertyValueSpecification","valueRequired":true,"valueName":"search_term_string"}}],"inLanguage":"en-US"},{"@type":"Organization","@id":"https:\/\/scrat-tech.fr\/#organization","name":"SCRAT","url":"https:\/\/scrat-tech.fr\/","logo":{"@type":"ImageObject","inLanguage":"en-US","@id":"https:\/\/scrat-tech.fr\/#\/schema\/logo\/image\/","url":"https:\/\/scrat-tech.fr\/wp-content\/uploads\/2024\/10\/cropped-tuyu_monte.png","contentUrl":"https:\/\/scrat-tech.fr\/wp-content\/uploads\/2024\/10\/cropped-tuyu_monte.png","width":512,"height":512,"caption":"SCRAT"},"image":{"@id":"https:\/\/scrat-tech.fr\/#\/schema\/logo\/image\/"},"sameAs":["https:\/\/www.facebook.com\/ScratRider\/","https:\/\/x.com\/SCRAT_Rider","https:\/\/instagram.com\/scrat_rider","https:\/\/youtube.com\/c\/SCRAT"]}]}},"_links":{"self":[{"href":"https:\/\/scrat-tech.fr\/en\/wp-json\/wp\/v2\/pages\/883","targetHints":{"allow":["GET"]}}],"collection":[{"href":"https:\/\/scrat-tech.fr\/en\/wp-json\/wp\/v2\/pages"}],"about":[{"href":"https:\/\/scrat-tech.fr\/en\/wp-json\/wp\/v2\/types\/page"}],"author":[{"embeddable":true,"href":"https:\/\/scrat-tech.fr\/en\/wp-json\/wp\/v2\/users\/2"}],"replies":[{"embeddable":true,"href":"https:\/\/scrat-tech.fr\/en\/wp-json\/wp\/v2\/comments?post=883"}],"version-history":[{"count":0,"href":"https:\/\/scrat-tech.fr\/en\/wp-json\/wp\/v2\/pages\/883\/revisions"}],"up":[{"embeddable":true,"href":"https:\/\/scrat-tech.fr\/en\/wp-json\/wp\/v2\/pages\/40"}],"wp:featuredmedia":[{"embeddable":true,"href":"https:\/\/scrat-tech.fr\/en\/wp-json\/wp\/v2\/media\/884"}],"wp:attachment":[{"href":"https:\/\/scrat-tech.fr\/en\/wp-json\/wp\/v2\/media?parent=883"}],"curies":[{"name":"wp","href":"https:\/\/api.w.org\/{rel}","templated":true}]}}