{"id":876,"date":"2016-09-18T00:26:46","date_gmt":"2016-09-17T22:26:46","guid":{"rendered":"https:\/?page_id=876"},"modified":"2017-03-22T15:40:33","modified_gmt":"2017-03-22T13:40:33","slug":"send-anonymous-sms-phone","status":"publish","type":"page","link":"https:\/\/scrat-tech.fr\/en\/windows\/send-anonymous-sms-phone\/","title":{"rendered":"Send anonymous text messages without a phone"},"content":{"rendered":"<h3 style=\"text-align: center;\"><strong>Need to send an anonymous text message to someone for a joke, a professional reason or another reason? Know that sending anonymous messages is possible!<\/strong><\/h3>\n<p style=\"text-align: left;\">The best part about what I&#039;m going to teach you is that you won&#039;t even need to have a phone or even a mobile plan to send your anonymous text messages!<\/p>\n<p style=\"text-align: center;\"><a href=\"http:\/\/www.youtube.com\/user\/game682400?sub_confirmation=1\" target=\"_blank\"><img decoding=\"async\" class=\"aligncenter wp-image-1766\" src=\"https:\/\/scrat-tech.fr\/wp-content\/uploads\/2016\/11\/abonnez-1024x283.jpg\" width=\"400\" height=\"110\" srcset=\"https:\/\/scrat-tech.fr\/wp-content\/uploads\/2016\/11\/abonnez-1024x283.jpg 1024w, https:\/\/scrat-tech.fr\/wp-content\/uploads\/2016\/11\/abonnez-600x166.jpg 600w, https:\/\/scrat-tech.fr\/wp-content\/uploads\/2016\/11\/abonnez-300x83.jpg 300w, https:\/\/scrat-tech.fr\/wp-content\/uploads\/2016\/11\/abonnez-768x212.jpg 768w, https:\/\/scrat-tech.fr\/wp-content\/uploads\/2016\/11\/abonnez.jpg 1631w\" sizes=\"(max-width: 400px) 100vw, 400px\" \/><\/a><em><span style=\"color: #808080;\">Click here to subscribe and support me, it costs you nothing and makes me happy \ud83d\ude42<\/span><\/em><\/p>\n<p style=\"text-align: left;\">You will be able to send text messages worldwide, to any mobile operator without a number, the recipient of the message will have a name instead of a number in their SMS application, a name that you will have chosen from long lists of female or male first names or even names of famous characters from movies or others. The chosen name does not appear for people with a Free plan, it will simply be replaced by a four-digit number.<\/p>\n<p style=\"text-align: left;\">You can send messages instantly or schedule them. It is also possible to save and load templates. You will find an acknowledgment of receipt on the site and will also receive a confirmation email.<\/p>\n<p style=\"text-align: left;\">The site offers an address book that will allow you to save your contacts as on your phone to send them messages.<\/p>\n<p style=\"text-align: left;\">The person receiving the SMS cannot know who sent it, nor can they respond to it; it only works one way.<\/p>\n<p style=\"text-align: left;\">The downside is that this comes at a price, because yes there are a huge number of sites offering anonymous SMS services, but most of them don&#039;t work at all, others are scams, and some exist for the simple purpose of building a database with phone numbers and email addresses, don&#039;t come complaining if you receive spam afterwards. When you register you can get a free SMS simply by liking the Messengo Facebook page, if you want to have more SMS you will have to buy message packs with Paypal (secure payment).<\/p>\n<p><strong>The site you will need to go to is Messengo, you can access it by clicking <a href=\"http:\/\/www.clictune.com\/id=676517\" target=\"_blank\">ICI<\/a>, or simply by following the link in the video description.<\/strong><\/p>\n<p><iframe width=\"800\" height=\"450\" src=\"https:\/\/www.youtube.com\/embed\/apLQI4jSuIc?feature=oembed\" frameborder=\"0\" allowfullscreen><\/iframe><\/p>","protected":false},"excerpt":{"rendered":"<p>Need to send someone an anonymous text message for a joke, a business reason, or another reason? Know that sending anonymous messages is possible! The best part about what I&#039;m going to teach you? You won&#039;t even need to have a phone or even a data plan [\u2026]<\/p>","protected":false},"author":2,"featured_media":875,"parent":40,"menu_order":0,"comment_status":"closed","ping_status":"open","template":"","meta":{"footnotes":""},"class_list":["post-876","page","type-page","status-publish","has-post-thumbnail","hentry"],"yoast_head":"<!-- This site is optimized with the Yoast SEO Premium plugin v24.4 (Yoast SEO v24.4) - https:\/\/yoast.com\/wordpress\/plugins\/seo\/ -->\n<title>Envoyer des SMS anonymes sans t\u00e9l\u00e9phone et dans le monde entier<\/title>\n<meta name=\"description\" content=\"Envoyer des SMS anonymes \u00e0 n&#039;importe qui et n&#039;importe o\u00f9 dans le monde tr\u00e8s simplement ! Vous n&#039;avez m\u00eame pas besoin de t\u00e9l\u00e9phone pour faire ceci !\" \/>\n<meta name=\"robots\" content=\"index, follow, max-snippet:-1, max-image-preview:large, max-video-preview:-1\" \/>\n<link rel=\"canonical\" href=\"https:\/\/scrat-tech.fr\/en\/windows\/send-anonymous-sms-phone\/\" \/>\n<meta name=\"twitter:card\" content=\"summary_large_image\" \/>\n<meta name=\"twitter:title\" content=\"Envoyer des SMS anonymes sans t\u00e9l\u00e9phone et dans le monde entier\" \/>\n<meta name=\"twitter:description\" content=\"Envoyer des SMS anonymes \u00e0 n&#039;importe qui et n&#039;importe o\u00f9 dans le monde tr\u00e8s simplement ! Vous n&#039;avez m\u00eame pas besoin de t\u00e9l\u00e9phone pour faire ceci !\" \/>\n<meta name=\"twitter:image\" content=\"https:\/\/scrat-tech.fr\/wp-content\/uploads\/2016\/09\/1.jpg\" \/>\n<meta name=\"twitter:site\" content=\"@SCRAT_Rider\" \/>\n<meta name=\"twitter:label1\" content=\"Est. reading time\" \/>\n\t<meta name=\"twitter:data1\" content=\"2 minutes\" \/>\n<script type=\"application\/ld+json\" class=\"yoast-schema-graph\">{\"@context\":\"https:\/\/schema.org\",\"@graph\":[{\"@type\":\"WebPage\",\"@id\":\"https:\/\/scrat-tech.fr\/windows\/envoyer-sms-anonymes-telephone\/\",\"url\":\"https:\/\/scrat-tech.fr\/windows\/envoyer-sms-anonymes-telephone\/\",\"name\":\"Envoyer des SMS anonymes sans t\u00e9l\u00e9phone et dans le monde entier\",\"isPartOf\":{\"@id\":\"https:\/\/scrat-tech.fr\/#website\"},\"primaryImageOfPage\":{\"@id\":\"https:\/\/scrat-tech.fr\/windows\/envoyer-sms-anonymes-telephone\/#primaryimage\"},\"image\":{\"@id\":\"https:\/\/scrat-tech.fr\/windows\/envoyer-sms-anonymes-telephone\/#primaryimage\"},\"thumbnailUrl\":\"https:\/\/scrat-tech.fr\/wp-content\/uploads\/2016\/09\/1.jpg\",\"datePublished\":\"2016-09-17T22:26:46+00:00\",\"dateModified\":\"2017-03-22T13:40:33+00:00\",\"description\":\"Envoyer des SMS anonymes \u00e0 n'importe qui et n'importe o\u00f9 dans le monde tr\u00e8s simplement ! Vous n'avez m\u00eame pas besoin de t\u00e9l\u00e9phone pour faire ceci !\",\"breadcrumb\":{\"@id\":\"https:\/\/scrat-tech.fr\/windows\/envoyer-sms-anonymes-telephone\/#breadcrumb\"},\"inLanguage\":\"en-US\",\"potentialAction\":[{\"@type\":\"ReadAction\",\"target\":[\"https:\/\/scrat-tech.fr\/windows\/envoyer-sms-anonymes-telephone\/\"]}]},{\"@type\":\"ImageObject\",\"inLanguage\":\"en-US\",\"@id\":\"https:\/\/scrat-tech.fr\/windows\/envoyer-sms-anonymes-telephone\/#primaryimage\",\"url\":\"https:\/\/scrat-tech.fr\/wp-content\/uploads\/2016\/09\/1.jpg\",\"contentUrl\":\"https:\/\/scrat-tech.fr\/wp-content\/uploads\/2016\/09\/1.jpg\",\"width\":1920,\"height\":1080,\"caption\":\"anonymes sms envoyer t\u00e9l\u00e9phone messages\"},{\"@type\":\"BreadcrumbList\",\"@id\":\"https:\/\/scrat-tech.fr\/windows\/envoyer-sms-anonymes-telephone\/#breadcrumb\",\"itemListElement\":[{\"@type\":\"ListItem\",\"position\":1,\"name\":\"Accueil\",\"item\":\"https:\/\/scrat-tech.fr\/\"},{\"@type\":\"ListItem\",\"position\":2,\"name\":\"Windows\",\"item\":\"https:\/\/scrat-tech.fr\/en\/windows\/\"},{\"@type\":\"ListItem\",\"position\":3,\"name\":\"Envoyer des SMS anonymes sans t\u00e9l\u00e9phone\"}]},{\"@type\":\"WebSite\",\"@id\":\"https:\/\/scrat-tech.fr\/#website\",\"url\":\"https:\/\/scrat-tech.fr\/\",\"name\":\"SCRAT\",\"description\":\"\",\"publisher\":{\"@id\":\"https:\/\/scrat-tech.fr\/#organization\"},\"potentialAction\":[{\"@type\":\"SearchAction\",\"target\":{\"@type\":\"EntryPoint\",\"urlTemplate\":\"https:\/\/scrat-tech.fr\/?s={search_term_string}\"},\"query-input\":{\"@type\":\"PropertyValueSpecification\",\"valueRequired\":true,\"valueName\":\"search_term_string\"}}],\"inLanguage\":\"en-US\"},{\"@type\":\"Organization\",\"@id\":\"https:\/\/scrat-tech.fr\/#organization\",\"name\":\"SCRAT\",\"url\":\"https:\/\/scrat-tech.fr\/\",\"logo\":{\"@type\":\"ImageObject\",\"inLanguage\":\"en-US\",\"@id\":\"https:\/\/scrat-tech.fr\/#\/schema\/logo\/image\/\",\"url\":\"https:\/\/scrat-tech.fr\/wp-content\/uploads\/2024\/10\/cropped-tuyu_monte.png\",\"contentUrl\":\"https:\/\/scrat-tech.fr\/wp-content\/uploads\/2024\/10\/cropped-tuyu_monte.png\",\"width\":512,\"height\":512,\"caption\":\"SCRAT\"},\"image\":{\"@id\":\"https:\/\/scrat-tech.fr\/#\/schema\/logo\/image\/\"},\"sameAs\":[\"https:\/\/www.facebook.com\/ScratRider\/\",\"https:\/\/x.com\/SCRAT_Rider\",\"https:\/\/instagram.com\/scrat_rider\",\"https:\/\/youtube.com\/c\/SCRAT\"]}]}<\/script>\n<!-- \/ Yoast SEO Premium plugin. -->","yoast_head_json":{"title":"Send anonymous SMS without a phone and worldwide","description":"Send anonymous SMS messages to anyone, anywhere in the world very easily! You don&#039;t even need a phone to do this!","robots":{"index":"index","follow":"follow","max-snippet":"max-snippet:-1","max-image-preview":"max-image-preview:large","max-video-preview":"max-video-preview:-1"},"canonical":"https:\/\/scrat-tech.fr\/en\/windows\/send-anonymous-sms-phone\/","twitter_card":"summary_large_image","twitter_title":"Envoyer des SMS anonymes sans t\u00e9l\u00e9phone et dans le monde entier","twitter_description":"Envoyer des SMS anonymes \u00e0 n'importe qui et n'importe o\u00f9 dans le monde tr\u00e8s simplement ! Vous n'avez m\u00eame pas besoin de t\u00e9l\u00e9phone pour faire ceci !","twitter_image":"https:\/\/scrat-tech.fr\/wp-content\/uploads\/2016\/09\/1.jpg","twitter_site":"@SCRAT_Rider","twitter_misc":{"Est. reading time":"2 minutes"},"schema":{"@context":"https:\/\/schema.org","@graph":[{"@type":"WebPage","@id":"https:\/\/scrat-tech.fr\/windows\/envoyer-sms-anonymes-telephone\/","url":"https:\/\/scrat-tech.fr\/windows\/envoyer-sms-anonymes-telephone\/","name":"Send anonymous SMS without a phone and worldwide","isPartOf":{"@id":"https:\/\/scrat-tech.fr\/#website"},"primaryImageOfPage":{"@id":"https:\/\/scrat-tech.fr\/windows\/envoyer-sms-anonymes-telephone\/#primaryimage"},"image":{"@id":"https:\/\/scrat-tech.fr\/windows\/envoyer-sms-anonymes-telephone\/#primaryimage"},"thumbnailUrl":"https:\/\/scrat-tech.fr\/wp-content\/uploads\/2016\/09\/1.jpg","datePublished":"2016-09-17T22:26:46+00:00","dateModified":"2017-03-22T13:40:33+00:00","description":"Send anonymous SMS messages to anyone, anywhere in the world very easily! You don&#039;t even need a phone to do this!","breadcrumb":{"@id":"https:\/\/scrat-tech.fr\/windows\/envoyer-sms-anonymes-telephone\/#breadcrumb"},"inLanguage":"en-US","potentialAction":[{"@type":"ReadAction","target":["https:\/\/scrat-tech.fr\/windows\/envoyer-sms-anonymes-telephone\/"]}]},{"@type":"ImageObject","inLanguage":"en-US","@id":"https:\/\/scrat-tech.fr\/windows\/envoyer-sms-anonymes-telephone\/#primaryimage","url":"https:\/\/scrat-tech.fr\/wp-content\/uploads\/2016\/09\/1.jpg","contentUrl":"https:\/\/scrat-tech.fr\/wp-content\/uploads\/2016\/09\/1.jpg","width":1920,"height":1080,"caption":"anonymes sms envoyer t\u00e9l\u00e9phone messages"},{"@type":"BreadcrumbList","@id":"https:\/\/scrat-tech.fr\/windows\/envoyer-sms-anonymes-telephone\/#breadcrumb","itemListElement":[{"@type":"ListItem","position":1,"name":"Accueil","item":"https:\/\/scrat-tech.fr\/"},{"@type":"ListItem","position":2,"name":"Windows","item":"https:\/\/scrat-tech.fr\/en\/windows\/"},{"@type":"ListItem","position":3,"name":"Envoyer des SMS anonymes sans t\u00e9l\u00e9phone"}]},{"@type":"WebSite","@id":"https:\/\/scrat-tech.fr\/#website","url":"https:\/\/scrat-tech.fr\/","name":"SCRAT","description":"","publisher":{"@id":"https:\/\/scrat-tech.fr\/#organization"},"potentialAction":[{"@type":"SearchAction","target":{"@type":"EntryPoint","urlTemplate":"https:\/\/scrat-tech.fr\/?s={search_term_string}"},"query-input":{"@type":"PropertyValueSpecification","valueRequired":true,"valueName":"search_term_string"}}],"inLanguage":"en-US"},{"@type":"Organization","@id":"https:\/\/scrat-tech.fr\/#organization","name":"SCRAT","url":"https:\/\/scrat-tech.fr\/","logo":{"@type":"ImageObject","inLanguage":"en-US","@id":"https:\/\/scrat-tech.fr\/#\/schema\/logo\/image\/","url":"https:\/\/scrat-tech.fr\/wp-content\/uploads\/2024\/10\/cropped-tuyu_monte.png","contentUrl":"https:\/\/scrat-tech.fr\/wp-content\/uploads\/2024\/10\/cropped-tuyu_monte.png","width":512,"height":512,"caption":"SCRAT"},"image":{"@id":"https:\/\/scrat-tech.fr\/#\/schema\/logo\/image\/"},"sameAs":["https:\/\/www.facebook.com\/ScratRider\/","https:\/\/x.com\/SCRAT_Rider","https:\/\/instagram.com\/scrat_rider","https:\/\/youtube.com\/c\/SCRAT"]}]}},"_links":{"self":[{"href":"https:\/\/scrat-tech.fr\/en\/wp-json\/wp\/v2\/pages\/876","targetHints":{"allow":["GET"]}}],"collection":[{"href":"https:\/\/scrat-tech.fr\/en\/wp-json\/wp\/v2\/pages"}],"about":[{"href":"https:\/\/scrat-tech.fr\/en\/wp-json\/wp\/v2\/types\/page"}],"author":[{"embeddable":true,"href":"https:\/\/scrat-tech.fr\/en\/wp-json\/wp\/v2\/users\/2"}],"replies":[{"embeddable":true,"href":"https:\/\/scrat-tech.fr\/en\/wp-json\/wp\/v2\/comments?post=876"}],"version-history":[{"count":0,"href":"https:\/\/scrat-tech.fr\/en\/wp-json\/wp\/v2\/pages\/876\/revisions"}],"up":[{"embeddable":true,"href":"https:\/\/scrat-tech.fr\/en\/wp-json\/wp\/v2\/pages\/40"}],"wp:featuredmedia":[{"embeddable":true,"href":"https:\/\/scrat-tech.fr\/en\/wp-json\/wp\/v2\/media\/875"}],"wp:attachment":[{"href":"https:\/\/scrat-tech.fr\/en\/wp-json\/wp\/v2\/media?parent=876"}],"curies":[{"name":"wp","href":"https:\/\/api.w.org\/{rel}","templated":true}]}}