{"id":843,"date":"2016-08-17T10:17:48","date_gmt":"2016-08-17T08:17:48","guid":{"rendered":"https:\/?page_id=843"},"modified":"2017-03-22T16:05:01","modified_gmt":"2017-03-22T14:05:01","slug":"windows-clipboard","status":"publish","type":"page","link":"https:\/\/scrat-tech.fr\/en\/windows\/windows-clipboard\/","title":{"rendered":"Clipboard | Copy \u2013 Paste \u2013 Cut MULTIPLE items"},"content":{"rendered":"<h3 style=\"text-align: center;\"><strong>Discover a very efficient and easy-to-use clipboard for Windows. Copy - Paste - Cut several different elements easily.<\/strong><\/h3>\n<p style=\"text-align: left;\">Are you tired of having to write the same words\/lines over and over again? Or copying and pasting them one by one? Well, the Ditto clipboard will change your life!<\/p>\n<p style=\"text-align: center;\"><a href=\"http:\/\/www.youtube.com\/user\/game682400?sub_confirmation=1\" target=\"_blank\"><img decoding=\"async\" class=\"aligncenter wp-image-1766\" src=\"https:\/\/scrat-tech.fr\/wp-content\/uploads\/2016\/11\/abonnez-1024x283.jpg\" width=\"400\" height=\"110\" srcset=\"https:\/\/scrat-tech.fr\/wp-content\/uploads\/2016\/11\/abonnez-1024x283.jpg 1024w, https:\/\/scrat-tech.fr\/wp-content\/uploads\/2016\/11\/abonnez-600x166.jpg 600w, https:\/\/scrat-tech.fr\/wp-content\/uploads\/2016\/11\/abonnez-300x83.jpg 300w, https:\/\/scrat-tech.fr\/wp-content\/uploads\/2016\/11\/abonnez-768x212.jpg 768w, https:\/\/scrat-tech.fr\/wp-content\/uploads\/2016\/11\/abonnez.jpg 1631w\" sizes=\"(max-width: 400px) 100vw, 400px\" \/><\/a><em><span style=\"color: #808080;\">Click here to subscribe and support me, it costs you nothing and makes me happy \ud83d\ude42<\/span><\/em><\/p>\n<p style=\"text-align: left;\">Ditto what is it? It is a small tool, called a very useful clipboard that will memorize everything you copy or cut on your computer and this several times, whether it is simple words, complete paragraphs or even images, it retains everything!<\/p>\n<p style=\"text-align: left;\">You can always check the list of entries you have copied. Even after copying hundreds of items if you want to find a specific one Ditto is equipped with a very fast search tool!<\/p>\n<p style=\"text-align: left;\">To use your copies again you have the choice. Either you double-click on an entry, which will put it at the top of the list and define it as &quot;Active&quot;, when you press &quot;Ctrl + V&quot; it is the latter which will leave the clipboard, you are free to select another one just after by double-clicking on the desired one.<br \/>\nIt is also possible to define shortcuts for each entry, for example when you press &quot;Ctrl + W&quot; you will paste one entry, &quot;Alt + B&quot; another, &quot;Ctrl + Alt + 3&quot; another one... It is up to you to choose all the shortcuts and for which entry.<\/p>\n<p style=\"text-align: left;\">Other options are available on the software, you are free to explore them all if you feel like it, the most important ones are presented in the video.<\/p>\n<p style=\"text-align: left;\">After installation I advise you to check the box &quot;Launch at Windows startup&quot; so you don&#039;t have to do anything special it will always be active. Also think about, as said in the video, moving the icon to the taskbar for faster access.<\/p>\n<p style=\"text-align: left;\"><strong>You can download Ditto <a href=\"http:\/\/www.clictune.com\/id=652841\" target=\"_blank\">ICI<\/a> directly or by following the link in the description of the video on YouTube.<\/strong><\/p>\n<p><iframe width=\"800\" height=\"450\" src=\"https:\/\/www.youtube.com\/embed\/EikI--Qx4DE?feature=oembed\" frameborder=\"0\" allowfullscreen><\/iframe><\/p>","protected":false},"excerpt":{"rendered":"<p>Discover a highly effective and easy-to-use clipboard for Windows. Easily copy, paste, and cut multiple different elements. Are you tired of having to constantly type the same words\/lines? Or copy and paste them one by one? Well, the Ditto clipboard will change your [\u2026]<\/p>","protected":false},"author":2,"featured_media":844,"parent":40,"menu_order":0,"comment_status":"closed","ping_status":"open","template":"","meta":{"footnotes":""},"class_list":["post-843","page","type-page","status-publish","has-post-thumbnail","hentry"],"yoast_head":"<!-- This site is optimized with the Yoast SEO Premium plugin v24.4 (Yoast SEO v24.4) - https:\/\/yoast.com\/wordpress\/plugins\/seo\/ -->\n<title>Copier - Coller - Couper PLUSIEURS \u00e9l\u00e9ments | Presse papier<\/title>\n<meta name=\"description\" content=\"D\u00e9couvrez un presse papier tr\u00e8s efficace et simple d&#039;utilisation pour Windows. Copiez - Collez - Coupez plusieurs \u00e9l\u00e9ments diff\u00e9rents facilement.\" \/>\n<meta name=\"robots\" content=\"index, follow, max-snippet:-1, max-image-preview:large, max-video-preview:-1\" \/>\n<link rel=\"canonical\" href=\"https:\/\/scrat-tech.fr\/en\/windows\/windows-clipboard\/\" \/>\n<meta name=\"twitter:card\" content=\"summary_large_image\" \/>\n<meta name=\"twitter:title\" content=\"Copier - Coller - Couper PLUSIEURS \u00e9l\u00e9ments | Presse papier\" \/>\n<meta name=\"twitter:description\" content=\"D\u00e9couvrez un presse papier tr\u00e8s efficace et simple d&#039;utilisation pour Windows. Copiez - Collez - Coupez plusieurs \u00e9l\u00e9ments diff\u00e9rents facilement.\" \/>\n<meta name=\"twitter:image\" content=\"https:\/\/scrat-tech.fr\/wp-content\/uploads\/2016\/08\/1.jpg\" \/>\n<meta name=\"twitter:site\" content=\"@SCRAT_Rider\" \/>\n<meta name=\"twitter:label1\" content=\"Est. reading time\" \/>\n\t<meta name=\"twitter:data1\" content=\"2 minutes\" \/>\n<script type=\"application\/ld+json\" class=\"yoast-schema-graph\">{\"@context\":\"https:\/\/schema.org\",\"@graph\":[{\"@type\":\"WebPage\",\"@id\":\"https:\/\/scrat-tech.fr\/windows\/presse-papier-windows\/\",\"url\":\"https:\/\/scrat-tech.fr\/windows\/presse-papier-windows\/\",\"name\":\"Copier - Coller - Couper PLUSIEURS \u00e9l\u00e9ments | Presse papier\",\"isPartOf\":{\"@id\":\"https:\/\/scrat-tech.fr\/#website\"},\"primaryImageOfPage\":{\"@id\":\"https:\/\/scrat-tech.fr\/windows\/presse-papier-windows\/#primaryimage\"},\"image\":{\"@id\":\"https:\/\/scrat-tech.fr\/windows\/presse-papier-windows\/#primaryimage\"},\"thumbnailUrl\":\"https:\/\/scrat-tech.fr\/wp-content\/uploads\/2016\/08\/1.jpg\",\"datePublished\":\"2016-08-17T08:17:48+00:00\",\"dateModified\":\"2017-03-22T14:05:01+00:00\",\"description\":\"D\u00e9couvrez un presse papier tr\u00e8s efficace et simple d'utilisation pour Windows. Copiez - Collez - Coupez plusieurs \u00e9l\u00e9ments diff\u00e9rents facilement.\",\"breadcrumb\":{\"@id\":\"https:\/\/scrat-tech.fr\/windows\/presse-papier-windows\/#breadcrumb\"},\"inLanguage\":\"en-US\",\"potentialAction\":[{\"@type\":\"ReadAction\",\"target\":[\"https:\/\/scrat-tech.fr\/windows\/presse-papier-windows\/\"]}]},{\"@type\":\"ImageObject\",\"inLanguage\":\"en-US\",\"@id\":\"https:\/\/scrat-tech.fr\/windows\/presse-papier-windows\/#primaryimage\",\"url\":\"https:\/\/scrat-tech.fr\/wp-content\/uploads\/2016\/08\/1.jpg\",\"contentUrl\":\"https:\/\/scrat-tech.fr\/wp-content\/uploads\/2016\/08\/1.jpg\",\"width\":1920,\"height\":1080,\"caption\":\"presse papier copier coller plusieurs \u00e9l\u00e9ments\"},{\"@type\":\"BreadcrumbList\",\"@id\":\"https:\/\/scrat-tech.fr\/windows\/presse-papier-windows\/#breadcrumb\",\"itemListElement\":[{\"@type\":\"ListItem\",\"position\":1,\"name\":\"Accueil\",\"item\":\"https:\/\/scrat-tech.fr\/\"},{\"@type\":\"ListItem\",\"position\":2,\"name\":\"Windows\",\"item\":\"https:\/\/scrat-tech.fr\/en\/windows\/\"},{\"@type\":\"ListItem\",\"position\":3,\"name\":\"Presse papier | Copier &#8211; Coller &#8211; Couper PLUSIEURS \u00e9l\u00e9ments\"}]},{\"@type\":\"WebSite\",\"@id\":\"https:\/\/scrat-tech.fr\/#website\",\"url\":\"https:\/\/scrat-tech.fr\/\",\"name\":\"SCRAT\",\"description\":\"\",\"publisher\":{\"@id\":\"https:\/\/scrat-tech.fr\/#organization\"},\"potentialAction\":[{\"@type\":\"SearchAction\",\"target\":{\"@type\":\"EntryPoint\",\"urlTemplate\":\"https:\/\/scrat-tech.fr\/?s={search_term_string}\"},\"query-input\":{\"@type\":\"PropertyValueSpecification\",\"valueRequired\":true,\"valueName\":\"search_term_string\"}}],\"inLanguage\":\"en-US\"},{\"@type\":\"Organization\",\"@id\":\"https:\/\/scrat-tech.fr\/#organization\",\"name\":\"SCRAT\",\"url\":\"https:\/\/scrat-tech.fr\/\",\"logo\":{\"@type\":\"ImageObject\",\"inLanguage\":\"en-US\",\"@id\":\"https:\/\/scrat-tech.fr\/#\/schema\/logo\/image\/\",\"url\":\"https:\/\/scrat-tech.fr\/wp-content\/uploads\/2024\/10\/cropped-tuyu_monte.png\",\"contentUrl\":\"https:\/\/scrat-tech.fr\/wp-content\/uploads\/2024\/10\/cropped-tuyu_monte.png\",\"width\":512,\"height\":512,\"caption\":\"SCRAT\"},\"image\":{\"@id\":\"https:\/\/scrat-tech.fr\/#\/schema\/logo\/image\/\"},\"sameAs\":[\"https:\/\/www.facebook.com\/ScratRider\/\",\"https:\/\/x.com\/SCRAT_Rider\",\"https:\/\/instagram.com\/scrat_rider\",\"https:\/\/youtube.com\/c\/SCRAT\"]}]}<\/script>\n<!-- \/ Yoast SEO Premium plugin. -->","yoast_head_json":{"title":"Copy - Paste - Cut MULTIPLE items | Clipboard","description":"Discover a very efficient and easy to use clipboard for Windows. Copy - Paste - Cut several different elements easily.","robots":{"index":"index","follow":"follow","max-snippet":"max-snippet:-1","max-image-preview":"max-image-preview:large","max-video-preview":"max-video-preview:-1"},"canonical":"https:\/\/scrat-tech.fr\/en\/windows\/windows-clipboard\/","twitter_card":"summary_large_image","twitter_title":"Copier - Coller - Couper PLUSIEURS \u00e9l\u00e9ments | Presse papier","twitter_description":"D\u00e9couvrez un presse papier tr\u00e8s efficace et simple d'utilisation pour Windows. Copiez - Collez - Coupez plusieurs \u00e9l\u00e9ments diff\u00e9rents facilement.","twitter_image":"https:\/\/scrat-tech.fr\/wp-content\/uploads\/2016\/08\/1.jpg","twitter_site":"@SCRAT_Rider","twitter_misc":{"Est. reading time":"2 minutes"},"schema":{"@context":"https:\/\/schema.org","@graph":[{"@type":"WebPage","@id":"https:\/\/scrat-tech.fr\/windows\/presse-papier-windows\/","url":"https:\/\/scrat-tech.fr\/windows\/presse-papier-windows\/","name":"Copy - Paste - Cut MULTIPLE items | Clipboard","isPartOf":{"@id":"https:\/\/scrat-tech.fr\/#website"},"primaryImageOfPage":{"@id":"https:\/\/scrat-tech.fr\/windows\/presse-papier-windows\/#primaryimage"},"image":{"@id":"https:\/\/scrat-tech.fr\/windows\/presse-papier-windows\/#primaryimage"},"thumbnailUrl":"https:\/\/scrat-tech.fr\/wp-content\/uploads\/2016\/08\/1.jpg","datePublished":"2016-08-17T08:17:48+00:00","dateModified":"2017-03-22T14:05:01+00:00","description":"Discover a very efficient and easy to use clipboard for Windows. Copy - Paste - Cut several different elements easily.","breadcrumb":{"@id":"https:\/\/scrat-tech.fr\/windows\/presse-papier-windows\/#breadcrumb"},"inLanguage":"en-US","potentialAction":[{"@type":"ReadAction","target":["https:\/\/scrat-tech.fr\/windows\/presse-papier-windows\/"]}]},{"@type":"ImageObject","inLanguage":"en-US","@id":"https:\/\/scrat-tech.fr\/windows\/presse-papier-windows\/#primaryimage","url":"https:\/\/scrat-tech.fr\/wp-content\/uploads\/2016\/08\/1.jpg","contentUrl":"https:\/\/scrat-tech.fr\/wp-content\/uploads\/2016\/08\/1.jpg","width":1920,"height":1080,"caption":"presse papier copier coller plusieurs \u00e9l\u00e9ments"},{"@type":"BreadcrumbList","@id":"https:\/\/scrat-tech.fr\/windows\/presse-papier-windows\/#breadcrumb","itemListElement":[{"@type":"ListItem","position":1,"name":"Accueil","item":"https:\/\/scrat-tech.fr\/"},{"@type":"ListItem","position":2,"name":"Windows","item":"https:\/\/scrat-tech.fr\/en\/windows\/"},{"@type":"ListItem","position":3,"name":"Presse papier | Copier &#8211; Coller &#8211; Couper PLUSIEURS \u00e9l\u00e9ments"}]},{"@type":"WebSite","@id":"https:\/\/scrat-tech.fr\/#website","url":"https:\/\/scrat-tech.fr\/","name":"SCRAT","description":"","publisher":{"@id":"https:\/\/scrat-tech.fr\/#organization"},"potentialAction":[{"@type":"SearchAction","target":{"@type":"EntryPoint","urlTemplate":"https:\/\/scrat-tech.fr\/?s={search_term_string}"},"query-input":{"@type":"PropertyValueSpecification","valueRequired":true,"valueName":"search_term_string"}}],"inLanguage":"en-US"},{"@type":"Organization","@id":"https:\/\/scrat-tech.fr\/#organization","name":"SCRAT","url":"https:\/\/scrat-tech.fr\/","logo":{"@type":"ImageObject","inLanguage":"en-US","@id":"https:\/\/scrat-tech.fr\/#\/schema\/logo\/image\/","url":"https:\/\/scrat-tech.fr\/wp-content\/uploads\/2024\/10\/cropped-tuyu_monte.png","contentUrl":"https:\/\/scrat-tech.fr\/wp-content\/uploads\/2024\/10\/cropped-tuyu_monte.png","width":512,"height":512,"caption":"SCRAT"},"image":{"@id":"https:\/\/scrat-tech.fr\/#\/schema\/logo\/image\/"},"sameAs":["https:\/\/www.facebook.com\/ScratRider\/","https:\/\/x.com\/SCRAT_Rider","https:\/\/instagram.com\/scrat_rider","https:\/\/youtube.com\/c\/SCRAT"]}]}},"_links":{"self":[{"href":"https:\/\/scrat-tech.fr\/en\/wp-json\/wp\/v2\/pages\/843","targetHints":{"allow":["GET"]}}],"collection":[{"href":"https:\/\/scrat-tech.fr\/en\/wp-json\/wp\/v2\/pages"}],"about":[{"href":"https:\/\/scrat-tech.fr\/en\/wp-json\/wp\/v2\/types\/page"}],"author":[{"embeddable":true,"href":"https:\/\/scrat-tech.fr\/en\/wp-json\/wp\/v2\/users\/2"}],"replies":[{"embeddable":true,"href":"https:\/\/scrat-tech.fr\/en\/wp-json\/wp\/v2\/comments?post=843"}],"version-history":[{"count":0,"href":"https:\/\/scrat-tech.fr\/en\/wp-json\/wp\/v2\/pages\/843\/revisions"}],"up":[{"embeddable":true,"href":"https:\/\/scrat-tech.fr\/en\/wp-json\/wp\/v2\/pages\/40"}],"wp:featuredmedia":[{"embeddable":true,"href":"https:\/\/scrat-tech.fr\/en\/wp-json\/wp\/v2\/media\/844"}],"wp:attachment":[{"href":"https:\/\/scrat-tech.fr\/en\/wp-json\/wp\/v2\/media?parent=843"}],"curies":[{"name":"wp","href":"https:\/\/api.w.org\/{rel}","templated":true}]}}