{"id":818,"date":"2016-07-28T12:32:47","date_gmt":"2016-07-28T10:32:47","guid":{"rendered":"https:\/?page_id=818"},"modified":"2017-03-22T15:22:26","modified_gmt":"2017-03-22T13:22:26","slug":"youtube-videos-floating-bubble-device-lock-screen-overlay-video","status":"publish","type":"page","link":"https:\/\/scrat-tech.fr\/en\/android\/youtube-videos-floating-bubble-device-lock-screen-overlay-video\/","title":{"rendered":"YouTube Videos + FLOATING BUBBLE Device"},"content":{"rendered":"<h3 style=\"text-align: center;\"><strong>Listen to YouTube music with the lock screen or put the video in a bubble as an overlay and switch apps! Do the same for videos on your device!<\/strong><\/h3>\n<p style=\"text-align: left;\">Everyone knows how poorly optimized YouTube is on this point, you are normally forced to stay on the application to have the video and audio, you can neither change applications nor lock your screen. The same goes for videos saved on your device.<\/p>\n<p style=\"text-align: center;\"><a href=\"http:\/\/www.youtube.com\/user\/game682400?sub_confirmation=1\" target=\"_blank\"><img decoding=\"async\" class=\"aligncenter wp-image-1766\" src=\"https:\/\/scrat-tech.fr\/wp-content\/uploads\/2016\/11\/abonnez-1024x283.jpg\" width=\"400\" height=\"110\" srcset=\"https:\/\/scrat-tech.fr\/wp-content\/uploads\/2016\/11\/abonnez-1024x283.jpg 1024w, https:\/\/scrat-tech.fr\/wp-content\/uploads\/2016\/11\/abonnez-600x166.jpg 600w, https:\/\/scrat-tech.fr\/wp-content\/uploads\/2016\/11\/abonnez-300x83.jpg 300w, https:\/\/scrat-tech.fr\/wp-content\/uploads\/2016\/11\/abonnez-768x212.jpg 768w, https:\/\/scrat-tech.fr\/wp-content\/uploads\/2016\/11\/abonnez.jpg 1631w\" sizes=\"(max-width: 400px) 100vw, 400px\" \/><\/a><em><span style=\"color: #808080;\">Click here to subscribe and support me, it costs you nothing and makes me happy \ud83d\ude42<\/span><\/em><\/p>\n<p style=\"text-align: left;\">This is why I present to you a tip that will allow you to do several little things:<br \/>\n<strong>-Lock your screen while leaving the audio playing<\/strong><br \/>\n<strong>-Minimize the video to only have the audio while surfing on other applications<\/strong><br \/>\n<strong>-View the video as a floating, resizable bubble and\u00a0<\/strong><b>movable<\/b><\/p>\n<p style=\"text-align: left;\">Most phones and tablets are compatible with this trick, rooting is not required.<\/p>\n<p style=\"text-align: left;\">We need two apps, one for device videos, one for YouTube videos:<br \/>\n<strong>-VLC Media Player, which everyone knows on Windows<\/strong><br \/>\n<strong>-Floating Tube, which is a little less known but essential!<\/strong><\/p>\n<p style=\"text-align: left;\">For people with a Samsung, you should know that it is basically possible to view videos recorded on the device as a bubble, so you don&#039;t necessarily need to install VLC.<\/p>\n<p style=\"text-align: left;\"><strong>You can download VLC<a href=\"http:\/\/www.clictune.com\/id=644851\" target=\"_blank\"> ICI<\/a> and Floating Tube<a href=\"http:\/\/www.clictune.com\/id=644852\" target=\"_blank\"> ICI<\/a>, or simply by following the links in the video description.<\/strong><\/p>\n<p><iframe width=\"800\" height=\"450\" src=\"https:\/\/www.youtube.com\/embed\/fpA16VMCueI?feature=oembed\" frameborder=\"0\" allowfullscreen><\/iframe><\/p>","protected":false},"excerpt":{"rendered":"<p>Listen to music from YouTube with your screen locked, or put the video in a bubble as an overlay and switch apps! Do the same for videos on your device! Everyone knows how poorly YouTube is optimized in this regard; you&#039;re normally forced to stay on the app [\u2026]<\/p>","protected":false},"author":2,"featured_media":819,"parent":37,"menu_order":0,"comment_status":"closed","ping_status":"open","template":"","meta":{"footnotes":""},"class_list":["post-818","page","type-page","status-publish","has-post-thumbnail","hentry"],"yoast_head":"<!-- This site is optimized with the Yoast SEO Premium plugin v24.4 (Yoast SEO v24.4) - https:\/\/yoast.com\/wordpress\/plugins\/seo\/ -->\n<title>Vid\u00e9os YouTube + Appareil en BULLE FLOTTANTE - SCRAT<\/title>\n<meta name=\"description\" content=\"Ecoutez des musiques de YouTube avec l&#039;\u00e9cran verrouill\u00e9 ou bien mettez la vid\u00e9o dans une bulle en tant qu&#039;overlay et changez d&#039;application !\" \/>\n<meta name=\"robots\" content=\"index, follow, max-snippet:-1, max-image-preview:large, max-video-preview:-1\" \/>\n<link rel=\"canonical\" href=\"https:\/\/scrat-tech.fr\/en\/android\/youtube-videos-floating-bubble-device-lock-screen-overlay-video\/\" \/>\n<meta name=\"twitter:card\" content=\"summary_large_image\" \/>\n<meta name=\"twitter:title\" content=\"Vid\u00e9os YouTube + Appareil en BULLE FLOTTANTE - SCRAT\" \/>\n<meta name=\"twitter:description\" content=\"Ecoutez des musiques de YouTube avec l&#039;\u00e9cran verrouill\u00e9 ou bien mettez la vid\u00e9o dans une bulle en tant qu&#039;overlay et changez d&#039;application !\" \/>\n<meta name=\"twitter:image\" content=\"https:\/\/scrat-tech.fr\/wp-content\/uploads\/2016\/07\/1.jpg\" \/>\n<meta name=\"twitter:site\" content=\"@SCRAT_Rider\" \/>\n<meta name=\"twitter:label1\" content=\"Est. reading time\" \/>\n\t<meta name=\"twitter:data1\" content=\"1 minute\" \/>\n<script type=\"application\/ld+json\" class=\"yoast-schema-graph\">{\"@context\":\"https:\/\/schema.org\",\"@graph\":[{\"@type\":\"WebPage\",\"@id\":\"https:\/\/scrat-tech.fr\/android\/videos-youtube-appareil-bulle-flottante-ecran-verrouille-overlay-video\/\",\"url\":\"https:\/\/scrat-tech.fr\/android\/videos-youtube-appareil-bulle-flottante-ecran-verrouille-overlay-video\/\",\"name\":\"Vid\u00e9os YouTube + Appareil en BULLE FLOTTANTE - SCRAT\",\"isPartOf\":{\"@id\":\"https:\/\/scrat-tech.fr\/#website\"},\"primaryImageOfPage\":{\"@id\":\"https:\/\/scrat-tech.fr\/android\/videos-youtube-appareil-bulle-flottante-ecran-verrouille-overlay-video\/#primaryimage\"},\"image\":{\"@id\":\"https:\/\/scrat-tech.fr\/android\/videos-youtube-appareil-bulle-flottante-ecran-verrouille-overlay-video\/#primaryimage\"},\"thumbnailUrl\":\"https:\/\/scrat-tech.fr\/wp-content\/uploads\/2016\/07\/1.jpg\",\"datePublished\":\"2016-07-28T10:32:47+00:00\",\"dateModified\":\"2017-03-22T13:22:26+00:00\",\"description\":\"Ecoutez des musiques de YouTube avec l'\u00e9cran verrouill\u00e9 ou bien mettez la vid\u00e9o dans une bulle en tant qu'overlay et changez d'application !\",\"breadcrumb\":{\"@id\":\"https:\/\/scrat-tech.fr\/android\/videos-youtube-appareil-bulle-flottante-ecran-verrouille-overlay-video\/#breadcrumb\"},\"inLanguage\":\"en-US\",\"potentialAction\":[{\"@type\":\"ReadAction\",\"target\":[\"https:\/\/scrat-tech.fr\/android\/videos-youtube-appareil-bulle-flottante-ecran-verrouille-overlay-video\/\"]}]},{\"@type\":\"ImageObject\",\"inLanguage\":\"en-US\",\"@id\":\"https:\/\/scrat-tech.fr\/android\/videos-youtube-appareil-bulle-flottante-ecran-verrouille-overlay-video\/#primaryimage\",\"url\":\"https:\/\/scrat-tech.fr\/wp-content\/uploads\/2016\/07\/1.jpg\",\"contentUrl\":\"https:\/\/scrat-tech.fr\/wp-content\/uploads\/2016\/07\/1.jpg\",\"width\":1920,\"height\":1080,\"caption\":\"youtube \u00e9cran verrouill\u00e9 \u00e9cran \u00e9teint bulle flottante floating\"},{\"@type\":\"BreadcrumbList\",\"@id\":\"https:\/\/scrat-tech.fr\/android\/videos-youtube-appareil-bulle-flottante-ecran-verrouille-overlay-video\/#breadcrumb\",\"itemListElement\":[{\"@type\":\"ListItem\",\"position\":1,\"name\":\"Accueil\",\"item\":\"https:\/\/scrat-tech.fr\/\"},{\"@type\":\"ListItem\",\"position\":2,\"name\":\"Android\",\"item\":\"https:\/\/www.scrat-tech.fr\/en\/android\/\"},{\"@type\":\"ListItem\",\"position\":3,\"name\":\"Vid\u00e9os YouTube + Appareil en BULLE FLOTTANTE\"}]},{\"@type\":\"WebSite\",\"@id\":\"https:\/\/scrat-tech.fr\/#website\",\"url\":\"https:\/\/scrat-tech.fr\/\",\"name\":\"SCRAT\",\"description\":\"\",\"publisher\":{\"@id\":\"https:\/\/scrat-tech.fr\/#organization\"},\"potentialAction\":[{\"@type\":\"SearchAction\",\"target\":{\"@type\":\"EntryPoint\",\"urlTemplate\":\"https:\/\/scrat-tech.fr\/?s={search_term_string}\"},\"query-input\":{\"@type\":\"PropertyValueSpecification\",\"valueRequired\":true,\"valueName\":\"search_term_string\"}}],\"inLanguage\":\"en-US\"},{\"@type\":\"Organization\",\"@id\":\"https:\/\/scrat-tech.fr\/#organization\",\"name\":\"SCRAT\",\"url\":\"https:\/\/scrat-tech.fr\/\",\"logo\":{\"@type\":\"ImageObject\",\"inLanguage\":\"en-US\",\"@id\":\"https:\/\/scrat-tech.fr\/#\/schema\/logo\/image\/\",\"url\":\"https:\/\/scrat-tech.fr\/wp-content\/uploads\/2024\/10\/cropped-tuyu_monte.png\",\"contentUrl\":\"https:\/\/scrat-tech.fr\/wp-content\/uploads\/2024\/10\/cropped-tuyu_monte.png\",\"width\":512,\"height\":512,\"caption\":\"SCRAT\"},\"image\":{\"@id\":\"https:\/\/scrat-tech.fr\/#\/schema\/logo\/image\/\"},\"sameAs\":[\"https:\/\/www.facebook.com\/ScratRider\/\",\"https:\/\/x.com\/SCRAT_Rider\",\"https:\/\/instagram.com\/scrat_rider\",\"https:\/\/youtube.com\/c\/SCRAT\"]}]}<\/script>\n<!-- \/ Yoast SEO Premium plugin. -->","yoast_head_json":{"title":"YouTube Videos + FLOATING BUBBLE Device - SCRAT","description":"Listen to YouTube music with the lock screen or put the video in a bubble as an overlay and switch apps!","robots":{"index":"index","follow":"follow","max-snippet":"max-snippet:-1","max-image-preview":"max-image-preview:large","max-video-preview":"max-video-preview:-1"},"canonical":"https:\/\/scrat-tech.fr\/en\/android\/youtube-videos-floating-bubble-device-lock-screen-overlay-video\/","twitter_card":"summary_large_image","twitter_title":"Vid\u00e9os YouTube + Appareil en BULLE FLOTTANTE - SCRAT","twitter_description":"Ecoutez des musiques de YouTube avec l'\u00e9cran verrouill\u00e9 ou bien mettez la vid\u00e9o dans une bulle en tant qu'overlay et changez d'application !","twitter_image":"https:\/\/scrat-tech.fr\/wp-content\/uploads\/2016\/07\/1.jpg","twitter_site":"@SCRAT_Rider","twitter_misc":{"Est. reading time":"1 minute"},"schema":{"@context":"https:\/\/schema.org","@graph":[{"@type":"WebPage","@id":"https:\/\/scrat-tech.fr\/android\/videos-youtube-appareil-bulle-flottante-ecran-verrouille-overlay-video\/","url":"https:\/\/scrat-tech.fr\/android\/videos-youtube-appareil-bulle-flottante-ecran-verrouille-overlay-video\/","name":"YouTube Videos + FLOATING BUBBLE Device - SCRAT","isPartOf":{"@id":"https:\/\/scrat-tech.fr\/#website"},"primaryImageOfPage":{"@id":"https:\/\/scrat-tech.fr\/android\/videos-youtube-appareil-bulle-flottante-ecran-verrouille-overlay-video\/#primaryimage"},"image":{"@id":"https:\/\/scrat-tech.fr\/android\/videos-youtube-appareil-bulle-flottante-ecran-verrouille-overlay-video\/#primaryimage"},"thumbnailUrl":"https:\/\/scrat-tech.fr\/wp-content\/uploads\/2016\/07\/1.jpg","datePublished":"2016-07-28T10:32:47+00:00","dateModified":"2017-03-22T13:22:26+00:00","description":"Listen to YouTube music with the lock screen or put the video in a bubble as an overlay and switch apps!","breadcrumb":{"@id":"https:\/\/scrat-tech.fr\/android\/videos-youtube-appareil-bulle-flottante-ecran-verrouille-overlay-video\/#breadcrumb"},"inLanguage":"en-US","potentialAction":[{"@type":"ReadAction","target":["https:\/\/scrat-tech.fr\/android\/videos-youtube-appareil-bulle-flottante-ecran-verrouille-overlay-video\/"]}]},{"@type":"ImageObject","inLanguage":"en-US","@id":"https:\/\/scrat-tech.fr\/android\/videos-youtube-appareil-bulle-flottante-ecran-verrouille-overlay-video\/#primaryimage","url":"https:\/\/scrat-tech.fr\/wp-content\/uploads\/2016\/07\/1.jpg","contentUrl":"https:\/\/scrat-tech.fr\/wp-content\/uploads\/2016\/07\/1.jpg","width":1920,"height":1080,"caption":"youtube \u00e9cran verrouill\u00e9 \u00e9cran \u00e9teint bulle flottante floating"},{"@type":"BreadcrumbList","@id":"https:\/\/scrat-tech.fr\/android\/videos-youtube-appareil-bulle-flottante-ecran-verrouille-overlay-video\/#breadcrumb","itemListElement":[{"@type":"ListItem","position":1,"name":"Accueil","item":"https:\/\/scrat-tech.fr\/"},{"@type":"ListItem","position":2,"name":"Android","item":"https:\/\/www.scrat-tech.fr\/en\/android\/"},{"@type":"ListItem","position":3,"name":"Vid\u00e9os YouTube + Appareil en BULLE FLOTTANTE"}]},{"@type":"WebSite","@id":"https:\/\/scrat-tech.fr\/#website","url":"https:\/\/scrat-tech.fr\/","name":"SCRAT","description":"","publisher":{"@id":"https:\/\/scrat-tech.fr\/#organization"},"potentialAction":[{"@type":"SearchAction","target":{"@type":"EntryPoint","urlTemplate":"https:\/\/scrat-tech.fr\/?s={search_term_string}"},"query-input":{"@type":"PropertyValueSpecification","valueRequired":true,"valueName":"search_term_string"}}],"inLanguage":"en-US"},{"@type":"Organization","@id":"https:\/\/scrat-tech.fr\/#organization","name":"SCRAT","url":"https:\/\/scrat-tech.fr\/","logo":{"@type":"ImageObject","inLanguage":"en-US","@id":"https:\/\/scrat-tech.fr\/#\/schema\/logo\/image\/","url":"https:\/\/scrat-tech.fr\/wp-content\/uploads\/2024\/10\/cropped-tuyu_monte.png","contentUrl":"https:\/\/scrat-tech.fr\/wp-content\/uploads\/2024\/10\/cropped-tuyu_monte.png","width":512,"height":512,"caption":"SCRAT"},"image":{"@id":"https:\/\/scrat-tech.fr\/#\/schema\/logo\/image\/"},"sameAs":["https:\/\/www.facebook.com\/ScratRider\/","https:\/\/x.com\/SCRAT_Rider","https:\/\/instagram.com\/scrat_rider","https:\/\/youtube.com\/c\/SCRAT"]}]}},"_links":{"self":[{"href":"https:\/\/scrat-tech.fr\/en\/wp-json\/wp\/v2\/pages\/818","targetHints":{"allow":["GET"]}}],"collection":[{"href":"https:\/\/scrat-tech.fr\/en\/wp-json\/wp\/v2\/pages"}],"about":[{"href":"https:\/\/scrat-tech.fr\/en\/wp-json\/wp\/v2\/types\/page"}],"author":[{"embeddable":true,"href":"https:\/\/scrat-tech.fr\/en\/wp-json\/wp\/v2\/users\/2"}],"replies":[{"embeddable":true,"href":"https:\/\/scrat-tech.fr\/en\/wp-json\/wp\/v2\/comments?post=818"}],"version-history":[{"count":0,"href":"https:\/\/scrat-tech.fr\/en\/wp-json\/wp\/v2\/pages\/818\/revisions"}],"up":[{"embeddable":true,"href":"https:\/\/scrat-tech.fr\/en\/wp-json\/wp\/v2\/pages\/37"}],"wp:featuredmedia":[{"embeddable":true,"href":"https:\/\/scrat-tech.fr\/en\/wp-json\/wp\/v2\/media\/819"}],"wp:attachment":[{"href":"https:\/\/scrat-tech.fr\/en\/wp-json\/wp\/v2\/media?parent=818"}],"curies":[{"name":"wp","href":"https:\/\/api.w.org\/{rel}","templated":true}]}}