{"id":813,"date":"2016-07-28T12:15:39","date_gmt":"2016-07-28T10:15:39","guid":{"rendered":"https:\/?page_id=813"},"modified":"2017-03-21T15:59:40","modified_gmt":"2017-03-21T13:59:40","slug":"find-old-messenger-emojis","status":"publish","type":"page","link":"https:\/\/scrat-tech.fr\/en\/android\/find-old-messenger-emojis\/","title":{"rendered":"Find the OLD emojis on Messenger - Facebook"},"content":{"rendered":"<h3 style=\"text-align: center;\"><strong>You also don&#039;t like the new Messenger \/ Facebook emojis that were added recently? That&#039;s good, neither do I, so I&#039;m going to show you how to disable them!<\/strong><\/h3>\n<p style=\"text-align: left;\">This little trick is within everyone&#039;s reach, does not require rooting your device, no application other than Messenger is required, the manipulation is doable in less than a minute and you will find all your Messenger emojis from before the update.<\/p>\n<p style=\"text-align: center;\"><a href=\"http:\/\/www.youtube.com\/user\/game682400?sub_confirmation=1\" target=\"_blank\"><img decoding=\"async\" class=\"aligncenter wp-image-1766\" src=\"https:\/\/scrat-tech.fr\/wp-content\/uploads\/2016\/11\/abonnez-1024x283.jpg\" width=\"400\" height=\"110\" srcset=\"https:\/\/scrat-tech.fr\/wp-content\/uploads\/2016\/11\/abonnez-1024x283.jpg 1024w, https:\/\/scrat-tech.fr\/wp-content\/uploads\/2016\/11\/abonnez-600x166.jpg 600w, https:\/\/scrat-tech.fr\/wp-content\/uploads\/2016\/11\/abonnez-300x83.jpg 300w, https:\/\/scrat-tech.fr\/wp-content\/uploads\/2016\/11\/abonnez-768x212.jpg 768w, https:\/\/scrat-tech.fr\/wp-content\/uploads\/2016\/11\/abonnez.jpg 1631w\" sizes=\"(max-width: 400px) 100vw, 400px\" \/><\/a><em><span style=\"color: #808080;\">Click here to subscribe and support me, it costs you nothing and makes me happy \ud83d\ude42<\/span><\/em><\/p>\n<p style=\"text-align: left;\">The idea is very simple, the new Messenger emojis came via an update, so you just have to uninstall this update to reinstall the version just before this one.<br \/>\nTo find the version that corresponds, we will use a site that offers ALL OFFICIAL versions of Messenger for download, therefore without viruses or anything else.<\/p>\n<p style=\"text-align: left;\">Uninstall your current Messenger, follow the link in the description to download the version we need, install it <em>(remember to enable the installation of applications from unknown sources in the security options of your device otherwise you will not be able to install it)<\/em>\u00a0then open it. The application will recognize you by itself, you just have to click on &quot;Continue as ******* *******&quot; and once connected you will have the old emojis again!<\/p>\n<p style=\"text-align: left;\">It is possible that Messenger updates itself, so you lose the emojis. To avoid this, simply go to the Google PlayStore and disable automatic app updates.<\/p>\n<p style=\"text-align: left;\"><strong>To download the application simply click<a href=\"http:\/\/www.clictune.com\/id=644207\" target=\"_blank\"> ICI<\/a>, or just follow the link in the video description on YouTube.<\/strong><\/p>\n<p><iframe width=\"800\" height=\"450\" src=\"https:\/\/www.youtube.com\/embed\/jgjwIX58F6g?feature=oembed\" frameborder=\"0\" allowfullscreen><\/iframe><\/p>","protected":false},"excerpt":{"rendered":"<p>Vous n&rsquo;aimez pas non plus les nouveaux emojis Messenger \/ Facebook qui ont \u00e9t\u00e9 ajout\u00e9 il y a peu de temps ? \u00c7a tombe bien moi non plus, je vais donc vous montrer comment les d\u00e9sactiver ! Cette petite astuce est \u00e0 la port\u00e9e de tout le monde, ne n\u00e9cessite pas le root de votre [&hellip;]<\/p>","protected":false},"author":2,"featured_media":814,"parent":37,"menu_order":0,"comment_status":"closed","ping_status":"open","template":"","meta":{"footnotes":""},"class_list":["post-813","page","type-page","status-publish","has-post-thumbnail","hentry"],"yoast_head":"<!-- This site is optimized with the Yoast SEO Premium plugin v24.4 (Yoast SEO v24.4) - https:\/\/yoast.com\/wordpress\/plugins\/seo\/ -->\n<title>Retrouver les ANCIENS emojis Messenger | Facebook - Facilement<\/title>\n<meta name=\"description\" content=\"Vous n&#039;aimez pas non plus les nouveaux emojis Messenger \/ Facebook qui ont \u00e9t\u00e9 ajout\u00e9 il y a peu de temps ? \u00c7a tombe bien moi non plus ! D\u00e9sactivons-les !\" \/>\n<meta name=\"robots\" content=\"index, follow, max-snippet:-1, max-image-preview:large, max-video-preview:-1\" \/>\n<link rel=\"canonical\" href=\"https:\/\/scrat-tech.fr\/en\/android\/find-old-messenger-emojis\/\" \/>\n<meta name=\"twitter:card\" content=\"summary_large_image\" \/>\n<meta name=\"twitter:title\" content=\"Retrouver les ANCIENS emojis Messenger | Facebook - Facilement\" \/>\n<meta name=\"twitter:description\" content=\"Vous n&#039;aimez pas non plus les nouveaux emojis Messenger \/ Facebook qui ont \u00e9t\u00e9 ajout\u00e9 il y a peu de temps ? \u00c7a tombe bien moi non plus ! D\u00e9sactivons-les !\" \/>\n<meta name=\"twitter:image\" content=\"https:\/\/scrat-tech.fr\/wp-content\/uploads\/2016\/07\/2.jpg\" \/>\n<meta name=\"twitter:site\" content=\"@SCRAT_Rider\" \/>\n<meta name=\"twitter:label1\" content=\"Est. reading time\" \/>\n\t<meta name=\"twitter:data1\" content=\"2 minutes\" \/>\n<script type=\"application\/ld+json\" class=\"yoast-schema-graph\">{\"@context\":\"https:\/\/schema.org\",\"@graph\":[{\"@type\":\"WebPage\",\"@id\":\"https:\/\/scrat-tech.fr\/android\/retrouver-anciens-emojis-messenger\/\",\"url\":\"https:\/\/scrat-tech.fr\/android\/retrouver-anciens-emojis-messenger\/\",\"name\":\"Retrouver les ANCIENS emojis Messenger | Facebook - Facilement\",\"isPartOf\":{\"@id\":\"https:\/\/scrat-tech.fr\/#website\"},\"primaryImageOfPage\":{\"@id\":\"https:\/\/scrat-tech.fr\/android\/retrouver-anciens-emojis-messenger\/#primaryimage\"},\"image\":{\"@id\":\"https:\/\/scrat-tech.fr\/android\/retrouver-anciens-emojis-messenger\/#primaryimage\"},\"thumbnailUrl\":\"https:\/\/scrat-tech.fr\/wp-content\/uploads\/2016\/07\/2.jpg\",\"datePublished\":\"2016-07-28T10:15:39+00:00\",\"dateModified\":\"2017-03-21T13:59:40+00:00\",\"description\":\"Vous n'aimez pas non plus les nouveaux emojis Messenger \/ Facebook qui ont \u00e9t\u00e9 ajout\u00e9 il y a peu de temps ? \u00c7a tombe bien moi non plus ! D\u00e9sactivons-les !\",\"breadcrumb\":{\"@id\":\"https:\/\/scrat-tech.fr\/android\/retrouver-anciens-emojis-messenger\/#breadcrumb\"},\"inLanguage\":\"en-US\",\"potentialAction\":[{\"@type\":\"ReadAction\",\"target\":[\"https:\/\/scrat-tech.fr\/android\/retrouver-anciens-emojis-messenger\/\"]}]},{\"@type\":\"ImageObject\",\"inLanguage\":\"en-US\",\"@id\":\"https:\/\/scrat-tech.fr\/android\/retrouver-anciens-emojis-messenger\/#primaryimage\",\"url\":\"https:\/\/scrat-tech.fr\/wp-content\/uploads\/2016\/07\/2.jpg\",\"contentUrl\":\"https:\/\/scrat-tech.fr\/wp-content\/uploads\/2016\/07\/2.jpg\",\"width\":1920,\"height\":1080,\"caption\":\"emojis messenger facebook smiley anciens\"},{\"@type\":\"BreadcrumbList\",\"@id\":\"https:\/\/scrat-tech.fr\/android\/retrouver-anciens-emojis-messenger\/#breadcrumb\",\"itemListElement\":[{\"@type\":\"ListItem\",\"position\":1,\"name\":\"Accueil\",\"item\":\"https:\/\/scrat-tech.fr\/\"},{\"@type\":\"ListItem\",\"position\":2,\"name\":\"Android\",\"item\":\"https:\/\/www.scrat-tech.fr\/en\/android\/\"},{\"@type\":\"ListItem\",\"position\":3,\"name\":\"Retrouver les ANCIENS emojis sur Messenger &#8211; Facebook\"}]},{\"@type\":\"WebSite\",\"@id\":\"https:\/\/scrat-tech.fr\/#website\",\"url\":\"https:\/\/scrat-tech.fr\/\",\"name\":\"SCRAT\",\"description\":\"\",\"publisher\":{\"@id\":\"https:\/\/scrat-tech.fr\/#organization\"},\"potentialAction\":[{\"@type\":\"SearchAction\",\"target\":{\"@type\":\"EntryPoint\",\"urlTemplate\":\"https:\/\/scrat-tech.fr\/?s={search_term_string}\"},\"query-input\":{\"@type\":\"PropertyValueSpecification\",\"valueRequired\":true,\"valueName\":\"search_term_string\"}}],\"inLanguage\":\"en-US\"},{\"@type\":\"Organization\",\"@id\":\"https:\/\/scrat-tech.fr\/#organization\",\"name\":\"SCRAT\",\"url\":\"https:\/\/scrat-tech.fr\/\",\"logo\":{\"@type\":\"ImageObject\",\"inLanguage\":\"en-US\",\"@id\":\"https:\/\/scrat-tech.fr\/#\/schema\/logo\/image\/\",\"url\":\"https:\/\/scrat-tech.fr\/wp-content\/uploads\/2024\/10\/cropped-tuyu_monte.png\",\"contentUrl\":\"https:\/\/scrat-tech.fr\/wp-content\/uploads\/2024\/10\/cropped-tuyu_monte.png\",\"width\":512,\"height\":512,\"caption\":\"SCRAT\"},\"image\":{\"@id\":\"https:\/\/scrat-tech.fr\/#\/schema\/logo\/image\/\"},\"sameAs\":[\"https:\/\/www.facebook.com\/ScratRider\/\",\"https:\/\/x.com\/SCRAT_Rider\",\"https:\/\/instagram.com\/scrat_rider\",\"https:\/\/youtube.com\/c\/SCRAT\"]}]}<\/script>\n<!-- \/ Yoast SEO Premium plugin. -->","yoast_head_json":{"title":"Find OLD Messenger | Facebook emojis - Easily","description":"You also don&#039;t like the new Messenger\/Facebook emojis that were added recently? That&#039;s good, neither do I! Let&#039;s disable them!","robots":{"index":"index","follow":"follow","max-snippet":"max-snippet:-1","max-image-preview":"max-image-preview:large","max-video-preview":"max-video-preview:-1"},"canonical":"https:\/\/scrat-tech.fr\/en\/android\/find-old-messenger-emojis\/","twitter_card":"summary_large_image","twitter_title":"Retrouver les ANCIENS emojis Messenger | Facebook - Facilement","twitter_description":"Vous n'aimez pas non plus les nouveaux emojis Messenger \/ Facebook qui ont \u00e9t\u00e9 ajout\u00e9 il y a peu de temps ? \u00c7a tombe bien moi non plus ! D\u00e9sactivons-les !","twitter_image":"https:\/\/scrat-tech.fr\/wp-content\/uploads\/2016\/07\/2.jpg","twitter_site":"@SCRAT_Rider","twitter_misc":{"Est. reading time":"2 minutes"},"schema":{"@context":"https:\/\/schema.org","@graph":[{"@type":"WebPage","@id":"https:\/\/scrat-tech.fr\/android\/retrouver-anciens-emojis-messenger\/","url":"https:\/\/scrat-tech.fr\/android\/retrouver-anciens-emojis-messenger\/","name":"Find OLD Messenger | Facebook emojis - Easily","isPartOf":{"@id":"https:\/\/scrat-tech.fr\/#website"},"primaryImageOfPage":{"@id":"https:\/\/scrat-tech.fr\/android\/retrouver-anciens-emojis-messenger\/#primaryimage"},"image":{"@id":"https:\/\/scrat-tech.fr\/android\/retrouver-anciens-emojis-messenger\/#primaryimage"},"thumbnailUrl":"https:\/\/scrat-tech.fr\/wp-content\/uploads\/2016\/07\/2.jpg","datePublished":"2016-07-28T10:15:39+00:00","dateModified":"2017-03-21T13:59:40+00:00","description":"You also don&#039;t like the new Messenger\/Facebook emojis that were added recently? That&#039;s good, neither do I! Let&#039;s disable them!","breadcrumb":{"@id":"https:\/\/scrat-tech.fr\/android\/retrouver-anciens-emojis-messenger\/#breadcrumb"},"inLanguage":"en-US","potentialAction":[{"@type":"ReadAction","target":["https:\/\/scrat-tech.fr\/android\/retrouver-anciens-emojis-messenger\/"]}]},{"@type":"ImageObject","inLanguage":"en-US","@id":"https:\/\/scrat-tech.fr\/android\/retrouver-anciens-emojis-messenger\/#primaryimage","url":"https:\/\/scrat-tech.fr\/wp-content\/uploads\/2016\/07\/2.jpg","contentUrl":"https:\/\/scrat-tech.fr\/wp-content\/uploads\/2016\/07\/2.jpg","width":1920,"height":1080,"caption":"emojis messenger facebook smiley anciens"},{"@type":"BreadcrumbList","@id":"https:\/\/scrat-tech.fr\/android\/retrouver-anciens-emojis-messenger\/#breadcrumb","itemListElement":[{"@type":"ListItem","position":1,"name":"Accueil","item":"https:\/\/scrat-tech.fr\/"},{"@type":"ListItem","position":2,"name":"Android","item":"https:\/\/www.scrat-tech.fr\/en\/android\/"},{"@type":"ListItem","position":3,"name":"Retrouver les ANCIENS emojis sur Messenger &#8211; Facebook"}]},{"@type":"WebSite","@id":"https:\/\/scrat-tech.fr\/#website","url":"https:\/\/scrat-tech.fr\/","name":"SCRAT","description":"","publisher":{"@id":"https:\/\/scrat-tech.fr\/#organization"},"potentialAction":[{"@type":"SearchAction","target":{"@type":"EntryPoint","urlTemplate":"https:\/\/scrat-tech.fr\/?s={search_term_string}"},"query-input":{"@type":"PropertyValueSpecification","valueRequired":true,"valueName":"search_term_string"}}],"inLanguage":"en-US"},{"@type":"Organization","@id":"https:\/\/scrat-tech.fr\/#organization","name":"SCRAT","url":"https:\/\/scrat-tech.fr\/","logo":{"@type":"ImageObject","inLanguage":"en-US","@id":"https:\/\/scrat-tech.fr\/#\/schema\/logo\/image\/","url":"https:\/\/scrat-tech.fr\/wp-content\/uploads\/2024\/10\/cropped-tuyu_monte.png","contentUrl":"https:\/\/scrat-tech.fr\/wp-content\/uploads\/2024\/10\/cropped-tuyu_monte.png","width":512,"height":512,"caption":"SCRAT"},"image":{"@id":"https:\/\/scrat-tech.fr\/#\/schema\/logo\/image\/"},"sameAs":["https:\/\/www.facebook.com\/ScratRider\/","https:\/\/x.com\/SCRAT_Rider","https:\/\/instagram.com\/scrat_rider","https:\/\/youtube.com\/c\/SCRAT"]}]}},"_links":{"self":[{"href":"https:\/\/scrat-tech.fr\/en\/wp-json\/wp\/v2\/pages\/813","targetHints":{"allow":["GET"]}}],"collection":[{"href":"https:\/\/scrat-tech.fr\/en\/wp-json\/wp\/v2\/pages"}],"about":[{"href":"https:\/\/scrat-tech.fr\/en\/wp-json\/wp\/v2\/types\/page"}],"author":[{"embeddable":true,"href":"https:\/\/scrat-tech.fr\/en\/wp-json\/wp\/v2\/users\/2"}],"replies":[{"embeddable":true,"href":"https:\/\/scrat-tech.fr\/en\/wp-json\/wp\/v2\/comments?post=813"}],"version-history":[{"count":0,"href":"https:\/\/scrat-tech.fr\/en\/wp-json\/wp\/v2\/pages\/813\/revisions"}],"up":[{"embeddable":true,"href":"https:\/\/scrat-tech.fr\/en\/wp-json\/wp\/v2\/pages\/37"}],"wp:featuredmedia":[{"embeddable":true,"href":"https:\/\/scrat-tech.fr\/en\/wp-json\/wp\/v2\/media\/814"}],"wp:attachment":[{"href":"https:\/\/scrat-tech.fr\/en\/wp-json\/wp\/v2\/media?parent=813"}],"curies":[{"name":"wp","href":"https:\/\/api.w.org\/{rel}","templated":true}]}}