{"id":729,"date":"2016-06-07T13:04:07","date_gmt":"2016-06-07T11:04:07","guid":{"rendered":"https:\/?page_id=729"},"modified":"2017-11-28T20:31:35","modified_gmt":"2017-11-28T18:31:35","slug":"customize-android","status":"publish","type":"page","link":"https:\/\/scrat-tech.fr\/en\/android\/customize-android\/","title":{"rendered":"CUSTOMIZE - Icons, Wallpapers, Ringtones, Notifications, Live wallpaper... and more!"},"content":{"rendered":"<h3 style=\"text-align: center;\"><strong>With ONE customization app, completely modify your smartphone or tablet with quality content only!<\/strong><\/h3>\n<p style=\"text-align: left;\">\u00a0His name? <strong>ZEDGE<\/strong> ! I&#039;ve been using this app since I got my first phone and I&#039;ve never uninstalled it! This is the best Android customization app for me!<\/p>\n<p style=\"text-align: center;\"><a href=\"http:\/\/www.youtube.com\/user\/game682400?sub_confirmation=1\" target=\"_blank\" rel=\"noopener\"><img decoding=\"async\" class=\"aligncenter wp-image-1766\" src=\"https:\/\/scrat-tech.fr\/wp-content\/uploads\/2016\/11\/abonnez-1024x283.jpg\" width=\"400\" height=\"110\" srcset=\"https:\/\/scrat-tech.fr\/wp-content\/uploads\/2016\/11\/abonnez-1024x283.jpg 1024w, https:\/\/scrat-tech.fr\/wp-content\/uploads\/2016\/11\/abonnez-600x166.jpg 600w, https:\/\/scrat-tech.fr\/wp-content\/uploads\/2016\/11\/abonnez-300x83.jpg 300w, https:\/\/scrat-tech.fr\/wp-content\/uploads\/2016\/11\/abonnez-768x212.jpg 768w, https:\/\/scrat-tech.fr\/wp-content\/uploads\/2016\/11\/abonnez.jpg 1631w\" sizes=\"(max-width: 400px) 100vw, 400px\" \/><\/a><em><span style=\"color: #808080;\">Click here to subscribe and support me, it costs you nothing and makes me happy \ud83d\ude42<\/span><\/em><\/p>\n<p style=\"text-align: left;\">Zedge only offers QUALITY content, whether for simple or animated wallpapers, icons or anything that is sound like notifications, alarms, ringtones...<\/p>\n<p style=\"text-align: left;\">The biggest advantage is that there is no need for any other additional application, Zedge takes care of everything, including the application of personal icons, which do NOT even need to be installed!<\/p>\n<p style=\"text-align: left;\">The application takes care of everything for the installation of what you download, it applies the wallpapers itself, directly offers you to define the ringtones or notifications and for which contact, and applies the icons.<\/p>\n<p style=\"text-align: left;\">Once you have downloaded an item, there is no need to download it again, Zedge remembers it and you just have to click on the button to apply it!<\/p>\n<p style=\"text-align: left;\">Once you have chosen your wallpaper, icons, and ringtones or notifications, if you are happy with them and do not intend to change them, you can uninstall Zedge if you wish, everything you have chosen will remain in place.<\/p>\n<p style=\"text-align: left;\">I highly recommend you to pair Zedge with <strong><a href=\"https:\/\/\/en\/tutoriels-android\/nova-launcher-meilleur-launcher-android\/\" target=\"_blank\" rel=\"noopener\">Nova Launcher<\/a><\/strong> if you are a fan of Android customization! Nova is an ultra customizable launcher in every corner and on top of that it is extremely powerful and stable! Zedge will offer you quality wallpapers and icons that you can match with Nova!<\/p>\n<p style=\"text-align: left;\"><strong>To download Zedge simply click <a href=\"http:\/\/www.clictune.com\/id=628616\" target=\"_blank\" rel=\"noopener\">ICI<\/a>, yes just follow the link in the description of the video on YouTube.<\/strong><\/p>\n<p><iframe width=\"800\" height=\"450\" src=\"https:\/\/www.youtube.com\/embed\/_DblE1ZjpYw?feature=oembed\" frameborder=\"0\" allowfullscreen><\/iframe><\/p>","protected":false},"excerpt":{"rendered":"<p>With ONE customization app, completely modify your smartphone or tablet with only quality content! Its name? ZEDGE! I&#039;ve been using this app since I got my first phone and I&#039;ve never uninstalled it! It&#039;s the best Android customization app for me! Click here to subscribe and [\u2026]<\/p>","protected":false},"author":2,"featured_media":0,"parent":37,"menu_order":0,"comment_status":"closed","ping_status":"open","template":"","meta":{"footnotes":""},"class_list":["post-729","page","type-page","status-publish","hentry"],"yoast_head":"<!-- This site is optimized with the Yoast SEO Premium plugin v24.4 (Yoast SEO v24.4) - https:\/\/yoast.com\/wordpress\/plugins\/seo\/ -->\n<title>PERSONNALISATION - Ic\u00f4nes, Fonds d&#039;\u00e9cran, Sonneries, Notifications ...<\/title>\n<meta name=\"description\" content=\"Poussez la personnalisation d&#039;Android toujours plus loin ! Gr\u00e2ce \u00e0 cette application trouvez des fonds d&#039;\u00e9cran, ic\u00f4nes, sonneries... et bien plus encore !\" \/>\n<meta name=\"robots\" content=\"index, follow, max-snippet:-1, max-image-preview:large, max-video-preview:-1\" \/>\n<link rel=\"canonical\" href=\"https:\/\/scrat-tech.fr\/en\/android\/customize-android\/\" \/>\n<meta name=\"twitter:card\" content=\"summary_large_image\" \/>\n<meta name=\"twitter:title\" content=\"PERSONNALISATION - Ic\u00f4nes, Fonds d&#039;\u00e9cran, Sonneries, Notifications ...\" \/>\n<meta name=\"twitter:description\" content=\"Poussez la personnalisation d&#039;Android toujours plus loin ! Gr\u00e2ce \u00e0 cette application trouvez des fonds d&#039;\u00e9cran, ic\u00f4nes, sonneries... et bien plus encore !\" \/>\n<meta name=\"twitter:image\" content=\"https:\/\/scrat-tech.fr\/wp-content\/uploads\/2016\/11\/abonnez-1024x283.jpg\" \/>\n<meta name=\"twitter:site\" content=\"@SCRAT_Rider\" \/>\n<meta name=\"twitter:label1\" content=\"Est. reading time\" \/>\n\t<meta name=\"twitter:data1\" content=\"2 minutes\" \/>\n<script type=\"application\/ld+json\" class=\"yoast-schema-graph\">{\"@context\":\"https:\/\/schema.org\",\"@graph\":[{\"@type\":\"WebPage\",\"@id\":\"https:\/\/scrat-tech.fr\/android\/personnaliser-android\/\",\"url\":\"https:\/\/scrat-tech.fr\/android\/personnaliser-android\/\",\"name\":\"PERSONNALISATION - Ic\u00f4nes, Fonds d'\u00e9cran, Sonneries, Notifications ...\",\"isPartOf\":{\"@id\":\"https:\/\/scrat-tech.fr\/#website\"},\"primaryImageOfPage\":{\"@id\":\"https:\/\/scrat-tech.fr\/android\/personnaliser-android\/#primaryimage\"},\"image\":{\"@id\":\"https:\/\/scrat-tech.fr\/android\/personnaliser-android\/#primaryimage\"},\"thumbnailUrl\":\"https:\/\/scrat-tech.fr\/wp-content\/uploads\/2016\/11\/abonnez-1024x283.jpg\",\"datePublished\":\"2016-06-07T11:04:07+00:00\",\"dateModified\":\"2017-11-28T18:31:35+00:00\",\"description\":\"Poussez la personnalisation d'Android toujours plus loin ! Gr\u00e2ce \u00e0 cette application trouvez des fonds d'\u00e9cran, ic\u00f4nes, sonneries... et bien plus encore !\",\"breadcrumb\":{\"@id\":\"https:\/\/scrat-tech.fr\/android\/personnaliser-android\/#breadcrumb\"},\"inLanguage\":\"en-US\",\"potentialAction\":[{\"@type\":\"ReadAction\",\"target\":[\"https:\/\/scrat-tech.fr\/android\/personnaliser-android\/\"]}]},{\"@type\":\"ImageObject\",\"inLanguage\":\"en-US\",\"@id\":\"https:\/\/scrat-tech.fr\/android\/personnaliser-android\/#primaryimage\",\"url\":\"https:\/\/scrat-tech.fr\/wp-content\/uploads\/2016\/11\/abonnez-1024x283.jpg\",\"contentUrl\":\"https:\/\/scrat-tech.fr\/wp-content\/uploads\/2016\/11\/abonnez-1024x283.jpg\"},{\"@type\":\"BreadcrumbList\",\"@id\":\"https:\/\/scrat-tech.fr\/android\/personnaliser-android\/#breadcrumb\",\"itemListElement\":[{\"@type\":\"ListItem\",\"position\":1,\"name\":\"Accueil\",\"item\":\"https:\/\/scrat-tech.fr\/\"},{\"@type\":\"ListItem\",\"position\":2,\"name\":\"Android\",\"item\":\"https:\/\/www.scrat-tech.fr\/en\/android\/\"},{\"@type\":\"ListItem\",\"position\":3,\"name\":\"PERSONNALISATION &#8211; Ic\u00f4nes, Fonds d&rsquo;\u00e9cran, Sonneries, Notifications, Live wallpaper&#8230; et plus encore !\"}]},{\"@type\":\"WebSite\",\"@id\":\"https:\/\/scrat-tech.fr\/#website\",\"url\":\"https:\/\/scrat-tech.fr\/\",\"name\":\"SCRAT\",\"description\":\"\",\"publisher\":{\"@id\":\"https:\/\/scrat-tech.fr\/#organization\"},\"potentialAction\":[{\"@type\":\"SearchAction\",\"target\":{\"@type\":\"EntryPoint\",\"urlTemplate\":\"https:\/\/scrat-tech.fr\/?s={search_term_string}\"},\"query-input\":{\"@type\":\"PropertyValueSpecification\",\"valueRequired\":true,\"valueName\":\"search_term_string\"}}],\"inLanguage\":\"en-US\"},{\"@type\":\"Organization\",\"@id\":\"https:\/\/scrat-tech.fr\/#organization\",\"name\":\"SCRAT\",\"url\":\"https:\/\/scrat-tech.fr\/\",\"logo\":{\"@type\":\"ImageObject\",\"inLanguage\":\"en-US\",\"@id\":\"https:\/\/scrat-tech.fr\/#\/schema\/logo\/image\/\",\"url\":\"https:\/\/scrat-tech.fr\/wp-content\/uploads\/2024\/10\/cropped-tuyu_monte.png\",\"contentUrl\":\"https:\/\/scrat-tech.fr\/wp-content\/uploads\/2024\/10\/cropped-tuyu_monte.png\",\"width\":512,\"height\":512,\"caption\":\"SCRAT\"},\"image\":{\"@id\":\"https:\/\/scrat-tech.fr\/#\/schema\/logo\/image\/\"},\"sameAs\":[\"https:\/\/www.facebook.com\/ScratRider\/\",\"https:\/\/x.com\/SCRAT_Rider\",\"https:\/\/instagram.com\/scrat_rider\",\"https:\/\/youtube.com\/c\/SCRAT\"]}]}<\/script>\n<!-- \/ Yoast SEO Premium plugin. -->","yoast_head_json":{"title":"CUSTOMIZATION - Icons, Wallpapers, Ringtones, Notifications...","description":"Take Android customization even further! With this application, find wallpapers, icons, ringtones... and much more!","robots":{"index":"index","follow":"follow","max-snippet":"max-snippet:-1","max-image-preview":"max-image-preview:large","max-video-preview":"max-video-preview:-1"},"canonical":"https:\/\/scrat-tech.fr\/en\/android\/customize-android\/","twitter_card":"summary_large_image","twitter_title":"PERSONNALISATION - Ic\u00f4nes, Fonds d'\u00e9cran, Sonneries, Notifications ...","twitter_description":"Poussez la personnalisation d'Android toujours plus loin ! Gr\u00e2ce \u00e0 cette application trouvez des fonds d'\u00e9cran, ic\u00f4nes, sonneries... et bien plus encore !","twitter_image":"https:\/\/scrat-tech.fr\/wp-content\/uploads\/2016\/11\/abonnez-1024x283.jpg","twitter_site":"@SCRAT_Rider","twitter_misc":{"Est. reading time":"2 minutes"},"schema":{"@context":"https:\/\/schema.org","@graph":[{"@type":"WebPage","@id":"https:\/\/scrat-tech.fr\/android\/personnaliser-android\/","url":"https:\/\/scrat-tech.fr\/android\/personnaliser-android\/","name":"CUSTOMIZATION - Icons, Wallpapers, Ringtones, Notifications...","isPartOf":{"@id":"https:\/\/scrat-tech.fr\/#website"},"primaryImageOfPage":{"@id":"https:\/\/scrat-tech.fr\/android\/personnaliser-android\/#primaryimage"},"image":{"@id":"https:\/\/scrat-tech.fr\/android\/personnaliser-android\/#primaryimage"},"thumbnailUrl":"https:\/\/scrat-tech.fr\/wp-content\/uploads\/2016\/11\/abonnez-1024x283.jpg","datePublished":"2016-06-07T11:04:07+00:00","dateModified":"2017-11-28T18:31:35+00:00","description":"Take Android customization even further! With this application, find wallpapers, icons, ringtones... and much more!","breadcrumb":{"@id":"https:\/\/scrat-tech.fr\/android\/personnaliser-android\/#breadcrumb"},"inLanguage":"en-US","potentialAction":[{"@type":"ReadAction","target":["https:\/\/scrat-tech.fr\/android\/personnaliser-android\/"]}]},{"@type":"ImageObject","inLanguage":"en-US","@id":"https:\/\/scrat-tech.fr\/android\/personnaliser-android\/#primaryimage","url":"https:\/\/scrat-tech.fr\/wp-content\/uploads\/2016\/11\/abonnez-1024x283.jpg","contentUrl":"https:\/\/scrat-tech.fr\/wp-content\/uploads\/2016\/11\/abonnez-1024x283.jpg"},{"@type":"BreadcrumbList","@id":"https:\/\/scrat-tech.fr\/android\/personnaliser-android\/#breadcrumb","itemListElement":[{"@type":"ListItem","position":1,"name":"Accueil","item":"https:\/\/scrat-tech.fr\/"},{"@type":"ListItem","position":2,"name":"Android","item":"https:\/\/www.scrat-tech.fr\/en\/android\/"},{"@type":"ListItem","position":3,"name":"PERSONNALISATION &#8211; Ic\u00f4nes, Fonds d&rsquo;\u00e9cran, Sonneries, Notifications, Live wallpaper&#8230; et plus encore !"}]},{"@type":"WebSite","@id":"https:\/\/scrat-tech.fr\/#website","url":"https:\/\/scrat-tech.fr\/","name":"SCRAT","description":"","publisher":{"@id":"https:\/\/scrat-tech.fr\/#organization"},"potentialAction":[{"@type":"SearchAction","target":{"@type":"EntryPoint","urlTemplate":"https:\/\/scrat-tech.fr\/?s={search_term_string}"},"query-input":{"@type":"PropertyValueSpecification","valueRequired":true,"valueName":"search_term_string"}}],"inLanguage":"en-US"},{"@type":"Organization","@id":"https:\/\/scrat-tech.fr\/#organization","name":"SCRAT","url":"https:\/\/scrat-tech.fr\/","logo":{"@type":"ImageObject","inLanguage":"en-US","@id":"https:\/\/scrat-tech.fr\/#\/schema\/logo\/image\/","url":"https:\/\/scrat-tech.fr\/wp-content\/uploads\/2024\/10\/cropped-tuyu_monte.png","contentUrl":"https:\/\/scrat-tech.fr\/wp-content\/uploads\/2024\/10\/cropped-tuyu_monte.png","width":512,"height":512,"caption":"SCRAT"},"image":{"@id":"https:\/\/scrat-tech.fr\/#\/schema\/logo\/image\/"},"sameAs":["https:\/\/www.facebook.com\/ScratRider\/","https:\/\/x.com\/SCRAT_Rider","https:\/\/instagram.com\/scrat_rider","https:\/\/youtube.com\/c\/SCRAT"]}]}},"_links":{"self":[{"href":"https:\/\/scrat-tech.fr\/en\/wp-json\/wp\/v2\/pages\/729","targetHints":{"allow":["GET"]}}],"collection":[{"href":"https:\/\/scrat-tech.fr\/en\/wp-json\/wp\/v2\/pages"}],"about":[{"href":"https:\/\/scrat-tech.fr\/en\/wp-json\/wp\/v2\/types\/page"}],"author":[{"embeddable":true,"href":"https:\/\/scrat-tech.fr\/en\/wp-json\/wp\/v2\/users\/2"}],"replies":[{"embeddable":true,"href":"https:\/\/scrat-tech.fr\/en\/wp-json\/wp\/v2\/comments?post=729"}],"version-history":[{"count":0,"href":"https:\/\/scrat-tech.fr\/en\/wp-json\/wp\/v2\/pages\/729\/revisions"}],"up":[{"embeddable":true,"href":"https:\/\/scrat-tech.fr\/en\/wp-json\/wp\/v2\/pages\/37"}],"wp:attachment":[{"href":"https:\/\/scrat-tech.fr\/en\/wp-json\/wp\/v2\/media?parent=729"}],"curies":[{"name":"wp","href":"https:\/\/api.w.org\/{rel}","templated":true}]}}