{"id":724,"date":"2016-06-07T13:00:03","date_gmt":"2016-06-07T11:00:03","guid":{"rendered":"https:\/?page_id=724"},"modified":"2017-03-21T14:58:52","modified_gmt":"2017-03-21T12:58:52","slug":"nova-launcher-best-android-launcher","status":"publish","type":"page","link":"https:\/\/scrat-tech.fr\/en\/android\/nova-launcher-best-android-launcher\/","title":{"rendered":"Nova Launcher - BEST Android launcher"},"content":{"rendered":"<h3 style=\"text-align: center;\"><strong>Do you want to have a phone to your liking, easily and WITHOUT root? Thanks to Nova Launcher you will be able to fully customize your device! Moreover it does not affect the performance of your device!<\/strong><\/h3>\n<p style=\"text-align: left;\">Nova Launcher offers a huge selection of customizations in its free version, which is already more than enough, but you can still get the Prime version, which offers some advanced functions that are frankly great (they were free at the beginning).<\/p>\n<p style=\"text-align: center;\"><a href=\"http:\/\/www.youtube.com\/user\/game682400?sub_confirmation=1\" target=\"_blank\"><img decoding=\"async\" class=\"aligncenter wp-image-1766\" src=\"https:\/\/scrat-tech.fr\/wp-content\/uploads\/2016\/11\/abonnez-1024x283.jpg\" width=\"400\" height=\"110\" srcset=\"https:\/\/scrat-tech.fr\/wp-content\/uploads\/2016\/11\/abonnez-1024x283.jpg 1024w, https:\/\/scrat-tech.fr\/wp-content\/uploads\/2016\/11\/abonnez-600x166.jpg 600w, https:\/\/scrat-tech.fr\/wp-content\/uploads\/2016\/11\/abonnez-300x83.jpg 300w, https:\/\/scrat-tech.fr\/wp-content\/uploads\/2016\/11\/abonnez-768x212.jpg 768w, https:\/\/scrat-tech.fr\/wp-content\/uploads\/2016\/11\/abonnez.jpg 1631w\" sizes=\"(max-width: 400px) 100vw, 400px\" \/><\/a><em><span style=\"color: #808080;\">Click here to subscribe and support me, it costs you nothing and makes me happy \ud83d\ude42<\/span><\/em><\/p>\n<p style=\"text-align: left;\">The launcher allows complete customization of your home screen, but also of the dock, widgets, application menu, icons, application names, texts, shadows, animations, folders... and more!<\/p>\n<p style=\"text-align: left;\">ALL features are shown in the video.<\/p>\n<p style=\"text-align: left;\">Unlike many launchers, Nova is the fastest, it is very light, fluid, enormously customizable, it is for me as for many THE launcher to have on your phone or tablet! Try it, you will not want to part with it!<\/p>\n<p style=\"text-align: left;\">Nova, coupled with Zedge (<em>which is the subject of the tutorial published just after this one<\/em>) makes your Android fully customizable! Don&#039;t hesitate to take a look if you also want to personalize your device even more!<\/p>\n<p style=\"text-align: left;\"><strong>You can download Nova by clicking<a href=\"http:\/\/www.clictune.com\/id=627960\" target=\"_blank\"> ICI<\/a> or simply by following the link in the video description.\u00a0<\/strong><\/p>\n<p><iframe width=\"800\" height=\"450\" src=\"https:\/\/www.youtube.com\/embed\/GS9q_vNPim4?feature=oembed\" frameborder=\"0\" allowfullscreen><\/iframe><\/p>","protected":false},"excerpt":{"rendered":"<p>Vous souhaitez avoir un t\u00e9l\u00e9phone \u00e0 votre go\u00fbt, facilement et SANS root ? Gr\u00e2ce \u00e0 Nova Launcher vous pourrez personnaliser int\u00e9gralement votre appareil ! De plus il n&rsquo;affecte pas les performances de votre appareil ! Nova launcher propose dans sa version gratuite un \u00e9norme choix de customisations qui est d\u00e9j\u00e0 amplement suffisant, mais vous pouvez [&hellip;]<\/p>","protected":false},"author":2,"featured_media":0,"parent":37,"menu_order":0,"comment_status":"closed","ping_status":"open","template":"","meta":{"footnotes":""},"class_list":["post-724","page","type-page","status-publish","hentry"],"yoast_head":"<!-- This site is optimized with the Yoast SEO Premium plugin v24.4 (Yoast SEO v24.4) - https:\/\/yoast.com\/wordpress\/plugins\/seo\/ -->\n<title>Nova Launcher - MEILLEUR launcher Android | 100 % Personnalisable<\/title>\n<meta name=\"description\" content=\"Vous recherchez un launcher Android personnalisable et rapide ? Voici NOVA ! Le meilleur et le plus rapide des launcher ! L\u00e9ger, personnalisation pouss\u00e9e ...\" \/>\n<meta name=\"robots\" content=\"index, follow, max-snippet:-1, max-image-preview:large, max-video-preview:-1\" \/>\n<link rel=\"canonical\" href=\"https:\/\/scrat-tech.fr\/en\/android\/nova-launcher-best-android-launcher\/\" \/>\n<meta name=\"twitter:card\" content=\"summary_large_image\" \/>\n<meta name=\"twitter:title\" content=\"Nova Launcher - MEILLEUR launcher Android | 100 % Personnalisable\" \/>\n<meta name=\"twitter:description\" content=\"Vous recherchez un launcher Android personnalisable et rapide ? Voici NOVA ! Le meilleur et le plus rapide des launcher ! L\u00e9ger, personnalisation pouss\u00e9e ...\" \/>\n<meta name=\"twitter:image\" content=\"https:\/\/scrat-tech.fr\/wp-content\/uploads\/2016\/11\/abonnez-1024x283.jpg\" \/>\n<meta name=\"twitter:site\" content=\"@SCRAT_Rider\" \/>\n<meta name=\"twitter:label1\" content=\"Est. reading time\" \/>\n\t<meta name=\"twitter:data1\" content=\"1 minute\" \/>\n<script type=\"application\/ld+json\" class=\"yoast-schema-graph\">{\"@context\":\"https:\/\/schema.org\",\"@graph\":[{\"@type\":\"WebPage\",\"@id\":\"https:\/\/scrat-tech.fr\/android\/nova-launcher-meilleur-launcher-android\/\",\"url\":\"https:\/\/scrat-tech.fr\/android\/nova-launcher-meilleur-launcher-android\/\",\"name\":\"Nova Launcher - MEILLEUR launcher Android | 100 % Personnalisable\",\"isPartOf\":{\"@id\":\"https:\/\/scrat-tech.fr\/#website\"},\"primaryImageOfPage\":{\"@id\":\"https:\/\/scrat-tech.fr\/android\/nova-launcher-meilleur-launcher-android\/#primaryimage\"},\"image\":{\"@id\":\"https:\/\/scrat-tech.fr\/android\/nova-launcher-meilleur-launcher-android\/#primaryimage\"},\"thumbnailUrl\":\"https:\/\/scrat-tech.fr\/wp-content\/uploads\/2016\/11\/abonnez-1024x283.jpg\",\"datePublished\":\"2016-06-07T11:00:03+00:00\",\"dateModified\":\"2017-03-21T12:58:52+00:00\",\"description\":\"Vous recherchez un launcher Android personnalisable et rapide ? Voici NOVA ! Le meilleur et le plus rapide des launcher ! L\u00e9ger, personnalisation pouss\u00e9e ...\",\"breadcrumb\":{\"@id\":\"https:\/\/scrat-tech.fr\/android\/nova-launcher-meilleur-launcher-android\/#breadcrumb\"},\"inLanguage\":\"en-US\",\"potentialAction\":[{\"@type\":\"ReadAction\",\"target\":[\"https:\/\/scrat-tech.fr\/android\/nova-launcher-meilleur-launcher-android\/\"]}]},{\"@type\":\"ImageObject\",\"inLanguage\":\"en-US\",\"@id\":\"https:\/\/scrat-tech.fr\/android\/nova-launcher-meilleur-launcher-android\/#primaryimage\",\"url\":\"https:\/\/scrat-tech.fr\/wp-content\/uploads\/2016\/11\/abonnez-1024x283.jpg\",\"contentUrl\":\"https:\/\/scrat-tech.fr\/wp-content\/uploads\/2016\/11\/abonnez-1024x283.jpg\"},{\"@type\":\"BreadcrumbList\",\"@id\":\"https:\/\/scrat-tech.fr\/android\/nova-launcher-meilleur-launcher-android\/#breadcrumb\",\"itemListElement\":[{\"@type\":\"ListItem\",\"position\":1,\"name\":\"Accueil\",\"item\":\"https:\/\/scrat-tech.fr\/\"},{\"@type\":\"ListItem\",\"position\":2,\"name\":\"Android\",\"item\":\"https:\/\/www.scrat-tech.fr\/en\/android\/\"},{\"@type\":\"ListItem\",\"position\":3,\"name\":\"Nova Launcher &#8211; MEILLEUR launcher Android\"}]},{\"@type\":\"WebSite\",\"@id\":\"https:\/\/scrat-tech.fr\/#website\",\"url\":\"https:\/\/scrat-tech.fr\/\",\"name\":\"SCRAT\",\"description\":\"\",\"publisher\":{\"@id\":\"https:\/\/scrat-tech.fr\/#organization\"},\"potentialAction\":[{\"@type\":\"SearchAction\",\"target\":{\"@type\":\"EntryPoint\",\"urlTemplate\":\"https:\/\/scrat-tech.fr\/?s={search_term_string}\"},\"query-input\":{\"@type\":\"PropertyValueSpecification\",\"valueRequired\":true,\"valueName\":\"search_term_string\"}}],\"inLanguage\":\"en-US\"},{\"@type\":\"Organization\",\"@id\":\"https:\/\/scrat-tech.fr\/#organization\",\"name\":\"SCRAT\",\"url\":\"https:\/\/scrat-tech.fr\/\",\"logo\":{\"@type\":\"ImageObject\",\"inLanguage\":\"en-US\",\"@id\":\"https:\/\/scrat-tech.fr\/#\/schema\/logo\/image\/\",\"url\":\"https:\/\/scrat-tech.fr\/wp-content\/uploads\/2024\/10\/cropped-tuyu_monte.png\",\"contentUrl\":\"https:\/\/scrat-tech.fr\/wp-content\/uploads\/2024\/10\/cropped-tuyu_monte.png\",\"width\":512,\"height\":512,\"caption\":\"SCRAT\"},\"image\":{\"@id\":\"https:\/\/scrat-tech.fr\/#\/schema\/logo\/image\/\"},\"sameAs\":[\"https:\/\/www.facebook.com\/ScratRider\/\",\"https:\/\/x.com\/SCRAT_Rider\",\"https:\/\/instagram.com\/scrat_rider\",\"https:\/\/youtube.com\/c\/SCRAT\"]}]}<\/script>\n<!-- \/ Yoast SEO Premium plugin. -->","yoast_head_json":{"title":"Nova Launcher - BEST Android Launcher | 100 % Customizable","description":"Are you looking for a customizable and fast Android launcher? Here is NOVA! The best and fastest launcher! Lightweight, high customization ...","robots":{"index":"index","follow":"follow","max-snippet":"max-snippet:-1","max-image-preview":"max-image-preview:large","max-video-preview":"max-video-preview:-1"},"canonical":"https:\/\/scrat-tech.fr\/en\/android\/nova-launcher-best-android-launcher\/","twitter_card":"summary_large_image","twitter_title":"Nova Launcher - MEILLEUR launcher Android | 100 % Personnalisable","twitter_description":"Vous recherchez un launcher Android personnalisable et rapide ? Voici NOVA ! Le meilleur et le plus rapide des launcher ! L\u00e9ger, personnalisation pouss\u00e9e ...","twitter_image":"https:\/\/scrat-tech.fr\/wp-content\/uploads\/2016\/11\/abonnez-1024x283.jpg","twitter_site":"@SCRAT_Rider","twitter_misc":{"Est. reading time":"1 minute"},"schema":{"@context":"https:\/\/schema.org","@graph":[{"@type":"WebPage","@id":"https:\/\/scrat-tech.fr\/android\/nova-launcher-meilleur-launcher-android\/","url":"https:\/\/scrat-tech.fr\/android\/nova-launcher-meilleur-launcher-android\/","name":"Nova Launcher - BEST Android Launcher | 100 % Customizable","isPartOf":{"@id":"https:\/\/scrat-tech.fr\/#website"},"primaryImageOfPage":{"@id":"https:\/\/scrat-tech.fr\/android\/nova-launcher-meilleur-launcher-android\/#primaryimage"},"image":{"@id":"https:\/\/scrat-tech.fr\/android\/nova-launcher-meilleur-launcher-android\/#primaryimage"},"thumbnailUrl":"https:\/\/scrat-tech.fr\/wp-content\/uploads\/2016\/11\/abonnez-1024x283.jpg","datePublished":"2016-06-07T11:00:03+00:00","dateModified":"2017-03-21T12:58:52+00:00","description":"Are you looking for a customizable and fast Android launcher? Here is NOVA! The best and fastest launcher! Lightweight, high customization ...","breadcrumb":{"@id":"https:\/\/scrat-tech.fr\/android\/nova-launcher-meilleur-launcher-android\/#breadcrumb"},"inLanguage":"en-US","potentialAction":[{"@type":"ReadAction","target":["https:\/\/scrat-tech.fr\/android\/nova-launcher-meilleur-launcher-android\/"]}]},{"@type":"ImageObject","inLanguage":"en-US","@id":"https:\/\/scrat-tech.fr\/android\/nova-launcher-meilleur-launcher-android\/#primaryimage","url":"https:\/\/scrat-tech.fr\/wp-content\/uploads\/2016\/11\/abonnez-1024x283.jpg","contentUrl":"https:\/\/scrat-tech.fr\/wp-content\/uploads\/2016\/11\/abonnez-1024x283.jpg"},{"@type":"BreadcrumbList","@id":"https:\/\/scrat-tech.fr\/android\/nova-launcher-meilleur-launcher-android\/#breadcrumb","itemListElement":[{"@type":"ListItem","position":1,"name":"Accueil","item":"https:\/\/scrat-tech.fr\/"},{"@type":"ListItem","position":2,"name":"Android","item":"https:\/\/www.scrat-tech.fr\/en\/android\/"},{"@type":"ListItem","position":3,"name":"Nova Launcher &#8211; MEILLEUR launcher Android"}]},{"@type":"WebSite","@id":"https:\/\/scrat-tech.fr\/#website","url":"https:\/\/scrat-tech.fr\/","name":"SCRAT","description":"","publisher":{"@id":"https:\/\/scrat-tech.fr\/#organization"},"potentialAction":[{"@type":"SearchAction","target":{"@type":"EntryPoint","urlTemplate":"https:\/\/scrat-tech.fr\/?s={search_term_string}"},"query-input":{"@type":"PropertyValueSpecification","valueRequired":true,"valueName":"search_term_string"}}],"inLanguage":"en-US"},{"@type":"Organization","@id":"https:\/\/scrat-tech.fr\/#organization","name":"SCRAT","url":"https:\/\/scrat-tech.fr\/","logo":{"@type":"ImageObject","inLanguage":"en-US","@id":"https:\/\/scrat-tech.fr\/#\/schema\/logo\/image\/","url":"https:\/\/scrat-tech.fr\/wp-content\/uploads\/2024\/10\/cropped-tuyu_monte.png","contentUrl":"https:\/\/scrat-tech.fr\/wp-content\/uploads\/2024\/10\/cropped-tuyu_monte.png","width":512,"height":512,"caption":"SCRAT"},"image":{"@id":"https:\/\/scrat-tech.fr\/#\/schema\/logo\/image\/"},"sameAs":["https:\/\/www.facebook.com\/ScratRider\/","https:\/\/x.com\/SCRAT_Rider","https:\/\/instagram.com\/scrat_rider","https:\/\/youtube.com\/c\/SCRAT"]}]}},"_links":{"self":[{"href":"https:\/\/scrat-tech.fr\/en\/wp-json\/wp\/v2\/pages\/724","targetHints":{"allow":["GET"]}}],"collection":[{"href":"https:\/\/scrat-tech.fr\/en\/wp-json\/wp\/v2\/pages"}],"about":[{"href":"https:\/\/scrat-tech.fr\/en\/wp-json\/wp\/v2\/types\/page"}],"author":[{"embeddable":true,"href":"https:\/\/scrat-tech.fr\/en\/wp-json\/wp\/v2\/users\/2"}],"replies":[{"embeddable":true,"href":"https:\/\/scrat-tech.fr\/en\/wp-json\/wp\/v2\/comments?post=724"}],"version-history":[{"count":0,"href":"https:\/\/scrat-tech.fr\/en\/wp-json\/wp\/v2\/pages\/724\/revisions"}],"up":[{"embeddable":true,"href":"https:\/\/scrat-tech.fr\/en\/wp-json\/wp\/v2\/pages\/37"}],"wp:attachment":[{"href":"https:\/\/scrat-tech.fr\/en\/wp-json\/wp\/v2\/media?parent=724"}],"curies":[{"name":"wp","href":"https:\/\/api.w.org\/{rel}","templated":true}]}}