{"id":706,"date":"2016-06-03T13:18:15","date_gmt":"2016-06-03T11:18:15","guid":{"rendered":"https:\/?page_id=706"},"modified":"2017-03-20T16:26:36","modified_gmt":"2017-03-20T14:26:36","slug":"be-4g-everywhere-no-application","status":"publish","type":"page","link":"https:\/\/scrat-tech.fr\/en\/android\/be-4g-everywhere-no-application\/","title":{"rendered":"4G EVERYWHERE!"},"content":{"rendered":"<h3 style=\"text-align: center;\"><strong>Is your mobile internet connection rather poor? You rarely get 4G and spend your time in Edge, 3G, Hotspot, etc.? No worries, here is THE solution!<\/strong><\/h3>\n<p style=\"text-align: left;\">Unlike my previous tutorial on this topic which showed how to somehow allow your phone to connect more often to 4G, this one will connect you only to 4G by force! If you prefer to let your phone manage your connection automatically instead of changing the setting manually I invite you to follow <a href=\"https:\/\/\/en\/tutoriels-android\/forcer-connexion-reseau-4g\/\" target=\"_blank\"><strong>THIS TUTORIAL<\/strong><\/a>.<\/p>\n<p style=\"text-align: center;\"><a href=\"http:\/\/www.youtube.com\/user\/game682400?sub_confirmation=1\" target=\"_blank\"><img decoding=\"async\" class=\"aligncenter wp-image-1766\" src=\"https:\/\/scrat-tech.fr\/wp-content\/uploads\/2016\/11\/abonnez-1024x283.jpg\" width=\"400\" height=\"110\" srcset=\"https:\/\/scrat-tech.fr\/wp-content\/uploads\/2016\/11\/abonnez-1024x283.jpg 1024w, https:\/\/scrat-tech.fr\/wp-content\/uploads\/2016\/11\/abonnez-600x166.jpg 600w, https:\/\/scrat-tech.fr\/wp-content\/uploads\/2016\/11\/abonnez-300x83.jpg 300w, https:\/\/scrat-tech.fr\/wp-content\/uploads\/2016\/11\/abonnez-768x212.jpg 768w, https:\/\/scrat-tech.fr\/wp-content\/uploads\/2016\/11\/abonnez.jpg 1631w\" sizes=\"(max-width: 400px) 100vw, 400px\" \/><\/a><em><span style=\"color: #808080;\">Click here to subscribe and support me, it costs you nothing and makes me happy \ud83d\ude42<\/span><\/em><\/p>\n<p style=\"text-align: left;\">You will be able to connect to it almost everywhere! Well, obviously there has to be an antenna nearby, it&#039;s certain that in the middle of the ocean you will have trouble receiving! The goal of the manipulation is to change the connection of your phone, in a way when the latter is currently connected to another network (3G, H+, E...) and a 4G antenna is not far away, often the device will ignore it, who knows why but that&#039;s how it works. We will therefore force it to connect to this antenna that it ignores by &quot;depriving&quot; it of all other networks.<\/p>\n<p style=\"text-align: left;\"><strong>Two videos, two scenarios, 2 solutions:<\/strong><br \/>\n-The code works: watch the first video.<br \/>\n-The code is locked: watch the second video.<\/p>\n<p style=\"text-align: left;\">First of all, you need to know that your phone <strong>must<\/strong> be 4G compatible (<em>crazy right?<\/em>) and the code works. If nothing happens when entering or calling the code, then either your version of Android is incompatible or the setting is blocked by your device manufacturer (<em>see the site in the video description for more details<\/em>).<\/p>\n<p style=\"text-align: left;\"><span style=\"text-decoration: underline;\">The code to enter:<\/span><br \/>\n<strong>*#*#4636#*#*<\/strong><\/p>\n<p style=\"text-align: left;\">You can either stay in LTE only and only receive 4G (<strong>ATTENTION:<\/strong> <em>you may no longer have all the communication services: for me, SMS works but it is impossible to make or receive a call<\/em>)<\/p>\n<p style=\"text-align: left;\">If even after changing the setting your phone still does not connect to 4G, it means that you are in an area that is not covered, or at least not by your operator.<\/p>\n<p style=\"text-align: left;\">What I advise you is that once the manipulation is done and your phone connected in 4G, put the default setting back, like that you will remain connected and will be able to receive calls or make them.<br \/>\nOn the other hand, you need to know a few details:<br \/>\nIf you are on a call, 4G is disabled by default, so it is possible that at the end of your call you will be connected to another network again, so you will have to do the manipulation again. If you lock your device, sometimes it will favor other networks in order to save battery and credit, if you do not need to make a phone call leave the option enabled to stay connected. If you disable the option and move the phone could restart a network search and switch to another, again, if you do not have a call to make leave the option enabled.<\/p>\n<p><iframe width=\"800\" height=\"450\" src=\"https:\/\/www.youtube.com\/embed\/fJPYSGJXbnE?feature=oembed\" frameborder=\"0\" allowfullscreen><\/iframe><\/p>\n<p><iframe width=\"800\" height=\"450\" src=\"https:\/\/www.youtube.com\/embed\/rZEWwiaGKOE?feature=oembed\" frameborder=\"0\" allowfullscreen><\/iframe><\/p>","protected":false},"excerpt":{"rendered":"<p>Is your mobile internet connection rather poor? Do you rarely get 4G and spend all your time on Edge, 3G, Hotspot, etc.? No worries, here&#039;s THE solution! Unlike my previous tutorial on this subject, which showed how to somehow allow your phone to connect more [\u2026]<\/p>","protected":false},"author":2,"featured_media":0,"parent":37,"menu_order":0,"comment_status":"closed","ping_status":"open","template":"","meta":{"footnotes":""},"class_list":["post-706","page","type-page","status-publish","hentry"],"yoast_head":"<!-- This site is optimized with the Yoast SEO Premium plugin v24.4 (Yoast SEO v24.4) - https:\/\/yoast.com\/wordpress\/plugins\/seo\/ -->\n<title>\u00catre en 4G PARTOUT ! SANS aucune application, SANS root | Android<\/title>\n<meta name=\"description\" content=\"Votre connexion internet au r\u00e9seau mobile est plut\u00f4t m\u00e9diocre ? Vous ne captez que tr\u00e8s rarement la 4G ? Dans ce cas forcez tout simplement la 4G !\" \/>\n<meta name=\"robots\" content=\"index, follow, max-snippet:-1, max-image-preview:large, max-video-preview:-1\" \/>\n<link rel=\"canonical\" href=\"https:\/\/scrat-tech.fr\/en\/android\/be-4g-everywhere-no-application\/\" \/>\n<meta name=\"twitter:card\" content=\"summary_large_image\" \/>\n<meta name=\"twitter:title\" content=\"\u00catre en 4G PARTOUT ! SANS aucune application, SANS root | Android\" \/>\n<meta name=\"twitter:description\" content=\"Votre connexion internet au r\u00e9seau mobile est plut\u00f4t m\u00e9diocre ? Vous ne captez que tr\u00e8s rarement la 4G ? Dans ce cas forcez tout simplement la 4G !\" \/>\n<meta name=\"twitter:image\" content=\"https:\/\/scrat-tech.fr\/wp-content\/uploads\/2016\/11\/abonnez-1024x283.jpg\" \/>\n<meta name=\"twitter:site\" content=\"@SCRAT_Rider\" \/>\n<meta name=\"twitter:label1\" content=\"Est. reading time\" \/>\n\t<meta name=\"twitter:data1\" content=\"3 minutes\" \/>\n<script type=\"application\/ld+json\" class=\"yoast-schema-graph\">{\"@context\":\"https:\/\/schema.org\",\"@graph\":[{\"@type\":\"WebPage\",\"@id\":\"https:\/\/scrat-tech.fr\/android\/etre-4g-partout-aucune-application\/\",\"url\":\"https:\/\/scrat-tech.fr\/android\/etre-4g-partout-aucune-application\/\",\"name\":\"\u00catre en 4G PARTOUT ! SANS aucune application, SANS root | Android\",\"isPartOf\":{\"@id\":\"https:\/\/scrat-tech.fr\/#website\"},\"primaryImageOfPage\":{\"@id\":\"https:\/\/scrat-tech.fr\/android\/etre-4g-partout-aucune-application\/#primaryimage\"},\"image\":{\"@id\":\"https:\/\/scrat-tech.fr\/android\/etre-4g-partout-aucune-application\/#primaryimage\"},\"thumbnailUrl\":\"https:\/\/scrat-tech.fr\/wp-content\/uploads\/2016\/11\/abonnez-1024x283.jpg\",\"datePublished\":\"2016-06-03T11:18:15+00:00\",\"dateModified\":\"2017-03-20T14:26:36+00:00\",\"description\":\"Votre connexion internet au r\u00e9seau mobile est plut\u00f4t m\u00e9diocre ? Vous ne captez que tr\u00e8s rarement la 4G ? Dans ce cas forcez tout simplement la 4G !\",\"breadcrumb\":{\"@id\":\"https:\/\/scrat-tech.fr\/android\/etre-4g-partout-aucune-application\/#breadcrumb\"},\"inLanguage\":\"en-US\",\"potentialAction\":[{\"@type\":\"ReadAction\",\"target\":[\"https:\/\/scrat-tech.fr\/android\/etre-4g-partout-aucune-application\/\"]}]},{\"@type\":\"ImageObject\",\"inLanguage\":\"en-US\",\"@id\":\"https:\/\/scrat-tech.fr\/android\/etre-4g-partout-aucune-application\/#primaryimage\",\"url\":\"https:\/\/scrat-tech.fr\/wp-content\/uploads\/2016\/11\/abonnez-1024x283.jpg\",\"contentUrl\":\"https:\/\/scrat-tech.fr\/wp-content\/uploads\/2016\/11\/abonnez-1024x283.jpg\"},{\"@type\":\"BreadcrumbList\",\"@id\":\"https:\/\/scrat-tech.fr\/android\/etre-4g-partout-aucune-application\/#breadcrumb\",\"itemListElement\":[{\"@type\":\"ListItem\",\"position\":1,\"name\":\"Accueil\",\"item\":\"https:\/\/scrat-tech.fr\/\"},{\"@type\":\"ListItem\",\"position\":2,\"name\":\"Android\",\"item\":\"https:\/\/www.scrat-tech.fr\/en\/android\/\"},{\"@type\":\"ListItem\",\"position\":3,\"name\":\"\u00catre en 4G PARTOUT !\"}]},{\"@type\":\"WebSite\",\"@id\":\"https:\/\/scrat-tech.fr\/#website\",\"url\":\"https:\/\/scrat-tech.fr\/\",\"name\":\"SCRAT\",\"description\":\"\",\"publisher\":{\"@id\":\"https:\/\/scrat-tech.fr\/#organization\"},\"potentialAction\":[{\"@type\":\"SearchAction\",\"target\":{\"@type\":\"EntryPoint\",\"urlTemplate\":\"https:\/\/scrat-tech.fr\/?s={search_term_string}\"},\"query-input\":{\"@type\":\"PropertyValueSpecification\",\"valueRequired\":true,\"valueName\":\"search_term_string\"}}],\"inLanguage\":\"en-US\"},{\"@type\":\"Organization\",\"@id\":\"https:\/\/scrat-tech.fr\/#organization\",\"name\":\"SCRAT\",\"url\":\"https:\/\/scrat-tech.fr\/\",\"logo\":{\"@type\":\"ImageObject\",\"inLanguage\":\"en-US\",\"@id\":\"https:\/\/scrat-tech.fr\/#\/schema\/logo\/image\/\",\"url\":\"https:\/\/scrat-tech.fr\/wp-content\/uploads\/2024\/10\/cropped-tuyu_monte.png\",\"contentUrl\":\"https:\/\/scrat-tech.fr\/wp-content\/uploads\/2024\/10\/cropped-tuyu_monte.png\",\"width\":512,\"height\":512,\"caption\":\"SCRAT\"},\"image\":{\"@id\":\"https:\/\/scrat-tech.fr\/#\/schema\/logo\/image\/\"},\"sameAs\":[\"https:\/\/www.facebook.com\/ScratRider\/\",\"https:\/\/x.com\/SCRAT_Rider\",\"https:\/\/instagram.com\/scrat_rider\",\"https:\/\/youtube.com\/c\/SCRAT\"]}]}<\/script>\n<!-- \/ Yoast SEO Premium plugin. -->","yoast_head_json":{"title":"Be in 4G EVERYWHERE! WITHOUT any application, WITHOUT root | Android","description":"Is your mobile internet connection rather poor? Do you rarely get 4G? In this case, simply force 4G!","robots":{"index":"index","follow":"follow","max-snippet":"max-snippet:-1","max-image-preview":"max-image-preview:large","max-video-preview":"max-video-preview:-1"},"canonical":"https:\/\/scrat-tech.fr\/en\/android\/be-4g-everywhere-no-application\/","twitter_card":"summary_large_image","twitter_title":"\u00catre en 4G PARTOUT ! SANS aucune application, SANS root | Android","twitter_description":"Votre connexion internet au r\u00e9seau mobile est plut\u00f4t m\u00e9diocre ? Vous ne captez que tr\u00e8s rarement la 4G ? Dans ce cas forcez tout simplement la 4G !","twitter_image":"https:\/\/scrat-tech.fr\/wp-content\/uploads\/2016\/11\/abonnez-1024x283.jpg","twitter_site":"@SCRAT_Rider","twitter_misc":{"Est. reading time":"3 minutes"},"schema":{"@context":"https:\/\/schema.org","@graph":[{"@type":"WebPage","@id":"https:\/\/scrat-tech.fr\/android\/etre-4g-partout-aucune-application\/","url":"https:\/\/scrat-tech.fr\/android\/etre-4g-partout-aucune-application\/","name":"Be in 4G EVERYWHERE! WITHOUT any application, WITHOUT root | Android","isPartOf":{"@id":"https:\/\/scrat-tech.fr\/#website"},"primaryImageOfPage":{"@id":"https:\/\/scrat-tech.fr\/android\/etre-4g-partout-aucune-application\/#primaryimage"},"image":{"@id":"https:\/\/scrat-tech.fr\/android\/etre-4g-partout-aucune-application\/#primaryimage"},"thumbnailUrl":"https:\/\/scrat-tech.fr\/wp-content\/uploads\/2016\/11\/abonnez-1024x283.jpg","datePublished":"2016-06-03T11:18:15+00:00","dateModified":"2017-03-20T14:26:36+00:00","description":"Is your mobile internet connection rather poor? Do you rarely get 4G? In this case, simply force 4G!","breadcrumb":{"@id":"https:\/\/scrat-tech.fr\/android\/etre-4g-partout-aucune-application\/#breadcrumb"},"inLanguage":"en-US","potentialAction":[{"@type":"ReadAction","target":["https:\/\/scrat-tech.fr\/android\/etre-4g-partout-aucune-application\/"]}]},{"@type":"ImageObject","inLanguage":"en-US","@id":"https:\/\/scrat-tech.fr\/android\/etre-4g-partout-aucune-application\/#primaryimage","url":"https:\/\/scrat-tech.fr\/wp-content\/uploads\/2016\/11\/abonnez-1024x283.jpg","contentUrl":"https:\/\/scrat-tech.fr\/wp-content\/uploads\/2016\/11\/abonnez-1024x283.jpg"},{"@type":"BreadcrumbList","@id":"https:\/\/scrat-tech.fr\/android\/etre-4g-partout-aucune-application\/#breadcrumb","itemListElement":[{"@type":"ListItem","position":1,"name":"Accueil","item":"https:\/\/scrat-tech.fr\/"},{"@type":"ListItem","position":2,"name":"Android","item":"https:\/\/www.scrat-tech.fr\/en\/android\/"},{"@type":"ListItem","position":3,"name":"\u00catre en 4G PARTOUT !"}]},{"@type":"WebSite","@id":"https:\/\/scrat-tech.fr\/#website","url":"https:\/\/scrat-tech.fr\/","name":"SCRAT","description":"","publisher":{"@id":"https:\/\/scrat-tech.fr\/#organization"},"potentialAction":[{"@type":"SearchAction","target":{"@type":"EntryPoint","urlTemplate":"https:\/\/scrat-tech.fr\/?s={search_term_string}"},"query-input":{"@type":"PropertyValueSpecification","valueRequired":true,"valueName":"search_term_string"}}],"inLanguage":"en-US"},{"@type":"Organization","@id":"https:\/\/scrat-tech.fr\/#organization","name":"SCRAT","url":"https:\/\/scrat-tech.fr\/","logo":{"@type":"ImageObject","inLanguage":"en-US","@id":"https:\/\/scrat-tech.fr\/#\/schema\/logo\/image\/","url":"https:\/\/scrat-tech.fr\/wp-content\/uploads\/2024\/10\/cropped-tuyu_monte.png","contentUrl":"https:\/\/scrat-tech.fr\/wp-content\/uploads\/2024\/10\/cropped-tuyu_monte.png","width":512,"height":512,"caption":"SCRAT"},"image":{"@id":"https:\/\/scrat-tech.fr\/#\/schema\/logo\/image\/"},"sameAs":["https:\/\/www.facebook.com\/ScratRider\/","https:\/\/x.com\/SCRAT_Rider","https:\/\/instagram.com\/scrat_rider","https:\/\/youtube.com\/c\/SCRAT"]}]}},"_links":{"self":[{"href":"https:\/\/scrat-tech.fr\/en\/wp-json\/wp\/v2\/pages\/706","targetHints":{"allow":["GET"]}}],"collection":[{"href":"https:\/\/scrat-tech.fr\/en\/wp-json\/wp\/v2\/pages"}],"about":[{"href":"https:\/\/scrat-tech.fr\/en\/wp-json\/wp\/v2\/types\/page"}],"author":[{"embeddable":true,"href":"https:\/\/scrat-tech.fr\/en\/wp-json\/wp\/v2\/users\/2"}],"replies":[{"embeddable":true,"href":"https:\/\/scrat-tech.fr\/en\/wp-json\/wp\/v2\/comments?post=706"}],"version-history":[{"count":0,"href":"https:\/\/scrat-tech.fr\/en\/wp-json\/wp\/v2\/pages\/706\/revisions"}],"up":[{"embeddable":true,"href":"https:\/\/scrat-tech.fr\/en\/wp-json\/wp\/v2\/pages\/37"}],"wp:attachment":[{"href":"https:\/\/scrat-tech.fr\/en\/wp-json\/wp\/v2\/media?parent=706"}],"curies":[{"name":"wp","href":"https:\/\/api.w.org\/{rel}","templated":true}]}}