{"id":681,"date":"2016-04-24T17:01:22","date_gmt":"2016-04-24T15:01:22","guid":{"rendered":"https:\/?page_id=681"},"modified":"2017-03-22T16:47:40","modified_gmt":"2017-03-22T14:47:40","slug":"recover-thumbnails-of-youtube-videos-full-hd","status":"publish","type":"page","link":"https:\/\/scrat-tech.fr\/en\/windows\/recover-thumbnails-of-youtube-videos-full-hd\/","title":{"rendered":"Retrieve YouTube Video Thumbnails in Full HD"},"content":{"rendered":"<h3 style=\"text-align: center;\"><strong>Need to grab a thumbnail of one of your videos or even a random video? Useful for some people, in my case it&#039;s to put them on the site as a page illustration.<\/strong><\/h3>\n<p style=\"text-align: left;\">A site and nothing else! And yes, the simple site whose link is in the description of the video on YouTube and that&#039;s it, it works with any thumbnail!<\/p>\n<p style=\"text-align: center;\"><a href=\"http:\/\/www.youtube.com\/user\/game682400?sub_confirmation=1\" target=\"_blank\"><img decoding=\"async\" class=\"aligncenter wp-image-1766\" src=\"https:\/\/scrat-tech.fr\/wp-content\/uploads\/2016\/11\/abonnez-1024x283.jpg\" width=\"400\" height=\"110\" srcset=\"https:\/\/scrat-tech.fr\/wp-content\/uploads\/2016\/11\/abonnez-1024x283.jpg 1024w, https:\/\/scrat-tech.fr\/wp-content\/uploads\/2016\/11\/abonnez-600x166.jpg 600w, https:\/\/scrat-tech.fr\/wp-content\/uploads\/2016\/11\/abonnez-300x83.jpg 300w, https:\/\/scrat-tech.fr\/wp-content\/uploads\/2016\/11\/abonnez-768x212.jpg 768w, https:\/\/scrat-tech.fr\/wp-content\/uploads\/2016\/11\/abonnez.jpg 1631w\" sizes=\"(max-width: 400px) 100vw, 400px\" \/><\/a><em><span style=\"color: #808080;\">Click here to subscribe and support me, it costs you nothing and makes me happy \ud83d\ude42<\/span><\/em><\/p>\n<p style=\"text-align: left;\">If you need to recover a thumbnail of one of your YouTube videos or any other video, only one site is enough. Whether it is to modify it, reuse it for another of your videos or add it as an illustration on a site, a blog or a forum, YouTube Thumbnail Generator is there for that! This site allows you to recover a thumbnail in the maximum possible quality, because YouTube does not compress them, therefore, if a thumbnail was uploaded in 1920 x 1080 you will recover it in this format exactly with the original quality.<\/p>\n<p style=\"text-align: left;\">Paste the URL of the video in question and then different thumbnail sizes will appear, take the largest one (at the very bottom) and drag and drop it into a new tab, save the image and you will have it in the maximum size and best quality possible!<\/p>\n<p style=\"text-align: left;\"><strong>The page to use to instantly retrieve a thumbnail is accessible by clicking <a href=\"http:\/\/www.clictune.com\/id=619705\" target=\"_blank\">ICI<\/a>or simply follow the link in the video description on YouTube.<\/strong><\/p>\n<p>https:\/\/www.youtube.com\/watch?v=rA98CHe1sV4<\/p>","protected":false},"excerpt":{"rendered":"<p>Need to grab a thumbnail of one of your videos or even a random video? Useful for some people, in my case it&#039;s to put them on the site as page illustration. A site and nothing else! And yes, the simple site whose link is in the description of the video on [\u2026]<\/p>","protected":false},"author":2,"featured_media":0,"parent":40,"menu_order":0,"comment_status":"closed","ping_status":"open","template":"","meta":{"footnotes":""},"class_list":["post-681","page","type-page","status-publish","hentry"],"yoast_head":"<!-- This site is optimized with the Yoast SEO Premium plugin v24.4 (Yoast SEO v24.4) - https:\/\/yoast.com\/wordpress\/plugins\/seo\/ -->\n<title>R\u00e9cup\u00e9rer une miniature de vid\u00e9o YouTube en HD sans logiciel | TUTO<\/title>\n<meta name=\"description\" content=\"Besoin de r\u00e9cup\u00e9rer une miniature d&#039;une vid\u00e9os sur YouTube ? Gr\u00e2ce \u00e0 ce site vous serez en mesure de les t\u00e9l\u00e9charger en qualit\u00e9 maximale !\" \/>\n<meta name=\"robots\" content=\"index, follow, max-snippet:-1, max-image-preview:large, max-video-preview:-1\" \/>\n<link rel=\"canonical\" href=\"https:\/\/scrat-tech.fr\/en\/windows\/recover-thumbnails-of-youtube-videos-full-hd\/\" \/>\n<meta name=\"twitter:card\" content=\"summary_large_image\" \/>\n<meta name=\"twitter:title\" content=\"R\u00e9cup\u00e9rer une miniature de vid\u00e9o YouTube en HD sans logiciel | TUTO\" \/>\n<meta name=\"twitter:description\" content=\"Besoin de r\u00e9cup\u00e9rer une miniature d&#039;une vid\u00e9os sur YouTube ? Gr\u00e2ce \u00e0 ce site vous serez en mesure de les t\u00e9l\u00e9charger en qualit\u00e9 maximale !\" \/>\n<meta name=\"twitter:image\" content=\"https:\/\/scrat-tech.fr\/wp-content\/uploads\/2016\/11\/abonnez-1024x283.jpg\" \/>\n<meta name=\"twitter:site\" content=\"@SCRAT_Rider\" \/>\n<meta name=\"twitter:label1\" content=\"Est. reading time\" \/>\n\t<meta name=\"twitter:data1\" content=\"1 minute\" \/>\n<script type=\"application\/ld+json\" class=\"yoast-schema-graph\">{\"@context\":\"https:\/\/schema.org\",\"@graph\":[{\"@type\":\"WebPage\",\"@id\":\"https:\/\/scrat-tech.fr\/windows\/recuperer-miniatures-de-videos-youtube-full-hd\/\",\"url\":\"https:\/\/scrat-tech.fr\/windows\/recuperer-miniatures-de-videos-youtube-full-hd\/\",\"name\":\"R\u00e9cup\u00e9rer une miniature de vid\u00e9o YouTube en HD sans logiciel | TUTO\",\"isPartOf\":{\"@id\":\"https:\/\/scrat-tech.fr\/#website\"},\"primaryImageOfPage\":{\"@id\":\"https:\/\/scrat-tech.fr\/windows\/recuperer-miniatures-de-videos-youtube-full-hd\/#primaryimage\"},\"image\":{\"@id\":\"https:\/\/scrat-tech.fr\/windows\/recuperer-miniatures-de-videos-youtube-full-hd\/#primaryimage\"},\"thumbnailUrl\":\"https:\/\/scrat-tech.fr\/wp-content\/uploads\/2016\/11\/abonnez-1024x283.jpg\",\"datePublished\":\"2016-04-24T15:01:22+00:00\",\"dateModified\":\"2017-03-22T14:47:40+00:00\",\"description\":\"Besoin de r\u00e9cup\u00e9rer une miniature d'une vid\u00e9os sur YouTube ? Gr\u00e2ce \u00e0 ce site vous serez en mesure de les t\u00e9l\u00e9charger en qualit\u00e9 maximale !\",\"breadcrumb\":{\"@id\":\"https:\/\/scrat-tech.fr\/windows\/recuperer-miniatures-de-videos-youtube-full-hd\/#breadcrumb\"},\"inLanguage\":\"en-US\",\"potentialAction\":[{\"@type\":\"ReadAction\",\"target\":[\"https:\/\/scrat-tech.fr\/windows\/recuperer-miniatures-de-videos-youtube-full-hd\/\"]}]},{\"@type\":\"ImageObject\",\"inLanguage\":\"en-US\",\"@id\":\"https:\/\/scrat-tech.fr\/windows\/recuperer-miniatures-de-videos-youtube-full-hd\/#primaryimage\",\"url\":\"https:\/\/scrat-tech.fr\/wp-content\/uploads\/2016\/11\/abonnez-1024x283.jpg\",\"contentUrl\":\"https:\/\/scrat-tech.fr\/wp-content\/uploads\/2016\/11\/abonnez-1024x283.jpg\"},{\"@type\":\"BreadcrumbList\",\"@id\":\"https:\/\/scrat-tech.fr\/windows\/recuperer-miniatures-de-videos-youtube-full-hd\/#breadcrumb\",\"itemListElement\":[{\"@type\":\"ListItem\",\"position\":1,\"name\":\"Accueil\",\"item\":\"https:\/\/scrat-tech.fr\/\"},{\"@type\":\"ListItem\",\"position\":2,\"name\":\"Windows\",\"item\":\"https:\/\/scrat-tech.fr\/en\/windows\/\"},{\"@type\":\"ListItem\",\"position\":3,\"name\":\"R\u00e9cup\u00e9rer les miniatures de vid\u00e9os YouTube en Full HD\"}]},{\"@type\":\"WebSite\",\"@id\":\"https:\/\/scrat-tech.fr\/#website\",\"url\":\"https:\/\/scrat-tech.fr\/\",\"name\":\"SCRAT\",\"description\":\"\",\"publisher\":{\"@id\":\"https:\/\/scrat-tech.fr\/#organization\"},\"potentialAction\":[{\"@type\":\"SearchAction\",\"target\":{\"@type\":\"EntryPoint\",\"urlTemplate\":\"https:\/\/scrat-tech.fr\/?s={search_term_string}\"},\"query-input\":{\"@type\":\"PropertyValueSpecification\",\"valueRequired\":true,\"valueName\":\"search_term_string\"}}],\"inLanguage\":\"en-US\"},{\"@type\":\"Organization\",\"@id\":\"https:\/\/scrat-tech.fr\/#organization\",\"name\":\"SCRAT\",\"url\":\"https:\/\/scrat-tech.fr\/\",\"logo\":{\"@type\":\"ImageObject\",\"inLanguage\":\"en-US\",\"@id\":\"https:\/\/scrat-tech.fr\/#\/schema\/logo\/image\/\",\"url\":\"https:\/\/scrat-tech.fr\/wp-content\/uploads\/2024\/10\/cropped-tuyu_monte.png\",\"contentUrl\":\"https:\/\/scrat-tech.fr\/wp-content\/uploads\/2024\/10\/cropped-tuyu_monte.png\",\"width\":512,\"height\":512,\"caption\":\"SCRAT\"},\"image\":{\"@id\":\"https:\/\/scrat-tech.fr\/#\/schema\/logo\/image\/\"},\"sameAs\":[\"https:\/\/www.facebook.com\/ScratRider\/\",\"https:\/\/x.com\/SCRAT_Rider\",\"https:\/\/instagram.com\/scrat_rider\",\"https:\/\/youtube.com\/c\/SCRAT\"]}]}<\/script>\n<!-- \/ Yoast SEO Premium plugin. -->","yoast_head_json":{"title":"Retrieve a YouTube video thumbnail in HD without software | TUTORIAL","description":"Need to retrieve a thumbnail of a video on YouTube? Thanks to this site you will be able to download them in maximum quality!","robots":{"index":"index","follow":"follow","max-snippet":"max-snippet:-1","max-image-preview":"max-image-preview:large","max-video-preview":"max-video-preview:-1"},"canonical":"https:\/\/scrat-tech.fr\/en\/windows\/recover-thumbnails-of-youtube-videos-full-hd\/","twitter_card":"summary_large_image","twitter_title":"R\u00e9cup\u00e9rer une miniature de vid\u00e9o YouTube en HD sans logiciel | TUTO","twitter_description":"Besoin de r\u00e9cup\u00e9rer une miniature d'une vid\u00e9os sur YouTube ? Gr\u00e2ce \u00e0 ce site vous serez en mesure de les t\u00e9l\u00e9charger en qualit\u00e9 maximale !","twitter_image":"https:\/\/scrat-tech.fr\/wp-content\/uploads\/2016\/11\/abonnez-1024x283.jpg","twitter_site":"@SCRAT_Rider","twitter_misc":{"Est. reading time":"1 minute"},"schema":{"@context":"https:\/\/schema.org","@graph":[{"@type":"WebPage","@id":"https:\/\/scrat-tech.fr\/windows\/recuperer-miniatures-de-videos-youtube-full-hd\/","url":"https:\/\/scrat-tech.fr\/windows\/recuperer-miniatures-de-videos-youtube-full-hd\/","name":"Retrieve a YouTube video thumbnail in HD without software | TUTORIAL","isPartOf":{"@id":"https:\/\/scrat-tech.fr\/#website"},"primaryImageOfPage":{"@id":"https:\/\/scrat-tech.fr\/windows\/recuperer-miniatures-de-videos-youtube-full-hd\/#primaryimage"},"image":{"@id":"https:\/\/scrat-tech.fr\/windows\/recuperer-miniatures-de-videos-youtube-full-hd\/#primaryimage"},"thumbnailUrl":"https:\/\/scrat-tech.fr\/wp-content\/uploads\/2016\/11\/abonnez-1024x283.jpg","datePublished":"2016-04-24T15:01:22+00:00","dateModified":"2017-03-22T14:47:40+00:00","description":"Need to retrieve a thumbnail of a video on YouTube? Thanks to this site you will be able to download them in maximum quality!","breadcrumb":{"@id":"https:\/\/scrat-tech.fr\/windows\/recuperer-miniatures-de-videos-youtube-full-hd\/#breadcrumb"},"inLanguage":"en-US","potentialAction":[{"@type":"ReadAction","target":["https:\/\/scrat-tech.fr\/windows\/recuperer-miniatures-de-videos-youtube-full-hd\/"]}]},{"@type":"ImageObject","inLanguage":"en-US","@id":"https:\/\/scrat-tech.fr\/windows\/recuperer-miniatures-de-videos-youtube-full-hd\/#primaryimage","url":"https:\/\/scrat-tech.fr\/wp-content\/uploads\/2016\/11\/abonnez-1024x283.jpg","contentUrl":"https:\/\/scrat-tech.fr\/wp-content\/uploads\/2016\/11\/abonnez-1024x283.jpg"},{"@type":"BreadcrumbList","@id":"https:\/\/scrat-tech.fr\/windows\/recuperer-miniatures-de-videos-youtube-full-hd\/#breadcrumb","itemListElement":[{"@type":"ListItem","position":1,"name":"Accueil","item":"https:\/\/scrat-tech.fr\/"},{"@type":"ListItem","position":2,"name":"Windows","item":"https:\/\/scrat-tech.fr\/en\/windows\/"},{"@type":"ListItem","position":3,"name":"R\u00e9cup\u00e9rer les miniatures de vid\u00e9os YouTube en Full HD"}]},{"@type":"WebSite","@id":"https:\/\/scrat-tech.fr\/#website","url":"https:\/\/scrat-tech.fr\/","name":"SCRAT","description":"","publisher":{"@id":"https:\/\/scrat-tech.fr\/#organization"},"potentialAction":[{"@type":"SearchAction","target":{"@type":"EntryPoint","urlTemplate":"https:\/\/scrat-tech.fr\/?s={search_term_string}"},"query-input":{"@type":"PropertyValueSpecification","valueRequired":true,"valueName":"search_term_string"}}],"inLanguage":"en-US"},{"@type":"Organization","@id":"https:\/\/scrat-tech.fr\/#organization","name":"SCRAT","url":"https:\/\/scrat-tech.fr\/","logo":{"@type":"ImageObject","inLanguage":"en-US","@id":"https:\/\/scrat-tech.fr\/#\/schema\/logo\/image\/","url":"https:\/\/scrat-tech.fr\/wp-content\/uploads\/2024\/10\/cropped-tuyu_monte.png","contentUrl":"https:\/\/scrat-tech.fr\/wp-content\/uploads\/2024\/10\/cropped-tuyu_monte.png","width":512,"height":512,"caption":"SCRAT"},"image":{"@id":"https:\/\/scrat-tech.fr\/#\/schema\/logo\/image\/"},"sameAs":["https:\/\/www.facebook.com\/ScratRider\/","https:\/\/x.com\/SCRAT_Rider","https:\/\/instagram.com\/scrat_rider","https:\/\/youtube.com\/c\/SCRAT"]}]}},"_links":{"self":[{"href":"https:\/\/scrat-tech.fr\/en\/wp-json\/wp\/v2\/pages\/681","targetHints":{"allow":["GET"]}}],"collection":[{"href":"https:\/\/scrat-tech.fr\/en\/wp-json\/wp\/v2\/pages"}],"about":[{"href":"https:\/\/scrat-tech.fr\/en\/wp-json\/wp\/v2\/types\/page"}],"author":[{"embeddable":true,"href":"https:\/\/scrat-tech.fr\/en\/wp-json\/wp\/v2\/users\/2"}],"replies":[{"embeddable":true,"href":"https:\/\/scrat-tech.fr\/en\/wp-json\/wp\/v2\/comments?post=681"}],"version-history":[{"count":0,"href":"https:\/\/scrat-tech.fr\/en\/wp-json\/wp\/v2\/pages\/681\/revisions"}],"up":[{"embeddable":true,"href":"https:\/\/scrat-tech.fr\/en\/wp-json\/wp\/v2\/pages\/40"}],"wp:attachment":[{"href":"https:\/\/scrat-tech.fr\/en\/wp-json\/wp\/v2\/media?parent=681"}],"curies":[{"name":"wp","href":"https:\/\/api.w.org\/{rel}","templated":true}]}}