{"id":667,"date":"2016-04-24T16:49:47","date_gmt":"2016-04-24T14:49:47","guid":{"rendered":"https:\/?page_id=667"},"modified":"2017-03-22T16:41:23","modified_gmt":"2017-03-22T14:41:23","slug":"use-same-email-multiple-times","status":"publish","type":"page","link":"https:\/\/scrat-tech.fr\/en\/windows\/use-same-email-multiple-times\/","title":{"rendered":"Using the same email address multiple times on a site"},"content":{"rendered":"<h3 style=\"text-align: center;\"><strong>Need to register on a site several times but don&#039;t necessarily want to recreate an email address for each account? A quick tip allows you to use the same one several times!<\/strong><\/h3>\n<p style=\"text-align: left;\">To be able to reuse our email we will use what is called &quot;Email Alias&quot;, which is in fact a different address on a single point of yours but all the emails which will be sent to it will be redirected to your main address.<\/p>\n<p style=\"text-align: center;\"><a href=\"http:\/\/www.youtube.com\/user\/game682400?sub_confirmation=1\" target=\"_blank\"><img decoding=\"async\" class=\"aligncenter wp-image-1766\" src=\"https:\/\/scrat-tech.fr\/wp-content\/uploads\/2016\/11\/abonnez-1024x283.jpg\" width=\"400\" height=\"110\" srcset=\"https:\/\/scrat-tech.fr\/wp-content\/uploads\/2016\/11\/abonnez-1024x283.jpg 1024w, https:\/\/scrat-tech.fr\/wp-content\/uploads\/2016\/11\/abonnez-600x166.jpg 600w, https:\/\/scrat-tech.fr\/wp-content\/uploads\/2016\/11\/abonnez-300x83.jpg 300w, https:\/\/scrat-tech.fr\/wp-content\/uploads\/2016\/11\/abonnez-768x212.jpg 768w, https:\/\/scrat-tech.fr\/wp-content\/uploads\/2016\/11\/abonnez.jpg 1631w\" sizes=\"(max-width: 400px) 100vw, 400px\" \/><\/a><em><span style=\"color: #808080;\">Click here to subscribe and support me, it costs you nothing and makes me happy \ud83d\ude42<\/span><\/em><\/p>\n<p style=\"text-align: left;\">As you all know, an email address can only be used once and for a single account on a site. It is impossible to use exactly the same email address a second time. That&#039;s why alias email addresses exist! And the best part is that the alias doesn&#039;t have to be created, it&#039;s done automatically!<\/p>\n<p style=\"text-align: left;\"><strong>What is an alias?<\/strong><br \/>\nIt is simply an email address that is attached to yours, to make it simple you add a small extension to your original email just before the &quot;<strong>@<\/strong>&quot;. This address will then act as yours, all emails sent to it will be redirected to your usual mailbox. You will therefore receive all the useful information from the sites on which you register with it, in particular the account confirmation email.<\/p>\n<p style=\"text-align: left;\">To do this, simply add, like showing in video, a +something in your email. Be careful, this trick does not work on all sites, to find out, you just have to try on the site on which you want to open a second account. If the site does not accept aliases, you can always try to create an account with a disposable email, lots of sites that offer them can be found on Google.<\/p>\n<p style=\"text-align: left;\">Of course this method is completely legal, otherwise it would have already been blocked!<\/p>\n<p><iframe width=\"800\" height=\"450\" src=\"https:\/\/www.youtube.com\/embed\/9noui4QKa3w?feature=oembed\" frameborder=\"0\" allowfullscreen><\/iframe><\/p>","protected":false},"excerpt":{"rendered":"<p>Need to register on a site multiple times but don&#039;t necessarily want to recreate an email address for each account? A quick tip allows you to use the same one multiple times! To be able to reuse our email we will use what is called &quot;Email Alias&quot;, which is in fact a different address on a single point [\u2026]<\/p>","protected":false},"author":2,"featured_media":0,"parent":40,"menu_order":0,"comment_status":"closed","ping_status":"open","template":"","meta":{"footnotes":""},"class_list":["post-667","page","type-page","status-publish","hentry"],"yoast_head":"<!-- This site is optimized with the Yoast SEO Premium plugin v24.4 (Yoast SEO v24.4) - https:\/\/yoast.com\/wordpress\/plugins\/seo\/ -->\n<title>Utiliser plusieurs fois la m\u00eame adresse email sur un m\u00eame site | Mail Alias<\/title>\n<meta name=\"description\" content=\"Vous avez d\u00e9j\u00e0 un compte sur un site mais vous en voulez un autre sans changer d&#039;adresse email ? Gr\u00e2ce \u00e0 un email dit alias c&#039;est possible et rapide !\" \/>\n<meta name=\"robots\" content=\"index, follow, max-snippet:-1, max-image-preview:large, max-video-preview:-1\" \/>\n<link rel=\"canonical\" href=\"https:\/\/scrat-tech.fr\/en\/windows\/use-same-email-multiple-times\/\" \/>\n<meta name=\"twitter:card\" content=\"summary_large_image\" \/>\n<meta name=\"twitter:title\" content=\"Utiliser plusieurs fois la m\u00eame adresse email sur un m\u00eame site | Mail Alias\" \/>\n<meta name=\"twitter:description\" content=\"Vous avez d\u00e9j\u00e0 un compte sur un site mais vous en voulez un autre sans changer d&#039;adresse email ? Gr\u00e2ce \u00e0 un email dit alias c&#039;est possible et rapide !\" \/>\n<meta name=\"twitter:image\" content=\"https:\/\/scrat-tech.fr\/wp-content\/uploads\/2016\/11\/abonnez-1024x283.jpg\" \/>\n<meta name=\"twitter:site\" content=\"@SCRAT_Rider\" \/>\n<meta name=\"twitter:label1\" content=\"Est. reading time\" \/>\n\t<meta name=\"twitter:data1\" content=\"2 minutes\" \/>\n<script type=\"application\/ld+json\" class=\"yoast-schema-graph\">{\"@context\":\"https:\/\/schema.org\",\"@graph\":[{\"@type\":\"WebPage\",\"@id\":\"https:\/\/scrat-tech.fr\/windows\/utiliser-meme-email-plusieurs-fois\/\",\"url\":\"https:\/\/scrat-tech.fr\/windows\/utiliser-meme-email-plusieurs-fois\/\",\"name\":\"Utiliser plusieurs fois la m\u00eame adresse email sur un m\u00eame site | Mail Alias\",\"isPartOf\":{\"@id\":\"https:\/\/scrat-tech.fr\/#website\"},\"primaryImageOfPage\":{\"@id\":\"https:\/\/scrat-tech.fr\/windows\/utiliser-meme-email-plusieurs-fois\/#primaryimage\"},\"image\":{\"@id\":\"https:\/\/scrat-tech.fr\/windows\/utiliser-meme-email-plusieurs-fois\/#primaryimage\"},\"thumbnailUrl\":\"https:\/\/scrat-tech.fr\/wp-content\/uploads\/2016\/11\/abonnez-1024x283.jpg\",\"datePublished\":\"2016-04-24T14:49:47+00:00\",\"dateModified\":\"2017-03-22T14:41:23+00:00\",\"description\":\"Vous avez d\u00e9j\u00e0 un compte sur un site mais vous en voulez un autre sans changer d'adresse email ? Gr\u00e2ce \u00e0 un email dit alias c'est possible et rapide !\",\"breadcrumb\":{\"@id\":\"https:\/\/scrat-tech.fr\/windows\/utiliser-meme-email-plusieurs-fois\/#breadcrumb\"},\"inLanguage\":\"en-US\",\"potentialAction\":[{\"@type\":\"ReadAction\",\"target\":[\"https:\/\/scrat-tech.fr\/windows\/utiliser-meme-email-plusieurs-fois\/\"]}]},{\"@type\":\"ImageObject\",\"inLanguage\":\"en-US\",\"@id\":\"https:\/\/scrat-tech.fr\/windows\/utiliser-meme-email-plusieurs-fois\/#primaryimage\",\"url\":\"https:\/\/scrat-tech.fr\/wp-content\/uploads\/2016\/11\/abonnez-1024x283.jpg\",\"contentUrl\":\"https:\/\/scrat-tech.fr\/wp-content\/uploads\/2016\/11\/abonnez-1024x283.jpg\"},{\"@type\":\"BreadcrumbList\",\"@id\":\"https:\/\/scrat-tech.fr\/windows\/utiliser-meme-email-plusieurs-fois\/#breadcrumb\",\"itemListElement\":[{\"@type\":\"ListItem\",\"position\":1,\"name\":\"Accueil\",\"item\":\"https:\/\/scrat-tech.fr\/\"},{\"@type\":\"ListItem\",\"position\":2,\"name\":\"Windows\",\"item\":\"https:\/\/scrat-tech.fr\/en\/windows\/\"},{\"@type\":\"ListItem\",\"position\":3,\"name\":\"Utiliser la m\u00eame adresse email plusieurs fois sur un site\"}]},{\"@type\":\"WebSite\",\"@id\":\"https:\/\/scrat-tech.fr\/#website\",\"url\":\"https:\/\/scrat-tech.fr\/\",\"name\":\"SCRAT\",\"description\":\"\",\"publisher\":{\"@id\":\"https:\/\/scrat-tech.fr\/#organization\"},\"potentialAction\":[{\"@type\":\"SearchAction\",\"target\":{\"@type\":\"EntryPoint\",\"urlTemplate\":\"https:\/\/scrat-tech.fr\/?s={search_term_string}\"},\"query-input\":{\"@type\":\"PropertyValueSpecification\",\"valueRequired\":true,\"valueName\":\"search_term_string\"}}],\"inLanguage\":\"en-US\"},{\"@type\":\"Organization\",\"@id\":\"https:\/\/scrat-tech.fr\/#organization\",\"name\":\"SCRAT\",\"url\":\"https:\/\/scrat-tech.fr\/\",\"logo\":{\"@type\":\"ImageObject\",\"inLanguage\":\"en-US\",\"@id\":\"https:\/\/scrat-tech.fr\/#\/schema\/logo\/image\/\",\"url\":\"https:\/\/scrat-tech.fr\/wp-content\/uploads\/2024\/10\/cropped-tuyu_monte.png\",\"contentUrl\":\"https:\/\/scrat-tech.fr\/wp-content\/uploads\/2024\/10\/cropped-tuyu_monte.png\",\"width\":512,\"height\":512,\"caption\":\"SCRAT\"},\"image\":{\"@id\":\"https:\/\/scrat-tech.fr\/#\/schema\/logo\/image\/\"},\"sameAs\":[\"https:\/\/www.facebook.com\/ScratRider\/\",\"https:\/\/x.com\/SCRAT_Rider\",\"https:\/\/instagram.com\/scrat_rider\",\"https:\/\/youtube.com\/c\/SCRAT\"]}]}<\/script>\n<!-- \/ Yoast SEO Premium plugin. -->","yoast_head_json":{"title":"Using the same email address multiple times on the same site | Mail Alias","description":"You already have an account on a site but you want another one without changing your email address? Thanks to an email alias it&#039;s possible and fast!","robots":{"index":"index","follow":"follow","max-snippet":"max-snippet:-1","max-image-preview":"max-image-preview:large","max-video-preview":"max-video-preview:-1"},"canonical":"https:\/\/scrat-tech.fr\/en\/windows\/use-same-email-multiple-times\/","twitter_card":"summary_large_image","twitter_title":"Utiliser plusieurs fois la m\u00eame adresse email sur un m\u00eame site | Mail Alias","twitter_description":"Vous avez d\u00e9j\u00e0 un compte sur un site mais vous en voulez un autre sans changer d'adresse email ? Gr\u00e2ce \u00e0 un email dit alias c'est possible et rapide !","twitter_image":"https:\/\/scrat-tech.fr\/wp-content\/uploads\/2016\/11\/abonnez-1024x283.jpg","twitter_site":"@SCRAT_Rider","twitter_misc":{"Est. reading time":"2 minutes"},"schema":{"@context":"https:\/\/schema.org","@graph":[{"@type":"WebPage","@id":"https:\/\/scrat-tech.fr\/windows\/utiliser-meme-email-plusieurs-fois\/","url":"https:\/\/scrat-tech.fr\/windows\/utiliser-meme-email-plusieurs-fois\/","name":"Using the same email address multiple times on the same site | Mail Alias","isPartOf":{"@id":"https:\/\/scrat-tech.fr\/#website"},"primaryImageOfPage":{"@id":"https:\/\/scrat-tech.fr\/windows\/utiliser-meme-email-plusieurs-fois\/#primaryimage"},"image":{"@id":"https:\/\/scrat-tech.fr\/windows\/utiliser-meme-email-plusieurs-fois\/#primaryimage"},"thumbnailUrl":"https:\/\/scrat-tech.fr\/wp-content\/uploads\/2016\/11\/abonnez-1024x283.jpg","datePublished":"2016-04-24T14:49:47+00:00","dateModified":"2017-03-22T14:41:23+00:00","description":"You already have an account on a site but you want another one without changing your email address? Thanks to an email alias it&#039;s possible and fast!","breadcrumb":{"@id":"https:\/\/scrat-tech.fr\/windows\/utiliser-meme-email-plusieurs-fois\/#breadcrumb"},"inLanguage":"en-US","potentialAction":[{"@type":"ReadAction","target":["https:\/\/scrat-tech.fr\/windows\/utiliser-meme-email-plusieurs-fois\/"]}]},{"@type":"ImageObject","inLanguage":"en-US","@id":"https:\/\/scrat-tech.fr\/windows\/utiliser-meme-email-plusieurs-fois\/#primaryimage","url":"https:\/\/scrat-tech.fr\/wp-content\/uploads\/2016\/11\/abonnez-1024x283.jpg","contentUrl":"https:\/\/scrat-tech.fr\/wp-content\/uploads\/2016\/11\/abonnez-1024x283.jpg"},{"@type":"BreadcrumbList","@id":"https:\/\/scrat-tech.fr\/windows\/utiliser-meme-email-plusieurs-fois\/#breadcrumb","itemListElement":[{"@type":"ListItem","position":1,"name":"Accueil","item":"https:\/\/scrat-tech.fr\/"},{"@type":"ListItem","position":2,"name":"Windows","item":"https:\/\/scrat-tech.fr\/en\/windows\/"},{"@type":"ListItem","position":3,"name":"Utiliser la m\u00eame adresse email plusieurs fois sur un site"}]},{"@type":"WebSite","@id":"https:\/\/scrat-tech.fr\/#website","url":"https:\/\/scrat-tech.fr\/","name":"SCRAT","description":"","publisher":{"@id":"https:\/\/scrat-tech.fr\/#organization"},"potentialAction":[{"@type":"SearchAction","target":{"@type":"EntryPoint","urlTemplate":"https:\/\/scrat-tech.fr\/?s={search_term_string}"},"query-input":{"@type":"PropertyValueSpecification","valueRequired":true,"valueName":"search_term_string"}}],"inLanguage":"en-US"},{"@type":"Organization","@id":"https:\/\/scrat-tech.fr\/#organization","name":"SCRAT","url":"https:\/\/scrat-tech.fr\/","logo":{"@type":"ImageObject","inLanguage":"en-US","@id":"https:\/\/scrat-tech.fr\/#\/schema\/logo\/image\/","url":"https:\/\/scrat-tech.fr\/wp-content\/uploads\/2024\/10\/cropped-tuyu_monte.png","contentUrl":"https:\/\/scrat-tech.fr\/wp-content\/uploads\/2024\/10\/cropped-tuyu_monte.png","width":512,"height":512,"caption":"SCRAT"},"image":{"@id":"https:\/\/scrat-tech.fr\/#\/schema\/logo\/image\/"},"sameAs":["https:\/\/www.facebook.com\/ScratRider\/","https:\/\/x.com\/SCRAT_Rider","https:\/\/instagram.com\/scrat_rider","https:\/\/youtube.com\/c\/SCRAT"]}]}},"_links":{"self":[{"href":"https:\/\/scrat-tech.fr\/en\/wp-json\/wp\/v2\/pages\/667","targetHints":{"allow":["GET"]}}],"collection":[{"href":"https:\/\/scrat-tech.fr\/en\/wp-json\/wp\/v2\/pages"}],"about":[{"href":"https:\/\/scrat-tech.fr\/en\/wp-json\/wp\/v2\/types\/page"}],"author":[{"embeddable":true,"href":"https:\/\/scrat-tech.fr\/en\/wp-json\/wp\/v2\/users\/2"}],"replies":[{"embeddable":true,"href":"https:\/\/scrat-tech.fr\/en\/wp-json\/wp\/v2\/comments?post=667"}],"version-history":[{"count":0,"href":"https:\/\/scrat-tech.fr\/en\/wp-json\/wp\/v2\/pages\/667\/revisions"}],"up":[{"embeddable":true,"href":"https:\/\/scrat-tech.fr\/en\/wp-json\/wp\/v2\/pages\/40"}],"wp:attachment":[{"href":"https:\/\/scrat-tech.fr\/en\/wp-json\/wp\/v2\/media?parent=667"}],"curies":[{"name":"wp","href":"https:\/\/api.w.org\/{rel}","templated":true}]}}