{"id":638,"date":"2016-04-17T14:05:15","date_gmt":"2016-04-17T12:05:15","guid":{"rendered":"https:\/?page_id=638"},"modified":"2017-03-20T16:12:34","modified_gmt":"2017-03-20T14:12:34","slug":"control-your-pc-remotely","status":"publish","type":"page","link":"https:\/\/scrat-tech.fr\/en\/android\/control-your-pc-remotely\/","title":{"rendered":"Control your PC with your laptop\/tablet"},"content":{"rendered":"<h3 style=\"text-align: center;\"><strong>No laptop? So your PC has to stay at home, but you have an Android device? In this case, you should know that it is possible to control your PC remotely even from the other side of the world!<\/strong><\/h3>\n<p style=\"text-align: left;\">Everyone knows Team Viewer on PC, software that allows you to control your PC remotely from another computer. Well, an Android version is also available and allows you to take control of your PC from your mobile phone or tablet, whether you are connected via Wi-Fi or the mobile data network.<\/p>\n<p style=\"text-align: center;\"><a href=\"http:\/\/www.youtube.com\/user\/game682400?sub_confirmation=1\" target=\"_blank\"><img decoding=\"async\" class=\"aligncenter wp-image-1766\" src=\"https:\/\/scrat-tech.fr\/wp-content\/uploads\/2016\/11\/abonnez-1024x283.jpg\" width=\"400\" height=\"110\" srcset=\"https:\/\/scrat-tech.fr\/wp-content\/uploads\/2016\/11\/abonnez-1024x283.jpg 1024w, https:\/\/scrat-tech.fr\/wp-content\/uploads\/2016\/11\/abonnez-600x166.jpg 600w, https:\/\/scrat-tech.fr\/wp-content\/uploads\/2016\/11\/abonnez-300x83.jpg 300w, https:\/\/scrat-tech.fr\/wp-content\/uploads\/2016\/11\/abonnez-768x212.jpg 768w, https:\/\/scrat-tech.fr\/wp-content\/uploads\/2016\/11\/abonnez.jpg 1631w\" sizes=\"(max-width: 400px) 100vw, 400px\" \/><\/a><em><span style=\"color: #808080;\">Click here to subscribe and support me, it costs you nothing and makes me happy \ud83d\ude42<\/span><\/em><\/p>\n<p style=\"text-align: left;\">Mouse and keyboard control will be done with your finger, but if you want you can take a look at my tutorial to connect everything via USB on Android and thus use a keyboard \/ mouse connected to your device to control your PC.<\/p>\n<p style=\"text-align: left;\">Using a tablet is recommended because it is more pleasant to have your computer screen large rather than very small on a phone, but the principle and the controls remain the same.<\/p>\n<p style=\"text-align: left;\">The application is very optimized, fluid, and has several settings to have a perfect rendering. If your connection is weak (on your phone or on your remote PC) it is possible to manually favor the quality or the fluidity for example. The display resolution will adapt to your Android screen resolution.<\/p>\n<p style=\"text-align: left;\">It is advisable to use the remote control while connected to a wifi point, at least if you have a small internet credit.<\/p>\n<p style=\"text-align: left;\"><em><strong>Write down the code given by your PC or define a personalized code and remember it! Because if you lose this code, you will be unable to connect to your PC. Don&#039;t forget to disable the automatic standby of your computer, if it goes to sleep it will not be re-activated remotely, the same if it is turned off.<\/strong><\/em><\/p>\n<p style=\"text-align: left;\"><strong>To complete this tutorial you will need to download the PC version of Team Viewer at <a href=\"http:\/\/www.clictune.com\/id=518820\" target=\"_blank\">THIS LINK<\/a>, as well as its Android version at <a href=\"http:\/\/www.clictune.com\/id=1004346\" target=\"_blank\">THIS LINK<\/a>, or simply by following the links in the video description on YouTube.<\/strong><\/p>\n<p><iframe width=\"800\" height=\"450\" src=\"https:\/\/www.youtube.com\/embed\/llLkQAXOiqs?feature=oembed\" frameborder=\"0\" allowfullscreen><\/iframe><\/p>","protected":false},"excerpt":{"rendered":"<p>Pas de PC portable ? Donc votre PC doit rester chez vous, mais vous avez un appareil Android ? Dans ce cas sachez qu&rsquo;il est possible de contr\u00f4ler son\u00a0PC \u00e0 distance m\u00eame \u00e0 l&rsquo;autre bout du monde\u00a0! Tout le monde connait Team Viewer sur PC, logiciel qui permet de contr\u00f4ler\u00a0son PC \u00e0 distance depuis un [&hellip;]<\/p>","protected":false},"author":2,"featured_media":0,"parent":37,"menu_order":0,"comment_status":"closed","ping_status":"open","template":"","meta":{"footnotes":""},"class_list":["post-638","page","type-page","status-publish","hentry"],"yoast_head":"<!-- This site is optimized with the Yoast SEO Premium plugin v24.4 (Yoast SEO v24.4) - https:\/\/yoast.com\/wordpress\/plugins\/seo\/ -->\n<title>Contr\u00f4ler son PC \u00e0 distance avec son T\u00e9l\u00e9phone \/ Tablette FACILEMENT<\/title>\n<meta name=\"description\" content=\"Contr\u00f4ler son PC \u00e0 distance depuis son t\u00e9l\u00e9phone portable ou tablette Android via une simple connexion internet c&#039;est possible, rapide et facile !\" \/>\n<meta name=\"robots\" content=\"index, follow, max-snippet:-1, max-image-preview:large, max-video-preview:-1\" \/>\n<link rel=\"canonical\" href=\"https:\/\/scrat-tech.fr\/en\/android\/control-your-pc-remotely\/\" \/>\n<meta name=\"twitter:card\" content=\"summary_large_image\" \/>\n<meta name=\"twitter:title\" content=\"Contr\u00f4ler son PC \u00e0 distance avec son T\u00e9l\u00e9phone \/ Tablette FACILEMENT\" \/>\n<meta name=\"twitter:description\" content=\"Contr\u00f4ler son PC \u00e0 distance depuis son t\u00e9l\u00e9phone portable ou tablette Android via une simple connexion internet c&#039;est possible, rapide et facile !\" \/>\n<meta name=\"twitter:image\" content=\"https:\/\/scrat-tech.fr\/wp-content\/uploads\/2016\/11\/abonnez-1024x283.jpg\" \/>\n<meta name=\"twitter:site\" content=\"@SCRAT_Rider\" \/>\n<meta name=\"twitter:label1\" content=\"Est. reading time\" \/>\n\t<meta name=\"twitter:data1\" content=\"2 minutes\" \/>\n<script type=\"application\/ld+json\" class=\"yoast-schema-graph\">{\"@context\":\"https:\/\/schema.org\",\"@graph\":[{\"@type\":\"WebPage\",\"@id\":\"https:\/\/scrat-tech.fr\/android\/controler-son-pc-a-distance\/\",\"url\":\"https:\/\/scrat-tech.fr\/android\/controler-son-pc-a-distance\/\",\"name\":\"Contr\u00f4ler son PC \u00e0 distance avec son T\u00e9l\u00e9phone \/ Tablette FACILEMENT\",\"isPartOf\":{\"@id\":\"https:\/\/scrat-tech.fr\/#website\"},\"primaryImageOfPage\":{\"@id\":\"https:\/\/scrat-tech.fr\/android\/controler-son-pc-a-distance\/#primaryimage\"},\"image\":{\"@id\":\"https:\/\/scrat-tech.fr\/android\/controler-son-pc-a-distance\/#primaryimage\"},\"thumbnailUrl\":\"https:\/\/scrat-tech.fr\/wp-content\/uploads\/2016\/11\/abonnez-1024x283.jpg\",\"datePublished\":\"2016-04-17T12:05:15+00:00\",\"dateModified\":\"2017-03-20T14:12:34+00:00\",\"description\":\"Contr\u00f4ler son PC \u00e0 distance depuis son t\u00e9l\u00e9phone portable ou tablette Android via une simple connexion internet c'est possible, rapide et facile !\",\"breadcrumb\":{\"@id\":\"https:\/\/scrat-tech.fr\/android\/controler-son-pc-a-distance\/#breadcrumb\"},\"inLanguage\":\"en-US\",\"potentialAction\":[{\"@type\":\"ReadAction\",\"target\":[\"https:\/\/scrat-tech.fr\/android\/controler-son-pc-a-distance\/\"]}]},{\"@type\":\"ImageObject\",\"inLanguage\":\"en-US\",\"@id\":\"https:\/\/scrat-tech.fr\/android\/controler-son-pc-a-distance\/#primaryimage\",\"url\":\"https:\/\/scrat-tech.fr\/wp-content\/uploads\/2016\/11\/abonnez-1024x283.jpg\",\"contentUrl\":\"https:\/\/scrat-tech.fr\/wp-content\/uploads\/2016\/11\/abonnez-1024x283.jpg\"},{\"@type\":\"BreadcrumbList\",\"@id\":\"https:\/\/scrat-tech.fr\/android\/controler-son-pc-a-distance\/#breadcrumb\",\"itemListElement\":[{\"@type\":\"ListItem\",\"position\":1,\"name\":\"Accueil\",\"item\":\"https:\/\/scrat-tech.fr\/\"},{\"@type\":\"ListItem\",\"position\":2,\"name\":\"Android\",\"item\":\"https:\/\/www.scrat-tech.fr\/en\/android\/\"},{\"@type\":\"ListItem\",\"position\":3,\"name\":\"Contr\u00f4ler son PC avec son portable \/ tablette\"}]},{\"@type\":\"WebSite\",\"@id\":\"https:\/\/scrat-tech.fr\/#website\",\"url\":\"https:\/\/scrat-tech.fr\/\",\"name\":\"SCRAT\",\"description\":\"\",\"publisher\":{\"@id\":\"https:\/\/scrat-tech.fr\/#organization\"},\"potentialAction\":[{\"@type\":\"SearchAction\",\"target\":{\"@type\":\"EntryPoint\",\"urlTemplate\":\"https:\/\/scrat-tech.fr\/?s={search_term_string}\"},\"query-input\":{\"@type\":\"PropertyValueSpecification\",\"valueRequired\":true,\"valueName\":\"search_term_string\"}}],\"inLanguage\":\"en-US\"},{\"@type\":\"Organization\",\"@id\":\"https:\/\/scrat-tech.fr\/#organization\",\"name\":\"SCRAT\",\"url\":\"https:\/\/scrat-tech.fr\/\",\"logo\":{\"@type\":\"ImageObject\",\"inLanguage\":\"en-US\",\"@id\":\"https:\/\/scrat-tech.fr\/#\/schema\/logo\/image\/\",\"url\":\"https:\/\/scrat-tech.fr\/wp-content\/uploads\/2024\/10\/cropped-tuyu_monte.png\",\"contentUrl\":\"https:\/\/scrat-tech.fr\/wp-content\/uploads\/2024\/10\/cropped-tuyu_monte.png\",\"width\":512,\"height\":512,\"caption\":\"SCRAT\"},\"image\":{\"@id\":\"https:\/\/scrat-tech.fr\/#\/schema\/logo\/image\/\"},\"sameAs\":[\"https:\/\/www.facebook.com\/ScratRider\/\",\"https:\/\/x.com\/SCRAT_Rider\",\"https:\/\/instagram.com\/scrat_rider\",\"https:\/\/youtube.com\/c\/SCRAT\"]}]}<\/script>\n<!-- \/ Yoast SEO Premium plugin. -->","yoast_head_json":{"title":"Control your PC remotely with your Phone \/ Tablet EASILY","description":"Controlling your PC remotely from your Android mobile phone or tablet via a simple internet connection is possible, quick and easy!","robots":{"index":"index","follow":"follow","max-snippet":"max-snippet:-1","max-image-preview":"max-image-preview:large","max-video-preview":"max-video-preview:-1"},"canonical":"https:\/\/scrat-tech.fr\/en\/android\/control-your-pc-remotely\/","twitter_card":"summary_large_image","twitter_title":"Contr\u00f4ler son PC \u00e0 distance avec son T\u00e9l\u00e9phone \/ Tablette FACILEMENT","twitter_description":"Contr\u00f4ler son PC \u00e0 distance depuis son t\u00e9l\u00e9phone portable ou tablette Android via une simple connexion internet c'est possible, rapide et facile !","twitter_image":"https:\/\/scrat-tech.fr\/wp-content\/uploads\/2016\/11\/abonnez-1024x283.jpg","twitter_site":"@SCRAT_Rider","twitter_misc":{"Est. reading time":"2 minutes"},"schema":{"@context":"https:\/\/schema.org","@graph":[{"@type":"WebPage","@id":"https:\/\/scrat-tech.fr\/android\/controler-son-pc-a-distance\/","url":"https:\/\/scrat-tech.fr\/android\/controler-son-pc-a-distance\/","name":"Control your PC remotely with your Phone \/ Tablet EASILY","isPartOf":{"@id":"https:\/\/scrat-tech.fr\/#website"},"primaryImageOfPage":{"@id":"https:\/\/scrat-tech.fr\/android\/controler-son-pc-a-distance\/#primaryimage"},"image":{"@id":"https:\/\/scrat-tech.fr\/android\/controler-son-pc-a-distance\/#primaryimage"},"thumbnailUrl":"https:\/\/scrat-tech.fr\/wp-content\/uploads\/2016\/11\/abonnez-1024x283.jpg","datePublished":"2016-04-17T12:05:15+00:00","dateModified":"2017-03-20T14:12:34+00:00","description":"Controlling your PC remotely from your Android mobile phone or tablet via a simple internet connection is possible, quick and easy!","breadcrumb":{"@id":"https:\/\/scrat-tech.fr\/android\/controler-son-pc-a-distance\/#breadcrumb"},"inLanguage":"en-US","potentialAction":[{"@type":"ReadAction","target":["https:\/\/scrat-tech.fr\/android\/controler-son-pc-a-distance\/"]}]},{"@type":"ImageObject","inLanguage":"en-US","@id":"https:\/\/scrat-tech.fr\/android\/controler-son-pc-a-distance\/#primaryimage","url":"https:\/\/scrat-tech.fr\/wp-content\/uploads\/2016\/11\/abonnez-1024x283.jpg","contentUrl":"https:\/\/scrat-tech.fr\/wp-content\/uploads\/2016\/11\/abonnez-1024x283.jpg"},{"@type":"BreadcrumbList","@id":"https:\/\/scrat-tech.fr\/android\/controler-son-pc-a-distance\/#breadcrumb","itemListElement":[{"@type":"ListItem","position":1,"name":"Accueil","item":"https:\/\/scrat-tech.fr\/"},{"@type":"ListItem","position":2,"name":"Android","item":"https:\/\/www.scrat-tech.fr\/en\/android\/"},{"@type":"ListItem","position":3,"name":"Contr\u00f4ler son PC avec son portable \/ tablette"}]},{"@type":"WebSite","@id":"https:\/\/scrat-tech.fr\/#website","url":"https:\/\/scrat-tech.fr\/","name":"SCRAT","description":"","publisher":{"@id":"https:\/\/scrat-tech.fr\/#organization"},"potentialAction":[{"@type":"SearchAction","target":{"@type":"EntryPoint","urlTemplate":"https:\/\/scrat-tech.fr\/?s={search_term_string}"},"query-input":{"@type":"PropertyValueSpecification","valueRequired":true,"valueName":"search_term_string"}}],"inLanguage":"en-US"},{"@type":"Organization","@id":"https:\/\/scrat-tech.fr\/#organization","name":"SCRAT","url":"https:\/\/scrat-tech.fr\/","logo":{"@type":"ImageObject","inLanguage":"en-US","@id":"https:\/\/scrat-tech.fr\/#\/schema\/logo\/image\/","url":"https:\/\/scrat-tech.fr\/wp-content\/uploads\/2024\/10\/cropped-tuyu_monte.png","contentUrl":"https:\/\/scrat-tech.fr\/wp-content\/uploads\/2024\/10\/cropped-tuyu_monte.png","width":512,"height":512,"caption":"SCRAT"},"image":{"@id":"https:\/\/scrat-tech.fr\/#\/schema\/logo\/image\/"},"sameAs":["https:\/\/www.facebook.com\/ScratRider\/","https:\/\/x.com\/SCRAT_Rider","https:\/\/instagram.com\/scrat_rider","https:\/\/youtube.com\/c\/SCRAT"]}]}},"_links":{"self":[{"href":"https:\/\/scrat-tech.fr\/en\/wp-json\/wp\/v2\/pages\/638","targetHints":{"allow":["GET"]}}],"collection":[{"href":"https:\/\/scrat-tech.fr\/en\/wp-json\/wp\/v2\/pages"}],"about":[{"href":"https:\/\/scrat-tech.fr\/en\/wp-json\/wp\/v2\/types\/page"}],"author":[{"embeddable":true,"href":"https:\/\/scrat-tech.fr\/en\/wp-json\/wp\/v2\/users\/2"}],"replies":[{"embeddable":true,"href":"https:\/\/scrat-tech.fr\/en\/wp-json\/wp\/v2\/comments?post=638"}],"version-history":[{"count":0,"href":"https:\/\/scrat-tech.fr\/en\/wp-json\/wp\/v2\/pages\/638\/revisions"}],"up":[{"embeddable":true,"href":"https:\/\/scrat-tech.fr\/en\/wp-json\/wp\/v2\/pages\/37"}],"wp:attachment":[{"href":"https:\/\/scrat-tech.fr\/en\/wp-json\/wp\/v2\/media?parent=638"}],"curies":[{"name":"wp","href":"https:\/\/api.w.org\/{rel}","templated":true}]}}