{"id":634,"date":"2016-04-17T13:30:23","date_gmt":"2016-04-17T11:30:23","guid":{"rendered":"https:\/?page_id=634"},"modified":"2017-03-20T16:20:59","modified_gmt":"2017-03-20T14:20:59","slug":"send-a-screenshot-by-mms-on-galaxy-s3","status":"publish","type":"page","link":"https:\/\/scrat-tech.fr\/en\/android\/send-a-screenshot-by-mms-on-galaxy-s3\/","title":{"rendered":"Send a screenshot via MMS on Galaxy S3"},"content":{"rendered":"<h4 style=\"text-align: center;\"><strong>All Samsung Galaxy S3 users know that it is not normally possible to send a screenshot via MMS. But a simple manipulation makes it possible!<\/strong><\/h4>\n<p style=\"text-align: left;\">A little manipulation in the messaging settings to change the limit in authorized image weight and voila, you can now send a screenshot by MMS on Galaxy S3!<\/p>\n<p style=\"text-align: center;\"><a href=\"http:\/\/www.youtube.com\/user\/game682400?sub_confirmation=1\" target=\"_blank\"><img decoding=\"async\" class=\"aligncenter wp-image-1766\" src=\"https:\/\/scrat-tech.fr\/wp-content\/uploads\/2016\/11\/abonnez-1024x283.jpg\" width=\"400\" height=\"110\" srcset=\"https:\/\/scrat-tech.fr\/wp-content\/uploads\/2016\/11\/abonnez-1024x283.jpg 1024w, https:\/\/scrat-tech.fr\/wp-content\/uploads\/2016\/11\/abonnez-600x166.jpg 600w, https:\/\/scrat-tech.fr\/wp-content\/uploads\/2016\/11\/abonnez-300x83.jpg 300w, https:\/\/scrat-tech.fr\/wp-content\/uploads\/2016\/11\/abonnez-768x212.jpg 768w, https:\/\/scrat-tech.fr\/wp-content\/uploads\/2016\/11\/abonnez.jpg 1631w\" sizes=\"(max-width: 400px) 100vw, 400px\" \/><\/a><em><span style=\"color: #808080;\">Click here to subscribe and support me, it costs you nothing and makes me happy \ud83d\ude42<\/span><\/em><\/p>\n<p style=\"text-align: left;\">The change is to be made only once, it will remain activated for future shipments and you will therefore no longer encounter this problem with your phone.<\/p>\n<p style=\"text-align: left;\">Don&#039;t send 50 per day either because if you don&#039;t have an unlimited plan you will end up using all your credit!<\/p>\n<p>https:\/\/www.youtube.com\/watch?v=Qt6T_w8_mg4<\/p>","protected":false},"excerpt":{"rendered":"<p>Tous les utilisateurs de Samsung Galaxy S3 savent qu&rsquo;il n&rsquo;est normalement pas possible d&rsquo;envoyer un screenshot par MMS. Mais une simple manipulation rend cela possible ! Une petite manipulation dans les param\u00e8tres de messagerie pour changer la limite en poids d&rsquo;image autoris\u00e9 et le tour est jou\u00e9 vous pourrez maintenant envoyer un screenshot par MMS [&hellip;]<\/p>","protected":false},"author":2,"featured_media":0,"parent":37,"menu_order":0,"comment_status":"closed","ping_status":"open","template":"","meta":{"footnotes":""},"class_list":["post-634","page","type-page","status-publish","hentry"],"yoast_head":"<!-- This site is optimized with the Yoast SEO Premium plugin v24.4 (Yoast SEO v24.4) - https:\/\/yoast.com\/wordpress\/plugins\/seo\/ -->\n<title>Envoyer un screenshot par MMS sur Galaxy S3 FACILEMENT | TUTO<\/title>\n<meta name=\"description\" content=\"Envoyer un screenshot par MMS sur Galaxy S3 n&#039;est normalement pas possible, mais en modifiant une certaine option vous serez capable d&#039;en envoyer.\" \/>\n<meta name=\"robots\" content=\"index, follow, max-snippet:-1, max-image-preview:large, max-video-preview:-1\" \/>\n<link rel=\"canonical\" href=\"https:\/\/scrat-tech.fr\/en\/android\/send-a-screenshot-by-mms-on-galaxy-s3\/\" \/>\n<meta name=\"twitter:card\" content=\"summary_large_image\" \/>\n<meta name=\"twitter:title\" content=\"Envoyer un screenshot par MMS sur Galaxy S3 FACILEMENT | TUTO\" \/>\n<meta name=\"twitter:description\" content=\"Envoyer un screenshot par MMS sur Galaxy S3 n&#039;est normalement pas possible, mais en modifiant une certaine option vous serez capable d&#039;en envoyer.\" \/>\n<meta name=\"twitter:image\" content=\"https:\/\/scrat-tech.fr\/wp-content\/uploads\/2016\/11\/abonnez-1024x283.jpg\" \/>\n<meta name=\"twitter:site\" content=\"@SCRAT_Rider\" \/>\n<meta name=\"twitter:label1\" content=\"Est. reading time\" \/>\n\t<meta name=\"twitter:data1\" content=\"1 minute\" \/>\n<script type=\"application\/ld+json\" class=\"yoast-schema-graph\">{\"@context\":\"https:\/\/schema.org\",\"@graph\":[{\"@type\":\"WebPage\",\"@id\":\"https:\/\/scrat-tech.fr\/android\/envoyer-un-screenshot-par-mms-sur-galaxy-s3\/\",\"url\":\"https:\/\/scrat-tech.fr\/android\/envoyer-un-screenshot-par-mms-sur-galaxy-s3\/\",\"name\":\"Envoyer un screenshot par MMS sur Galaxy S3 FACILEMENT | TUTO\",\"isPartOf\":{\"@id\":\"https:\/\/scrat-tech.fr\/#website\"},\"primaryImageOfPage\":{\"@id\":\"https:\/\/scrat-tech.fr\/android\/envoyer-un-screenshot-par-mms-sur-galaxy-s3\/#primaryimage\"},\"image\":{\"@id\":\"https:\/\/scrat-tech.fr\/android\/envoyer-un-screenshot-par-mms-sur-galaxy-s3\/#primaryimage\"},\"thumbnailUrl\":\"https:\/\/scrat-tech.fr\/wp-content\/uploads\/2016\/11\/abonnez-1024x283.jpg\",\"datePublished\":\"2016-04-17T11:30:23+00:00\",\"dateModified\":\"2017-03-20T14:20:59+00:00\",\"description\":\"Envoyer un screenshot par MMS sur Galaxy S3 n'est normalement pas possible, mais en modifiant une certaine option vous serez capable d'en envoyer.\",\"breadcrumb\":{\"@id\":\"https:\/\/scrat-tech.fr\/android\/envoyer-un-screenshot-par-mms-sur-galaxy-s3\/#breadcrumb\"},\"inLanguage\":\"en-US\",\"potentialAction\":[{\"@type\":\"ReadAction\",\"target\":[\"https:\/\/scrat-tech.fr\/android\/envoyer-un-screenshot-par-mms-sur-galaxy-s3\/\"]}]},{\"@type\":\"ImageObject\",\"inLanguage\":\"en-US\",\"@id\":\"https:\/\/scrat-tech.fr\/android\/envoyer-un-screenshot-par-mms-sur-galaxy-s3\/#primaryimage\",\"url\":\"https:\/\/scrat-tech.fr\/wp-content\/uploads\/2016\/11\/abonnez-1024x283.jpg\",\"contentUrl\":\"https:\/\/scrat-tech.fr\/wp-content\/uploads\/2016\/11\/abonnez-1024x283.jpg\"},{\"@type\":\"BreadcrumbList\",\"@id\":\"https:\/\/scrat-tech.fr\/android\/envoyer-un-screenshot-par-mms-sur-galaxy-s3\/#breadcrumb\",\"itemListElement\":[{\"@type\":\"ListItem\",\"position\":1,\"name\":\"Accueil\",\"item\":\"https:\/\/scrat-tech.fr\/\"},{\"@type\":\"ListItem\",\"position\":2,\"name\":\"Android\",\"item\":\"https:\/\/www.scrat-tech.fr\/en\/android\/\"},{\"@type\":\"ListItem\",\"position\":3,\"name\":\"Envoyer un screenshot par MMS sur Galaxy S3\"}]},{\"@type\":\"WebSite\",\"@id\":\"https:\/\/scrat-tech.fr\/#website\",\"url\":\"https:\/\/scrat-tech.fr\/\",\"name\":\"SCRAT\",\"description\":\"\",\"publisher\":{\"@id\":\"https:\/\/scrat-tech.fr\/#organization\"},\"potentialAction\":[{\"@type\":\"SearchAction\",\"target\":{\"@type\":\"EntryPoint\",\"urlTemplate\":\"https:\/\/scrat-tech.fr\/?s={search_term_string}\"},\"query-input\":{\"@type\":\"PropertyValueSpecification\",\"valueRequired\":true,\"valueName\":\"search_term_string\"}}],\"inLanguage\":\"en-US\"},{\"@type\":\"Organization\",\"@id\":\"https:\/\/scrat-tech.fr\/#organization\",\"name\":\"SCRAT\",\"url\":\"https:\/\/scrat-tech.fr\/\",\"logo\":{\"@type\":\"ImageObject\",\"inLanguage\":\"en-US\",\"@id\":\"https:\/\/scrat-tech.fr\/#\/schema\/logo\/image\/\",\"url\":\"https:\/\/scrat-tech.fr\/wp-content\/uploads\/2024\/10\/cropped-tuyu_monte.png\",\"contentUrl\":\"https:\/\/scrat-tech.fr\/wp-content\/uploads\/2024\/10\/cropped-tuyu_monte.png\",\"width\":512,\"height\":512,\"caption\":\"SCRAT\"},\"image\":{\"@id\":\"https:\/\/scrat-tech.fr\/#\/schema\/logo\/image\/\"},\"sameAs\":[\"https:\/\/www.facebook.com\/ScratRider\/\",\"https:\/\/x.com\/SCRAT_Rider\",\"https:\/\/instagram.com\/scrat_rider\",\"https:\/\/youtube.com\/c\/SCRAT\"]}]}<\/script>\n<!-- \/ Yoast SEO Premium plugin. -->","yoast_head_json":{"title":"Send a screenshot by MMS on Galaxy S3 EASILY | TUTORIAL","description":"Sending a screenshot via MMS on Galaxy S3 is normally not possible, but by changing a certain option you will be able to send one.","robots":{"index":"index","follow":"follow","max-snippet":"max-snippet:-1","max-image-preview":"max-image-preview:large","max-video-preview":"max-video-preview:-1"},"canonical":"https:\/\/scrat-tech.fr\/en\/android\/send-a-screenshot-by-mms-on-galaxy-s3\/","twitter_card":"summary_large_image","twitter_title":"Envoyer un screenshot par MMS sur Galaxy S3 FACILEMENT | TUTO","twitter_description":"Envoyer un screenshot par MMS sur Galaxy S3 n'est normalement pas possible, mais en modifiant une certaine option vous serez capable d'en envoyer.","twitter_image":"https:\/\/scrat-tech.fr\/wp-content\/uploads\/2016\/11\/abonnez-1024x283.jpg","twitter_site":"@SCRAT_Rider","twitter_misc":{"Est. reading time":"1 minute"},"schema":{"@context":"https:\/\/schema.org","@graph":[{"@type":"WebPage","@id":"https:\/\/scrat-tech.fr\/android\/envoyer-un-screenshot-par-mms-sur-galaxy-s3\/","url":"https:\/\/scrat-tech.fr\/android\/envoyer-un-screenshot-par-mms-sur-galaxy-s3\/","name":"Send a screenshot by MMS on Galaxy S3 EASILY | TUTORIAL","isPartOf":{"@id":"https:\/\/scrat-tech.fr\/#website"},"primaryImageOfPage":{"@id":"https:\/\/scrat-tech.fr\/android\/envoyer-un-screenshot-par-mms-sur-galaxy-s3\/#primaryimage"},"image":{"@id":"https:\/\/scrat-tech.fr\/android\/envoyer-un-screenshot-par-mms-sur-galaxy-s3\/#primaryimage"},"thumbnailUrl":"https:\/\/scrat-tech.fr\/wp-content\/uploads\/2016\/11\/abonnez-1024x283.jpg","datePublished":"2016-04-17T11:30:23+00:00","dateModified":"2017-03-20T14:20:59+00:00","description":"Sending a screenshot via MMS on Galaxy S3 is normally not possible, but by changing a certain option you will be able to send one.","breadcrumb":{"@id":"https:\/\/scrat-tech.fr\/android\/envoyer-un-screenshot-par-mms-sur-galaxy-s3\/#breadcrumb"},"inLanguage":"en-US","potentialAction":[{"@type":"ReadAction","target":["https:\/\/scrat-tech.fr\/android\/envoyer-un-screenshot-par-mms-sur-galaxy-s3\/"]}]},{"@type":"ImageObject","inLanguage":"en-US","@id":"https:\/\/scrat-tech.fr\/android\/envoyer-un-screenshot-par-mms-sur-galaxy-s3\/#primaryimage","url":"https:\/\/scrat-tech.fr\/wp-content\/uploads\/2016\/11\/abonnez-1024x283.jpg","contentUrl":"https:\/\/scrat-tech.fr\/wp-content\/uploads\/2016\/11\/abonnez-1024x283.jpg"},{"@type":"BreadcrumbList","@id":"https:\/\/scrat-tech.fr\/android\/envoyer-un-screenshot-par-mms-sur-galaxy-s3\/#breadcrumb","itemListElement":[{"@type":"ListItem","position":1,"name":"Accueil","item":"https:\/\/scrat-tech.fr\/"},{"@type":"ListItem","position":2,"name":"Android","item":"https:\/\/www.scrat-tech.fr\/en\/android\/"},{"@type":"ListItem","position":3,"name":"Envoyer un screenshot par MMS sur Galaxy S3"}]},{"@type":"WebSite","@id":"https:\/\/scrat-tech.fr\/#website","url":"https:\/\/scrat-tech.fr\/","name":"SCRAT","description":"","publisher":{"@id":"https:\/\/scrat-tech.fr\/#organization"},"potentialAction":[{"@type":"SearchAction","target":{"@type":"EntryPoint","urlTemplate":"https:\/\/scrat-tech.fr\/?s={search_term_string}"},"query-input":{"@type":"PropertyValueSpecification","valueRequired":true,"valueName":"search_term_string"}}],"inLanguage":"en-US"},{"@type":"Organization","@id":"https:\/\/scrat-tech.fr\/#organization","name":"SCRAT","url":"https:\/\/scrat-tech.fr\/","logo":{"@type":"ImageObject","inLanguage":"en-US","@id":"https:\/\/scrat-tech.fr\/#\/schema\/logo\/image\/","url":"https:\/\/scrat-tech.fr\/wp-content\/uploads\/2024\/10\/cropped-tuyu_monte.png","contentUrl":"https:\/\/scrat-tech.fr\/wp-content\/uploads\/2024\/10\/cropped-tuyu_monte.png","width":512,"height":512,"caption":"SCRAT"},"image":{"@id":"https:\/\/scrat-tech.fr\/#\/schema\/logo\/image\/"},"sameAs":["https:\/\/www.facebook.com\/ScratRider\/","https:\/\/x.com\/SCRAT_Rider","https:\/\/instagram.com\/scrat_rider","https:\/\/youtube.com\/c\/SCRAT"]}]}},"_links":{"self":[{"href":"https:\/\/scrat-tech.fr\/en\/wp-json\/wp\/v2\/pages\/634","targetHints":{"allow":["GET"]}}],"collection":[{"href":"https:\/\/scrat-tech.fr\/en\/wp-json\/wp\/v2\/pages"}],"about":[{"href":"https:\/\/scrat-tech.fr\/en\/wp-json\/wp\/v2\/types\/page"}],"author":[{"embeddable":true,"href":"https:\/\/scrat-tech.fr\/en\/wp-json\/wp\/v2\/users\/2"}],"replies":[{"embeddable":true,"href":"https:\/\/scrat-tech.fr\/en\/wp-json\/wp\/v2\/comments?post=634"}],"version-history":[{"count":0,"href":"https:\/\/scrat-tech.fr\/en\/wp-json\/wp\/v2\/pages\/634\/revisions"}],"up":[{"embeddable":true,"href":"https:\/\/scrat-tech.fr\/en\/wp-json\/wp\/v2\/pages\/37"}],"wp:attachment":[{"href":"https:\/\/scrat-tech.fr\/en\/wp-json\/wp\/v2\/media?parent=634"}],"curies":[{"name":"wp","href":"https:\/\/api.w.org\/{rel}","templated":true}]}}