{"id":619,"date":"2016-04-17T12:55:49","date_gmt":"2016-04-17T10:55:49","guid":{"rendered":"https:\/?page_id=619"},"modified":"2017-03-20T16:11:15","modified_gmt":"2017-03-20T14:11:15","slug":"control-android-pc","status":"publish","type":"page","link":"https:\/\/scrat-tech.fr\/en\/android\/control-android-pc\/","title":{"rendered":"Control your Android from your PC"},"content":{"rendered":"<h3 style=\"text-align: center;\"><strong>Read and reply to your SMS, transfer files, play your music, videos or view your images, install applications, locate your lost phone... And much more without even touching your Android device! In short, control your Android from a PC easily and wirelessly!<\/strong><\/h3>\n<p style=\"text-align: left;\">This trick allows you to perform a very large number of actions on your Android device without even touching it, and wirelessly too.<\/p>\n<p style=\"text-align: center;\"><a href=\"http:\/\/www.youtube.com\/user\/game682400?sub_confirmation=1\" target=\"_blank\"><img decoding=\"async\" class=\"aligncenter wp-image-1766\" src=\"https:\/\/scrat-tech.fr\/wp-content\/uploads\/2016\/11\/abonnez-1024x283.jpg\" width=\"400\" height=\"110\" srcset=\"https:\/\/scrat-tech.fr\/wp-content\/uploads\/2016\/11\/abonnez-1024x283.jpg 1024w, https:\/\/scrat-tech.fr\/wp-content\/uploads\/2016\/11\/abonnez-600x166.jpg 600w, https:\/\/scrat-tech.fr\/wp-content\/uploads\/2016\/11\/abonnez-300x83.jpg 300w, https:\/\/scrat-tech.fr\/wp-content\/uploads\/2016\/11\/abonnez-768x212.jpg 768w, https:\/\/scrat-tech.fr\/wp-content\/uploads\/2016\/11\/abonnez.jpg 1631w\" sizes=\"(max-width: 400px) 100vw, 400px\" \/><\/a><em><span style=\"color: #808080;\">Click here to subscribe and support me, it costs you nothing and makes me happy \ud83d\ude42<\/span><\/em><\/p>\n<p style=\"text-align: left;\">Operating via local wifi network connection <strong>OR<\/strong> in mobile data (3G \/ 4G ...), but prefer local wifi because the internet package goes down more or less quickly depending on what you do with it (downloading a 4K video of several GB is not the best idea).<\/p>\n<p style=\"text-align: left;\">No software is required on the PC since everything goes through the website, the only download to be made is that of the application on your Android device.<\/p>\n<p style=\"text-align: left;\">You can connect multiple devices to your same account very easily (I don&#039;t know the limit though)<\/p>\n<p style=\"text-align: left;\">This trick does not require <strong>not<\/strong> root even if in video I say that it is necessary for screenshots, this is no longer the case since an update.<\/p>\n<p style=\"text-align: left;\"><strong><span style=\"text-decoration: underline;\">Controlling Android from PC with AirDroid allows:<\/span><\/strong><br \/>\n-Read and compose SMS messages.<br \/>\n-View and edit your contacts.<br \/>\n-Install and uninstall applications.<br \/>\n-Browse memory (SD card and internal memory), copy files to PC or add new ones.<br \/>\n-View, upload, add photos.<br \/>\n-View, download, add videos.<br \/>\n-View, download, add music.<br \/>\n-Manage ringtones, alarms, notifications and add new ones.<br \/>\n-View call log.<br \/>\n-View phone screen live, take screenshots and save them to phone or PC.<br \/>\n-Use the camera remotely.<br \/>\n-Locate the device.<br \/>\n- Access links.<br \/>\n-Copy files by drag and drop.<br \/>\n-View live storage on device.<\/p>\n<p style=\"text-align: left;\">And other small functions that I let you discover. Know that the application is updated and adds new features \/ patches any problems.<\/p>\n<p style=\"text-align: left;\"><strong>To control Android from your PC using this tutorial you will need to download the AirDroid app on your smartphone at <a href=\"http:\/\/www.clictune.com\/id=518706\" target=\"_blank\">THIS LINK<\/a>, or simply by following the one in the video description on YouTube.<\/strong><\/p>\n<p><iframe width=\"800\" height=\"450\" src=\"https:\/\/www.youtube.com\/embed\/I1TmYcYPS4I?feature=oembed\" frameborder=\"0\" allowfullscreen><\/iframe><\/p>","protected":false},"excerpt":{"rendered":"<p>Read and reply to your SMS, transfer files, play your music, videos or view your images, install applications, locate your lost phone\u2026 And much more without even touching your Android device! In short, control your Android from a PC easily and wirelessly! This trick allows you to make a [\u2026]<\/p>","protected":false},"author":2,"featured_media":0,"parent":37,"menu_order":0,"comment_status":"closed","ping_status":"open","template":"","meta":{"footnotes":""},"class_list":["post-619","page","type-page","status-publish","hentry"],"yoast_head":"<!-- This site is optimized with the Yoast SEO Premium plugin v24.4 (Yoast SEO v24.4) - https:\/\/yoast.com\/wordpress\/plugins\/seo\/ -->\n<title>Contr\u00f4ler ANDROID depuis un PC facilement et gratuitement | AirDroid<\/title>\n<meta name=\"description\" content=\"Contr\u00f4ler Android depuis un PC avec AirDroid ! Lisez et r\u00e9pondez aux SMS, transf\u00e9rez des fichiers, lisez vos musiques, vid\u00e9os,... localisez votre appareil\" \/>\n<meta name=\"robots\" content=\"index, follow, max-snippet:-1, max-image-preview:large, max-video-preview:-1\" \/>\n<link rel=\"canonical\" href=\"https:\/\/scrat-tech.fr\/en\/android\/control-android-pc\/\" \/>\n<meta name=\"twitter:card\" content=\"summary_large_image\" \/>\n<meta name=\"twitter:title\" content=\"Contr\u00f4ler ANDROID depuis un PC facilement et gratuitement | AirDroid\" \/>\n<meta name=\"twitter:description\" content=\"Contr\u00f4ler Android depuis un PC avec AirDroid ! Lisez et r\u00e9pondez aux SMS, transf\u00e9rez des fichiers, lisez vos musiques, vid\u00e9os,... localisez votre appareil\" \/>\n<meta name=\"twitter:image\" content=\"https:\/\/scrat-tech.fr\/wp-content\/uploads\/2016\/11\/abonnez-1024x283.jpg\" \/>\n<meta name=\"twitter:site\" content=\"@SCRAT_Rider\" \/>\n<meta name=\"twitter:label1\" content=\"Est. reading time\" \/>\n\t<meta name=\"twitter:data1\" content=\"2 minutes\" \/>\n<script type=\"application\/ld+json\" class=\"yoast-schema-graph\">{\"@context\":\"https:\/\/schema.org\",\"@graph\":[{\"@type\":\"WebPage\",\"@id\":\"https:\/\/scrat-tech.fr\/android\/controler-android-pc\/\",\"url\":\"https:\/\/scrat-tech.fr\/android\/controler-android-pc\/\",\"name\":\"Contr\u00f4ler ANDROID depuis un PC facilement et gratuitement | AirDroid\",\"isPartOf\":{\"@id\":\"https:\/\/scrat-tech.fr\/#website\"},\"primaryImageOfPage\":{\"@id\":\"https:\/\/scrat-tech.fr\/android\/controler-android-pc\/#primaryimage\"},\"image\":{\"@id\":\"https:\/\/scrat-tech.fr\/android\/controler-android-pc\/#primaryimage\"},\"thumbnailUrl\":\"https:\/\/scrat-tech.fr\/wp-content\/uploads\/2016\/11\/abonnez-1024x283.jpg\",\"datePublished\":\"2016-04-17T10:55:49+00:00\",\"dateModified\":\"2017-03-20T14:11:15+00:00\",\"description\":\"Contr\u00f4ler Android depuis un PC avec AirDroid ! Lisez et r\u00e9pondez aux SMS, transf\u00e9rez des fichiers, lisez vos musiques, vid\u00e9os,... localisez votre appareil\",\"breadcrumb\":{\"@id\":\"https:\/\/scrat-tech.fr\/android\/controler-android-pc\/#breadcrumb\"},\"inLanguage\":\"en-US\",\"potentialAction\":[{\"@type\":\"ReadAction\",\"target\":[\"https:\/\/scrat-tech.fr\/android\/controler-android-pc\/\"]}]},{\"@type\":\"ImageObject\",\"inLanguage\":\"en-US\",\"@id\":\"https:\/\/scrat-tech.fr\/android\/controler-android-pc\/#primaryimage\",\"url\":\"https:\/\/scrat-tech.fr\/wp-content\/uploads\/2016\/11\/abonnez-1024x283.jpg\",\"contentUrl\":\"https:\/\/scrat-tech.fr\/wp-content\/uploads\/2016\/11\/abonnez-1024x283.jpg\"},{\"@type\":\"BreadcrumbList\",\"@id\":\"https:\/\/scrat-tech.fr\/android\/controler-android-pc\/#breadcrumb\",\"itemListElement\":[{\"@type\":\"ListItem\",\"position\":1,\"name\":\"Accueil\",\"item\":\"https:\/\/scrat-tech.fr\/\"},{\"@type\":\"ListItem\",\"position\":2,\"name\":\"Android\",\"item\":\"https:\/\/www.scrat-tech.fr\/en\/android\/\"},{\"@type\":\"ListItem\",\"position\":3,\"name\":\"Contr\u00f4ler son Android avec son PC\"}]},{\"@type\":\"WebSite\",\"@id\":\"https:\/\/scrat-tech.fr\/#website\",\"url\":\"https:\/\/scrat-tech.fr\/\",\"name\":\"SCRAT\",\"description\":\"\",\"publisher\":{\"@id\":\"https:\/\/scrat-tech.fr\/#organization\"},\"potentialAction\":[{\"@type\":\"SearchAction\",\"target\":{\"@type\":\"EntryPoint\",\"urlTemplate\":\"https:\/\/scrat-tech.fr\/?s={search_term_string}\"},\"query-input\":{\"@type\":\"PropertyValueSpecification\",\"valueRequired\":true,\"valueName\":\"search_term_string\"}}],\"inLanguage\":\"en-US\"},{\"@type\":\"Organization\",\"@id\":\"https:\/\/scrat-tech.fr\/#organization\",\"name\":\"SCRAT\",\"url\":\"https:\/\/scrat-tech.fr\/\",\"logo\":{\"@type\":\"ImageObject\",\"inLanguage\":\"en-US\",\"@id\":\"https:\/\/scrat-tech.fr\/#\/schema\/logo\/image\/\",\"url\":\"https:\/\/scrat-tech.fr\/wp-content\/uploads\/2024\/10\/cropped-tuyu_monte.png\",\"contentUrl\":\"https:\/\/scrat-tech.fr\/wp-content\/uploads\/2024\/10\/cropped-tuyu_monte.png\",\"width\":512,\"height\":512,\"caption\":\"SCRAT\"},\"image\":{\"@id\":\"https:\/\/scrat-tech.fr\/#\/schema\/logo\/image\/\"},\"sameAs\":[\"https:\/\/www.facebook.com\/ScratRider\/\",\"https:\/\/x.com\/SCRAT_Rider\",\"https:\/\/instagram.com\/scrat_rider\",\"https:\/\/youtube.com\/c\/SCRAT\"]}]}<\/script>\n<!-- \/ Yoast SEO Premium plugin. -->","yoast_head_json":{"title":"Control ANDROID from PC easily and for free | AirDroid","description":"Control Android from PC with AirDroid! Read and reply to SMS, transfer files, play your music, videos, ... locate your device","robots":{"index":"index","follow":"follow","max-snippet":"max-snippet:-1","max-image-preview":"max-image-preview:large","max-video-preview":"max-video-preview:-1"},"canonical":"https:\/\/scrat-tech.fr\/en\/android\/control-android-pc\/","twitter_card":"summary_large_image","twitter_title":"Contr\u00f4ler ANDROID depuis un PC facilement et gratuitement | AirDroid","twitter_description":"Contr\u00f4ler Android depuis un PC avec AirDroid ! Lisez et r\u00e9pondez aux SMS, transf\u00e9rez des fichiers, lisez vos musiques, vid\u00e9os,... localisez votre appareil","twitter_image":"https:\/\/scrat-tech.fr\/wp-content\/uploads\/2016\/11\/abonnez-1024x283.jpg","twitter_site":"@SCRAT_Rider","twitter_misc":{"Est. reading time":"2 minutes"},"schema":{"@context":"https:\/\/schema.org","@graph":[{"@type":"WebPage","@id":"https:\/\/scrat-tech.fr\/android\/controler-android-pc\/","url":"https:\/\/scrat-tech.fr\/android\/controler-android-pc\/","name":"Control ANDROID from PC easily and for free | AirDroid","isPartOf":{"@id":"https:\/\/scrat-tech.fr\/#website"},"primaryImageOfPage":{"@id":"https:\/\/scrat-tech.fr\/android\/controler-android-pc\/#primaryimage"},"image":{"@id":"https:\/\/scrat-tech.fr\/android\/controler-android-pc\/#primaryimage"},"thumbnailUrl":"https:\/\/scrat-tech.fr\/wp-content\/uploads\/2016\/11\/abonnez-1024x283.jpg","datePublished":"2016-04-17T10:55:49+00:00","dateModified":"2017-03-20T14:11:15+00:00","description":"Control Android from PC with AirDroid! Read and reply to SMS, transfer files, play your music, videos, ... locate your device","breadcrumb":{"@id":"https:\/\/scrat-tech.fr\/android\/controler-android-pc\/#breadcrumb"},"inLanguage":"en-US","potentialAction":[{"@type":"ReadAction","target":["https:\/\/scrat-tech.fr\/android\/controler-android-pc\/"]}]},{"@type":"ImageObject","inLanguage":"en-US","@id":"https:\/\/scrat-tech.fr\/android\/controler-android-pc\/#primaryimage","url":"https:\/\/scrat-tech.fr\/wp-content\/uploads\/2016\/11\/abonnez-1024x283.jpg","contentUrl":"https:\/\/scrat-tech.fr\/wp-content\/uploads\/2016\/11\/abonnez-1024x283.jpg"},{"@type":"BreadcrumbList","@id":"https:\/\/scrat-tech.fr\/android\/controler-android-pc\/#breadcrumb","itemListElement":[{"@type":"ListItem","position":1,"name":"Accueil","item":"https:\/\/scrat-tech.fr\/"},{"@type":"ListItem","position":2,"name":"Android","item":"https:\/\/www.scrat-tech.fr\/en\/android\/"},{"@type":"ListItem","position":3,"name":"Contr\u00f4ler son Android avec son PC"}]},{"@type":"WebSite","@id":"https:\/\/scrat-tech.fr\/#website","url":"https:\/\/scrat-tech.fr\/","name":"SCRAT","description":"","publisher":{"@id":"https:\/\/scrat-tech.fr\/#organization"},"potentialAction":[{"@type":"SearchAction","target":{"@type":"EntryPoint","urlTemplate":"https:\/\/scrat-tech.fr\/?s={search_term_string}"},"query-input":{"@type":"PropertyValueSpecification","valueRequired":true,"valueName":"search_term_string"}}],"inLanguage":"en-US"},{"@type":"Organization","@id":"https:\/\/scrat-tech.fr\/#organization","name":"SCRAT","url":"https:\/\/scrat-tech.fr\/","logo":{"@type":"ImageObject","inLanguage":"en-US","@id":"https:\/\/scrat-tech.fr\/#\/schema\/logo\/image\/","url":"https:\/\/scrat-tech.fr\/wp-content\/uploads\/2024\/10\/cropped-tuyu_monte.png","contentUrl":"https:\/\/scrat-tech.fr\/wp-content\/uploads\/2024\/10\/cropped-tuyu_monte.png","width":512,"height":512,"caption":"SCRAT"},"image":{"@id":"https:\/\/scrat-tech.fr\/#\/schema\/logo\/image\/"},"sameAs":["https:\/\/www.facebook.com\/ScratRider\/","https:\/\/x.com\/SCRAT_Rider","https:\/\/instagram.com\/scrat_rider","https:\/\/youtube.com\/c\/SCRAT"]}]}},"_links":{"self":[{"href":"https:\/\/scrat-tech.fr\/en\/wp-json\/wp\/v2\/pages\/619","targetHints":{"allow":["GET"]}}],"collection":[{"href":"https:\/\/scrat-tech.fr\/en\/wp-json\/wp\/v2\/pages"}],"about":[{"href":"https:\/\/scrat-tech.fr\/en\/wp-json\/wp\/v2\/types\/page"}],"author":[{"embeddable":true,"href":"https:\/\/scrat-tech.fr\/en\/wp-json\/wp\/v2\/users\/2"}],"replies":[{"embeddable":true,"href":"https:\/\/scrat-tech.fr\/en\/wp-json\/wp\/v2\/comments?post=619"}],"version-history":[{"count":0,"href":"https:\/\/scrat-tech.fr\/en\/wp-json\/wp\/v2\/pages\/619\/revisions"}],"up":[{"embeddable":true,"href":"https:\/\/scrat-tech.fr\/en\/wp-json\/wp\/v2\/pages\/37"}],"wp:attachment":[{"href":"https:\/\/scrat-tech.fr\/en\/wp-json\/wp\/v2\/media?parent=619"}],"curies":[{"name":"wp","href":"https:\/\/api.w.org\/{rel}","templated":true}]}}