{"id":607,"date":"2016-04-17T12:12:59","date_gmt":"2016-04-17T10:12:59","guid":{"rendered":"https:\/?page_id=607"},"modified":"2017-03-20T16:06:16","modified_gmt":"2017-03-20T14:06:16","slug":"android-booster","status":"publish","type":"page","link":"https:\/\/scrat-tech.fr\/en\/android\/android-booster\/","title":{"rendered":"Booster Android - Make your phone 10x smoother and save battery life"},"content":{"rendered":"<h3 style=\"text-align: center;\"><strong>Slow phone? Big lags? Battery that runs out too quickly? Well know that this tutorial will solve all these problems because you will learn how to boost Android!<\/strong><\/h3>\n<p style=\"text-align: left;\">Know before starting the tutorial that you will absolutely need root rights to boost your device with these different tips. To learn how to root your device I invite you to follow <strong><a href=\"http:\/\/www.phonandroid.com\/android-comment-rooter-telephone-clic-towelroot.html\" target=\"_blank\">THIS TUTORIAL<\/a><\/strong>\u00a0where everything is explained step by step so you can root your Android without difficulty.<\/p>\n<p style=\"text-align: center;\"><a href=\"http:\/\/www.youtube.com\/user\/game682400?sub_confirmation=1\" target=\"_blank\"><img decoding=\"async\" class=\"aligncenter wp-image-1766\" src=\"https:\/\/scrat-tech.fr\/wp-content\/uploads\/2016\/11\/abonnez-1024x283.jpg\" width=\"400\" height=\"110\" srcset=\"https:\/\/scrat-tech.fr\/wp-content\/uploads\/2016\/11\/abonnez-1024x283.jpg 1024w, https:\/\/scrat-tech.fr\/wp-content\/uploads\/2016\/11\/abonnez-600x166.jpg 600w, https:\/\/scrat-tech.fr\/wp-content\/uploads\/2016\/11\/abonnez-300x83.jpg 300w, https:\/\/scrat-tech.fr\/wp-content\/uploads\/2016\/11\/abonnez-768x212.jpg 768w, https:\/\/scrat-tech.fr\/wp-content\/uploads\/2016\/11\/abonnez.jpg 1631w\" sizes=\"(max-width: 400px) 100vw, 400px\" \/><\/a><em><span style=\"color: #808080;\">Click here to subscribe and support me, it costs you nothing and makes me happy \ud83d\ude42<\/span><\/em><\/p>\n<p style=\"text-align: left;\">If the method explained in this link does not work, simply use the site&#039;s search tool and type: &quot;\u00a0<strong>root + your phone's name<\/strong>\u00a0\u00bb and you should find an article that will walk you through step-by-step how to do this for your device.<\/p>\n<p style=\"text-align: left;\">Rooting is in some ways the total unlocking of your smartphone, it will allow you total control over it. Contrary to some preconceived ideas, rooting is not that complicated to install on your smartphone, the risks of &quot;brick&quot; or &quot;crash&quot; your device are minimal and very often the warranty is not <strong>NOT<\/strong> canceled. I invite you to find out more about the root on Google or YouTube, where you'll find all the information you need.<\/p>\n<p style=\"text-align: left;\">There are several applications available but not all are compatible with each other and on all phones. If you have a Samsung Galaxy S3 like me in the video I advise you to install only the applications that I recommend in order to boost Android properly.<\/p>\n<p style=\"text-align: left;\">These are not, unlike many on the PlayStore, useless applications that do nothing but make your phone slower than it was originally, these applications dedicated to rooted devices are extremely efficient.<\/p>\n<p style=\"text-align: left;\">As for the battery, no application is needed, but your phone must have an AMOLED screen, a screen whose main advantage is that it completely turns off all the pixels that display black on the screen, in other words, they will not consume anything at all, all Samsungs have this screen technology and more and more recent smartphones are equipped with it.<\/p>\n<p><iframe width=\"800\" height=\"450\" src=\"https:\/\/www.youtube.com\/embed\/QSc0swJtleY?feature=oembed\" frameborder=\"0\" allowfullscreen><\/iframe><\/p>","protected":false},"excerpt":{"rendered":"<p>Slow phone? Big lags? Battery that goes flat too quickly? Well know that this tutorial will solve all these problems because you will learn how to boost Android! Know before starting the tutorial that you will absolutely need root rights to boost your device with these different tips. To learn how to [\u2026]<\/p>","protected":false},"author":2,"featured_media":0,"parent":37,"menu_order":0,"comment_status":"closed","ping_status":"open","template":"","meta":{"footnotes":""},"class_list":["post-607","page","type-page","status-publish","hentry"],"yoast_head":"<!-- This site is optimized with the Yoast SEO Premium plugin v24.4 (Yoast SEO v24.4) - https:\/\/yoast.com\/wordpress\/plugins\/seo\/ -->\n<title>Booster ANDROID et rendez votre appareil 10x plus fluide | TUTO<\/title>\n<meta name=\"description\" content=\"Booster Android facilement gr\u00e2ce \u00e0 ces quelques applications impressionnantes qui le rendront 10x plus fluide et \u00e9conomisez votre batterie !\" \/>\n<meta name=\"robots\" content=\"index, follow, max-snippet:-1, max-image-preview:large, max-video-preview:-1\" \/>\n<link rel=\"canonical\" href=\"https:\/\/scrat-tech.fr\/en\/android\/android-booster\/\" \/>\n<meta name=\"twitter:card\" content=\"summary_large_image\" \/>\n<meta name=\"twitter:title\" content=\"Booster ANDROID et rendez votre appareil 10x plus fluide | TUTO\" \/>\n<meta name=\"twitter:description\" content=\"Booster Android facilement gr\u00e2ce \u00e0 ces quelques applications impressionnantes qui le rendront 10x plus fluide et \u00e9conomisez votre batterie !\" \/>\n<meta name=\"twitter:image\" content=\"https:\/\/scrat-tech.fr\/wp-content\/uploads\/2016\/11\/abonnez-1024x283.jpg\" \/>\n<meta name=\"twitter:site\" content=\"@SCRAT_Rider\" \/>\n<meta name=\"twitter:label1\" content=\"Est. reading time\" \/>\n\t<meta name=\"twitter:data1\" content=\"2 minutes\" \/>\n<script type=\"application\/ld+json\" class=\"yoast-schema-graph\">{\"@context\":\"https:\/\/schema.org\",\"@graph\":[{\"@type\":\"WebPage\",\"@id\":\"https:\/\/scrat-tech.fr\/en\/android\/android-booster\/\",\"url\":\"https:\/\/scrat-tech.fr\/en\/android\/android-booster\/\",\"name\":\"Booster ANDROID et rendez votre appareil 10x plus fluide | TUTO\",\"isPartOf\":{\"@id\":\"https:\/\/scrat-tech.fr\/#website\"},\"primaryImageOfPage\":{\"@id\":\"https:\/\/scrat-tech.fr\/en\/android\/android-booster\/#primaryimage\"},\"image\":{\"@id\":\"https:\/\/scrat-tech.fr\/en\/android\/android-booster\/#primaryimage\"},\"thumbnailUrl\":\"https:\/\/scrat-tech.fr\/wp-content\/uploads\/2016\/11\/abonnez-1024x283.jpg\",\"datePublished\":\"2016-04-17T10:12:59+00:00\",\"dateModified\":\"2017-03-20T14:06:16+00:00\",\"description\":\"Booster Android facilement gr\u00e2ce \u00e0 ces quelques applications impressionnantes qui le rendront 10x plus fluide et \u00e9conomisez votre batterie !\",\"breadcrumb\":{\"@id\":\"https:\/\/scrat-tech.fr\/en\/android\/android-booster\/#breadcrumb\"},\"inLanguage\":\"en-US\",\"potentialAction\":[{\"@type\":\"ReadAction\",\"target\":[\"https:\/\/scrat-tech.fr\/en\/android\/android-booster\/\"]}]},{\"@type\":\"ImageObject\",\"inLanguage\":\"en-US\",\"@id\":\"https:\/\/scrat-tech.fr\/en\/android\/android-booster\/#primaryimage\",\"url\":\"https:\/\/scrat-tech.fr\/wp-content\/uploads\/2016\/11\/abonnez-1024x283.jpg\",\"contentUrl\":\"https:\/\/scrat-tech.fr\/wp-content\/uploads\/2016\/11\/abonnez-1024x283.jpg\"},{\"@type\":\"BreadcrumbList\",\"@id\":\"https:\/\/scrat-tech.fr\/en\/android\/android-booster\/#breadcrumb\",\"itemListElement\":[{\"@type\":\"ListItem\",\"position\":1,\"name\":\"Accueil\",\"item\":\"https:\/\/scrat-tech.fr\/\"},{\"@type\":\"ListItem\",\"position\":2,\"name\":\"Android\",\"item\":\"https:\/\/www.scrat-tech.fr\/en\/android\/\"},{\"@type\":\"ListItem\",\"position\":3,\"name\":\"Booster Android &#8211; Rendre son t\u00e9l\u00e9phone 10x plus fluide et \u00e9conomiser sa batterie\"}]},{\"@type\":\"WebSite\",\"@id\":\"https:\/\/scrat-tech.fr\/#website\",\"url\":\"https:\/\/scrat-tech.fr\/\",\"name\":\"SCRAT\",\"description\":\"\",\"publisher\":{\"@id\":\"https:\/\/scrat-tech.fr\/#organization\"},\"potentialAction\":[{\"@type\":\"SearchAction\",\"target\":{\"@type\":\"EntryPoint\",\"urlTemplate\":\"https:\/\/scrat-tech.fr\/?s={search_term_string}\"},\"query-input\":{\"@type\":\"PropertyValueSpecification\",\"valueRequired\":true,\"valueName\":\"search_term_string\"}}],\"inLanguage\":\"en-US\"},{\"@type\":\"Organization\",\"@id\":\"https:\/\/scrat-tech.fr\/#organization\",\"name\":\"SCRAT\",\"url\":\"https:\/\/scrat-tech.fr\/\",\"logo\":{\"@type\":\"ImageObject\",\"inLanguage\":\"en-US\",\"@id\":\"https:\/\/scrat-tech.fr\/#\/schema\/logo\/image\/\",\"url\":\"https:\/\/scrat-tech.fr\/wp-content\/uploads\/2024\/10\/cropped-tuyu_monte.png\",\"contentUrl\":\"https:\/\/scrat-tech.fr\/wp-content\/uploads\/2024\/10\/cropped-tuyu_monte.png\",\"width\":512,\"height\":512,\"caption\":\"SCRAT\"},\"image\":{\"@id\":\"https:\/\/scrat-tech.fr\/#\/schema\/logo\/image\/\"},\"sameAs\":[\"https:\/\/www.facebook.com\/ScratRider\/\",\"https:\/\/x.com\/SCRAT_Rider\",\"https:\/\/instagram.com\/scrat_rider\",\"https:\/\/youtube.com\/c\/SCRAT\"]}]}<\/script>\n<!-- \/ Yoast SEO Premium plugin. -->","yoast_head_json":{"title":"Boost ANDROID and make your device 10x smoother | TUTORIAL","description":"Boost Android easily with these awesome apps that will make it 10x smoother and save your battery!","robots":{"index":"index","follow":"follow","max-snippet":"max-snippet:-1","max-image-preview":"max-image-preview:large","max-video-preview":"max-video-preview:-1"},"canonical":"https:\/\/scrat-tech.fr\/en\/android\/android-booster\/","twitter_card":"summary_large_image","twitter_title":"Booster ANDROID et rendez votre appareil 10x plus fluide | TUTO","twitter_description":"Booster Android facilement gr\u00e2ce \u00e0 ces quelques applications impressionnantes qui le rendront 10x plus fluide et \u00e9conomisez votre batterie !","twitter_image":"https:\/\/scrat-tech.fr\/wp-content\/uploads\/2016\/11\/abonnez-1024x283.jpg","twitter_site":"@SCRAT_Rider","twitter_misc":{"Est. reading time":"2 minutes"},"schema":{"@context":"https:\/\/schema.org","@graph":[{"@type":"WebPage","@id":"https:\/\/scrat-tech.fr\/en\/android\/android-booster\/","url":"https:\/\/scrat-tech.fr\/en\/android\/android-booster\/","name":"Boost ANDROID and make your device 10x smoother | TUTORIAL","isPartOf":{"@id":"https:\/\/scrat-tech.fr\/#website"},"primaryImageOfPage":{"@id":"https:\/\/scrat-tech.fr\/en\/android\/android-booster\/#primaryimage"},"image":{"@id":"https:\/\/scrat-tech.fr\/en\/android\/android-booster\/#primaryimage"},"thumbnailUrl":"https:\/\/scrat-tech.fr\/wp-content\/uploads\/2016\/11\/abonnez-1024x283.jpg","datePublished":"2016-04-17T10:12:59+00:00","dateModified":"2017-03-20T14:06:16+00:00","description":"Boost Android easily with these awesome apps that will make it 10x smoother and save your battery!","breadcrumb":{"@id":"https:\/\/scrat-tech.fr\/en\/android\/android-booster\/#breadcrumb"},"inLanguage":"en-US","potentialAction":[{"@type":"ReadAction","target":["https:\/\/scrat-tech.fr\/en\/android\/android-booster\/"]}]},{"@type":"ImageObject","inLanguage":"en-US","@id":"https:\/\/scrat-tech.fr\/en\/android\/android-booster\/#primaryimage","url":"https:\/\/scrat-tech.fr\/wp-content\/uploads\/2016\/11\/abonnez-1024x283.jpg","contentUrl":"https:\/\/scrat-tech.fr\/wp-content\/uploads\/2016\/11\/abonnez-1024x283.jpg"},{"@type":"BreadcrumbList","@id":"https:\/\/scrat-tech.fr\/en\/android\/android-booster\/#breadcrumb","itemListElement":[{"@type":"ListItem","position":1,"name":"Accueil","item":"https:\/\/scrat-tech.fr\/"},{"@type":"ListItem","position":2,"name":"Android","item":"https:\/\/www.scrat-tech.fr\/en\/android\/"},{"@type":"ListItem","position":3,"name":"Booster Android &#8211; Rendre son t\u00e9l\u00e9phone 10x plus fluide et \u00e9conomiser sa batterie"}]},{"@type":"WebSite","@id":"https:\/\/scrat-tech.fr\/#website","url":"https:\/\/scrat-tech.fr\/","name":"SCRAT","description":"","publisher":{"@id":"https:\/\/scrat-tech.fr\/#organization"},"potentialAction":[{"@type":"SearchAction","target":{"@type":"EntryPoint","urlTemplate":"https:\/\/scrat-tech.fr\/?s={search_term_string}"},"query-input":{"@type":"PropertyValueSpecification","valueRequired":true,"valueName":"search_term_string"}}],"inLanguage":"en-US"},{"@type":"Organization","@id":"https:\/\/scrat-tech.fr\/#organization","name":"SCRAT","url":"https:\/\/scrat-tech.fr\/","logo":{"@type":"ImageObject","inLanguage":"en-US","@id":"https:\/\/scrat-tech.fr\/#\/schema\/logo\/image\/","url":"https:\/\/scrat-tech.fr\/wp-content\/uploads\/2024\/10\/cropped-tuyu_monte.png","contentUrl":"https:\/\/scrat-tech.fr\/wp-content\/uploads\/2024\/10\/cropped-tuyu_monte.png","width":512,"height":512,"caption":"SCRAT"},"image":{"@id":"https:\/\/scrat-tech.fr\/#\/schema\/logo\/image\/"},"sameAs":["https:\/\/www.facebook.com\/ScratRider\/","https:\/\/x.com\/SCRAT_Rider","https:\/\/instagram.com\/scrat_rider","https:\/\/youtube.com\/c\/SCRAT"]}]}},"_links":{"self":[{"href":"https:\/\/scrat-tech.fr\/en\/wp-json\/wp\/v2\/pages\/607","targetHints":{"allow":["GET"]}}],"collection":[{"href":"https:\/\/scrat-tech.fr\/en\/wp-json\/wp\/v2\/pages"}],"about":[{"href":"https:\/\/scrat-tech.fr\/en\/wp-json\/wp\/v2\/types\/page"}],"author":[{"embeddable":true,"href":"https:\/\/scrat-tech.fr\/en\/wp-json\/wp\/v2\/users\/2"}],"replies":[{"embeddable":true,"href":"https:\/\/scrat-tech.fr\/en\/wp-json\/wp\/v2\/comments?post=607"}],"version-history":[{"count":0,"href":"https:\/\/scrat-tech.fr\/en\/wp-json\/wp\/v2\/pages\/607\/revisions"}],"up":[{"embeddable":true,"href":"https:\/\/scrat-tech.fr\/en\/wp-json\/wp\/v2\/pages\/37"}],"wp:attachment":[{"href":"https:\/\/scrat-tech.fr\/en\/wp-json\/wp\/v2\/media?parent=607"}],"curies":[{"name":"wp","href":"https:\/\/api.w.org\/{rel}","templated":true}]}}