{"id":601,"date":"2016-04-17T11:34:21","date_gmt":"2016-04-17T09:34:21","guid":{"rendered":"https:\/?page_id=601"},"modified":"2017-03-20T16:19:49","modified_gmt":"2017-03-20T14:19:49","slug":"record-android-screen-without-root","status":"publish","type":"page","link":"https:\/\/scrat-tech.fr\/en\/android\/record-android-screen-without-root\/","title":{"rendered":"Register Android screen WITHOUT ROOT + control it"},"content":{"rendered":"<h3 style=\"text-align: center;\"><strong>Need to record your Android phone\/tablet screen in very good quality and WITHOUT rooting your device? This trick is for you! And as a bonus you will be able to control your device with the mouse.<\/strong><\/h3>\n<p style=\"text-align: left;\">To perform this trick you will need a PC and your Android device. We will use the Mobizen application and its associated website to be able to control our smartphone and record its screen.<\/p>\n<p style=\"text-align: center;\"><a href=\"http:\/\/www.youtube.com\/user\/game682400?sub_confirmation=1\" target=\"_blank\"><img decoding=\"async\" class=\"aligncenter wp-image-1766\" src=\"https:\/\/scrat-tech.fr\/wp-content\/uploads\/2016\/11\/abonnez-1024x283.jpg\" width=\"400\" height=\"110\" srcset=\"https:\/\/scrat-tech.fr\/wp-content\/uploads\/2016\/11\/abonnez-1024x283.jpg 1024w, https:\/\/scrat-tech.fr\/wp-content\/uploads\/2016\/11\/abonnez-600x166.jpg 600w, https:\/\/scrat-tech.fr\/wp-content\/uploads\/2016\/11\/abonnez-300x83.jpg 300w, https:\/\/scrat-tech.fr\/wp-content\/uploads\/2016\/11\/abonnez-768x212.jpg 768w, https:\/\/scrat-tech.fr\/wp-content\/uploads\/2016\/11\/abonnez.jpg 1631w\" sizes=\"(max-width: 400px) 100vw, 400px\" \/><\/a><em><span style=\"color: #808080;\">Click here to subscribe and support me, it costs you nothing and makes me happy \ud83d\ude42<\/span><\/em><\/p>\n<p style=\"text-align: left;\">Wired or wireless connection mode is available, but not compatible with all phones, and in any case the wire remains the best since there will obviously be less losses going through it unlike the wireless connection where you risk encountering some lags.<\/p>\n<p style=\"text-align: left;\">The goal is to send the image displayed on your Android screen to your PC in full screen, and from your PC start recording with capture software (Action Mirillis, Fraps, Camstasia...).<\/p>\n<p style=\"text-align: left;\">In addition to controlling your phone with your finger, you will be able to control it with your PC mouse directly by interacting on the Android screen displayed on your PC.<\/p>\n<p style=\"text-align: left;\"><strong>You will need to download the Mobizen app on your smartphone available at <a href=\"http:\/\/www.clictune.com\/id=518699\" target=\"_blank\">THIS LINK<\/a>, then go to <a href=\"http:\/\/www.clictune.com\/id=518698\" target=\"_blank\">THIS SITE<\/a>, or simply follow the links in the video description on YouTube.<\/strong><\/p>\n<p>https:\/\/www.youtube.com\/watch?v=dWjUDp_1bOM<\/p>","protected":false},"excerpt":{"rendered":"<p>Besoin d&rsquo;enregistrer votre \u00e9cran\u00a0Android de t\u00e9l\u00e9phone \/ tablette en tr\u00e8s bonne qualit\u00e9 et SANS rooter votre appareil ? Cette astuce est pour vous ! Et en bonus vous pourrez contr\u00f4ler votre appareil \u00e0 la souris. Pour r\u00e9aliser cette astuce il vous faudra un PC et votre appareil Android. On utilisera l&rsquo;application Mobizen et son site [&hellip;]<\/p>","protected":false},"author":2,"featured_media":0,"parent":37,"menu_order":0,"comment_status":"closed","ping_status":"open","template":"","meta":{"footnotes":""},"class_list":["post-601","page","type-page","status-publish","hentry"],"yoast_head":"<!-- This site is optimized with the Yoast SEO Premium plugin v24.4 (Yoast SEO v24.4) - https:\/\/yoast.com\/wordpress\/plugins\/seo\/ -->\n<title>Enregistrer son \u00e9cran Android SANS ROOT et le contr\u00f4ler \u00e0 la souris<\/title>\n<meta name=\"description\" content=\"Enregistrer son \u00e9cran Android SANS ROOT c&#039;est possible et tr\u00e8s simple, de plus avec cette m\u00e9thode vous pourrez contr\u00f4ler votre appareil sans le toucher.\" \/>\n<meta name=\"robots\" content=\"index, follow, max-snippet:-1, max-image-preview:large, max-video-preview:-1\" \/>\n<link rel=\"canonical\" href=\"https:\/\/scrat-tech.fr\/en\/android\/record-android-screen-without-root\/\" \/>\n<meta name=\"twitter:card\" content=\"summary_large_image\" \/>\n<meta name=\"twitter:title\" content=\"Enregistrer son \u00e9cran Android SANS ROOT et le contr\u00f4ler \u00e0 la souris\" \/>\n<meta name=\"twitter:description\" content=\"Enregistrer son \u00e9cran Android SANS ROOT c&#039;est possible et tr\u00e8s simple, de plus avec cette m\u00e9thode vous pourrez contr\u00f4ler votre appareil sans le toucher.\" \/>\n<meta name=\"twitter:image\" content=\"https:\/\/scrat-tech.fr\/wp-content\/uploads\/2016\/11\/abonnez-1024x283.jpg\" \/>\n<meta name=\"twitter:site\" content=\"@SCRAT_Rider\" \/>\n<meta name=\"twitter:label1\" content=\"Est. reading time\" \/>\n\t<meta name=\"twitter:data1\" content=\"1 minute\" \/>\n<script type=\"application\/ld+json\" class=\"yoast-schema-graph\">{\"@context\":\"https:\/\/schema.org\",\"@graph\":[{\"@type\":\"WebPage\",\"@id\":\"https:\/\/scrat-tech.fr\/android\/enregistrer-ecran-android-sans-root\/\",\"url\":\"https:\/\/scrat-tech.fr\/android\/enregistrer-ecran-android-sans-root\/\",\"name\":\"Enregistrer son \u00e9cran Android SANS ROOT et le contr\u00f4ler \u00e0 la souris\",\"isPartOf\":{\"@id\":\"https:\/\/scrat-tech.fr\/#website\"},\"primaryImageOfPage\":{\"@id\":\"https:\/\/scrat-tech.fr\/android\/enregistrer-ecran-android-sans-root\/#primaryimage\"},\"image\":{\"@id\":\"https:\/\/scrat-tech.fr\/android\/enregistrer-ecran-android-sans-root\/#primaryimage\"},\"thumbnailUrl\":\"https:\/\/scrat-tech.fr\/wp-content\/uploads\/2016\/11\/abonnez-1024x283.jpg\",\"datePublished\":\"2016-04-17T09:34:21+00:00\",\"dateModified\":\"2017-03-20T14:19:49+00:00\",\"description\":\"Enregistrer son \u00e9cran Android SANS ROOT c'est possible et tr\u00e8s simple, de plus avec cette m\u00e9thode vous pourrez contr\u00f4ler votre appareil sans le toucher.\",\"breadcrumb\":{\"@id\":\"https:\/\/scrat-tech.fr\/android\/enregistrer-ecran-android-sans-root\/#breadcrumb\"},\"inLanguage\":\"en-US\",\"potentialAction\":[{\"@type\":\"ReadAction\",\"target\":[\"https:\/\/scrat-tech.fr\/android\/enregistrer-ecran-android-sans-root\/\"]}]},{\"@type\":\"ImageObject\",\"inLanguage\":\"en-US\",\"@id\":\"https:\/\/scrat-tech.fr\/android\/enregistrer-ecran-android-sans-root\/#primaryimage\",\"url\":\"https:\/\/scrat-tech.fr\/wp-content\/uploads\/2016\/11\/abonnez-1024x283.jpg\",\"contentUrl\":\"https:\/\/scrat-tech.fr\/wp-content\/uploads\/2016\/11\/abonnez-1024x283.jpg\"},{\"@type\":\"BreadcrumbList\",\"@id\":\"https:\/\/scrat-tech.fr\/android\/enregistrer-ecran-android-sans-root\/#breadcrumb\",\"itemListElement\":[{\"@type\":\"ListItem\",\"position\":1,\"name\":\"Accueil\",\"item\":\"https:\/\/scrat-tech.fr\/\"},{\"@type\":\"ListItem\",\"position\":2,\"name\":\"Android\",\"item\":\"https:\/\/www.scrat-tech.fr\/en\/android\/\"},{\"@type\":\"ListItem\",\"position\":3,\"name\":\"Enregistrer l&rsquo;\u00e9cran Android SANS ROOT + le contr\u00f4ler\"}]},{\"@type\":\"WebSite\",\"@id\":\"https:\/\/scrat-tech.fr\/#website\",\"url\":\"https:\/\/scrat-tech.fr\/\",\"name\":\"SCRAT\",\"description\":\"\",\"publisher\":{\"@id\":\"https:\/\/scrat-tech.fr\/#organization\"},\"potentialAction\":[{\"@type\":\"SearchAction\",\"target\":{\"@type\":\"EntryPoint\",\"urlTemplate\":\"https:\/\/scrat-tech.fr\/?s={search_term_string}\"},\"query-input\":{\"@type\":\"PropertyValueSpecification\",\"valueRequired\":true,\"valueName\":\"search_term_string\"}}],\"inLanguage\":\"en-US\"},{\"@type\":\"Organization\",\"@id\":\"https:\/\/scrat-tech.fr\/#organization\",\"name\":\"SCRAT\",\"url\":\"https:\/\/scrat-tech.fr\/\",\"logo\":{\"@type\":\"ImageObject\",\"inLanguage\":\"en-US\",\"@id\":\"https:\/\/scrat-tech.fr\/#\/schema\/logo\/image\/\",\"url\":\"https:\/\/scrat-tech.fr\/wp-content\/uploads\/2024\/10\/cropped-tuyu_monte.png\",\"contentUrl\":\"https:\/\/scrat-tech.fr\/wp-content\/uploads\/2024\/10\/cropped-tuyu_monte.png\",\"width\":512,\"height\":512,\"caption\":\"SCRAT\"},\"image\":{\"@id\":\"https:\/\/scrat-tech.fr\/#\/schema\/logo\/image\/\"},\"sameAs\":[\"https:\/\/www.facebook.com\/ScratRider\/\",\"https:\/\/x.com\/SCRAT_Rider\",\"https:\/\/instagram.com\/scrat_rider\",\"https:\/\/youtube.com\/c\/SCRAT\"]}]}<\/script>\n<!-- \/ Yoast SEO Premium plugin. -->","yoast_head_json":{"title":"Record your Android screen WITHOUT ROOT and control it with the mouse","description":"Recording your Android screen WITHOUT ROOT is possible and very simple, plus with this method you can control your device without touching it.","robots":{"index":"index","follow":"follow","max-snippet":"max-snippet:-1","max-image-preview":"max-image-preview:large","max-video-preview":"max-video-preview:-1"},"canonical":"https:\/\/scrat-tech.fr\/en\/android\/record-android-screen-without-root\/","twitter_card":"summary_large_image","twitter_title":"Enregistrer son \u00e9cran Android SANS ROOT et le contr\u00f4ler \u00e0 la souris","twitter_description":"Enregistrer son \u00e9cran Android SANS ROOT c'est possible et tr\u00e8s simple, de plus avec cette m\u00e9thode vous pourrez contr\u00f4ler votre appareil sans le toucher.","twitter_image":"https:\/\/scrat-tech.fr\/wp-content\/uploads\/2016\/11\/abonnez-1024x283.jpg","twitter_site":"@SCRAT_Rider","twitter_misc":{"Est. reading time":"1 minute"},"schema":{"@context":"https:\/\/schema.org","@graph":[{"@type":"WebPage","@id":"https:\/\/scrat-tech.fr\/android\/enregistrer-ecran-android-sans-root\/","url":"https:\/\/scrat-tech.fr\/android\/enregistrer-ecran-android-sans-root\/","name":"Record your Android screen WITHOUT ROOT and control it with the mouse","isPartOf":{"@id":"https:\/\/scrat-tech.fr\/#website"},"primaryImageOfPage":{"@id":"https:\/\/scrat-tech.fr\/android\/enregistrer-ecran-android-sans-root\/#primaryimage"},"image":{"@id":"https:\/\/scrat-tech.fr\/android\/enregistrer-ecran-android-sans-root\/#primaryimage"},"thumbnailUrl":"https:\/\/scrat-tech.fr\/wp-content\/uploads\/2016\/11\/abonnez-1024x283.jpg","datePublished":"2016-04-17T09:34:21+00:00","dateModified":"2017-03-20T14:19:49+00:00","description":"Recording your Android screen WITHOUT ROOT is possible and very simple, plus with this method you can control your device without touching it.","breadcrumb":{"@id":"https:\/\/scrat-tech.fr\/android\/enregistrer-ecran-android-sans-root\/#breadcrumb"},"inLanguage":"en-US","potentialAction":[{"@type":"ReadAction","target":["https:\/\/scrat-tech.fr\/android\/enregistrer-ecran-android-sans-root\/"]}]},{"@type":"ImageObject","inLanguage":"en-US","@id":"https:\/\/scrat-tech.fr\/android\/enregistrer-ecran-android-sans-root\/#primaryimage","url":"https:\/\/scrat-tech.fr\/wp-content\/uploads\/2016\/11\/abonnez-1024x283.jpg","contentUrl":"https:\/\/scrat-tech.fr\/wp-content\/uploads\/2016\/11\/abonnez-1024x283.jpg"},{"@type":"BreadcrumbList","@id":"https:\/\/scrat-tech.fr\/android\/enregistrer-ecran-android-sans-root\/#breadcrumb","itemListElement":[{"@type":"ListItem","position":1,"name":"Accueil","item":"https:\/\/scrat-tech.fr\/"},{"@type":"ListItem","position":2,"name":"Android","item":"https:\/\/www.scrat-tech.fr\/en\/android\/"},{"@type":"ListItem","position":3,"name":"Enregistrer l&rsquo;\u00e9cran Android SANS ROOT + le contr\u00f4ler"}]},{"@type":"WebSite","@id":"https:\/\/scrat-tech.fr\/#website","url":"https:\/\/scrat-tech.fr\/","name":"SCRAT","description":"","publisher":{"@id":"https:\/\/scrat-tech.fr\/#organization"},"potentialAction":[{"@type":"SearchAction","target":{"@type":"EntryPoint","urlTemplate":"https:\/\/scrat-tech.fr\/?s={search_term_string}"},"query-input":{"@type":"PropertyValueSpecification","valueRequired":true,"valueName":"search_term_string"}}],"inLanguage":"en-US"},{"@type":"Organization","@id":"https:\/\/scrat-tech.fr\/#organization","name":"SCRAT","url":"https:\/\/scrat-tech.fr\/","logo":{"@type":"ImageObject","inLanguage":"en-US","@id":"https:\/\/scrat-tech.fr\/#\/schema\/logo\/image\/","url":"https:\/\/scrat-tech.fr\/wp-content\/uploads\/2024\/10\/cropped-tuyu_monte.png","contentUrl":"https:\/\/scrat-tech.fr\/wp-content\/uploads\/2024\/10\/cropped-tuyu_monte.png","width":512,"height":512,"caption":"SCRAT"},"image":{"@id":"https:\/\/scrat-tech.fr\/#\/schema\/logo\/image\/"},"sameAs":["https:\/\/www.facebook.com\/ScratRider\/","https:\/\/x.com\/SCRAT_Rider","https:\/\/instagram.com\/scrat_rider","https:\/\/youtube.com\/c\/SCRAT"]}]}},"_links":{"self":[{"href":"https:\/\/scrat-tech.fr\/en\/wp-json\/wp\/v2\/pages\/601","targetHints":{"allow":["GET"]}}],"collection":[{"href":"https:\/\/scrat-tech.fr\/en\/wp-json\/wp\/v2\/pages"}],"about":[{"href":"https:\/\/scrat-tech.fr\/en\/wp-json\/wp\/v2\/types\/page"}],"author":[{"embeddable":true,"href":"https:\/\/scrat-tech.fr\/en\/wp-json\/wp\/v2\/users\/2"}],"replies":[{"embeddable":true,"href":"https:\/\/scrat-tech.fr\/en\/wp-json\/wp\/v2\/comments?post=601"}],"version-history":[{"count":0,"href":"https:\/\/scrat-tech.fr\/en\/wp-json\/wp\/v2\/pages\/601\/revisions"}],"up":[{"embeddable":true,"href":"https:\/\/scrat-tech.fr\/en\/wp-json\/wp\/v2\/pages\/37"}],"wp:attachment":[{"href":"https:\/\/scrat-tech.fr\/en\/wp-json\/wp\/v2\/media?parent=601"}],"curies":[{"name":"wp","href":"https:\/\/api.w.org\/{rel}","templated":true}]}}