{"id":596,"date":"2016-04-17T11:11:24","date_gmt":"2016-04-17T09:11:24","guid":{"rendered":"https:\/?page_id=596"},"modified":"2017-03-21T13:11:47","modified_gmt":"2017-03-21T11:11:47","slug":"pc-games-on-android","status":"publish","type":"page","link":"https:\/\/scrat-tech.fr\/en\/android\/pc-games-on-android\/","title":{"rendered":"Play any PC game on your ANDROID phone\/tablet"},"content":{"rendered":"<h3 style=\"text-align: center;\"><strong>Even if it seems crazy, it is totally possible to play all PC games on your ANDROID phone in full HD 60 FPS. You simply need a phone or tablet, a PC and optionally but it&#039;s better: a controller.<\/strong><\/h3>\n<p style=\"text-align: left;\">If you landed after the tutorial to play GTA V on your Android device, you know more or less the principle to launch PC games on a smartphone, otherwise here is a brief summary of what you need to know:<\/p>\n<p style=\"text-align: center;\"><a href=\"http:\/\/www.youtube.com\/user\/game682400?sub_confirmation=1\" target=\"_blank\"><img decoding=\"async\" class=\"aligncenter wp-image-1766\" src=\"https:\/\/scrat-tech.fr\/wp-content\/uploads\/2016\/11\/abonnez-1024x283.jpg\" width=\"400\" height=\"110\" srcset=\"https:\/\/scrat-tech.fr\/wp-content\/uploads\/2016\/11\/abonnez-1024x283.jpg 1024w, https:\/\/scrat-tech.fr\/wp-content\/uploads\/2016\/11\/abonnez-600x166.jpg 600w, https:\/\/scrat-tech.fr\/wp-content\/uploads\/2016\/11\/abonnez-300x83.jpg 300w, https:\/\/scrat-tech.fr\/wp-content\/uploads\/2016\/11\/abonnez-768x212.jpg 768w, https:\/\/scrat-tech.fr\/wp-content\/uploads\/2016\/11\/abonnez.jpg 1631w\" sizes=\"(max-width: 400px) 100vw, 400px\" \/><\/a><em><span style=\"color: #808080;\">Click here to subscribe and support me, it costs you nothing and makes me happy \ud83d\ude42<\/span><\/em><\/p>\n<p style=\"text-align: left;\">This feature is actually a derivative of the Nvidia Game Stream system, normally reserved only for the Nvidia Shield tablet. We launch software on our PC, an application on our phone, we connect the controller to our phone (see below how to do it), we link everything and that&#039;s it, the game works well on its Android at 60 FPS and in 1920 x 1080 resolution.<\/p>\n<p>The game conditions will obviously depend on the quality of your connection. <strong>LOCAL<\/strong> and not the internet, but also the performance of your phone\/tablet, since yes, even if we don&#039;t run the game directly on it, we still have to retrieve and process certain data, if you are too far from your box or if too many devices are already straining it, you will be likely to have some slowdowns in the game.<\/p>\n<p><span style=\"text-decoration: underline;\"><strong>Possibility to play with a controller, for this 2 solutions:<\/strong><\/span><br \/>\n-Either you have a Sony Z series and you can normally connect a PS3 \/ PS4 controller to it directly in this case.<br \/>\n-Either you have another phone compatible with a Bluetooth or USB controller and you can easily connect it, or you will need to root your phone to connect one (check online).<\/p>\n<p><strong>To be able to play PC games on Android, you will need Nvidia GeForce Experience, which can be downloaded from <a href=\"http:\/\/www.clictune.com\/id=518681\" target=\"_blank\">THIS LINK<\/a>, as well as the downloadable MoonLight app <a href=\"http:\/\/www.clictune.com\/id=518682\" target=\"_blank\">ICI<\/a> for NON ROOT phones and <a href=\"http:\/\/www.clictune.com\/id=522668\" target=\"_blank\">ICI<\/a> for ROOT phones, or simply by following the links in the video description on YouTube.<\/strong><\/p>\n<p><iframe width=\"800\" height=\"450\" src=\"https:\/\/www.youtube.com\/embed\/riCzwHtZ_tg?feature=oembed\" frameborder=\"0\" allowfullscreen><\/iframe><\/p>","protected":false},"excerpt":{"rendered":"<p>M\u00eame si \u00e7a para\u00eet dingue il est totalement possible de jouer \u00e0 tous les jeux PC sur son t\u00e9l\u00e9phone ANDROID en full HD 60 FPS. Il vous faut simplement un t\u00e9l\u00e9phone ou une tablette, un PC et optionnellement mais c&rsquo;est mieux: une manette. Si vous atterrissez suite au tutoriel pour jouer \u00e0 GTA V sur [&hellip;]<\/p>","protected":false},"author":2,"featured_media":0,"parent":37,"menu_order":0,"comment_status":"closed","ping_status":"open","template":"","meta":{"footnotes":""},"class_list":["post-596","page","type-page","status-publish","hentry"],"yoast_head":"<!-- This site is optimized with the Yoast SEO Premium plugin v24.4 (Yoast SEO v24.4) - https:\/\/yoast.com\/wordpress\/plugins\/seo\/ -->\n<title>Jouer aux jeux PC sur Android SANS ROOT et gratuitement | TUTO<\/title>\n<meta name=\"description\" content=\"Faites tourner et jouez \u00e0 des jeux PC sur sur Android facilement et gratuitement sans root, avec une manette et en r\u00e9solution 1920x1080 - 60 FPS.\" \/>\n<meta name=\"robots\" content=\"index, follow, max-snippet:-1, max-image-preview:large, max-video-preview:-1\" \/>\n<link rel=\"canonical\" href=\"https:\/\/scrat-tech.fr\/en\/android\/pc-games-on-android\/\" \/>\n<meta name=\"twitter:card\" content=\"summary_large_image\" \/>\n<meta name=\"twitter:title\" content=\"Jouer aux jeux PC sur Android SANS ROOT et gratuitement | TUTO\" \/>\n<meta name=\"twitter:description\" content=\"Faites tourner et jouez \u00e0 des jeux PC sur sur Android facilement et gratuitement sans root, avec une manette et en r\u00e9solution 1920x1080 - 60 FPS.\" \/>\n<meta name=\"twitter:image\" content=\"https:\/\/scrat-tech.fr\/wp-content\/uploads\/2016\/11\/abonnez-1024x283.jpg\" \/>\n<meta name=\"twitter:site\" content=\"@SCRAT_Rider\" \/>\n<meta name=\"twitter:label1\" content=\"Est. reading time\" \/>\n\t<meta name=\"twitter:data1\" content=\"2 minutes\" \/>\n<script type=\"application\/ld+json\" class=\"yoast-schema-graph\">{\"@context\":\"https:\/\/schema.org\",\"@graph\":[{\"@type\":\"WebPage\",\"@id\":\"https:\/\/scrat-tech.fr\/android\/jeux-pc-sur-android\/\",\"url\":\"https:\/\/scrat-tech.fr\/android\/jeux-pc-sur-android\/\",\"name\":\"Jouer aux jeux PC sur Android SANS ROOT et gratuitement | TUTO\",\"isPartOf\":{\"@id\":\"https:\/\/scrat-tech.fr\/#website\"},\"primaryImageOfPage\":{\"@id\":\"https:\/\/scrat-tech.fr\/android\/jeux-pc-sur-android\/#primaryimage\"},\"image\":{\"@id\":\"https:\/\/scrat-tech.fr\/android\/jeux-pc-sur-android\/#primaryimage\"},\"thumbnailUrl\":\"https:\/\/scrat-tech.fr\/wp-content\/uploads\/2016\/11\/abonnez-1024x283.jpg\",\"datePublished\":\"2016-04-17T09:11:24+00:00\",\"dateModified\":\"2017-03-21T11:11:47+00:00\",\"description\":\"Faites tourner et jouez \u00e0 des jeux PC sur sur Android facilement et gratuitement sans root, avec une manette et en r\u00e9solution 1920x1080 - 60 FPS.\",\"breadcrumb\":{\"@id\":\"https:\/\/scrat-tech.fr\/android\/jeux-pc-sur-android\/#breadcrumb\"},\"inLanguage\":\"en-US\",\"potentialAction\":[{\"@type\":\"ReadAction\",\"target\":[\"https:\/\/scrat-tech.fr\/android\/jeux-pc-sur-android\/\"]}]},{\"@type\":\"ImageObject\",\"inLanguage\":\"en-US\",\"@id\":\"https:\/\/scrat-tech.fr\/android\/jeux-pc-sur-android\/#primaryimage\",\"url\":\"https:\/\/scrat-tech.fr\/wp-content\/uploads\/2016\/11\/abonnez-1024x283.jpg\",\"contentUrl\":\"https:\/\/scrat-tech.fr\/wp-content\/uploads\/2016\/11\/abonnez-1024x283.jpg\"},{\"@type\":\"BreadcrumbList\",\"@id\":\"https:\/\/scrat-tech.fr\/android\/jeux-pc-sur-android\/#breadcrumb\",\"itemListElement\":[{\"@type\":\"ListItem\",\"position\":1,\"name\":\"Accueil\",\"item\":\"https:\/\/scrat-tech.fr\/\"},{\"@type\":\"ListItem\",\"position\":2,\"name\":\"Android\",\"item\":\"https:\/\/www.scrat-tech.fr\/en\/android\/\"},{\"@type\":\"ListItem\",\"position\":3,\"name\":\"Jouer \u00e0 n&rsquo;importe quel jeu PC sur son t\u00e9l\u00e9phone \/ tablette ANDROID\"}]},{\"@type\":\"WebSite\",\"@id\":\"https:\/\/scrat-tech.fr\/#website\",\"url\":\"https:\/\/scrat-tech.fr\/\",\"name\":\"SCRAT\",\"description\":\"\",\"publisher\":{\"@id\":\"https:\/\/scrat-tech.fr\/#organization\"},\"potentialAction\":[{\"@type\":\"SearchAction\",\"target\":{\"@type\":\"EntryPoint\",\"urlTemplate\":\"https:\/\/scrat-tech.fr\/?s={search_term_string}\"},\"query-input\":{\"@type\":\"PropertyValueSpecification\",\"valueRequired\":true,\"valueName\":\"search_term_string\"}}],\"inLanguage\":\"en-US\"},{\"@type\":\"Organization\",\"@id\":\"https:\/\/scrat-tech.fr\/#organization\",\"name\":\"SCRAT\",\"url\":\"https:\/\/scrat-tech.fr\/\",\"logo\":{\"@type\":\"ImageObject\",\"inLanguage\":\"en-US\",\"@id\":\"https:\/\/scrat-tech.fr\/#\/schema\/logo\/image\/\",\"url\":\"https:\/\/scrat-tech.fr\/wp-content\/uploads\/2024\/10\/cropped-tuyu_monte.png\",\"contentUrl\":\"https:\/\/scrat-tech.fr\/wp-content\/uploads\/2024\/10\/cropped-tuyu_monte.png\",\"width\":512,\"height\":512,\"caption\":\"SCRAT\"},\"image\":{\"@id\":\"https:\/\/scrat-tech.fr\/#\/schema\/logo\/image\/\"},\"sameAs\":[\"https:\/\/www.facebook.com\/ScratRider\/\",\"https:\/\/x.com\/SCRAT_Rider\",\"https:\/\/instagram.com\/scrat_rider\",\"https:\/\/youtube.com\/c\/SCRAT\"]}]}<\/script>\n<!-- \/ Yoast SEO Premium plugin. -->","yoast_head_json":{"title":"Play PC games on Android WITHOUT ROOT and for free | TUTORIAL","description":"Run and play PC games on Android easily and for free without root, with a controller and in 1920x1080 resolution - 60 FPS.","robots":{"index":"index","follow":"follow","max-snippet":"max-snippet:-1","max-image-preview":"max-image-preview:large","max-video-preview":"max-video-preview:-1"},"canonical":"https:\/\/scrat-tech.fr\/en\/android\/pc-games-on-android\/","twitter_card":"summary_large_image","twitter_title":"Jouer aux jeux PC sur Android SANS ROOT et gratuitement | TUTO","twitter_description":"Faites tourner et jouez \u00e0 des jeux PC sur sur Android facilement et gratuitement sans root, avec une manette et en r\u00e9solution 1920x1080 - 60 FPS.","twitter_image":"https:\/\/scrat-tech.fr\/wp-content\/uploads\/2016\/11\/abonnez-1024x283.jpg","twitter_site":"@SCRAT_Rider","twitter_misc":{"Est. reading time":"2 minutes"},"schema":{"@context":"https:\/\/schema.org","@graph":[{"@type":"WebPage","@id":"https:\/\/scrat-tech.fr\/android\/jeux-pc-sur-android\/","url":"https:\/\/scrat-tech.fr\/android\/jeux-pc-sur-android\/","name":"Play PC games on Android WITHOUT ROOT and for free | TUTORIAL","isPartOf":{"@id":"https:\/\/scrat-tech.fr\/#website"},"primaryImageOfPage":{"@id":"https:\/\/scrat-tech.fr\/android\/jeux-pc-sur-android\/#primaryimage"},"image":{"@id":"https:\/\/scrat-tech.fr\/android\/jeux-pc-sur-android\/#primaryimage"},"thumbnailUrl":"https:\/\/scrat-tech.fr\/wp-content\/uploads\/2016\/11\/abonnez-1024x283.jpg","datePublished":"2016-04-17T09:11:24+00:00","dateModified":"2017-03-21T11:11:47+00:00","description":"Run and play PC games on Android easily and for free without root, with a controller and in 1920x1080 resolution - 60 FPS.","breadcrumb":{"@id":"https:\/\/scrat-tech.fr\/android\/jeux-pc-sur-android\/#breadcrumb"},"inLanguage":"en-US","potentialAction":[{"@type":"ReadAction","target":["https:\/\/scrat-tech.fr\/android\/jeux-pc-sur-android\/"]}]},{"@type":"ImageObject","inLanguage":"en-US","@id":"https:\/\/scrat-tech.fr\/android\/jeux-pc-sur-android\/#primaryimage","url":"https:\/\/scrat-tech.fr\/wp-content\/uploads\/2016\/11\/abonnez-1024x283.jpg","contentUrl":"https:\/\/scrat-tech.fr\/wp-content\/uploads\/2016\/11\/abonnez-1024x283.jpg"},{"@type":"BreadcrumbList","@id":"https:\/\/scrat-tech.fr\/android\/jeux-pc-sur-android\/#breadcrumb","itemListElement":[{"@type":"ListItem","position":1,"name":"Accueil","item":"https:\/\/scrat-tech.fr\/"},{"@type":"ListItem","position":2,"name":"Android","item":"https:\/\/www.scrat-tech.fr\/en\/android\/"},{"@type":"ListItem","position":3,"name":"Jouer \u00e0 n&rsquo;importe quel jeu PC sur son t\u00e9l\u00e9phone \/ tablette ANDROID"}]},{"@type":"WebSite","@id":"https:\/\/scrat-tech.fr\/#website","url":"https:\/\/scrat-tech.fr\/","name":"SCRAT","description":"","publisher":{"@id":"https:\/\/scrat-tech.fr\/#organization"},"potentialAction":[{"@type":"SearchAction","target":{"@type":"EntryPoint","urlTemplate":"https:\/\/scrat-tech.fr\/?s={search_term_string}"},"query-input":{"@type":"PropertyValueSpecification","valueRequired":true,"valueName":"search_term_string"}}],"inLanguage":"en-US"},{"@type":"Organization","@id":"https:\/\/scrat-tech.fr\/#organization","name":"SCRAT","url":"https:\/\/scrat-tech.fr\/","logo":{"@type":"ImageObject","inLanguage":"en-US","@id":"https:\/\/scrat-tech.fr\/#\/schema\/logo\/image\/","url":"https:\/\/scrat-tech.fr\/wp-content\/uploads\/2024\/10\/cropped-tuyu_monte.png","contentUrl":"https:\/\/scrat-tech.fr\/wp-content\/uploads\/2024\/10\/cropped-tuyu_monte.png","width":512,"height":512,"caption":"SCRAT"},"image":{"@id":"https:\/\/scrat-tech.fr\/#\/schema\/logo\/image\/"},"sameAs":["https:\/\/www.facebook.com\/ScratRider\/","https:\/\/x.com\/SCRAT_Rider","https:\/\/instagram.com\/scrat_rider","https:\/\/youtube.com\/c\/SCRAT"]}]}},"_links":{"self":[{"href":"https:\/\/scrat-tech.fr\/en\/wp-json\/wp\/v2\/pages\/596","targetHints":{"allow":["GET"]}}],"collection":[{"href":"https:\/\/scrat-tech.fr\/en\/wp-json\/wp\/v2\/pages"}],"about":[{"href":"https:\/\/scrat-tech.fr\/en\/wp-json\/wp\/v2\/types\/page"}],"author":[{"embeddable":true,"href":"https:\/\/scrat-tech.fr\/en\/wp-json\/wp\/v2\/users\/2"}],"replies":[{"embeddable":true,"href":"https:\/\/scrat-tech.fr\/en\/wp-json\/wp\/v2\/comments?post=596"}],"version-history":[{"count":0,"href":"https:\/\/scrat-tech.fr\/en\/wp-json\/wp\/v2\/pages\/596\/revisions"}],"up":[{"embeddable":true,"href":"https:\/\/scrat-tech.fr\/en\/wp-json\/wp\/v2\/pages\/37"}],"wp:attachment":[{"href":"https:\/\/scrat-tech.fr\/en\/wp-json\/wp\/v2\/media?parent=596"}],"curies":[{"name":"wp","href":"https:\/\/api.w.org\/{rel}","templated":true}]}}