{"id":591,"date":"2016-04-17T10:59:30","date_gmt":"2016-04-17T08:59:30","guid":{"rendered":"https:\/?page_id=591"},"modified":"2017-03-20T15:52:37","modified_gmt":"2017-03-20T13:52:37","slug":"optimize-chrome-for-android","status":"publish","type":"page","link":"https:\/\/scrat-tech.fr\/en\/android\/optimize-chrome-for-android\/","title":{"rendered":"4 little hidden Chrome settings - Chrome optimization"},"content":{"rendered":"<h3 style=\"text-align: center;\"><strong><span style=\"font-size: 14pt;\">Did you know that there's a whole range of hidden settings on Google Chrome for Android? And that by tweaking them a little, you can optimize Chrome or even personalize it a little more?<\/span><\/strong><\/h3>\n<p style=\"text-align: left;\">Whether you want to deactivate certain settings or activate others, the method shown in the video must be followed. <strong>IMPERATIVELY<\/strong> be followed to the letter, as it's easy to end up with an unusable browser by modifying something that wasn't meant to be.<\/p>\n<p style=\"text-align: center;\"><a href=\"http:\/\/www.youtube.com\/user\/game682400?sub_confirmation=1\" target=\"_blank\"><img decoding=\"async\" class=\"aligncenter wp-image-1766\" src=\"https:\/\/scrat-tech.fr\/wp-content\/uploads\/2016\/11\/abonnez-1024x283.jpg\" width=\"400\" height=\"110\" srcset=\"https:\/\/scrat-tech.fr\/wp-content\/uploads\/2016\/11\/abonnez-1024x283.jpg 1024w, https:\/\/scrat-tech.fr\/wp-content\/uploads\/2016\/11\/abonnez-600x166.jpg 600w, https:\/\/scrat-tech.fr\/wp-content\/uploads\/2016\/11\/abonnez-300x83.jpg 300w, https:\/\/scrat-tech.fr\/wp-content\/uploads\/2016\/11\/abonnez-768x212.jpg 768w, https:\/\/scrat-tech.fr\/wp-content\/uploads\/2016\/11\/abonnez.jpg 1631w\" sizes=\"(max-width: 400px) 100vw, 400px\" \/><\/a><em><span style=\"color: #808080;\">Click here to subscribe and support me, it costs you nothing and makes me happy \ud83d\ude42<\/span><\/em><\/p>\n<p style=\"text-align: left;\"><strong><em><span style=\"text-decoration: underline;\">You'll be able to:<\/span><\/em><\/strong><br \/>\n-Display an FPS (frames per second) counter like on a PC, which can be useful for games.<br \/>\n-Deactivate the page refresh function when you drag your finger downwards, a function that I and many other people find useless, as we often refresh the page by mistake by sliding our finger across the screen.<br \/>\n-Disable the automatic refresh function of a previously opened page that has remained inactive on the phone when you return to it or relaunch Chrome.<br \/>\n-Remove the link opening delay (when a link is clicked, Chrome delays for a few moments, then opens the link. After this operation, links are opened instantly).<\/p>\n<p style=\"text-align: left;\">These tips are not a miracle to make your browser extremely fast, as the speed of Chrome on Android depends above all on your Internet connection. Instead, these are time-saving optimization tips, which will still make your Chrome faster, as some pages can take a long time to load, so it can be annoying to refresh them accidentally or automatically if you don't touch them.<\/p>\n<p style=\"text-align: left;\">In the event of an error that renders your Chrome unusable (which is why I don't recommend touching anything if you don't know what you're doing), go to the application manager, find Chrome, then delete all the data, the cache... Or uninstall it, then reinstall it - it's all the same.<\/p>\n<p><iframe width=\"800\" height=\"450\" src=\"https:\/\/www.youtube.com\/embed\/q7XeBGzA7JY?feature=oembed\" frameborder=\"0\" allowfullscreen><\/iframe><\/p>","protected":false},"excerpt":{"rendered":"<p>Saviez-vous qu&rsquo;il existe une panoplie de param\u00e8tres masqu\u00e9s sur google Chrome pour Android ? Et qu&rsquo;en les bidouillant un petit peu on arrive \u00e0 optimiser Chrome ou m\u00eame \u00e0 le personnaliser un petit peu plus ? Que se soit pour d\u00e9sactiver certains param\u00e8tres ou en activer d&rsquo;autres, la m\u00e9thode pr\u00e9sent\u00e9e en vid\u00e9o doit IMP\u00c9RATIVEMENT \u00eatre [&hellip;]<\/p>","protected":false},"author":2,"featured_media":0,"parent":37,"menu_order":0,"comment_status":"closed","ping_status":"open","template":"","meta":{"footnotes":""},"class_list":["post-591","page","type-page","status-publish","hentry"],"yoast_head":"<!-- This site is optimized with the Yoast SEO Premium plugin v24.4 (Yoast SEO v24.4) - https:\/\/yoast.com\/wordpress\/plugins\/seo\/ -->\n<title>Optimiser Chrome - ANDROID | Pr\u00e9sentation de 4 param\u00e8tres cach\u00e9s<\/title>\n<meta name=\"description\" content=\"Chrome trop lent sur votre smartphone ou tablette Android ? Des param\u00e8tres ou fonctions qui vous g\u00eanent ? Voici donc 4 param\u00e8tres cach\u00e9s de l&#039;application.\" \/>\n<meta name=\"robots\" content=\"index, follow, max-snippet:-1, max-image-preview:large, max-video-preview:-1\" \/>\n<link rel=\"canonical\" href=\"https:\/\/scrat-tech.fr\/en\/android\/optimize-chrome-for-android\/\" \/>\n<meta name=\"twitter:card\" content=\"summary_large_image\" \/>\n<meta name=\"twitter:title\" content=\"Optimiser Chrome - ANDROID | Pr\u00e9sentation de 4 param\u00e8tres cach\u00e9s\" \/>\n<meta name=\"twitter:description\" content=\"Chrome trop lent sur votre smartphone ou tablette Android ? Des param\u00e8tres ou fonctions qui vous g\u00eanent ? Voici donc 4 param\u00e8tres cach\u00e9s de l&#039;application.\" \/>\n<meta name=\"twitter:image\" content=\"https:\/\/scrat-tech.fr\/wp-content\/uploads\/2016\/11\/abonnez-1024x283.jpg\" \/>\n<meta name=\"twitter:site\" content=\"@SCRAT_Rider\" \/>\n<meta name=\"twitter:label1\" content=\"Est. reading time\" \/>\n\t<meta name=\"twitter:data1\" content=\"2 minutes\" \/>\n<script type=\"application\/ld+json\" class=\"yoast-schema-graph\">{\"@context\":\"https:\/\/schema.org\",\"@graph\":[{\"@type\":\"WebPage\",\"@id\":\"https:\/\/scrat-tech.fr\/android\/optimiser-chrome-pour-android\/\",\"url\":\"https:\/\/scrat-tech.fr\/android\/optimiser-chrome-pour-android\/\",\"name\":\"Optimiser Chrome - ANDROID | Pr\u00e9sentation de 4 param\u00e8tres cach\u00e9s\",\"isPartOf\":{\"@id\":\"https:\/\/scrat-tech.fr\/#website\"},\"primaryImageOfPage\":{\"@id\":\"https:\/\/scrat-tech.fr\/android\/optimiser-chrome-pour-android\/#primaryimage\"},\"image\":{\"@id\":\"https:\/\/scrat-tech.fr\/android\/optimiser-chrome-pour-android\/#primaryimage\"},\"thumbnailUrl\":\"https:\/\/scrat-tech.fr\/wp-content\/uploads\/2016\/11\/abonnez-1024x283.jpg\",\"datePublished\":\"2016-04-17T08:59:30+00:00\",\"dateModified\":\"2017-03-20T13:52:37+00:00\",\"description\":\"Chrome trop lent sur votre smartphone ou tablette Android ? Des param\u00e8tres ou fonctions qui vous g\u00eanent ? Voici donc 4 param\u00e8tres cach\u00e9s de l'application.\",\"breadcrumb\":{\"@id\":\"https:\/\/scrat-tech.fr\/android\/optimiser-chrome-pour-android\/#breadcrumb\"},\"inLanguage\":\"en-US\",\"potentialAction\":[{\"@type\":\"ReadAction\",\"target\":[\"https:\/\/scrat-tech.fr\/android\/optimiser-chrome-pour-android\/\"]}]},{\"@type\":\"ImageObject\",\"inLanguage\":\"en-US\",\"@id\":\"https:\/\/scrat-tech.fr\/android\/optimiser-chrome-pour-android\/#primaryimage\",\"url\":\"https:\/\/scrat-tech.fr\/wp-content\/uploads\/2016\/11\/abonnez-1024x283.jpg\",\"contentUrl\":\"https:\/\/scrat-tech.fr\/wp-content\/uploads\/2016\/11\/abonnez-1024x283.jpg\"},{\"@type\":\"BreadcrumbList\",\"@id\":\"https:\/\/scrat-tech.fr\/android\/optimiser-chrome-pour-android\/#breadcrumb\",\"itemListElement\":[{\"@type\":\"ListItem\",\"position\":1,\"name\":\"Accueil\",\"item\":\"https:\/\/scrat-tech.fr\/\"},{\"@type\":\"ListItem\",\"position\":2,\"name\":\"Android\",\"item\":\"https:\/\/www.scrat-tech.fr\/en\/android\/\"},{\"@type\":\"ListItem\",\"position\":3,\"name\":\"4 petits param\u00e8tres cach\u00e9s de Chrome &#8211; Optimisation de Chrome\"}]},{\"@type\":\"WebSite\",\"@id\":\"https:\/\/scrat-tech.fr\/#website\",\"url\":\"https:\/\/scrat-tech.fr\/\",\"name\":\"SCRAT\",\"description\":\"\",\"publisher\":{\"@id\":\"https:\/\/scrat-tech.fr\/#organization\"},\"potentialAction\":[{\"@type\":\"SearchAction\",\"target\":{\"@type\":\"EntryPoint\",\"urlTemplate\":\"https:\/\/scrat-tech.fr\/?s={search_term_string}\"},\"query-input\":{\"@type\":\"PropertyValueSpecification\",\"valueRequired\":true,\"valueName\":\"search_term_string\"}}],\"inLanguage\":\"en-US\"},{\"@type\":\"Organization\",\"@id\":\"https:\/\/scrat-tech.fr\/#organization\",\"name\":\"SCRAT\",\"url\":\"https:\/\/scrat-tech.fr\/\",\"logo\":{\"@type\":\"ImageObject\",\"inLanguage\":\"en-US\",\"@id\":\"https:\/\/scrat-tech.fr\/#\/schema\/logo\/image\/\",\"url\":\"https:\/\/scrat-tech.fr\/wp-content\/uploads\/2024\/10\/cropped-tuyu_monte.png\",\"contentUrl\":\"https:\/\/scrat-tech.fr\/wp-content\/uploads\/2024\/10\/cropped-tuyu_monte.png\",\"width\":512,\"height\":512,\"caption\":\"SCRAT\"},\"image\":{\"@id\":\"https:\/\/scrat-tech.fr\/#\/schema\/logo\/image\/\"},\"sameAs\":[\"https:\/\/www.facebook.com\/ScratRider\/\",\"https:\/\/x.com\/SCRAT_Rider\",\"https:\/\/instagram.com\/scrat_rider\",\"https:\/\/youtube.com\/c\/SCRAT\"]}]}<\/script>\n<!-- \/ Yoast SEO Premium plugin. -->","yoast_head_json":{"title":"Optimize Chrome - ANDROID | Introducing 4 Hidden Settings","description":"Chrome too slow on your Android smartphone or tablet? Settings or functions that bother you? Here are 4 hidden settings of the application.","robots":{"index":"index","follow":"follow","max-snippet":"max-snippet:-1","max-image-preview":"max-image-preview:large","max-video-preview":"max-video-preview:-1"},"canonical":"https:\/\/scrat-tech.fr\/en\/android\/optimize-chrome-for-android\/","twitter_card":"summary_large_image","twitter_title":"Optimiser Chrome - ANDROID | Pr\u00e9sentation de 4 param\u00e8tres cach\u00e9s","twitter_description":"Chrome trop lent sur votre smartphone ou tablette Android ? Des param\u00e8tres ou fonctions qui vous g\u00eanent ? Voici donc 4 param\u00e8tres cach\u00e9s de l'application.","twitter_image":"https:\/\/scrat-tech.fr\/wp-content\/uploads\/2016\/11\/abonnez-1024x283.jpg","twitter_site":"@SCRAT_Rider","twitter_misc":{"Est. reading time":"2 minutes"},"schema":{"@context":"https:\/\/schema.org","@graph":[{"@type":"WebPage","@id":"https:\/\/scrat-tech.fr\/android\/optimiser-chrome-pour-android\/","url":"https:\/\/scrat-tech.fr\/android\/optimiser-chrome-pour-android\/","name":"Optimize Chrome - ANDROID | Introducing 4 Hidden Settings","isPartOf":{"@id":"https:\/\/scrat-tech.fr\/#website"},"primaryImageOfPage":{"@id":"https:\/\/scrat-tech.fr\/android\/optimiser-chrome-pour-android\/#primaryimage"},"image":{"@id":"https:\/\/scrat-tech.fr\/android\/optimiser-chrome-pour-android\/#primaryimage"},"thumbnailUrl":"https:\/\/scrat-tech.fr\/wp-content\/uploads\/2016\/11\/abonnez-1024x283.jpg","datePublished":"2016-04-17T08:59:30+00:00","dateModified":"2017-03-20T13:52:37+00:00","description":"Chrome too slow on your Android smartphone or tablet? Settings or functions that bother you? Here are 4 hidden settings of the application.","breadcrumb":{"@id":"https:\/\/scrat-tech.fr\/android\/optimiser-chrome-pour-android\/#breadcrumb"},"inLanguage":"en-US","potentialAction":[{"@type":"ReadAction","target":["https:\/\/scrat-tech.fr\/android\/optimiser-chrome-pour-android\/"]}]},{"@type":"ImageObject","inLanguage":"en-US","@id":"https:\/\/scrat-tech.fr\/android\/optimiser-chrome-pour-android\/#primaryimage","url":"https:\/\/scrat-tech.fr\/wp-content\/uploads\/2016\/11\/abonnez-1024x283.jpg","contentUrl":"https:\/\/scrat-tech.fr\/wp-content\/uploads\/2016\/11\/abonnez-1024x283.jpg"},{"@type":"BreadcrumbList","@id":"https:\/\/scrat-tech.fr\/android\/optimiser-chrome-pour-android\/#breadcrumb","itemListElement":[{"@type":"ListItem","position":1,"name":"Accueil","item":"https:\/\/scrat-tech.fr\/"},{"@type":"ListItem","position":2,"name":"Android","item":"https:\/\/www.scrat-tech.fr\/en\/android\/"},{"@type":"ListItem","position":3,"name":"4 petits param\u00e8tres cach\u00e9s de Chrome &#8211; Optimisation de Chrome"}]},{"@type":"WebSite","@id":"https:\/\/scrat-tech.fr\/#website","url":"https:\/\/scrat-tech.fr\/","name":"SCRAT","description":"","publisher":{"@id":"https:\/\/scrat-tech.fr\/#organization"},"potentialAction":[{"@type":"SearchAction","target":{"@type":"EntryPoint","urlTemplate":"https:\/\/scrat-tech.fr\/?s={search_term_string}"},"query-input":{"@type":"PropertyValueSpecification","valueRequired":true,"valueName":"search_term_string"}}],"inLanguage":"en-US"},{"@type":"Organization","@id":"https:\/\/scrat-tech.fr\/#organization","name":"SCRAT","url":"https:\/\/scrat-tech.fr\/","logo":{"@type":"ImageObject","inLanguage":"en-US","@id":"https:\/\/scrat-tech.fr\/#\/schema\/logo\/image\/","url":"https:\/\/scrat-tech.fr\/wp-content\/uploads\/2024\/10\/cropped-tuyu_monte.png","contentUrl":"https:\/\/scrat-tech.fr\/wp-content\/uploads\/2024\/10\/cropped-tuyu_monte.png","width":512,"height":512,"caption":"SCRAT"},"image":{"@id":"https:\/\/scrat-tech.fr\/#\/schema\/logo\/image\/"},"sameAs":["https:\/\/www.facebook.com\/ScratRider\/","https:\/\/x.com\/SCRAT_Rider","https:\/\/instagram.com\/scrat_rider","https:\/\/youtube.com\/c\/SCRAT"]}]}},"_links":{"self":[{"href":"https:\/\/scrat-tech.fr\/en\/wp-json\/wp\/v2\/pages\/591","targetHints":{"allow":["GET"]}}],"collection":[{"href":"https:\/\/scrat-tech.fr\/en\/wp-json\/wp\/v2\/pages"}],"about":[{"href":"https:\/\/scrat-tech.fr\/en\/wp-json\/wp\/v2\/types\/page"}],"author":[{"embeddable":true,"href":"https:\/\/scrat-tech.fr\/en\/wp-json\/wp\/v2\/users\/2"}],"replies":[{"embeddable":true,"href":"https:\/\/scrat-tech.fr\/en\/wp-json\/wp\/v2\/comments?post=591"}],"version-history":[{"count":0,"href":"https:\/\/scrat-tech.fr\/en\/wp-json\/wp\/v2\/pages\/591\/revisions"}],"up":[{"embeddable":true,"href":"https:\/\/scrat-tech.fr\/en\/wp-json\/wp\/v2\/pages\/37"}],"wp:attachment":[{"href":"https:\/\/scrat-tech.fr\/en\/wp-json\/wp\/v2\/media?parent=591"}],"curies":[{"name":"wp","href":"https:\/\/api.w.org\/{rel}","templated":true}]}}