{"id":582,"date":"2016-04-17T00:08:47","date_gmt":"2016-04-16T22:08:47","guid":{"rendered":"https:\/?page_id=582"},"modified":"2017-03-21T12:36:51","modified_gmt":"2017-03-21T10:36:51","slug":"force-4g-network-connection","status":"publish","type":"page","link":"https:\/\/scrat-tech.fr\/en\/android\/force-4g-network-connection\/","title":{"rendered":"Force connection to the 4G network"},"content":{"rendered":"<h3 style=\"text-align: center;\"><strong>Slow connection? Or your phone stupidly connects to the 3G network when 4G is available, this problem is now solved with this very quick manipulation!<\/strong><\/h3>\n<p style=\"text-align: left;\">There is no need for any application to take advantage of 4G a little more, a simple manipulation is to be done directly from your phone. The trick is functional without root. I specify first of all that not all phones are compatible with this method, if when you enter the code nothing happens, drop this trick and turn to THIS ONE which works on a lot of other devices.<\/p>\n<p style=\"text-align: center;\"><a href=\"http:\/\/www.youtube.com\/user\/game682400?sub_confirmation=1\" target=\"_blank\"><img decoding=\"async\" class=\"aligncenter wp-image-1766\" src=\"https:\/\/scrat-tech.fr\/wp-content\/uploads\/2016\/11\/abonnez-1024x283.jpg\" width=\"400\" height=\"110\" srcset=\"https:\/\/scrat-tech.fr\/wp-content\/uploads\/2016\/11\/abonnez-1024x283.jpg 1024w, https:\/\/scrat-tech.fr\/wp-content\/uploads\/2016\/11\/abonnez-600x166.jpg 600w, https:\/\/scrat-tech.fr\/wp-content\/uploads\/2016\/11\/abonnez-300x83.jpg 300w, https:\/\/scrat-tech.fr\/wp-content\/uploads\/2016\/11\/abonnez-768x212.jpg 768w, https:\/\/scrat-tech.fr\/wp-content\/uploads\/2016\/11\/abonnez.jpg 1631w\" sizes=\"(max-width: 400px) 100vw, 400px\" \/><\/a><em><span style=\"color: #808080;\">Click here to subscribe and support me, it costs you nothing and makes me happy \ud83d\ude42<\/span><\/em><\/p>\n<p style=\"text-align: left;\">The code given in video is as follows, <em><strong>*#*#4636#*#*<\/strong><\/em>\u00a0(<em><span style=\"color: #ff0000;\"><strong>if the code does not work:<\/strong><\/span> Another trick is available to fix this problem, click <strong><a href=\"https:\/\/www.youtube.com\/watch?v=rZEWwiaGKOE\" target=\"_blank\">ICI <\/a><\/strong>to see the video in question<\/em>) as for changing settings do not change anything, follow the video carefully so as not to generate new problems on your device. I am in no way responsible for any damage you may cause by tinkering with other settings in this menu!<\/p>\n<p style=\"text-align: left;\">To summarize what this option will do is simply prefer to connect to a 4G antenna if one is available nearby rather than connecting to it in 3G or Edge. It is possible that sometimes your device still connects with another network to the latter, to solve this problem I invite you to follow <strong><a href=\"https:\/\/\/en\/tutoriels-android\/etre-4g-partout-aucune-application\/\" target=\"_blank\">THIS TUTORIAL<\/a><\/strong> in order to force 4G there <strong>PERMANENCE<\/strong>.<\/p>\n<p style=\"text-align: left;\">The result is not an ultra mega booster of death that kills eh, if you do not have a 4G antenna nearby it is not going to invent one, it is therefore normal that this technique will not work everywhere, nor on all phones for that matter. Nevertheless the tip given above allows you to access this setting on phones that do not normally have access to it.<\/p>\n<p><iframe width=\"800\" height=\"450\" src=\"https:\/\/www.youtube.com\/embed\/ZyC-RUjbzkw?feature=oembed\" frameborder=\"0\" allowfullscreen><\/iframe><\/p>","protected":false},"excerpt":{"rendered":"<p>Slow connection? Or your phone stupidly connects to the 3G network when 4G is available? This problem is now solved with this very quick solution! You don&#039;t need any application to take advantage of 4G a little more; a simple manipulation can be done directly from your [\u2026]<\/p>","protected":false},"author":2,"featured_media":0,"parent":37,"menu_order":0,"comment_status":"closed","ping_status":"open","template":"","meta":{"footnotes":""},"class_list":["post-582","page","type-page","status-publish","hentry"],"yoast_head":"<!-- This site is optimized with the Yoast SEO Premium plugin v24.4 (Yoast SEO v24.4) - https:\/\/yoast.com\/wordpress\/plugins\/seo\/ -->\n<title>Forcer la connexion au r\u00e9seau 4G sans application et sans root | TUTO<\/title>\n<meta name=\"description\" content=\"Forcer son t\u00e9l\u00e9phone \u00e0 se connecter au r\u00e9seau 4G automatiquement sans application et sans root pour booster votre connexion c&#039;est possible et tr\u00e8s simple !\" \/>\n<meta name=\"robots\" content=\"index, follow, max-snippet:-1, max-image-preview:large, max-video-preview:-1\" \/>\n<link rel=\"canonical\" href=\"https:\/\/scrat-tech.fr\/en\/android\/force-4g-network-connection\/\" \/>\n<meta name=\"twitter:card\" content=\"summary_large_image\" \/>\n<meta name=\"twitter:title\" content=\"Forcer la connexion au r\u00e9seau 4G sans application et sans root | TUTO\" \/>\n<meta name=\"twitter:description\" content=\"Forcer son t\u00e9l\u00e9phone \u00e0 se connecter au r\u00e9seau 4G automatiquement sans application et sans root pour booster votre connexion c&#039;est possible et tr\u00e8s simple !\" \/>\n<meta name=\"twitter:image\" content=\"https:\/\/scrat-tech.fr\/wp-content\/uploads\/2016\/11\/abonnez-1024x283.jpg\" \/>\n<meta name=\"twitter:site\" content=\"@SCRAT_Rider\" \/>\n<meta name=\"twitter:label1\" content=\"Est. reading time\" \/>\n\t<meta name=\"twitter:data1\" content=\"2 minutes\" \/>\n<script type=\"application\/ld+json\" class=\"yoast-schema-graph\">{\"@context\":\"https:\/\/schema.org\",\"@graph\":[{\"@type\":\"WebPage\",\"@id\":\"https:\/\/scrat-tech.fr\/android\/forcer-connexion-reseau-4g\/\",\"url\":\"https:\/\/scrat-tech.fr\/android\/forcer-connexion-reseau-4g\/\",\"name\":\"Forcer la connexion au r\u00e9seau 4G sans application et sans root | TUTO\",\"isPartOf\":{\"@id\":\"https:\/\/scrat-tech.fr\/#website\"},\"primaryImageOfPage\":{\"@id\":\"https:\/\/scrat-tech.fr\/android\/forcer-connexion-reseau-4g\/#primaryimage\"},\"image\":{\"@id\":\"https:\/\/scrat-tech.fr\/android\/forcer-connexion-reseau-4g\/#primaryimage\"},\"thumbnailUrl\":\"https:\/\/scrat-tech.fr\/wp-content\/uploads\/2016\/11\/abonnez-1024x283.jpg\",\"datePublished\":\"2016-04-16T22:08:47+00:00\",\"dateModified\":\"2017-03-21T10:36:51+00:00\",\"description\":\"Forcer son t\u00e9l\u00e9phone \u00e0 se connecter au r\u00e9seau 4G automatiquement sans application et sans root pour booster votre connexion c'est possible et tr\u00e8s simple !\",\"breadcrumb\":{\"@id\":\"https:\/\/scrat-tech.fr\/android\/forcer-connexion-reseau-4g\/#breadcrumb\"},\"inLanguage\":\"en-US\",\"potentialAction\":[{\"@type\":\"ReadAction\",\"target\":[\"https:\/\/scrat-tech.fr\/android\/forcer-connexion-reseau-4g\/\"]}]},{\"@type\":\"ImageObject\",\"inLanguage\":\"en-US\",\"@id\":\"https:\/\/scrat-tech.fr\/android\/forcer-connexion-reseau-4g\/#primaryimage\",\"url\":\"https:\/\/scrat-tech.fr\/wp-content\/uploads\/2016\/11\/abonnez-1024x283.jpg\",\"contentUrl\":\"https:\/\/scrat-tech.fr\/wp-content\/uploads\/2016\/11\/abonnez-1024x283.jpg\"},{\"@type\":\"BreadcrumbList\",\"@id\":\"https:\/\/scrat-tech.fr\/android\/forcer-connexion-reseau-4g\/#breadcrumb\",\"itemListElement\":[{\"@type\":\"ListItem\",\"position\":1,\"name\":\"Accueil\",\"item\":\"https:\/\/scrat-tech.fr\/\"},{\"@type\":\"ListItem\",\"position\":2,\"name\":\"Android\",\"item\":\"https:\/\/www.scrat-tech.fr\/en\/android\/\"},{\"@type\":\"ListItem\",\"position\":3,\"name\":\"Forcer la connexion au r\u00e9seau 4G\"}]},{\"@type\":\"WebSite\",\"@id\":\"https:\/\/scrat-tech.fr\/#website\",\"url\":\"https:\/\/scrat-tech.fr\/\",\"name\":\"SCRAT\",\"description\":\"\",\"publisher\":{\"@id\":\"https:\/\/scrat-tech.fr\/#organization\"},\"potentialAction\":[{\"@type\":\"SearchAction\",\"target\":{\"@type\":\"EntryPoint\",\"urlTemplate\":\"https:\/\/scrat-tech.fr\/?s={search_term_string}\"},\"query-input\":{\"@type\":\"PropertyValueSpecification\",\"valueRequired\":true,\"valueName\":\"search_term_string\"}}],\"inLanguage\":\"en-US\"},{\"@type\":\"Organization\",\"@id\":\"https:\/\/scrat-tech.fr\/#organization\",\"name\":\"SCRAT\",\"url\":\"https:\/\/scrat-tech.fr\/\",\"logo\":{\"@type\":\"ImageObject\",\"inLanguage\":\"en-US\",\"@id\":\"https:\/\/scrat-tech.fr\/#\/schema\/logo\/image\/\",\"url\":\"https:\/\/scrat-tech.fr\/wp-content\/uploads\/2024\/10\/cropped-tuyu_monte.png\",\"contentUrl\":\"https:\/\/scrat-tech.fr\/wp-content\/uploads\/2024\/10\/cropped-tuyu_monte.png\",\"width\":512,\"height\":512,\"caption\":\"SCRAT\"},\"image\":{\"@id\":\"https:\/\/scrat-tech.fr\/#\/schema\/logo\/image\/\"},\"sameAs\":[\"https:\/\/www.facebook.com\/ScratRider\/\",\"https:\/\/x.com\/SCRAT_Rider\",\"https:\/\/instagram.com\/scrat_rider\",\"https:\/\/youtube.com\/c\/SCRAT\"]}]}<\/script>\n<!-- \/ Yoast SEO Premium plugin. -->","yoast_head_json":{"title":"Force connection to 4G network without application and without root | TUTORIAL","description":"Force your phone to connect to the 4G network automatically without an application and without root to boost your connection, it&#039;s possible and very simple!","robots":{"index":"index","follow":"follow","max-snippet":"max-snippet:-1","max-image-preview":"max-image-preview:large","max-video-preview":"max-video-preview:-1"},"canonical":"https:\/\/scrat-tech.fr\/en\/android\/force-4g-network-connection\/","twitter_card":"summary_large_image","twitter_title":"Forcer la connexion au r\u00e9seau 4G sans application et sans root | TUTO","twitter_description":"Forcer son t\u00e9l\u00e9phone \u00e0 se connecter au r\u00e9seau 4G automatiquement sans application et sans root pour booster votre connexion c'est possible et tr\u00e8s simple !","twitter_image":"https:\/\/scrat-tech.fr\/wp-content\/uploads\/2016\/11\/abonnez-1024x283.jpg","twitter_site":"@SCRAT_Rider","twitter_misc":{"Est. reading time":"2 minutes"},"schema":{"@context":"https:\/\/schema.org","@graph":[{"@type":"WebPage","@id":"https:\/\/scrat-tech.fr\/android\/forcer-connexion-reseau-4g\/","url":"https:\/\/scrat-tech.fr\/android\/forcer-connexion-reseau-4g\/","name":"Force connection to 4G network without application and without root | TUTORIAL","isPartOf":{"@id":"https:\/\/scrat-tech.fr\/#website"},"primaryImageOfPage":{"@id":"https:\/\/scrat-tech.fr\/android\/forcer-connexion-reseau-4g\/#primaryimage"},"image":{"@id":"https:\/\/scrat-tech.fr\/android\/forcer-connexion-reseau-4g\/#primaryimage"},"thumbnailUrl":"https:\/\/scrat-tech.fr\/wp-content\/uploads\/2016\/11\/abonnez-1024x283.jpg","datePublished":"2016-04-16T22:08:47+00:00","dateModified":"2017-03-21T10:36:51+00:00","description":"Force your phone to connect to the 4G network automatically without an application and without root to boost your connection, it&#039;s possible and very simple!","breadcrumb":{"@id":"https:\/\/scrat-tech.fr\/android\/forcer-connexion-reseau-4g\/#breadcrumb"},"inLanguage":"en-US","potentialAction":[{"@type":"ReadAction","target":["https:\/\/scrat-tech.fr\/android\/forcer-connexion-reseau-4g\/"]}]},{"@type":"ImageObject","inLanguage":"en-US","@id":"https:\/\/scrat-tech.fr\/android\/forcer-connexion-reseau-4g\/#primaryimage","url":"https:\/\/scrat-tech.fr\/wp-content\/uploads\/2016\/11\/abonnez-1024x283.jpg","contentUrl":"https:\/\/scrat-tech.fr\/wp-content\/uploads\/2016\/11\/abonnez-1024x283.jpg"},{"@type":"BreadcrumbList","@id":"https:\/\/scrat-tech.fr\/android\/forcer-connexion-reseau-4g\/#breadcrumb","itemListElement":[{"@type":"ListItem","position":1,"name":"Accueil","item":"https:\/\/scrat-tech.fr\/"},{"@type":"ListItem","position":2,"name":"Android","item":"https:\/\/www.scrat-tech.fr\/en\/android\/"},{"@type":"ListItem","position":3,"name":"Forcer la connexion au r\u00e9seau 4G"}]},{"@type":"WebSite","@id":"https:\/\/scrat-tech.fr\/#website","url":"https:\/\/scrat-tech.fr\/","name":"SCRAT","description":"","publisher":{"@id":"https:\/\/scrat-tech.fr\/#organization"},"potentialAction":[{"@type":"SearchAction","target":{"@type":"EntryPoint","urlTemplate":"https:\/\/scrat-tech.fr\/?s={search_term_string}"},"query-input":{"@type":"PropertyValueSpecification","valueRequired":true,"valueName":"search_term_string"}}],"inLanguage":"en-US"},{"@type":"Organization","@id":"https:\/\/scrat-tech.fr\/#organization","name":"SCRAT","url":"https:\/\/scrat-tech.fr\/","logo":{"@type":"ImageObject","inLanguage":"en-US","@id":"https:\/\/scrat-tech.fr\/#\/schema\/logo\/image\/","url":"https:\/\/scrat-tech.fr\/wp-content\/uploads\/2024\/10\/cropped-tuyu_monte.png","contentUrl":"https:\/\/scrat-tech.fr\/wp-content\/uploads\/2024\/10\/cropped-tuyu_monte.png","width":512,"height":512,"caption":"SCRAT"},"image":{"@id":"https:\/\/scrat-tech.fr\/#\/schema\/logo\/image\/"},"sameAs":["https:\/\/www.facebook.com\/ScratRider\/","https:\/\/x.com\/SCRAT_Rider","https:\/\/instagram.com\/scrat_rider","https:\/\/youtube.com\/c\/SCRAT"]}]}},"_links":{"self":[{"href":"https:\/\/scrat-tech.fr\/en\/wp-json\/wp\/v2\/pages\/582","targetHints":{"allow":["GET"]}}],"collection":[{"href":"https:\/\/scrat-tech.fr\/en\/wp-json\/wp\/v2\/pages"}],"about":[{"href":"https:\/\/scrat-tech.fr\/en\/wp-json\/wp\/v2\/types\/page"}],"author":[{"embeddable":true,"href":"https:\/\/scrat-tech.fr\/en\/wp-json\/wp\/v2\/users\/2"}],"replies":[{"embeddable":true,"href":"https:\/\/scrat-tech.fr\/en\/wp-json\/wp\/v2\/comments?post=582"}],"version-history":[{"count":0,"href":"https:\/\/scrat-tech.fr\/en\/wp-json\/wp\/v2\/pages\/582\/revisions"}],"up":[{"embeddable":true,"href":"https:\/\/scrat-tech.fr\/en\/wp-json\/wp\/v2\/pages\/37"}],"wp:attachment":[{"href":"https:\/\/scrat-tech.fr\/en\/wp-json\/wp\/v2\/media?parent=582"}],"curies":[{"name":"wp","href":"https:\/\/api.w.org\/{rel}","templated":true}]}}