{"id":567,"date":"2016-04-16T23:43:34","date_gmt":"2016-04-16T21:43:34","guid":{"rendered":"https:\/?page_id=567"},"modified":"2017-03-20T16:10:30","modified_gmt":"2017-03-20T14:10:30","slug":"change-android-ip-address","status":"publish","type":"page","link":"https:\/\/scrat-tech.fr\/en\/android\/change-android-ip-address\/","title":{"rendered":"Changing your IP address"},"content":{"rendered":"<h3 style=\"text-align: center;\"><strong>Need to be anonymous on the net? It is very easy to change your Android IP address with a simple application.<\/strong><\/h3>\n<p style=\"text-align: left;\">You are most certainly familiar with the Hotspot Shield software on PC, a very well-known VPN, which allows you to change your IP address on your computer, and there is an Android version which is just as easy to use as on PC and is just as effective.<\/p>\n<p style=\"text-align: center;\"><a href=\"http:\/\/www.youtube.com\/user\/game682400?sub_confirmation=1\" target=\"_blank\"><img decoding=\"async\" class=\"aligncenter wp-image-1766\" src=\"https:\/\/scrat-tech.fr\/wp-content\/uploads\/2016\/11\/abonnez-1024x283.jpg\" width=\"400\" height=\"110\" srcset=\"https:\/\/scrat-tech.fr\/wp-content\/uploads\/2016\/11\/abonnez-1024x283.jpg 1024w, https:\/\/scrat-tech.fr\/wp-content\/uploads\/2016\/11\/abonnez-600x166.jpg 600w, https:\/\/scrat-tech.fr\/wp-content\/uploads\/2016\/11\/abonnez-300x83.jpg 300w, https:\/\/scrat-tech.fr\/wp-content\/uploads\/2016\/11\/abonnez-768x212.jpg 768w, https:\/\/scrat-tech.fr\/wp-content\/uploads\/2016\/11\/abonnez.jpg 1631w\" sizes=\"(max-width: 400px) 100vw, 400px\" \/><\/a><em><span style=\"color: #808080;\">Click here to subscribe and support me, it costs you nothing and makes me happy \ud83d\ude42<\/span><\/em><\/p>\n<p style=\"text-align: left;\">Hotspot Shield works without root of course and is compatible with all your devices<\/p>\n<p style=\"text-align: left;\">Why change your Android IP address? It all depends on the use for which you need to do this. By changing it you will be anonymous on the internet but also on the applications you use. You will be located in another place in the world, the local time will no longer be the same (<em>I&#039;m not talking about the time on your device obviously<\/em>)... Some sites are blocked in some countries, so this method can be an alternative to access them. A VPN also helps protect your personal data.<\/p>\n<p style=\"text-align: left;\">A slightly more effective VPN is integrated into Lookout, which is the best anti-theft and antivirus on Android and which launches automatically when you browse in order to keep your data private and secure. A video has been made on Lookout you can find it on my channel if you are interested, I highly recommend this application for all your Android devices.<\/p>\n<p style=\"text-align: left;\">For most people using a VPN, the goal is to protect their privacy, as you will obviously be much harder to track.<\/p>\n<p style=\"text-align: left;\"><strong>You will need the Hotspot Shield app which can be downloaded from <a href=\"http:\/\/www.clictune.com\/id=521100\" target=\"_blank\">THIS LINK<\/a>\u00a0in the premium version for free, or simply by following the link in the video description on YouTube.<\/strong><\/p>\n<p><iframe width=\"800\" height=\"450\" src=\"https:\/\/www.youtube.com\/embed\/Ta_3s9oodDE?feature=oembed\" frameborder=\"0\" allowfullscreen><\/iframe><\/p>","protected":false},"excerpt":{"rendered":"<p>Besoin d&rsquo;\u00eatre anonyme sur le net ? Il est tr\u00e8s simple de changer son adresse IP Android avec une simple application. Vous connaissez tr\u00e8s certainement le logiciel Hotspot Shield sur PC, un VPN tr\u00e8s connu, qui permet de changer son adresse IP sur son ordinateur, et bien il existe une version Android qui est tout [&hellip;]<\/p>","protected":false},"author":2,"featured_media":0,"parent":37,"menu_order":0,"comment_status":"closed","ping_status":"open","template":"","meta":{"footnotes":""},"class_list":["post-567","page","type-page","status-publish","hentry"],"yoast_head":"<!-- This site is optimized with the Yoast SEO Premium plugin v24.4 (Yoast SEO v24.4) - https:\/\/yoast.com\/wordpress\/plugins\/seo\/ -->\n<title>Changer son adresse IP ANDROID sans root facilement | TUTO<\/title>\n<meta name=\"description\" content=\"Tutoriel pour changer son adresse IP ANDROID facilement, rapidement, efficacement et sans root. Gr\u00e2ce \u00e0 Hotspot Shield, quelques cliques suffisent !\" \/>\n<meta name=\"robots\" content=\"index, follow, max-snippet:-1, max-image-preview:large, max-video-preview:-1\" \/>\n<link rel=\"canonical\" href=\"https:\/\/scrat-tech.fr\/en\/android\/change-android-ip-address\/\" \/>\n<meta name=\"twitter:card\" content=\"summary_large_image\" \/>\n<meta name=\"twitter:title\" content=\"Changer son adresse IP ANDROID sans root facilement | TUTO\" \/>\n<meta name=\"twitter:description\" content=\"Tutoriel pour changer son adresse IP ANDROID facilement, rapidement, efficacement et sans root. Gr\u00e2ce \u00e0 Hotspot Shield, quelques cliques suffisent !\" \/>\n<meta name=\"twitter:image\" content=\"https:\/\/scrat-tech.fr\/wp-content\/uploads\/2016\/11\/abonnez-1024x283.jpg\" \/>\n<meta name=\"twitter:site\" content=\"@SCRAT_Rider\" \/>\n<meta name=\"twitter:label1\" content=\"Est. reading time\" \/>\n\t<meta name=\"twitter:data1\" content=\"2 minutes\" \/>\n<script type=\"application\/ld+json\" class=\"yoast-schema-graph\">{\"@context\":\"https:\/\/schema.org\",\"@graph\":[{\"@type\":\"WebPage\",\"@id\":\"https:\/\/scrat-tech.fr\/android\/changer-adresse-ip-android\/\",\"url\":\"https:\/\/scrat-tech.fr\/android\/changer-adresse-ip-android\/\",\"name\":\"Changer son adresse IP ANDROID sans root facilement | TUTO\",\"isPartOf\":{\"@id\":\"https:\/\/scrat-tech.fr\/#website\"},\"primaryImageOfPage\":{\"@id\":\"https:\/\/scrat-tech.fr\/android\/changer-adresse-ip-android\/#primaryimage\"},\"image\":{\"@id\":\"https:\/\/scrat-tech.fr\/android\/changer-adresse-ip-android\/#primaryimage\"},\"thumbnailUrl\":\"https:\/\/scrat-tech.fr\/wp-content\/uploads\/2016\/11\/abonnez-1024x283.jpg\",\"datePublished\":\"2016-04-16T21:43:34+00:00\",\"dateModified\":\"2017-03-20T14:10:30+00:00\",\"description\":\"Tutoriel pour changer son adresse IP ANDROID facilement, rapidement, efficacement et sans root. Gr\u00e2ce \u00e0 Hotspot Shield, quelques cliques suffisent !\",\"breadcrumb\":{\"@id\":\"https:\/\/scrat-tech.fr\/android\/changer-adresse-ip-android\/#breadcrumb\"},\"inLanguage\":\"en-US\",\"potentialAction\":[{\"@type\":\"ReadAction\",\"target\":[\"https:\/\/scrat-tech.fr\/android\/changer-adresse-ip-android\/\"]}]},{\"@type\":\"ImageObject\",\"inLanguage\":\"en-US\",\"@id\":\"https:\/\/scrat-tech.fr\/android\/changer-adresse-ip-android\/#primaryimage\",\"url\":\"https:\/\/scrat-tech.fr\/wp-content\/uploads\/2016\/11\/abonnez-1024x283.jpg\",\"contentUrl\":\"https:\/\/scrat-tech.fr\/wp-content\/uploads\/2016\/11\/abonnez-1024x283.jpg\"},{\"@type\":\"BreadcrumbList\",\"@id\":\"https:\/\/scrat-tech.fr\/android\/changer-adresse-ip-android\/#breadcrumb\",\"itemListElement\":[{\"@type\":\"ListItem\",\"position\":1,\"name\":\"Accueil\",\"item\":\"https:\/\/scrat-tech.fr\/\"},{\"@type\":\"ListItem\",\"position\":2,\"name\":\"Android\",\"item\":\"https:\/\/www.scrat-tech.fr\/en\/android\/\"},{\"@type\":\"ListItem\",\"position\":3,\"name\":\"Changer son adresse IP\"}]},{\"@type\":\"WebSite\",\"@id\":\"https:\/\/scrat-tech.fr\/#website\",\"url\":\"https:\/\/scrat-tech.fr\/\",\"name\":\"SCRAT\",\"description\":\"\",\"publisher\":{\"@id\":\"https:\/\/scrat-tech.fr\/#organization\"},\"potentialAction\":[{\"@type\":\"SearchAction\",\"target\":{\"@type\":\"EntryPoint\",\"urlTemplate\":\"https:\/\/scrat-tech.fr\/?s={search_term_string}\"},\"query-input\":{\"@type\":\"PropertyValueSpecification\",\"valueRequired\":true,\"valueName\":\"search_term_string\"}}],\"inLanguage\":\"en-US\"},{\"@type\":\"Organization\",\"@id\":\"https:\/\/scrat-tech.fr\/#organization\",\"name\":\"SCRAT\",\"url\":\"https:\/\/scrat-tech.fr\/\",\"logo\":{\"@type\":\"ImageObject\",\"inLanguage\":\"en-US\",\"@id\":\"https:\/\/scrat-tech.fr\/#\/schema\/logo\/image\/\",\"url\":\"https:\/\/scrat-tech.fr\/wp-content\/uploads\/2024\/10\/cropped-tuyu_monte.png\",\"contentUrl\":\"https:\/\/scrat-tech.fr\/wp-content\/uploads\/2024\/10\/cropped-tuyu_monte.png\",\"width\":512,\"height\":512,\"caption\":\"SCRAT\"},\"image\":{\"@id\":\"https:\/\/scrat-tech.fr\/#\/schema\/logo\/image\/\"},\"sameAs\":[\"https:\/\/www.facebook.com\/ScratRider\/\",\"https:\/\/x.com\/SCRAT_Rider\",\"https:\/\/instagram.com\/scrat_rider\",\"https:\/\/youtube.com\/c\/SCRAT\"]}]}<\/script>\n<!-- \/ Yoast SEO Premium plugin. -->","yoast_head_json":{"title":"Change your ANDROID IP address without root easily | TUTORIAL","description":"Tutorial to change your ANDROID IP address easily, quickly, efficiently and without root. Thanks to Hotspot Shield, a few clicks are enough!","robots":{"index":"index","follow":"follow","max-snippet":"max-snippet:-1","max-image-preview":"max-image-preview:large","max-video-preview":"max-video-preview:-1"},"canonical":"https:\/\/scrat-tech.fr\/en\/android\/change-android-ip-address\/","twitter_card":"summary_large_image","twitter_title":"Changer son adresse IP ANDROID sans root facilement | TUTO","twitter_description":"Tutoriel pour changer son adresse IP ANDROID facilement, rapidement, efficacement et sans root. Gr\u00e2ce \u00e0 Hotspot Shield, quelques cliques suffisent !","twitter_image":"https:\/\/scrat-tech.fr\/wp-content\/uploads\/2016\/11\/abonnez-1024x283.jpg","twitter_site":"@SCRAT_Rider","twitter_misc":{"Est. reading time":"2 minutes"},"schema":{"@context":"https:\/\/schema.org","@graph":[{"@type":"WebPage","@id":"https:\/\/scrat-tech.fr\/android\/changer-adresse-ip-android\/","url":"https:\/\/scrat-tech.fr\/android\/changer-adresse-ip-android\/","name":"Change your ANDROID IP address without root easily | TUTORIAL","isPartOf":{"@id":"https:\/\/scrat-tech.fr\/#website"},"primaryImageOfPage":{"@id":"https:\/\/scrat-tech.fr\/android\/changer-adresse-ip-android\/#primaryimage"},"image":{"@id":"https:\/\/scrat-tech.fr\/android\/changer-adresse-ip-android\/#primaryimage"},"thumbnailUrl":"https:\/\/scrat-tech.fr\/wp-content\/uploads\/2016\/11\/abonnez-1024x283.jpg","datePublished":"2016-04-16T21:43:34+00:00","dateModified":"2017-03-20T14:10:30+00:00","description":"Tutorial to change your ANDROID IP address easily, quickly, efficiently and without root. Thanks to Hotspot Shield, a few clicks are enough!","breadcrumb":{"@id":"https:\/\/scrat-tech.fr\/android\/changer-adresse-ip-android\/#breadcrumb"},"inLanguage":"en-US","potentialAction":[{"@type":"ReadAction","target":["https:\/\/scrat-tech.fr\/android\/changer-adresse-ip-android\/"]}]},{"@type":"ImageObject","inLanguage":"en-US","@id":"https:\/\/scrat-tech.fr\/android\/changer-adresse-ip-android\/#primaryimage","url":"https:\/\/scrat-tech.fr\/wp-content\/uploads\/2016\/11\/abonnez-1024x283.jpg","contentUrl":"https:\/\/scrat-tech.fr\/wp-content\/uploads\/2016\/11\/abonnez-1024x283.jpg"},{"@type":"BreadcrumbList","@id":"https:\/\/scrat-tech.fr\/android\/changer-adresse-ip-android\/#breadcrumb","itemListElement":[{"@type":"ListItem","position":1,"name":"Accueil","item":"https:\/\/scrat-tech.fr\/"},{"@type":"ListItem","position":2,"name":"Android","item":"https:\/\/www.scrat-tech.fr\/en\/android\/"},{"@type":"ListItem","position":3,"name":"Changer son adresse IP"}]},{"@type":"WebSite","@id":"https:\/\/scrat-tech.fr\/#website","url":"https:\/\/scrat-tech.fr\/","name":"SCRAT","description":"","publisher":{"@id":"https:\/\/scrat-tech.fr\/#organization"},"potentialAction":[{"@type":"SearchAction","target":{"@type":"EntryPoint","urlTemplate":"https:\/\/scrat-tech.fr\/?s={search_term_string}"},"query-input":{"@type":"PropertyValueSpecification","valueRequired":true,"valueName":"search_term_string"}}],"inLanguage":"en-US"},{"@type":"Organization","@id":"https:\/\/scrat-tech.fr\/#organization","name":"SCRAT","url":"https:\/\/scrat-tech.fr\/","logo":{"@type":"ImageObject","inLanguage":"en-US","@id":"https:\/\/scrat-tech.fr\/#\/schema\/logo\/image\/","url":"https:\/\/scrat-tech.fr\/wp-content\/uploads\/2024\/10\/cropped-tuyu_monte.png","contentUrl":"https:\/\/scrat-tech.fr\/wp-content\/uploads\/2024\/10\/cropped-tuyu_monte.png","width":512,"height":512,"caption":"SCRAT"},"image":{"@id":"https:\/\/scrat-tech.fr\/#\/schema\/logo\/image\/"},"sameAs":["https:\/\/www.facebook.com\/ScratRider\/","https:\/\/x.com\/SCRAT_Rider","https:\/\/instagram.com\/scrat_rider","https:\/\/youtube.com\/c\/SCRAT"]}]}},"_links":{"self":[{"href":"https:\/\/scrat-tech.fr\/en\/wp-json\/wp\/v2\/pages\/567","targetHints":{"allow":["GET"]}}],"collection":[{"href":"https:\/\/scrat-tech.fr\/en\/wp-json\/wp\/v2\/pages"}],"about":[{"href":"https:\/\/scrat-tech.fr\/en\/wp-json\/wp\/v2\/types\/page"}],"author":[{"embeddable":true,"href":"https:\/\/scrat-tech.fr\/en\/wp-json\/wp\/v2\/users\/2"}],"replies":[{"embeddable":true,"href":"https:\/\/scrat-tech.fr\/en\/wp-json\/wp\/v2\/comments?post=567"}],"version-history":[{"count":0,"href":"https:\/\/scrat-tech.fr\/en\/wp-json\/wp\/v2\/pages\/567\/revisions"}],"up":[{"embeddable":true,"href":"https:\/\/scrat-tech.fr\/en\/wp-json\/wp\/v2\/pages\/37"}],"wp:attachment":[{"href":"https:\/\/scrat-tech.fr\/en\/wp-json\/wp\/v2\/media?parent=567"}],"curies":[{"name":"wp","href":"https:\/\/api.w.org\/{rel}","templated":true}]}}