{"id":562,"date":"2016-04-16T23:26:46","date_gmt":"2016-04-16T21:26:46","guid":{"rendered":"https:\/?page_id=562"},"modified":"2017-03-21T13:10:04","modified_gmt":"2017-03-21T11:10:04","slug":"play-gta-5-pc-phone-tablet","status":"publish","type":"page","link":"https:\/\/scrat-tech.fr\/en\/android\/play-gta-5-pc-phone-tablet\/","title":{"rendered":"Play GTA 5 PC on your phone\/tablet WITHOUT ROOT"},"content":{"rendered":"<h3 style=\"text-align: center;\"><strong>So NO it is NOT a fake! It is totally possible to play GTA 5 PC version on your Android device. All in full HD 60 fps and with a controller. Proof in video.<\/strong><\/h3>\n<p style=\"text-align: left;\">Obviously we&#039;re not going to run GTA 5 entirely on our phone, or even have the game on it, you&#039;ll understand the principle by reading the article, which is preferable before shouting fake.<\/p>\n<p style=\"text-align: center;\"><a href=\"http:\/\/www.youtube.com\/user\/game682400?sub_confirmation=1\" target=\"_blank\"><img decoding=\"async\" class=\"aligncenter wp-image-1766\" src=\"https:\/\/scrat-tech.fr\/wp-content\/uploads\/2016\/11\/abonnez-1024x283.jpg\" width=\"400\" height=\"110\" srcset=\"https:\/\/scrat-tech.fr\/wp-content\/uploads\/2016\/11\/abonnez-1024x283.jpg 1024w, https:\/\/scrat-tech.fr\/wp-content\/uploads\/2016\/11\/abonnez-600x166.jpg 600w, https:\/\/scrat-tech.fr\/wp-content\/uploads\/2016\/11\/abonnez-300x83.jpg 300w, https:\/\/scrat-tech.fr\/wp-content\/uploads\/2016\/11\/abonnez-768x212.jpg 768w, https:\/\/scrat-tech.fr\/wp-content\/uploads\/2016\/11\/abonnez.jpg 1631w\" sizes=\"(max-width: 400px) 100vw, 400px\" \/><\/a><em><span style=\"color: #808080;\">Click here to subscribe and support me, it costs you nothing and makes me happy \ud83d\ude42<\/span><\/em><\/p>\n<p style=\"text-align: left;\"><strong>Root is not required!!!<\/strong><\/p>\n<p style=\"text-align: left;\">For this we will use the system <strong>Nvidia Game Stream<\/strong>, normally reserved exclusively for the Nvidia Shield tablet, this function can be diverted for all Android devices very easily and without the need for root!<\/p>\n<p style=\"text-align: left;\">The principle summarized quickly is very simple, just like for the Nvidia Game Stream function, we will launch GTA 5 on the PC which will make it run in quality just as if you were playing it directly on it but in addition to displaying the game only on the screen it will also send the image of the latter directly to your Android device wirelessly the sound is obviously also sent! Basically you play on your phone either with a controller or with the buttons that can be adjusted on the application, the commands are sent to the PC which will send you the image and the sound.<\/p>\n<p style=\"text-align: left;\">The game conditions will obviously depend on the quality of your connection. <strong>LOCAL<\/strong> and not the internet, but also the performance of your phone\/tablet, since yes, even if we don&#039;t directly run the game on it, we still have to recover and process certain data.<\/p>\n<p style=\"text-align: left;\"><strong>Possibility to play with a controller, for this 2 solutions:<\/strong><br \/>\n-Either you have a Sony Z series and you can normally connect a PS3 \/ PS4 controller to it directly in this case.<br \/>\n-Either you have another phone compatible with a Bluetooth or USB controller and you can easily connect it, or you will need to root your phone to connect one (check online).<\/p>\n<p style=\"text-align: left;\"><strong>You will need the Android app to download <a href=\"http:\/\/www.clictune.com\/id=518682\" target=\"_blank\">ICI <\/a>for non-root compatible version or <a href=\"http:\/\/www.clictune.com\/id=522668\" target=\"_blank\">ICI <\/a>for the root compatible version (even though root is not required. Then you will need to follow <a href=\"https:\/\/www.youtube.com\/watch?v=riCzwHtZ_tg\" target=\"_blank\">THIS VIDEO TUTORIAL<\/a> to properly program the Nvidia Game Stream feature. As for Nvidia Geforce Experience everyone should have it, if not you can download it <a href=\"http:\/\/www.clictune.com\/id=518681\" target=\"_blank\">ICI<\/a>.<\/strong><\/p>\n<p><iframe width=\"800\" height=\"450\" src=\"https:\/\/www.youtube.com\/embed\/SaBZjH-W-JE?feature=oembed\" frameborder=\"0\" allowfullscreen><\/iframe><\/p>","protected":false},"excerpt":{"rendered":"<p>Alors NON\u00a0ce n&rsquo;est PAS un fake ! Il est totalement possible de jouer \u00e0 GTA 5 version PC sur son appareil Android. Le tout en full HD 60 fps et avec une manette. Preuve en vid\u00e9o. Bien \u00e9videment on ne va pas faire tourner GTA 5\u00a0int\u00e9gralement sur son t\u00e9l\u00e9phone, ni m\u00eame avoir le jeu dessus, [&hellip;]<\/p>","protected":false},"author":2,"featured_media":0,"parent":37,"menu_order":0,"comment_status":"closed","ping_status":"open","template":"","meta":{"footnotes":""},"class_list":["post-562","page","type-page","status-publish","hentry"],"yoast_head":"<!-- This site is optimized with the Yoast SEO Premium plugin v24.4 (Yoast SEO v24.4) - https:\/\/yoast.com\/wordpress\/plugins\/seo\/ -->\n<title>Jouer \u00e0 GTA 5 PC sur ANDROID sans root | TUTO | Nvidia Game Stream<\/title>\n<meta name=\"description\" content=\"Jouer \u00e0 GTA 5 version PC sur son t\u00e9l\u00e9phone ANDROID c&#039;est possible et prouv\u00e9 gr\u00e2ce \u00e0 cette vid\u00e9o, preuve qu&#039;il n&#039;y a pas que des fakes \u00e0 ce sujet sur le net!\" \/>\n<meta name=\"robots\" content=\"index, follow, max-snippet:-1, max-image-preview:large, max-video-preview:-1\" \/>\n<link rel=\"canonical\" href=\"https:\/\/scrat-tech.fr\/en\/android\/play-gta-5-pc-phone-tablet\/\" \/>\n<meta name=\"twitter:card\" content=\"summary_large_image\" \/>\n<meta name=\"twitter:title\" content=\"Jouer \u00e0 GTA 5 PC sur ANDROID sans root | TUTO | Nvidia Game Stream\" \/>\n<meta name=\"twitter:description\" content=\"Jouer \u00e0 GTA 5 version PC sur son t\u00e9l\u00e9phone ANDROID c&#039;est possible et prouv\u00e9 gr\u00e2ce \u00e0 cette vid\u00e9o, preuve qu&#039;il n&#039;y a pas que des fakes \u00e0 ce sujet sur le net!\" \/>\n<meta name=\"twitter:image\" content=\"https:\/\/scrat-tech.fr\/wp-content\/uploads\/2016\/11\/abonnez-1024x283.jpg\" \/>\n<meta name=\"twitter:site\" content=\"@SCRAT_Rider\" \/>\n<meta name=\"twitter:label1\" content=\"Est. reading time\" \/>\n\t<meta name=\"twitter:data1\" content=\"2 minutes\" \/>\n<script type=\"application\/ld+json\" class=\"yoast-schema-graph\">{\"@context\":\"https:\/\/schema.org\",\"@graph\":[{\"@type\":\"WebPage\",\"@id\":\"https:\/\/scrat-tech.fr\/android\/jouer-gta-5-pc-telephone-tablette\/\",\"url\":\"https:\/\/scrat-tech.fr\/android\/jouer-gta-5-pc-telephone-tablette\/\",\"name\":\"Jouer \u00e0 GTA 5 PC sur ANDROID sans root | TUTO | Nvidia Game Stream\",\"isPartOf\":{\"@id\":\"https:\/\/scrat-tech.fr\/#website\"},\"primaryImageOfPage\":{\"@id\":\"https:\/\/scrat-tech.fr\/android\/jouer-gta-5-pc-telephone-tablette\/#primaryimage\"},\"image\":{\"@id\":\"https:\/\/scrat-tech.fr\/android\/jouer-gta-5-pc-telephone-tablette\/#primaryimage\"},\"thumbnailUrl\":\"https:\/\/scrat-tech.fr\/wp-content\/uploads\/2016\/11\/abonnez-1024x283.jpg\",\"datePublished\":\"2016-04-16T21:26:46+00:00\",\"dateModified\":\"2017-03-21T11:10:04+00:00\",\"description\":\"Jouer \u00e0 GTA 5 version PC sur son t\u00e9l\u00e9phone ANDROID c'est possible et prouv\u00e9 gr\u00e2ce \u00e0 cette vid\u00e9o, preuve qu'il n'y a pas que des fakes \u00e0 ce sujet sur le net!\",\"breadcrumb\":{\"@id\":\"https:\/\/scrat-tech.fr\/android\/jouer-gta-5-pc-telephone-tablette\/#breadcrumb\"},\"inLanguage\":\"en-US\",\"potentialAction\":[{\"@type\":\"ReadAction\",\"target\":[\"https:\/\/scrat-tech.fr\/android\/jouer-gta-5-pc-telephone-tablette\/\"]}]},{\"@type\":\"ImageObject\",\"inLanguage\":\"en-US\",\"@id\":\"https:\/\/scrat-tech.fr\/android\/jouer-gta-5-pc-telephone-tablette\/#primaryimage\",\"url\":\"https:\/\/scrat-tech.fr\/wp-content\/uploads\/2016\/11\/abonnez-1024x283.jpg\",\"contentUrl\":\"https:\/\/scrat-tech.fr\/wp-content\/uploads\/2016\/11\/abonnez-1024x283.jpg\"},{\"@type\":\"BreadcrumbList\",\"@id\":\"https:\/\/scrat-tech.fr\/android\/jouer-gta-5-pc-telephone-tablette\/#breadcrumb\",\"itemListElement\":[{\"@type\":\"ListItem\",\"position\":1,\"name\":\"Accueil\",\"item\":\"https:\/\/scrat-tech.fr\/\"},{\"@type\":\"ListItem\",\"position\":2,\"name\":\"Android\",\"item\":\"https:\/\/www.scrat-tech.fr\/en\/android\/\"},{\"@type\":\"ListItem\",\"position\":3,\"name\":\"Jouer \u00e0 GTA 5 PC sur son t\u00e9l\u00e9phone \/ tablette SANS ROOT\"}]},{\"@type\":\"WebSite\",\"@id\":\"https:\/\/scrat-tech.fr\/#website\",\"url\":\"https:\/\/scrat-tech.fr\/\",\"name\":\"SCRAT\",\"description\":\"\",\"publisher\":{\"@id\":\"https:\/\/scrat-tech.fr\/#organization\"},\"potentialAction\":[{\"@type\":\"SearchAction\",\"target\":{\"@type\":\"EntryPoint\",\"urlTemplate\":\"https:\/\/scrat-tech.fr\/?s={search_term_string}\"},\"query-input\":{\"@type\":\"PropertyValueSpecification\",\"valueRequired\":true,\"valueName\":\"search_term_string\"}}],\"inLanguage\":\"en-US\"},{\"@type\":\"Organization\",\"@id\":\"https:\/\/scrat-tech.fr\/#organization\",\"name\":\"SCRAT\",\"url\":\"https:\/\/scrat-tech.fr\/\",\"logo\":{\"@type\":\"ImageObject\",\"inLanguage\":\"en-US\",\"@id\":\"https:\/\/scrat-tech.fr\/#\/schema\/logo\/image\/\",\"url\":\"https:\/\/scrat-tech.fr\/wp-content\/uploads\/2024\/10\/cropped-tuyu_monte.png\",\"contentUrl\":\"https:\/\/scrat-tech.fr\/wp-content\/uploads\/2024\/10\/cropped-tuyu_monte.png\",\"width\":512,\"height\":512,\"caption\":\"SCRAT\"},\"image\":{\"@id\":\"https:\/\/scrat-tech.fr\/#\/schema\/logo\/image\/\"},\"sameAs\":[\"https:\/\/www.facebook.com\/ScratRider\/\",\"https:\/\/x.com\/SCRAT_Rider\",\"https:\/\/instagram.com\/scrat_rider\",\"https:\/\/youtube.com\/c\/SCRAT\"]}]}<\/script>\n<!-- \/ Yoast SEO Premium plugin. -->","yoast_head_json":{"title":"Play GTA 5 PC on ANDROID without root | TUTORIAL | Nvidia Game Stream","description":"Playing GTA 5 PC version on your ANDROID phone is possible and proven thanks to this video, proof that there are not only fakes on this subject on the net!","robots":{"index":"index","follow":"follow","max-snippet":"max-snippet:-1","max-image-preview":"max-image-preview:large","max-video-preview":"max-video-preview:-1"},"canonical":"https:\/\/scrat-tech.fr\/en\/android\/play-gta-5-pc-phone-tablet\/","twitter_card":"summary_large_image","twitter_title":"Jouer \u00e0 GTA 5 PC sur ANDROID sans root | TUTO | Nvidia Game Stream","twitter_description":"Jouer \u00e0 GTA 5 version PC sur son t\u00e9l\u00e9phone ANDROID c'est possible et prouv\u00e9 gr\u00e2ce \u00e0 cette vid\u00e9o, preuve qu'il n'y a pas que des fakes \u00e0 ce sujet sur le net!","twitter_image":"https:\/\/scrat-tech.fr\/wp-content\/uploads\/2016\/11\/abonnez-1024x283.jpg","twitter_site":"@SCRAT_Rider","twitter_misc":{"Est. reading time":"2 minutes"},"schema":{"@context":"https:\/\/schema.org","@graph":[{"@type":"WebPage","@id":"https:\/\/scrat-tech.fr\/android\/jouer-gta-5-pc-telephone-tablette\/","url":"https:\/\/scrat-tech.fr\/android\/jouer-gta-5-pc-telephone-tablette\/","name":"Play GTA 5 PC on ANDROID without root | TUTORIAL | Nvidia Game Stream","isPartOf":{"@id":"https:\/\/scrat-tech.fr\/#website"},"primaryImageOfPage":{"@id":"https:\/\/scrat-tech.fr\/android\/jouer-gta-5-pc-telephone-tablette\/#primaryimage"},"image":{"@id":"https:\/\/scrat-tech.fr\/android\/jouer-gta-5-pc-telephone-tablette\/#primaryimage"},"thumbnailUrl":"https:\/\/scrat-tech.fr\/wp-content\/uploads\/2016\/11\/abonnez-1024x283.jpg","datePublished":"2016-04-16T21:26:46+00:00","dateModified":"2017-03-21T11:10:04+00:00","description":"Playing GTA 5 PC version on your ANDROID phone is possible and proven thanks to this video, proof that there are not only fakes on this subject on the net!","breadcrumb":{"@id":"https:\/\/scrat-tech.fr\/android\/jouer-gta-5-pc-telephone-tablette\/#breadcrumb"},"inLanguage":"en-US","potentialAction":[{"@type":"ReadAction","target":["https:\/\/scrat-tech.fr\/android\/jouer-gta-5-pc-telephone-tablette\/"]}]},{"@type":"ImageObject","inLanguage":"en-US","@id":"https:\/\/scrat-tech.fr\/android\/jouer-gta-5-pc-telephone-tablette\/#primaryimage","url":"https:\/\/scrat-tech.fr\/wp-content\/uploads\/2016\/11\/abonnez-1024x283.jpg","contentUrl":"https:\/\/scrat-tech.fr\/wp-content\/uploads\/2016\/11\/abonnez-1024x283.jpg"},{"@type":"BreadcrumbList","@id":"https:\/\/scrat-tech.fr\/android\/jouer-gta-5-pc-telephone-tablette\/#breadcrumb","itemListElement":[{"@type":"ListItem","position":1,"name":"Accueil","item":"https:\/\/scrat-tech.fr\/"},{"@type":"ListItem","position":2,"name":"Android","item":"https:\/\/www.scrat-tech.fr\/en\/android\/"},{"@type":"ListItem","position":3,"name":"Jouer \u00e0 GTA 5 PC sur son t\u00e9l\u00e9phone \/ tablette SANS ROOT"}]},{"@type":"WebSite","@id":"https:\/\/scrat-tech.fr\/#website","url":"https:\/\/scrat-tech.fr\/","name":"SCRAT","description":"","publisher":{"@id":"https:\/\/scrat-tech.fr\/#organization"},"potentialAction":[{"@type":"SearchAction","target":{"@type":"EntryPoint","urlTemplate":"https:\/\/scrat-tech.fr\/?s={search_term_string}"},"query-input":{"@type":"PropertyValueSpecification","valueRequired":true,"valueName":"search_term_string"}}],"inLanguage":"en-US"},{"@type":"Organization","@id":"https:\/\/scrat-tech.fr\/#organization","name":"SCRAT","url":"https:\/\/scrat-tech.fr\/","logo":{"@type":"ImageObject","inLanguage":"en-US","@id":"https:\/\/scrat-tech.fr\/#\/schema\/logo\/image\/","url":"https:\/\/scrat-tech.fr\/wp-content\/uploads\/2024\/10\/cropped-tuyu_monte.png","contentUrl":"https:\/\/scrat-tech.fr\/wp-content\/uploads\/2024\/10\/cropped-tuyu_monte.png","width":512,"height":512,"caption":"SCRAT"},"image":{"@id":"https:\/\/scrat-tech.fr\/#\/schema\/logo\/image\/"},"sameAs":["https:\/\/www.facebook.com\/ScratRider\/","https:\/\/x.com\/SCRAT_Rider","https:\/\/instagram.com\/scrat_rider","https:\/\/youtube.com\/c\/SCRAT"]}]}},"_links":{"self":[{"href":"https:\/\/scrat-tech.fr\/en\/wp-json\/wp\/v2\/pages\/562","targetHints":{"allow":["GET"]}}],"collection":[{"href":"https:\/\/scrat-tech.fr\/en\/wp-json\/wp\/v2\/pages"}],"about":[{"href":"https:\/\/scrat-tech.fr\/en\/wp-json\/wp\/v2\/types\/page"}],"author":[{"embeddable":true,"href":"https:\/\/scrat-tech.fr\/en\/wp-json\/wp\/v2\/users\/2"}],"replies":[{"embeddable":true,"href":"https:\/\/scrat-tech.fr\/en\/wp-json\/wp\/v2\/comments?post=562"}],"version-history":[{"count":0,"href":"https:\/\/scrat-tech.fr\/en\/wp-json\/wp\/v2\/pages\/562\/revisions"}],"up":[{"embeddable":true,"href":"https:\/\/scrat-tech.fr\/en\/wp-json\/wp\/v2\/pages\/37"}],"wp:attachment":[{"href":"https:\/\/scrat-tech.fr\/en\/wp-json\/wp\/v2\/media?parent=562"}],"curies":[{"name":"wp","href":"https:\/\/api.w.org\/{rel}","templated":true}]}}