{"id":556,"date":"2016-04-16T19:40:24","date_gmt":"2016-04-16T17:40:24","guid":{"rendered":"https:\/?page_id=556"},"modified":"2017-03-21T13:19:45","modified_gmt":"2017-03-21T11:19:45","slug":"best-anti-theft-antivirus","status":"publish","type":"page","link":"https:\/\/scrat-tech.fr\/en\/android\/best-anti-theft-antivirus\/","title":{"rendered":"Lookout | Best anti-virus AND anti-theft"},"content":{"rendered":"<h3 style=\"text-align: center;\"><strong>Whether you lose or forget your phone, receive a photo of the person holding it and its GPS position... Sound an alarm and many other options! Antivirus included. Lookout is here for that!<\/strong><\/h3>\n<p style=\"text-align: left;\">Lookout is for me <strong>THERE<\/strong> best security app on Android! Whether for its very powerful antivirus function and especially for the anti-theft \/ device loss function but also for its data backup and recovery system.<\/p>\n<p style=\"text-align: center;\"><a href=\"http:\/\/www.youtube.com\/user\/game682400?sub_confirmation=1\" target=\"_blank\"><img decoding=\"async\" class=\"aligncenter wp-image-1766\" src=\"https:\/\/scrat-tech.fr\/wp-content\/uploads\/2016\/11\/abonnez-1024x283.jpg\" width=\"400\" height=\"110\" srcset=\"https:\/\/scrat-tech.fr\/wp-content\/uploads\/2016\/11\/abonnez-1024x283.jpg 1024w, https:\/\/scrat-tech.fr\/wp-content\/uploads\/2016\/11\/abonnez-600x166.jpg 600w, https:\/\/scrat-tech.fr\/wp-content\/uploads\/2016\/11\/abonnez-300x83.jpg 300w, https:\/\/scrat-tech.fr\/wp-content\/uploads\/2016\/11\/abonnez-768x212.jpg 768w, https:\/\/scrat-tech.fr\/wp-content\/uploads\/2016\/11\/abonnez.jpg 1631w\" sizes=\"(max-width: 400px) 100vw, 400px\" \/><\/a><em><span style=\"color: #808080;\">Click here to subscribe and support me, it costs you nothing and makes me happy \ud83d\ude42<\/span><\/em><\/p>\n<p style=\"text-align: left;\">First of all, know that if you are at <em>Orange<\/em>\u00a0you will automatically benefit from the premium version which allows all the functions presented in videos, you will of course have to follow the instructions given in the video to activate it. For other operators I do not know who offers the premium function.<\/p>\n<p><strong><span style=\"text-decoration: underline;\">Here&#039;s a quick overview of the Lookout features available:<\/span><\/strong><br \/>\n\u25ba Antivirus, scans each application and their updates regularly and during installation automatically or manually.<\/p>\n<p>\u25ba Backup your contacts, photos and call log automatically regularly or manually.<\/p>\n<p>\u25ba Make a siren sound and flash the phone to find it.<\/p>\n<p>\u25ba Locate the phone very precisely.<\/p>\n<p>\u25ba Automatically save the phone&#039;s position just before it runs out of battery.<\/p>\n<p>\u25ba Lock your phone with a personal code, displaying a number and an email to contact you and a customizable message.<\/p>\n<p>\u25ba Erase all your personal data from the phone if you consider it unrecoverable.<\/p>\n<p>\u25ba Anti-theft: Receive an email with the photo of the person holding your phone in their hand as well as the time, date and exact location of your phone when: your SIM card is removed, the entered secret code is incorrect, airplane mode is activated, the mobile is turned off, the mobile reconnects to the network or the mobile administrator is disabled. (Each option can be disabled)<\/p>\n<p>\u25ba Display the permissions of each application that can access your location, confidential data, access to SMS, contacts...<\/p>\n<p><iframe width=\"800\" height=\"450\" src=\"https:\/\/www.youtube.com\/embed\/5kXIpKmE8nA?feature=oembed\" frameborder=\"0\" allowfullscreen><\/iframe><\/p>","protected":false},"excerpt":{"rendered":"<p>Que ce soit en cas de perte ou d&rsquo;oubli de votre t\u00e9l\u00e9phone recevez une photo de la personne qui l&rsquo;a en main ainsi que sa position GPS&#8230; Faites retentir une alarme et bien d&rsquo;autre options ! Antivirus compris. Lookout est l\u00e0 pour \u00e7a ! Lookout est pour moi LA meilleure application de s\u00e9curit\u00e9 sur Android [&hellip;]<\/p>","protected":false},"author":2,"featured_media":0,"parent":37,"menu_order":0,"comment_status":"closed","ping_status":"open","template":"","meta":{"footnotes":""},"class_list":["post-556","page","type-page","status-publish","hentry"],"yoast_head":"<!-- This site is optimized with the Yoast SEO Premium plugin v24.4 (Yoast SEO v24.4) - https:\/\/yoast.com\/wordpress\/plugins\/seo\/ -->\n<title>Lookout | Meilleur Antivirus ET Antivol ANDROID | Pr\u00e9sentation compl\u00e8te<\/title>\n<meta name=\"description\" content=\"Lookout est la meilleure application antivirus et antivol ANDROID ! R\u00e9ception de mail avec photo du voleur, position GPS, sir\u00e8ne, sauvegardes de photos, ect\" \/>\n<meta name=\"robots\" content=\"index, follow, max-snippet:-1, max-image-preview:large, max-video-preview:-1\" \/>\n<link rel=\"canonical\" href=\"https:\/\/scrat-tech.fr\/en\/android\/best-anti-theft-antivirus\/\" \/>\n<meta name=\"twitter:card\" content=\"summary_large_image\" \/>\n<meta name=\"twitter:title\" content=\"Lookout | Meilleur Antivirus ET Antivol ANDROID | Pr\u00e9sentation compl\u00e8te\" \/>\n<meta name=\"twitter:description\" content=\"Lookout est la meilleure application antivirus et antivol ANDROID ! R\u00e9ception de mail avec photo du voleur, position GPS, sir\u00e8ne, sauvegardes de photos, ect\" \/>\n<meta name=\"twitter:image\" content=\"https:\/\/scrat-tech.fr\/wp-content\/uploads\/2016\/11\/abonnez-1024x283.jpg\" \/>\n<meta name=\"twitter:site\" content=\"@SCRAT_Rider\" \/>\n<meta name=\"twitter:label1\" content=\"Est. reading time\" \/>\n\t<meta name=\"twitter:data1\" content=\"2 minutes\" \/>\n<script type=\"application\/ld+json\" class=\"yoast-schema-graph\">{\"@context\":\"https:\/\/schema.org\",\"@graph\":[{\"@type\":\"WebPage\",\"@id\":\"https:\/\/scrat-tech.fr\/android\/meilleur-antivirus-antivol\/\",\"url\":\"https:\/\/scrat-tech.fr\/android\/meilleur-antivirus-antivol\/\",\"name\":\"Lookout | Meilleur Antivirus ET Antivol ANDROID | Pr\u00e9sentation compl\u00e8te\",\"isPartOf\":{\"@id\":\"https:\/\/scrat-tech.fr\/#website\"},\"primaryImageOfPage\":{\"@id\":\"https:\/\/scrat-tech.fr\/android\/meilleur-antivirus-antivol\/#primaryimage\"},\"image\":{\"@id\":\"https:\/\/scrat-tech.fr\/android\/meilleur-antivirus-antivol\/#primaryimage\"},\"thumbnailUrl\":\"https:\/\/scrat-tech.fr\/wp-content\/uploads\/2016\/11\/abonnez-1024x283.jpg\",\"datePublished\":\"2016-04-16T17:40:24+00:00\",\"dateModified\":\"2017-03-21T11:19:45+00:00\",\"description\":\"Lookout est la meilleure application antivirus et antivol ANDROID ! R\u00e9ception de mail avec photo du voleur, position GPS, sir\u00e8ne, sauvegardes de photos, ect\",\"breadcrumb\":{\"@id\":\"https:\/\/scrat-tech.fr\/android\/meilleur-antivirus-antivol\/#breadcrumb\"},\"inLanguage\":\"en-US\",\"potentialAction\":[{\"@type\":\"ReadAction\",\"target\":[\"https:\/\/scrat-tech.fr\/android\/meilleur-antivirus-antivol\/\"]}]},{\"@type\":\"ImageObject\",\"inLanguage\":\"en-US\",\"@id\":\"https:\/\/scrat-tech.fr\/android\/meilleur-antivirus-antivol\/#primaryimage\",\"url\":\"https:\/\/scrat-tech.fr\/wp-content\/uploads\/2016\/11\/abonnez-1024x283.jpg\",\"contentUrl\":\"https:\/\/scrat-tech.fr\/wp-content\/uploads\/2016\/11\/abonnez-1024x283.jpg\"},{\"@type\":\"BreadcrumbList\",\"@id\":\"https:\/\/scrat-tech.fr\/android\/meilleur-antivirus-antivol\/#breadcrumb\",\"itemListElement\":[{\"@type\":\"ListItem\",\"position\":1,\"name\":\"Accueil\",\"item\":\"https:\/\/scrat-tech.fr\/\"},{\"@type\":\"ListItem\",\"position\":2,\"name\":\"Android\",\"item\":\"https:\/\/www.scrat-tech.fr\/en\/android\/\"},{\"@type\":\"ListItem\",\"position\":3,\"name\":\"Lookout | Meilleur antivirus ET antivol\"}]},{\"@type\":\"WebSite\",\"@id\":\"https:\/\/scrat-tech.fr\/#website\",\"url\":\"https:\/\/scrat-tech.fr\/\",\"name\":\"SCRAT\",\"description\":\"\",\"publisher\":{\"@id\":\"https:\/\/scrat-tech.fr\/#organization\"},\"potentialAction\":[{\"@type\":\"SearchAction\",\"target\":{\"@type\":\"EntryPoint\",\"urlTemplate\":\"https:\/\/scrat-tech.fr\/?s={search_term_string}\"},\"query-input\":{\"@type\":\"PropertyValueSpecification\",\"valueRequired\":true,\"valueName\":\"search_term_string\"}}],\"inLanguage\":\"en-US\"},{\"@type\":\"Organization\",\"@id\":\"https:\/\/scrat-tech.fr\/#organization\",\"name\":\"SCRAT\",\"url\":\"https:\/\/scrat-tech.fr\/\",\"logo\":{\"@type\":\"ImageObject\",\"inLanguage\":\"en-US\",\"@id\":\"https:\/\/scrat-tech.fr\/#\/schema\/logo\/image\/\",\"url\":\"https:\/\/scrat-tech.fr\/wp-content\/uploads\/2024\/10\/cropped-tuyu_monte.png\",\"contentUrl\":\"https:\/\/scrat-tech.fr\/wp-content\/uploads\/2024\/10\/cropped-tuyu_monte.png\",\"width\":512,\"height\":512,\"caption\":\"SCRAT\"},\"image\":{\"@id\":\"https:\/\/scrat-tech.fr\/#\/schema\/logo\/image\/\"},\"sameAs\":[\"https:\/\/www.facebook.com\/ScratRider\/\",\"https:\/\/x.com\/SCRAT_Rider\",\"https:\/\/instagram.com\/scrat_rider\",\"https:\/\/youtube.com\/c\/SCRAT\"]}]}<\/script>\n<!-- \/ Yoast SEO Premium plugin. -->","yoast_head_json":{"title":"Lookout | Best ANDROID Antivirus AND Anti-Theft | Full Review","description":"Lookout is the best ANDROID antivirus and anti-theft application! Receive emails with the thief&#039;s photo, GPS position, siren, photo backups, etc.","robots":{"index":"index","follow":"follow","max-snippet":"max-snippet:-1","max-image-preview":"max-image-preview:large","max-video-preview":"max-video-preview:-1"},"canonical":"https:\/\/scrat-tech.fr\/en\/android\/best-anti-theft-antivirus\/","twitter_card":"summary_large_image","twitter_title":"Lookout | Meilleur Antivirus ET Antivol ANDROID | Pr\u00e9sentation compl\u00e8te","twitter_description":"Lookout est la meilleure application antivirus et antivol ANDROID ! R\u00e9ception de mail avec photo du voleur, position GPS, sir\u00e8ne, sauvegardes de photos, ect","twitter_image":"https:\/\/scrat-tech.fr\/wp-content\/uploads\/2016\/11\/abonnez-1024x283.jpg","twitter_site":"@SCRAT_Rider","twitter_misc":{"Est. reading time":"2 minutes"},"schema":{"@context":"https:\/\/schema.org","@graph":[{"@type":"WebPage","@id":"https:\/\/scrat-tech.fr\/android\/meilleur-antivirus-antivol\/","url":"https:\/\/scrat-tech.fr\/android\/meilleur-antivirus-antivol\/","name":"Lookout | Best ANDROID Antivirus AND Anti-Theft | Full Review","isPartOf":{"@id":"https:\/\/scrat-tech.fr\/#website"},"primaryImageOfPage":{"@id":"https:\/\/scrat-tech.fr\/android\/meilleur-antivirus-antivol\/#primaryimage"},"image":{"@id":"https:\/\/scrat-tech.fr\/android\/meilleur-antivirus-antivol\/#primaryimage"},"thumbnailUrl":"https:\/\/scrat-tech.fr\/wp-content\/uploads\/2016\/11\/abonnez-1024x283.jpg","datePublished":"2016-04-16T17:40:24+00:00","dateModified":"2017-03-21T11:19:45+00:00","description":"Lookout is the best ANDROID antivirus and anti-theft application! Receive emails with the thief&#039;s photo, GPS position, siren, photo backups, etc.","breadcrumb":{"@id":"https:\/\/scrat-tech.fr\/android\/meilleur-antivirus-antivol\/#breadcrumb"},"inLanguage":"en-US","potentialAction":[{"@type":"ReadAction","target":["https:\/\/scrat-tech.fr\/android\/meilleur-antivirus-antivol\/"]}]},{"@type":"ImageObject","inLanguage":"en-US","@id":"https:\/\/scrat-tech.fr\/android\/meilleur-antivirus-antivol\/#primaryimage","url":"https:\/\/scrat-tech.fr\/wp-content\/uploads\/2016\/11\/abonnez-1024x283.jpg","contentUrl":"https:\/\/scrat-tech.fr\/wp-content\/uploads\/2016\/11\/abonnez-1024x283.jpg"},{"@type":"BreadcrumbList","@id":"https:\/\/scrat-tech.fr\/android\/meilleur-antivirus-antivol\/#breadcrumb","itemListElement":[{"@type":"ListItem","position":1,"name":"Accueil","item":"https:\/\/scrat-tech.fr\/"},{"@type":"ListItem","position":2,"name":"Android","item":"https:\/\/www.scrat-tech.fr\/en\/android\/"},{"@type":"ListItem","position":3,"name":"Lookout | Meilleur antivirus ET antivol"}]},{"@type":"WebSite","@id":"https:\/\/scrat-tech.fr\/#website","url":"https:\/\/scrat-tech.fr\/","name":"SCRAT","description":"","publisher":{"@id":"https:\/\/scrat-tech.fr\/#organization"},"potentialAction":[{"@type":"SearchAction","target":{"@type":"EntryPoint","urlTemplate":"https:\/\/scrat-tech.fr\/?s={search_term_string}"},"query-input":{"@type":"PropertyValueSpecification","valueRequired":true,"valueName":"search_term_string"}}],"inLanguage":"en-US"},{"@type":"Organization","@id":"https:\/\/scrat-tech.fr\/#organization","name":"SCRAT","url":"https:\/\/scrat-tech.fr\/","logo":{"@type":"ImageObject","inLanguage":"en-US","@id":"https:\/\/scrat-tech.fr\/#\/schema\/logo\/image\/","url":"https:\/\/scrat-tech.fr\/wp-content\/uploads\/2024\/10\/cropped-tuyu_monte.png","contentUrl":"https:\/\/scrat-tech.fr\/wp-content\/uploads\/2024\/10\/cropped-tuyu_monte.png","width":512,"height":512,"caption":"SCRAT"},"image":{"@id":"https:\/\/scrat-tech.fr\/#\/schema\/logo\/image\/"},"sameAs":["https:\/\/www.facebook.com\/ScratRider\/","https:\/\/x.com\/SCRAT_Rider","https:\/\/instagram.com\/scrat_rider","https:\/\/youtube.com\/c\/SCRAT"]}]}},"_links":{"self":[{"href":"https:\/\/scrat-tech.fr\/en\/wp-json\/wp\/v2\/pages\/556","targetHints":{"allow":["GET"]}}],"collection":[{"href":"https:\/\/scrat-tech.fr\/en\/wp-json\/wp\/v2\/pages"}],"about":[{"href":"https:\/\/scrat-tech.fr\/en\/wp-json\/wp\/v2\/types\/page"}],"author":[{"embeddable":true,"href":"https:\/\/scrat-tech.fr\/en\/wp-json\/wp\/v2\/users\/2"}],"replies":[{"embeddable":true,"href":"https:\/\/scrat-tech.fr\/en\/wp-json\/wp\/v2\/comments?post=556"}],"version-history":[{"count":0,"href":"https:\/\/scrat-tech.fr\/en\/wp-json\/wp\/v2\/pages\/556\/revisions"}],"up":[{"embeddable":true,"href":"https:\/\/scrat-tech.fr\/en\/wp-json\/wp\/v2\/pages\/37"}],"wp:attachment":[{"href":"https:\/\/scrat-tech.fr\/en\/wp-json\/wp\/v2\/media?parent=556"}],"curies":[{"name":"wp","href":"https:\/\/api.w.org\/{rel}","templated":true}]}}