{"id":522,"date":"2016-04-15T11:42:40","date_gmt":"2016-04-15T09:42:40","guid":{"rendered":"https:\/?page_id=522"},"modified":"2017-03-22T15:04:19","modified_gmt":"2017-03-22T13:04:19","slug":"transform-android-ios-9-without-root","status":"publish","type":"page","link":"https:\/\/scrat-tech.fr\/en\/android\/transform-android-ios-9-without-root\/","title":{"rendered":"Transform Android into IOS 9 (IOS on ANDROID)"},"content":{"rendered":"<h3 style=\"text-align: center;\"><strong>Are you switching from IOS to Android and having trouble? Or maybe you prefer to be on Android but you like the IOS design? Well, transform your Android into IOS!<\/strong><\/h3>\n<p style=\"text-align: left;\">Absolutely no need for root to have IOS on Android, via a few applications you will be able to very simply completely transform your phone \/ tablet into an IOS device!<\/p>\n<p style=\"text-align: center;\"><a href=\"http:\/\/www.youtube.com\/user\/game682400?sub_confirmation=1\" target=\"_blank\"><img decoding=\"async\" class=\"aligncenter wp-image-1766\" src=\"https:\/\/scrat-tech.fr\/wp-content\/uploads\/2016\/11\/abonnez-1024x283.jpg\" width=\"400\" height=\"110\" srcset=\"https:\/\/scrat-tech.fr\/wp-content\/uploads\/2016\/11\/abonnez-1024x283.jpg 1024w, https:\/\/scrat-tech.fr\/wp-content\/uploads\/2016\/11\/abonnez-600x166.jpg 600w, https:\/\/scrat-tech.fr\/wp-content\/uploads\/2016\/11\/abonnez-300x83.jpg 300w, https:\/\/scrat-tech.fr\/wp-content\/uploads\/2016\/11\/abonnez-768x212.jpg 768w, https:\/\/scrat-tech.fr\/wp-content\/uploads\/2016\/11\/abonnez.jpg 1631w\" sizes=\"(max-width: 400px) 100vw, 400px\" \/><\/a><em><span style=\"color: #808080;\">Click here to subscribe and support me, it costs you nothing and makes me happy \ud83d\ude42<\/span><\/em><\/p>\n<p style=\"text-align: left;\">In total, four applications are needed in order to have a rendering more or less similar to an iPhone, certainly this may seem like a lot but each application is really very small. And as soon as you are tired of this theme, you just have to uninstall them and your Android will regain its normal appearance as if it had never been transformed into an iPhone!<\/p>\n<p style=\"text-align: left;\">All applications will be available in the description of the YouTube video of course, you can choose to install them all or select the ones you want or not, they are each independent and can be uninstalled at any time.<\/p>\n<p style=\"text-align: left;\">Performance is not greatly affected, obviously there may be some small performance losses, but it is hardly noticeable.<\/p>\n<p style=\"text-align: left;\">The only thing that is not shown in the video is the IOS lock screen, because obviously if I lock my screen it cuts off the video recording immediately.<\/p>\n<p style=\"text-align: left;\">To get even more the impression of having IOS on Android, know that it is possible to have IOS emoji on Android! Click <a href=\"https:\/\/\/en\/tutoriels-android\/emoji-ios-android-root\/\" target=\"_blank\"><strong>ICI<\/strong> <\/a>to see the method that does not require root, or if your smartphone is rooted click <a href=\"https:\/\/\/en\/tutoriels-android\/emoji-ios-sur-android\/\" target=\"_blank\"><strong>ICI<\/strong> <\/a>for an even more advanced method.<\/p>\n<p style=\"text-align: left;\"><strong>You will need the following apps in order to have an IOS style on Android: One Launcher which you can download <a href=\"http:\/\/www.clictune.com\/id=528215\" target=\"_blank\">ICI<\/a>, iNoty by clicking <a href=\"http:\/\/www.clictune.com\/id=528227\" target=\"_blank\">ICI<\/a>, Lock Screen OS 9 following <a href=\"http:\/\/www.clictune.com\/id=528218\" target=\"_blank\">THIS LINK<\/a> and finally Control at <a href=\"http:\/\/www.clictune.com\/id=528219\" target=\"_blank\">THIS LINK<\/a>, or just follow the links in the video description on YouTube.<\/strong><\/p>\n<p><iframe width=\"800\" height=\"450\" src=\"https:\/\/www.youtube.com\/embed\/WA0WEF2e3ac?feature=oembed\" frameborder=\"0\" allowfullscreen><\/iframe><\/p>","protected":false},"excerpt":{"rendered":"<p>Are you switching from iOS to Android and having trouble? Or maybe you prefer to be on Android but you like the iOS design? Well, transform your Android into iOS! Absolutely no root is required to have iOS on Android, with just a few apps you can very easily completely transform [\u2026]<\/p>","protected":false},"author":2,"featured_media":0,"parent":37,"menu_order":0,"comment_status":"closed","ping_status":"open","template":"","meta":{"footnotes":""},"class_list":["post-522","page","type-page","status-publish","hentry"],"yoast_head":"<!-- This site is optimized with the Yoast SEO Premium plugin v24.4 (Yoast SEO v24.4) - https:\/\/yoast.com\/wordpress\/plugins\/seo\/ -->\n<title>IOS sur Android - Transformer votre Smartphone en Iphone SANS ROOT<\/title>\n<meta name=\"description\" content=\"IOS sur Android sans root et de fa\u00e7on r\u00e9versible tr\u00e8s facilement c&#039;est possible gr\u00e2ce \u00e0 cette m\u00e9thode ! Transformez votre Android en Iphone !\" \/>\n<meta name=\"robots\" content=\"index, follow, max-snippet:-1, max-image-preview:large, max-video-preview:-1\" \/>\n<link rel=\"canonical\" href=\"https:\/\/scrat-tech.fr\/en\/android\/transform-android-ios-9-without-root\/\" \/>\n<meta name=\"twitter:card\" content=\"summary_large_image\" \/>\n<meta name=\"twitter:title\" content=\"IOS sur Android - Transformer votre Smartphone en Iphone SANS ROOT\" \/>\n<meta name=\"twitter:description\" content=\"IOS sur Android sans root et de fa\u00e7on r\u00e9versible tr\u00e8s facilement c&#039;est possible gr\u00e2ce \u00e0 cette m\u00e9thode ! Transformez votre Android en Iphone !\" \/>\n<meta name=\"twitter:image\" content=\"https:\/\/scrat-tech.fr\/wp-content\/uploads\/2016\/11\/abonnez-1024x283.jpg\" \/>\n<meta name=\"twitter:site\" content=\"@SCRAT_Rider\" \/>\n<meta name=\"twitter:label1\" content=\"Est. reading time\" \/>\n\t<meta name=\"twitter:data1\" content=\"2 minutes\" \/>\n<script type=\"application\/ld+json\" class=\"yoast-schema-graph\">{\"@context\":\"https:\/\/schema.org\",\"@graph\":[{\"@type\":\"WebPage\",\"@id\":\"https:\/\/scrat-tech.fr\/en\/android\/transform-android-ios-9-without-root\/\",\"url\":\"https:\/\/scrat-tech.fr\/en\/android\/transform-android-ios-9-without-root\/\",\"name\":\"IOS sur Android - Transformer votre Smartphone en Iphone SANS ROOT\",\"isPartOf\":{\"@id\":\"https:\/\/scrat-tech.fr\/#website\"},\"primaryImageOfPage\":{\"@id\":\"https:\/\/scrat-tech.fr\/en\/android\/transform-android-ios-9-without-root\/#primaryimage\"},\"image\":{\"@id\":\"https:\/\/scrat-tech.fr\/en\/android\/transform-android-ios-9-without-root\/#primaryimage\"},\"thumbnailUrl\":\"https:\/\/scrat-tech.fr\/wp-content\/uploads\/2016\/11\/abonnez-1024x283.jpg\",\"datePublished\":\"2016-04-15T09:42:40+00:00\",\"dateModified\":\"2017-03-22T13:04:19+00:00\",\"description\":\"IOS sur Android sans root et de fa\u00e7on r\u00e9versible tr\u00e8s facilement c'est possible gr\u00e2ce \u00e0 cette m\u00e9thode ! Transformez votre Android en Iphone !\",\"breadcrumb\":{\"@id\":\"https:\/\/scrat-tech.fr\/en\/android\/transform-android-ios-9-without-root\/#breadcrumb\"},\"inLanguage\":\"en-US\",\"potentialAction\":[{\"@type\":\"ReadAction\",\"target\":[\"https:\/\/scrat-tech.fr\/en\/android\/transform-android-ios-9-without-root\/\"]}]},{\"@type\":\"ImageObject\",\"inLanguage\":\"en-US\",\"@id\":\"https:\/\/scrat-tech.fr\/en\/android\/transform-android-ios-9-without-root\/#primaryimage\",\"url\":\"https:\/\/scrat-tech.fr\/wp-content\/uploads\/2016\/11\/abonnez-1024x283.jpg\",\"contentUrl\":\"https:\/\/scrat-tech.fr\/wp-content\/uploads\/2016\/11\/abonnez-1024x283.jpg\"},{\"@type\":\"BreadcrumbList\",\"@id\":\"https:\/\/scrat-tech.fr\/en\/android\/transform-android-ios-9-without-root\/#breadcrumb\",\"itemListElement\":[{\"@type\":\"ListItem\",\"position\":1,\"name\":\"Accueil\",\"item\":\"https:\/\/scrat-tech.fr\/\"},{\"@type\":\"ListItem\",\"position\":2,\"name\":\"Android\",\"item\":\"https:\/\/www.scrat-tech.fr\/en\/android\/\"},{\"@type\":\"ListItem\",\"position\":3,\"name\":\"Transformer Android en IOS 9 (IOS sur ANDROID)\"}]},{\"@type\":\"WebSite\",\"@id\":\"https:\/\/scrat-tech.fr\/#website\",\"url\":\"https:\/\/scrat-tech.fr\/\",\"name\":\"SCRAT\",\"description\":\"\",\"publisher\":{\"@id\":\"https:\/\/scrat-tech.fr\/#organization\"},\"potentialAction\":[{\"@type\":\"SearchAction\",\"target\":{\"@type\":\"EntryPoint\",\"urlTemplate\":\"https:\/\/scrat-tech.fr\/?s={search_term_string}\"},\"query-input\":{\"@type\":\"PropertyValueSpecification\",\"valueRequired\":true,\"valueName\":\"search_term_string\"}}],\"inLanguage\":\"en-US\"},{\"@type\":\"Organization\",\"@id\":\"https:\/\/scrat-tech.fr\/#organization\",\"name\":\"SCRAT\",\"url\":\"https:\/\/scrat-tech.fr\/\",\"logo\":{\"@type\":\"ImageObject\",\"inLanguage\":\"en-US\",\"@id\":\"https:\/\/scrat-tech.fr\/#\/schema\/logo\/image\/\",\"url\":\"https:\/\/scrat-tech.fr\/wp-content\/uploads\/2024\/10\/cropped-tuyu_monte.png\",\"contentUrl\":\"https:\/\/scrat-tech.fr\/wp-content\/uploads\/2024\/10\/cropped-tuyu_monte.png\",\"width\":512,\"height\":512,\"caption\":\"SCRAT\"},\"image\":{\"@id\":\"https:\/\/scrat-tech.fr\/#\/schema\/logo\/image\/\"},\"sameAs\":[\"https:\/\/www.facebook.com\/ScratRider\/\",\"https:\/\/x.com\/SCRAT_Rider\",\"https:\/\/instagram.com\/scrat_rider\",\"https:\/\/youtube.com\/c\/SCRAT\"]}]}<\/script>\n<!-- \/ Yoast SEO Premium plugin. -->","yoast_head_json":{"title":"IOS on Android - Transform your Smartphone into an Iphone WITHOUT ROOT","description":"IOS on Android without root and reversibly very easily it is possible thanks to this method! Transform your Android into an Iphone!","robots":{"index":"index","follow":"follow","max-snippet":"max-snippet:-1","max-image-preview":"max-image-preview:large","max-video-preview":"max-video-preview:-1"},"canonical":"https:\/\/scrat-tech.fr\/en\/android\/transform-android-ios-9-without-root\/","twitter_card":"summary_large_image","twitter_title":"IOS sur Android - Transformer votre Smartphone en Iphone SANS ROOT","twitter_description":"IOS sur Android sans root et de fa\u00e7on r\u00e9versible tr\u00e8s facilement c'est possible gr\u00e2ce \u00e0 cette m\u00e9thode ! Transformez votre Android en Iphone !","twitter_image":"https:\/\/scrat-tech.fr\/wp-content\/uploads\/2016\/11\/abonnez-1024x283.jpg","twitter_site":"@SCRAT_Rider","twitter_misc":{"Est. reading time":"2 minutes"},"schema":{"@context":"https:\/\/schema.org","@graph":[{"@type":"WebPage","@id":"https:\/\/scrat-tech.fr\/en\/android\/transform-android-ios-9-without-root\/","url":"https:\/\/scrat-tech.fr\/en\/android\/transform-android-ios-9-without-root\/","name":"IOS on Android - Transform your Smartphone into an Iphone WITHOUT ROOT","isPartOf":{"@id":"https:\/\/scrat-tech.fr\/#website"},"primaryImageOfPage":{"@id":"https:\/\/scrat-tech.fr\/en\/android\/transform-android-ios-9-without-root\/#primaryimage"},"image":{"@id":"https:\/\/scrat-tech.fr\/en\/android\/transform-android-ios-9-without-root\/#primaryimage"},"thumbnailUrl":"https:\/\/scrat-tech.fr\/wp-content\/uploads\/2016\/11\/abonnez-1024x283.jpg","datePublished":"2016-04-15T09:42:40+00:00","dateModified":"2017-03-22T13:04:19+00:00","description":"IOS on Android without root and reversibly very easily it is possible thanks to this method! Transform your Android into an Iphone!","breadcrumb":{"@id":"https:\/\/scrat-tech.fr\/en\/android\/transform-android-ios-9-without-root\/#breadcrumb"},"inLanguage":"en-US","potentialAction":[{"@type":"ReadAction","target":["https:\/\/scrat-tech.fr\/en\/android\/transform-android-ios-9-without-root\/"]}]},{"@type":"ImageObject","inLanguage":"en-US","@id":"https:\/\/scrat-tech.fr\/en\/android\/transform-android-ios-9-without-root\/#primaryimage","url":"https:\/\/scrat-tech.fr\/wp-content\/uploads\/2016\/11\/abonnez-1024x283.jpg","contentUrl":"https:\/\/scrat-tech.fr\/wp-content\/uploads\/2016\/11\/abonnez-1024x283.jpg"},{"@type":"BreadcrumbList","@id":"https:\/\/scrat-tech.fr\/en\/android\/transform-android-ios-9-without-root\/#breadcrumb","itemListElement":[{"@type":"ListItem","position":1,"name":"Accueil","item":"https:\/\/scrat-tech.fr\/"},{"@type":"ListItem","position":2,"name":"Android","item":"https:\/\/www.scrat-tech.fr\/en\/android\/"},{"@type":"ListItem","position":3,"name":"Transformer Android en IOS 9 (IOS sur ANDROID)"}]},{"@type":"WebSite","@id":"https:\/\/scrat-tech.fr\/#website","url":"https:\/\/scrat-tech.fr\/","name":"SCRAT","description":"","publisher":{"@id":"https:\/\/scrat-tech.fr\/#organization"},"potentialAction":[{"@type":"SearchAction","target":{"@type":"EntryPoint","urlTemplate":"https:\/\/scrat-tech.fr\/?s={search_term_string}"},"query-input":{"@type":"PropertyValueSpecification","valueRequired":true,"valueName":"search_term_string"}}],"inLanguage":"en-US"},{"@type":"Organization","@id":"https:\/\/scrat-tech.fr\/#organization","name":"SCRAT","url":"https:\/\/scrat-tech.fr\/","logo":{"@type":"ImageObject","inLanguage":"en-US","@id":"https:\/\/scrat-tech.fr\/#\/schema\/logo\/image\/","url":"https:\/\/scrat-tech.fr\/wp-content\/uploads\/2024\/10\/cropped-tuyu_monte.png","contentUrl":"https:\/\/scrat-tech.fr\/wp-content\/uploads\/2024\/10\/cropped-tuyu_monte.png","width":512,"height":512,"caption":"SCRAT"},"image":{"@id":"https:\/\/scrat-tech.fr\/#\/schema\/logo\/image\/"},"sameAs":["https:\/\/www.facebook.com\/ScratRider\/","https:\/\/x.com\/SCRAT_Rider","https:\/\/instagram.com\/scrat_rider","https:\/\/youtube.com\/c\/SCRAT"]}]}},"_links":{"self":[{"href":"https:\/\/scrat-tech.fr\/en\/wp-json\/wp\/v2\/pages\/522","targetHints":{"allow":["GET"]}}],"collection":[{"href":"https:\/\/scrat-tech.fr\/en\/wp-json\/wp\/v2\/pages"}],"about":[{"href":"https:\/\/scrat-tech.fr\/en\/wp-json\/wp\/v2\/types\/page"}],"author":[{"embeddable":true,"href":"https:\/\/scrat-tech.fr\/en\/wp-json\/wp\/v2\/users\/2"}],"replies":[{"embeddable":true,"href":"https:\/\/scrat-tech.fr\/en\/wp-json\/wp\/v2\/comments?post=522"}],"version-history":[{"count":0,"href":"https:\/\/scrat-tech.fr\/en\/wp-json\/wp\/v2\/pages\/522\/revisions"}],"up":[{"embeddable":true,"href":"https:\/\/scrat-tech.fr\/en\/wp-json\/wp\/v2\/pages\/37"}],"wp:attachment":[{"href":"https:\/\/scrat-tech.fr\/en\/wp-json\/wp\/v2\/media?parent=522"}],"curies":[{"name":"wp","href":"https:\/\/api.w.org\/{rel}","templated":true}]}}