{"id":511,"date":"2016-04-15T11:14:32","date_gmt":"2016-04-15T09:14:32","guid":{"rendered":"https:\/?page_id=511"},"modified":"2017-03-20T16:14:23","modified_gmt":"2017-03-20T14:14:23","slug":"emoji-ios-android-root","status":"publish","type":"page","link":"https:\/\/scrat-tech.fr\/en\/android\/emoji-ios-android-root\/","title":{"rendered":"Emoji IOS on Android <strong>WITHOUT ROOT<\/strong>"},"content":{"rendered":"<h3 style=\"text-align: center;\"><strong>If you too prefer ios emoji and don't like your phone's basic smileys at all, and you don't want to root your device either, this tip is for you!<\/strong><\/h3>\n<p style=\"text-align: left;\">Please note that this will change the emoticons for messaging only. <strong>BUT<\/strong> that's quite enough, because on Facebook we have the IOS emoji style anyway.<\/p>\n<p style=\"text-align: center;\"><a href=\"http:\/\/www.youtube.com\/user\/game682400?sub_confirmation=1\" target=\"_blank\"><img decoding=\"async\" class=\"aligncenter wp-image-1766\" src=\"https:\/\/scrat-tech.fr\/wp-content\/uploads\/2016\/11\/abonnez-1024x283.jpg\" width=\"400\" height=\"110\" srcset=\"https:\/\/scrat-tech.fr\/wp-content\/uploads\/2016\/11\/abonnez-1024x283.jpg 1024w, https:\/\/scrat-tech.fr\/wp-content\/uploads\/2016\/11\/abonnez-600x166.jpg 600w, https:\/\/scrat-tech.fr\/wp-content\/uploads\/2016\/11\/abonnez-300x83.jpg 300w, https:\/\/scrat-tech.fr\/wp-content\/uploads\/2016\/11\/abonnez-768x212.jpg 768w, https:\/\/scrat-tech.fr\/wp-content\/uploads\/2016\/11\/abonnez.jpg 1631w\" sizes=\"(max-width: 400px) 100vw, 400px\" \/><\/a><em><span style=\"color: #808080;\">Click here to subscribe and support me, it costs you nothing and makes me happy \ud83d\ude42<\/span><\/em><\/p>\n<p style=\"text-align: left;\">Your contacts will receive IOS emoji if they've also installed the app or if they're on Iphone, otherwise they'll simply get their phone's default smiley, so don't be afraid of white squares.<\/p>\n<p style=\"text-align: left;\">For this tip, you'll need to use the Textra application, which for me is quite simply the best messaging application because it's fully customizable, and we can even change the smileys used in messages!<\/p>\n<p style=\"text-align: left;\">So, yes, some people are skeptical about messaging applications other than those provided by the manufacturer of their phone - I can assure you, I'm one of them too! But Textra offers so many more features than the original messaging app that I ended up testing it and keeping it. What's more, the fact that it's customizable is a big plus!<\/p>\n<p style=\"text-align: left;\">2 possibilities for using emoji: either you have the IOS-style drop-down menu integrated into the application, or the smiley menu on your keyboard if it has one (for my part, SwiftKey, which I recommend).<\/p>\n<p style=\"text-align: left;\">For all the people who ask me how to get them on Snapchat, for example, <strong>NOT POSSIBLE WITH THIS METHOD<\/strong> ! Here we're using Textra's built-in IOS emoji directly, not replacing the system emoji in any way. If you want to completely replace system emoji with IOS emoji, you'll need to rotate your phone and then use an \"Emoji Switcher\"-type application.<\/p>\n<p><iframe width=\"800\" height=\"450\" src=\"https:\/\/www.youtube.com\/embed\/KrVBlIEKkQg?feature=oembed\" frameborder=\"0\" allowfullscreen><\/iframe><\/p>","protected":false},"excerpt":{"rendered":"<p>If you also prefer iOS emoji and don&#039;t like the basic smileys on your phone at all and you also don&#039;t want to root your device, this tip is for you! First of all, know that this will change the emoticons only for messaging BUT it is completely [\u2026]<\/p>","protected":false},"author":2,"featured_media":0,"parent":37,"menu_order":0,"comment_status":"closed","ping_status":"open","template":"","meta":{"footnotes":""},"class_list":["post-511","page","type-page","status-publish","hentry"],"yoast_head":"<!-- This site is optimized with the Yoast SEO Premium plugin v24.4 (Yoast SEO v24.4) - https:\/\/yoast.com\/wordpress\/plugins\/seo\/ -->\n<title>Emoji IOS sur ANDROID | Sans root | Game68240<\/title>\n<meta name=\"description\" content=\"Ayez les emoji IOS sur Android tr\u00e8s facilement et sans avoir besoin de root sur celui-ci. Tutoriel d\u00e9taill\u00e9 de la manipulation \u00e0 faire.\" \/>\n<meta name=\"robots\" content=\"index, follow, max-snippet:-1, max-image-preview:large, max-video-preview:-1\" \/>\n<link rel=\"canonical\" href=\"https:\/\/scrat-tech.fr\/en\/android\/emoji-ios-android-root\/\" \/>\n<meta name=\"twitter:card\" content=\"summary_large_image\" \/>\n<meta name=\"twitter:title\" content=\"Emoji IOS sur ANDROID | Sans root | Game68240\" \/>\n<meta name=\"twitter:description\" content=\"Ayez les emoji IOS sur Android tr\u00e8s facilement et sans avoir besoin de root sur celui-ci. Tutoriel d\u00e9taill\u00e9 de la manipulation \u00e0 faire.\" \/>\n<meta name=\"twitter:image\" content=\"https:\/\/scrat-tech.fr\/wp-content\/uploads\/2016\/11\/abonnez-1024x283.jpg\" \/>\n<meta name=\"twitter:site\" content=\"@SCRAT_Rider\" \/>\n<meta name=\"twitter:label1\" content=\"Est. reading time\" \/>\n\t<meta name=\"twitter:data1\" content=\"2 minutes\" \/>\n<script type=\"application\/ld+json\" class=\"yoast-schema-graph\">{\"@context\":\"https:\/\/schema.org\",\"@graph\":[{\"@type\":\"WebPage\",\"@id\":\"https:\/\/scrat-tech.fr\/android\/emoji-ios-android-root\/\",\"url\":\"https:\/\/scrat-tech.fr\/android\/emoji-ios-android-root\/\",\"name\":\"Emoji IOS sur ANDROID | Sans root | Game68240\",\"isPartOf\":{\"@id\":\"https:\/\/scrat-tech.fr\/#website\"},\"primaryImageOfPage\":{\"@id\":\"https:\/\/scrat-tech.fr\/android\/emoji-ios-android-root\/#primaryimage\"},\"image\":{\"@id\":\"https:\/\/scrat-tech.fr\/android\/emoji-ios-android-root\/#primaryimage\"},\"thumbnailUrl\":\"https:\/\/scrat-tech.fr\/wp-content\/uploads\/2016\/11\/abonnez-1024x283.jpg\",\"datePublished\":\"2016-04-15T09:14:32+00:00\",\"dateModified\":\"2017-03-20T14:14:23+00:00\",\"description\":\"Ayez les emoji IOS sur Android tr\u00e8s facilement et sans avoir besoin de root sur celui-ci. Tutoriel d\u00e9taill\u00e9 de la manipulation \u00e0 faire.\",\"breadcrumb\":{\"@id\":\"https:\/\/scrat-tech.fr\/android\/emoji-ios-android-root\/#breadcrumb\"},\"inLanguage\":\"en-US\",\"potentialAction\":[{\"@type\":\"ReadAction\",\"target\":[\"https:\/\/scrat-tech.fr\/android\/emoji-ios-android-root\/\"]}]},{\"@type\":\"ImageObject\",\"inLanguage\":\"en-US\",\"@id\":\"https:\/\/scrat-tech.fr\/android\/emoji-ios-android-root\/#primaryimage\",\"url\":\"https:\/\/scrat-tech.fr\/wp-content\/uploads\/2016\/11\/abonnez-1024x283.jpg\",\"contentUrl\":\"https:\/\/scrat-tech.fr\/wp-content\/uploads\/2016\/11\/abonnez-1024x283.jpg\"},{\"@type\":\"BreadcrumbList\",\"@id\":\"https:\/\/scrat-tech.fr\/android\/emoji-ios-android-root\/#breadcrumb\",\"itemListElement\":[{\"@type\":\"ListItem\",\"position\":1,\"name\":\"Accueil\",\"item\":\"https:\/\/scrat-tech.fr\/\"},{\"@type\":\"ListItem\",\"position\":2,\"name\":\"Android\",\"item\":\"https:\/\/www.scrat-tech.fr\/en\/android\/\"},{\"@type\":\"ListItem\",\"position\":3,\"name\":\"Emoji IOS sur Android SANS ROOT\"}]},{\"@type\":\"WebSite\",\"@id\":\"https:\/\/scrat-tech.fr\/#website\",\"url\":\"https:\/\/scrat-tech.fr\/\",\"name\":\"SCRAT\",\"description\":\"\",\"publisher\":{\"@id\":\"https:\/\/scrat-tech.fr\/#organization\"},\"potentialAction\":[{\"@type\":\"SearchAction\",\"target\":{\"@type\":\"EntryPoint\",\"urlTemplate\":\"https:\/\/scrat-tech.fr\/?s={search_term_string}\"},\"query-input\":{\"@type\":\"PropertyValueSpecification\",\"valueRequired\":true,\"valueName\":\"search_term_string\"}}],\"inLanguage\":\"en-US\"},{\"@type\":\"Organization\",\"@id\":\"https:\/\/scrat-tech.fr\/#organization\",\"name\":\"SCRAT\",\"url\":\"https:\/\/scrat-tech.fr\/\",\"logo\":{\"@type\":\"ImageObject\",\"inLanguage\":\"en-US\",\"@id\":\"https:\/\/scrat-tech.fr\/#\/schema\/logo\/image\/\",\"url\":\"https:\/\/scrat-tech.fr\/wp-content\/uploads\/2024\/10\/cropped-tuyu_monte.png\",\"contentUrl\":\"https:\/\/scrat-tech.fr\/wp-content\/uploads\/2024\/10\/cropped-tuyu_monte.png\",\"width\":512,\"height\":512,\"caption\":\"SCRAT\"},\"image\":{\"@id\":\"https:\/\/scrat-tech.fr\/#\/schema\/logo\/image\/\"},\"sameAs\":[\"https:\/\/www.facebook.com\/ScratRider\/\",\"https:\/\/x.com\/SCRAT_Rider\",\"https:\/\/instagram.com\/scrat_rider\",\"https:\/\/youtube.com\/c\/SCRAT\"]}]}<\/script>\n<!-- \/ Yoast SEO Premium plugin. -->","yoast_head_json":{"title":"Emoji IOS on ANDROID | Without root | Game68240","description":"Have IOS emoji on Android very easily and without needing root on it. Detailed tutorial of the manipulation to do.","robots":{"index":"index","follow":"follow","max-snippet":"max-snippet:-1","max-image-preview":"max-image-preview:large","max-video-preview":"max-video-preview:-1"},"canonical":"https:\/\/scrat-tech.fr\/en\/android\/emoji-ios-android-root\/","twitter_card":"summary_large_image","twitter_title":"Emoji IOS sur ANDROID | Sans root | Game68240","twitter_description":"Ayez les emoji IOS sur Android tr\u00e8s facilement et sans avoir besoin de root sur celui-ci. Tutoriel d\u00e9taill\u00e9 de la manipulation \u00e0 faire.","twitter_image":"https:\/\/scrat-tech.fr\/wp-content\/uploads\/2016\/11\/abonnez-1024x283.jpg","twitter_site":"@SCRAT_Rider","twitter_misc":{"Est. reading time":"2 minutes"},"schema":{"@context":"https:\/\/schema.org","@graph":[{"@type":"WebPage","@id":"https:\/\/scrat-tech.fr\/android\/emoji-ios-android-root\/","url":"https:\/\/scrat-tech.fr\/android\/emoji-ios-android-root\/","name":"Emoji IOS on ANDROID | Without root | Game68240","isPartOf":{"@id":"https:\/\/scrat-tech.fr\/#website"},"primaryImageOfPage":{"@id":"https:\/\/scrat-tech.fr\/android\/emoji-ios-android-root\/#primaryimage"},"image":{"@id":"https:\/\/scrat-tech.fr\/android\/emoji-ios-android-root\/#primaryimage"},"thumbnailUrl":"https:\/\/scrat-tech.fr\/wp-content\/uploads\/2016\/11\/abonnez-1024x283.jpg","datePublished":"2016-04-15T09:14:32+00:00","dateModified":"2017-03-20T14:14:23+00:00","description":"Have IOS emoji on Android very easily and without needing root on it. Detailed tutorial of the manipulation to do.","breadcrumb":{"@id":"https:\/\/scrat-tech.fr\/android\/emoji-ios-android-root\/#breadcrumb"},"inLanguage":"en-US","potentialAction":[{"@type":"ReadAction","target":["https:\/\/scrat-tech.fr\/android\/emoji-ios-android-root\/"]}]},{"@type":"ImageObject","inLanguage":"en-US","@id":"https:\/\/scrat-tech.fr\/android\/emoji-ios-android-root\/#primaryimage","url":"https:\/\/scrat-tech.fr\/wp-content\/uploads\/2016\/11\/abonnez-1024x283.jpg","contentUrl":"https:\/\/scrat-tech.fr\/wp-content\/uploads\/2016\/11\/abonnez-1024x283.jpg"},{"@type":"BreadcrumbList","@id":"https:\/\/scrat-tech.fr\/android\/emoji-ios-android-root\/#breadcrumb","itemListElement":[{"@type":"ListItem","position":1,"name":"Accueil","item":"https:\/\/scrat-tech.fr\/"},{"@type":"ListItem","position":2,"name":"Android","item":"https:\/\/www.scrat-tech.fr\/en\/android\/"},{"@type":"ListItem","position":3,"name":"Emoji IOS sur Android SANS ROOT"}]},{"@type":"WebSite","@id":"https:\/\/scrat-tech.fr\/#website","url":"https:\/\/scrat-tech.fr\/","name":"SCRAT","description":"","publisher":{"@id":"https:\/\/scrat-tech.fr\/#organization"},"potentialAction":[{"@type":"SearchAction","target":{"@type":"EntryPoint","urlTemplate":"https:\/\/scrat-tech.fr\/?s={search_term_string}"},"query-input":{"@type":"PropertyValueSpecification","valueRequired":true,"valueName":"search_term_string"}}],"inLanguage":"en-US"},{"@type":"Organization","@id":"https:\/\/scrat-tech.fr\/#organization","name":"SCRAT","url":"https:\/\/scrat-tech.fr\/","logo":{"@type":"ImageObject","inLanguage":"en-US","@id":"https:\/\/scrat-tech.fr\/#\/schema\/logo\/image\/","url":"https:\/\/scrat-tech.fr\/wp-content\/uploads\/2024\/10\/cropped-tuyu_monte.png","contentUrl":"https:\/\/scrat-tech.fr\/wp-content\/uploads\/2024\/10\/cropped-tuyu_monte.png","width":512,"height":512,"caption":"SCRAT"},"image":{"@id":"https:\/\/scrat-tech.fr\/#\/schema\/logo\/image\/"},"sameAs":["https:\/\/www.facebook.com\/ScratRider\/","https:\/\/x.com\/SCRAT_Rider","https:\/\/instagram.com\/scrat_rider","https:\/\/youtube.com\/c\/SCRAT"]}]}},"_links":{"self":[{"href":"https:\/\/scrat-tech.fr\/en\/wp-json\/wp\/v2\/pages\/511","targetHints":{"allow":["GET"]}}],"collection":[{"href":"https:\/\/scrat-tech.fr\/en\/wp-json\/wp\/v2\/pages"}],"about":[{"href":"https:\/\/scrat-tech.fr\/en\/wp-json\/wp\/v2\/types\/page"}],"author":[{"embeddable":true,"href":"https:\/\/scrat-tech.fr\/en\/wp-json\/wp\/v2\/users\/2"}],"replies":[{"embeddable":true,"href":"https:\/\/scrat-tech.fr\/en\/wp-json\/wp\/v2\/comments?post=511"}],"version-history":[{"count":0,"href":"https:\/\/scrat-tech.fr\/en\/wp-json\/wp\/v2\/pages\/511\/revisions"}],"up":[{"embeddable":true,"href":"https:\/\/scrat-tech.fr\/en\/wp-json\/wp\/v2\/pages\/37"}],"wp:attachment":[{"href":"https:\/\/scrat-tech.fr\/en\/wp-json\/wp\/v2\/media?parent=511"}],"curies":[{"name":"wp","href":"https:\/\/api.w.org\/{rel}","templated":true}]}}