{"id":506,"date":"2016-04-15T11:03:36","date_gmt":"2016-04-15T09:03:36","guid":{"rendered":"https:\/?page_id=506"},"modified":"2017-03-21T15:51:04","modified_gmt":"2017-03-21T13:51:04","slug":"customize-icons-create-own-theme","status":"publish","type":"page","link":"https:\/\/scrat-tech.fr\/en\/android\/customize-icons-create-own-theme\/","title":{"rendered":"Customize icons \/ create your own theme"},"content":{"rendered":"<h3 style=\"text-align: center;\"><strong>Want to personalize your phone\/tablet even more? Why not create your own style by changing the icons of your choice with custom icons or images downloaded from the net?<\/strong><\/h3>\n<p style=\"text-align: left;\">An application that is a launcher and voila, you will be able to change all your icons! So I know that some people are skeptical about launchers, but I assure you that I am too, <strong>EXCEPT<\/strong> that this launcher is known as the fastest and most fluid on Android, and I can confirm this perfectly since I have been using it for so long.<\/p>\n<p style=\"text-align: center;\"><a href=\"http:\/\/www.youtube.com\/user\/game682400?sub_confirmation=1\" target=\"_blank\"><img decoding=\"async\" class=\"aligncenter wp-image-1766\" src=\"https:\/\/scrat-tech.fr\/wp-content\/uploads\/2016\/11\/abonnez-1024x283.jpg\" width=\"400\" height=\"110\" srcset=\"https:\/\/scrat-tech.fr\/wp-content\/uploads\/2016\/11\/abonnez-1024x283.jpg 1024w, https:\/\/scrat-tech.fr\/wp-content\/uploads\/2016\/11\/abonnez-600x166.jpg 600w, https:\/\/scrat-tech.fr\/wp-content\/uploads\/2016\/11\/abonnez-300x83.jpg 300w, https:\/\/scrat-tech.fr\/wp-content\/uploads\/2016\/11\/abonnez-768x212.jpg 768w, https:\/\/scrat-tech.fr\/wp-content\/uploads\/2016\/11\/abonnez.jpg 1631w\" sizes=\"(max-width: 400px) 100vw, 400px\" \/><\/a><em><span style=\"color: #808080;\">Click here to subscribe and support me, it costs you nothing and makes me happy \ud83d\ude42<\/span><\/em><\/p>\n<p style=\"text-align: left;\">Thanks to Nova Launcher, which is simply the best of all launchers, you will be able to do lots of things! In this tutorial we will only focus on customizing the icons of your device in order to create your own theme, if you want to learn even more about Nova Launcher a dedicated video has been made, you can take a look by clicking <strong><a href=\"https:\/\/\/en\/tutoriels-android\/nova-launcher-meilleur-launcher-android\/\" target=\"_blank\">ICI<\/a><\/strong>.<\/p>\n<p style=\"text-align: left;\">Root rights are not required, any smartphone or tablet compatible with Nova Launcher (<em>or all devices it seems to me<\/em>) will be able to change any icons you want. You also don&#039;t have the same opportunity to change the name that will be displayed below the icon.<\/p>\n<p style=\"text-align: left;\">You have the choice to download icons that you like on google image yourself, the format has not <strong>not<\/strong> need to be in .<strong>ico<\/strong> as for changing icons on PC, save them in your gallery and apply them, or you can create them from scratch or edit some already existing ones on Photoshop or another photo editing software then import them to your phone and apply them with Nova Launcher. Everything is of course shown in video. To transfer your icons to your Android device you can use the method with <a href=\"https:\/\/\/en\/tutoriels-android\/controler-android-pc\/\" target=\"_blank\"><strong>AirDroid<\/strong> <\/a>which will make your life easier and save you time in creating your theme!<\/p>\n<p style=\"text-align: left;\"><strong>You can download Nova Launcher at <a href=\"http:\/\/www.clictune.com\/id=565310\" target=\"_blank\">THIS LINK<\/a>or simply follow the link in the video description on YouTube.<\/strong><\/p>\n<p><iframe width=\"800\" height=\"450\" src=\"https:\/\/www.youtube.com\/embed\/elAYe38B2a4?feature=oembed\" frameborder=\"0\" allowfullscreen><\/iframe><\/p>","protected":false},"excerpt":{"rendered":"<p>Want to personalize your phone\/tablet even more? Why not create your own style by changing the icons of your choice with custom icons or images downloaded from the internet? An application that is a launcher and that&#039;s it, you will be able to change all [\u2026]<\/p>","protected":false},"author":2,"featured_media":0,"parent":37,"menu_order":0,"comment_status":"closed","ping_status":"open","template":"","meta":{"footnotes":""},"class_list":["post-506","page","type-page","status-publish","hentry"],"yoast_head":"<!-- This site is optimized with the Yoast SEO Premium plugin v24.4 (Yoast SEO v24.4) - https:\/\/yoast.com\/wordpress\/plugins\/seo\/ -->\n<title>Personnaliser ses ic\u00f4nes ANDROID - Cr\u00e9er son propre th\u00e8me sans root<\/title>\n<meta name=\"description\" content=\"Personnaliser ses ic\u00f4nes sur Android afin de cr\u00e9er son propre th\u00e8me c&#039;est possible et tr\u00e8s facile ! De plus tout se fait sans root et gratuitement !\" \/>\n<meta name=\"robots\" content=\"index, follow, max-snippet:-1, max-image-preview:large, max-video-preview:-1\" \/>\n<link rel=\"canonical\" href=\"https:\/\/scrat-tech.fr\/en\/android\/customize-icons-create-own-theme\/\" \/>\n<meta name=\"twitter:card\" content=\"summary_large_image\" \/>\n<meta name=\"twitter:title\" content=\"Personnaliser ses ic\u00f4nes ANDROID - Cr\u00e9er son propre th\u00e8me sans root\" \/>\n<meta name=\"twitter:description\" content=\"Personnaliser ses ic\u00f4nes sur Android afin de cr\u00e9er son propre th\u00e8me c&#039;est possible et tr\u00e8s facile ! De plus tout se fait sans root et gratuitement !\" \/>\n<meta name=\"twitter:image\" content=\"https:\/\/scrat-tech.fr\/wp-content\/uploads\/2016\/11\/abonnez-1024x283.jpg\" \/>\n<meta name=\"twitter:site\" content=\"@SCRAT_Rider\" \/>\n<meta name=\"twitter:label1\" content=\"Est. reading time\" \/>\n\t<meta name=\"twitter:data1\" content=\"2 minutes\" \/>\n<script type=\"application\/ld+json\" class=\"yoast-schema-graph\">{\"@context\":\"https:\/\/schema.org\",\"@graph\":[{\"@type\":\"WebPage\",\"@id\":\"https:\/\/scrat-tech.fr\/en\/android\/customize-icons-create-own-theme\/\",\"url\":\"https:\/\/scrat-tech.fr\/en\/android\/customize-icons-create-own-theme\/\",\"name\":\"Personnaliser ses ic\u00f4nes ANDROID - Cr\u00e9er son propre th\u00e8me sans root\",\"isPartOf\":{\"@id\":\"https:\/\/scrat-tech.fr\/#website\"},\"primaryImageOfPage\":{\"@id\":\"https:\/\/scrat-tech.fr\/en\/android\/customize-icons-create-own-theme\/#primaryimage\"},\"image\":{\"@id\":\"https:\/\/scrat-tech.fr\/en\/android\/customize-icons-create-own-theme\/#primaryimage\"},\"thumbnailUrl\":\"https:\/\/scrat-tech.fr\/wp-content\/uploads\/2016\/11\/abonnez-1024x283.jpg\",\"datePublished\":\"2016-04-15T09:03:36+00:00\",\"dateModified\":\"2017-03-21T13:51:04+00:00\",\"description\":\"Personnaliser ses ic\u00f4nes sur Android afin de cr\u00e9er son propre th\u00e8me c'est possible et tr\u00e8s facile ! De plus tout se fait sans root et gratuitement !\",\"breadcrumb\":{\"@id\":\"https:\/\/scrat-tech.fr\/en\/android\/customize-icons-create-own-theme\/#breadcrumb\"},\"inLanguage\":\"en-US\",\"potentialAction\":[{\"@type\":\"ReadAction\",\"target\":[\"https:\/\/scrat-tech.fr\/en\/android\/customize-icons-create-own-theme\/\"]}]},{\"@type\":\"ImageObject\",\"inLanguage\":\"en-US\",\"@id\":\"https:\/\/scrat-tech.fr\/en\/android\/customize-icons-create-own-theme\/#primaryimage\",\"url\":\"https:\/\/scrat-tech.fr\/wp-content\/uploads\/2016\/11\/abonnez-1024x283.jpg\",\"contentUrl\":\"https:\/\/scrat-tech.fr\/wp-content\/uploads\/2016\/11\/abonnez-1024x283.jpg\"},{\"@type\":\"BreadcrumbList\",\"@id\":\"https:\/\/scrat-tech.fr\/en\/android\/customize-icons-create-own-theme\/#breadcrumb\",\"itemListElement\":[{\"@type\":\"ListItem\",\"position\":1,\"name\":\"Accueil\",\"item\":\"https:\/\/scrat-tech.fr\/\"},{\"@type\":\"ListItem\",\"position\":2,\"name\":\"Android\",\"item\":\"https:\/\/www.scrat-tech.fr\/en\/android\/\"},{\"@type\":\"ListItem\",\"position\":3,\"name\":\"Personnaliser ses ic\u00f4nes \/ cr\u00e9er son propre th\u00e8me\"}]},{\"@type\":\"WebSite\",\"@id\":\"https:\/\/scrat-tech.fr\/#website\",\"url\":\"https:\/\/scrat-tech.fr\/\",\"name\":\"SCRAT\",\"description\":\"\",\"publisher\":{\"@id\":\"https:\/\/scrat-tech.fr\/#organization\"},\"potentialAction\":[{\"@type\":\"SearchAction\",\"target\":{\"@type\":\"EntryPoint\",\"urlTemplate\":\"https:\/\/scrat-tech.fr\/?s={search_term_string}\"},\"query-input\":{\"@type\":\"PropertyValueSpecification\",\"valueRequired\":true,\"valueName\":\"search_term_string\"}}],\"inLanguage\":\"en-US\"},{\"@type\":\"Organization\",\"@id\":\"https:\/\/scrat-tech.fr\/#organization\",\"name\":\"SCRAT\",\"url\":\"https:\/\/scrat-tech.fr\/\",\"logo\":{\"@type\":\"ImageObject\",\"inLanguage\":\"en-US\",\"@id\":\"https:\/\/scrat-tech.fr\/#\/schema\/logo\/image\/\",\"url\":\"https:\/\/scrat-tech.fr\/wp-content\/uploads\/2024\/10\/cropped-tuyu_monte.png\",\"contentUrl\":\"https:\/\/scrat-tech.fr\/wp-content\/uploads\/2024\/10\/cropped-tuyu_monte.png\",\"width\":512,\"height\":512,\"caption\":\"SCRAT\"},\"image\":{\"@id\":\"https:\/\/scrat-tech.fr\/#\/schema\/logo\/image\/\"},\"sameAs\":[\"https:\/\/www.facebook.com\/ScratRider\/\",\"https:\/\/x.com\/SCRAT_Rider\",\"https:\/\/instagram.com\/scrat_rider\",\"https:\/\/youtube.com\/c\/SCRAT\"]}]}<\/script>\n<!-- \/ Yoast SEO Premium plugin. -->","yoast_head_json":{"title":"Customize your ANDROID icons - Create your own theme without root","description":"Customizing your icons on Android to create your own theme is possible and very easy! Plus, everything is done without root and for free!","robots":{"index":"index","follow":"follow","max-snippet":"max-snippet:-1","max-image-preview":"max-image-preview:large","max-video-preview":"max-video-preview:-1"},"canonical":"https:\/\/scrat-tech.fr\/en\/android\/customize-icons-create-own-theme\/","twitter_card":"summary_large_image","twitter_title":"Personnaliser ses ic\u00f4nes ANDROID - Cr\u00e9er son propre th\u00e8me sans root","twitter_description":"Personnaliser ses ic\u00f4nes sur Android afin de cr\u00e9er son propre th\u00e8me c'est possible et tr\u00e8s facile ! De plus tout se fait sans root et gratuitement !","twitter_image":"https:\/\/scrat-tech.fr\/wp-content\/uploads\/2016\/11\/abonnez-1024x283.jpg","twitter_site":"@SCRAT_Rider","twitter_misc":{"Est. reading time":"2 minutes"},"schema":{"@context":"https:\/\/schema.org","@graph":[{"@type":"WebPage","@id":"https:\/\/scrat-tech.fr\/en\/android\/customize-icons-create-own-theme\/","url":"https:\/\/scrat-tech.fr\/en\/android\/customize-icons-create-own-theme\/","name":"Customize your ANDROID icons - Create your own theme without root","isPartOf":{"@id":"https:\/\/scrat-tech.fr\/#website"},"primaryImageOfPage":{"@id":"https:\/\/scrat-tech.fr\/en\/android\/customize-icons-create-own-theme\/#primaryimage"},"image":{"@id":"https:\/\/scrat-tech.fr\/en\/android\/customize-icons-create-own-theme\/#primaryimage"},"thumbnailUrl":"https:\/\/scrat-tech.fr\/wp-content\/uploads\/2016\/11\/abonnez-1024x283.jpg","datePublished":"2016-04-15T09:03:36+00:00","dateModified":"2017-03-21T13:51:04+00:00","description":"Customizing your icons on Android to create your own theme is possible and very easy! Plus, everything is done without root and for free!","breadcrumb":{"@id":"https:\/\/scrat-tech.fr\/en\/android\/customize-icons-create-own-theme\/#breadcrumb"},"inLanguage":"en-US","potentialAction":[{"@type":"ReadAction","target":["https:\/\/scrat-tech.fr\/en\/android\/customize-icons-create-own-theme\/"]}]},{"@type":"ImageObject","inLanguage":"en-US","@id":"https:\/\/scrat-tech.fr\/en\/android\/customize-icons-create-own-theme\/#primaryimage","url":"https:\/\/scrat-tech.fr\/wp-content\/uploads\/2016\/11\/abonnez-1024x283.jpg","contentUrl":"https:\/\/scrat-tech.fr\/wp-content\/uploads\/2016\/11\/abonnez-1024x283.jpg"},{"@type":"BreadcrumbList","@id":"https:\/\/scrat-tech.fr\/en\/android\/customize-icons-create-own-theme\/#breadcrumb","itemListElement":[{"@type":"ListItem","position":1,"name":"Accueil","item":"https:\/\/scrat-tech.fr\/"},{"@type":"ListItem","position":2,"name":"Android","item":"https:\/\/www.scrat-tech.fr\/en\/android\/"},{"@type":"ListItem","position":3,"name":"Personnaliser ses ic\u00f4nes \/ cr\u00e9er son propre th\u00e8me"}]},{"@type":"WebSite","@id":"https:\/\/scrat-tech.fr\/#website","url":"https:\/\/scrat-tech.fr\/","name":"SCRAT","description":"","publisher":{"@id":"https:\/\/scrat-tech.fr\/#organization"},"potentialAction":[{"@type":"SearchAction","target":{"@type":"EntryPoint","urlTemplate":"https:\/\/scrat-tech.fr\/?s={search_term_string}"},"query-input":{"@type":"PropertyValueSpecification","valueRequired":true,"valueName":"search_term_string"}}],"inLanguage":"en-US"},{"@type":"Organization","@id":"https:\/\/scrat-tech.fr\/#organization","name":"SCRAT","url":"https:\/\/scrat-tech.fr\/","logo":{"@type":"ImageObject","inLanguage":"en-US","@id":"https:\/\/scrat-tech.fr\/#\/schema\/logo\/image\/","url":"https:\/\/scrat-tech.fr\/wp-content\/uploads\/2024\/10\/cropped-tuyu_monte.png","contentUrl":"https:\/\/scrat-tech.fr\/wp-content\/uploads\/2024\/10\/cropped-tuyu_monte.png","width":512,"height":512,"caption":"SCRAT"},"image":{"@id":"https:\/\/scrat-tech.fr\/#\/schema\/logo\/image\/"},"sameAs":["https:\/\/www.facebook.com\/ScratRider\/","https:\/\/x.com\/SCRAT_Rider","https:\/\/instagram.com\/scrat_rider","https:\/\/youtube.com\/c\/SCRAT"]}]}},"_links":{"self":[{"href":"https:\/\/scrat-tech.fr\/en\/wp-json\/wp\/v2\/pages\/506","targetHints":{"allow":["GET"]}}],"collection":[{"href":"https:\/\/scrat-tech.fr\/en\/wp-json\/wp\/v2\/pages"}],"about":[{"href":"https:\/\/scrat-tech.fr\/en\/wp-json\/wp\/v2\/types\/page"}],"author":[{"embeddable":true,"href":"https:\/\/scrat-tech.fr\/en\/wp-json\/wp\/v2\/users\/2"}],"replies":[{"embeddable":true,"href":"https:\/\/scrat-tech.fr\/en\/wp-json\/wp\/v2\/comments?post=506"}],"version-history":[{"count":0,"href":"https:\/\/scrat-tech.fr\/en\/wp-json\/wp\/v2\/pages\/506\/revisions"}],"up":[{"embeddable":true,"href":"https:\/\/scrat-tech.fr\/en\/wp-json\/wp\/v2\/pages\/37"}],"wp:attachment":[{"href":"https:\/\/scrat-tech.fr\/en\/wp-json\/wp\/v2\/media?parent=506"}],"curies":[{"name":"wp","href":"https:\/\/api.w.org\/{rel}","templated":true}]}}