{"id":501,"date":"2016-04-15T10:56:23","date_gmt":"2016-04-15T08:56:23","guid":{"rendered":"https:\/?page_id=501"},"modified":"2017-04-19T12:01:09","modified_gmt":"2017-04-19T10:01:09","slug":"reactive-anime-wallpaper-music","status":"publish","type":"page","link":"https:\/\/scrat-tech.fr\/en\/android\/reactive-anime-wallpaper-music\/","title":{"rendered":"Animated wallpaper responsive to music"},"content":{"rendered":"<h3 style=\"text-align: center;\"><strong>A live wallpaper is cool, but it&#039;s even better when it reacts to the sound of the music that is playing!<\/strong><\/h3>\n<p style=\"text-align: left;\">With a single, simple application you can have an animated wallpaper with speakers and sound bars on the screen of your Android phone \/ tablet, all of which is reactive to all sounds played (music or sound effects).<\/p>\n<p style=\"text-align: center;\"><a href=\"http:\/\/www.youtube.com\/user\/game682400?sub_confirmation=1\" target=\"_blank\"><img decoding=\"async\" class=\"aligncenter wp-image-1766\" src=\"https:\/\/scrat-tech.fr\/wp-content\/uploads\/2016\/11\/abonnez-1024x283.jpg\" width=\"400\" height=\"110\" srcset=\"https:\/\/scrat-tech.fr\/wp-content\/uploads\/2016\/11\/abonnez-1024x283.jpg 1024w, https:\/\/scrat-tech.fr\/wp-content\/uploads\/2016\/11\/abonnez-600x166.jpg 600w, https:\/\/scrat-tech.fr\/wp-content\/uploads\/2016\/11\/abonnez-300x83.jpg 300w, https:\/\/scrat-tech.fr\/wp-content\/uploads\/2016\/11\/abonnez-768x212.jpg 768w, https:\/\/scrat-tech.fr\/wp-content\/uploads\/2016\/11\/abonnez.jpg 1631w\" sizes=\"(max-width: 400px) 100vw, 400px\" \/><\/a><em><span style=\"color: #808080;\">Click here to subscribe and support me, it costs you nothing and makes me happy \ud83d\ude42<\/span><\/em><\/p>\n<p style=\"text-align: left;\">Root is absolutely not required for this application and having a wallpaper of this type pushes Android customization even further. It is compatible with almost all phones. The principle is very simple, you download the Speaker application and install it, once this is done you simply have to launch it, and set Speaker as a dynamic wallpaper for your phone. Then go to the settings to customize it as you wish.<\/p>\n<p style=\"text-align: left;\">You will be able to completely customize the appearance or select a ready-made theme.<br \/>\nChoose the number of speakers and the format (1 large speaker,\u00a0<em>2 large speakers, 1 large and a tweeter<\/em>), then the box style (<em>wood, metal, plastic, carbon fiber...<\/em>), then customize the membrane and the appearance of the speaker as well as the tweeter and then define whether or not you want to activate the animation of the latter (<em>membrane that vibrates according to the sound<\/em>). One option is to make the membrane vibrate randomly even when no sound is playing on the phone. You can also add animated round waves coming out of the speaker to animate it even more and then customize their color.<\/p>\n<p style=\"text-align: left;\">It is then possible to add sound bars at the bottom of the screen that will also animate according to the sounds played by the phone. They are also fully customizable, choose their color (<em>it is possible to use a gradient<\/em>), opacity, add plots or not (<em>caps<\/em>) which will be drawn up above each bar and fall back down (<em>if you check the &quot;free&quot; option<\/em>&quot;), it is also possible to change the color to a simple color or a gradient, or even the falloff speed, to modify its appearance (<em>solid bars or assemblies of small bars<\/em>) and finally choose whether or not you want them to animate randomly without being reactive to the music.<\/p>\n<p style=\"text-align: left;\">Of course, you can set the live wallpaper for both the home screen and the lock screen, or both, it&#039;s up to you!<\/p>\n<p style=\"text-align: left;\"><em>To do the same on your PC, click <strong><a href=\"https:\/\/\/en\/tutoriels-windows\/fond-decran-anime-reactif-musique\/\" target=\"_blank\">ICI <\/a><\/strong>if you are interested.<\/em><\/p>\n<p style=\"text-align: left;\"><strong>You will need the Speaker app which can be downloaded at <a href=\"http:\/\/www.clictune.com\/id=570350\" target=\"_blank\">THIS LINK<\/a> or simply by following the link in the video description on YouTube.<\/strong><\/p>\n<p><iframe width=\"800\" height=\"450\" src=\"https:\/\/www.youtube.com\/embed\/Hh8tMzjvk8I?feature=oembed\" frameborder=\"0\" allowfullscreen><\/iframe><\/p>","protected":false},"excerpt":{"rendered":"<p>A live wallpaper is cool, but it&#039;s even better when it reacts to the sound of the music being played! With a single, simple application, you can have a live wallpaper with speakers and sound bars on your phone\/tablet screen [\u2026]<\/p>","protected":false},"author":2,"featured_media":0,"parent":37,"menu_order":0,"comment_status":"closed","ping_status":"open","template":"","meta":{"footnotes":""},"class_list":["post-501","page","type-page","status-publish","hentry"],"yoast_head":"<!-- This site is optimized with the Yoast SEO Premium plugin v24.4 (Yoast SEO v24.4) - https:\/\/yoast.com\/wordpress\/plugins\/seo\/ -->\n<title>Fond d&#039;\u00e9cran anim\u00e9 r\u00e9actif au son de la musique sur ANDROID facilement<\/title>\n<meta name=\"description\" content=\"D\u00e9finissez un fond d&#039;\u00e9cran anim\u00e9 r\u00e9actif au son de la musique ou tout autres sons de votre appareil. Ajoutez y et personnalisez ce que vous voulez dessus !\" \/>\n<meta name=\"robots\" content=\"index, follow, max-snippet:-1, max-image-preview:large, max-video-preview:-1\" \/>\n<link rel=\"canonical\" href=\"https:\/\/scrat-tech.fr\/en\/android\/reactive-anime-wallpaper-music\/\" \/>\n<meta name=\"twitter:card\" content=\"summary_large_image\" \/>\n<meta name=\"twitter:title\" content=\"Fond d&#039;\u00e9cran anim\u00e9 r\u00e9actif au son de la musique sur ANDROID facilement\" \/>\n<meta name=\"twitter:description\" content=\"D\u00e9finissez un fond d&#039;\u00e9cran anim\u00e9 r\u00e9actif au son de la musique ou tout autres sons de votre appareil. Ajoutez y et personnalisez ce que vous voulez dessus !\" \/>\n<meta name=\"twitter:image\" content=\"https:\/\/scrat-tech.fr\/wp-content\/uploads\/2016\/11\/abonnez-1024x283.jpg\" \/>\n<meta name=\"twitter:site\" content=\"@SCRAT_Rider\" \/>\n<meta name=\"twitter:label1\" content=\"Est. reading time\" \/>\n\t<meta name=\"twitter:data1\" content=\"3 minutes\" \/>\n<script type=\"application\/ld+json\" class=\"yoast-schema-graph\">{\"@context\":\"https:\/\/schema.org\",\"@graph\":[{\"@type\":\"WebPage\",\"@id\":\"https:\/\/scrat-tech.fr\/android\/fond-decran-anime-reactif-musique\/\",\"url\":\"https:\/\/scrat-tech.fr\/android\/fond-decran-anime-reactif-musique\/\",\"name\":\"Fond d'\u00e9cran anim\u00e9 r\u00e9actif au son de la musique sur ANDROID facilement\",\"isPartOf\":{\"@id\":\"https:\/\/scrat-tech.fr\/#website\"},\"primaryImageOfPage\":{\"@id\":\"https:\/\/scrat-tech.fr\/android\/fond-decran-anime-reactif-musique\/#primaryimage\"},\"image\":{\"@id\":\"https:\/\/scrat-tech.fr\/android\/fond-decran-anime-reactif-musique\/#primaryimage\"},\"thumbnailUrl\":\"https:\/\/scrat-tech.fr\/wp-content\/uploads\/2016\/11\/abonnez-1024x283.jpg\",\"datePublished\":\"2016-04-15T08:56:23+00:00\",\"dateModified\":\"2017-04-19T10:01:09+00:00\",\"description\":\"D\u00e9finissez un fond d'\u00e9cran anim\u00e9 r\u00e9actif au son de la musique ou tout autres sons de votre appareil. Ajoutez y et personnalisez ce que vous voulez dessus !\",\"breadcrumb\":{\"@id\":\"https:\/\/scrat-tech.fr\/android\/fond-decran-anime-reactif-musique\/#breadcrumb\"},\"inLanguage\":\"en-US\",\"potentialAction\":[{\"@type\":\"ReadAction\",\"target\":[\"https:\/\/scrat-tech.fr\/android\/fond-decran-anime-reactif-musique\/\"]}]},{\"@type\":\"ImageObject\",\"inLanguage\":\"en-US\",\"@id\":\"https:\/\/scrat-tech.fr\/android\/fond-decran-anime-reactif-musique\/#primaryimage\",\"url\":\"https:\/\/scrat-tech.fr\/wp-content\/uploads\/2016\/11\/abonnez-1024x283.jpg\",\"contentUrl\":\"https:\/\/scrat-tech.fr\/wp-content\/uploads\/2016\/11\/abonnez-1024x283.jpg\"},{\"@type\":\"BreadcrumbList\",\"@id\":\"https:\/\/scrat-tech.fr\/android\/fond-decran-anime-reactif-musique\/#breadcrumb\",\"itemListElement\":[{\"@type\":\"ListItem\",\"position\":1,\"name\":\"Accueil\",\"item\":\"https:\/\/scrat-tech.fr\/\"},{\"@type\":\"ListItem\",\"position\":2,\"name\":\"Android\",\"item\":\"https:\/\/www.scrat-tech.fr\/en\/android\/\"},{\"@type\":\"ListItem\",\"position\":3,\"name\":\"Fond d&rsquo;\u00e9cran anim\u00e9 r\u00e9actif \u00e0 la musique\"}]},{\"@type\":\"WebSite\",\"@id\":\"https:\/\/scrat-tech.fr\/#website\",\"url\":\"https:\/\/scrat-tech.fr\/\",\"name\":\"SCRAT\",\"description\":\"\",\"publisher\":{\"@id\":\"https:\/\/scrat-tech.fr\/#organization\"},\"potentialAction\":[{\"@type\":\"SearchAction\",\"target\":{\"@type\":\"EntryPoint\",\"urlTemplate\":\"https:\/\/scrat-tech.fr\/?s={search_term_string}\"},\"query-input\":{\"@type\":\"PropertyValueSpecification\",\"valueRequired\":true,\"valueName\":\"search_term_string\"}}],\"inLanguage\":\"en-US\"},{\"@type\":\"Organization\",\"@id\":\"https:\/\/scrat-tech.fr\/#organization\",\"name\":\"SCRAT\",\"url\":\"https:\/\/scrat-tech.fr\/\",\"logo\":{\"@type\":\"ImageObject\",\"inLanguage\":\"en-US\",\"@id\":\"https:\/\/scrat-tech.fr\/#\/schema\/logo\/image\/\",\"url\":\"https:\/\/scrat-tech.fr\/wp-content\/uploads\/2024\/10\/cropped-tuyu_monte.png\",\"contentUrl\":\"https:\/\/scrat-tech.fr\/wp-content\/uploads\/2024\/10\/cropped-tuyu_monte.png\",\"width\":512,\"height\":512,\"caption\":\"SCRAT\"},\"image\":{\"@id\":\"https:\/\/scrat-tech.fr\/#\/schema\/logo\/image\/\"},\"sameAs\":[\"https:\/\/www.facebook.com\/ScratRider\/\",\"https:\/\/x.com\/SCRAT_Rider\",\"https:\/\/instagram.com\/scrat_rider\",\"https:\/\/youtube.com\/c\/SCRAT\"]}]}<\/script>\n<!-- \/ Yoast SEO Premium plugin. -->","yoast_head_json":{"title":"Live wallpaper responsive to music sound on ANDROID easily","description":"Set a live wallpaper that reacts to the sound of music or any other sounds on your device. Add and customize whatever you want on it!","robots":{"index":"index","follow":"follow","max-snippet":"max-snippet:-1","max-image-preview":"max-image-preview:large","max-video-preview":"max-video-preview:-1"},"canonical":"https:\/\/scrat-tech.fr\/en\/android\/reactive-anime-wallpaper-music\/","twitter_card":"summary_large_image","twitter_title":"Fond d'\u00e9cran anim\u00e9 r\u00e9actif au son de la musique sur ANDROID facilement","twitter_description":"D\u00e9finissez un fond d'\u00e9cran anim\u00e9 r\u00e9actif au son de la musique ou tout autres sons de votre appareil. Ajoutez y et personnalisez ce que vous voulez dessus !","twitter_image":"https:\/\/scrat-tech.fr\/wp-content\/uploads\/2016\/11\/abonnez-1024x283.jpg","twitter_site":"@SCRAT_Rider","twitter_misc":{"Est. reading time":"3 minutes"},"schema":{"@context":"https:\/\/schema.org","@graph":[{"@type":"WebPage","@id":"https:\/\/scrat-tech.fr\/android\/fond-decran-anime-reactif-musique\/","url":"https:\/\/scrat-tech.fr\/android\/fond-decran-anime-reactif-musique\/","name":"Live wallpaper responsive to music sound on ANDROID easily","isPartOf":{"@id":"https:\/\/scrat-tech.fr\/#website"},"primaryImageOfPage":{"@id":"https:\/\/scrat-tech.fr\/android\/fond-decran-anime-reactif-musique\/#primaryimage"},"image":{"@id":"https:\/\/scrat-tech.fr\/android\/fond-decran-anime-reactif-musique\/#primaryimage"},"thumbnailUrl":"https:\/\/scrat-tech.fr\/wp-content\/uploads\/2016\/11\/abonnez-1024x283.jpg","datePublished":"2016-04-15T08:56:23+00:00","dateModified":"2017-04-19T10:01:09+00:00","description":"Set a live wallpaper that reacts to the sound of music or any other sounds on your device. Add and customize whatever you want on it!","breadcrumb":{"@id":"https:\/\/scrat-tech.fr\/android\/fond-decran-anime-reactif-musique\/#breadcrumb"},"inLanguage":"en-US","potentialAction":[{"@type":"ReadAction","target":["https:\/\/scrat-tech.fr\/android\/fond-decran-anime-reactif-musique\/"]}]},{"@type":"ImageObject","inLanguage":"en-US","@id":"https:\/\/scrat-tech.fr\/android\/fond-decran-anime-reactif-musique\/#primaryimage","url":"https:\/\/scrat-tech.fr\/wp-content\/uploads\/2016\/11\/abonnez-1024x283.jpg","contentUrl":"https:\/\/scrat-tech.fr\/wp-content\/uploads\/2016\/11\/abonnez-1024x283.jpg"},{"@type":"BreadcrumbList","@id":"https:\/\/scrat-tech.fr\/android\/fond-decran-anime-reactif-musique\/#breadcrumb","itemListElement":[{"@type":"ListItem","position":1,"name":"Accueil","item":"https:\/\/scrat-tech.fr\/"},{"@type":"ListItem","position":2,"name":"Android","item":"https:\/\/www.scrat-tech.fr\/en\/android\/"},{"@type":"ListItem","position":3,"name":"Fond d&rsquo;\u00e9cran anim\u00e9 r\u00e9actif \u00e0 la musique"}]},{"@type":"WebSite","@id":"https:\/\/scrat-tech.fr\/#website","url":"https:\/\/scrat-tech.fr\/","name":"SCRAT","description":"","publisher":{"@id":"https:\/\/scrat-tech.fr\/#organization"},"potentialAction":[{"@type":"SearchAction","target":{"@type":"EntryPoint","urlTemplate":"https:\/\/scrat-tech.fr\/?s={search_term_string}"},"query-input":{"@type":"PropertyValueSpecification","valueRequired":true,"valueName":"search_term_string"}}],"inLanguage":"en-US"},{"@type":"Organization","@id":"https:\/\/scrat-tech.fr\/#organization","name":"SCRAT","url":"https:\/\/scrat-tech.fr\/","logo":{"@type":"ImageObject","inLanguage":"en-US","@id":"https:\/\/scrat-tech.fr\/#\/schema\/logo\/image\/","url":"https:\/\/scrat-tech.fr\/wp-content\/uploads\/2024\/10\/cropped-tuyu_monte.png","contentUrl":"https:\/\/scrat-tech.fr\/wp-content\/uploads\/2024\/10\/cropped-tuyu_monte.png","width":512,"height":512,"caption":"SCRAT"},"image":{"@id":"https:\/\/scrat-tech.fr\/#\/schema\/logo\/image\/"},"sameAs":["https:\/\/www.facebook.com\/ScratRider\/","https:\/\/x.com\/SCRAT_Rider","https:\/\/instagram.com\/scrat_rider","https:\/\/youtube.com\/c\/SCRAT"]}]}},"_links":{"self":[{"href":"https:\/\/scrat-tech.fr\/en\/wp-json\/wp\/v2\/pages\/501","targetHints":{"allow":["GET"]}}],"collection":[{"href":"https:\/\/scrat-tech.fr\/en\/wp-json\/wp\/v2\/pages"}],"about":[{"href":"https:\/\/scrat-tech.fr\/en\/wp-json\/wp\/v2\/types\/page"}],"author":[{"embeddable":true,"href":"https:\/\/scrat-tech.fr\/en\/wp-json\/wp\/v2\/users\/2"}],"replies":[{"embeddable":true,"href":"https:\/\/scrat-tech.fr\/en\/wp-json\/wp\/v2\/comments?post=501"}],"version-history":[{"count":0,"href":"https:\/\/scrat-tech.fr\/en\/wp-json\/wp\/v2\/pages\/501\/revisions"}],"up":[{"embeddable":true,"href":"https:\/\/scrat-tech.fr\/en\/wp-json\/wp\/v2\/pages\/37"}],"wp:attachment":[{"href":"https:\/\/scrat-tech.fr\/en\/wp-json\/wp\/v2\/media?parent=501"}],"curies":[{"name":"wp","href":"https:\/\/api.w.org\/{rel}","templated":true}]}}