{"id":489,"date":"2016-04-15T10:38:20","date_gmt":"2016-04-15T08:38:20","guid":{"rendered":"https:\/?page_id=489"},"modified":"2017-03-22T15:06:19","modified_gmt":"2017-03-22T13:06:19","slug":"use-phone-keyboard-mouse","status":"publish","type":"page","link":"https:\/\/scrat-tech.fr\/en\/android\/use-phone-keyboard-mouse\/","title":{"rendered":"Using your phone\/tablet as a keyboard\/mouse"},"content":{"rendered":"<h3 style=\"text-align: center;\"><strong>Need a wireless keyboard\/mouse kit fast and for free? Why not use your phone instead? Because yes, it is absolutely possible!<\/strong><\/h3>\n<p style=\"text-align: left;\">So not only does this trick work with an Android device whether it&#039;s a tablet or a phone, but you can do the same by turning an Ipad or an Iphone into a keyboard\/mouse.<\/p>\n<p style=\"text-align: center;\"><a href=\"http:\/\/www.youtube.com\/user\/game682400?sub_confirmation=1\" target=\"_blank\"><img decoding=\"async\" class=\"aligncenter wp-image-1766\" src=\"https:\/\/scrat-tech.fr\/wp-content\/uploads\/2016\/11\/abonnez-1024x283.jpg\" width=\"400\" height=\"110\" srcset=\"https:\/\/scrat-tech.fr\/wp-content\/uploads\/2016\/11\/abonnez-1024x283.jpg 1024w, https:\/\/scrat-tech.fr\/wp-content\/uploads\/2016\/11\/abonnez-600x166.jpg 600w, https:\/\/scrat-tech.fr\/wp-content\/uploads\/2016\/11\/abonnez-300x83.jpg 300w, https:\/\/scrat-tech.fr\/wp-content\/uploads\/2016\/11\/abonnez-768x212.jpg 768w, https:\/\/scrat-tech.fr\/wp-content\/uploads\/2016\/11\/abonnez.jpg 1631w\" sizes=\"(max-width: 400px) 100vw, 400px\" \/><\/a><em><span style=\"color: #808080;\">Click here to subscribe and support me, it costs you nothing and makes me happy \ud83d\ude42<\/span><\/em><\/p>\n<p>Control your PC with your Android or IOS phone or tablet in real time by transforming them into a keyboard\/mouse kit easily and for free! Everything is obviously done wirelessly.<\/p>\n<p>As for the keyboard, it will simply be a keyboard a bit like on your phone while for the mouse the phone will serve as a touch pad (<em>flat touch platform found on all laptops<\/em>).<\/p>\n<p>For this to work properly, you must of course install a small, very light software on your PC as well as an application dependent on each device, all the links are obviously given below as usual.<\/p>\n<p>Other options are available with this application but are not necessarily all free, but of course the one that interests us is!<\/p>\n<p><strong>In any case, whatever your device, you will need the small PC software that can be downloaded from <a href=\"http:\/\/www.clictune.com\/id=588446\" target=\"_blank\">THIS LINK<\/a> then you will need the application compatible with your device. For an Android smartphone or tablet follow <a href=\"http:\/\/www.clictune.com\/id=588448\" target=\"_blank\">THIS LINK<\/a>, for an iPhone click <a href=\"http:\/\/www.clictune.com\/id=588449\" target=\"_blank\">ICI<\/a> or for an Ipad <a href=\"http:\/\/www.clictune.com\/id=588450\" target=\"_blank\">ICI<\/a>, or just follow the links in the video description on YouTube.<\/strong><\/p>\n<p><iframe width=\"800\" height=\"450\" src=\"https:\/\/www.youtube.com\/embed\/bK3sENjN200?feature=oembed\" frameborder=\"0\" allowfullscreen><\/iframe><\/p>","protected":false},"excerpt":{"rendered":"<p>Besoin d&rsquo;un kit clavier \/ souris sans fil rapidement et gratuitement ? Pourquoi ne pas utiliser votre t\u00e9l\u00e9phone \u00e0 la place ? Car oui c&rsquo;est tout \u00e0 fait possible ! Alors non seulement cette astuce fonctionne avec un appareil Android que ce soit une tablette ou un t\u00e9l\u00e9phone, mais vous pouvez faire de m\u00eame en [&hellip;]<\/p>","protected":false},"author":2,"featured_media":0,"parent":37,"menu_order":0,"comment_status":"closed","ping_status":"open","template":"","meta":{"footnotes":""},"class_list":["post-489","page","type-page","status-publish","hentry"],"yoast_head":"<!-- This site is optimized with the Yoast SEO Premium plugin v24.4 (Yoast SEO v24.4) - https:\/\/yoast.com\/wordpress\/plugins\/seo\/ -->\n<title>Utiliser son T\u00e9l\u00e9phone \/ Tablette en tant que Clavier \/ Souris sans fil sur PC<\/title>\n<meta name=\"description\" content=\"Faites de votre t\u00e9l\u00e9phone ou tablette un kit clavier \/ souris sans fil pour votre PC. Compatible avec Android et IOS, sans root et gratuitement.\" \/>\n<meta name=\"robots\" content=\"index, follow, max-snippet:-1, max-image-preview:large, max-video-preview:-1\" \/>\n<link rel=\"canonical\" href=\"https:\/\/www.scrat-tech.fr\/en\/android\/use-phone-keyboard-mouse\/\" \/>\n<meta name=\"twitter:card\" content=\"summary_large_image\" \/>\n<meta name=\"twitter:title\" content=\"Utiliser son T\u00e9l\u00e9phone \/ Tablette en tant que Clavier \/ Souris sans fil sur PC\" \/>\n<meta name=\"twitter:description\" content=\"Faites de votre t\u00e9l\u00e9phone ou tablette un kit clavier \/ souris sans fil pour votre PC. Compatible avec Android et IOS, sans root et gratuitement.\" \/>\n<meta name=\"twitter:image\" content=\"https:\/\/scrat-tech.fr\/wp-content\/uploads\/2016\/11\/abonnez-1024x283.jpg\" \/>\n<meta name=\"twitter:site\" content=\"@SCRAT_Rider\" \/>\n<meta name=\"twitter:label1\" content=\"Est. reading time\" \/>\n\t<meta name=\"twitter:data1\" content=\"1 minute\" \/>\n<script type=\"application\/ld+json\" class=\"yoast-schema-graph\">{\"@context\":\"https:\/\/schema.org\",\"@graph\":[{\"@type\":\"WebPage\",\"@id\":\"https:\/\/www.scrat-tech.fr\/en\/android\/use-phone-keyboard-mouse\/\",\"url\":\"https:\/\/www.scrat-tech.fr\/en\/android\/use-phone-keyboard-mouse\/\",\"name\":\"Utiliser son T\u00e9l\u00e9phone \/ Tablette en tant que Clavier \/ Souris sans fil sur PC\",\"isPartOf\":{\"@id\":\"https:\/\/scrat-tech.fr\/#website\"},\"primaryImageOfPage\":{\"@id\":\"https:\/\/www.scrat-tech.fr\/en\/android\/use-phone-keyboard-mouse\/#primaryimage\"},\"image\":{\"@id\":\"https:\/\/www.scrat-tech.fr\/en\/android\/use-phone-keyboard-mouse\/#primaryimage\"},\"thumbnailUrl\":\"https:\/\/scrat-tech.fr\/wp-content\/uploads\/2016\/11\/abonnez-1024x283.jpg\",\"datePublished\":\"2016-04-15T08:38:20+00:00\",\"dateModified\":\"2017-03-22T13:06:19+00:00\",\"description\":\"Faites de votre t\u00e9l\u00e9phone ou tablette un kit clavier \/ souris sans fil pour votre PC. Compatible avec Android et IOS, sans root et gratuitement.\",\"breadcrumb\":{\"@id\":\"https:\/\/www.scrat-tech.fr\/en\/android\/use-phone-keyboard-mouse\/#breadcrumb\"},\"inLanguage\":\"en-US\",\"potentialAction\":[{\"@type\":\"ReadAction\",\"target\":[\"https:\/\/www.scrat-tech.fr\/en\/android\/use-phone-keyboard-mouse\/\"]}]},{\"@type\":\"ImageObject\",\"inLanguage\":\"en-US\",\"@id\":\"https:\/\/www.scrat-tech.fr\/en\/android\/use-phone-keyboard-mouse\/#primaryimage\",\"url\":\"https:\/\/scrat-tech.fr\/wp-content\/uploads\/2016\/11\/abonnez-1024x283.jpg\",\"contentUrl\":\"https:\/\/scrat-tech.fr\/wp-content\/uploads\/2016\/11\/abonnez-1024x283.jpg\"},{\"@type\":\"BreadcrumbList\",\"@id\":\"https:\/\/www.scrat-tech.fr\/en\/android\/use-phone-keyboard-mouse\/#breadcrumb\",\"itemListElement\":[{\"@type\":\"ListItem\",\"position\":1,\"name\":\"Accueil\",\"item\":\"https:\/\/scrat-tech.fr\/\"},{\"@type\":\"ListItem\",\"position\":2,\"name\":\"Android\",\"item\":\"https:\/\/www.scrat-tech.fr\/en\/android\/\"},{\"@type\":\"ListItem\",\"position\":3,\"name\":\"Utiliser son t\u00e9l\u00e9phone \/ tablette comme clavier \/ souris\"}]},{\"@type\":\"WebSite\",\"@id\":\"https:\/\/scrat-tech.fr\/#website\",\"url\":\"https:\/\/scrat-tech.fr\/\",\"name\":\"SCRAT\",\"description\":\"\",\"publisher\":{\"@id\":\"https:\/\/scrat-tech.fr\/#organization\"},\"potentialAction\":[{\"@type\":\"SearchAction\",\"target\":{\"@type\":\"EntryPoint\",\"urlTemplate\":\"https:\/\/scrat-tech.fr\/?s={search_term_string}\"},\"query-input\":{\"@type\":\"PropertyValueSpecification\",\"valueRequired\":true,\"valueName\":\"search_term_string\"}}],\"inLanguage\":\"en-US\"},{\"@type\":\"Organization\",\"@id\":\"https:\/\/scrat-tech.fr\/#organization\",\"name\":\"SCRAT\",\"url\":\"https:\/\/scrat-tech.fr\/\",\"logo\":{\"@type\":\"ImageObject\",\"inLanguage\":\"en-US\",\"@id\":\"https:\/\/scrat-tech.fr\/#\/schema\/logo\/image\/\",\"url\":\"https:\/\/scrat-tech.fr\/wp-content\/uploads\/2024\/10\/cropped-tuyu_monte.png\",\"contentUrl\":\"https:\/\/scrat-tech.fr\/wp-content\/uploads\/2024\/10\/cropped-tuyu_monte.png\",\"width\":512,\"height\":512,\"caption\":\"SCRAT\"},\"image\":{\"@id\":\"https:\/\/scrat-tech.fr\/#\/schema\/logo\/image\/\"},\"sameAs\":[\"https:\/\/www.facebook.com\/ScratRider\/\",\"https:\/\/x.com\/SCRAT_Rider\",\"https:\/\/instagram.com\/scrat_rider\",\"https:\/\/youtube.com\/c\/SCRAT\"]}]}<\/script>\n<!-- \/ Yoast SEO Premium plugin. -->","yoast_head_json":{"title":"Use your Phone\/Tablet as a Wireless Keyboard\/Mouse on PC","description":"Turn your phone or tablet into a wireless keyboard\/mouse kit for your PC. Compatible with Android and IOS, no root and free.","robots":{"index":"index","follow":"follow","max-snippet":"max-snippet:-1","max-image-preview":"max-image-preview:large","max-video-preview":"max-video-preview:-1"},"canonical":"https:\/\/www.scrat-tech.fr\/en\/android\/use-phone-keyboard-mouse\/","twitter_card":"summary_large_image","twitter_title":"Utiliser son T\u00e9l\u00e9phone \/ Tablette en tant que Clavier \/ Souris sans fil sur PC","twitter_description":"Faites de votre t\u00e9l\u00e9phone ou tablette un kit clavier \/ souris sans fil pour votre PC. Compatible avec Android et IOS, sans root et gratuitement.","twitter_image":"https:\/\/scrat-tech.fr\/wp-content\/uploads\/2016\/11\/abonnez-1024x283.jpg","twitter_site":"@SCRAT_Rider","twitter_misc":{"Est. reading time":"1 minute"},"schema":{"@context":"https:\/\/schema.org","@graph":[{"@type":"WebPage","@id":"https:\/\/www.scrat-tech.fr\/en\/android\/use-phone-keyboard-mouse\/","url":"https:\/\/www.scrat-tech.fr\/en\/android\/use-phone-keyboard-mouse\/","name":"Use your Phone\/Tablet as a Wireless Keyboard\/Mouse on PC","isPartOf":{"@id":"https:\/\/scrat-tech.fr\/#website"},"primaryImageOfPage":{"@id":"https:\/\/www.scrat-tech.fr\/en\/android\/use-phone-keyboard-mouse\/#primaryimage"},"image":{"@id":"https:\/\/www.scrat-tech.fr\/en\/android\/use-phone-keyboard-mouse\/#primaryimage"},"thumbnailUrl":"https:\/\/scrat-tech.fr\/wp-content\/uploads\/2016\/11\/abonnez-1024x283.jpg","datePublished":"2016-04-15T08:38:20+00:00","dateModified":"2017-03-22T13:06:19+00:00","description":"Turn your phone or tablet into a wireless keyboard\/mouse kit for your PC. Compatible with Android and IOS, no root and free.","breadcrumb":{"@id":"https:\/\/www.scrat-tech.fr\/en\/android\/use-phone-keyboard-mouse\/#breadcrumb"},"inLanguage":"en-US","potentialAction":[{"@type":"ReadAction","target":["https:\/\/www.scrat-tech.fr\/en\/android\/use-phone-keyboard-mouse\/"]}]},{"@type":"ImageObject","inLanguage":"en-US","@id":"https:\/\/www.scrat-tech.fr\/en\/android\/use-phone-keyboard-mouse\/#primaryimage","url":"https:\/\/scrat-tech.fr\/wp-content\/uploads\/2016\/11\/abonnez-1024x283.jpg","contentUrl":"https:\/\/scrat-tech.fr\/wp-content\/uploads\/2016\/11\/abonnez-1024x283.jpg"},{"@type":"BreadcrumbList","@id":"https:\/\/www.scrat-tech.fr\/en\/android\/use-phone-keyboard-mouse\/#breadcrumb","itemListElement":[{"@type":"ListItem","position":1,"name":"Accueil","item":"https:\/\/scrat-tech.fr\/"},{"@type":"ListItem","position":2,"name":"Android","item":"https:\/\/www.scrat-tech.fr\/en\/android\/"},{"@type":"ListItem","position":3,"name":"Utiliser son t\u00e9l\u00e9phone \/ tablette comme clavier \/ souris"}]},{"@type":"WebSite","@id":"https:\/\/scrat-tech.fr\/#website","url":"https:\/\/scrat-tech.fr\/","name":"SCRAT","description":"","publisher":{"@id":"https:\/\/scrat-tech.fr\/#organization"},"potentialAction":[{"@type":"SearchAction","target":{"@type":"EntryPoint","urlTemplate":"https:\/\/scrat-tech.fr\/?s={search_term_string}"},"query-input":{"@type":"PropertyValueSpecification","valueRequired":true,"valueName":"search_term_string"}}],"inLanguage":"en-US"},{"@type":"Organization","@id":"https:\/\/scrat-tech.fr\/#organization","name":"SCRAT","url":"https:\/\/scrat-tech.fr\/","logo":{"@type":"ImageObject","inLanguage":"en-US","@id":"https:\/\/scrat-tech.fr\/#\/schema\/logo\/image\/","url":"https:\/\/scrat-tech.fr\/wp-content\/uploads\/2024\/10\/cropped-tuyu_monte.png","contentUrl":"https:\/\/scrat-tech.fr\/wp-content\/uploads\/2024\/10\/cropped-tuyu_monte.png","width":512,"height":512,"caption":"SCRAT"},"image":{"@id":"https:\/\/scrat-tech.fr\/#\/schema\/logo\/image\/"},"sameAs":["https:\/\/www.facebook.com\/ScratRider\/","https:\/\/x.com\/SCRAT_Rider","https:\/\/instagram.com\/scrat_rider","https:\/\/youtube.com\/c\/SCRAT"]}]}},"_links":{"self":[{"href":"https:\/\/scrat-tech.fr\/en\/wp-json\/wp\/v2\/pages\/489","targetHints":{"allow":["GET"]}}],"collection":[{"href":"https:\/\/scrat-tech.fr\/en\/wp-json\/wp\/v2\/pages"}],"about":[{"href":"https:\/\/scrat-tech.fr\/en\/wp-json\/wp\/v2\/types\/page"}],"author":[{"embeddable":true,"href":"https:\/\/scrat-tech.fr\/en\/wp-json\/wp\/v2\/users\/2"}],"replies":[{"embeddable":true,"href":"https:\/\/scrat-tech.fr\/en\/wp-json\/wp\/v2\/comments?post=489"}],"version-history":[{"count":0,"href":"https:\/\/scrat-tech.fr\/en\/wp-json\/wp\/v2\/pages\/489\/revisions"}],"up":[{"embeddable":true,"href":"https:\/\/scrat-tech.fr\/en\/wp-json\/wp\/v2\/pages\/37"}],"wp:attachment":[{"href":"https:\/\/scrat-tech.fr\/en\/wp-json\/wp\/v2\/media?parent=489"}],"curies":[{"name":"wp","href":"https:\/\/api.w.org\/{rel}","templated":true}]}}