{"id":484,"date":"2016-04-15T10:28:34","date_gmt":"2016-04-15T08:28:34","guid":{"rendered":"https:\/?page_id=484"},"modified":"2017-03-22T15:21:33","modified_gmt":"2017-03-22T13:21:33","slug":"use-android-usb-devices","status":"publish","type":"page","link":"https:\/\/scrat-tech.fr\/en\/android\/use-android-usb-devices\/","title":{"rendered":"Using all USB devices on Android"},"content":{"rendered":"<h3 style=\"text-align: center;\"><strong>Did you know that you can connect anything that usually connects to a PC to your phone\/tablet? You can use a USB stick, a hard drive, a keyboard, a mouse...<\/strong><\/h3>\n<p style=\"text-align: left;\">A simple USB OTG cable (<em>found in video description<\/em>) is enough to turn your phone into a real PC!<\/p>\n<p style=\"text-align: center;\"><a href=\"http:\/\/www.youtube.com\/user\/game682400?sub_confirmation=1\" target=\"_blank\"><img decoding=\"async\" class=\"aligncenter wp-image-1766\" src=\"https:\/\/scrat-tech.fr\/wp-content\/uploads\/2016\/11\/abonnez-1024x283.jpg\" width=\"400\" height=\"110\" srcset=\"https:\/\/scrat-tech.fr\/wp-content\/uploads\/2016\/11\/abonnez-1024x283.jpg 1024w, https:\/\/scrat-tech.fr\/wp-content\/uploads\/2016\/11\/abonnez-600x166.jpg 600w, https:\/\/scrat-tech.fr\/wp-content\/uploads\/2016\/11\/abonnez-300x83.jpg 300w, https:\/\/scrat-tech.fr\/wp-content\/uploads\/2016\/11\/abonnez-768x212.jpg 768w, https:\/\/scrat-tech.fr\/wp-content\/uploads\/2016\/11\/abonnez.jpg 1631w\" sizes=\"(max-width: 400px) 100vw, 400px\" \/><\/a><em><span style=\"color: #808080;\">Click here to subscribe and support me, it costs you nothing and makes me happy \ud83d\ude42<\/span><\/em><\/p>\n<p style=\"text-align: left;\">The principle of this tip is to be able to plug and use any USB device on your Android phone\/tablet without root and very simply.<\/p>\n<p style=\"text-align: left;\">It may be useful to connect your USB key or hard drive to it in order to save a little space by transferring your photos and videos using a file explorer (<em>the basic one integrated into your device or one downloadable from the PlayStore<\/em>). You can also connect a PC USB headset to it to have a much better sound than with a pair of headphones when you listen to music. Or you can connect a console controller if it is compatible to be able to play your favorite games with it! But these are just examples, you can really connect whatever you want to your Android thanks to this simple cable!<\/p>\n<p style=\"text-align: left;\"><strong>Here are some examples of what you can use and things I&#039;ve tried:<\/strong><br \/>\n<em>\u25ba PC USB headset (great sound!)<\/em><br \/>\n<em> \u25ba USB key (IMPERATIVELY formatted in FAT32)<\/em><br \/>\n<em> \u25ba Hard drive (IMPERATIVELY formatted in FAT32)<\/em><br \/>\n<em> \u25ba PS3 Controller (compatible with Sony Xperia Z series)<\/em><br \/>\n<em> \u25ba Wireless \/ Wired Mouse<\/em><br \/>\n<em> \u25ba Wireless \/ Wired Keyboard<\/em><br \/>\n<em> \u25ba Home cinema \/ car radio USB input<\/em><br \/>\n<em> \u25ba USB laser pointer<\/em><\/p>\n<p style=\"text-align: left;\">I insist on the point that to use a storage device it must be imperatively formatted in <strong>FAT32<\/strong> to be recognized and usable on the phone. If you connect for example a hard drive that is not in <strong>FAT32\u00a0<\/strong>(<em>most hard drives are in NTFS format<\/em>), it will spin and flash but you won&#039;t be able to read any data, it will just consume the phone&#039;s power and nothing else.<\/p>\n<p style=\"text-align: left;\"><strong>If you are interested in being able to connect everything this way to your Android devices you can get a USB OTG cable on Amazon at <a href=\"http:\/\/www.clictune.com\/id=590909\" target=\"_blank\">THIS LINK<\/a>or simply follow the link in the video description on YouTube.<\/strong><\/p>\n<p><iframe width=\"800\" height=\"450\" src=\"https:\/\/www.youtube.com\/embed\/MNu3AVoxTq8?feature=oembed\" frameborder=\"0\" allowfullscreen><\/iframe><\/p>","protected":false},"excerpt":{"rendered":"<p>Savez-vous qu&rsquo;il est possible de brancher tout ce qui se branche habituellement sur un PC sur son t\u00e9l\u00e9phone \/ tablette ? Vous pouvez utiliser une cl\u00e9 USB, un disque dur, un clavier, une souris&#8230;. Un simple c\u00e2ble USB OTG (trouvable en description de la vid\u00e9o) suffit \u00e0 transformer votre t\u00e9l\u00e9phone en vrai PC ! Cliquez [&hellip;]<\/p>","protected":false},"author":2,"featured_media":0,"parent":37,"menu_order":0,"comment_status":"closed","ping_status":"open","template":"","meta":{"footnotes":""},"class_list":["post-484","page","type-page","status-publish","hentry"],"yoast_head":"<!-- This site is optimized with the Yoast SEO Premium plugin v24.4 (Yoast SEO v24.4) - https:\/\/yoast.com\/wordpress\/plugins\/seo\/ -->\n<title>Utiliser tous les p\u00e9riph\u00e9riques USB sur Android sans root | USB OTG<\/title>\n<meta name=\"description\" content=\"Brancher n&#039;importe quel p\u00e9riph\u00e9rique USB sur Android sans root est totalement possible gr\u00e2ce \u00e0 un c\u00e2ble USB OTG (casque USB, cl\u00e9 USB, disque dur, manette..)\" \/>\n<meta name=\"robots\" content=\"index, follow, max-snippet:-1, max-image-preview:large, max-video-preview:-1\" \/>\n<link rel=\"canonical\" href=\"https:\/\/scrat-tech.fr\/en\/android\/use-android-usb-devices\/\" \/>\n<meta name=\"twitter:card\" content=\"summary_large_image\" \/>\n<meta name=\"twitter:title\" content=\"Utiliser tous les p\u00e9riph\u00e9riques USB sur Android sans root | USB OTG\" \/>\n<meta name=\"twitter:description\" content=\"Brancher n&#039;importe quel p\u00e9riph\u00e9rique USB sur Android sans root est totalement possible gr\u00e2ce \u00e0 un c\u00e2ble USB OTG (casque USB, cl\u00e9 USB, disque dur, manette..)\" \/>\n<meta name=\"twitter:image\" content=\"https:\/\/scrat-tech.fr\/wp-content\/uploads\/2016\/11\/abonnez-1024x283.jpg\" \/>\n<meta name=\"twitter:site\" content=\"@SCRAT_Rider\" \/>\n<meta name=\"twitter:label1\" content=\"Est. reading time\" \/>\n\t<meta name=\"twitter:data1\" content=\"2 minutes\" \/>\n<script type=\"application\/ld+json\" class=\"yoast-schema-graph\">{\"@context\":\"https:\/\/schema.org\",\"@graph\":[{\"@type\":\"WebPage\",\"@id\":\"https:\/\/scrat-tech.fr\/android\/utiliser-peripheriques-usb-android\/\",\"url\":\"https:\/\/scrat-tech.fr\/android\/utiliser-peripheriques-usb-android\/\",\"name\":\"Utiliser tous les p\u00e9riph\u00e9riques USB sur Android sans root | USB OTG\",\"isPartOf\":{\"@id\":\"https:\/\/scrat-tech.fr\/#website\"},\"primaryImageOfPage\":{\"@id\":\"https:\/\/scrat-tech.fr\/android\/utiliser-peripheriques-usb-android\/#primaryimage\"},\"image\":{\"@id\":\"https:\/\/scrat-tech.fr\/android\/utiliser-peripheriques-usb-android\/#primaryimage\"},\"thumbnailUrl\":\"https:\/\/scrat-tech.fr\/wp-content\/uploads\/2016\/11\/abonnez-1024x283.jpg\",\"datePublished\":\"2016-04-15T08:28:34+00:00\",\"dateModified\":\"2017-03-22T13:21:33+00:00\",\"description\":\"Brancher n'importe quel p\u00e9riph\u00e9rique USB sur Android sans root est totalement possible gr\u00e2ce \u00e0 un c\u00e2ble USB OTG (casque USB, cl\u00e9 USB, disque dur, manette..)\",\"breadcrumb\":{\"@id\":\"https:\/\/scrat-tech.fr\/android\/utiliser-peripheriques-usb-android\/#breadcrumb\"},\"inLanguage\":\"en-US\",\"potentialAction\":[{\"@type\":\"ReadAction\",\"target\":[\"https:\/\/scrat-tech.fr\/android\/utiliser-peripheriques-usb-android\/\"]}]},{\"@type\":\"ImageObject\",\"inLanguage\":\"en-US\",\"@id\":\"https:\/\/scrat-tech.fr\/android\/utiliser-peripheriques-usb-android\/#primaryimage\",\"url\":\"https:\/\/scrat-tech.fr\/wp-content\/uploads\/2016\/11\/abonnez-1024x283.jpg\",\"contentUrl\":\"https:\/\/scrat-tech.fr\/wp-content\/uploads\/2016\/11\/abonnez-1024x283.jpg\"},{\"@type\":\"BreadcrumbList\",\"@id\":\"https:\/\/scrat-tech.fr\/android\/utiliser-peripheriques-usb-android\/#breadcrumb\",\"itemListElement\":[{\"@type\":\"ListItem\",\"position\":1,\"name\":\"Accueil\",\"item\":\"https:\/\/scrat-tech.fr\/\"},{\"@type\":\"ListItem\",\"position\":2,\"name\":\"Android\",\"item\":\"https:\/\/www.scrat-tech.fr\/en\/android\/\"},{\"@type\":\"ListItem\",\"position\":3,\"name\":\"Utiliser tous les p\u00e9riph\u00e9riques USB sur Android\"}]},{\"@type\":\"WebSite\",\"@id\":\"https:\/\/scrat-tech.fr\/#website\",\"url\":\"https:\/\/scrat-tech.fr\/\",\"name\":\"SCRAT\",\"description\":\"\",\"publisher\":{\"@id\":\"https:\/\/scrat-tech.fr\/#organization\"},\"potentialAction\":[{\"@type\":\"SearchAction\",\"target\":{\"@type\":\"EntryPoint\",\"urlTemplate\":\"https:\/\/scrat-tech.fr\/?s={search_term_string}\"},\"query-input\":{\"@type\":\"PropertyValueSpecification\",\"valueRequired\":true,\"valueName\":\"search_term_string\"}}],\"inLanguage\":\"en-US\"},{\"@type\":\"Organization\",\"@id\":\"https:\/\/scrat-tech.fr\/#organization\",\"name\":\"SCRAT\",\"url\":\"https:\/\/scrat-tech.fr\/\",\"logo\":{\"@type\":\"ImageObject\",\"inLanguage\":\"en-US\",\"@id\":\"https:\/\/scrat-tech.fr\/#\/schema\/logo\/image\/\",\"url\":\"https:\/\/scrat-tech.fr\/wp-content\/uploads\/2024\/10\/cropped-tuyu_monte.png\",\"contentUrl\":\"https:\/\/scrat-tech.fr\/wp-content\/uploads\/2024\/10\/cropped-tuyu_monte.png\",\"width\":512,\"height\":512,\"caption\":\"SCRAT\"},\"image\":{\"@id\":\"https:\/\/scrat-tech.fr\/#\/schema\/logo\/image\/\"},\"sameAs\":[\"https:\/\/www.facebook.com\/ScratRider\/\",\"https:\/\/x.com\/SCRAT_Rider\",\"https:\/\/instagram.com\/scrat_rider\",\"https:\/\/youtube.com\/c\/SCRAT\"]}]}<\/script>\n<!-- \/ Yoast SEO Premium plugin. -->","yoast_head_json":{"title":"Use Any USB Devices on Android Without Root | USB OTG","description":"Connecting any USB device to Android without root is totally possible with a USB OTG cable (USB headset, USB stick, hard drive, controller, etc.)","robots":{"index":"index","follow":"follow","max-snippet":"max-snippet:-1","max-image-preview":"max-image-preview:large","max-video-preview":"max-video-preview:-1"},"canonical":"https:\/\/scrat-tech.fr\/en\/android\/use-android-usb-devices\/","twitter_card":"summary_large_image","twitter_title":"Utiliser tous les p\u00e9riph\u00e9riques USB sur Android sans root | USB OTG","twitter_description":"Brancher n'importe quel p\u00e9riph\u00e9rique USB sur Android sans root est totalement possible gr\u00e2ce \u00e0 un c\u00e2ble USB OTG (casque USB, cl\u00e9 USB, disque dur, manette..)","twitter_image":"https:\/\/scrat-tech.fr\/wp-content\/uploads\/2016\/11\/abonnez-1024x283.jpg","twitter_site":"@SCRAT_Rider","twitter_misc":{"Est. reading time":"2 minutes"},"schema":{"@context":"https:\/\/schema.org","@graph":[{"@type":"WebPage","@id":"https:\/\/scrat-tech.fr\/android\/utiliser-peripheriques-usb-android\/","url":"https:\/\/scrat-tech.fr\/android\/utiliser-peripheriques-usb-android\/","name":"Use Any USB Devices on Android Without Root | USB OTG","isPartOf":{"@id":"https:\/\/scrat-tech.fr\/#website"},"primaryImageOfPage":{"@id":"https:\/\/scrat-tech.fr\/android\/utiliser-peripheriques-usb-android\/#primaryimage"},"image":{"@id":"https:\/\/scrat-tech.fr\/android\/utiliser-peripheriques-usb-android\/#primaryimage"},"thumbnailUrl":"https:\/\/scrat-tech.fr\/wp-content\/uploads\/2016\/11\/abonnez-1024x283.jpg","datePublished":"2016-04-15T08:28:34+00:00","dateModified":"2017-03-22T13:21:33+00:00","description":"Connecting any USB device to Android without root is totally possible with a USB OTG cable (USB headset, USB stick, hard drive, controller, etc.)","breadcrumb":{"@id":"https:\/\/scrat-tech.fr\/android\/utiliser-peripheriques-usb-android\/#breadcrumb"},"inLanguage":"en-US","potentialAction":[{"@type":"ReadAction","target":["https:\/\/scrat-tech.fr\/android\/utiliser-peripheriques-usb-android\/"]}]},{"@type":"ImageObject","inLanguage":"en-US","@id":"https:\/\/scrat-tech.fr\/android\/utiliser-peripheriques-usb-android\/#primaryimage","url":"https:\/\/scrat-tech.fr\/wp-content\/uploads\/2016\/11\/abonnez-1024x283.jpg","contentUrl":"https:\/\/scrat-tech.fr\/wp-content\/uploads\/2016\/11\/abonnez-1024x283.jpg"},{"@type":"BreadcrumbList","@id":"https:\/\/scrat-tech.fr\/android\/utiliser-peripheriques-usb-android\/#breadcrumb","itemListElement":[{"@type":"ListItem","position":1,"name":"Accueil","item":"https:\/\/scrat-tech.fr\/"},{"@type":"ListItem","position":2,"name":"Android","item":"https:\/\/www.scrat-tech.fr\/en\/android\/"},{"@type":"ListItem","position":3,"name":"Utiliser tous les p\u00e9riph\u00e9riques USB sur Android"}]},{"@type":"WebSite","@id":"https:\/\/scrat-tech.fr\/#website","url":"https:\/\/scrat-tech.fr\/","name":"SCRAT","description":"","publisher":{"@id":"https:\/\/scrat-tech.fr\/#organization"},"potentialAction":[{"@type":"SearchAction","target":{"@type":"EntryPoint","urlTemplate":"https:\/\/scrat-tech.fr\/?s={search_term_string}"},"query-input":{"@type":"PropertyValueSpecification","valueRequired":true,"valueName":"search_term_string"}}],"inLanguage":"en-US"},{"@type":"Organization","@id":"https:\/\/scrat-tech.fr\/#organization","name":"SCRAT","url":"https:\/\/scrat-tech.fr\/","logo":{"@type":"ImageObject","inLanguage":"en-US","@id":"https:\/\/scrat-tech.fr\/#\/schema\/logo\/image\/","url":"https:\/\/scrat-tech.fr\/wp-content\/uploads\/2024\/10\/cropped-tuyu_monte.png","contentUrl":"https:\/\/scrat-tech.fr\/wp-content\/uploads\/2024\/10\/cropped-tuyu_monte.png","width":512,"height":512,"caption":"SCRAT"},"image":{"@id":"https:\/\/scrat-tech.fr\/#\/schema\/logo\/image\/"},"sameAs":["https:\/\/www.facebook.com\/ScratRider\/","https:\/\/x.com\/SCRAT_Rider","https:\/\/instagram.com\/scrat_rider","https:\/\/youtube.com\/c\/SCRAT"]}]}},"_links":{"self":[{"href":"https:\/\/scrat-tech.fr\/en\/wp-json\/wp\/v2\/pages\/484","targetHints":{"allow":["GET"]}}],"collection":[{"href":"https:\/\/scrat-tech.fr\/en\/wp-json\/wp\/v2\/pages"}],"about":[{"href":"https:\/\/scrat-tech.fr\/en\/wp-json\/wp\/v2\/types\/page"}],"author":[{"embeddable":true,"href":"https:\/\/scrat-tech.fr\/en\/wp-json\/wp\/v2\/users\/2"}],"replies":[{"embeddable":true,"href":"https:\/\/scrat-tech.fr\/en\/wp-json\/wp\/v2\/comments?post=484"}],"version-history":[{"count":0,"href":"https:\/\/scrat-tech.fr\/en\/wp-json\/wp\/v2\/pages\/484\/revisions"}],"up":[{"embeddable":true,"href":"https:\/\/scrat-tech.fr\/en\/wp-json\/wp\/v2\/pages\/37"}],"wp:attachment":[{"href":"https:\/\/scrat-tech.fr\/en\/wp-json\/wp\/v2\/media?parent=484"}],"curies":[{"name":"wp","href":"https:\/\/api.w.org\/{rel}","templated":true}]}}