{"id":479,"date":"2016-04-15T10:07:47","date_gmt":"2016-04-15T08:07:47","guid":{"rendered":"https:\/?page_id=479"},"modified":"2017-03-21T16:53:38","modified_gmt":"2017-03-21T14:53:38","slug":"phone-microphone-tablet-pc-mac","status":"publish","type":"page","link":"https:\/\/scrat-tech.fr\/en\/android\/phone-microphone-tablet-pc-mac\/","title":{"rendered":"Use your phone\/tablet microphone on your PC\/MAC"},"content":{"rendered":"<h3 style=\"text-align: center;\"><strong>Need a rather good quality microphone (depends on your phone) and for 0\u20ac? No worries! Plus no software needed!<\/strong><\/h3>\n<p style=\"text-align: left;\">A simple Jack cable (male \/ male) and your phone or tablet are enough to have a pretty cool microphone. Know that I recorded a huge part of my videos using this method!<\/p>\n<p style=\"text-align: center;\"><a href=\"http:\/\/www.youtube.com\/user\/game682400?sub_confirmation=1\" target=\"_blank\"><img decoding=\"async\" class=\"aligncenter wp-image-1766\" src=\"https:\/\/scrat-tech.fr\/wp-content\/uploads\/2016\/11\/abonnez-1024x283.jpg\" width=\"400\" height=\"110\" srcset=\"https:\/\/scrat-tech.fr\/wp-content\/uploads\/2016\/11\/abonnez-1024x283.jpg 1024w, https:\/\/scrat-tech.fr\/wp-content\/uploads\/2016\/11\/abonnez-600x166.jpg 600w, https:\/\/scrat-tech.fr\/wp-content\/uploads\/2016\/11\/abonnez-300x83.jpg 300w, https:\/\/scrat-tech.fr\/wp-content\/uploads\/2016\/11\/abonnez-768x212.jpg 768w, https:\/\/scrat-tech.fr\/wp-content\/uploads\/2016\/11\/abonnez.jpg 1631w\" sizes=\"(max-width: 400px) 100vw, 400px\" \/><\/a><em><span style=\"color: #808080;\">Click here to subscribe and support me, it costs you nothing and makes me happy \ud83d\ude42<\/span><\/em><\/p>\n<p style=\"text-align: left;\">The sound recorded by your device of course depends on the quality of the latter depending on your device. Also note that the Jack cable also plays an important role, if it is frayed or has a bad contact the quality may be slightly deteriorated.<\/p>\n<p style=\"text-align: left;\">You can also use your laptop or tablet as a microphone on all devices that have a jack microphone input thanks to this tip.<\/p>\n<p style=\"text-align: left;\">Starting the application is nevertheless a little unusual, follow the order explained in the video to start using your microphone and avoid any problems (crackling for example).<\/p>\n<p style=\"text-align: left;\"><strong>To perform this trick you will need the Micro application which you can download <a href=\"http:\/\/www.clictune.com\/id=599458\" target=\"_blank\">ICI <\/a>as well as a male-male jack cable, if you don&#039;t have one lying around you can get one at <a href=\"http:\/\/www.clictune.com\/id=599453\" target=\"_blank\">THIS LINK<\/a>\u00a0for not too much money.<\/strong><\/p>\n<p><iframe width=\"800\" height=\"450\" src=\"https:\/\/www.youtube.com\/embed\/ebrO7jX0D4A?feature=oembed\" frameborder=\"0\" allowfullscreen><\/iframe><\/p>","protected":false},"excerpt":{"rendered":"<p>Besoin d&rsquo;un micro de plut\u00f4t bonne qualit\u00e9 (d\u00e9pend de votre t\u00e9l\u00e9phone) et pour 0\u20ac ? Pas de soucis ! En plus pas besoin de logiciel ! Un simple c\u00e2ble Jack (m\u00e2le \/ m\u00e2le) et votre t\u00e9l\u00e9phone ou tablette suffisent \u00e0 avoir un micro plut\u00f4t sympa. Sachez que j&rsquo;ai enregistr\u00e9 une \u00e9norme partie de mes vid\u00e9os [&hellip;]<\/p>","protected":false},"author":2,"featured_media":0,"parent":37,"menu_order":0,"comment_status":"closed","ping_status":"open","template":"","meta":{"footnotes":""},"class_list":["post-479","page","type-page","status-publish","hentry"],"yoast_head":"<!-- This site is optimized with the Yoast SEO Premium plugin v24.4 (Yoast SEO v24.4) - https:\/\/yoast.com\/wordpress\/plugins\/seo\/ -->\n<title>Utiliser le micro de son t\u00e9l\u00e9phone sur un PC - Mac SANS logiciel<\/title>\n<meta name=\"description\" content=\"D\u00e9couvrez comment transformer votre t\u00e9l\u00e9phone ou tablette en micro de bonne qualit\u00e9 pour votre PC tr\u00e8s facilement sans logiciel et sans root.\" \/>\n<meta name=\"robots\" content=\"index, follow, max-snippet:-1, max-image-preview:large, max-video-preview:-1\" \/>\n<link rel=\"canonical\" href=\"https:\/\/scrat-tech.fr\/en\/android\/phone-microphone-tablet-pc-mac\/\" \/>\n<meta name=\"twitter:card\" content=\"summary_large_image\" \/>\n<meta name=\"twitter:title\" content=\"Utiliser le micro de son t\u00e9l\u00e9phone sur un PC - Mac SANS logiciel\" \/>\n<meta name=\"twitter:description\" content=\"D\u00e9couvrez comment transformer votre t\u00e9l\u00e9phone ou tablette en micro de bonne qualit\u00e9 pour votre PC tr\u00e8s facilement sans logiciel et sans root.\" \/>\n<meta name=\"twitter:image\" content=\"https:\/\/scrat-tech.fr\/wp-content\/uploads\/2016\/11\/abonnez-1024x283.jpg\" \/>\n<meta name=\"twitter:site\" content=\"@SCRAT_Rider\" \/>\n<meta name=\"twitter:label1\" content=\"Est. reading time\" \/>\n\t<meta name=\"twitter:data1\" content=\"1 minute\" \/>\n<script type=\"application\/ld+json\" class=\"yoast-schema-graph\">{\"@context\":\"https:\/\/schema.org\",\"@graph\":[{\"@type\":\"WebPage\",\"@id\":\"https:\/\/scrat-tech.fr\/android\/micro-de-telephone-tablette-pc-mac\/\",\"url\":\"https:\/\/scrat-tech.fr\/android\/micro-de-telephone-tablette-pc-mac\/\",\"name\":\"Utiliser le micro de son t\u00e9l\u00e9phone sur un PC - Mac SANS logiciel\",\"isPartOf\":{\"@id\":\"https:\/\/scrat-tech.fr\/#website\"},\"primaryImageOfPage\":{\"@id\":\"https:\/\/scrat-tech.fr\/android\/micro-de-telephone-tablette-pc-mac\/#primaryimage\"},\"image\":{\"@id\":\"https:\/\/scrat-tech.fr\/android\/micro-de-telephone-tablette-pc-mac\/#primaryimage\"},\"thumbnailUrl\":\"https:\/\/scrat-tech.fr\/wp-content\/uploads\/2016\/11\/abonnez-1024x283.jpg\",\"datePublished\":\"2016-04-15T08:07:47+00:00\",\"dateModified\":\"2017-03-21T14:53:38+00:00\",\"description\":\"D\u00e9couvrez comment transformer votre t\u00e9l\u00e9phone ou tablette en micro de bonne qualit\u00e9 pour votre PC tr\u00e8s facilement sans logiciel et sans root.\",\"breadcrumb\":{\"@id\":\"https:\/\/scrat-tech.fr\/android\/micro-de-telephone-tablette-pc-mac\/#breadcrumb\"},\"inLanguage\":\"en-US\",\"potentialAction\":[{\"@type\":\"ReadAction\",\"target\":[\"https:\/\/scrat-tech.fr\/android\/micro-de-telephone-tablette-pc-mac\/\"]}]},{\"@type\":\"ImageObject\",\"inLanguage\":\"en-US\",\"@id\":\"https:\/\/scrat-tech.fr\/android\/micro-de-telephone-tablette-pc-mac\/#primaryimage\",\"url\":\"https:\/\/scrat-tech.fr\/wp-content\/uploads\/2016\/11\/abonnez-1024x283.jpg\",\"contentUrl\":\"https:\/\/scrat-tech.fr\/wp-content\/uploads\/2016\/11\/abonnez-1024x283.jpg\"},{\"@type\":\"BreadcrumbList\",\"@id\":\"https:\/\/scrat-tech.fr\/android\/micro-de-telephone-tablette-pc-mac\/#breadcrumb\",\"itemListElement\":[{\"@type\":\"ListItem\",\"position\":1,\"name\":\"Accueil\",\"item\":\"https:\/\/scrat-tech.fr\/\"},{\"@type\":\"ListItem\",\"position\":2,\"name\":\"Android\",\"item\":\"https:\/\/www.scrat-tech.fr\/en\/android\/\"},{\"@type\":\"ListItem\",\"position\":3,\"name\":\"Utiliser le micro de son t\u00e9l\u00e9phone \/ tablette sur son PC \/ MAC\"}]},{\"@type\":\"WebSite\",\"@id\":\"https:\/\/scrat-tech.fr\/#website\",\"url\":\"https:\/\/scrat-tech.fr\/\",\"name\":\"SCRAT\",\"description\":\"\",\"publisher\":{\"@id\":\"https:\/\/scrat-tech.fr\/#organization\"},\"potentialAction\":[{\"@type\":\"SearchAction\",\"target\":{\"@type\":\"EntryPoint\",\"urlTemplate\":\"https:\/\/scrat-tech.fr\/?s={search_term_string}\"},\"query-input\":{\"@type\":\"PropertyValueSpecification\",\"valueRequired\":true,\"valueName\":\"search_term_string\"}}],\"inLanguage\":\"en-US\"},{\"@type\":\"Organization\",\"@id\":\"https:\/\/scrat-tech.fr\/#organization\",\"name\":\"SCRAT\",\"url\":\"https:\/\/scrat-tech.fr\/\",\"logo\":{\"@type\":\"ImageObject\",\"inLanguage\":\"en-US\",\"@id\":\"https:\/\/scrat-tech.fr\/#\/schema\/logo\/image\/\",\"url\":\"https:\/\/scrat-tech.fr\/wp-content\/uploads\/2024\/10\/cropped-tuyu_monte.png\",\"contentUrl\":\"https:\/\/scrat-tech.fr\/wp-content\/uploads\/2024\/10\/cropped-tuyu_monte.png\",\"width\":512,\"height\":512,\"caption\":\"SCRAT\"},\"image\":{\"@id\":\"https:\/\/scrat-tech.fr\/#\/schema\/logo\/image\/\"},\"sameAs\":[\"https:\/\/www.facebook.com\/ScratRider\/\",\"https:\/\/x.com\/SCRAT_Rider\",\"https:\/\/instagram.com\/scrat_rider\",\"https:\/\/youtube.com\/c\/SCRAT\"]}]}<\/script>\n<!-- \/ Yoast SEO Premium plugin. -->","yoast_head_json":{"title":"Use your phone&#039;s microphone on a PC - Mac WITHOUT software","description":"Find out how to turn your phone or tablet into a high-quality microphone for your PC very easily without software and without root.","robots":{"index":"index","follow":"follow","max-snippet":"max-snippet:-1","max-image-preview":"max-image-preview:large","max-video-preview":"max-video-preview:-1"},"canonical":"https:\/\/scrat-tech.fr\/en\/android\/phone-microphone-tablet-pc-mac\/","twitter_card":"summary_large_image","twitter_title":"Utiliser le micro de son t\u00e9l\u00e9phone sur un PC - Mac SANS logiciel","twitter_description":"D\u00e9couvrez comment transformer votre t\u00e9l\u00e9phone ou tablette en micro de bonne qualit\u00e9 pour votre PC tr\u00e8s facilement sans logiciel et sans root.","twitter_image":"https:\/\/scrat-tech.fr\/wp-content\/uploads\/2016\/11\/abonnez-1024x283.jpg","twitter_site":"@SCRAT_Rider","twitter_misc":{"Est. reading time":"1 minute"},"schema":{"@context":"https:\/\/schema.org","@graph":[{"@type":"WebPage","@id":"https:\/\/scrat-tech.fr\/android\/micro-de-telephone-tablette-pc-mac\/","url":"https:\/\/scrat-tech.fr\/android\/micro-de-telephone-tablette-pc-mac\/","name":"Use your phone&#039;s microphone on a PC - Mac WITHOUT software","isPartOf":{"@id":"https:\/\/scrat-tech.fr\/#website"},"primaryImageOfPage":{"@id":"https:\/\/scrat-tech.fr\/android\/micro-de-telephone-tablette-pc-mac\/#primaryimage"},"image":{"@id":"https:\/\/scrat-tech.fr\/android\/micro-de-telephone-tablette-pc-mac\/#primaryimage"},"thumbnailUrl":"https:\/\/scrat-tech.fr\/wp-content\/uploads\/2016\/11\/abonnez-1024x283.jpg","datePublished":"2016-04-15T08:07:47+00:00","dateModified":"2017-03-21T14:53:38+00:00","description":"Find out how to turn your phone or tablet into a high-quality microphone for your PC very easily without software and without root.","breadcrumb":{"@id":"https:\/\/scrat-tech.fr\/android\/micro-de-telephone-tablette-pc-mac\/#breadcrumb"},"inLanguage":"en-US","potentialAction":[{"@type":"ReadAction","target":["https:\/\/scrat-tech.fr\/android\/micro-de-telephone-tablette-pc-mac\/"]}]},{"@type":"ImageObject","inLanguage":"en-US","@id":"https:\/\/scrat-tech.fr\/android\/micro-de-telephone-tablette-pc-mac\/#primaryimage","url":"https:\/\/scrat-tech.fr\/wp-content\/uploads\/2016\/11\/abonnez-1024x283.jpg","contentUrl":"https:\/\/scrat-tech.fr\/wp-content\/uploads\/2016\/11\/abonnez-1024x283.jpg"},{"@type":"BreadcrumbList","@id":"https:\/\/scrat-tech.fr\/android\/micro-de-telephone-tablette-pc-mac\/#breadcrumb","itemListElement":[{"@type":"ListItem","position":1,"name":"Accueil","item":"https:\/\/scrat-tech.fr\/"},{"@type":"ListItem","position":2,"name":"Android","item":"https:\/\/www.scrat-tech.fr\/en\/android\/"},{"@type":"ListItem","position":3,"name":"Utiliser le micro de son t\u00e9l\u00e9phone \/ tablette sur son PC \/ MAC"}]},{"@type":"WebSite","@id":"https:\/\/scrat-tech.fr\/#website","url":"https:\/\/scrat-tech.fr\/","name":"SCRAT","description":"","publisher":{"@id":"https:\/\/scrat-tech.fr\/#organization"},"potentialAction":[{"@type":"SearchAction","target":{"@type":"EntryPoint","urlTemplate":"https:\/\/scrat-tech.fr\/?s={search_term_string}"},"query-input":{"@type":"PropertyValueSpecification","valueRequired":true,"valueName":"search_term_string"}}],"inLanguage":"en-US"},{"@type":"Organization","@id":"https:\/\/scrat-tech.fr\/#organization","name":"SCRAT","url":"https:\/\/scrat-tech.fr\/","logo":{"@type":"ImageObject","inLanguage":"en-US","@id":"https:\/\/scrat-tech.fr\/#\/schema\/logo\/image\/","url":"https:\/\/scrat-tech.fr\/wp-content\/uploads\/2024\/10\/cropped-tuyu_monte.png","contentUrl":"https:\/\/scrat-tech.fr\/wp-content\/uploads\/2024\/10\/cropped-tuyu_monte.png","width":512,"height":512,"caption":"SCRAT"},"image":{"@id":"https:\/\/scrat-tech.fr\/#\/schema\/logo\/image\/"},"sameAs":["https:\/\/www.facebook.com\/ScratRider\/","https:\/\/x.com\/SCRAT_Rider","https:\/\/instagram.com\/scrat_rider","https:\/\/youtube.com\/c\/SCRAT"]}]}},"_links":{"self":[{"href":"https:\/\/scrat-tech.fr\/en\/wp-json\/wp\/v2\/pages\/479","targetHints":{"allow":["GET"]}}],"collection":[{"href":"https:\/\/scrat-tech.fr\/en\/wp-json\/wp\/v2\/pages"}],"about":[{"href":"https:\/\/scrat-tech.fr\/en\/wp-json\/wp\/v2\/types\/page"}],"author":[{"embeddable":true,"href":"https:\/\/scrat-tech.fr\/en\/wp-json\/wp\/v2\/users\/2"}],"replies":[{"embeddable":true,"href":"https:\/\/scrat-tech.fr\/en\/wp-json\/wp\/v2\/comments?post=479"}],"version-history":[{"count":0,"href":"https:\/\/scrat-tech.fr\/en\/wp-json\/wp\/v2\/pages\/479\/revisions"}],"up":[{"embeddable":true,"href":"https:\/\/scrat-tech.fr\/en\/wp-json\/wp\/v2\/pages\/37"}],"wp:attachment":[{"href":"https:\/\/scrat-tech.fr\/en\/wp-json\/wp\/v2\/media?parent=479"}],"curies":[{"name":"wp","href":"https:\/\/api.w.org\/{rel}","templated":true}]}}