{"id":473,"date":"2016-04-15T09:59:18","date_gmt":"2016-04-15T07:59:18","guid":{"rendered":"https:\/?page_id=473"},"modified":"2017-03-21T12:48:56","modified_gmt":"2017-03-21T10:48:56","slug":"embed-image-music-album-cover","status":"publish","type":"page","link":"https:\/\/scrat-tech.fr\/en\/android\/embed-image-music-album-cover\/","title":{"rendered":"Image over music (Album art)"},"content":{"rendered":"<h3 style=\"text-align: center;\"><strong>Here's a little personalization trick that lets you add album art to your music, and that works on Android as well as IOS, and of course PC and Mac.<\/strong><\/h3>\n<p style=\"text-align: left;\">The aim is to implant an image on a piece of music of your choice as album art, enabling the device playing the music (if compatible) to display the image you've defined.<\/p>\n<p style=\"text-align: center;\"><a href=\"http:\/\/www.youtube.com\/user\/game682400?sub_confirmation=1\" target=\"_blank\"><img decoding=\"async\" class=\"aligncenter wp-image-1766\" src=\"https:\/\/scrat-tech.fr\/wp-content\/uploads\/2016\/11\/abonnez-1024x283.jpg\" width=\"400\" height=\"110\" srcset=\"https:\/\/scrat-tech.fr\/wp-content\/uploads\/2016\/11\/abonnez-1024x283.jpg 1024w, https:\/\/scrat-tech.fr\/wp-content\/uploads\/2016\/11\/abonnez-600x166.jpg 600w, https:\/\/scrat-tech.fr\/wp-content\/uploads\/2016\/11\/abonnez-300x83.jpg 300w, https:\/\/scrat-tech.fr\/wp-content\/uploads\/2016\/11\/abonnez-768x212.jpg 768w, https:\/\/scrat-tech.fr\/wp-content\/uploads\/2016\/11\/abonnez.jpg 1631w\" sizes=\"(max-width: 400px) 100vw, 400px\" \/><\/a><em><span style=\"color: #808080;\">Click here to subscribe and support me, it costs you nothing and makes me happy \ud83d\ude42<\/span><\/em><\/p>\n<p style=\"text-align: left;\">Handling is really quick and easy, and you can add much more than just an image if you touch the other parameters on the side, such as release date, band, singer, type of music... etc....<\/p>\n<p style=\"text-align: left;\">If you're worried about having a single image for all your music (not everyone does), all you have to do is rename each album differently. Basically, in the software settings (as described in the video), you fill in the album box with a different name for each track (e.g. in my case, each track has a different album number; 1, 2, 3...).<\/p>\n<p style=\"text-align: left;\"><strong>You'll need TagScanner software, which you can download here. <a href=\"http:\/\/www.clictune.com\/id=610063\" target=\"_blank\">ICI<\/a>or simply follow the link in the video description on YouTube.<\/strong><\/p>\n<p><iframe width=\"800\" height=\"450\" src=\"https:\/\/www.youtube.com\/embed\/fQxC0qlpc4E?feature=oembed\" frameborder=\"0\" allowfullscreen><\/iframe><\/p>","protected":false},"excerpt":{"rendered":"<p>Voici une petite astuce de personnalisation qui consiste \u00e0 implanter une pochette d&rsquo;album sur vos musiques et qui est fonctionnelle sur Android tout comme sur IOS et bien entendu sur PC et Mac. Le but va \u00eatre d&rsquo;implanter une image sur une musique au choix en tant que pochette d&rsquo;album, ce qui va permettre \u00e0 [&hellip;]<\/p>","protected":false},"author":2,"featured_media":0,"parent":37,"menu_order":0,"comment_status":"closed","ping_status":"open","template":"","meta":{"footnotes":""},"class_list":["post-473","page","type-page","status-publish","hentry"],"yoast_head":"<!-- This site is optimized with the Yoast SEO Premium plugin v24.4 (Yoast SEO v24.4) - https:\/\/yoast.com\/wordpress\/plugins\/seo\/ -->\n<title>Incruster une image sur une musique - Pochette d&#039;album<\/title>\n<meta name=\"description\" content=\"D\u00e9finissez une pochette d&#039;album pour vos musiques (image sur une musique) pour que cette derni\u00e8re s&#039;affiche \u00e0 l&#039;\u00e9cran lors de la lecture sur votre appareil.\" \/>\n<meta name=\"robots\" content=\"index, follow, max-snippet:-1, max-image-preview:large, max-video-preview:-1\" \/>\n<link rel=\"canonical\" href=\"https:\/\/scrat-tech.fr\/en\/android\/embed-image-music-album-cover\/\" \/>\n<meta name=\"twitter:card\" content=\"summary_large_image\" \/>\n<meta name=\"twitter:title\" content=\"Incruster une image sur une musique - Pochette d&#039;album\" \/>\n<meta name=\"twitter:description\" content=\"D\u00e9finissez une pochette d&#039;album pour vos musiques (image sur une musique) pour que cette derni\u00e8re s&#039;affiche \u00e0 l&#039;\u00e9cran lors de la lecture sur votre appareil.\" \/>\n<meta name=\"twitter:image\" content=\"https:\/\/scrat-tech.fr\/wp-content\/uploads\/2016\/11\/abonnez-1024x283.jpg\" \/>\n<meta name=\"twitter:site\" content=\"@SCRAT_Rider\" \/>\n<meta name=\"twitter:label1\" content=\"Est. reading time\" \/>\n\t<meta name=\"twitter:data1\" content=\"1 minute\" \/>\n<script type=\"application\/ld+json\" class=\"yoast-schema-graph\">{\"@context\":\"https:\/\/schema.org\",\"@graph\":[{\"@type\":\"WebPage\",\"@id\":\"https:\/\/scrat-tech.fr\/en\/android\/embed-image-music-album-cover\/\",\"url\":\"https:\/\/scrat-tech.fr\/en\/android\/embed-image-music-album-cover\/\",\"name\":\"Incruster une image sur une musique - Pochette d'album\",\"isPartOf\":{\"@id\":\"https:\/\/scrat-tech.fr\/#website\"},\"primaryImageOfPage\":{\"@id\":\"https:\/\/scrat-tech.fr\/en\/android\/embed-image-music-album-cover\/#primaryimage\"},\"image\":{\"@id\":\"https:\/\/scrat-tech.fr\/en\/android\/embed-image-music-album-cover\/#primaryimage\"},\"thumbnailUrl\":\"https:\/\/scrat-tech.fr\/wp-content\/uploads\/2016\/11\/abonnez-1024x283.jpg\",\"datePublished\":\"2016-04-15T07:59:18+00:00\",\"dateModified\":\"2017-03-21T10:48:56+00:00\",\"description\":\"D\u00e9finissez une pochette d'album pour vos musiques (image sur une musique) pour que cette derni\u00e8re s'affiche \u00e0 l'\u00e9cran lors de la lecture sur votre appareil.\",\"breadcrumb\":{\"@id\":\"https:\/\/scrat-tech.fr\/en\/android\/embed-image-music-album-cover\/#breadcrumb\"},\"inLanguage\":\"en-US\",\"potentialAction\":[{\"@type\":\"ReadAction\",\"target\":[\"https:\/\/scrat-tech.fr\/en\/android\/embed-image-music-album-cover\/\"]}]},{\"@type\":\"ImageObject\",\"inLanguage\":\"en-US\",\"@id\":\"https:\/\/scrat-tech.fr\/en\/android\/embed-image-music-album-cover\/#primaryimage\",\"url\":\"https:\/\/scrat-tech.fr\/wp-content\/uploads\/2016\/11\/abonnez-1024x283.jpg\",\"contentUrl\":\"https:\/\/scrat-tech.fr\/wp-content\/uploads\/2016\/11\/abonnez-1024x283.jpg\"},{\"@type\":\"BreadcrumbList\",\"@id\":\"https:\/\/scrat-tech.fr\/en\/android\/embed-image-music-album-cover\/#breadcrumb\",\"itemListElement\":[{\"@type\":\"ListItem\",\"position\":1,\"name\":\"Accueil\",\"item\":\"https:\/\/scrat-tech.fr\/\"},{\"@type\":\"ListItem\",\"position\":2,\"name\":\"Android\",\"item\":\"https:\/\/www.scrat-tech.fr\/en\/android\/\"},{\"@type\":\"ListItem\",\"position\":3,\"name\":\"Incruster une image sur une musique (Pochette d&rsquo;album)\"}]},{\"@type\":\"WebSite\",\"@id\":\"https:\/\/scrat-tech.fr\/#website\",\"url\":\"https:\/\/scrat-tech.fr\/\",\"name\":\"SCRAT\",\"description\":\"\",\"publisher\":{\"@id\":\"https:\/\/scrat-tech.fr\/#organization\"},\"potentialAction\":[{\"@type\":\"SearchAction\",\"target\":{\"@type\":\"EntryPoint\",\"urlTemplate\":\"https:\/\/scrat-tech.fr\/?s={search_term_string}\"},\"query-input\":{\"@type\":\"PropertyValueSpecification\",\"valueRequired\":true,\"valueName\":\"search_term_string\"}}],\"inLanguage\":\"en-US\"},{\"@type\":\"Organization\",\"@id\":\"https:\/\/scrat-tech.fr\/#organization\",\"name\":\"SCRAT\",\"url\":\"https:\/\/scrat-tech.fr\/\",\"logo\":{\"@type\":\"ImageObject\",\"inLanguage\":\"en-US\",\"@id\":\"https:\/\/scrat-tech.fr\/#\/schema\/logo\/image\/\",\"url\":\"https:\/\/scrat-tech.fr\/wp-content\/uploads\/2024\/10\/cropped-tuyu_monte.png\",\"contentUrl\":\"https:\/\/scrat-tech.fr\/wp-content\/uploads\/2024\/10\/cropped-tuyu_monte.png\",\"width\":512,\"height\":512,\"caption\":\"SCRAT\"},\"image\":{\"@id\":\"https:\/\/scrat-tech.fr\/#\/schema\/logo\/image\/\"},\"sameAs\":[\"https:\/\/www.facebook.com\/ScratRider\/\",\"https:\/\/x.com\/SCRAT_Rider\",\"https:\/\/instagram.com\/scrat_rider\",\"https:\/\/youtube.com\/c\/SCRAT\"]}]}<\/script>\n<!-- \/ Yoast SEO Premium plugin. -->","yoast_head_json":{"title":"Embed an image on a music - Album cover","description":"Set album art for your music (image on a music) so that it is displayed on the screen when playing on your device.","robots":{"index":"index","follow":"follow","max-snippet":"max-snippet:-1","max-image-preview":"max-image-preview:large","max-video-preview":"max-video-preview:-1"},"canonical":"https:\/\/scrat-tech.fr\/en\/android\/embed-image-music-album-cover\/","twitter_card":"summary_large_image","twitter_title":"Incruster une image sur une musique - Pochette d'album","twitter_description":"D\u00e9finissez une pochette d'album pour vos musiques (image sur une musique) pour que cette derni\u00e8re s'affiche \u00e0 l'\u00e9cran lors de la lecture sur votre appareil.","twitter_image":"https:\/\/scrat-tech.fr\/wp-content\/uploads\/2016\/11\/abonnez-1024x283.jpg","twitter_site":"@SCRAT_Rider","twitter_misc":{"Est. reading time":"1 minute"},"schema":{"@context":"https:\/\/schema.org","@graph":[{"@type":"WebPage","@id":"https:\/\/scrat-tech.fr\/en\/android\/embed-image-music-album-cover\/","url":"https:\/\/scrat-tech.fr\/en\/android\/embed-image-music-album-cover\/","name":"Embed an image on a music - Album cover","isPartOf":{"@id":"https:\/\/scrat-tech.fr\/#website"},"primaryImageOfPage":{"@id":"https:\/\/scrat-tech.fr\/en\/android\/embed-image-music-album-cover\/#primaryimage"},"image":{"@id":"https:\/\/scrat-tech.fr\/en\/android\/embed-image-music-album-cover\/#primaryimage"},"thumbnailUrl":"https:\/\/scrat-tech.fr\/wp-content\/uploads\/2016\/11\/abonnez-1024x283.jpg","datePublished":"2016-04-15T07:59:18+00:00","dateModified":"2017-03-21T10:48:56+00:00","description":"Set album art for your music (image on a music) so that it is displayed on the screen when playing on your device.","breadcrumb":{"@id":"https:\/\/scrat-tech.fr\/en\/android\/embed-image-music-album-cover\/#breadcrumb"},"inLanguage":"en-US","potentialAction":[{"@type":"ReadAction","target":["https:\/\/scrat-tech.fr\/en\/android\/embed-image-music-album-cover\/"]}]},{"@type":"ImageObject","inLanguage":"en-US","@id":"https:\/\/scrat-tech.fr\/en\/android\/embed-image-music-album-cover\/#primaryimage","url":"https:\/\/scrat-tech.fr\/wp-content\/uploads\/2016\/11\/abonnez-1024x283.jpg","contentUrl":"https:\/\/scrat-tech.fr\/wp-content\/uploads\/2016\/11\/abonnez-1024x283.jpg"},{"@type":"BreadcrumbList","@id":"https:\/\/scrat-tech.fr\/en\/android\/embed-image-music-album-cover\/#breadcrumb","itemListElement":[{"@type":"ListItem","position":1,"name":"Accueil","item":"https:\/\/scrat-tech.fr\/"},{"@type":"ListItem","position":2,"name":"Android","item":"https:\/\/www.scrat-tech.fr\/en\/android\/"},{"@type":"ListItem","position":3,"name":"Incruster une image sur une musique (Pochette d&rsquo;album)"}]},{"@type":"WebSite","@id":"https:\/\/scrat-tech.fr\/#website","url":"https:\/\/scrat-tech.fr\/","name":"SCRAT","description":"","publisher":{"@id":"https:\/\/scrat-tech.fr\/#organization"},"potentialAction":[{"@type":"SearchAction","target":{"@type":"EntryPoint","urlTemplate":"https:\/\/scrat-tech.fr\/?s={search_term_string}"},"query-input":{"@type":"PropertyValueSpecification","valueRequired":true,"valueName":"search_term_string"}}],"inLanguage":"en-US"},{"@type":"Organization","@id":"https:\/\/scrat-tech.fr\/#organization","name":"SCRAT","url":"https:\/\/scrat-tech.fr\/","logo":{"@type":"ImageObject","inLanguage":"en-US","@id":"https:\/\/scrat-tech.fr\/#\/schema\/logo\/image\/","url":"https:\/\/scrat-tech.fr\/wp-content\/uploads\/2024\/10\/cropped-tuyu_monte.png","contentUrl":"https:\/\/scrat-tech.fr\/wp-content\/uploads\/2024\/10\/cropped-tuyu_monte.png","width":512,"height":512,"caption":"SCRAT"},"image":{"@id":"https:\/\/scrat-tech.fr\/#\/schema\/logo\/image\/"},"sameAs":["https:\/\/www.facebook.com\/ScratRider\/","https:\/\/x.com\/SCRAT_Rider","https:\/\/instagram.com\/scrat_rider","https:\/\/youtube.com\/c\/SCRAT"]}]}},"_links":{"self":[{"href":"https:\/\/scrat-tech.fr\/en\/wp-json\/wp\/v2\/pages\/473","targetHints":{"allow":["GET"]}}],"collection":[{"href":"https:\/\/scrat-tech.fr\/en\/wp-json\/wp\/v2\/pages"}],"about":[{"href":"https:\/\/scrat-tech.fr\/en\/wp-json\/wp\/v2\/types\/page"}],"author":[{"embeddable":true,"href":"https:\/\/scrat-tech.fr\/en\/wp-json\/wp\/v2\/users\/2"}],"replies":[{"embeddable":true,"href":"https:\/\/scrat-tech.fr\/en\/wp-json\/wp\/v2\/comments?post=473"}],"version-history":[{"count":0,"href":"https:\/\/scrat-tech.fr\/en\/wp-json\/wp\/v2\/pages\/473\/revisions"}],"up":[{"embeddable":true,"href":"https:\/\/scrat-tech.fr\/en\/wp-json\/wp\/v2\/pages\/37"}],"wp:attachment":[{"href":"https:\/\/scrat-tech.fr\/en\/wp-json\/wp\/v2\/media?parent=473"}],"curies":[{"name":"wp","href":"https:\/\/api.w.org\/{rel}","templated":true}]}}