{"id":453,"date":"2016-04-13T21:37:58","date_gmt":"2016-04-13T19:37:58","guid":{"rendered":"https:\/?page_id=453"},"modified":"2017-03-20T16:21:58","modified_gmt":"2017-03-20T14:21:58","slug":"extend-pc-screen-to-smartphone-tablet","status":"publish","type":"page","link":"https:\/\/scrat-tech.fr\/en\/android\/extend-pc-screen-to-smartphone-tablet\/","title":{"rendered":"Extend your PC \/ MAC screen on Phone \/ Tablet \/ IOS - 60 FPS \/ Full quality"},"content":{"rendered":"<h3 style=\"text-align: center;\"><strong>Need a second screen? Your phone or tablet can become one - and all for free, as I'll show you in this tutorial.<\/strong><\/h3>\n<p style=\"text-align: center;\"><span style=\"color: #ff0000;\"><strong><a style=\"color: #ff0000;\" href=\"https:\/\/\/en\/tutoriels-android\/etendre-ecran-de-pc-android\/\" target=\"_blank\">NEW, MORE EFFICIENT AND SIMPLER METHOD HERE<\/a><\/strong><\/span><\/p>\n<p style=\"text-align: left;\">You probably all know that on every PC, when you plug in several screens you can extend, duplicate or display the desktop on just one as you wish. In this tutorial, I'm going to teach you how to turn your smartphone or tablet into a second screen and extend your desktop onto it. The method is really very simple and quick to set up!<\/p>\n<p style=\"text-align: center;\"><a href=\"http:\/\/www.youtube.com\/user\/game682400?sub_confirmation=1\" target=\"_blank\"><img decoding=\"async\" class=\"aligncenter wp-image-1766\" src=\"https:\/\/scrat-tech.fr\/wp-content\/uploads\/2016\/11\/abonnez-1024x283.jpg\" width=\"400\" height=\"110\" srcset=\"https:\/\/scrat-tech.fr\/wp-content\/uploads\/2016\/11\/abonnez-1024x283.jpg 1024w, https:\/\/scrat-tech.fr\/wp-content\/uploads\/2016\/11\/abonnez-600x166.jpg 600w, https:\/\/scrat-tech.fr\/wp-content\/uploads\/2016\/11\/abonnez-300x83.jpg 300w, https:\/\/scrat-tech.fr\/wp-content\/uploads\/2016\/11\/abonnez-768x212.jpg 768w, https:\/\/scrat-tech.fr\/wp-content\/uploads\/2016\/11\/abonnez.jpg 1631w\" sizes=\"(max-width: 400px) 100vw, 400px\" \/><\/a><em><span style=\"color: #808080;\">Click here to subscribe and support me, it costs you nothing and makes me happy \ud83d\ude42<\/span><\/em><\/p>\n<p style=\"text-align: left;\"><em>\u00a0So to begin with <strong>ALL<\/strong> is possible with this method:<br \/>\n-Connect an IOS device to a Windows PC.<\/em><br \/>\n<em>-Connect an IOS device to a MAC.<\/em><br \/>\n<em>-Connect an ANDROID device to a Windows PC.<\/em><br \/>\n<em>-Connect an ANDROID device to a MAC.<\/em><\/p>\n<p style=\"text-align: left;\">Whether it's a tablet or a phone, it's the same method!<\/p>\n<p style=\"text-align: left;\">To extend your screen in this way, there's no need to root your device!<\/p>\n<p style=\"text-align: left;\">What do you need? A USB cable, a small application and, finally, a tiny piece of software on your PC. Of course, all the links are in the YouTube video description or in the last paragraph of this article.<\/p>\n<p style=\"text-align: left;\">If you're using the free version, you'll have to relaunch the application when you see the little message on your phone screen, otherwise you won't have to do anything special with the paid version. Just know that this is (to my knowledge) the only difference between the two versions, and that the free version is in no way limited in time other than by this little message asking you to relaunch the application when it appears.<\/p>\n<p style=\"text-align: left;\"><strong>You'll need the phone or tablet application available from <a href=\"http:\/\/www.clictune.com\/id=612432\" target=\"_blank\">ICI<\/a>and the software to be installed on the PC <a href=\"http:\/\/www.clictune.com\/id=612434\" target=\"_blank\">ICI<\/a>or simply follow the download links in the video description.<\/strong><\/p>\n<p><iframe width=\"800\" height=\"450\" src=\"https:\/\/www.youtube.com\/embed\/Sb8LVsNiqCU?feature=oembed\" frameborder=\"0\" allowfullscreen><\/iframe><\/p>","protected":false},"excerpt":{"rendered":"<p>Need a second screen? Know that your phone or tablet can become one and all for free, as I will show you in this tutorial. NEW METHOD, MORE EFFICIENT AND EASIER HERE You all probably know that on each PC, when you connect several screens you can extend them, duplicate them, or [\u2026]<\/p>","protected":false},"author":2,"featured_media":0,"parent":37,"menu_order":0,"comment_status":"closed","ping_status":"open","template":"","meta":{"footnotes":""},"class_list":["post-453","page","type-page","status-publish","hentry"],"yoast_head":"<!-- This site is optimized with the Yoast SEO Premium plugin v24.4 (Yoast SEO v24.4) - https:\/\/yoast.com\/wordpress\/plugins\/seo\/ -->\n<title>\u00c9tendre son \u00e9cran de PC \/ MAC sur T\u00e9l\u00e9phone \/ Tablette \/ IOS<\/title>\n<meta name=\"description\" content=\"Utilisez votre Smartphone ou Tablette en tant qu&#039;\u00e9cran secondaire pour votre PC ou MAC pour \u00e9tendre votre bureau dessus ! SANS ROOT \u00e9videment, TUTO complet.\" \/>\n<meta name=\"robots\" content=\"index, follow, max-snippet:-1, max-image-preview:large, max-video-preview:-1\" \/>\n<link rel=\"canonical\" href=\"https:\/\/scrat-tech.fr\/en\/android\/extend-pc-screen-to-smartphone-tablet\/\" \/>\n<meta name=\"twitter:card\" content=\"summary_large_image\" \/>\n<meta name=\"twitter:title\" content=\"\u00c9tendre son \u00e9cran de PC \/ MAC sur T\u00e9l\u00e9phone \/ Tablette \/ IOS\" \/>\n<meta name=\"twitter:description\" content=\"Utilisez votre Smartphone ou Tablette en tant qu&#039;\u00e9cran secondaire pour votre PC ou MAC pour \u00e9tendre votre bureau dessus ! SANS ROOT \u00e9videment, TUTO complet.\" \/>\n<meta name=\"twitter:image\" content=\"https:\/\/scrat-tech.fr\/wp-content\/uploads\/2016\/11\/abonnez-1024x283.jpg\" \/>\n<meta name=\"twitter:site\" content=\"@SCRAT_Rider\" \/>\n<meta name=\"twitter:label1\" content=\"Est. reading time\" \/>\n\t<meta name=\"twitter:data1\" content=\"2 minutes\" \/>\n<script type=\"application\/ld+json\" class=\"yoast-schema-graph\">{\"@context\":\"https:\/\/schema.org\",\"@graph\":[{\"@type\":\"WebPage\",\"@id\":\"https:\/\/scrat-tech.fr\/android\/etendre-ecran-pc-sur-smartphone-tablette\/\",\"url\":\"https:\/\/scrat-tech.fr\/android\/etendre-ecran-pc-sur-smartphone-tablette\/\",\"name\":\"\u00c9tendre son \u00e9cran de PC \/ MAC sur T\u00e9l\u00e9phone \/ Tablette \/ IOS\",\"isPartOf\":{\"@id\":\"https:\/\/scrat-tech.fr\/#website\"},\"primaryImageOfPage\":{\"@id\":\"https:\/\/scrat-tech.fr\/android\/etendre-ecran-pc-sur-smartphone-tablette\/#primaryimage\"},\"image\":{\"@id\":\"https:\/\/scrat-tech.fr\/android\/etendre-ecran-pc-sur-smartphone-tablette\/#primaryimage\"},\"thumbnailUrl\":\"https:\/\/scrat-tech.fr\/wp-content\/uploads\/2016\/11\/abonnez-1024x283.jpg\",\"datePublished\":\"2016-04-13T19:37:58+00:00\",\"dateModified\":\"2017-03-20T14:21:58+00:00\",\"description\":\"Utilisez votre Smartphone ou Tablette en tant qu'\u00e9cran secondaire pour votre PC ou MAC pour \u00e9tendre votre bureau dessus ! SANS ROOT \u00e9videment, TUTO complet.\",\"breadcrumb\":{\"@id\":\"https:\/\/scrat-tech.fr\/android\/etendre-ecran-pc-sur-smartphone-tablette\/#breadcrumb\"},\"inLanguage\":\"en-US\",\"potentialAction\":[{\"@type\":\"ReadAction\",\"target\":[\"https:\/\/scrat-tech.fr\/android\/etendre-ecran-pc-sur-smartphone-tablette\/\"]}]},{\"@type\":\"ImageObject\",\"inLanguage\":\"en-US\",\"@id\":\"https:\/\/scrat-tech.fr\/android\/etendre-ecran-pc-sur-smartphone-tablette\/#primaryimage\",\"url\":\"https:\/\/scrat-tech.fr\/wp-content\/uploads\/2016\/11\/abonnez-1024x283.jpg\",\"contentUrl\":\"https:\/\/scrat-tech.fr\/wp-content\/uploads\/2016\/11\/abonnez-1024x283.jpg\"},{\"@type\":\"BreadcrumbList\",\"@id\":\"https:\/\/scrat-tech.fr\/android\/etendre-ecran-pc-sur-smartphone-tablette\/#breadcrumb\",\"itemListElement\":[{\"@type\":\"ListItem\",\"position\":1,\"name\":\"Accueil\",\"item\":\"https:\/\/scrat-tech.fr\/\"},{\"@type\":\"ListItem\",\"position\":2,\"name\":\"Android\",\"item\":\"https:\/\/www.scrat-tech.fr\/en\/android\/\"},{\"@type\":\"ListItem\",\"position\":3,\"name\":\"\u00c9tendre son \u00e9cran de PC \/ MAC sur T\u00e9l\u00e9phone \/ Tablette \/ IOS &#8211; 60 FPS \/ Full qualit\u00e9\"}]},{\"@type\":\"WebSite\",\"@id\":\"https:\/\/scrat-tech.fr\/#website\",\"url\":\"https:\/\/scrat-tech.fr\/\",\"name\":\"SCRAT\",\"description\":\"\",\"publisher\":{\"@id\":\"https:\/\/scrat-tech.fr\/#organization\"},\"potentialAction\":[{\"@type\":\"SearchAction\",\"target\":{\"@type\":\"EntryPoint\",\"urlTemplate\":\"https:\/\/scrat-tech.fr\/?s={search_term_string}\"},\"query-input\":{\"@type\":\"PropertyValueSpecification\",\"valueRequired\":true,\"valueName\":\"search_term_string\"}}],\"inLanguage\":\"en-US\"},{\"@type\":\"Organization\",\"@id\":\"https:\/\/scrat-tech.fr\/#organization\",\"name\":\"SCRAT\",\"url\":\"https:\/\/scrat-tech.fr\/\",\"logo\":{\"@type\":\"ImageObject\",\"inLanguage\":\"en-US\",\"@id\":\"https:\/\/scrat-tech.fr\/#\/schema\/logo\/image\/\",\"url\":\"https:\/\/scrat-tech.fr\/wp-content\/uploads\/2024\/10\/cropped-tuyu_monte.png\",\"contentUrl\":\"https:\/\/scrat-tech.fr\/wp-content\/uploads\/2024\/10\/cropped-tuyu_monte.png\",\"width\":512,\"height\":512,\"caption\":\"SCRAT\"},\"image\":{\"@id\":\"https:\/\/scrat-tech.fr\/#\/schema\/logo\/image\/\"},\"sameAs\":[\"https:\/\/www.facebook.com\/ScratRider\/\",\"https:\/\/x.com\/SCRAT_Rider\",\"https:\/\/instagram.com\/scrat_rider\",\"https:\/\/youtube.com\/c\/SCRAT\"]}]}<\/script>\n<!-- \/ Yoast SEO Premium plugin. -->","yoast_head_json":{"title":"Extend your PC \/ MAC screen to Phone \/ Tablet \/ IOS","description":"Use your Smartphone or Tablet as a secondary screen for your PC or MAC to extend your desktop onto it! WITHOUT ROOT of course, complete TUTORIAL.","robots":{"index":"index","follow":"follow","max-snippet":"max-snippet:-1","max-image-preview":"max-image-preview:large","max-video-preview":"max-video-preview:-1"},"canonical":"https:\/\/scrat-tech.fr\/en\/android\/extend-pc-screen-to-smartphone-tablet\/","twitter_card":"summary_large_image","twitter_title":"\u00c9tendre son \u00e9cran de PC \/ MAC sur T\u00e9l\u00e9phone \/ Tablette \/ IOS","twitter_description":"Utilisez votre Smartphone ou Tablette en tant qu'\u00e9cran secondaire pour votre PC ou MAC pour \u00e9tendre votre bureau dessus ! SANS ROOT \u00e9videment, TUTO complet.","twitter_image":"https:\/\/scrat-tech.fr\/wp-content\/uploads\/2016\/11\/abonnez-1024x283.jpg","twitter_site":"@SCRAT_Rider","twitter_misc":{"Est. reading time":"2 minutes"},"schema":{"@context":"https:\/\/schema.org","@graph":[{"@type":"WebPage","@id":"https:\/\/scrat-tech.fr\/android\/etendre-ecran-pc-sur-smartphone-tablette\/","url":"https:\/\/scrat-tech.fr\/android\/etendre-ecran-pc-sur-smartphone-tablette\/","name":"Extend your PC \/ MAC screen to Phone \/ Tablet \/ IOS","isPartOf":{"@id":"https:\/\/scrat-tech.fr\/#website"},"primaryImageOfPage":{"@id":"https:\/\/scrat-tech.fr\/android\/etendre-ecran-pc-sur-smartphone-tablette\/#primaryimage"},"image":{"@id":"https:\/\/scrat-tech.fr\/android\/etendre-ecran-pc-sur-smartphone-tablette\/#primaryimage"},"thumbnailUrl":"https:\/\/scrat-tech.fr\/wp-content\/uploads\/2016\/11\/abonnez-1024x283.jpg","datePublished":"2016-04-13T19:37:58+00:00","dateModified":"2017-03-20T14:21:58+00:00","description":"Use your Smartphone or Tablet as a secondary screen for your PC or MAC to extend your desktop onto it! WITHOUT ROOT of course, complete TUTORIAL.","breadcrumb":{"@id":"https:\/\/scrat-tech.fr\/android\/etendre-ecran-pc-sur-smartphone-tablette\/#breadcrumb"},"inLanguage":"en-US","potentialAction":[{"@type":"ReadAction","target":["https:\/\/scrat-tech.fr\/android\/etendre-ecran-pc-sur-smartphone-tablette\/"]}]},{"@type":"ImageObject","inLanguage":"en-US","@id":"https:\/\/scrat-tech.fr\/android\/etendre-ecran-pc-sur-smartphone-tablette\/#primaryimage","url":"https:\/\/scrat-tech.fr\/wp-content\/uploads\/2016\/11\/abonnez-1024x283.jpg","contentUrl":"https:\/\/scrat-tech.fr\/wp-content\/uploads\/2016\/11\/abonnez-1024x283.jpg"},{"@type":"BreadcrumbList","@id":"https:\/\/scrat-tech.fr\/android\/etendre-ecran-pc-sur-smartphone-tablette\/#breadcrumb","itemListElement":[{"@type":"ListItem","position":1,"name":"Accueil","item":"https:\/\/scrat-tech.fr\/"},{"@type":"ListItem","position":2,"name":"Android","item":"https:\/\/www.scrat-tech.fr\/en\/android\/"},{"@type":"ListItem","position":3,"name":"\u00c9tendre son \u00e9cran de PC \/ MAC sur T\u00e9l\u00e9phone \/ Tablette \/ IOS &#8211; 60 FPS \/ Full qualit\u00e9"}]},{"@type":"WebSite","@id":"https:\/\/scrat-tech.fr\/#website","url":"https:\/\/scrat-tech.fr\/","name":"SCRAT","description":"","publisher":{"@id":"https:\/\/scrat-tech.fr\/#organization"},"potentialAction":[{"@type":"SearchAction","target":{"@type":"EntryPoint","urlTemplate":"https:\/\/scrat-tech.fr\/?s={search_term_string}"},"query-input":{"@type":"PropertyValueSpecification","valueRequired":true,"valueName":"search_term_string"}}],"inLanguage":"en-US"},{"@type":"Organization","@id":"https:\/\/scrat-tech.fr\/#organization","name":"SCRAT","url":"https:\/\/scrat-tech.fr\/","logo":{"@type":"ImageObject","inLanguage":"en-US","@id":"https:\/\/scrat-tech.fr\/#\/schema\/logo\/image\/","url":"https:\/\/scrat-tech.fr\/wp-content\/uploads\/2024\/10\/cropped-tuyu_monte.png","contentUrl":"https:\/\/scrat-tech.fr\/wp-content\/uploads\/2024\/10\/cropped-tuyu_monte.png","width":512,"height":512,"caption":"SCRAT"},"image":{"@id":"https:\/\/scrat-tech.fr\/#\/schema\/logo\/image\/"},"sameAs":["https:\/\/www.facebook.com\/ScratRider\/","https:\/\/x.com\/SCRAT_Rider","https:\/\/instagram.com\/scrat_rider","https:\/\/youtube.com\/c\/SCRAT"]}]}},"_links":{"self":[{"href":"https:\/\/scrat-tech.fr\/en\/wp-json\/wp\/v2\/pages\/453","targetHints":{"allow":["GET"]}}],"collection":[{"href":"https:\/\/scrat-tech.fr\/en\/wp-json\/wp\/v2\/pages"}],"about":[{"href":"https:\/\/scrat-tech.fr\/en\/wp-json\/wp\/v2\/types\/page"}],"author":[{"embeddable":true,"href":"https:\/\/scrat-tech.fr\/en\/wp-json\/wp\/v2\/users\/2"}],"replies":[{"embeddable":true,"href":"https:\/\/scrat-tech.fr\/en\/wp-json\/wp\/v2\/comments?post=453"}],"version-history":[{"count":0,"href":"https:\/\/scrat-tech.fr\/en\/wp-json\/wp\/v2\/pages\/453\/revisions"}],"up":[{"embeddable":true,"href":"https:\/\/scrat-tech.fr\/en\/wp-json\/wp\/v2\/pages\/37"}],"wp:attachment":[{"href":"https:\/\/scrat-tech.fr\/en\/wp-json\/wp\/v2\/media?parent=453"}],"curies":[{"name":"wp","href":"https:\/\/api.w.org\/{rel}","templated":true}]}}