{"id":34454,"date":"2020-11-14T13:42:55","date_gmt":"2020-11-14T12:42:55","guid":{"rendered":"https:\/?page_id=34454"},"modified":"2025-04-28T16:22:22","modified_gmt":"2025-04-28T14:22:22","slug":"privacy-policy","status":"publish","type":"page","link":"https:\/\/scrat-tech.fr\/en\/privacy-policy\/","title":{"rendered":"Legal Notice and Privacy Policy"},"content":{"rendered":"<div data-elementor-type=\"wp-page\" data-elementor-id=\"34454\" class=\"elementor elementor-34454\" data-elementor-post-type=\"page\">\n\t\t\t\t\t\t<section class=\"elementor-section elementor-top-section elementor-element elementor-element-1e828760 elementor-section-boxed elementor-section-height-default elementor-section-height-default\" data-id=\"1e828760\" data-element_type=\"section\" data-settings=\"{&quot;background_background&quot;:&quot;classic&quot;,&quot;jet_parallax_layout_list&quot;:[{&quot;jet_parallax_layout_image&quot;:{&quot;url&quot;:&quot;&quot;,&quot;id&quot;:&quot;&quot;,&quot;size&quot;:&quot;&quot;},&quot;_id&quot;:&quot;bf16314&quot;,&quot;jet_parallax_layout_image_tablet&quot;:{&quot;url&quot;:&quot;&quot;,&quot;id&quot;:&quot;&quot;,&quot;size&quot;:&quot;&quot;},&quot;jet_parallax_layout_image_mobile&quot;:{&quot;url&quot;:&quot;&quot;,&quot;id&quot;:&quot;&quot;,&quot;size&quot;:&quot;&quot;},&quot;jet_parallax_layout_speed&quot;:{&quot;unit&quot;:&quot;%&quot;,&quot;size&quot;:50,&quot;sizes&quot;:[]},&quot;jet_parallax_layout_type&quot;:&quot;scroll&quot;,&quot;jet_parallax_layout_direction&quot;:null,&quot;jet_parallax_layout_fx_direction&quot;:null,&quot;jet_parallax_layout_z_index&quot;:&quot;&quot;,&quot;jet_parallax_layout_bg_x&quot;:50,&quot;jet_parallax_layout_bg_x_tablet&quot;:&quot;&quot;,&quot;jet_parallax_layout_bg_x_mobile&quot;:&quot;&quot;,&quot;jet_parallax_layout_bg_y&quot;:50,&quot;jet_parallax_layout_bg_y_tablet&quot;:&quot;&quot;,&quot;jet_parallax_layout_bg_y_mobile&quot;:&quot;&quot;,&quot;jet_parallax_layout_bg_size&quot;:&quot;auto&quot;,&quot;jet_parallax_layout_bg_size_tablet&quot;:&quot;&quot;,&quot;jet_parallax_layout_bg_size_mobile&quot;:&quot;&quot;,&quot;jet_parallax_layout_animation_prop&quot;:&quot;transform&quot;,&quot;jet_parallax_layout_on&quot;:[&quot;desktop&quot;,&quot;tablet&quot;]}]}\">\n\t\t\t\t\t\t<div class=\"elementor-container elementor-column-gap-default\">\n\t\t\t\t\t<div class=\"elementor-column elementor-col-100 elementor-top-column elementor-element elementor-element-66103b53\" data-id=\"66103b53\" data-element_type=\"column\">\n\t\t\t<div class=\"elementor-widget-wrap elementor-element-populated\">\n\t\t\t\t\t\t<div class=\"elementor-element elementor-element-15507397 elementor-widget elementor-widget-text-editor\" data-id=\"15507397\" data-element_type=\"widget\" data-widget_type=\"text-editor.default\">\n\t\t\t\t<div class=\"elementor-widget-container\">\n\t\t\t\t\t\t\t\t\t<p><strong>LEGAL NOTICE AND PRIVACY POLICY<\/strong><\/p>\n<p><strong>www.scrat-tech.fr<\/strong><br>Guillaume Lesieur<\/p>\n<p>Legal status: Self-employed <br>SIRET: 840 754 907 00011 <br>Head office address: 32 rue des Aulnes, 68240 Kaysersberg, France <br>Website host: Hostinger, UAB \u201cHostinger\u201d, Jonavos g. 60C, 44192 Kaunas, Lithuania. www.hostinger.fr<\/p>\n<p>Type of site: e-commerce<\/p>\n<p><!-- \/wp:paragraph --><!-- wp:paragraph --><\/p>\n<p><strong>The purpose of this privacy policy<\/strong><\/p>\n<p>The purpose of this privacy policy is to inform users of our site of the personal data we will collect and the following information, where applicable:<\/p>\n<ol>\n<li>The personal data we collect<\/li>\n<li>Use of collected data<\/li>\n<li>Who has access to the data collected<\/li>\n<li>Site users' rights<\/li>\n<li>Site cookie policy<\/li>\n<\/ol>\n<p>This privacy policy operates in parallel with the general terms and conditions of use of our site.<\/p><p>In accordance with the General Data Protection Regulation (GDPR), you have the right to access, rectify, oppose, delete, and transfer your personal data. To exercise these rights, please contact us at the following address: contact@scrat-tech.fr<\/p>\n<p><!-- \/wp:paragraph --><!-- wp:paragraph --><\/p>\n<p><strong>Applicable laws<\/strong><\/p>\n<p>In accordance with <em>General Data Protection Regulation<\/em> (RGPD), this privacy policy complies with the following regulations.<\/p>\n<p>Personal data must be :<\/p>\n<ol>\n<li>processed lawfully, fairly and transparently with regard to the data subject (lawfulness, fairness, transparency);<\/li>\n<li>collected for specified, explicit and legitimate purposes, and not further processed in a way incompatible with those purposes; further processing for archival purposes in the public interest, for scientific or historical research purposes or for statistical purposes shall not be considered, in accordance with Article 89(1), as incompatible with the original purposes (purpose limitation);<\/li>\n<li>adequate, relevant and limited to what is necessary for the purposes for which they are processed (data minimization);<\/li>\n<li>accurate and, where necessary, kept up to date; all reasonable steps must be taken to ensure that personal data which are inaccurate, having regard to the purposes for which they are processed, are erased or rectified without delay (accuracy) ;<\/li>\n<li>kept in a form which permits identification of data subjects for no longer than is necessary for the purposes for which they are processed; personal data may be kept for longer periods insofar as they are processed exclusively for archival purposes in the public interest, for scientific or historical research purposes or for statistical purposes in accordance with Article 89(1), provided that the appropriate technical and organizational measures required by the Regulation are implemented in order to guarantee the rights and freedoms of the data subject (storage limitation);<\/li>\n<li>processed in such a way as to ensure appropriate security of personal data, including protection against unauthorized or unlawful processing and against accidental loss, destruction or damage, using appropriate technical or organizational measures (integrity and confidentiality).<\/li>\n<\/ol>\n<p>Processing is lawful only if, and insofar as, at least one of the following conditions is met:<\/p>\n<ol>\n<li>the data subject has consented to the processing of his\/her personal data for one or more specific purposes;<\/li>\n<li>processing is necessary for the performance of a contract to which the data subject is party or for the performance of pre-contractual measures taken at the data subject's request;<\/li>\n<li>the processing is necessary to comply with a legal obligation to which the data controller is subject;<\/li>\n<li>the processing is necessary to safeguard the vital interests of the data subject or of another natural person;<\/li>\n<li>the processing is necessary for the performance of a task carried out in the public interest or in the exercise of official authority vested in the controller;<\/li>\n<li>processing is necessary for the purposes of the legitimate interests pursued by the controller or by a third party, unless the interests or fundamental rights and freedoms of the data subject which require the protection of personal data prevail, in particular where the data subject is a child.<\/li>\n<\/ol>\n<p>For residents of the State of California, this privacy policy is intended to comply with the <em>California Consumer Privacy Act (CCPA)<\/em>. If there are any inconsistencies between this document and the <em>CCPA<\/em>state law will apply. If we find any inconsistencies, we will amend our policy to comply with the relevant law.<\/p>\n<p><!-- \/wp:paragraph --><!-- wp:paragraph --><\/p>\n<p><strong>Consent<\/strong><\/p>\n<p>Users agree that by using our site, they consent to :<\/p>\n<ol>\n<li>the conditions set out in this privacy policy, and<\/li>\n<li>the collection, use and storage of the data listed in this policy.<\/li>\n<\/ol>\n<p><!-- \/wp:list --><!-- wp:paragraph --><\/p>\n<p><strong>Personal data we collect<\/strong><\/p>\n<p>We only collect personal data, such as first and last names, postal and e-mail addresses, telephone numbers and postal addresses that you voluntarily submit. For example, when placing an order, in order to enable order tracking and possible after-sales service.&nbsp;<\/p>\n<p><\/p>\n<p><strong>Personal data we collect<\/strong><\/p>\n<p>We do not sell, transfer or communicate any personal data.<\/p>\n<p><!-- \/wp:paragraph --><!-- wp:paragraph --><\/p>\n<p><strong>Modifications<\/strong><\/p>\n<p>This Privacy Policy may be amended from time to time to maintain compliance with the law and to reflect any changes to our data collection process. We recommend that our users check our policy from time to time to ensure that they are aware of any updates. If necessary, we may notify users by e-mail of changes to this policy.<\/p>\n<p><!-- \/wp:paragraph --><!-- wp:paragraph --><\/p>\n<p><strong>Contact<\/strong><\/p>\n<p>If you have any questions, please do not hesitate to contact us by using the following form:<br>contact@scrat-tech.fr<br>32 rue des Aulnes 68240 Kaysersberg<\/p>\n<p><em>Effective date : <\/em>November 14, 2020<\/p>\n<p><!-- \/wp:paragraph --><\/p>\t\t\t\t\t\t\t\t<\/div>\n\t\t\t\t<\/div>\n\t\t\t\t\t<\/div>\n\t\t<\/div>\n\t\t\t\t\t<\/div>\n\t\t<\/section>\n\t\t\t\t<\/div>","protected":false},"excerpt":{"rendered":"<p>LEGAL NOTICES AND PRIVACY POLICY www.scrat-tech.frGuillaume Lesieur Legal status: Self-employed SIRET: 840 754 907 00011 Head office address: 32 rue des Aulnes, 68240 Kaysersberg, France Site host: Hostinger, UAB \u201cHostinger\u201d, Jonavos g. 60C, 44192 Kaunas, Lithuania. www.hostinger.fr Type of site: e-commerce The purpose of this privacy policy [\u2026]<\/p>","protected":false},"author":2,"featured_media":0,"parent":0,"menu_order":0,"comment_status":"closed","ping_status":"open","template":"elementor_canvas","meta":{"footnotes":""},"class_list":["post-34454","page","type-page","status-publish","hentry"],"yoast_head":"<!-- This site is optimized with the Yoast SEO Premium plugin v24.4 (Yoast SEO v24.4) - https:\/\/yoast.com\/wordpress\/plugins\/seo\/ -->\n<title>Mentions l\u00e9gales et Politique de confidentialit\u00e9 - SCRAT<\/title>\n<meta name=\"robots\" content=\"index, follow, max-snippet:-1, max-image-preview:large, max-video-preview:-1\" \/>\n<link rel=\"canonical\" href=\"https:\/\/scrat-tech.fr\/en\/privacy-policy\/\" \/>\n<meta name=\"twitter:card\" content=\"summary_large_image\" \/>\n<meta name=\"twitter:title\" content=\"Mentions l\u00e9gales et Politique de confidentialit\u00e9 - SCRAT\" \/>\n<meta name=\"twitter:description\" content=\"MENTIONS L\u00c9GALES ET POLITIQUE DE CONFIDENTIALIT\u00c9 www.scrat-tech.frGuillaume Lesieur Statut juridique : Auto-entrepreneur SIRET : 840 754 907 00011 Adresse du si\u00e8ge social : 32 rue des Aulnes, 68240 Kaysersberg, France H\u00e9bergeur du site : Hostinger, UAB &quot;Hostinger&quot;, Jonavos g. 60C, 44192 Kaunas, Lituanie. www.hostinger.fr Type de site&nbsp;: e-commerce Le but de cette politique de confidentialit\u00e9 [&hellip;]\" \/>\n<meta name=\"twitter:site\" content=\"@SCRAT_Rider\" \/>\n<meta name=\"twitter:label1\" content=\"Est. reading time\" \/>\n\t<meta name=\"twitter:data1\" content=\"5 minutes\" \/>\n<script type=\"application\/ld+json\" class=\"yoast-schema-graph\">{\"@context\":\"https:\/\/schema.org\",\"@graph\":[{\"@type\":\"WebPage\",\"@id\":\"https:\/\/scrat-tech.fr\/politique-de-confidentialite\/\",\"url\":\"https:\/\/scrat-tech.fr\/politique-de-confidentialite\/\",\"name\":\"Mentions l\u00e9gales et Politique de confidentialit\u00e9 - SCRAT\",\"isPartOf\":{\"@id\":\"https:\/\/scrat-tech.fr\/#website\"},\"datePublished\":\"2020-11-14T12:42:55+00:00\",\"dateModified\":\"2025-04-28T14:22:22+00:00\",\"breadcrumb\":{\"@id\":\"https:\/\/scrat-tech.fr\/politique-de-confidentialite\/#breadcrumb\"},\"inLanguage\":\"en-US\",\"potentialAction\":[{\"@type\":\"ReadAction\",\"target\":[\"https:\/\/scrat-tech.fr\/politique-de-confidentialite\/\"]}]},{\"@type\":\"BreadcrumbList\",\"@id\":\"https:\/\/scrat-tech.fr\/politique-de-confidentialite\/#breadcrumb\",\"itemListElement\":[{\"@type\":\"ListItem\",\"position\":1,\"name\":\"Accueil\",\"item\":\"https:\/\/scrat-tech.fr\/\"},{\"@type\":\"ListItem\",\"position\":2,\"name\":\"Mentions l\u00e9gales et Politique de confidentialit\u00e9\"}]},{\"@type\":\"WebSite\",\"@id\":\"https:\/\/scrat-tech.fr\/#website\",\"url\":\"https:\/\/scrat-tech.fr\/\",\"name\":\"SCRAT\",\"description\":\"\",\"publisher\":{\"@id\":\"https:\/\/scrat-tech.fr\/#organization\"},\"potentialAction\":[{\"@type\":\"SearchAction\",\"target\":{\"@type\":\"EntryPoint\",\"urlTemplate\":\"https:\/\/scrat-tech.fr\/?s={search_term_string}\"},\"query-input\":{\"@type\":\"PropertyValueSpecification\",\"valueRequired\":true,\"valueName\":\"search_term_string\"}}],\"inLanguage\":\"en-US\"},{\"@type\":\"Organization\",\"@id\":\"https:\/\/scrat-tech.fr\/#organization\",\"name\":\"SCRAT\",\"url\":\"https:\/\/scrat-tech.fr\/\",\"logo\":{\"@type\":\"ImageObject\",\"inLanguage\":\"en-US\",\"@id\":\"https:\/\/scrat-tech.fr\/#\/schema\/logo\/image\/\",\"url\":\"https:\/\/scrat-tech.fr\/wp-content\/uploads\/2024\/10\/cropped-tuyu_monte.png\",\"contentUrl\":\"https:\/\/scrat-tech.fr\/wp-content\/uploads\/2024\/10\/cropped-tuyu_monte.png\",\"width\":512,\"height\":512,\"caption\":\"SCRAT\"},\"image\":{\"@id\":\"https:\/\/scrat-tech.fr\/#\/schema\/logo\/image\/\"},\"sameAs\":[\"https:\/\/www.facebook.com\/ScratRider\/\",\"https:\/\/x.com\/SCRAT_Rider\",\"https:\/\/instagram.com\/scrat_rider\",\"https:\/\/youtube.com\/c\/SCRAT\"]}]}<\/script>\n<!-- \/ Yoast SEO Premium plugin. -->","yoast_head_json":{"title":"Legal Notices and Privacy Policy - SCRAT","robots":{"index":"index","follow":"follow","max-snippet":"max-snippet:-1","max-image-preview":"max-image-preview:large","max-video-preview":"max-video-preview:-1"},"canonical":"https:\/\/scrat-tech.fr\/en\/privacy-policy\/","twitter_card":"summary_large_image","twitter_title":"Mentions l\u00e9gales et Politique de confidentialit\u00e9 - SCRAT","twitter_description":"MENTIONS L\u00c9GALES ET POLITIQUE DE CONFIDENTIALIT\u00c9 www.scrat-tech.frGuillaume Lesieur Statut juridique : Auto-entrepreneur SIRET : 840 754 907 00011 Adresse du si\u00e8ge social : 32 rue des Aulnes, 68240 Kaysersberg, France H\u00e9bergeur du site : Hostinger, UAB \"Hostinger\", Jonavos g. 60C, 44192 Kaunas, Lituanie. www.hostinger.fr Type de site&nbsp;: e-commerce Le but de cette politique de confidentialit\u00e9 [&hellip;]","twitter_site":"@SCRAT_Rider","twitter_misc":{"Est. reading time":"5 minutes"},"schema":{"@context":"https:\/\/schema.org","@graph":[{"@type":"WebPage","@id":"https:\/\/scrat-tech.fr\/politique-de-confidentialite\/","url":"https:\/\/scrat-tech.fr\/politique-de-confidentialite\/","name":"Legal Notices and Privacy Policy - SCRAT","isPartOf":{"@id":"https:\/\/scrat-tech.fr\/#website"},"datePublished":"2020-11-14T12:42:55+00:00","dateModified":"2025-04-28T14:22:22+00:00","breadcrumb":{"@id":"https:\/\/scrat-tech.fr\/politique-de-confidentialite\/#breadcrumb"},"inLanguage":"en-US","potentialAction":[{"@type":"ReadAction","target":["https:\/\/scrat-tech.fr\/politique-de-confidentialite\/"]}]},{"@type":"BreadcrumbList","@id":"https:\/\/scrat-tech.fr\/politique-de-confidentialite\/#breadcrumb","itemListElement":[{"@type":"ListItem","position":1,"name":"Accueil","item":"https:\/\/scrat-tech.fr\/"},{"@type":"ListItem","position":2,"name":"Mentions l\u00e9gales et Politique de confidentialit\u00e9"}]},{"@type":"WebSite","@id":"https:\/\/scrat-tech.fr\/#website","url":"https:\/\/scrat-tech.fr\/","name":"SCRAT","description":"","publisher":{"@id":"https:\/\/scrat-tech.fr\/#organization"},"potentialAction":[{"@type":"SearchAction","target":{"@type":"EntryPoint","urlTemplate":"https:\/\/scrat-tech.fr\/?s={search_term_string}"},"query-input":{"@type":"PropertyValueSpecification","valueRequired":true,"valueName":"search_term_string"}}],"inLanguage":"en-US"},{"@type":"Organization","@id":"https:\/\/scrat-tech.fr\/#organization","name":"SCRAT","url":"https:\/\/scrat-tech.fr\/","logo":{"@type":"ImageObject","inLanguage":"en-US","@id":"https:\/\/scrat-tech.fr\/#\/schema\/logo\/image\/","url":"https:\/\/scrat-tech.fr\/wp-content\/uploads\/2024\/10\/cropped-tuyu_monte.png","contentUrl":"https:\/\/scrat-tech.fr\/wp-content\/uploads\/2024\/10\/cropped-tuyu_monte.png","width":512,"height":512,"caption":"SCRAT"},"image":{"@id":"https:\/\/scrat-tech.fr\/#\/schema\/logo\/image\/"},"sameAs":["https:\/\/www.facebook.com\/ScratRider\/","https:\/\/x.com\/SCRAT_Rider","https:\/\/instagram.com\/scrat_rider","https:\/\/youtube.com\/c\/SCRAT"]}]}},"_links":{"self":[{"href":"https:\/\/scrat-tech.fr\/en\/wp-json\/wp\/v2\/pages\/34454","targetHints":{"allow":["GET"]}}],"collection":[{"href":"https:\/\/scrat-tech.fr\/en\/wp-json\/wp\/v2\/pages"}],"about":[{"href":"https:\/\/scrat-tech.fr\/en\/wp-json\/wp\/v2\/types\/page"}],"author":[{"embeddable":true,"href":"https:\/\/scrat-tech.fr\/en\/wp-json\/wp\/v2\/users\/2"}],"replies":[{"embeddable":true,"href":"https:\/\/scrat-tech.fr\/en\/wp-json\/wp\/v2\/comments?post=34454"}],"version-history":[{"count":6,"href":"https:\/\/scrat-tech.fr\/en\/wp-json\/wp\/v2\/pages\/34454\/revisions"}],"predecessor-version":[{"id":48880,"href":"https:\/\/scrat-tech.fr\/en\/wp-json\/wp\/v2\/pages\/34454\/revisions\/48880"}],"wp:attachment":[{"href":"https:\/\/scrat-tech.fr\/en\/wp-json\/wp\/v2\/media?parent=34454"}],"curies":[{"name":"wp","href":"https:\/\/api.w.org\/{rel}","templated":true}]}}