{"id":34452,"date":"2020-11-14T13:41:27","date_gmt":"2020-11-14T12:41:27","guid":{"rendered":"https:\/?page_id=34452"},"modified":"2025-04-28T15:50:40","modified_gmt":"2025-04-28T13:50:40","slug":"general-conditions","status":"publish","type":"page","link":"https:\/\/scrat-tech.fr\/en\/general-conditions\/","title":{"rendered":"General terms and conditions"},"content":{"rendered":"<div data-elementor-type=\"wp-page\" data-elementor-id=\"34452\" class=\"elementor elementor-34452\" data-elementor-post-type=\"page\">\n\t\t\t\t\t\t<section class=\"elementor-section elementor-top-section elementor-element elementor-element-2203dbd3 elementor-section-boxed elementor-section-height-default elementor-section-height-default\" data-id=\"2203dbd3\" data-element_type=\"section\" data-settings=\"{&quot;background_background&quot;:&quot;classic&quot;,&quot;jet_parallax_layout_list&quot;:[{&quot;jet_parallax_layout_image&quot;:{&quot;url&quot;:&quot;&quot;,&quot;id&quot;:&quot;&quot;,&quot;size&quot;:&quot;&quot;},&quot;_id&quot;:&quot;6a1139f&quot;,&quot;jet_parallax_layout_image_tablet&quot;:{&quot;url&quot;:&quot;&quot;,&quot;id&quot;:&quot;&quot;,&quot;size&quot;:&quot;&quot;},&quot;jet_parallax_layout_image_mobile&quot;:{&quot;url&quot;:&quot;&quot;,&quot;id&quot;:&quot;&quot;,&quot;size&quot;:&quot;&quot;},&quot;jet_parallax_layout_speed&quot;:{&quot;unit&quot;:&quot;%&quot;,&quot;size&quot;:50,&quot;sizes&quot;:[]},&quot;jet_parallax_layout_type&quot;:&quot;scroll&quot;,&quot;jet_parallax_layout_direction&quot;:null,&quot;jet_parallax_layout_fx_direction&quot;:null,&quot;jet_parallax_layout_z_index&quot;:&quot;&quot;,&quot;jet_parallax_layout_bg_x&quot;:50,&quot;jet_parallax_layout_bg_x_tablet&quot;:&quot;&quot;,&quot;jet_parallax_layout_bg_x_mobile&quot;:&quot;&quot;,&quot;jet_parallax_layout_bg_y&quot;:50,&quot;jet_parallax_layout_bg_y_tablet&quot;:&quot;&quot;,&quot;jet_parallax_layout_bg_y_mobile&quot;:&quot;&quot;,&quot;jet_parallax_layout_bg_size&quot;:&quot;auto&quot;,&quot;jet_parallax_layout_bg_size_tablet&quot;:&quot;&quot;,&quot;jet_parallax_layout_bg_size_mobile&quot;:&quot;&quot;,&quot;jet_parallax_layout_animation_prop&quot;:&quot;transform&quot;,&quot;jet_parallax_layout_on&quot;:[&quot;desktop&quot;,&quot;tablet&quot;]}]}\">\n\t\t\t\t\t\t<div class=\"elementor-container elementor-column-gap-default\">\n\t\t\t\t\t<div class=\"elementor-column elementor-col-100 elementor-top-column elementor-element elementor-element-42a772b3\" data-id=\"42a772b3\" data-element_type=\"column\">\n\t\t\t<div class=\"elementor-widget-wrap elementor-element-populated\">\n\t\t\t\t\t\t<div class=\"elementor-element elementor-element-695523a7 elementor-widget elementor-widget-text-editor\" data-id=\"695523a7\" data-element_type=\"widget\" data-widget_type=\"text-editor.default\">\n\t\t\t\t<div class=\"elementor-widget-container\">\n\t\t\t\t\t\t\t\t\t<p><strong>TERMS &amp; CONDITIONS<\/strong><\/p>\n<p>These terms and conditions govern the use of this site. <em>www.scrat-tech.fr<\/em>.<br>This site is owned and managed by Guillaume Lesieur<br>By using this site, you indicate that you have read and understood the Terms of Use and agree to abide by them at all times.<\/p>\n<p>Type of site: e-commerce<\/p>\n<p><!-- \/wp:paragraph --><!-- wp:paragraph --><\/p>\n<p><strong>Intellectual property<\/strong><\/p>\n<p>All content published and made available on this site is the property of Guillaume Lesieur and its creators. This includes, but is not limited to, images, texts, logos, documents, downloadable files and anything else that contributes to the composition of this site.<\/p>\n<p><!-- \/wp:paragraph --><!-- wp:paragraph --><\/p>\n<p><strong>Sales of goods and services<\/strong><br>This document governs the sale of goods made available on our site.<\/p>\n<p><!-- \/wp:paragraph --><!-- wp:paragraph --><\/p>\n<p>The goods we offer include:<\/p>\n<p><!-- \/wp:paragraph --><!-- wp:list --><\/p>\n<ul>\n<li>Digital products<\/li>\n<\/ul>\n<p><!-- \/wp:list --><!-- wp:paragraph --><\/p>\n<p>The goods linked to this document are the goods that are displayed on our site at the time you access it. This includes all products listed as being out of stock. Any information, descriptions or images we provide about our goods are described and presented as accurately as possible. However, we are not legally bound by such information, descriptions or images as we cannot guarantee the accuracy of every product or service we provide. You agree to purchase these goods at your own risk.<\/p>\n<p><!-- \/wp:paragraph --><!-- wp:paragraph --><\/p>\n<p><em>Sold by third parties<\/em><\/p>\n<p>Our site may offer goods from third-party companies. We cannot guarantee the quality or accuracy of goods made available by third parties on our site.<\/p>\n<p><!-- \/wp:paragraph --><!-- wp:paragraph --><\/p>\n<p><strong>Payments<\/strong><\/p>\n<p>We accept the following payment methods on this site:<\/p>\n<p><!-- \/wp:paragraph --><!-- wp:list --><\/p>\n<ul>\n<li>Credit card<\/li>\n<li>PayPal<\/li>\n<\/ul>\n<p><!-- \/wp:list --><!-- wp:paragraph --><\/p>\n<p>By providing us with your payment details, you confirm that you have authorized us to use and access the payment instrument you have chosen to use. By providing us with your payment details, you confirm that you authorize us to bill the amount due to this payment instrument.<\/p>\n<p>If we believe that your payment has violated a law or one of our terms of use, we reserve the right to cancel your transaction.<\/p>\n<p><!-- \/wp:paragraph --><!-- wp:paragraph --><\/p>\n<p><strong>Limitation of liability<\/strong><\/p>\n<p>Guillaume Lesieur or one of his employees will be held responsible for any problem arising from this site. Nevertheless, Guillaume Lesieur and his employees will not be held responsible for any problem arising from any irregular use of this site.<\/p>\n<p><!-- \/wp:paragraph --><!-- wp:paragraph --><\/p>\n<p><strong>Compensation<\/strong><\/p>\n<p>As a user, you hereby indemnify Guillaume Lesieur from and against any and all liability, costs, causes of action, damages or expenses arising out of your use of this site or your breach of any of the provisions set forth herein.<\/p>\n<p><!-- \/wp:paragraph --><!-- wp:paragraph --><\/p>\n<p><strong>Applicable laws<\/strong><\/p>\n<p>This document is subject to the laws applicable in France and aims to comply with its necessary rules and regulations. This includes the EU-wide regulations set out in the RGPD.<\/p>\n<p><!-- \/wp:paragraph --><!-- wp:paragraph --><\/p>\n<p><strong>Divisibility<\/strong><\/p>\n<p>If, at any time, any of the provisions set forth herein are found to be inconsistent with or invalid under applicable law, such provisions shall be deemed null and void and shall be removed from this document. All other provisions shall remain unaffected by such laws, and the remainder of this document shall continue to be considered valid.<\/p>\n<p><!-- \/wp:paragraph --><!-- wp:paragraph --><\/p>\n<p><strong>Modifications<\/strong><\/p>\n<p>These terms and conditions may be amended from time to time in order to maintain compliance with the law and to reflect any changes to the way we operate our site and the way we expect users to behave on our site. We recommend that our users check these terms and conditions from time to time to ensure that they are aware of any updates. If necessary, we will notify users by e-mail of changes to these terms and conditions or post a notice on our site.<\/p>\n<p><!-- \/wp:paragraph --><!-- wp:paragraph --><\/p>\n<p><strong>Contact<\/strong><\/p>\n<p>Please contact us if you have any questions or concerns. Our contact information is as follows:<\/p>\n<p>contact@scrat-tech.fr<\/p>\n<p>Head office: 32 rue des Aulnes 68240 Kaysersberg<\/p>\n<p><!-- \/wp:paragraph --><!-- wp:paragraph --><\/p>\n<p><em>Effective date : <\/em>November 14, 2020.<\/p>\n<p><!-- \/wp:paragraph --><\/p>\t\t\t\t\t\t\t\t<\/div>\n\t\t\t\t<\/div>\n\t\t\t\t\t<\/div>\n\t\t<\/div>\n\t\t\t\t\t<\/div>\n\t\t<\/section>\n\t\t\t\t<\/div>","protected":false},"excerpt":{"rendered":"<p>GENERAL TERMS AND CONDITIONS These general terms and conditions govern the use of this site www.scrat-tech.fr. This site is owned and operated by Guillaume Lesieur. By using this site, you indicate that you have read and understood the terms of use and that you agree to abide by them at all times. Type of site: e-commerce Intellectual property All content published and [\u2026]<\/p>","protected":false},"author":2,"featured_media":0,"parent":0,"menu_order":0,"comment_status":"closed","ping_status":"open","template":"elementor_canvas","meta":{"footnotes":""},"class_list":["post-34452","page","type-page","status-publish","hentry"],"yoast_head":"<!-- This site is optimized with the Yoast SEO Premium plugin v24.4 (Yoast SEO v24.4) - https:\/\/yoast.com\/wordpress\/plugins\/seo\/ -->\n<title>Conditions g\u00e9n\u00e9rales - SCRAT<\/title>\n<meta name=\"robots\" content=\"index, follow, max-snippet:-1, max-image-preview:large, max-video-preview:-1\" \/>\n<link rel=\"canonical\" href=\"https:\/\/scrat-tech.fr\/en\/general-conditions\/\" \/>\n<meta name=\"twitter:card\" content=\"summary_large_image\" \/>\n<meta name=\"twitter:title\" content=\"Conditions g\u00e9n\u00e9rales - SCRAT\" \/>\n<meta name=\"twitter:description\" content=\"CONDITIONS G\u00c9N\u00c9RALES Les pr\u00e9sentes conditions g\u00e9n\u00e9rales r\u00e9gissent l\u2019utilisation de ce site www.scrat-tech.fr.Ce site appartient et est g\u00e9r\u00e9 par Guillaume LesieurEn utilisant ce site, vous indiquez que vous avez lu et compris les conditions d\u2019utilisation et que vous acceptez de les respecter en tout temps. Type de site : e-commerce Propri\u00e9t\u00e9 intellectuelle Tout contenu publi\u00e9 et [&hellip;]\" \/>\n<meta name=\"twitter:site\" content=\"@SCRAT_Rider\" \/>\n<meta name=\"twitter:label1\" content=\"Est. reading time\" \/>\n\t<meta name=\"twitter:data1\" content=\"4 minutes\" \/>\n<script type=\"application\/ld+json\" class=\"yoast-schema-graph\">{\"@context\":\"https:\/\/schema.org\",\"@graph\":[{\"@type\":\"WebPage\",\"@id\":\"https:\/\/scrat-tech.fr\/conditions-generales\/\",\"url\":\"https:\/\/scrat-tech.fr\/conditions-generales\/\",\"name\":\"Conditions g\u00e9n\u00e9rales - SCRAT\",\"isPartOf\":{\"@id\":\"https:\/\/scrat-tech.fr\/#website\"},\"datePublished\":\"2020-11-14T12:41:27+00:00\",\"dateModified\":\"2025-04-28T13:50:40+00:00\",\"breadcrumb\":{\"@id\":\"https:\/\/scrat-tech.fr\/conditions-generales\/#breadcrumb\"},\"inLanguage\":\"en-US\",\"potentialAction\":[{\"@type\":\"ReadAction\",\"target\":[\"https:\/\/scrat-tech.fr\/conditions-generales\/\"]}]},{\"@type\":\"BreadcrumbList\",\"@id\":\"https:\/\/scrat-tech.fr\/conditions-generales\/#breadcrumb\",\"itemListElement\":[{\"@type\":\"ListItem\",\"position\":1,\"name\":\"Accueil\",\"item\":\"https:\/\/scrat-tech.fr\/\"},{\"@type\":\"ListItem\",\"position\":2,\"name\":\"Conditions g\u00e9n\u00e9rales\"}]},{\"@type\":\"WebSite\",\"@id\":\"https:\/\/scrat-tech.fr\/#website\",\"url\":\"https:\/\/scrat-tech.fr\/\",\"name\":\"SCRAT\",\"description\":\"\",\"publisher\":{\"@id\":\"https:\/\/scrat-tech.fr\/#organization\"},\"potentialAction\":[{\"@type\":\"SearchAction\",\"target\":{\"@type\":\"EntryPoint\",\"urlTemplate\":\"https:\/\/scrat-tech.fr\/?s={search_term_string}\"},\"query-input\":{\"@type\":\"PropertyValueSpecification\",\"valueRequired\":true,\"valueName\":\"search_term_string\"}}],\"inLanguage\":\"en-US\"},{\"@type\":\"Organization\",\"@id\":\"https:\/\/scrat-tech.fr\/#organization\",\"name\":\"SCRAT\",\"url\":\"https:\/\/scrat-tech.fr\/\",\"logo\":{\"@type\":\"ImageObject\",\"inLanguage\":\"en-US\",\"@id\":\"https:\/\/scrat-tech.fr\/#\/schema\/logo\/image\/\",\"url\":\"https:\/\/scrat-tech.fr\/wp-content\/uploads\/2024\/10\/cropped-tuyu_monte.png\",\"contentUrl\":\"https:\/\/scrat-tech.fr\/wp-content\/uploads\/2024\/10\/cropped-tuyu_monte.png\",\"width\":512,\"height\":512,\"caption\":\"SCRAT\"},\"image\":{\"@id\":\"https:\/\/scrat-tech.fr\/#\/schema\/logo\/image\/\"},\"sameAs\":[\"https:\/\/www.facebook.com\/ScratRider\/\",\"https:\/\/x.com\/SCRAT_Rider\",\"https:\/\/instagram.com\/scrat_rider\",\"https:\/\/youtube.com\/c\/SCRAT\"]}]}<\/script>\n<!-- \/ Yoast SEO Premium plugin. -->","yoast_head_json":{"title":"General conditions - SCRAT","robots":{"index":"index","follow":"follow","max-snippet":"max-snippet:-1","max-image-preview":"max-image-preview:large","max-video-preview":"max-video-preview:-1"},"canonical":"https:\/\/scrat-tech.fr\/en\/general-conditions\/","twitter_card":"summary_large_image","twitter_title":"Conditions g\u00e9n\u00e9rales - SCRAT","twitter_description":"CONDITIONS G\u00c9N\u00c9RALES Les pr\u00e9sentes conditions g\u00e9n\u00e9rales r\u00e9gissent l\u2019utilisation de ce site www.scrat-tech.fr.Ce site appartient et est g\u00e9r\u00e9 par Guillaume LesieurEn utilisant ce site, vous indiquez que vous avez lu et compris les conditions d\u2019utilisation et que vous acceptez de les respecter en tout temps. Type de site : e-commerce Propri\u00e9t\u00e9 intellectuelle Tout contenu publi\u00e9 et [&hellip;]","twitter_site":"@SCRAT_Rider","twitter_misc":{"Est. reading time":"4 minutes"},"schema":{"@context":"https:\/\/schema.org","@graph":[{"@type":"WebPage","@id":"https:\/\/scrat-tech.fr\/conditions-generales\/","url":"https:\/\/scrat-tech.fr\/conditions-generales\/","name":"General conditions - SCRAT","isPartOf":{"@id":"https:\/\/scrat-tech.fr\/#website"},"datePublished":"2020-11-14T12:41:27+00:00","dateModified":"2025-04-28T13:50:40+00:00","breadcrumb":{"@id":"https:\/\/scrat-tech.fr\/conditions-generales\/#breadcrumb"},"inLanguage":"en-US","potentialAction":[{"@type":"ReadAction","target":["https:\/\/scrat-tech.fr\/conditions-generales\/"]}]},{"@type":"BreadcrumbList","@id":"https:\/\/scrat-tech.fr\/conditions-generales\/#breadcrumb","itemListElement":[{"@type":"ListItem","position":1,"name":"Accueil","item":"https:\/\/scrat-tech.fr\/"},{"@type":"ListItem","position":2,"name":"Conditions g\u00e9n\u00e9rales"}]},{"@type":"WebSite","@id":"https:\/\/scrat-tech.fr\/#website","url":"https:\/\/scrat-tech.fr\/","name":"SCRAT","description":"","publisher":{"@id":"https:\/\/scrat-tech.fr\/#organization"},"potentialAction":[{"@type":"SearchAction","target":{"@type":"EntryPoint","urlTemplate":"https:\/\/scrat-tech.fr\/?s={search_term_string}"},"query-input":{"@type":"PropertyValueSpecification","valueRequired":true,"valueName":"search_term_string"}}],"inLanguage":"en-US"},{"@type":"Organization","@id":"https:\/\/scrat-tech.fr\/#organization","name":"SCRAT","url":"https:\/\/scrat-tech.fr\/","logo":{"@type":"ImageObject","inLanguage":"en-US","@id":"https:\/\/scrat-tech.fr\/#\/schema\/logo\/image\/","url":"https:\/\/scrat-tech.fr\/wp-content\/uploads\/2024\/10\/cropped-tuyu_monte.png","contentUrl":"https:\/\/scrat-tech.fr\/wp-content\/uploads\/2024\/10\/cropped-tuyu_monte.png","width":512,"height":512,"caption":"SCRAT"},"image":{"@id":"https:\/\/scrat-tech.fr\/#\/schema\/logo\/image\/"},"sameAs":["https:\/\/www.facebook.com\/ScratRider\/","https:\/\/x.com\/SCRAT_Rider","https:\/\/instagram.com\/scrat_rider","https:\/\/youtube.com\/c\/SCRAT"]}]}},"_links":{"self":[{"href":"https:\/\/scrat-tech.fr\/en\/wp-json\/wp\/v2\/pages\/34452","targetHints":{"allow":["GET"]}}],"collection":[{"href":"https:\/\/scrat-tech.fr\/en\/wp-json\/wp\/v2\/pages"}],"about":[{"href":"https:\/\/scrat-tech.fr\/en\/wp-json\/wp\/v2\/types\/page"}],"author":[{"embeddable":true,"href":"https:\/\/scrat-tech.fr\/en\/wp-json\/wp\/v2\/users\/2"}],"replies":[{"embeddable":true,"href":"https:\/\/scrat-tech.fr\/en\/wp-json\/wp\/v2\/comments?post=34452"}],"version-history":[{"count":3,"href":"https:\/\/scrat-tech.fr\/en\/wp-json\/wp\/v2\/pages\/34452\/revisions"}],"predecessor-version":[{"id":48875,"href":"https:\/\/scrat-tech.fr\/en\/wp-json\/wp\/v2\/pages\/34452\/revisions\/48875"}],"wp:attachment":[{"href":"https:\/\/scrat-tech.fr\/en\/wp-json\/wp\/v2\/media?parent=34452"}],"curies":[{"name":"wp","href":"https:\/\/api.w.org\/{rel}","templated":true}]}}