{"id":2233,"date":"2017-05-12T17:21:55","date_gmt":"2017-05-12T15:21:55","guid":{"rendered":"https:\/?page_id=2233"},"modified":"2017-05-12T17:46:22","modified_gmt":"2017-05-12T15:46:22","slug":"configure-nightbot-lives-youtube","status":"publish","type":"page","link":"https:\/\/scrat-tech.fr\/en\/windows\/configure-nightbot-lives-youtube\/","title":{"rendered":"Configure NightBot for your YouTube lives"},"content":{"rendered":"<h3 style=\"text-align: center;\"><strong>NightBot is a moderator bot that manages your chat efficiently, learn how to set it up in this tutorial!<\/strong><\/h3>\n<p>Do you do YouTube lives regularly but you are invaded by spam, insults, or even too many emoticons or symbols? Well, thanks to NightBot you will be able to do your lives peacefully! Other very nice options are also available!<\/p>\n<p style=\"text-align: center;\"><a href=\"http:\/\/www.youtube.com\/user\/game682400?sub_confirmation=1\" target=\"_blank\" rel=\"noopener noreferrer\"><img decoding=\"async\" class=\"aligncenter wp-image-1766\" src=\"https:\/\/scrat-tech.fr\/wp-content\/uploads\/2016\/11\/abonnez-1024x283.jpg\" width=\"400\" height=\"110\" srcset=\"https:\/\/scrat-tech.fr\/wp-content\/uploads\/2016\/11\/abonnez-1024x283.jpg 1024w, https:\/\/scrat-tech.fr\/wp-content\/uploads\/2016\/11\/abonnez-600x166.jpg 600w, https:\/\/scrat-tech.fr\/wp-content\/uploads\/2016\/11\/abonnez-300x83.jpg 300w, https:\/\/scrat-tech.fr\/wp-content\/uploads\/2016\/11\/abonnez-768x212.jpg 768w, https:\/\/scrat-tech.fr\/wp-content\/uploads\/2016\/11\/abonnez.jpg 1631w\" sizes=\"(max-width: 400px) 100vw, 400px\" \/><\/a><em><span style=\"color: #808080;\">Click here to subscribe and support me, it costs you nothing and makes me happy \ud83d\ude42<\/span><\/em><\/p>\n<p>NightBot is an autonomous moderator that will detect on its own the users who are spoiling your YouTube live chat. Whether it is simple spam by repeating several words or messages, filling messages with emoticons or symbols, or even entire messages written only in capital letters, NightBot will immediately detect the person at the origin of the message and will ban them for a certain period of time. By default, during the first warning, NightBot will ban the person for 5 seconds, it happens that the person does not know that they should not put too many emoticons or capital letters... etc. If the person repeats the ban will be longer! And it is up to you to choose how long the person will be banned from chatting in your live comments.<\/p>\n<p>Program banned words, allowed links, limit on emoticons, symbols or capital letters... Set user ban times, choose who is spared (<em>moderators for example<\/em>)... etc...<\/p>\n<p>Another nice option is the <strong>Timer<\/strong>, it allows you to program the NightBot so that it displays a certain message regularly. It is up to you to customize the message as well as the interval time between each message. Also define a minimum number of lines between each NightBot message so that it does not speak to itself if no one is present on your YouTube live.<\/p>\n<p>And finally the <strong>Commands<\/strong> allow you to perform various actions in the chat by typing an exclamation point and a certain pasted word. You can also create custom commands and choose who can perform them.<\/p>\n<p><strong>To configure NightBot go to its site by clicking <a href=\"http:\/\/www.clictune.com\/4mts\" target=\"_blank\" rel=\"noopener noreferrer\">ICI<\/a>or simply follow the link in the video description on YouTube.<\/strong><\/p>\n<p><iframe width=\"800\" height=\"450\" src=\"https:\/\/www.youtube.com\/embed\/z9vcGrkPTWg?feature=oembed\" frameborder=\"0\" allowfullscreen><\/iframe><\/p>","protected":false},"excerpt":{"rendered":"<p>NightBot is a moderator robot that manages your chat efficiently. Learn how to set it up in this tutorial! Do you regularly do YouTube live streams but are bombarded with spam, insults, or even too many emoticons or symbols? Well, thanks to NightBot, you&#039;ll be able to do your live streams with peace of mind! [\u2026]<\/p>","protected":false},"author":2,"featured_media":2241,"parent":40,"menu_order":0,"comment_status":"closed","ping_status":"open","template":"","meta":{"footnotes":""},"class_list":["post-2233","page","type-page","status-publish","has-post-thumbnail","hentry"],"yoast_head":"<!-- This site is optimized with the Yoast SEO Premium plugin v24.4 (Yoast SEO v24.4) - https:\/\/yoast.com\/wordpress\/plugins\/seo\/ -->\n<title>Configurer NightBot pour ses lives YouTube | Robot mod\u00e9rateur - TUTO<\/title>\n<meta name=\"description\" content=\"NightBot est un robot mod\u00e9rateur qui g\u00e8re votre chat efficacement pour tous vos lives YouTube, apprenez \u00e0 le configurer correctement dans ce tutoriel !\" \/>\n<meta name=\"robots\" content=\"index, follow, max-snippet:-1, max-image-preview:large, max-video-preview:-1\" \/>\n<link rel=\"canonical\" href=\"https:\/\/scrat-tech.fr\/en\/windows\/configure-nightbot-lives-youtube\/\" \/>\n<meta name=\"twitter:card\" content=\"summary_large_image\" \/>\n<meta name=\"twitter:title\" content=\"Configurer NightBot pour ses lives YouTube | Robot mod\u00e9rateur - TUTO\" \/>\n<meta name=\"twitter:description\" content=\"NightBot est un robot mod\u00e9rateur qui g\u00e8re votre chat efficacement pour tous vos lives YouTube, apprenez \u00e0 le configurer correctement dans ce tutoriel !\" \/>\n<meta name=\"twitter:image\" content=\"https:\/\/scrat-tech.fr\/wp-content\/uploads\/2017\/05\/1ni.jpg\" \/>\n<meta name=\"twitter:site\" content=\"@SCRAT_Rider\" \/>\n<meta name=\"twitter:label1\" content=\"Est. reading time\" \/>\n\t<meta name=\"twitter:data1\" content=\"2 minutes\" \/>\n<script type=\"application\/ld+json\" class=\"yoast-schema-graph\">{\"@context\":\"https:\/\/schema.org\",\"@graph\":[{\"@type\":\"WebPage\",\"@id\":\"https:\/\/scrat-tech.fr\/windows\/configurer-nightbot-lives-youtube\/\",\"url\":\"https:\/\/scrat-tech.fr\/windows\/configurer-nightbot-lives-youtube\/\",\"name\":\"Configurer NightBot pour ses lives YouTube | Robot mod\u00e9rateur - TUTO\",\"isPartOf\":{\"@id\":\"https:\/\/scrat-tech.fr\/#website\"},\"primaryImageOfPage\":{\"@id\":\"https:\/\/scrat-tech.fr\/windows\/configurer-nightbot-lives-youtube\/#primaryimage\"},\"image\":{\"@id\":\"https:\/\/scrat-tech.fr\/windows\/configurer-nightbot-lives-youtube\/#primaryimage\"},\"thumbnailUrl\":\"https:\/\/scrat-tech.fr\/wp-content\/uploads\/2017\/05\/1ni.jpg\",\"datePublished\":\"2017-05-12T15:21:55+00:00\",\"dateModified\":\"2017-05-12T15:46:22+00:00\",\"description\":\"NightBot est un robot mod\u00e9rateur qui g\u00e8re votre chat efficacement pour tous vos lives YouTube, apprenez \u00e0 le configurer correctement dans ce tutoriel !\",\"breadcrumb\":{\"@id\":\"https:\/\/scrat-tech.fr\/windows\/configurer-nightbot-lives-youtube\/#breadcrumb\"},\"inLanguage\":\"en-US\",\"potentialAction\":[{\"@type\":\"ReadAction\",\"target\":[\"https:\/\/scrat-tech.fr\/windows\/configurer-nightbot-lives-youtube\/\"]}]},{\"@type\":\"ImageObject\",\"inLanguage\":\"en-US\",\"@id\":\"https:\/\/scrat-tech.fr\/windows\/configurer-nightbot-lives-youtube\/#primaryimage\",\"url\":\"https:\/\/scrat-tech.fr\/wp-content\/uploads\/2017\/05\/1ni.jpg\",\"contentUrl\":\"https:\/\/scrat-tech.fr\/wp-content\/uploads\/2017\/05\/1ni.jpg\",\"width\":1920,\"height\":1080,\"caption\":\"nightbot youtube lives configurer chat\"},{\"@type\":\"BreadcrumbList\",\"@id\":\"https:\/\/scrat-tech.fr\/windows\/configurer-nightbot-lives-youtube\/#breadcrumb\",\"itemListElement\":[{\"@type\":\"ListItem\",\"position\":1,\"name\":\"Accueil\",\"item\":\"https:\/\/scrat-tech.fr\/\"},{\"@type\":\"ListItem\",\"position\":2,\"name\":\"Windows\",\"item\":\"https:\/\/scrat-tech.fr\/en\/windows\/\"},{\"@type\":\"ListItem\",\"position\":3,\"name\":\"Configurer NightBot pour ses lives YouTube\"}]},{\"@type\":\"WebSite\",\"@id\":\"https:\/\/scrat-tech.fr\/#website\",\"url\":\"https:\/\/scrat-tech.fr\/\",\"name\":\"SCRAT\",\"description\":\"\",\"publisher\":{\"@id\":\"https:\/\/scrat-tech.fr\/#organization\"},\"potentialAction\":[{\"@type\":\"SearchAction\",\"target\":{\"@type\":\"EntryPoint\",\"urlTemplate\":\"https:\/\/scrat-tech.fr\/?s={search_term_string}\"},\"query-input\":{\"@type\":\"PropertyValueSpecification\",\"valueRequired\":true,\"valueName\":\"search_term_string\"}}],\"inLanguage\":\"en-US\"},{\"@type\":\"Organization\",\"@id\":\"https:\/\/scrat-tech.fr\/#organization\",\"name\":\"SCRAT\",\"url\":\"https:\/\/scrat-tech.fr\/\",\"logo\":{\"@type\":\"ImageObject\",\"inLanguage\":\"en-US\",\"@id\":\"https:\/\/scrat-tech.fr\/#\/schema\/logo\/image\/\",\"url\":\"https:\/\/scrat-tech.fr\/wp-content\/uploads\/2024\/10\/cropped-tuyu_monte.png\",\"contentUrl\":\"https:\/\/scrat-tech.fr\/wp-content\/uploads\/2024\/10\/cropped-tuyu_monte.png\",\"width\":512,\"height\":512,\"caption\":\"SCRAT\"},\"image\":{\"@id\":\"https:\/\/scrat-tech.fr\/#\/schema\/logo\/image\/\"},\"sameAs\":[\"https:\/\/www.facebook.com\/ScratRider\/\",\"https:\/\/x.com\/SCRAT_Rider\",\"https:\/\/instagram.com\/scrat_rider\",\"https:\/\/youtube.com\/c\/SCRAT\"]}]}<\/script>\n<!-- \/ Yoast SEO Premium plugin. -->","yoast_head_json":{"title":"Configure NightBot for your YouTube lives | Moderator robot - TUTORIAL","description":"NightBot is a moderator robot that manages your chat efficiently for all your YouTube lives, learn how to configure it correctly in this tutorial!","robots":{"index":"index","follow":"follow","max-snippet":"max-snippet:-1","max-image-preview":"max-image-preview:large","max-video-preview":"max-video-preview:-1"},"canonical":"https:\/\/scrat-tech.fr\/en\/windows\/configure-nightbot-lives-youtube\/","twitter_card":"summary_large_image","twitter_title":"Configurer NightBot pour ses lives YouTube | Robot mod\u00e9rateur - TUTO","twitter_description":"NightBot est un robot mod\u00e9rateur qui g\u00e8re votre chat efficacement pour tous vos lives YouTube, apprenez \u00e0 le configurer correctement dans ce tutoriel !","twitter_image":"https:\/\/scrat-tech.fr\/wp-content\/uploads\/2017\/05\/1ni.jpg","twitter_site":"@SCRAT_Rider","twitter_misc":{"Est. reading time":"2 minutes"},"schema":{"@context":"https:\/\/schema.org","@graph":[{"@type":"WebPage","@id":"https:\/\/scrat-tech.fr\/windows\/configurer-nightbot-lives-youtube\/","url":"https:\/\/scrat-tech.fr\/windows\/configurer-nightbot-lives-youtube\/","name":"Configure NightBot for your YouTube lives | Moderator robot - TUTORIAL","isPartOf":{"@id":"https:\/\/scrat-tech.fr\/#website"},"primaryImageOfPage":{"@id":"https:\/\/scrat-tech.fr\/windows\/configurer-nightbot-lives-youtube\/#primaryimage"},"image":{"@id":"https:\/\/scrat-tech.fr\/windows\/configurer-nightbot-lives-youtube\/#primaryimage"},"thumbnailUrl":"https:\/\/scrat-tech.fr\/wp-content\/uploads\/2017\/05\/1ni.jpg","datePublished":"2017-05-12T15:21:55+00:00","dateModified":"2017-05-12T15:46:22+00:00","description":"NightBot is a moderator robot that manages your chat efficiently for all your YouTube lives, learn how to configure it correctly in this tutorial!","breadcrumb":{"@id":"https:\/\/scrat-tech.fr\/windows\/configurer-nightbot-lives-youtube\/#breadcrumb"},"inLanguage":"en-US","potentialAction":[{"@type":"ReadAction","target":["https:\/\/scrat-tech.fr\/windows\/configurer-nightbot-lives-youtube\/"]}]},{"@type":"ImageObject","inLanguage":"en-US","@id":"https:\/\/scrat-tech.fr\/windows\/configurer-nightbot-lives-youtube\/#primaryimage","url":"https:\/\/scrat-tech.fr\/wp-content\/uploads\/2017\/05\/1ni.jpg","contentUrl":"https:\/\/scrat-tech.fr\/wp-content\/uploads\/2017\/05\/1ni.jpg","width":1920,"height":1080,"caption":"nightbot youtube lives configurer chat"},{"@type":"BreadcrumbList","@id":"https:\/\/scrat-tech.fr\/windows\/configurer-nightbot-lives-youtube\/#breadcrumb","itemListElement":[{"@type":"ListItem","position":1,"name":"Accueil","item":"https:\/\/scrat-tech.fr\/"},{"@type":"ListItem","position":2,"name":"Windows","item":"https:\/\/scrat-tech.fr\/en\/windows\/"},{"@type":"ListItem","position":3,"name":"Configurer NightBot pour ses lives YouTube"}]},{"@type":"WebSite","@id":"https:\/\/scrat-tech.fr\/#website","url":"https:\/\/scrat-tech.fr\/","name":"SCRAT","description":"","publisher":{"@id":"https:\/\/scrat-tech.fr\/#organization"},"potentialAction":[{"@type":"SearchAction","target":{"@type":"EntryPoint","urlTemplate":"https:\/\/scrat-tech.fr\/?s={search_term_string}"},"query-input":{"@type":"PropertyValueSpecification","valueRequired":true,"valueName":"search_term_string"}}],"inLanguage":"en-US"},{"@type":"Organization","@id":"https:\/\/scrat-tech.fr\/#organization","name":"SCRAT","url":"https:\/\/scrat-tech.fr\/","logo":{"@type":"ImageObject","inLanguage":"en-US","@id":"https:\/\/scrat-tech.fr\/#\/schema\/logo\/image\/","url":"https:\/\/scrat-tech.fr\/wp-content\/uploads\/2024\/10\/cropped-tuyu_monte.png","contentUrl":"https:\/\/scrat-tech.fr\/wp-content\/uploads\/2024\/10\/cropped-tuyu_monte.png","width":512,"height":512,"caption":"SCRAT"},"image":{"@id":"https:\/\/scrat-tech.fr\/#\/schema\/logo\/image\/"},"sameAs":["https:\/\/www.facebook.com\/ScratRider\/","https:\/\/x.com\/SCRAT_Rider","https:\/\/instagram.com\/scrat_rider","https:\/\/youtube.com\/c\/SCRAT"]}]}},"_links":{"self":[{"href":"https:\/\/scrat-tech.fr\/en\/wp-json\/wp\/v2\/pages\/2233","targetHints":{"allow":["GET"]}}],"collection":[{"href":"https:\/\/scrat-tech.fr\/en\/wp-json\/wp\/v2\/pages"}],"about":[{"href":"https:\/\/scrat-tech.fr\/en\/wp-json\/wp\/v2\/types\/page"}],"author":[{"embeddable":true,"href":"https:\/\/scrat-tech.fr\/en\/wp-json\/wp\/v2\/users\/2"}],"replies":[{"embeddable":true,"href":"https:\/\/scrat-tech.fr\/en\/wp-json\/wp\/v2\/comments?post=2233"}],"version-history":[{"count":0,"href":"https:\/\/scrat-tech.fr\/en\/wp-json\/wp\/v2\/pages\/2233\/revisions"}],"up":[{"embeddable":true,"href":"https:\/\/scrat-tech.fr\/en\/wp-json\/wp\/v2\/pages\/40"}],"wp:featuredmedia":[{"embeddable":true,"href":"https:\/\/scrat-tech.fr\/en\/wp-json\/wp\/v2\/media\/2241"}],"wp:attachment":[{"href":"https:\/\/scrat-tech.fr\/en\/wp-json\/wp\/v2\/media?parent=2233"}],"curies":[{"name":"wp","href":"https:\/\/api.w.org\/{rel}","templated":true}]}}