{"id":2221,"date":"2017-05-09T15:56:16","date_gmt":"2017-05-09T13:56:16","guid":{"rendered":"https:\/?page_id=2221"},"modified":"2017-05-09T16:15:46","modified_gmt":"2017-05-09T14:15:46","slug":"do-live-youtube-obs","status":"publish","type":"page","link":"https:\/\/scrat-tech.fr\/en\/windows\/faire-live-youtube-obs\/","title":{"rendered":"Go Live YouTube with OBS \u2013 Easily"},"content":{"rendered":"<h3 style=\"text-align: center;\"><strong>Learn how to make a YouTube live very easily and customize it your way with this complete tutorial on OBS!<\/strong><\/h3>\n<p style=\"text-align: left;\">Making a YouTube live is not complicated at all, only one software is enough, OBS Studio to broadcast your content live on your channel. Learn how to live YouTube very quickly in this video.<\/p>\n<p style=\"text-align: center;\"><a href=\"http:\/\/www.youtube.com\/user\/game682400?sub_confirmation=1\" target=\"_blank\" rel=\"noopener noreferrer\"><img decoding=\"async\" class=\"aligncenter wp-image-1766\" src=\"https:\/\/scrat-tech.fr\/wp-content\/uploads\/2016\/11\/abonnez-1024x283.jpg\" width=\"400\" height=\"110\" srcset=\"https:\/\/scrat-tech.fr\/wp-content\/uploads\/2016\/11\/abonnez-1024x283.jpg 1024w, https:\/\/scrat-tech.fr\/wp-content\/uploads\/2016\/11\/abonnez-600x166.jpg 600w, https:\/\/scrat-tech.fr\/wp-content\/uploads\/2016\/11\/abonnez-300x83.jpg 300w, https:\/\/scrat-tech.fr\/wp-content\/uploads\/2016\/11\/abonnez-768x212.jpg 768w, https:\/\/scrat-tech.fr\/wp-content\/uploads\/2016\/11\/abonnez.jpg 1631w\" sizes=\"(max-width: 400px) 100vw, 400px\" \/><\/a><em><span style=\"color: #808080;\">Click here to subscribe and support me, it costs you nothing and makes me happy \ud83d\ude42<\/span><\/em><\/p>\n<p style=\"text-align: left;\">At the end of this tutorial you will be ready to broadcast any content live on your channel. I will also teach you how to add some elements to personalize your YouTube live, such as a real-time subscriber counter, an overlay, images, or even donations made by your community on your live.<\/p>\n<p style=\"text-align: left;\">The software to use is OBS Studio, it is available for free at the end of the article and it requires a configuration to be done yourself during the first launch. So start by downloading and installing OBS Studio. Once launched, as in the video start by creating a new project then enter all the parameters as indicated in the video. Change the output if necessary if you do not want to stream in 1920x1080.<\/p>\n<p style=\"text-align: left;\">Now add the different elements to be displayed on the screen (<em>the order in which they appear is superposition, it is possible to place elements on multiple planes<\/em>). Remember to adjust your microphone or speaker levels on the right. Place your images or overlay where you want if you have one, then add donations or subscribers live.<\/p>\n<p style=\"text-align: left;\">To view donations go to <a href=\"http:\/\/www.clictune.com\/4mk1\" target=\"_blank\" rel=\"noopener noreferrer\"><strong>THIS SITE<\/strong><\/a> then click on <strong>Login<\/strong>. Then set up the interactions as shown in the video and then enter the browser source on OBS Studio. I advise you to uncheck &quot;<strong>Subscribers<\/strong>&quot; to avoid spamming your live messages. Then retrieve the link in the &quot; tab<strong>Donation Settings<\/strong>&quot; and place it in the description to allow your subscribers to donate to you and send a message in your video. The buttons <strong>Tests<\/strong> will allow you to see the result on OBS.<\/p>\n<p style=\"text-align: left;\">For comments you will have to go to <a href=\"http:\/\/www.clictune.com\/4mk2\" target=\"_blank\" rel=\"noopener noreferrer\"><strong>THIS SITE<\/strong><\/a> and enter your username before retrieving the link and pasting it on OBS. Once on OBS, configure the CSS as said in the video to change the font or color of the counter then place it where you want.<\/p>\n<p style=\"text-align: left;\">To start the YouTube live simply click on &quot;<strong>Start Streaming<\/strong>&quot;. Don&#039;t forget to never show your stream key or you&#039;ll have big problems with your channel because anyone can broadcast lives there!<\/p>\n<p style=\"text-align: left;\"><strong>The software to download is OBS Studio, it is available at <a href=\"http:\/\/www.clictune.com\/4mk3\" target=\"_blank\" rel=\"noopener noreferrer\">THIS LINK <\/a>or simply in a video description on YouTube.<\/strong><\/p>\n<p><iframe width=\"800\" height=\"450\" src=\"https:\/\/www.youtube.com\/embed\/KlPlM6fe19g?feature=oembed\" frameborder=\"0\" allowfullscreen><\/iframe><\/p>","protected":false},"excerpt":{"rendered":"<p>Apprenez \u00e0 faire un live YouTube tr\u00e8s facilement et personnalisez-le \u00e0 votre mani\u00e8re gr\u00e2ce \u00e0 ce tutoriel complet sur OBS ! Faire un live YouTube n&rsquo;est en rien compliqu\u00e9, un seul logiciel suffit, OBS Studio afin de diffuser votre contenu en direct\u00a0sur votre cha\u00eene. Apprenez \u00e0 votre live YouTube tr\u00e8s rapidement dans cette vid\u00e9o. Cliquez [&hellip;]<\/p>\n","protected":false},"author":2,"featured_media":2226,"parent":40,"menu_order":0,"comment_status":"closed","ping_status":"open","template":"","meta":{"footnotes":""},"class_list":["post-2221","page","type-page","status-publish","has-post-thumbnail","hentry"],"yoast_head":"<!-- This site is optimized with the Yoast SEO Premium plugin v24.4 (Yoast SEO v24.4) - https:\/\/yoast.com\/wordpress\/plugins\/seo\/ -->\n<title>Faire un live YouTube avec OBS | Facilement + Ajout des dons et abonn\u00e9s<\/title>\n<meta name=\"description\" content=\"Apprenez \u00e0 faire un live YouTube facilement et personnalisez-le \u00e0 votre mani\u00e8re gr\u00e2ce \u00e0 ce tutoriel complet ! Gr\u00e2ce \u00e0 OBS diffusez en direct sur YouTube !\" \/>\n<meta name=\"robots\" content=\"index, follow, max-snippet:-1, max-image-preview:large, max-video-preview:-1\" \/>\n<link rel=\"canonical\" href=\"https:\/\/www.scrat-tech.fr\/windows\/faire-live-youtube-obs\/\" \/>\n<meta name=\"twitter:card\" content=\"summary_large_image\" \/>\n<meta name=\"twitter:title\" content=\"Faire un live YouTube avec OBS | Facilement + Ajout des dons et abonn\u00e9s\" \/>\n<meta name=\"twitter:description\" content=\"Apprenez \u00e0 faire un live YouTube facilement et personnalisez-le \u00e0 votre mani\u00e8re gr\u00e2ce \u00e0 ce tutoriel complet ! Gr\u00e2ce \u00e0 OBS diffusez en direct sur YouTube !\" \/>\n<meta name=\"twitter:image\" content=\"https:\/\/scrat-tech.fr\/wp-content\/uploads\/2017\/05\/1.jpg\" \/>\n<meta name=\"twitter:site\" content=\"@SCRAT_Rider\" \/>\n<meta name=\"twitter:label1\" content=\"Est. reading time\" \/>\n\t<meta name=\"twitter:data1\" content=\"3 minutes\" \/>\n<script type=\"application\/ld+json\" class=\"yoast-schema-graph\">{\"@context\":\"https:\/\/schema.org\",\"@graph\":[{\"@type\":\"WebPage\",\"@id\":\"https:\/\/www.scrat-tech.fr\/windows\/faire-live-youtube-obs\/\",\"url\":\"https:\/\/www.scrat-tech.fr\/windows\/faire-live-youtube-obs\/\",\"name\":\"Faire un live YouTube avec OBS | Facilement + Ajout des dons et abonn\u00e9s\",\"isPartOf\":{\"@id\":\"https:\/\/scrat-tech.fr\/#website\"},\"primaryImageOfPage\":{\"@id\":\"https:\/\/www.scrat-tech.fr\/windows\/faire-live-youtube-obs\/#primaryimage\"},\"image\":{\"@id\":\"https:\/\/www.scrat-tech.fr\/windows\/faire-live-youtube-obs\/#primaryimage\"},\"thumbnailUrl\":\"https:\/\/scrat-tech.fr\/wp-content\/uploads\/2017\/05\/1.jpg\",\"datePublished\":\"2017-05-09T13:56:16+00:00\",\"dateModified\":\"2017-05-09T14:15:46+00:00\",\"description\":\"Apprenez \u00e0 faire un live YouTube facilement et personnalisez-le \u00e0 votre mani\u00e8re gr\u00e2ce \u00e0 ce tutoriel complet ! Gr\u00e2ce \u00e0 OBS diffusez en direct sur YouTube !\",\"breadcrumb\":{\"@id\":\"https:\/\/www.scrat-tech.fr\/windows\/faire-live-youtube-obs\/#breadcrumb\"},\"inLanguage\":\"en-US\",\"potentialAction\":[{\"@type\":\"ReadAction\",\"target\":[\"https:\/\/www.scrat-tech.fr\/windows\/faire-live-youtube-obs\/\"]}]},{\"@type\":\"ImageObject\",\"inLanguage\":\"en-US\",\"@id\":\"https:\/\/www.scrat-tech.fr\/windows\/faire-live-youtube-obs\/#primaryimage\",\"url\":\"https:\/\/scrat-tech.fr\/wp-content\/uploads\/2017\/05\/1.jpg\",\"contentUrl\":\"https:\/\/scrat-tech.fr\/wp-content\/uploads\/2017\/05\/1.jpg\",\"width\":1920,\"height\":1080,\"caption\":\"live youtube obs direct dons cha\u00eene\"},{\"@type\":\"BreadcrumbList\",\"@id\":\"https:\/\/www.scrat-tech.fr\/windows\/faire-live-youtube-obs\/#breadcrumb\",\"itemListElement\":[{\"@type\":\"ListItem\",\"position\":1,\"name\":\"Accueil\",\"item\":\"https:\/\/scrat-tech.fr\/\"},{\"@type\":\"ListItem\",\"position\":2,\"name\":\"Windows\",\"item\":\"https:\/\/scrat-tech.fr\/en\/windows\/\"},{\"@type\":\"ListItem\",\"position\":3,\"name\":\"Faire un live YouTube avec OBS &#8211; Facilement\"}]},{\"@type\":\"WebSite\",\"@id\":\"https:\/\/scrat-tech.fr\/#website\",\"url\":\"https:\/\/scrat-tech.fr\/\",\"name\":\"SCRAT\",\"description\":\"\",\"publisher\":{\"@id\":\"https:\/\/scrat-tech.fr\/#organization\"},\"potentialAction\":[{\"@type\":\"SearchAction\",\"target\":{\"@type\":\"EntryPoint\",\"urlTemplate\":\"https:\/\/scrat-tech.fr\/?s={search_term_string}\"},\"query-input\":{\"@type\":\"PropertyValueSpecification\",\"valueRequired\":true,\"valueName\":\"search_term_string\"}}],\"inLanguage\":\"en-US\"},{\"@type\":\"Organization\",\"@id\":\"https:\/\/scrat-tech.fr\/#organization\",\"name\":\"SCRAT\",\"url\":\"https:\/\/scrat-tech.fr\/\",\"logo\":{\"@type\":\"ImageObject\",\"inLanguage\":\"en-US\",\"@id\":\"https:\/\/scrat-tech.fr\/#\/schema\/logo\/image\/\",\"url\":\"https:\/\/scrat-tech.fr\/wp-content\/uploads\/2024\/10\/cropped-tuyu_monte.png\",\"contentUrl\":\"https:\/\/scrat-tech.fr\/wp-content\/uploads\/2024\/10\/cropped-tuyu_monte.png\",\"width\":512,\"height\":512,\"caption\":\"SCRAT\"},\"image\":{\"@id\":\"https:\/\/scrat-tech.fr\/#\/schema\/logo\/image\/\"},\"sameAs\":[\"https:\/\/www.facebook.com\/ScratRider\/\",\"https:\/\/x.com\/SCRAT_Rider\",\"https:\/\/instagram.com\/scrat_rider\",\"https:\/\/youtube.com\/c\/SCRAT\"]}]}<\/script>\n<!-- \/ Yoast SEO Premium plugin. -->","yoast_head_json":{"title":"Go Live YouTube with OBS | Easily + Add Donations and Subscribers","description":"Learn how to do a YouTube live easily and customize it your way with this complete tutorial! Broadcast live on YouTube with OBS!","robots":{"index":"index","follow":"follow","max-snippet":"max-snippet:-1","max-image-preview":"max-image-preview:large","max-video-preview":"max-video-preview:-1"},"canonical":"https:\/\/www.scrat-tech.fr\/windows\/faire-live-youtube-obs\/","twitter_card":"summary_large_image","twitter_title":"Faire un live YouTube avec OBS | Facilement + Ajout des dons et abonn\u00e9s","twitter_description":"Apprenez \u00e0 faire un live YouTube facilement et personnalisez-le \u00e0 votre mani\u00e8re gr\u00e2ce \u00e0 ce tutoriel complet ! Gr\u00e2ce \u00e0 OBS diffusez en direct sur YouTube !","twitter_image":"https:\/\/scrat-tech.fr\/wp-content\/uploads\/2017\/05\/1.jpg","twitter_site":"@SCRAT_Rider","twitter_misc":{"Est. reading time":"3 minutes"},"schema":{"@context":"https:\/\/schema.org","@graph":[{"@type":"WebPage","@id":"https:\/\/www.scrat-tech.fr\/windows\/faire-live-youtube-obs\/","url":"https:\/\/www.scrat-tech.fr\/windows\/faire-live-youtube-obs\/","name":"Go Live YouTube with OBS | Easily + Add Donations and Subscribers","isPartOf":{"@id":"https:\/\/scrat-tech.fr\/#website"},"primaryImageOfPage":{"@id":"https:\/\/www.scrat-tech.fr\/windows\/faire-live-youtube-obs\/#primaryimage"},"image":{"@id":"https:\/\/www.scrat-tech.fr\/windows\/faire-live-youtube-obs\/#primaryimage"},"thumbnailUrl":"https:\/\/scrat-tech.fr\/wp-content\/uploads\/2017\/05\/1.jpg","datePublished":"2017-05-09T13:56:16+00:00","dateModified":"2017-05-09T14:15:46+00:00","description":"Learn how to do a YouTube live easily and customize it your way with this complete tutorial! Broadcast live on YouTube with OBS!","breadcrumb":{"@id":"https:\/\/www.scrat-tech.fr\/windows\/faire-live-youtube-obs\/#breadcrumb"},"inLanguage":"en-US","potentialAction":[{"@type":"ReadAction","target":["https:\/\/www.scrat-tech.fr\/windows\/faire-live-youtube-obs\/"]}]},{"@type":"ImageObject","inLanguage":"en-US","@id":"https:\/\/www.scrat-tech.fr\/windows\/faire-live-youtube-obs\/#primaryimage","url":"https:\/\/scrat-tech.fr\/wp-content\/uploads\/2017\/05\/1.jpg","contentUrl":"https:\/\/scrat-tech.fr\/wp-content\/uploads\/2017\/05\/1.jpg","width":1920,"height":1080,"caption":"live youtube obs direct dons cha\u00eene"},{"@type":"BreadcrumbList","@id":"https:\/\/www.scrat-tech.fr\/windows\/faire-live-youtube-obs\/#breadcrumb","itemListElement":[{"@type":"ListItem","position":1,"name":"Accueil","item":"https:\/\/scrat-tech.fr\/"},{"@type":"ListItem","position":2,"name":"Windows","item":"https:\/\/scrat-tech.fr\/en\/windows\/"},{"@type":"ListItem","position":3,"name":"Faire un live YouTube avec OBS &#8211; Facilement"}]},{"@type":"WebSite","@id":"https:\/\/scrat-tech.fr\/#website","url":"https:\/\/scrat-tech.fr\/","name":"SCRAT","description":"","publisher":{"@id":"https:\/\/scrat-tech.fr\/#organization"},"potentialAction":[{"@type":"SearchAction","target":{"@type":"EntryPoint","urlTemplate":"https:\/\/scrat-tech.fr\/?s={search_term_string}"},"query-input":{"@type":"PropertyValueSpecification","valueRequired":true,"valueName":"search_term_string"}}],"inLanguage":"en-US"},{"@type":"Organization","@id":"https:\/\/scrat-tech.fr\/#organization","name":"SCRAT","url":"https:\/\/scrat-tech.fr\/","logo":{"@type":"ImageObject","inLanguage":"en-US","@id":"https:\/\/scrat-tech.fr\/#\/schema\/logo\/image\/","url":"https:\/\/scrat-tech.fr\/wp-content\/uploads\/2024\/10\/cropped-tuyu_monte.png","contentUrl":"https:\/\/scrat-tech.fr\/wp-content\/uploads\/2024\/10\/cropped-tuyu_monte.png","width":512,"height":512,"caption":"SCRAT"},"image":{"@id":"https:\/\/scrat-tech.fr\/#\/schema\/logo\/image\/"},"sameAs":["https:\/\/www.facebook.com\/ScratRider\/","https:\/\/x.com\/SCRAT_Rider","https:\/\/instagram.com\/scrat_rider","https:\/\/youtube.com\/c\/SCRAT"]}]}},"_links":{"self":[{"href":"https:\/\/scrat-tech.fr\/en\/wp-json\/wp\/v2\/pages\/2221","targetHints":{"allow":["GET"]}}],"collection":[{"href":"https:\/\/scrat-tech.fr\/en\/wp-json\/wp\/v2\/pages"}],"about":[{"href":"https:\/\/scrat-tech.fr\/en\/wp-json\/wp\/v2\/types\/page"}],"author":[{"embeddable":true,"href":"https:\/\/scrat-tech.fr\/en\/wp-json\/wp\/v2\/users\/2"}],"replies":[{"embeddable":true,"href":"https:\/\/scrat-tech.fr\/en\/wp-json\/wp\/v2\/comments?post=2221"}],"version-history":[{"count":0,"href":"https:\/\/scrat-tech.fr\/en\/wp-json\/wp\/v2\/pages\/2221\/revisions"}],"up":[{"embeddable":true,"href":"https:\/\/scrat-tech.fr\/en\/wp-json\/wp\/v2\/pages\/40"}],"wp:featuredmedia":[{"embeddable":true,"href":"https:\/\/scrat-tech.fr\/en\/wp-json\/wp\/v2\/media\/2226"}],"wp:attachment":[{"href":"https:\/\/scrat-tech.fr\/en\/wp-json\/wp\/v2\/media?parent=2221"}],"curies":[{"name":"wp","href":"https:\/\/api.w.org\/{rel}","templated":true}]}}