{"id":2146,"date":"2017-04-19T15:05:28","date_gmt":"2017-04-19T13:05:28","guid":{"rendered":"https:\/?page_id=2146"},"modified":"2017-04-19T15:14:42","modified_gmt":"2017-04-19T13:14:42","slug":"remove-youtube-copyright-notice","status":"publish","type":"page","link":"https:\/\/scrat-tech.fr\/en\/windows\/remove-youtube-copyright-notice\/","title":{"rendered":"Remove a copyright notice on YouTube"},"content":{"rendered":"<h3 style=\"text-align: center;\"><strong>Here is the only possible free trick to remove a copyright notice from a YouTube video!<\/strong><\/h3>\n<p>If a video on your YouTube channel has copyrighted music, then you probably got a copyright notice on it and therefore you can&#039;t monetize it, or worse, it&#039;s blocked in some countries. You should then remove this warning by following this tutorial.<\/p>\n<p style=\"text-align: center;\"><a href=\"http:\/\/www.youtube.com\/user\/game682400?sub_confirmation=1\" target=\"_blank\"><img decoding=\"async\" class=\"aligncenter wp-image-1766\" src=\"https:\/\/scrat-tech.fr\/wp-content\/uploads\/2016\/11\/abonnez-1024x283.jpg\" width=\"400\" height=\"110\" srcset=\"https:\/\/scrat-tech.fr\/wp-content\/uploads\/2016\/11\/abonnez-1024x283.jpg 1024w, https:\/\/scrat-tech.fr\/wp-content\/uploads\/2016\/11\/abonnez-600x166.jpg 600w, https:\/\/scrat-tech.fr\/wp-content\/uploads\/2016\/11\/abonnez-300x83.jpg 300w, https:\/\/scrat-tech.fr\/wp-content\/uploads\/2016\/11\/abonnez-768x212.jpg 768w, https:\/\/scrat-tech.fr\/wp-content\/uploads\/2016\/11\/abonnez.jpg 1631w\" sizes=\"(max-width: 400px) 100vw, 400px\" \/><\/a><em><span style=\"color: #808080;\">Click here to subscribe and support me, it costs you nothing and makes me happy \ud83d\ude42<\/span><\/em><\/p>\n<p>Know that nothing is lost in terms of monetization if you had a copyright notice on your video, as soon as you remove this warning you will be able to monetize your video again, the same goes for the blocking of the video in certain countries, once the warning is removed it will be available everywhere like all other YouTube videos.<\/p>\n<p>There are two ways to remove a copyright notice, the first is not cheap since it involves buying the rights to your video, this is sometimes very expensive, but you will be able to keep the music on your video. The second is the removal of copyrighted music, there is a tool directly on YouTube that will remove the music without having to delete the video and put it back online, so you will keep all the views, comments as well as likes and of course its SEO.<\/p>\n<p>The YouTube feature to use to remove the music may still degrade the audio quality of your video a little, but it will still be correct, that&#039;s the only negative point of this tip. It&#039;s up to you, either you keep the video with the warning and the music, or you remove it and end up with only the lyrics and sound effects (<em>everything except the music<\/em>).<\/p>\n<p><iframe width=\"800\" height=\"450\" src=\"https:\/\/www.youtube.com\/embed\/pU0CPKuauBg?feature=oembed\" frameborder=\"0\" allowfullscreen><\/iframe><\/p>","protected":false},"excerpt":{"rendered":"<p>Voici la seule astuce gratuite possible pour supprimer un avis de droit d&rsquo;auteur sur une vid\u00e9o YouTube ! Si une vid\u00e9o de votre cha\u00eene YouTube comporte une musique sous droit d&rsquo;auteur, alors vous avez certainement eu un avis de droit d&rsquo;auteur sur celle-ci et vous ne pouvez donc pas la mon\u00e9tiser, ou pire encore, elle [&hellip;]<\/p>","protected":false},"author":2,"featured_media":2147,"parent":40,"menu_order":0,"comment_status":"closed","ping_status":"open","template":"","meta":{"footnotes":""},"class_list":["post-2146","page","type-page","status-publish","has-post-thumbnail","hentry"],"yoast_head":"<!-- This site is optimized with the Yoast SEO Premium plugin v24.4 (Yoast SEO v24.4) - https:\/\/yoast.com\/wordpress\/plugins\/seo\/ -->\n<title>Supprimer un avis de droit d&#039;auteur sur YouTube et mon\u00e9tiser sa vid\u00e9o<\/title>\n<meta name=\"description\" content=\"Apprenez \u00e0 supprimer un avis de droit d&#039;auteur sur vos vid\u00e9os YouTube. Une fois l&#039;avertissement supprim\u00e9 vous pourrez la mon\u00e9tiser comme les autres !\" \/>\n<meta name=\"robots\" content=\"index, follow, max-snippet:-1, max-image-preview:large, max-video-preview:-1\" \/>\n<link rel=\"canonical\" href=\"https:\/\/scrat-tech.fr\/en\/windows\/remove-youtube-copyright-notice\/\" \/>\n<meta name=\"twitter:card\" content=\"summary_large_image\" \/>\n<meta name=\"twitter:title\" content=\"Supprimer un avis de droit d&#039;auteur sur YouTube et mon\u00e9tiser sa vid\u00e9o\" \/>\n<meta name=\"twitter:description\" content=\"Apprenez \u00e0 supprimer un avis de droit d&#039;auteur sur vos vid\u00e9os YouTube. Une fois l&#039;avertissement supprim\u00e9 vous pourrez la mon\u00e9tiser comme les autres !\" \/>\n<meta name=\"twitter:image\" content=\"https:\/\/scrat-tech.fr\/wp-content\/uploads\/2017\/04\/avis-droit-dauteur.jpg\" \/>\n<meta name=\"twitter:site\" content=\"@SCRAT_Rider\" \/>\n<meta name=\"twitter:label1\" content=\"Est. reading time\" \/>\n\t<meta name=\"twitter:data1\" content=\"2 minutes\" \/>\n<script type=\"application\/ld+json\" class=\"yoast-schema-graph\">{\"@context\":\"https:\/\/schema.org\",\"@graph\":[{\"@type\":\"WebPage\",\"@id\":\"https:\/\/scrat-tech.fr\/en\/windows\/remove-youtube-copyright-notice\/\",\"url\":\"https:\/\/scrat-tech.fr\/en\/windows\/remove-youtube-copyright-notice\/\",\"name\":\"Supprimer un avis de droit d'auteur sur YouTube et mon\u00e9tiser sa vid\u00e9o\",\"isPartOf\":{\"@id\":\"https:\/\/scrat-tech.fr\/#website\"},\"primaryImageOfPage\":{\"@id\":\"https:\/\/scrat-tech.fr\/en\/windows\/remove-youtube-copyright-notice\/#primaryimage\"},\"image\":{\"@id\":\"https:\/\/scrat-tech.fr\/en\/windows\/remove-youtube-copyright-notice\/#primaryimage\"},\"thumbnailUrl\":\"https:\/\/scrat-tech.fr\/wp-content\/uploads\/2017\/04\/avis-droit-dauteur.jpg\",\"datePublished\":\"2017-04-19T13:05:28+00:00\",\"dateModified\":\"2017-04-19T13:14:42+00:00\",\"description\":\"Apprenez \u00e0 supprimer un avis de droit d'auteur sur vos vid\u00e9os YouTube. Une fois l'avertissement supprim\u00e9 vous pourrez la mon\u00e9tiser comme les autres !\",\"breadcrumb\":{\"@id\":\"https:\/\/scrat-tech.fr\/en\/windows\/remove-youtube-copyright-notice\/#breadcrumb\"},\"inLanguage\":\"en-US\",\"potentialAction\":[{\"@type\":\"ReadAction\",\"target\":[\"https:\/\/scrat-tech.fr\/en\/windows\/remove-youtube-copyright-notice\/\"]}]},{\"@type\":\"ImageObject\",\"inLanguage\":\"en-US\",\"@id\":\"https:\/\/scrat-tech.fr\/en\/windows\/remove-youtube-copyright-notice\/#primaryimage\",\"url\":\"https:\/\/scrat-tech.fr\/wp-content\/uploads\/2017\/04\/avis-droit-dauteur.jpg\",\"contentUrl\":\"https:\/\/scrat-tech.fr\/wp-content\/uploads\/2017\/04\/avis-droit-dauteur.jpg\",\"width\":1920,\"height\":1080,\"caption\":\"droit d'auteur avis youtube avertissement supprimer\"},{\"@type\":\"BreadcrumbList\",\"@id\":\"https:\/\/scrat-tech.fr\/en\/windows\/remove-youtube-copyright-notice\/#breadcrumb\",\"itemListElement\":[{\"@type\":\"ListItem\",\"position\":1,\"name\":\"Accueil\",\"item\":\"https:\/\/scrat-tech.fr\/\"},{\"@type\":\"ListItem\",\"position\":2,\"name\":\"Windows\",\"item\":\"https:\/\/scrat-tech.fr\/en\/windows\/\"},{\"@type\":\"ListItem\",\"position\":3,\"name\":\"Supprimer un avis de droit d&rsquo;auteur sur YouTube\"}]},{\"@type\":\"WebSite\",\"@id\":\"https:\/\/scrat-tech.fr\/#website\",\"url\":\"https:\/\/scrat-tech.fr\/\",\"name\":\"SCRAT\",\"description\":\"\",\"publisher\":{\"@id\":\"https:\/\/scrat-tech.fr\/#organization\"},\"potentialAction\":[{\"@type\":\"SearchAction\",\"target\":{\"@type\":\"EntryPoint\",\"urlTemplate\":\"https:\/\/scrat-tech.fr\/?s={search_term_string}\"},\"query-input\":{\"@type\":\"PropertyValueSpecification\",\"valueRequired\":true,\"valueName\":\"search_term_string\"}}],\"inLanguage\":\"en-US\"},{\"@type\":\"Organization\",\"@id\":\"https:\/\/scrat-tech.fr\/#organization\",\"name\":\"SCRAT\",\"url\":\"https:\/\/scrat-tech.fr\/\",\"logo\":{\"@type\":\"ImageObject\",\"inLanguage\":\"en-US\",\"@id\":\"https:\/\/scrat-tech.fr\/#\/schema\/logo\/image\/\",\"url\":\"https:\/\/scrat-tech.fr\/wp-content\/uploads\/2024\/10\/cropped-tuyu_monte.png\",\"contentUrl\":\"https:\/\/scrat-tech.fr\/wp-content\/uploads\/2024\/10\/cropped-tuyu_monte.png\",\"width\":512,\"height\":512,\"caption\":\"SCRAT\"},\"image\":{\"@id\":\"https:\/\/scrat-tech.fr\/#\/schema\/logo\/image\/\"},\"sameAs\":[\"https:\/\/www.facebook.com\/ScratRider\/\",\"https:\/\/x.com\/SCRAT_Rider\",\"https:\/\/instagram.com\/scrat_rider\",\"https:\/\/youtube.com\/c\/SCRAT\"]}]}<\/script>\n<!-- \/ Yoast SEO Premium plugin. -->","yoast_head_json":{"title":"How to Remove a Copyright Notice on YouTube and Monetize Your Video","description":"Learn how to remove a copyright notice from your YouTube videos. Once the warning is removed you will be able to monetize it like the others!","robots":{"index":"index","follow":"follow","max-snippet":"max-snippet:-1","max-image-preview":"max-image-preview:large","max-video-preview":"max-video-preview:-1"},"canonical":"https:\/\/scrat-tech.fr\/en\/windows\/remove-youtube-copyright-notice\/","twitter_card":"summary_large_image","twitter_title":"Supprimer un avis de droit d'auteur sur YouTube et mon\u00e9tiser sa vid\u00e9o","twitter_description":"Apprenez \u00e0 supprimer un avis de droit d'auteur sur vos vid\u00e9os YouTube. Une fois l'avertissement supprim\u00e9 vous pourrez la mon\u00e9tiser comme les autres !","twitter_image":"https:\/\/scrat-tech.fr\/wp-content\/uploads\/2017\/04\/avis-droit-dauteur.jpg","twitter_site":"@SCRAT_Rider","twitter_misc":{"Est. reading time":"2 minutes"},"schema":{"@context":"https:\/\/schema.org","@graph":[{"@type":"WebPage","@id":"https:\/\/scrat-tech.fr\/en\/windows\/remove-youtube-copyright-notice\/","url":"https:\/\/scrat-tech.fr\/en\/windows\/remove-youtube-copyright-notice\/","name":"How to Remove a Copyright Notice on YouTube and Monetize Your Video","isPartOf":{"@id":"https:\/\/scrat-tech.fr\/#website"},"primaryImageOfPage":{"@id":"https:\/\/scrat-tech.fr\/en\/windows\/remove-youtube-copyright-notice\/#primaryimage"},"image":{"@id":"https:\/\/scrat-tech.fr\/en\/windows\/remove-youtube-copyright-notice\/#primaryimage"},"thumbnailUrl":"https:\/\/scrat-tech.fr\/wp-content\/uploads\/2017\/04\/avis-droit-dauteur.jpg","datePublished":"2017-04-19T13:05:28+00:00","dateModified":"2017-04-19T13:14:42+00:00","description":"Learn how to remove a copyright notice from your YouTube videos. Once the warning is removed you will be able to monetize it like the others!","breadcrumb":{"@id":"https:\/\/scrat-tech.fr\/en\/windows\/remove-youtube-copyright-notice\/#breadcrumb"},"inLanguage":"en-US","potentialAction":[{"@type":"ReadAction","target":["https:\/\/scrat-tech.fr\/en\/windows\/remove-youtube-copyright-notice\/"]}]},{"@type":"ImageObject","inLanguage":"en-US","@id":"https:\/\/scrat-tech.fr\/en\/windows\/remove-youtube-copyright-notice\/#primaryimage","url":"https:\/\/scrat-tech.fr\/wp-content\/uploads\/2017\/04\/avis-droit-dauteur.jpg","contentUrl":"https:\/\/scrat-tech.fr\/wp-content\/uploads\/2017\/04\/avis-droit-dauteur.jpg","width":1920,"height":1080,"caption":"droit d'auteur avis youtube avertissement supprimer"},{"@type":"BreadcrumbList","@id":"https:\/\/scrat-tech.fr\/en\/windows\/remove-youtube-copyright-notice\/#breadcrumb","itemListElement":[{"@type":"ListItem","position":1,"name":"Accueil","item":"https:\/\/scrat-tech.fr\/"},{"@type":"ListItem","position":2,"name":"Windows","item":"https:\/\/scrat-tech.fr\/en\/windows\/"},{"@type":"ListItem","position":3,"name":"Supprimer un avis de droit d&rsquo;auteur sur YouTube"}]},{"@type":"WebSite","@id":"https:\/\/scrat-tech.fr\/#website","url":"https:\/\/scrat-tech.fr\/","name":"SCRAT","description":"","publisher":{"@id":"https:\/\/scrat-tech.fr\/#organization"},"potentialAction":[{"@type":"SearchAction","target":{"@type":"EntryPoint","urlTemplate":"https:\/\/scrat-tech.fr\/?s={search_term_string}"},"query-input":{"@type":"PropertyValueSpecification","valueRequired":true,"valueName":"search_term_string"}}],"inLanguage":"en-US"},{"@type":"Organization","@id":"https:\/\/scrat-tech.fr\/#organization","name":"SCRAT","url":"https:\/\/scrat-tech.fr\/","logo":{"@type":"ImageObject","inLanguage":"en-US","@id":"https:\/\/scrat-tech.fr\/#\/schema\/logo\/image\/","url":"https:\/\/scrat-tech.fr\/wp-content\/uploads\/2024\/10\/cropped-tuyu_monte.png","contentUrl":"https:\/\/scrat-tech.fr\/wp-content\/uploads\/2024\/10\/cropped-tuyu_monte.png","width":512,"height":512,"caption":"SCRAT"},"image":{"@id":"https:\/\/scrat-tech.fr\/#\/schema\/logo\/image\/"},"sameAs":["https:\/\/www.facebook.com\/ScratRider\/","https:\/\/x.com\/SCRAT_Rider","https:\/\/instagram.com\/scrat_rider","https:\/\/youtube.com\/c\/SCRAT"]}]}},"_links":{"self":[{"href":"https:\/\/scrat-tech.fr\/en\/wp-json\/wp\/v2\/pages\/2146","targetHints":{"allow":["GET"]}}],"collection":[{"href":"https:\/\/scrat-tech.fr\/en\/wp-json\/wp\/v2\/pages"}],"about":[{"href":"https:\/\/scrat-tech.fr\/en\/wp-json\/wp\/v2\/types\/page"}],"author":[{"embeddable":true,"href":"https:\/\/scrat-tech.fr\/en\/wp-json\/wp\/v2\/users\/2"}],"replies":[{"embeddable":true,"href":"https:\/\/scrat-tech.fr\/en\/wp-json\/wp\/v2\/comments?post=2146"}],"version-history":[{"count":0,"href":"https:\/\/scrat-tech.fr\/en\/wp-json\/wp\/v2\/pages\/2146\/revisions"}],"up":[{"embeddable":true,"href":"https:\/\/scrat-tech.fr\/en\/wp-json\/wp\/v2\/pages\/40"}],"wp:featuredmedia":[{"embeddable":true,"href":"https:\/\/scrat-tech.fr\/en\/wp-json\/wp\/v2\/media\/2147"}],"wp:attachment":[{"href":"https:\/\/scrat-tech.fr\/en\/wp-json\/wp\/v2\/media?parent=2146"}],"curies":[{"name":"wp","href":"https:\/\/api.w.org\/{rel}","templated":true}]}}