{"id":2139,"date":"2017-04-19T13:43:38","date_gmt":"2017-04-19T11:43:38","guid":{"rendered":"https:\/?page_id=2139"},"modified":"2017-04-19T13:55:55","modified_gmt":"2017-04-19T11:55:55","slug":"hide-file-folder-pc","status":"publish","type":"page","link":"https:\/\/scrat-tech.fr\/en\/windows\/hide-file-folder-pc\/","title":{"rendered":"Efficiently hide a file \/ folder on your PC"},"content":{"rendered":"<h3 style=\"text-align: center;\"><strong>Here is a very simple way to hide a file or folder on your PC very easily without software.<\/strong><\/h3>\n<p>Need to hide something on your PC? Whether it&#039;s a file or even a folder full of files, this method is the easiest to do!<\/p>\n<p style=\"text-align: center;\"><a href=\"http:\/\/www.youtube.com\/user\/game682400?sub_confirmation=1\" target=\"_blank\"><img decoding=\"async\" class=\"aligncenter wp-image-1766\" src=\"https:\/\/scrat-tech.fr\/wp-content\/uploads\/2016\/11\/abonnez-1024x283.jpg\" width=\"400\" height=\"110\" srcset=\"https:\/\/scrat-tech.fr\/wp-content\/uploads\/2016\/11\/abonnez-1024x283.jpg 1024w, https:\/\/scrat-tech.fr\/wp-content\/uploads\/2016\/11\/abonnez-600x166.jpg 600w, https:\/\/scrat-tech.fr\/wp-content\/uploads\/2016\/11\/abonnez-300x83.jpg 300w, https:\/\/scrat-tech.fr\/wp-content\/uploads\/2016\/11\/abonnez-768x212.jpg 768w, https:\/\/scrat-tech.fr\/wp-content\/uploads\/2016\/11\/abonnez.jpg 1631w\" sizes=\"(max-width: 400px) 100vw, 400px\" \/><\/a><em><span style=\"color: #808080;\">Click here to subscribe and support me, it costs you nothing and makes me happy \ud83d\ude42<\/span><\/em><\/p>\n<p>No software is required, we will only use Windows options to hide our files.<\/p>\n<p>The principle of this trick is very simple, you just have to create a new folder and then place the file(s) or folder(s) that you want to hide. Then rename it with a simple <em>non-breaking space<\/em>, this is a slightly special space because it is considered a classic character, do not try with the classic space it will not work. To make a non-breaking space you have to press the key <strong>Alt<\/strong> + <strong>255<\/strong> (<em>on the numeric keypad<\/em>). On some PCs you have to do it very quickly, try several times until you see a space appear then do <strong>Entrance<\/strong> to validate the name. Now that the folder has an invisible name, all that remains is to define an invisible icon for it so that it is completely invisible as shown in the video.<\/p>\n<p>The only drawback of this method is that when you hover over invisible folders, a blue outline will appear around them, so preferably place them in a corner of your desktop or in another folder on your PC.<\/p>\n<p><iframe width=\"800\" height=\"450\" src=\"https:\/\/www.youtube.com\/embed\/HjpPkHQC1Bk?feature=oembed\" frameborder=\"0\" allowfullscreen><\/iframe><\/p>","protected":false},"excerpt":{"rendered":"<p>Voila une mani\u00e8re tr\u00e8s simple de cacher un fichier ou un dossier sur votre PC tr\u00e8s facilement sans logiciel. Besoin de cacher quelque chose sur votre PC ? Que ce soit un fichier ou bien m\u00eame un dossier remplit de fichiers cette m\u00e9thode est la plus simple \u00e0 r\u00e9aliser ! Cliquez ici pour vous abonner [&hellip;]<\/p>","protected":false},"author":2,"featured_media":2142,"parent":40,"menu_order":0,"comment_status":"closed","ping_status":"open","template":"","meta":{"footnotes":""},"class_list":["post-2139","page","type-page","status-publish","has-post-thumbnail","hentry"],"yoast_head":"<!-- This site is optimized with the Yoast SEO Premium plugin v24.4 (Yoast SEO v24.4) - https:\/\/yoast.com\/wordpress\/plugins\/seo\/ -->\n<title>Cacher de fa\u00e7on efficace un fichier \/ dossier sur son PC sans logiciel<\/title>\n<meta name=\"description\" content=\"Cacher de fa\u00e7on efficace un fichier ou un dossier plein de fichiers sur votre PC sans logiciel est tr\u00e8s facile et rapide gr\u00e2ce \u00e0 cette astuce !\" \/>\n<meta name=\"robots\" content=\"index, follow, max-snippet:-1, max-image-preview:large, max-video-preview:-1\" \/>\n<link rel=\"canonical\" href=\"https:\/\/scrat-tech.fr\/en\/windows\/hide-file-folder-pc\/\" \/>\n<meta name=\"twitter:card\" content=\"summary_large_image\" \/>\n<meta name=\"twitter:title\" content=\"Cacher de fa\u00e7on efficace un fichier \/ dossier sur son PC sans logiciel\" \/>\n<meta name=\"twitter:description\" content=\"Cacher de fa\u00e7on efficace un fichier ou un dossier plein de fichiers sur votre PC sans logiciel est tr\u00e8s facile et rapide gr\u00e2ce \u00e0 cette astuce !\" \/>\n<meta name=\"twitter:image\" content=\"https:\/\/scrat-tech.fr\/wp-content\/uploads\/2017\/04\/cacher-dossier.jpg\" \/>\n<meta name=\"twitter:site\" content=\"@SCRAT_Rider\" \/>\n<meta name=\"twitter:label1\" content=\"Est. reading time\" \/>\n\t<meta name=\"twitter:data1\" content=\"1 minute\" \/>\n<script type=\"application\/ld+json\" class=\"yoast-schema-graph\">{\"@context\":\"https:\/\/schema.org\",\"@graph\":[{\"@type\":\"WebPage\",\"@id\":\"https:\/\/scrat-tech.fr\/windows\/cacher-fichier-dossier-pc\/\",\"url\":\"https:\/\/scrat-tech.fr\/windows\/cacher-fichier-dossier-pc\/\",\"name\":\"Cacher de fa\u00e7on efficace un fichier \/ dossier sur son PC sans logiciel\",\"isPartOf\":{\"@id\":\"https:\/\/scrat-tech.fr\/#website\"},\"primaryImageOfPage\":{\"@id\":\"https:\/\/scrat-tech.fr\/windows\/cacher-fichier-dossier-pc\/#primaryimage\"},\"image\":{\"@id\":\"https:\/\/scrat-tech.fr\/windows\/cacher-fichier-dossier-pc\/#primaryimage\"},\"thumbnailUrl\":\"https:\/\/scrat-tech.fr\/wp-content\/uploads\/2017\/04\/cacher-dossier.jpg\",\"datePublished\":\"2017-04-19T11:43:38+00:00\",\"dateModified\":\"2017-04-19T11:55:55+00:00\",\"description\":\"Cacher de fa\u00e7on efficace un fichier ou un dossier plein de fichiers sur votre PC sans logiciel est tr\u00e8s facile et rapide gr\u00e2ce \u00e0 cette astuce !\",\"breadcrumb\":{\"@id\":\"https:\/\/scrat-tech.fr\/windows\/cacher-fichier-dossier-pc\/#breadcrumb\"},\"inLanguage\":\"en-US\",\"potentialAction\":[{\"@type\":\"ReadAction\",\"target\":[\"https:\/\/scrat-tech.fr\/windows\/cacher-fichier-dossier-pc\/\"]}]},{\"@type\":\"ImageObject\",\"inLanguage\":\"en-US\",\"@id\":\"https:\/\/scrat-tech.fr\/windows\/cacher-fichier-dossier-pc\/#primaryimage\",\"url\":\"https:\/\/scrat-tech.fr\/wp-content\/uploads\/2017\/04\/cacher-dossier.jpg\",\"contentUrl\":\"https:\/\/scrat-tech.fr\/wp-content\/uploads\/2017\/04\/cacher-dossier.jpg\",\"width\":1920,\"height\":1080,\"caption\":\"cacher fichier fichiers dossier pc\"},{\"@type\":\"BreadcrumbList\",\"@id\":\"https:\/\/scrat-tech.fr\/windows\/cacher-fichier-dossier-pc\/#breadcrumb\",\"itemListElement\":[{\"@type\":\"ListItem\",\"position\":1,\"name\":\"Accueil\",\"item\":\"https:\/\/scrat-tech.fr\/\"},{\"@type\":\"ListItem\",\"position\":2,\"name\":\"Windows\",\"item\":\"https:\/\/scrat-tech.fr\/en\/windows\/\"},{\"@type\":\"ListItem\",\"position\":3,\"name\":\"Cacher de fa\u00e7on efficace un fichier \/ dossier sur son PC\"}]},{\"@type\":\"WebSite\",\"@id\":\"https:\/\/scrat-tech.fr\/#website\",\"url\":\"https:\/\/scrat-tech.fr\/\",\"name\":\"SCRAT\",\"description\":\"\",\"publisher\":{\"@id\":\"https:\/\/scrat-tech.fr\/#organization\"},\"potentialAction\":[{\"@type\":\"SearchAction\",\"target\":{\"@type\":\"EntryPoint\",\"urlTemplate\":\"https:\/\/scrat-tech.fr\/?s={search_term_string}\"},\"query-input\":{\"@type\":\"PropertyValueSpecification\",\"valueRequired\":true,\"valueName\":\"search_term_string\"}}],\"inLanguage\":\"en-US\"},{\"@type\":\"Organization\",\"@id\":\"https:\/\/scrat-tech.fr\/#organization\",\"name\":\"SCRAT\",\"url\":\"https:\/\/scrat-tech.fr\/\",\"logo\":{\"@type\":\"ImageObject\",\"inLanguage\":\"en-US\",\"@id\":\"https:\/\/scrat-tech.fr\/#\/schema\/logo\/image\/\",\"url\":\"https:\/\/scrat-tech.fr\/wp-content\/uploads\/2024\/10\/cropped-tuyu_monte.png\",\"contentUrl\":\"https:\/\/scrat-tech.fr\/wp-content\/uploads\/2024\/10\/cropped-tuyu_monte.png\",\"width\":512,\"height\":512,\"caption\":\"SCRAT\"},\"image\":{\"@id\":\"https:\/\/scrat-tech.fr\/#\/schema\/logo\/image\/\"},\"sameAs\":[\"https:\/\/www.facebook.com\/ScratRider\/\",\"https:\/\/x.com\/SCRAT_Rider\",\"https:\/\/instagram.com\/scrat_rider\",\"https:\/\/youtube.com\/c\/SCRAT\"]}]}<\/script>\n<!-- \/ Yoast SEO Premium plugin. -->","yoast_head_json":{"title":"Effectively hide a file\/folder on your PC without software","description":"Effectively hiding a file or a folder full of files on your PC without software is very easy and quick with this trick!","robots":{"index":"index","follow":"follow","max-snippet":"max-snippet:-1","max-image-preview":"max-image-preview:large","max-video-preview":"max-video-preview:-1"},"canonical":"https:\/\/scrat-tech.fr\/en\/windows\/hide-file-folder-pc\/","twitter_card":"summary_large_image","twitter_title":"Cacher de fa\u00e7on efficace un fichier \/ dossier sur son PC sans logiciel","twitter_description":"Cacher de fa\u00e7on efficace un fichier ou un dossier plein de fichiers sur votre PC sans logiciel est tr\u00e8s facile et rapide gr\u00e2ce \u00e0 cette astuce !","twitter_image":"https:\/\/scrat-tech.fr\/wp-content\/uploads\/2017\/04\/cacher-dossier.jpg","twitter_site":"@SCRAT_Rider","twitter_misc":{"Est. reading time":"1 minute"},"schema":{"@context":"https:\/\/schema.org","@graph":[{"@type":"WebPage","@id":"https:\/\/scrat-tech.fr\/windows\/cacher-fichier-dossier-pc\/","url":"https:\/\/scrat-tech.fr\/windows\/cacher-fichier-dossier-pc\/","name":"Effectively hide a file\/folder on your PC without software","isPartOf":{"@id":"https:\/\/scrat-tech.fr\/#website"},"primaryImageOfPage":{"@id":"https:\/\/scrat-tech.fr\/windows\/cacher-fichier-dossier-pc\/#primaryimage"},"image":{"@id":"https:\/\/scrat-tech.fr\/windows\/cacher-fichier-dossier-pc\/#primaryimage"},"thumbnailUrl":"https:\/\/scrat-tech.fr\/wp-content\/uploads\/2017\/04\/cacher-dossier.jpg","datePublished":"2017-04-19T11:43:38+00:00","dateModified":"2017-04-19T11:55:55+00:00","description":"Effectively hiding a file or a folder full of files on your PC without software is very easy and quick with this trick!","breadcrumb":{"@id":"https:\/\/scrat-tech.fr\/windows\/cacher-fichier-dossier-pc\/#breadcrumb"},"inLanguage":"en-US","potentialAction":[{"@type":"ReadAction","target":["https:\/\/scrat-tech.fr\/windows\/cacher-fichier-dossier-pc\/"]}]},{"@type":"ImageObject","inLanguage":"en-US","@id":"https:\/\/scrat-tech.fr\/windows\/cacher-fichier-dossier-pc\/#primaryimage","url":"https:\/\/scrat-tech.fr\/wp-content\/uploads\/2017\/04\/cacher-dossier.jpg","contentUrl":"https:\/\/scrat-tech.fr\/wp-content\/uploads\/2017\/04\/cacher-dossier.jpg","width":1920,"height":1080,"caption":"cacher fichier fichiers dossier pc"},{"@type":"BreadcrumbList","@id":"https:\/\/scrat-tech.fr\/windows\/cacher-fichier-dossier-pc\/#breadcrumb","itemListElement":[{"@type":"ListItem","position":1,"name":"Accueil","item":"https:\/\/scrat-tech.fr\/"},{"@type":"ListItem","position":2,"name":"Windows","item":"https:\/\/scrat-tech.fr\/en\/windows\/"},{"@type":"ListItem","position":3,"name":"Cacher de fa\u00e7on efficace un fichier \/ dossier sur son PC"}]},{"@type":"WebSite","@id":"https:\/\/scrat-tech.fr\/#website","url":"https:\/\/scrat-tech.fr\/","name":"SCRAT","description":"","publisher":{"@id":"https:\/\/scrat-tech.fr\/#organization"},"potentialAction":[{"@type":"SearchAction","target":{"@type":"EntryPoint","urlTemplate":"https:\/\/scrat-tech.fr\/?s={search_term_string}"},"query-input":{"@type":"PropertyValueSpecification","valueRequired":true,"valueName":"search_term_string"}}],"inLanguage":"en-US"},{"@type":"Organization","@id":"https:\/\/scrat-tech.fr\/#organization","name":"SCRAT","url":"https:\/\/scrat-tech.fr\/","logo":{"@type":"ImageObject","inLanguage":"en-US","@id":"https:\/\/scrat-tech.fr\/#\/schema\/logo\/image\/","url":"https:\/\/scrat-tech.fr\/wp-content\/uploads\/2024\/10\/cropped-tuyu_monte.png","contentUrl":"https:\/\/scrat-tech.fr\/wp-content\/uploads\/2024\/10\/cropped-tuyu_monte.png","width":512,"height":512,"caption":"SCRAT"},"image":{"@id":"https:\/\/scrat-tech.fr\/#\/schema\/logo\/image\/"},"sameAs":["https:\/\/www.facebook.com\/ScratRider\/","https:\/\/x.com\/SCRAT_Rider","https:\/\/instagram.com\/scrat_rider","https:\/\/youtube.com\/c\/SCRAT"]}]}},"_links":{"self":[{"href":"https:\/\/scrat-tech.fr\/en\/wp-json\/wp\/v2\/pages\/2139","targetHints":{"allow":["GET"]}}],"collection":[{"href":"https:\/\/scrat-tech.fr\/en\/wp-json\/wp\/v2\/pages"}],"about":[{"href":"https:\/\/scrat-tech.fr\/en\/wp-json\/wp\/v2\/types\/page"}],"author":[{"embeddable":true,"href":"https:\/\/scrat-tech.fr\/en\/wp-json\/wp\/v2\/users\/2"}],"replies":[{"embeddable":true,"href":"https:\/\/scrat-tech.fr\/en\/wp-json\/wp\/v2\/comments?post=2139"}],"version-history":[{"count":0,"href":"https:\/\/scrat-tech.fr\/en\/wp-json\/wp\/v2\/pages\/2139\/revisions"}],"up":[{"embeddable":true,"href":"https:\/\/scrat-tech.fr\/en\/wp-json\/wp\/v2\/pages\/40"}],"wp:featuredmedia":[{"embeddable":true,"href":"https:\/\/scrat-tech.fr\/en\/wp-json\/wp\/v2\/media\/2142"}],"wp:attachment":[{"href":"https:\/\/scrat-tech.fr\/en\/wp-json\/wp\/v2\/media?parent=2139"}],"curies":[{"name":"wp","href":"https:\/\/api.w.org\/{rel}","templated":true}]}}