{"id":2131,"date":"2017-04-19T11:59:54","date_gmt":"2017-04-19T09:59:54","guid":{"rendered":"https:\/?page_id=2131"},"modified":"2017-04-19T12:02:16","modified_gmt":"2017-04-19T10:02:16","slug":"reactive-anime-wallpaper-music","status":"publish","type":"page","link":"https:\/\/scrat-tech.fr\/en\/windows\/reactive-anime-wallpaper-music\/","title":{"rendered":"Animated wallpaper responsive to music"},"content":{"rendered":"<h3 style=\"text-align: center;\"><strong>Get music responsive live wallpaper on your PC easily!<\/strong><\/h3>\n<p>This fully customizable live wallpaper is responsive to the music you put on your PC!<\/p>\n<p style=\"text-align: center;\"><a href=\"http:\/\/www.youtube.com\/user\/game682400?sub_confirmation=1\" target=\"_blank\"><img decoding=\"async\" class=\"aligncenter wp-image-1766\" src=\"https:\/\/scrat-tech.fr\/wp-content\/uploads\/2016\/11\/abonnez-1024x283.jpg\" width=\"400\" height=\"110\" srcset=\"https:\/\/scrat-tech.fr\/wp-content\/uploads\/2016\/11\/abonnez-1024x283.jpg 1024w, https:\/\/scrat-tech.fr\/wp-content\/uploads\/2016\/11\/abonnez-600x166.jpg 600w, https:\/\/scrat-tech.fr\/wp-content\/uploads\/2016\/11\/abonnez-300x83.jpg 300w, https:\/\/scrat-tech.fr\/wp-content\/uploads\/2016\/11\/abonnez-768x212.jpg 768w, https:\/\/scrat-tech.fr\/wp-content\/uploads\/2016\/11\/abonnez.jpg 1631w\" sizes=\"(max-width: 400px) 100vw, 400px\" \/><\/a><em><span style=\"color: #808080;\">Click here to subscribe and support me, it costs you nothing and makes me happy \ud83d\ude42<\/span><\/em><\/p>\n<p>Rainmeter is a plugin that allows you to fully customize your desktop under Windows, in this video I will show you how to use it in order to have a wallpaper that is reactive to the music on your desktop.<\/p>\n<p>We will use the plugin<strong>\u00a0Fountain of Colors<\/strong> which is completely free and installs very easily with Rainmeter.<\/p>\n<p>Once the plugin is activated you have various customization settings for it! You can first start by moving it wherever you want on your desktop (<em>it will cling to the edges by itself<\/em>), turn it in the direction of your choice... It is then possible to change the number of sound bars that will animate to the rhythm of the music, you can change their size whether in height or width. Then change the color of the bars as you wish, by one or more colors or even gradients then customize the opacity. Then modify their speed of rise and fall, their sensitivity to sound. For each copy of sound bars you can define which speaker it will represent (<em>left, right, center, subwoofer, rear left, right, or sides like a 7.1 home theater<\/em>). Set whether the bars are clickable or not (<em>if when you click the click goes through or opens the settings, I advise you to set the option to &quot;click through&quot;<\/em>). And finally change their display, either they will be present only on the desktop, or in the foreground above all other programs, it&#039;s up to you to choose what you prefer.<\/p>\n<p><em>To do the same on your ANDROID smartphone or tablet, click <strong><a href=\"https:\/\/\/en\/tutoriels-android\/fond-decran-anime-reactif-musique\/\" target=\"_blank\">ICI <\/a><\/strong>if you are interested.<\/em><\/p>\n<p><strong>You will need Rainmeter, downloadable at <a href=\"http:\/\/www.clictune.com\/id=570065\" target=\"_blank\">THIS LINK<\/a> and the Fountain of Colors plugin available <a href=\"http:\/\/www.clictune.com\/id=570068\" target=\"_blank\">ICI<\/a>, or simply by following the links in the video description on YouTube.<\/strong><\/p>\n<p><iframe width=\"800\" height=\"450\" src=\"https:\/\/www.youtube.com\/embed\/Iw97iha5JtE?feature=oembed\" frameborder=\"0\" allowfullscreen><\/iframe><\/p>","protected":false},"excerpt":{"rendered":"<p>Get a music-reactive live wallpaper on your PC easily! This fully customizable live wallpaper is reactive to the music you put on your PC! Click here to subscribe and support me, it costs you nothing and it makes me happy \ud83d\ude42 Rainmeter is a plugin [\u2026]<\/p>","protected":false},"author":2,"featured_media":2132,"parent":40,"menu_order":0,"comment_status":"closed","ping_status":"open","template":"","meta":{"footnotes":""},"class_list":["post-2131","page","type-page","status-publish","has-post-thumbnail","hentry"],"yoast_head":"<!-- This site is optimized with the Yoast SEO Premium plugin v24.4 (Yoast SEO v24.4) - https:\/\/yoast.com\/wordpress\/plugins\/seo\/ -->\n<title>Fond d&#039;\u00e9cran anim\u00e9 r\u00e9actif \u00e0 la musique | Barres de son sur le bureau<\/title>\n<meta name=\"description\" content=\"Obtenez un fond d&#039;\u00e9cran anim\u00e9 r\u00e9actif \u00e0 la musique sur votre PC gratuitement gr\u00e2ce \u00e0 Rainmeter et un plugin plut\u00f4t sympa ! Personnalisez ce dernier \u00e0 fond !\" \/>\n<meta name=\"robots\" content=\"index, follow, max-snippet:-1, max-image-preview:large, max-video-preview:-1\" \/>\n<link rel=\"canonical\" href=\"https:\/\/scrat-tech.fr\/en\/windows\/reactive-anime-wallpaper-music\/\" \/>\n<meta name=\"twitter:card\" content=\"summary_large_image\" \/>\n<meta name=\"twitter:title\" content=\"Fond d&#039;\u00e9cran anim\u00e9 r\u00e9actif \u00e0 la musique | Barres de son sur le bureau\" \/>\n<meta name=\"twitter:description\" content=\"Obtenez un fond d&#039;\u00e9cran anim\u00e9 r\u00e9actif \u00e0 la musique sur votre PC gratuitement gr\u00e2ce \u00e0 Rainmeter et un plugin plut\u00f4t sympa ! Personnalisez ce dernier \u00e0 fond !\" \/>\n<meta name=\"twitter:image\" content=\"https:\/\/scrat-tech.fr\/wp-content\/uploads\/2017\/04\/fond-d\u00e9cran-musique-pc.jpg\" \/>\n<meta name=\"twitter:site\" content=\"@SCRAT_Rider\" \/>\n<meta name=\"twitter:label1\" content=\"Est. reading time\" \/>\n\t<meta name=\"twitter:data1\" content=\"2 minutes\" \/>\n<script type=\"application\/ld+json\" class=\"yoast-schema-graph\">{\"@context\":\"https:\/\/schema.org\",\"@graph\":[{\"@type\":\"WebPage\",\"@id\":\"https:\/\/scrat-tech.fr\/windows\/fond-decran-anime-reactif-musique\/\",\"url\":\"https:\/\/scrat-tech.fr\/windows\/fond-decran-anime-reactif-musique\/\",\"name\":\"Fond d'\u00e9cran anim\u00e9 r\u00e9actif \u00e0 la musique | Barres de son sur le bureau\",\"isPartOf\":{\"@id\":\"https:\/\/scrat-tech.fr\/#website\"},\"primaryImageOfPage\":{\"@id\":\"https:\/\/scrat-tech.fr\/windows\/fond-decran-anime-reactif-musique\/#primaryimage\"},\"image\":{\"@id\":\"https:\/\/scrat-tech.fr\/windows\/fond-decran-anime-reactif-musique\/#primaryimage\"},\"thumbnailUrl\":\"https:\/\/scrat-tech.fr\/wp-content\/uploads\/2017\/04\/fond-d\u00e9cran-musique-pc.jpg\",\"datePublished\":\"2017-04-19T09:59:54+00:00\",\"dateModified\":\"2017-04-19T10:02:16+00:00\",\"description\":\"Obtenez un fond d'\u00e9cran anim\u00e9 r\u00e9actif \u00e0 la musique sur votre PC gratuitement gr\u00e2ce \u00e0 Rainmeter et un plugin plut\u00f4t sympa ! Personnalisez ce dernier \u00e0 fond !\",\"breadcrumb\":{\"@id\":\"https:\/\/scrat-tech.fr\/windows\/fond-decran-anime-reactif-musique\/#breadcrumb\"},\"inLanguage\":\"en-US\",\"potentialAction\":[{\"@type\":\"ReadAction\",\"target\":[\"https:\/\/scrat-tech.fr\/windows\/fond-decran-anime-reactif-musique\/\"]}]},{\"@type\":\"ImageObject\",\"inLanguage\":\"en-US\",\"@id\":\"https:\/\/scrat-tech.fr\/windows\/fond-decran-anime-reactif-musique\/#primaryimage\",\"url\":\"https:\/\/scrat-tech.fr\/wp-content\/uploads\/2017\/04\/fond-d\u00e9cran-musique-pc.jpg\",\"contentUrl\":\"https:\/\/scrat-tech.fr\/wp-content\/uploads\/2017\/04\/fond-d\u00e9cran-musique-pc.jpg\",\"width\":1920,\"height\":1080,\"caption\":\"fond d'\u00e9cran anim\u00e9 r\u00e9actif musique rainmeter\"},{\"@type\":\"BreadcrumbList\",\"@id\":\"https:\/\/scrat-tech.fr\/windows\/fond-decran-anime-reactif-musique\/#breadcrumb\",\"itemListElement\":[{\"@type\":\"ListItem\",\"position\":1,\"name\":\"Accueil\",\"item\":\"https:\/\/scrat-tech.fr\/\"},{\"@type\":\"ListItem\",\"position\":2,\"name\":\"Windows\",\"item\":\"https:\/\/scrat-tech.fr\/en\/windows\/\"},{\"@type\":\"ListItem\",\"position\":3,\"name\":\"Fond d&rsquo;\u00e9cran anim\u00e9 r\u00e9actif \u00e0 la musique\"}]},{\"@type\":\"WebSite\",\"@id\":\"https:\/\/scrat-tech.fr\/#website\",\"url\":\"https:\/\/scrat-tech.fr\/\",\"name\":\"SCRAT\",\"description\":\"\",\"publisher\":{\"@id\":\"https:\/\/scrat-tech.fr\/#organization\"},\"potentialAction\":[{\"@type\":\"SearchAction\",\"target\":{\"@type\":\"EntryPoint\",\"urlTemplate\":\"https:\/\/scrat-tech.fr\/?s={search_term_string}\"},\"query-input\":{\"@type\":\"PropertyValueSpecification\",\"valueRequired\":true,\"valueName\":\"search_term_string\"}}],\"inLanguage\":\"en-US\"},{\"@type\":\"Organization\",\"@id\":\"https:\/\/scrat-tech.fr\/#organization\",\"name\":\"SCRAT\",\"url\":\"https:\/\/scrat-tech.fr\/\",\"logo\":{\"@type\":\"ImageObject\",\"inLanguage\":\"en-US\",\"@id\":\"https:\/\/scrat-tech.fr\/#\/schema\/logo\/image\/\",\"url\":\"https:\/\/scrat-tech.fr\/wp-content\/uploads\/2024\/10\/cropped-tuyu_monte.png\",\"contentUrl\":\"https:\/\/scrat-tech.fr\/wp-content\/uploads\/2024\/10\/cropped-tuyu_monte.png\",\"width\":512,\"height\":512,\"caption\":\"SCRAT\"},\"image\":{\"@id\":\"https:\/\/scrat-tech.fr\/#\/schema\/logo\/image\/\"},\"sameAs\":[\"https:\/\/www.facebook.com\/ScratRider\/\",\"https:\/\/x.com\/SCRAT_Rider\",\"https:\/\/instagram.com\/scrat_rider\",\"https:\/\/youtube.com\/c\/SCRAT\"]}]}<\/script>\n<!-- \/ Yoast SEO Premium plugin. -->","yoast_head_json":{"title":"Music Reactive Live Wallpaper | Soundbars on Desktop","description":"Get a music-responsive live wallpaper on your PC for free with Rainmeter and a pretty cool plugin! Customize it to the max!","robots":{"index":"index","follow":"follow","max-snippet":"max-snippet:-1","max-image-preview":"max-image-preview:large","max-video-preview":"max-video-preview:-1"},"canonical":"https:\/\/scrat-tech.fr\/en\/windows\/reactive-anime-wallpaper-music\/","twitter_card":"summary_large_image","twitter_title":"Fond d'\u00e9cran anim\u00e9 r\u00e9actif \u00e0 la musique | Barres de son sur le bureau","twitter_description":"Obtenez un fond d'\u00e9cran anim\u00e9 r\u00e9actif \u00e0 la musique sur votre PC gratuitement gr\u00e2ce \u00e0 Rainmeter et un plugin plut\u00f4t sympa ! Personnalisez ce dernier \u00e0 fond !","twitter_image":"https:\/\/scrat-tech.fr\/wp-content\/uploads\/2017\/04\/fond-d\u00e9cran-musique-pc.jpg","twitter_site":"@SCRAT_Rider","twitter_misc":{"Est. reading time":"2 minutes"},"schema":{"@context":"https:\/\/schema.org","@graph":[{"@type":"WebPage","@id":"https:\/\/scrat-tech.fr\/windows\/fond-decran-anime-reactif-musique\/","url":"https:\/\/scrat-tech.fr\/windows\/fond-decran-anime-reactif-musique\/","name":"Music Reactive Live Wallpaper | Soundbars on Desktop","isPartOf":{"@id":"https:\/\/scrat-tech.fr\/#website"},"primaryImageOfPage":{"@id":"https:\/\/scrat-tech.fr\/windows\/fond-decran-anime-reactif-musique\/#primaryimage"},"image":{"@id":"https:\/\/scrat-tech.fr\/windows\/fond-decran-anime-reactif-musique\/#primaryimage"},"thumbnailUrl":"https:\/\/scrat-tech.fr\/wp-content\/uploads\/2017\/04\/fond-d\u00e9cran-musique-pc.jpg","datePublished":"2017-04-19T09:59:54+00:00","dateModified":"2017-04-19T10:02:16+00:00","description":"Get a music-responsive live wallpaper on your PC for free with Rainmeter and a pretty cool plugin! Customize it to the max!","breadcrumb":{"@id":"https:\/\/scrat-tech.fr\/windows\/fond-decran-anime-reactif-musique\/#breadcrumb"},"inLanguage":"en-US","potentialAction":[{"@type":"ReadAction","target":["https:\/\/scrat-tech.fr\/windows\/fond-decran-anime-reactif-musique\/"]}]},{"@type":"ImageObject","inLanguage":"en-US","@id":"https:\/\/scrat-tech.fr\/windows\/fond-decran-anime-reactif-musique\/#primaryimage","url":"https:\/\/scrat-tech.fr\/wp-content\/uploads\/2017\/04\/fond-d\u00e9cran-musique-pc.jpg","contentUrl":"https:\/\/scrat-tech.fr\/wp-content\/uploads\/2017\/04\/fond-d\u00e9cran-musique-pc.jpg","width":1920,"height":1080,"caption":"fond d'\u00e9cran anim\u00e9 r\u00e9actif musique rainmeter"},{"@type":"BreadcrumbList","@id":"https:\/\/scrat-tech.fr\/windows\/fond-decran-anime-reactif-musique\/#breadcrumb","itemListElement":[{"@type":"ListItem","position":1,"name":"Accueil","item":"https:\/\/scrat-tech.fr\/"},{"@type":"ListItem","position":2,"name":"Windows","item":"https:\/\/scrat-tech.fr\/en\/windows\/"},{"@type":"ListItem","position":3,"name":"Fond d&rsquo;\u00e9cran anim\u00e9 r\u00e9actif \u00e0 la musique"}]},{"@type":"WebSite","@id":"https:\/\/scrat-tech.fr\/#website","url":"https:\/\/scrat-tech.fr\/","name":"SCRAT","description":"","publisher":{"@id":"https:\/\/scrat-tech.fr\/#organization"},"potentialAction":[{"@type":"SearchAction","target":{"@type":"EntryPoint","urlTemplate":"https:\/\/scrat-tech.fr\/?s={search_term_string}"},"query-input":{"@type":"PropertyValueSpecification","valueRequired":true,"valueName":"search_term_string"}}],"inLanguage":"en-US"},{"@type":"Organization","@id":"https:\/\/scrat-tech.fr\/#organization","name":"SCRAT","url":"https:\/\/scrat-tech.fr\/","logo":{"@type":"ImageObject","inLanguage":"en-US","@id":"https:\/\/scrat-tech.fr\/#\/schema\/logo\/image\/","url":"https:\/\/scrat-tech.fr\/wp-content\/uploads\/2024\/10\/cropped-tuyu_monte.png","contentUrl":"https:\/\/scrat-tech.fr\/wp-content\/uploads\/2024\/10\/cropped-tuyu_monte.png","width":512,"height":512,"caption":"SCRAT"},"image":{"@id":"https:\/\/scrat-tech.fr\/#\/schema\/logo\/image\/"},"sameAs":["https:\/\/www.facebook.com\/ScratRider\/","https:\/\/x.com\/SCRAT_Rider","https:\/\/instagram.com\/scrat_rider","https:\/\/youtube.com\/c\/SCRAT"]}]}},"_links":{"self":[{"href":"https:\/\/scrat-tech.fr\/en\/wp-json\/wp\/v2\/pages\/2131","targetHints":{"allow":["GET"]}}],"collection":[{"href":"https:\/\/scrat-tech.fr\/en\/wp-json\/wp\/v2\/pages"}],"about":[{"href":"https:\/\/scrat-tech.fr\/en\/wp-json\/wp\/v2\/types\/page"}],"author":[{"embeddable":true,"href":"https:\/\/scrat-tech.fr\/en\/wp-json\/wp\/v2\/users\/2"}],"replies":[{"embeddable":true,"href":"https:\/\/scrat-tech.fr\/en\/wp-json\/wp\/v2\/comments?post=2131"}],"version-history":[{"count":0,"href":"https:\/\/scrat-tech.fr\/en\/wp-json\/wp\/v2\/pages\/2131\/revisions"}],"up":[{"embeddable":true,"href":"https:\/\/scrat-tech.fr\/en\/wp-json\/wp\/v2\/pages\/40"}],"wp:featuredmedia":[{"embeddable":true,"href":"https:\/\/scrat-tech.fr\/en\/wp-json\/wp\/v2\/media\/2132"}],"wp:attachment":[{"href":"https:\/\/scrat-tech.fr\/en\/wp-json\/wp\/v2\/media?parent=2131"}],"curies":[{"name":"wp","href":"https:\/\/api.w.org\/{rel}","templated":true}]}}