{"id":2118,"date":"2017-04-19T11:15:13","date_gmt":"2017-04-19T09:15:13","guid":{"rendered":"https:\/?page_id=2118"},"modified":"2017-04-19T11:15:13","modified_gmt":"2017-04-19T09:15:13","slug":"winrar-password-crack-2-methods","status":"publish","type":"page","link":"https:\/\/scrat-tech.fr\/en\/windows\/winrar-password-crack-2-methods\/","title":{"rendered":"Crack Winrar Password \u2013 2 Methods"},"content":{"rendered":"<h3 style=\"text-align: center;\"><strong>Crack a Winrar password in 2 very simple methods!<\/strong><\/h3>\n<p>It happens that Winrar archives (<em>.rar<\/em>) are protected by a password, thanks to these 2 methods you will be able to crack this password easily.<\/p>\n<p style=\"text-align: center;\"><a href=\"http:\/\/www.youtube.com\/user\/game682400?sub_confirmation=1\" target=\"_blank\"><img decoding=\"async\" class=\"aligncenter wp-image-1766\" src=\"https:\/\/scrat-tech.fr\/wp-content\/uploads\/2016\/11\/abonnez-1024x283.jpg\" width=\"400\" height=\"110\" srcset=\"https:\/\/scrat-tech.fr\/wp-content\/uploads\/2016\/11\/abonnez-1024x283.jpg 1024w, https:\/\/scrat-tech.fr\/wp-content\/uploads\/2016\/11\/abonnez-600x166.jpg 600w, https:\/\/scrat-tech.fr\/wp-content\/uploads\/2016\/11\/abonnez-300x83.jpg 300w, https:\/\/scrat-tech.fr\/wp-content\/uploads\/2016\/11\/abonnez-768x212.jpg 768w, https:\/\/scrat-tech.fr\/wp-content\/uploads\/2016\/11\/abonnez.jpg 1631w\" sizes=\"(max-width: 400px) 100vw, 400px\" \/><\/a><em><span style=\"color: #808080;\">Click here to subscribe and support me, it costs you nothing and makes me happy \ud83d\ude42<\/span><\/em><\/p>\n<p>I would like to point out first of all that this video is for educational purposes and I am in no way responsible for your actions and what you do with the software. It is normally used to find a password that you may have.<em>forgotten<\/em>&quot;, but you can imagine that it can therefore be used in other ways.<\/p>\n<p><em>Among the 2 methods, one is very fast but does not always work, the other is longer but is infallible.\u00a0<\/em><\/p>\n<p>The first method is the simplest but it only works in one case out of 10 and less and less, but it is so quick to do that it costs you nothing to try, if it works so much the better, if not move on to the second.<\/p>\n<p>The second method is just as simple but much longer or even extremely long depending on the complexity of the password you want to crack. The software to use is\u00a0<strong>RAR Password Unlocker<\/strong>, it is obviously free and easy to use. It will use a force method by trying an infinite number of passwords until finding the right one and giving it to you. Of course without any parameters the search will last for hours since the software will have no information, so it will try all the possible combinations one by one until finding the password. Fortunately there are some parameters to optimize the password search. You can thus tell the software what exactly it should look for. Enter the minimum and maximum size of the password in number of characters, indications or even which characters are present or not. The software will then look for combinations corresponding to your criteria in order to find which password opens the archive.<\/p>\n<p><strong>You will need the very lightweight RAR Password Unlocker software which you can download at <a href=\"http:\/\/www.clictune.com\/id=579243\" target=\"_blank\">THIS LINK<\/a>or simply follow the link in the video description on YouTube.<\/strong><\/p>\n<p><iframe width=\"800\" height=\"450\" src=\"https:\/\/www.youtube.com\/embed\/e_xB5y5BrJk?feature=oembed\" frameborder=\"0\" allowfullscreen><\/iframe><\/p>","protected":false},"excerpt":{"rendered":"<p>Crack un mot de passe Winrar en 2 m\u00e9thodes tr\u00e8s simplement ! Il arrive que des archives Winrar (.rar) soient prot\u00e9g\u00e9es par un mot de passe, gr\u00e2ce \u00e0 ces 2 m\u00e9thodes vous serez en mesure de crack ce mot de passe facilement. Cliquez ici pour vous abonner et me soutenir, cela ne vous co\u00fbte rien [&hellip;]<\/p>","protected":false},"author":2,"featured_media":2119,"parent":40,"menu_order":0,"comment_status":"closed","ping_status":"open","template":"","meta":{"footnotes":""},"class_list":["post-2118","page","type-page","status-publish","has-post-thumbnail","hentry"],"yoast_head":"<!-- This site is optimized with the Yoast SEO Premium plugin v24.4 (Yoast SEO v24.4) - https:\/\/yoast.com\/wordpress\/plugins\/seo\/ -->\n<title>Crack mot de passe Winrar - 2 M\u00e9thodes | FACILEMENT - TUTO<\/title>\n<meta name=\"description\" content=\"Il arrive que des archives Winrar (.rar) soient prot\u00e9g\u00e9es par un mot de passe, gr\u00e2ce \u00e0 ces 2 m\u00e9thodes vous serez en mesure de le crack facilement.\" \/>\n<meta name=\"robots\" content=\"index, follow, max-snippet:-1, max-image-preview:large, max-video-preview:-1\" \/>\n<link rel=\"canonical\" href=\"https:\/\/scrat-tech.fr\/en\/windows\/winrar-password-crack-2-methods\/\" \/>\n<meta name=\"twitter:card\" content=\"summary_large_image\" \/>\n<meta name=\"twitter:title\" content=\"Crack mot de passe Winrar - 2 M\u00e9thodes | FACILEMENT - TUTO\" \/>\n<meta name=\"twitter:description\" content=\"Il arrive que des archives Winrar (.rar) soient prot\u00e9g\u00e9es par un mot de passe, gr\u00e2ce \u00e0 ces 2 m\u00e9thodes vous serez en mesure de le crack facilement.\" \/>\n<meta name=\"twitter:image\" content=\"https:\/\/scrat-tech.fr\/wp-content\/uploads\/2017\/04\/crack-winrar.jpg\" \/>\n<meta name=\"twitter:site\" content=\"@SCRAT_Rider\" \/>\n<meta name=\"twitter:label1\" content=\"Est. reading time\" \/>\n\t<meta name=\"twitter:data1\" content=\"2 minutes\" \/>\n<script type=\"application\/ld+json\" class=\"yoast-schema-graph\">{\"@context\":\"https:\/\/schema.org\",\"@graph\":[{\"@type\":\"WebPage\",\"@id\":\"https:\/\/scrat-tech.fr\/windows\/crack-de-passe-winrar-2-methodes\/\",\"url\":\"https:\/\/scrat-tech.fr\/windows\/crack-de-passe-winrar-2-methodes\/\",\"name\":\"Crack mot de passe Winrar - 2 M\u00e9thodes | FACILEMENT - TUTO\",\"isPartOf\":{\"@id\":\"https:\/\/scrat-tech.fr\/#website\"},\"primaryImageOfPage\":{\"@id\":\"https:\/\/scrat-tech.fr\/windows\/crack-de-passe-winrar-2-methodes\/#primaryimage\"},\"image\":{\"@id\":\"https:\/\/scrat-tech.fr\/windows\/crack-de-passe-winrar-2-methodes\/#primaryimage\"},\"thumbnailUrl\":\"https:\/\/scrat-tech.fr\/wp-content\/uploads\/2017\/04\/crack-winrar.jpg\",\"datePublished\":\"2017-04-19T09:15:13+00:00\",\"description\":\"Il arrive que des archives Winrar (.rar) soient prot\u00e9g\u00e9es par un mot de passe, gr\u00e2ce \u00e0 ces 2 m\u00e9thodes vous serez en mesure de le crack facilement.\",\"breadcrumb\":{\"@id\":\"https:\/\/scrat-tech.fr\/windows\/crack-de-passe-winrar-2-methodes\/#breadcrumb\"},\"inLanguage\":\"en-US\",\"potentialAction\":[{\"@type\":\"ReadAction\",\"target\":[\"https:\/\/scrat-tech.fr\/windows\/crack-de-passe-winrar-2-methodes\/\"]}]},{\"@type\":\"ImageObject\",\"inLanguage\":\"en-US\",\"@id\":\"https:\/\/scrat-tech.fr\/windows\/crack-de-passe-winrar-2-methodes\/#primaryimage\",\"url\":\"https:\/\/scrat-tech.fr\/wp-content\/uploads\/2017\/04\/crack-winrar.jpg\",\"contentUrl\":\"https:\/\/scrat-tech.fr\/wp-content\/uploads\/2017\/04\/crack-winrar.jpg\",\"width\":1920,\"height\":1080,\"caption\":\"crack mot de passe winrar rar password unlocker\"},{\"@type\":\"BreadcrumbList\",\"@id\":\"https:\/\/scrat-tech.fr\/windows\/crack-de-passe-winrar-2-methodes\/#breadcrumb\",\"itemListElement\":[{\"@type\":\"ListItem\",\"position\":1,\"name\":\"Accueil\",\"item\":\"https:\/\/scrat-tech.fr\/\"},{\"@type\":\"ListItem\",\"position\":2,\"name\":\"Windows\",\"item\":\"https:\/\/scrat-tech.fr\/en\/windows\/\"},{\"@type\":\"ListItem\",\"position\":3,\"name\":\"Crack mot de passe Winrar &#8211; 2 M\u00e9thodes\"}]},{\"@type\":\"WebSite\",\"@id\":\"https:\/\/scrat-tech.fr\/#website\",\"url\":\"https:\/\/scrat-tech.fr\/\",\"name\":\"SCRAT\",\"description\":\"\",\"publisher\":{\"@id\":\"https:\/\/scrat-tech.fr\/#organization\"},\"potentialAction\":[{\"@type\":\"SearchAction\",\"target\":{\"@type\":\"EntryPoint\",\"urlTemplate\":\"https:\/\/scrat-tech.fr\/?s={search_term_string}\"},\"query-input\":{\"@type\":\"PropertyValueSpecification\",\"valueRequired\":true,\"valueName\":\"search_term_string\"}}],\"inLanguage\":\"en-US\"},{\"@type\":\"Organization\",\"@id\":\"https:\/\/scrat-tech.fr\/#organization\",\"name\":\"SCRAT\",\"url\":\"https:\/\/scrat-tech.fr\/\",\"logo\":{\"@type\":\"ImageObject\",\"inLanguage\":\"en-US\",\"@id\":\"https:\/\/scrat-tech.fr\/#\/schema\/logo\/image\/\",\"url\":\"https:\/\/scrat-tech.fr\/wp-content\/uploads\/2024\/10\/cropped-tuyu_monte.png\",\"contentUrl\":\"https:\/\/scrat-tech.fr\/wp-content\/uploads\/2024\/10\/cropped-tuyu_monte.png\",\"width\":512,\"height\":512,\"caption\":\"SCRAT\"},\"image\":{\"@id\":\"https:\/\/scrat-tech.fr\/#\/schema\/logo\/image\/\"},\"sameAs\":[\"https:\/\/www.facebook.com\/ScratRider\/\",\"https:\/\/x.com\/SCRAT_Rider\",\"https:\/\/instagram.com\/scrat_rider\",\"https:\/\/youtube.com\/c\/SCRAT\"]}]}<\/script>\n<!-- \/ Yoast SEO Premium plugin. -->","yoast_head_json":{"title":"Crack Winrar Password - 2 Methods | EASILY - TUTORIAL","description":"Sometimes Winrar archives (.rar) are protected by a password, thanks to these 2 methods you will be able to crack it easily.","robots":{"index":"index","follow":"follow","max-snippet":"max-snippet:-1","max-image-preview":"max-image-preview:large","max-video-preview":"max-video-preview:-1"},"canonical":"https:\/\/scrat-tech.fr\/en\/windows\/winrar-password-crack-2-methods\/","twitter_card":"summary_large_image","twitter_title":"Crack mot de passe Winrar - 2 M\u00e9thodes | FACILEMENT - TUTO","twitter_description":"Il arrive que des archives Winrar (.rar) soient prot\u00e9g\u00e9es par un mot de passe, gr\u00e2ce \u00e0 ces 2 m\u00e9thodes vous serez en mesure de le crack facilement.","twitter_image":"https:\/\/scrat-tech.fr\/wp-content\/uploads\/2017\/04\/crack-winrar.jpg","twitter_site":"@SCRAT_Rider","twitter_misc":{"Est. reading time":"2 minutes"},"schema":{"@context":"https:\/\/schema.org","@graph":[{"@type":"WebPage","@id":"https:\/\/scrat-tech.fr\/windows\/crack-de-passe-winrar-2-methodes\/","url":"https:\/\/scrat-tech.fr\/windows\/crack-de-passe-winrar-2-methodes\/","name":"Crack Winrar Password - 2 Methods | EASILY - TUTORIAL","isPartOf":{"@id":"https:\/\/scrat-tech.fr\/#website"},"primaryImageOfPage":{"@id":"https:\/\/scrat-tech.fr\/windows\/crack-de-passe-winrar-2-methodes\/#primaryimage"},"image":{"@id":"https:\/\/scrat-tech.fr\/windows\/crack-de-passe-winrar-2-methodes\/#primaryimage"},"thumbnailUrl":"https:\/\/scrat-tech.fr\/wp-content\/uploads\/2017\/04\/crack-winrar.jpg","datePublished":"2017-04-19T09:15:13+00:00","description":"Sometimes Winrar archives (.rar) are protected by a password, thanks to these 2 methods you will be able to crack it easily.","breadcrumb":{"@id":"https:\/\/scrat-tech.fr\/windows\/crack-de-passe-winrar-2-methodes\/#breadcrumb"},"inLanguage":"en-US","potentialAction":[{"@type":"ReadAction","target":["https:\/\/scrat-tech.fr\/windows\/crack-de-passe-winrar-2-methodes\/"]}]},{"@type":"ImageObject","inLanguage":"en-US","@id":"https:\/\/scrat-tech.fr\/windows\/crack-de-passe-winrar-2-methodes\/#primaryimage","url":"https:\/\/scrat-tech.fr\/wp-content\/uploads\/2017\/04\/crack-winrar.jpg","contentUrl":"https:\/\/scrat-tech.fr\/wp-content\/uploads\/2017\/04\/crack-winrar.jpg","width":1920,"height":1080,"caption":"crack mot de passe winrar rar password unlocker"},{"@type":"BreadcrumbList","@id":"https:\/\/scrat-tech.fr\/windows\/crack-de-passe-winrar-2-methodes\/#breadcrumb","itemListElement":[{"@type":"ListItem","position":1,"name":"Accueil","item":"https:\/\/scrat-tech.fr\/"},{"@type":"ListItem","position":2,"name":"Windows","item":"https:\/\/scrat-tech.fr\/en\/windows\/"},{"@type":"ListItem","position":3,"name":"Crack mot de passe Winrar &#8211; 2 M\u00e9thodes"}]},{"@type":"WebSite","@id":"https:\/\/scrat-tech.fr\/#website","url":"https:\/\/scrat-tech.fr\/","name":"SCRAT","description":"","publisher":{"@id":"https:\/\/scrat-tech.fr\/#organization"},"potentialAction":[{"@type":"SearchAction","target":{"@type":"EntryPoint","urlTemplate":"https:\/\/scrat-tech.fr\/?s={search_term_string}"},"query-input":{"@type":"PropertyValueSpecification","valueRequired":true,"valueName":"search_term_string"}}],"inLanguage":"en-US"},{"@type":"Organization","@id":"https:\/\/scrat-tech.fr\/#organization","name":"SCRAT","url":"https:\/\/scrat-tech.fr\/","logo":{"@type":"ImageObject","inLanguage":"en-US","@id":"https:\/\/scrat-tech.fr\/#\/schema\/logo\/image\/","url":"https:\/\/scrat-tech.fr\/wp-content\/uploads\/2024\/10\/cropped-tuyu_monte.png","contentUrl":"https:\/\/scrat-tech.fr\/wp-content\/uploads\/2024\/10\/cropped-tuyu_monte.png","width":512,"height":512,"caption":"SCRAT"},"image":{"@id":"https:\/\/scrat-tech.fr\/#\/schema\/logo\/image\/"},"sameAs":["https:\/\/www.facebook.com\/ScratRider\/","https:\/\/x.com\/SCRAT_Rider","https:\/\/instagram.com\/scrat_rider","https:\/\/youtube.com\/c\/SCRAT"]}]}},"_links":{"self":[{"href":"https:\/\/scrat-tech.fr\/en\/wp-json\/wp\/v2\/pages\/2118","targetHints":{"allow":["GET"]}}],"collection":[{"href":"https:\/\/scrat-tech.fr\/en\/wp-json\/wp\/v2\/pages"}],"about":[{"href":"https:\/\/scrat-tech.fr\/en\/wp-json\/wp\/v2\/types\/page"}],"author":[{"embeddable":true,"href":"https:\/\/scrat-tech.fr\/en\/wp-json\/wp\/v2\/users\/2"}],"replies":[{"embeddable":true,"href":"https:\/\/scrat-tech.fr\/en\/wp-json\/wp\/v2\/comments?post=2118"}],"version-history":[{"count":0,"href":"https:\/\/scrat-tech.fr\/en\/wp-json\/wp\/v2\/pages\/2118\/revisions"}],"up":[{"embeddable":true,"href":"https:\/\/scrat-tech.fr\/en\/wp-json\/wp\/v2\/pages\/40"}],"wp:featuredmedia":[{"embeddable":true,"href":"https:\/\/scrat-tech.fr\/en\/wp-json\/wp\/v2\/media\/2119"}],"wp:attachment":[{"href":"https:\/\/scrat-tech.fr\/en\/wp-json\/wp\/v2\/media?parent=2118"}],"curies":[{"name":"wp","href":"https:\/\/api.w.org\/{rel}","templated":true}]}}