{"id":2106,"date":"2017-04-19T10:04:12","date_gmt":"2017-04-19T08:04:12","guid":{"rendered":"https:\/?page_id=2106"},"modified":"2017-04-19T10:08:50","modified_gmt":"2017-04-19T08:08:50","slug":"completely-uninstall-program","status":"publish","type":"page","link":"https:\/\/scrat-tech.fr\/en\/windows\/completely-uninstall-program\/","title":{"rendered":"Completely uninstall a program from your PC"},"content":{"rendered":"<h3 style=\"text-align: center;\"><strong>Completely uninstall a program\/software on your PC so as to leave no trace of it!<\/strong><\/h3>\n<p>Uninstalling a program in the traditional way always leaves traces on your PC, thanks to this method the software in question will be completely uninstalled without leaving anything behind.<\/p>\n<p><a href=\"http:\/\/www.youtube.com\/user\/game682400?sub_confirmation=1\" target=\"_blank\"><img decoding=\"async\" class=\"aligncenter wp-image-1766\" src=\"https:\/\/scrat-tech.fr\/wp-content\/uploads\/2016\/11\/abonnez-1024x283.jpg\" width=\"400\" height=\"110\" srcset=\"https:\/\/scrat-tech.fr\/wp-content\/uploads\/2016\/11\/abonnez-1024x283.jpg 1024w, https:\/\/scrat-tech.fr\/wp-content\/uploads\/2016\/11\/abonnez-600x166.jpg 600w, https:\/\/scrat-tech.fr\/wp-content\/uploads\/2016\/11\/abonnez-300x83.jpg 300w, https:\/\/scrat-tech.fr\/wp-content\/uploads\/2016\/11\/abonnez-768x212.jpg 768w, https:\/\/scrat-tech.fr\/wp-content\/uploads\/2016\/11\/abonnez.jpg 1631w\" sizes=\"(max-width: 400px) 100vw, 400px\" \/><\/a><em><span style=\"color: #808080;\">Click here to subscribe and support me, it costs you nothing and makes me happy \ud83d\ude42<\/span><\/em><\/p>\n<p>As everyone knows, to get rid of a program quickly, just go to the Windows Control Panel and navigate to the &quot;<em>Programs and Features<\/em>&quot; in order to uninstall the software of your choice that appears in the list. Well, be aware that this method will always leave a trace on your PC.<br \/>\nSure, the program will be unusable, desktop or taskbar shortcuts will be deleted, and it will be impossible to launch it again. But be aware that there will always be some traces, either in some software installation folders on your hard drive, or in hidden folders of your user account or registry keys in your system. All these leftovers take up space (<em>certainly very little<\/em>) and can sometimes create conflicts with other programs on your PC. Therefore, it is recommended to uninstall it completely with this method.<\/p>\n<p>To facilitate the uninstallation, we will obviously use software, <strong>Total Uninstall<\/strong>, which will take care of it for us automatically, it will always be faster and easier than finding and deleting each item manually.<\/p>\n<p>The complete list of all programs installed on your computer will appear in the software, when you select one you will be given a list of locations or registry keys, you can choose what you want to keep or remove from the software in question.<\/p>\n<p><strong>The software to use is Total Uninstall, you can download it at <a href=\"http:\/\/www.clictune.com\/id=608981\" target=\"_blank\">THIS LINK<\/a>, or follow the link in the video description on YouTube.<\/strong><\/p>\n<p><iframe width=\"800\" height=\"450\" src=\"https:\/\/www.youtube.com\/embed\/oqoAlicoO1g?feature=oembed\" frameborder=\"0\" allowfullscreen><\/iframe><\/p>","protected":false},"excerpt":{"rendered":"<p>Completely uninstall a program\/software from your PC so that no trace is left! Uninstalling a program the traditional way always leaves traces on your PC, with this method the software in question will be completely uninstalled without leaving anything behind. Click here to subscribe and support me, this will not [\u2026]<\/p>","protected":false},"author":2,"featured_media":2109,"parent":40,"menu_order":0,"comment_status":"closed","ping_status":"open","template":"","meta":{"footnotes":""},"class_list":["post-2106","page","type-page","status-publish","has-post-thumbnail","hentry"],"yoast_head":"<!-- This site is optimized with the Yoast SEO Premium plugin v24.4 (Yoast SEO v24.4) - https:\/\/yoast.com\/wordpress\/plugins\/seo\/ -->\n<title>D\u00e9sinstaller totalement un programme de son PC | Cl\u00e9s registre + Dossiers<\/title>\n<meta name=\"description\" content=\"D\u00e9sinstaller totalement un programme \/ logiciel de son PC pour n&#039;en laisser aucune trace : Supprimer les cl\u00e9s de registres, dossiers cach\u00e9s ou vides... etc\" \/>\n<meta name=\"robots\" content=\"index, follow, max-snippet:-1, max-image-preview:large, max-video-preview:-1\" \/>\n<link rel=\"canonical\" href=\"https:\/\/scrat-tech.fr\/en\/windows\/completely-uninstall-program\/\" \/>\n<meta name=\"twitter:card\" content=\"summary_large_image\" \/>\n<meta name=\"twitter:title\" content=\"D\u00e9sinstaller totalement un programme de son PC | Cl\u00e9s registre + Dossiers\" \/>\n<meta name=\"twitter:description\" content=\"D\u00e9sinstaller totalement un programme \/ logiciel de son PC pour n&#039;en laisser aucune trace : Supprimer les cl\u00e9s de registres, dossiers cach\u00e9s ou vides... etc\" \/>\n<meta name=\"twitter:image\" content=\"https:\/\/scrat-tech.fr\/wp-content\/uploads\/2017\/04\/desinstaller-programme.jpg\" \/>\n<meta name=\"twitter:site\" content=\"@SCRAT_Rider\" \/>\n<meta name=\"twitter:label1\" content=\"Est. reading time\" \/>\n\t<meta name=\"twitter:data1\" content=\"2 minutes\" \/>\n<script type=\"application\/ld+json\" class=\"yoast-schema-graph\">{\"@context\":\"https:\/\/schema.org\",\"@graph\":[{\"@type\":\"WebPage\",\"@id\":\"https:\/\/scrat-tech.fr\/windows\/desinstaller-totalement-programme\/\",\"url\":\"https:\/\/scrat-tech.fr\/windows\/desinstaller-totalement-programme\/\",\"name\":\"D\u00e9sinstaller totalement un programme de son PC | Cl\u00e9s registre + Dossiers\",\"isPartOf\":{\"@id\":\"https:\/\/scrat-tech.fr\/#website\"},\"primaryImageOfPage\":{\"@id\":\"https:\/\/scrat-tech.fr\/windows\/desinstaller-totalement-programme\/#primaryimage\"},\"image\":{\"@id\":\"https:\/\/scrat-tech.fr\/windows\/desinstaller-totalement-programme\/#primaryimage\"},\"thumbnailUrl\":\"https:\/\/scrat-tech.fr\/wp-content\/uploads\/2017\/04\/desinstaller-programme.jpg\",\"datePublished\":\"2017-04-19T08:04:12+00:00\",\"dateModified\":\"2017-04-19T08:08:50+00:00\",\"description\":\"D\u00e9sinstaller totalement un programme \/ logiciel de son PC pour n'en laisser aucune trace : Supprimer les cl\u00e9s de registres, dossiers cach\u00e9s ou vides... etc\",\"breadcrumb\":{\"@id\":\"https:\/\/scrat-tech.fr\/windows\/desinstaller-totalement-programme\/#breadcrumb\"},\"inLanguage\":\"en-US\",\"potentialAction\":[{\"@type\":\"ReadAction\",\"target\":[\"https:\/\/scrat-tech.fr\/windows\/desinstaller-totalement-programme\/\"]}]},{\"@type\":\"ImageObject\",\"inLanguage\":\"en-US\",\"@id\":\"https:\/\/scrat-tech.fr\/windows\/desinstaller-totalement-programme\/#primaryimage\",\"url\":\"https:\/\/scrat-tech.fr\/wp-content\/uploads\/2017\/04\/desinstaller-programme.jpg\",\"contentUrl\":\"https:\/\/scrat-tech.fr\/wp-content\/uploads\/2017\/04\/desinstaller-programme.jpg\",\"width\":1920,\"height\":1080,\"caption\":\"d\u00e9sinstaller programme logiciel totalement trace\"},{\"@type\":\"BreadcrumbList\",\"@id\":\"https:\/\/scrat-tech.fr\/windows\/desinstaller-totalement-programme\/#breadcrumb\",\"itemListElement\":[{\"@type\":\"ListItem\",\"position\":1,\"name\":\"Accueil\",\"item\":\"https:\/\/scrat-tech.fr\/\"},{\"@type\":\"ListItem\",\"position\":2,\"name\":\"Windows\",\"item\":\"https:\/\/scrat-tech.fr\/en\/windows\/\"},{\"@type\":\"ListItem\",\"position\":3,\"name\":\"D\u00e9sinstaller totalement un programme de son PC\"}]},{\"@type\":\"WebSite\",\"@id\":\"https:\/\/scrat-tech.fr\/#website\",\"url\":\"https:\/\/scrat-tech.fr\/\",\"name\":\"SCRAT\",\"description\":\"\",\"publisher\":{\"@id\":\"https:\/\/scrat-tech.fr\/#organization\"},\"potentialAction\":[{\"@type\":\"SearchAction\",\"target\":{\"@type\":\"EntryPoint\",\"urlTemplate\":\"https:\/\/scrat-tech.fr\/?s={search_term_string}\"},\"query-input\":{\"@type\":\"PropertyValueSpecification\",\"valueRequired\":true,\"valueName\":\"search_term_string\"}}],\"inLanguage\":\"en-US\"},{\"@type\":\"Organization\",\"@id\":\"https:\/\/scrat-tech.fr\/#organization\",\"name\":\"SCRAT\",\"url\":\"https:\/\/scrat-tech.fr\/\",\"logo\":{\"@type\":\"ImageObject\",\"inLanguage\":\"en-US\",\"@id\":\"https:\/\/scrat-tech.fr\/#\/schema\/logo\/image\/\",\"url\":\"https:\/\/scrat-tech.fr\/wp-content\/uploads\/2024\/10\/cropped-tuyu_monte.png\",\"contentUrl\":\"https:\/\/scrat-tech.fr\/wp-content\/uploads\/2024\/10\/cropped-tuyu_monte.png\",\"width\":512,\"height\":512,\"caption\":\"SCRAT\"},\"image\":{\"@id\":\"https:\/\/scrat-tech.fr\/#\/schema\/logo\/image\/\"},\"sameAs\":[\"https:\/\/www.facebook.com\/ScratRider\/\",\"https:\/\/x.com\/SCRAT_Rider\",\"https:\/\/instagram.com\/scrat_rider\",\"https:\/\/youtube.com\/c\/SCRAT\"]}]}<\/script>\n<!-- \/ Yoast SEO Premium plugin. -->","yoast_head_json":{"title":"Completely uninstall a program from your PC | Registry keys + Folders","description":"Completely uninstall a program\/software from your PC to leave no trace: Delete registry keys, hidden or empty folders, etc.","robots":{"index":"index","follow":"follow","max-snippet":"max-snippet:-1","max-image-preview":"max-image-preview:large","max-video-preview":"max-video-preview:-1"},"canonical":"https:\/\/scrat-tech.fr\/en\/windows\/completely-uninstall-program\/","twitter_card":"summary_large_image","twitter_title":"D\u00e9sinstaller totalement un programme de son PC | Cl\u00e9s registre + Dossiers","twitter_description":"D\u00e9sinstaller totalement un programme \/ logiciel de son PC pour n'en laisser aucune trace : Supprimer les cl\u00e9s de registres, dossiers cach\u00e9s ou vides... etc","twitter_image":"https:\/\/scrat-tech.fr\/wp-content\/uploads\/2017\/04\/desinstaller-programme.jpg","twitter_site":"@SCRAT_Rider","twitter_misc":{"Est. reading time":"2 minutes"},"schema":{"@context":"https:\/\/schema.org","@graph":[{"@type":"WebPage","@id":"https:\/\/scrat-tech.fr\/windows\/desinstaller-totalement-programme\/","url":"https:\/\/scrat-tech.fr\/windows\/desinstaller-totalement-programme\/","name":"Completely uninstall a program from your PC | Registry keys + Folders","isPartOf":{"@id":"https:\/\/scrat-tech.fr\/#website"},"primaryImageOfPage":{"@id":"https:\/\/scrat-tech.fr\/windows\/desinstaller-totalement-programme\/#primaryimage"},"image":{"@id":"https:\/\/scrat-tech.fr\/windows\/desinstaller-totalement-programme\/#primaryimage"},"thumbnailUrl":"https:\/\/scrat-tech.fr\/wp-content\/uploads\/2017\/04\/desinstaller-programme.jpg","datePublished":"2017-04-19T08:04:12+00:00","dateModified":"2017-04-19T08:08:50+00:00","description":"Completely uninstall a program\/software from your PC to leave no trace: Delete registry keys, hidden or empty folders, etc.","breadcrumb":{"@id":"https:\/\/scrat-tech.fr\/windows\/desinstaller-totalement-programme\/#breadcrumb"},"inLanguage":"en-US","potentialAction":[{"@type":"ReadAction","target":["https:\/\/scrat-tech.fr\/windows\/desinstaller-totalement-programme\/"]}]},{"@type":"ImageObject","inLanguage":"en-US","@id":"https:\/\/scrat-tech.fr\/windows\/desinstaller-totalement-programme\/#primaryimage","url":"https:\/\/scrat-tech.fr\/wp-content\/uploads\/2017\/04\/desinstaller-programme.jpg","contentUrl":"https:\/\/scrat-tech.fr\/wp-content\/uploads\/2017\/04\/desinstaller-programme.jpg","width":1920,"height":1080,"caption":"d\u00e9sinstaller programme logiciel totalement trace"},{"@type":"BreadcrumbList","@id":"https:\/\/scrat-tech.fr\/windows\/desinstaller-totalement-programme\/#breadcrumb","itemListElement":[{"@type":"ListItem","position":1,"name":"Accueil","item":"https:\/\/scrat-tech.fr\/"},{"@type":"ListItem","position":2,"name":"Windows","item":"https:\/\/scrat-tech.fr\/en\/windows\/"},{"@type":"ListItem","position":3,"name":"D\u00e9sinstaller totalement un programme de son PC"}]},{"@type":"WebSite","@id":"https:\/\/scrat-tech.fr\/#website","url":"https:\/\/scrat-tech.fr\/","name":"SCRAT","description":"","publisher":{"@id":"https:\/\/scrat-tech.fr\/#organization"},"potentialAction":[{"@type":"SearchAction","target":{"@type":"EntryPoint","urlTemplate":"https:\/\/scrat-tech.fr\/?s={search_term_string}"},"query-input":{"@type":"PropertyValueSpecification","valueRequired":true,"valueName":"search_term_string"}}],"inLanguage":"en-US"},{"@type":"Organization","@id":"https:\/\/scrat-tech.fr\/#organization","name":"SCRAT","url":"https:\/\/scrat-tech.fr\/","logo":{"@type":"ImageObject","inLanguage":"en-US","@id":"https:\/\/scrat-tech.fr\/#\/schema\/logo\/image\/","url":"https:\/\/scrat-tech.fr\/wp-content\/uploads\/2024\/10\/cropped-tuyu_monte.png","contentUrl":"https:\/\/scrat-tech.fr\/wp-content\/uploads\/2024\/10\/cropped-tuyu_monte.png","width":512,"height":512,"caption":"SCRAT"},"image":{"@id":"https:\/\/scrat-tech.fr\/#\/schema\/logo\/image\/"},"sameAs":["https:\/\/www.facebook.com\/ScratRider\/","https:\/\/x.com\/SCRAT_Rider","https:\/\/instagram.com\/scrat_rider","https:\/\/youtube.com\/c\/SCRAT"]}]}},"_links":{"self":[{"href":"https:\/\/scrat-tech.fr\/en\/wp-json\/wp\/v2\/pages\/2106","targetHints":{"allow":["GET"]}}],"collection":[{"href":"https:\/\/scrat-tech.fr\/en\/wp-json\/wp\/v2\/pages"}],"about":[{"href":"https:\/\/scrat-tech.fr\/en\/wp-json\/wp\/v2\/types\/page"}],"author":[{"embeddable":true,"href":"https:\/\/scrat-tech.fr\/en\/wp-json\/wp\/v2\/users\/2"}],"replies":[{"embeddable":true,"href":"https:\/\/scrat-tech.fr\/en\/wp-json\/wp\/v2\/comments?post=2106"}],"version-history":[{"count":0,"href":"https:\/\/scrat-tech.fr\/en\/wp-json\/wp\/v2\/pages\/2106\/revisions"}],"up":[{"embeddable":true,"href":"https:\/\/scrat-tech.fr\/en\/wp-json\/wp\/v2\/pages\/40"}],"wp:featuredmedia":[{"embeddable":true,"href":"https:\/\/scrat-tech.fr\/en\/wp-json\/wp\/v2\/media\/2109"}],"wp:attachment":[{"href":"https:\/\/scrat-tech.fr\/en\/wp-json\/wp\/v2\/media?parent=2106"}],"curies":[{"name":"wp","href":"https:\/\/api.w.org\/{rel}","templated":true}]}}