{"id":2101,"date":"2017-04-19T09:35:02","date_gmt":"2017-04-19T07:35:02","guid":{"rendered":"https:\/?page_id=2101"},"modified":"2017-04-19T09:35:02","modified_gmt":"2017-04-19T07:35:02","slug":"emoji-ios-pc-without-software","status":"publish","type":"page","link":"https:\/\/scrat-tech.fr\/en\/windows\/emoji-ios-pc-sans-logiciel\/","title":{"rendered":"Emoji IOS on PC \u2013 NO SOFTWARE"},"content":{"rendered":"<h3 style=\"text-align: center;\"><strong>Get all IOS Emoji on your Windows PC without any software and very easily!<\/strong><\/h3>\n<p style=\"text-align: left;\">Want to use iOS emoji on Facebook, YouTube, Twitter... from your PC? Know that every smiley that is on any phone is already present on Windows without you realizing it!<\/p>\n<p style=\"text-align: center;\"><a href=\"http:\/\/www.youtube.com\/user\/game682400?sub_confirmation=1\" target=\"_blank\"><img decoding=\"async\" class=\"aligncenter wp-image-1766\" src=\"https:\/\/scrat-tech.fr\/wp-content\/uploads\/2016\/11\/abonnez-1024x283.jpg\" width=\"400\" height=\"110\" srcset=\"https:\/\/scrat-tech.fr\/wp-content\/uploads\/2016\/11\/abonnez-1024x283.jpg 1024w, https:\/\/scrat-tech.fr\/wp-content\/uploads\/2016\/11\/abonnez-600x166.jpg 600w, https:\/\/scrat-tech.fr\/wp-content\/uploads\/2016\/11\/abonnez-300x83.jpg 300w, https:\/\/scrat-tech.fr\/wp-content\/uploads\/2016\/11\/abonnez-768x212.jpg 768w, https:\/\/scrat-tech.fr\/wp-content\/uploads\/2016\/11\/abonnez.jpg 1631w\" sizes=\"(max-width: 400px) 100vw, 400px\" \/><\/a><em><span style=\"color: #808080;\">Click here to subscribe and support me, it costs you nothing and makes me happy \ud83d\ude42<\/span><\/em><\/p>\n<p style=\"text-align: left;\">Thanks to this tip you will know how to access emoji easily, this method does not require any software since it is a feature integrated into Windows.<\/p>\n<p style=\"text-align: left;\">So let&#039;s go straight to the manipulation to be carried out in order to obtain the emoji in just a few clicks! With the arrival of touch screens on computers, Microsoft has, since Windows 8, integrated a touch keyboard into its operating system (<em>for people still on Windows 7 it will therefore not be possible to have a single smiley using this method<\/em>), all you need to do is add this keyboard to your taskbar to make it easier to access and open it at any time very quickly. To do this, a simple click on the taskbar is enough.<\/p>\n<p style=\"text-align: left;\">There you have it, nothing could be simpler, you can now open your touch keyboard that contains emoji in no time and browse the complete list to find the smiley you are looking for! It will certainly appear quite strangely on Windows when you insert it, but once you send your message it will be automatically transformed into an IOS style emoji on Facebook for example.<\/p>\n<p style=\"text-align: left;\"><em>If you love iOS emoji so much you might also be interested in the method that allows you to get them on your phone just as easily and without root. Click <strong><a href=\"https:\/\/\/en\/tutoriels-android\/emoji-ios-android-root\/\" target=\"_blank\">ICI <\/a><\/strong>to take a look at the article.<\/em><\/p>\n<p><iframe width=\"800\" height=\"450\" src=\"https:\/\/www.youtube.com\/embed\/_sJ3QpRtj-g?feature=oembed\" frameborder=\"0\" allowfullscreen><\/iframe><\/p>","protected":false},"excerpt":{"rendered":"<p>Obtenez tous les Emoji IOS sur votre PC sous Windows sans aucun logiciel et tr\u00e8s facilement ! Vous souhaitez utiliser les emoji IOS sur Facebook, YouTube, Twitter&#8230; depuis votre PC ? Sachez que chaque\u00a0smiley qui se trouve sur n&rsquo;importe quel t\u00e9l\u00e9phone est d\u00e9j\u00e0 pr\u00e9sent sur Windows sans que vous vous en doutiez ! Cliquez ici [&hellip;]<\/p>\n","protected":false},"author":2,"featured_media":2102,"parent":40,"menu_order":0,"comment_status":"closed","ping_status":"open","template":"","meta":{"footnotes":""},"class_list":["post-2101","page","type-page","status-publish","has-post-thumbnail","hentry"],"yoast_head":"<!-- This site is optimized with the Yoast SEO Premium plugin v24.4 (Yoast SEO v24.4) - https:\/\/yoast.com\/wordpress\/plugins\/seo\/ -->\n<title>Emoji IOS sur PC - SANS LOGICIEL | Smiley pour Facebook, Twitter, ...<\/title>\n<meta name=\"description\" content=\"Obtenez tous les Emoji IOS sur votre PC sous Windows sans aucun logiciel et tr\u00e8s facilement ! Utilisez n&#039;importe quel smiley sur Facebook, Twitter... sur PC\" \/>\n<meta name=\"robots\" content=\"index, follow, max-snippet:-1, max-image-preview:large, max-video-preview:-1\" \/>\n<link rel=\"canonical\" href=\"https:\/\/scrat-tech.fr\/en\/windows\/emoji-ios-pc-without-software\/\" \/>\n<meta name=\"twitter:card\" content=\"summary_large_image\" \/>\n<meta name=\"twitter:title\" content=\"Emoji IOS sur PC - SANS LOGICIEL | Smiley pour Facebook, Twitter, ...\" \/>\n<meta name=\"twitter:description\" content=\"Obtenez tous les Emoji IOS sur votre PC sous Windows sans aucun logiciel et tr\u00e8s facilement ! Utilisez n&#039;importe quel smiley sur Facebook, Twitter... sur PC\" \/>\n<meta name=\"twitter:image\" content=\"https:\/\/scrat-tech.fr\/wp-content\/uploads\/2017\/04\/emoiospc.jpg\" \/>\n<meta name=\"twitter:site\" content=\"@SCRAT_Rider\" \/>\n<meta name=\"twitter:label1\" content=\"Est. reading time\" \/>\n\t<meta name=\"twitter:data1\" content=\"2 minutes\" \/>\n<script type=\"application\/ld+json\" class=\"yoast-schema-graph\">{\"@context\":\"https:\/\/schema.org\",\"@graph\":[{\"@type\":\"WebPage\",\"@id\":\"https:\/\/scrat-tech.fr\/windows\/emoji-ios-pc-sans-logiciel\/\",\"url\":\"https:\/\/scrat-tech.fr\/windows\/emoji-ios-pc-sans-logiciel\/\",\"name\":\"Emoji IOS sur PC - SANS LOGICIEL | Smiley pour Facebook, Twitter, ...\",\"isPartOf\":{\"@id\":\"https:\/\/scrat-tech.fr\/#website\"},\"primaryImageOfPage\":{\"@id\":\"https:\/\/scrat-tech.fr\/windows\/emoji-ios-pc-sans-logiciel\/#primaryimage\"},\"image\":{\"@id\":\"https:\/\/scrat-tech.fr\/windows\/emoji-ios-pc-sans-logiciel\/#primaryimage\"},\"thumbnailUrl\":\"https:\/\/scrat-tech.fr\/wp-content\/uploads\/2017\/04\/emoiospc.jpg\",\"datePublished\":\"2017-04-19T07:35:02+00:00\",\"description\":\"Obtenez tous les Emoji IOS sur votre PC sous Windows sans aucun logiciel et tr\u00e8s facilement ! Utilisez n'importe quel smiley sur Facebook, Twitter... sur PC\",\"breadcrumb\":{\"@id\":\"https:\/\/scrat-tech.fr\/windows\/emoji-ios-pc-sans-logiciel\/#breadcrumb\"},\"inLanguage\":\"en-US\",\"potentialAction\":[{\"@type\":\"ReadAction\",\"target\":[\"https:\/\/scrat-tech.fr\/windows\/emoji-ios-pc-sans-logiciel\/\"]}]},{\"@type\":\"ImageObject\",\"inLanguage\":\"en-US\",\"@id\":\"https:\/\/scrat-tech.fr\/windows\/emoji-ios-pc-sans-logiciel\/#primaryimage\",\"url\":\"https:\/\/scrat-tech.fr\/wp-content\/uploads\/2017\/04\/emoiospc.jpg\",\"contentUrl\":\"https:\/\/scrat-tech.fr\/wp-content\/uploads\/2017\/04\/emoiospc.jpg\",\"width\":1920,\"height\":1080,\"caption\":\"emoji smiley windows pc facebook\"},{\"@type\":\"BreadcrumbList\",\"@id\":\"https:\/\/scrat-tech.fr\/windows\/emoji-ios-pc-sans-logiciel\/#breadcrumb\",\"itemListElement\":[{\"@type\":\"ListItem\",\"position\":1,\"name\":\"Accueil\",\"item\":\"https:\/\/scrat-tech.fr\/\"},{\"@type\":\"ListItem\",\"position\":2,\"name\":\"Windows\",\"item\":\"https:\/\/scrat-tech.fr\/en\/windows\/\"},{\"@type\":\"ListItem\",\"position\":3,\"name\":\"Emoji IOS sur PC &#8211; SANS LOGICIEL\"}]},{\"@type\":\"WebSite\",\"@id\":\"https:\/\/scrat-tech.fr\/#website\",\"url\":\"https:\/\/scrat-tech.fr\/\",\"name\":\"SCRAT\",\"description\":\"\",\"publisher\":{\"@id\":\"https:\/\/scrat-tech.fr\/#organization\"},\"potentialAction\":[{\"@type\":\"SearchAction\",\"target\":{\"@type\":\"EntryPoint\",\"urlTemplate\":\"https:\/\/scrat-tech.fr\/?s={search_term_string}\"},\"query-input\":{\"@type\":\"PropertyValueSpecification\",\"valueRequired\":true,\"valueName\":\"search_term_string\"}}],\"inLanguage\":\"en-US\"},{\"@type\":\"Organization\",\"@id\":\"https:\/\/scrat-tech.fr\/#organization\",\"name\":\"SCRAT\",\"url\":\"https:\/\/scrat-tech.fr\/\",\"logo\":{\"@type\":\"ImageObject\",\"inLanguage\":\"en-US\",\"@id\":\"https:\/\/scrat-tech.fr\/#\/schema\/logo\/image\/\",\"url\":\"https:\/\/scrat-tech.fr\/wp-content\/uploads\/2024\/10\/cropped-tuyu_monte.png\",\"contentUrl\":\"https:\/\/scrat-tech.fr\/wp-content\/uploads\/2024\/10\/cropped-tuyu_monte.png\",\"width\":512,\"height\":512,\"caption\":\"SCRAT\"},\"image\":{\"@id\":\"https:\/\/scrat-tech.fr\/#\/schema\/logo\/image\/\"},\"sameAs\":[\"https:\/\/www.facebook.com\/ScratRider\/\",\"https:\/\/x.com\/SCRAT_Rider\",\"https:\/\/instagram.com\/scrat_rider\",\"https:\/\/youtube.com\/c\/SCRAT\"]}]}<\/script>\n<!-- \/ Yoast SEO Premium plugin. -->","yoast_head_json":{"title":"Emoji IOS on PC - NO SOFTWARE | Smiley for Facebook, Twitter, ...","description":"Get all IOS Emoji on your Windows PC without any software and very easily! Use any smiley on Facebook, Twitter... on PC","robots":{"index":"index","follow":"follow","max-snippet":"max-snippet:-1","max-image-preview":"max-image-preview:large","max-video-preview":"max-video-preview:-1"},"canonical":"https:\/\/scrat-tech.fr\/en\/windows\/emoji-ios-pc-without-software\/","twitter_card":"summary_large_image","twitter_title":"Emoji IOS sur PC - SANS LOGICIEL | Smiley pour Facebook, Twitter, ...","twitter_description":"Obtenez tous les Emoji IOS sur votre PC sous Windows sans aucun logiciel et tr\u00e8s facilement ! Utilisez n'importe quel smiley sur Facebook, Twitter... sur PC","twitter_image":"https:\/\/scrat-tech.fr\/wp-content\/uploads\/2017\/04\/emoiospc.jpg","twitter_site":"@SCRAT_Rider","twitter_misc":{"Est. reading time":"2 minutes"},"schema":{"@context":"https:\/\/schema.org","@graph":[{"@type":"WebPage","@id":"https:\/\/scrat-tech.fr\/windows\/emoji-ios-pc-sans-logiciel\/","url":"https:\/\/scrat-tech.fr\/windows\/emoji-ios-pc-sans-logiciel\/","name":"Emoji IOS on PC - NO SOFTWARE | Smiley for Facebook, Twitter, ...","isPartOf":{"@id":"https:\/\/scrat-tech.fr\/#website"},"primaryImageOfPage":{"@id":"https:\/\/scrat-tech.fr\/windows\/emoji-ios-pc-sans-logiciel\/#primaryimage"},"image":{"@id":"https:\/\/scrat-tech.fr\/windows\/emoji-ios-pc-sans-logiciel\/#primaryimage"},"thumbnailUrl":"https:\/\/scrat-tech.fr\/wp-content\/uploads\/2017\/04\/emoiospc.jpg","datePublished":"2017-04-19T07:35:02+00:00","description":"Get all IOS Emoji on your Windows PC without any software and very easily! Use any smiley on Facebook, Twitter... on PC","breadcrumb":{"@id":"https:\/\/scrat-tech.fr\/windows\/emoji-ios-pc-sans-logiciel\/#breadcrumb"},"inLanguage":"en-US","potentialAction":[{"@type":"ReadAction","target":["https:\/\/scrat-tech.fr\/windows\/emoji-ios-pc-sans-logiciel\/"]}]},{"@type":"ImageObject","inLanguage":"en-US","@id":"https:\/\/scrat-tech.fr\/windows\/emoji-ios-pc-sans-logiciel\/#primaryimage","url":"https:\/\/scrat-tech.fr\/wp-content\/uploads\/2017\/04\/emoiospc.jpg","contentUrl":"https:\/\/scrat-tech.fr\/wp-content\/uploads\/2017\/04\/emoiospc.jpg","width":1920,"height":1080,"caption":"emoji smiley windows pc facebook"},{"@type":"BreadcrumbList","@id":"https:\/\/scrat-tech.fr\/windows\/emoji-ios-pc-sans-logiciel\/#breadcrumb","itemListElement":[{"@type":"ListItem","position":1,"name":"Accueil","item":"https:\/\/scrat-tech.fr\/"},{"@type":"ListItem","position":2,"name":"Windows","item":"https:\/\/scrat-tech.fr\/en\/windows\/"},{"@type":"ListItem","position":3,"name":"Emoji IOS sur PC &#8211; SANS LOGICIEL"}]},{"@type":"WebSite","@id":"https:\/\/scrat-tech.fr\/#website","url":"https:\/\/scrat-tech.fr\/","name":"SCRAT","description":"","publisher":{"@id":"https:\/\/scrat-tech.fr\/#organization"},"potentialAction":[{"@type":"SearchAction","target":{"@type":"EntryPoint","urlTemplate":"https:\/\/scrat-tech.fr\/?s={search_term_string}"},"query-input":{"@type":"PropertyValueSpecification","valueRequired":true,"valueName":"search_term_string"}}],"inLanguage":"en-US"},{"@type":"Organization","@id":"https:\/\/scrat-tech.fr\/#organization","name":"SCRAT","url":"https:\/\/scrat-tech.fr\/","logo":{"@type":"ImageObject","inLanguage":"en-US","@id":"https:\/\/scrat-tech.fr\/#\/schema\/logo\/image\/","url":"https:\/\/scrat-tech.fr\/wp-content\/uploads\/2024\/10\/cropped-tuyu_monte.png","contentUrl":"https:\/\/scrat-tech.fr\/wp-content\/uploads\/2024\/10\/cropped-tuyu_monte.png","width":512,"height":512,"caption":"SCRAT"},"image":{"@id":"https:\/\/scrat-tech.fr\/#\/schema\/logo\/image\/"},"sameAs":["https:\/\/www.facebook.com\/ScratRider\/","https:\/\/x.com\/SCRAT_Rider","https:\/\/instagram.com\/scrat_rider","https:\/\/youtube.com\/c\/SCRAT"]}]}},"_links":{"self":[{"href":"https:\/\/scrat-tech.fr\/en\/wp-json\/wp\/v2\/pages\/2101","targetHints":{"allow":["GET"]}}],"collection":[{"href":"https:\/\/scrat-tech.fr\/en\/wp-json\/wp\/v2\/pages"}],"about":[{"href":"https:\/\/scrat-tech.fr\/en\/wp-json\/wp\/v2\/types\/page"}],"author":[{"embeddable":true,"href":"https:\/\/scrat-tech.fr\/en\/wp-json\/wp\/v2\/users\/2"}],"replies":[{"embeddable":true,"href":"https:\/\/scrat-tech.fr\/en\/wp-json\/wp\/v2\/comments?post=2101"}],"version-history":[{"count":0,"href":"https:\/\/scrat-tech.fr\/en\/wp-json\/wp\/v2\/pages\/2101\/revisions"}],"up":[{"embeddable":true,"href":"https:\/\/scrat-tech.fr\/en\/wp-json\/wp\/v2\/pages\/40"}],"wp:featuredmedia":[{"embeddable":true,"href":"https:\/\/scrat-tech.fr\/en\/wp-json\/wp\/v2\/media\/2102"}],"wp:attachment":[{"href":"https:\/\/scrat-tech.fr\/en\/wp-json\/wp\/v2\/media?parent=2101"}],"curies":[{"name":"wp","href":"https:\/\/api.w.org\/{rel}","templated":true}]}}