{"id":2095,"date":"2017-04-13T12:24:50","date_gmt":"2017-04-13T10:24:50","guid":{"rendered":"https:\/?page_id=2095"},"modified":"2017-04-13T12:24:50","modified_gmt":"2017-04-13T10:24:50","slug":"make-beautiful-youtube-thumbnail","status":"publish","type":"page","link":"https:\/\/scrat-tech.fr\/en\/windows\/make-beautiful-youtube-thumbnail\/","title":{"rendered":"How to Make a Beautiful Thumbnail for YouTube"},"content":{"rendered":"<h3 style=\"text-align: center;\"><strong>Make a beautiful thumbnail for YouTube that catches the eye and announces the video.<\/strong><\/h3>\n<p>Learn how to make beautiful thumbnails for your YouTube videos very easily! A beautiful thumbnail makes people want to click on your video.<\/p>\n<p style=\"text-align: center;\"><a href=\"http:\/\/www.youtube.com\/user\/game682400?sub_confirmation=1\" target=\"_blank\"><img decoding=\"async\" class=\"aligncenter wp-image-1766\" src=\"https:\/\/scrat-tech.fr\/wp-content\/uploads\/2016\/11\/abonnez-1024x283.jpg\" width=\"400\" height=\"110\" srcset=\"https:\/\/scrat-tech.fr\/wp-content\/uploads\/2016\/11\/abonnez-1024x283.jpg 1024w, https:\/\/scrat-tech.fr\/wp-content\/uploads\/2016\/11\/abonnez-600x166.jpg 600w, https:\/\/scrat-tech.fr\/wp-content\/uploads\/2016\/11\/abonnez-300x83.jpg 300w, https:\/\/scrat-tech.fr\/wp-content\/uploads\/2016\/11\/abonnez-768x212.jpg 768w, https:\/\/scrat-tech.fr\/wp-content\/uploads\/2016\/11\/abonnez.jpg 1631w\" sizes=\"(max-width: 400px) 100vw, 400px\" \/><\/a><em><span style=\"color: #808080;\">Click here to subscribe and support me, it costs you nothing and makes me happy \ud83d\ude42<\/span><\/em><\/p>\n<p>The thumbnail is the first thing that you notice on a YouTube video, so it must directly catch the eye of the person who may come across your video and make them want to click on the video. When someone is browsing YouTube, they will be more likely to look at the thumbnails before reading the titles, so it is important to take care of yours!<\/p>\n<p>In this video you will basically learn how to make a beautiful thumbnail that will catch the eye of the viewers. Please note that the thumbnail style shown in the video is mine, and that each thumbnail must be unique, this video is here to inspire you or give you ideas, copying the design or thumbnails of another YouTuber is not very original. So it&#039;s up to you to find your style and make your own thumbnails.<\/p>\n<p>The recommended size is 1920x1080 pixels, or a FULL HD format. YouTube does not compress thumbnails and does not reduce their quality, certainly on YouTube it is very small, but the FULL HD format is used in the case of video integration especially. For example, as in my case, when I put a video on my site, as long as it is not launched, the thumbnail is displayed in large, the same for forums or Facebook. It is therefore preferable to plan ahead by making a large thumbnail.<\/p>\n<p>As for the texts, write <strong>FAT<\/strong> story so that it is readable even when the thumbnail is in its smallest size and in a color that stands out well from the background of the video with a font that is pleasant to read. Do not put too much text, only the bare minimum, and highlight the keywords by changing their color if necessary.<\/p>\n<p>Then add icons, logos, or photos that represent the theme of your video, again, be original and don&#039;t hesitate to make your own montages or edit the logos to personalize them.<\/p>\n<p>I use Photoshop in the video but any photo editing software will do.<\/p>\n<p>https:\/\/www.youtube.com\/watch?v=X0XqQ94fg5o<\/p>","protected":false},"excerpt":{"rendered":"<p>Faire une belle miniature pour YouTube qui attire l\u2019\u0153il et annonce la vid\u00e9o. Apprenez \u00e0 faire de belles miniatures pour vos vid\u00e9os YouTube tr\u00e8s facilement ! Une belle miniature donne envie de cliquer sur votre vid\u00e9o. Cliquez ici pour vous abonner et me soutenir, cela ne vous co\u00fbte rien et \u00e7a me fait plaisir \ud83d\ude42 [&hellip;]<\/p>","protected":false},"author":2,"featured_media":2096,"parent":40,"menu_order":0,"comment_status":"closed","ping_status":"open","template":"","meta":{"footnotes":""},"class_list":["post-2095","page","type-page","status-publish","has-post-thumbnail","hentry"],"yoast_head":"<!-- This site is optimized with the Yoast SEO Premium plugin v24.4 (Yoast SEO v24.4) - https:\/\/yoast.com\/wordpress\/plugins\/seo\/ -->\n<title>Faire une belle miniature pour YouTube - Facilement et rapidement<\/title>\n<meta name=\"description\" content=\"Apprenez \u00e0 faire de belles miniatures pour vos vid\u00e9os YouTube tr\u00e8s facilement ! Une belle miniature donne envie de cliquer sur votre vid\u00e9o.\" \/>\n<meta name=\"robots\" content=\"index, follow, max-snippet:-1, max-image-preview:large, max-video-preview:-1\" \/>\n<link rel=\"canonical\" href=\"https:\/\/scrat-tech.fr\/en\/windows\/make-beautiful-youtube-thumbnail\/\" \/>\n<meta name=\"twitter:card\" content=\"summary_large_image\" \/>\n<meta name=\"twitter:title\" content=\"Faire une belle miniature pour YouTube - Facilement et rapidement\" \/>\n<meta name=\"twitter:description\" content=\"Apprenez \u00e0 faire de belles miniatures pour vos vid\u00e9os YouTube tr\u00e8s facilement ! Une belle miniature donne envie de cliquer sur votre vid\u00e9o.\" \/>\n<meta name=\"twitter:image\" content=\"https:\/\/scrat-tech.fr\/wp-content\/uploads\/2017\/04\/miniature.jpg\" \/>\n<meta name=\"twitter:site\" content=\"@SCRAT_Rider\" \/>\n<meta name=\"twitter:label1\" content=\"Est. reading time\" \/>\n\t<meta name=\"twitter:data1\" content=\"2 minutes\" \/>\n<script type=\"application\/ld+json\" class=\"yoast-schema-graph\">{\"@context\":\"https:\/\/schema.org\",\"@graph\":[{\"@type\":\"WebPage\",\"@id\":\"https:\/\/scrat-tech.fr\/windows\/faire-belle-miniature-youtube\/\",\"url\":\"https:\/\/scrat-tech.fr\/windows\/faire-belle-miniature-youtube\/\",\"name\":\"Faire une belle miniature pour YouTube - Facilement et rapidement\",\"isPartOf\":{\"@id\":\"https:\/\/scrat-tech.fr\/#website\"},\"primaryImageOfPage\":{\"@id\":\"https:\/\/scrat-tech.fr\/windows\/faire-belle-miniature-youtube\/#primaryimage\"},\"image\":{\"@id\":\"https:\/\/scrat-tech.fr\/windows\/faire-belle-miniature-youtube\/#primaryimage\"},\"thumbnailUrl\":\"https:\/\/scrat-tech.fr\/wp-content\/uploads\/2017\/04\/miniature.jpg\",\"datePublished\":\"2017-04-13T10:24:50+00:00\",\"description\":\"Apprenez \u00e0 faire de belles miniatures pour vos vid\u00e9os YouTube tr\u00e8s facilement ! Une belle miniature donne envie de cliquer sur votre vid\u00e9o.\",\"breadcrumb\":{\"@id\":\"https:\/\/scrat-tech.fr\/windows\/faire-belle-miniature-youtube\/#breadcrumb\"},\"inLanguage\":\"en-US\",\"potentialAction\":[{\"@type\":\"ReadAction\",\"target\":[\"https:\/\/scrat-tech.fr\/windows\/faire-belle-miniature-youtube\/\"]}]},{\"@type\":\"ImageObject\",\"inLanguage\":\"en-US\",\"@id\":\"https:\/\/scrat-tech.fr\/windows\/faire-belle-miniature-youtube\/#primaryimage\",\"url\":\"https:\/\/scrat-tech.fr\/wp-content\/uploads\/2017\/04\/miniature.jpg\",\"contentUrl\":\"https:\/\/scrat-tech.fr\/wp-content\/uploads\/2017\/04\/miniature.jpg\",\"width\":1920,\"height\":1080,\"caption\":\"miniature miniatures faire youtube belle\"},{\"@type\":\"BreadcrumbList\",\"@id\":\"https:\/\/scrat-tech.fr\/windows\/faire-belle-miniature-youtube\/#breadcrumb\",\"itemListElement\":[{\"@type\":\"ListItem\",\"position\":1,\"name\":\"Accueil\",\"item\":\"https:\/\/scrat-tech.fr\/\"},{\"@type\":\"ListItem\",\"position\":2,\"name\":\"Windows\",\"item\":\"https:\/\/scrat-tech.fr\/en\/windows\/\"},{\"@type\":\"ListItem\",\"position\":3,\"name\":\"Faire une belle miniature pour YouTube\"}]},{\"@type\":\"WebSite\",\"@id\":\"https:\/\/scrat-tech.fr\/#website\",\"url\":\"https:\/\/scrat-tech.fr\/\",\"name\":\"SCRAT\",\"description\":\"\",\"publisher\":{\"@id\":\"https:\/\/scrat-tech.fr\/#organization\"},\"potentialAction\":[{\"@type\":\"SearchAction\",\"target\":{\"@type\":\"EntryPoint\",\"urlTemplate\":\"https:\/\/scrat-tech.fr\/?s={search_term_string}\"},\"query-input\":{\"@type\":\"PropertyValueSpecification\",\"valueRequired\":true,\"valueName\":\"search_term_string\"}}],\"inLanguage\":\"en-US\"},{\"@type\":\"Organization\",\"@id\":\"https:\/\/scrat-tech.fr\/#organization\",\"name\":\"SCRAT\",\"url\":\"https:\/\/scrat-tech.fr\/\",\"logo\":{\"@type\":\"ImageObject\",\"inLanguage\":\"en-US\",\"@id\":\"https:\/\/scrat-tech.fr\/#\/schema\/logo\/image\/\",\"url\":\"https:\/\/scrat-tech.fr\/wp-content\/uploads\/2024\/10\/cropped-tuyu_monte.png\",\"contentUrl\":\"https:\/\/scrat-tech.fr\/wp-content\/uploads\/2024\/10\/cropped-tuyu_monte.png\",\"width\":512,\"height\":512,\"caption\":\"SCRAT\"},\"image\":{\"@id\":\"https:\/\/scrat-tech.fr\/#\/schema\/logo\/image\/\"},\"sameAs\":[\"https:\/\/www.facebook.com\/ScratRider\/\",\"https:\/\/x.com\/SCRAT_Rider\",\"https:\/\/instagram.com\/scrat_rider\",\"https:\/\/youtube.com\/c\/SCRAT\"]}]}<\/script>\n<!-- \/ Yoast SEO Premium plugin. -->","yoast_head_json":{"title":"Make a beautiful thumbnail for YouTube - Easily and quickly","description":"Learn how to make beautiful thumbnails for your YouTube videos very easily! A beautiful thumbnail makes people want to click on your video.","robots":{"index":"index","follow":"follow","max-snippet":"max-snippet:-1","max-image-preview":"max-image-preview:large","max-video-preview":"max-video-preview:-1"},"canonical":"https:\/\/scrat-tech.fr\/en\/windows\/make-beautiful-youtube-thumbnail\/","twitter_card":"summary_large_image","twitter_title":"Faire une belle miniature pour YouTube - Facilement et rapidement","twitter_description":"Apprenez \u00e0 faire de belles miniatures pour vos vid\u00e9os YouTube tr\u00e8s facilement ! Une belle miniature donne envie de cliquer sur votre vid\u00e9o.","twitter_image":"https:\/\/scrat-tech.fr\/wp-content\/uploads\/2017\/04\/miniature.jpg","twitter_site":"@SCRAT_Rider","twitter_misc":{"Est. reading time":"2 minutes"},"schema":{"@context":"https:\/\/schema.org","@graph":[{"@type":"WebPage","@id":"https:\/\/scrat-tech.fr\/windows\/faire-belle-miniature-youtube\/","url":"https:\/\/scrat-tech.fr\/windows\/faire-belle-miniature-youtube\/","name":"Make a beautiful thumbnail for YouTube - Easily and quickly","isPartOf":{"@id":"https:\/\/scrat-tech.fr\/#website"},"primaryImageOfPage":{"@id":"https:\/\/scrat-tech.fr\/windows\/faire-belle-miniature-youtube\/#primaryimage"},"image":{"@id":"https:\/\/scrat-tech.fr\/windows\/faire-belle-miniature-youtube\/#primaryimage"},"thumbnailUrl":"https:\/\/scrat-tech.fr\/wp-content\/uploads\/2017\/04\/miniature.jpg","datePublished":"2017-04-13T10:24:50+00:00","description":"Learn how to make beautiful thumbnails for your YouTube videos very easily! A beautiful thumbnail makes people want to click on your video.","breadcrumb":{"@id":"https:\/\/scrat-tech.fr\/windows\/faire-belle-miniature-youtube\/#breadcrumb"},"inLanguage":"en-US","potentialAction":[{"@type":"ReadAction","target":["https:\/\/scrat-tech.fr\/windows\/faire-belle-miniature-youtube\/"]}]},{"@type":"ImageObject","inLanguage":"en-US","@id":"https:\/\/scrat-tech.fr\/windows\/faire-belle-miniature-youtube\/#primaryimage","url":"https:\/\/scrat-tech.fr\/wp-content\/uploads\/2017\/04\/miniature.jpg","contentUrl":"https:\/\/scrat-tech.fr\/wp-content\/uploads\/2017\/04\/miniature.jpg","width":1920,"height":1080,"caption":"miniature miniatures faire youtube belle"},{"@type":"BreadcrumbList","@id":"https:\/\/scrat-tech.fr\/windows\/faire-belle-miniature-youtube\/#breadcrumb","itemListElement":[{"@type":"ListItem","position":1,"name":"Accueil","item":"https:\/\/scrat-tech.fr\/"},{"@type":"ListItem","position":2,"name":"Windows","item":"https:\/\/scrat-tech.fr\/en\/windows\/"},{"@type":"ListItem","position":3,"name":"Faire une belle miniature pour YouTube"}]},{"@type":"WebSite","@id":"https:\/\/scrat-tech.fr\/#website","url":"https:\/\/scrat-tech.fr\/","name":"SCRAT","description":"","publisher":{"@id":"https:\/\/scrat-tech.fr\/#organization"},"potentialAction":[{"@type":"SearchAction","target":{"@type":"EntryPoint","urlTemplate":"https:\/\/scrat-tech.fr\/?s={search_term_string}"},"query-input":{"@type":"PropertyValueSpecification","valueRequired":true,"valueName":"search_term_string"}}],"inLanguage":"en-US"},{"@type":"Organization","@id":"https:\/\/scrat-tech.fr\/#organization","name":"SCRAT","url":"https:\/\/scrat-tech.fr\/","logo":{"@type":"ImageObject","inLanguage":"en-US","@id":"https:\/\/scrat-tech.fr\/#\/schema\/logo\/image\/","url":"https:\/\/scrat-tech.fr\/wp-content\/uploads\/2024\/10\/cropped-tuyu_monte.png","contentUrl":"https:\/\/scrat-tech.fr\/wp-content\/uploads\/2024\/10\/cropped-tuyu_monte.png","width":512,"height":512,"caption":"SCRAT"},"image":{"@id":"https:\/\/scrat-tech.fr\/#\/schema\/logo\/image\/"},"sameAs":["https:\/\/www.facebook.com\/ScratRider\/","https:\/\/x.com\/SCRAT_Rider","https:\/\/instagram.com\/scrat_rider","https:\/\/youtube.com\/c\/SCRAT"]}]}},"_links":{"self":[{"href":"https:\/\/scrat-tech.fr\/en\/wp-json\/wp\/v2\/pages\/2095","targetHints":{"allow":["GET"]}}],"collection":[{"href":"https:\/\/scrat-tech.fr\/en\/wp-json\/wp\/v2\/pages"}],"about":[{"href":"https:\/\/scrat-tech.fr\/en\/wp-json\/wp\/v2\/types\/page"}],"author":[{"embeddable":true,"href":"https:\/\/scrat-tech.fr\/en\/wp-json\/wp\/v2\/users\/2"}],"replies":[{"embeddable":true,"href":"https:\/\/scrat-tech.fr\/en\/wp-json\/wp\/v2\/comments?post=2095"}],"version-history":[{"count":0,"href":"https:\/\/scrat-tech.fr\/en\/wp-json\/wp\/v2\/pages\/2095\/revisions"}],"up":[{"embeddable":true,"href":"https:\/\/scrat-tech.fr\/en\/wp-json\/wp\/v2\/pages\/40"}],"wp:featuredmedia":[{"embeddable":true,"href":"https:\/\/scrat-tech.fr\/en\/wp-json\/wp\/v2\/media\/2096"}],"wp:attachment":[{"href":"https:\/\/scrat-tech.fr\/en\/wp-json\/wp\/v2\/media?parent=2095"}],"curies":[{"name":"wp","href":"https:\/\/api.w.org\/{rel}","templated":true}]}}