{"id":2087,"date":"2017-04-13T11:32:59","date_gmt":"2017-04-13T09:32:59","guid":{"rendered":"https:\/?page_id=2087"},"modified":"2017-04-13T12:05:07","modified_gmt":"2017-04-13T10:05:07","slug":"compress-a-video-without-loss-of-quality","status":"publish","type":"page","link":"https:\/\/scrat-tech.fr\/en\/windows\/compress-a-video-without-loss-of-quality\/","title":{"rendered":"Compress a video WITHOUT losing quality"},"content":{"rendered":"<h3 style=\"text-align: center;\"><strong>Compress a video WITHOUT loss of quality to divide its size by 10 very quickly!<\/strong><\/h3>\n<p>Are your videos heavy and take a long time to send or upload to YouTube? With this tip you will learn how to compress a video without loss of quality to divide the final size by 10 and therefore upload or send your video 10 times faster.<\/p>\n<p style=\"text-align: center;\"><a href=\"http:\/\/www.youtube.com\/user\/game682400?sub_confirmation=1\" target=\"_blank\"><img decoding=\"async\" class=\"aligncenter wp-image-1766\" src=\"https:\/\/scrat-tech.fr\/wp-content\/uploads\/2016\/11\/abonnez-1024x283.jpg\" width=\"400\" height=\"110\" srcset=\"https:\/\/scrat-tech.fr\/wp-content\/uploads\/2016\/11\/abonnez-1024x283.jpg 1024w, https:\/\/scrat-tech.fr\/wp-content\/uploads\/2016\/11\/abonnez-600x166.jpg 600w, https:\/\/scrat-tech.fr\/wp-content\/uploads\/2016\/11\/abonnez-300x83.jpg 300w, https:\/\/scrat-tech.fr\/wp-content\/uploads\/2016\/11\/abonnez-768x212.jpg 768w, https:\/\/scrat-tech.fr\/wp-content\/uploads\/2016\/11\/abonnez.jpg 1631w\" sizes=\"(max-width: 400px) 100vw, 400px\" \/><\/a><em><span style=\"color: #808080;\">Click here to subscribe and support me, it costs you nothing and makes me happy \ud83d\ude42<\/span><\/em><\/p>\n<p>This tutorial will work for all videos but there may be some exceptions. All my videos are compressed using this method before being uploaded to YouTube, you can see for yourself that the quality in 1080p is still excellent.<\/p>\n<p>What you need to know is that the software we will use, which is also very light and ultra easy to use, does not compress the video simply by modifying its encoding. Very often the videos are poorly encoded, they weigh a lot when we could avoid this, so, for my example when I finished a 3-minute video it often weighs more than 300 MB, which is therefore very long to upload to YouTube. Once the compression is done the video only weighs about 30 MB, the file size has therefore been divided by 10 and consequently the upload time too, which is really huge!<\/p>\n<p>In the case where the size of the video is not reduced by much or not at all, it is because your video was already encoded at best when it came out of your editing software. In this case it is not possible to reduce the size without losing the quality, if you want to reduce the volume at all costs you will then have to move the quality slider on the software and therefore sacrifice a little quality.<\/p>\n<p>In order to get the best possible rendering, make sure to use the same settings as me in the video.<br \/>\nUsually the software will take only a few minutes or sometimes less than a minute depending on the length of the video to compress it.<\/p>\n<p><strong>You will need the HandBrake software which can be downloaded from <a href=\"http:\/\/www.clictune.com\/id=617087\" target=\"_blank\">THIS LINK<\/a>, or simply by following the link in the video description on YouTube<\/strong><strong>e.<\/strong><\/p>\n<p><iframe width=\"800\" height=\"450\" src=\"https:\/\/www.youtube.com\/embed\/SMCh51OOgI0?feature=oembed\" frameborder=\"0\" allowfullscreen><\/iframe><\/p>","protected":false},"excerpt":{"rendered":"<p>Compress a video WITHOUT losing quality to divide its size by 10 in the end very quickly! Are your videos heavy and take a long time to send or upload to YouTube? Thanks to this tip you will learn how to compress a video without losing quality to divide the final size by 10 and therefore [\u2026]<\/p>","protected":false},"author":2,"featured_media":2090,"parent":40,"menu_order":0,"comment_status":"closed","ping_status":"open","template":"","meta":{"footnotes":""},"class_list":["post-2087","page","type-page","status-publish","has-post-thumbnail","hentry"],"yoast_head":"<!-- This site is optimized with the Yoast SEO Premium plugin v24.4 (Yoast SEO v24.4) - https:\/\/yoast.com\/wordpress\/plugins\/seo\/ -->\n<title>Compresser une vid\u00e9o SANS perte de qualit\u00e9 | Diviser la taille par 10 !<\/title>\n<meta name=\"description\" content=\"Compresser une vid\u00e9o SANS perte de qualit\u00e9 pour diviser sa taille par 10 au final tr\u00e8s rapidement ! Uploader des vid\u00e9os devient 10x plus rapide maintenant !\" \/>\n<meta name=\"robots\" content=\"index, follow, max-snippet:-1, max-image-preview:large, max-video-preview:-1\" \/>\n<link rel=\"canonical\" href=\"https:\/\/scrat-tech.fr\/en\/windows\/compress-a-video-without-loss-of-quality\/\" \/>\n<meta name=\"twitter:card\" content=\"summary_large_image\" \/>\n<meta name=\"twitter:title\" content=\"Compresser une vid\u00e9o SANS perte de qualit\u00e9 | Diviser la taille par 10 !\" \/>\n<meta name=\"twitter:description\" content=\"Compresser une vid\u00e9o SANS perte de qualit\u00e9 pour diviser sa taille par 10 au final tr\u00e8s rapidement ! Uploader des vid\u00e9os devient 10x plus rapide maintenant !\" \/>\n<meta name=\"twitter:image\" content=\"https:\/\/scrat-tech.fr\/wp-content\/uploads\/2017\/04\/compresser-vid\u00e9o.jpg\" \/>\n<meta name=\"twitter:site\" content=\"@SCRAT_Rider\" \/>\n<meta name=\"twitter:label1\" content=\"Est. reading time\" \/>\n\t<meta name=\"twitter:data1\" content=\"2 minutes\" \/>\n<script type=\"application\/ld+json\" class=\"yoast-schema-graph\">{\"@context\":\"https:\/\/schema.org\",\"@graph\":[{\"@type\":\"WebPage\",\"@id\":\"https:\/\/scrat-tech.fr\/windows\/compresser-une-video-sans-perte-de-qualite\/\",\"url\":\"https:\/\/scrat-tech.fr\/windows\/compresser-une-video-sans-perte-de-qualite\/\",\"name\":\"Compresser une vid\u00e9o SANS perte de qualit\u00e9 | Diviser la taille par 10 !\",\"isPartOf\":{\"@id\":\"https:\/\/scrat-tech.fr\/#website\"},\"primaryImageOfPage\":{\"@id\":\"https:\/\/scrat-tech.fr\/windows\/compresser-une-video-sans-perte-de-qualite\/#primaryimage\"},\"image\":{\"@id\":\"https:\/\/scrat-tech.fr\/windows\/compresser-une-video-sans-perte-de-qualite\/#primaryimage\"},\"thumbnailUrl\":\"https:\/\/scrat-tech.fr\/wp-content\/uploads\/2017\/04\/compresser-vid\u00e9o.jpg\",\"datePublished\":\"2017-04-13T09:32:59+00:00\",\"dateModified\":\"2017-04-13T10:05:07+00:00\",\"description\":\"Compresser une vid\u00e9o SANS perte de qualit\u00e9 pour diviser sa taille par 10 au final tr\u00e8s rapidement ! Uploader des vid\u00e9os devient 10x plus rapide maintenant !\",\"breadcrumb\":{\"@id\":\"https:\/\/scrat-tech.fr\/windows\/compresser-une-video-sans-perte-de-qualite\/#breadcrumb\"},\"inLanguage\":\"en-US\",\"potentialAction\":[{\"@type\":\"ReadAction\",\"target\":[\"https:\/\/scrat-tech.fr\/windows\/compresser-une-video-sans-perte-de-qualite\/\"]}]},{\"@type\":\"ImageObject\",\"inLanguage\":\"en-US\",\"@id\":\"https:\/\/scrat-tech.fr\/windows\/compresser-une-video-sans-perte-de-qualite\/#primaryimage\",\"url\":\"https:\/\/scrat-tech.fr\/wp-content\/uploads\/2017\/04\/compresser-vid\u00e9o.jpg\",\"contentUrl\":\"https:\/\/scrat-tech.fr\/wp-content\/uploads\/2017\/04\/compresser-vid\u00e9o.jpg\",\"width\":1920,\"height\":1080,\"caption\":\"compresser une vid\u00e9o sans perte de qualit\u00e9 uploader\"},{\"@type\":\"BreadcrumbList\",\"@id\":\"https:\/\/scrat-tech.fr\/windows\/compresser-une-video-sans-perte-de-qualite\/#breadcrumb\",\"itemListElement\":[{\"@type\":\"ListItem\",\"position\":1,\"name\":\"Accueil\",\"item\":\"https:\/\/scrat-tech.fr\/\"},{\"@type\":\"ListItem\",\"position\":2,\"name\":\"Windows\",\"item\":\"https:\/\/scrat-tech.fr\/en\/windows\/\"},{\"@type\":\"ListItem\",\"position\":3,\"name\":\"Compresser une vid\u00e9o SANS perte de qualit\u00e9\"}]},{\"@type\":\"WebSite\",\"@id\":\"https:\/\/scrat-tech.fr\/#website\",\"url\":\"https:\/\/scrat-tech.fr\/\",\"name\":\"SCRAT\",\"description\":\"\",\"publisher\":{\"@id\":\"https:\/\/scrat-tech.fr\/#organization\"},\"potentialAction\":[{\"@type\":\"SearchAction\",\"target\":{\"@type\":\"EntryPoint\",\"urlTemplate\":\"https:\/\/scrat-tech.fr\/?s={search_term_string}\"},\"query-input\":{\"@type\":\"PropertyValueSpecification\",\"valueRequired\":true,\"valueName\":\"search_term_string\"}}],\"inLanguage\":\"en-US\"},{\"@type\":\"Organization\",\"@id\":\"https:\/\/scrat-tech.fr\/#organization\",\"name\":\"SCRAT\",\"url\":\"https:\/\/scrat-tech.fr\/\",\"logo\":{\"@type\":\"ImageObject\",\"inLanguage\":\"en-US\",\"@id\":\"https:\/\/scrat-tech.fr\/#\/schema\/logo\/image\/\",\"url\":\"https:\/\/scrat-tech.fr\/wp-content\/uploads\/2024\/10\/cropped-tuyu_monte.png\",\"contentUrl\":\"https:\/\/scrat-tech.fr\/wp-content\/uploads\/2024\/10\/cropped-tuyu_monte.png\",\"width\":512,\"height\":512,\"caption\":\"SCRAT\"},\"image\":{\"@id\":\"https:\/\/scrat-tech.fr\/#\/schema\/logo\/image\/\"},\"sameAs\":[\"https:\/\/www.facebook.com\/ScratRider\/\",\"https:\/\/x.com\/SCRAT_Rider\",\"https:\/\/instagram.com\/scrat_rider\",\"https:\/\/youtube.com\/c\/SCRAT\"]}]}<\/script>\n<!-- \/ Yoast SEO Premium plugin. -->","yoast_head_json":{"title":"Compress a video WITHOUT losing quality | Divide the size by 10!","description":"Compress a video WITHOUT quality loss to divide its size by 10 in the end very quickly! Uploading videos becomes 10x faster now!","robots":{"index":"index","follow":"follow","max-snippet":"max-snippet:-1","max-image-preview":"max-image-preview:large","max-video-preview":"max-video-preview:-1"},"canonical":"https:\/\/scrat-tech.fr\/en\/windows\/compress-a-video-without-loss-of-quality\/","twitter_card":"summary_large_image","twitter_title":"Compresser une vid\u00e9o SANS perte de qualit\u00e9 | Diviser la taille par 10 !","twitter_description":"Compresser une vid\u00e9o SANS perte de qualit\u00e9 pour diviser sa taille par 10 au final tr\u00e8s rapidement ! Uploader des vid\u00e9os devient 10x plus rapide maintenant !","twitter_image":"https:\/\/scrat-tech.fr\/wp-content\/uploads\/2017\/04\/compresser-vid\u00e9o.jpg","twitter_site":"@SCRAT_Rider","twitter_misc":{"Est. reading time":"2 minutes"},"schema":{"@context":"https:\/\/schema.org","@graph":[{"@type":"WebPage","@id":"https:\/\/scrat-tech.fr\/windows\/compresser-une-video-sans-perte-de-qualite\/","url":"https:\/\/scrat-tech.fr\/windows\/compresser-une-video-sans-perte-de-qualite\/","name":"Compress a video WITHOUT losing quality | Divide the size by 10!","isPartOf":{"@id":"https:\/\/scrat-tech.fr\/#website"},"primaryImageOfPage":{"@id":"https:\/\/scrat-tech.fr\/windows\/compresser-une-video-sans-perte-de-qualite\/#primaryimage"},"image":{"@id":"https:\/\/scrat-tech.fr\/windows\/compresser-une-video-sans-perte-de-qualite\/#primaryimage"},"thumbnailUrl":"https:\/\/scrat-tech.fr\/wp-content\/uploads\/2017\/04\/compresser-vid\u00e9o.jpg","datePublished":"2017-04-13T09:32:59+00:00","dateModified":"2017-04-13T10:05:07+00:00","description":"Compress a video WITHOUT quality loss to divide its size by 10 in the end very quickly! Uploading videos becomes 10x faster now!","breadcrumb":{"@id":"https:\/\/scrat-tech.fr\/windows\/compresser-une-video-sans-perte-de-qualite\/#breadcrumb"},"inLanguage":"en-US","potentialAction":[{"@type":"ReadAction","target":["https:\/\/scrat-tech.fr\/windows\/compresser-une-video-sans-perte-de-qualite\/"]}]},{"@type":"ImageObject","inLanguage":"en-US","@id":"https:\/\/scrat-tech.fr\/windows\/compresser-une-video-sans-perte-de-qualite\/#primaryimage","url":"https:\/\/scrat-tech.fr\/wp-content\/uploads\/2017\/04\/compresser-vid\u00e9o.jpg","contentUrl":"https:\/\/scrat-tech.fr\/wp-content\/uploads\/2017\/04\/compresser-vid\u00e9o.jpg","width":1920,"height":1080,"caption":"compresser une vid\u00e9o sans perte de qualit\u00e9 uploader"},{"@type":"BreadcrumbList","@id":"https:\/\/scrat-tech.fr\/windows\/compresser-une-video-sans-perte-de-qualite\/#breadcrumb","itemListElement":[{"@type":"ListItem","position":1,"name":"Accueil","item":"https:\/\/scrat-tech.fr\/"},{"@type":"ListItem","position":2,"name":"Windows","item":"https:\/\/scrat-tech.fr\/en\/windows\/"},{"@type":"ListItem","position":3,"name":"Compresser une vid\u00e9o SANS perte de qualit\u00e9"}]},{"@type":"WebSite","@id":"https:\/\/scrat-tech.fr\/#website","url":"https:\/\/scrat-tech.fr\/","name":"SCRAT","description":"","publisher":{"@id":"https:\/\/scrat-tech.fr\/#organization"},"potentialAction":[{"@type":"SearchAction","target":{"@type":"EntryPoint","urlTemplate":"https:\/\/scrat-tech.fr\/?s={search_term_string}"},"query-input":{"@type":"PropertyValueSpecification","valueRequired":true,"valueName":"search_term_string"}}],"inLanguage":"en-US"},{"@type":"Organization","@id":"https:\/\/scrat-tech.fr\/#organization","name":"SCRAT","url":"https:\/\/scrat-tech.fr\/","logo":{"@type":"ImageObject","inLanguage":"en-US","@id":"https:\/\/scrat-tech.fr\/#\/schema\/logo\/image\/","url":"https:\/\/scrat-tech.fr\/wp-content\/uploads\/2024\/10\/cropped-tuyu_monte.png","contentUrl":"https:\/\/scrat-tech.fr\/wp-content\/uploads\/2024\/10\/cropped-tuyu_monte.png","width":512,"height":512,"caption":"SCRAT"},"image":{"@id":"https:\/\/scrat-tech.fr\/#\/schema\/logo\/image\/"},"sameAs":["https:\/\/www.facebook.com\/ScratRider\/","https:\/\/x.com\/SCRAT_Rider","https:\/\/instagram.com\/scrat_rider","https:\/\/youtube.com\/c\/SCRAT"]}]}},"_links":{"self":[{"href":"https:\/\/scrat-tech.fr\/en\/wp-json\/wp\/v2\/pages\/2087","targetHints":{"allow":["GET"]}}],"collection":[{"href":"https:\/\/scrat-tech.fr\/en\/wp-json\/wp\/v2\/pages"}],"about":[{"href":"https:\/\/scrat-tech.fr\/en\/wp-json\/wp\/v2\/types\/page"}],"author":[{"embeddable":true,"href":"https:\/\/scrat-tech.fr\/en\/wp-json\/wp\/v2\/users\/2"}],"replies":[{"embeddable":true,"href":"https:\/\/scrat-tech.fr\/en\/wp-json\/wp\/v2\/comments?post=2087"}],"version-history":[{"count":0,"href":"https:\/\/scrat-tech.fr\/en\/wp-json\/wp\/v2\/pages\/2087\/revisions"}],"up":[{"embeddable":true,"href":"https:\/\/scrat-tech.fr\/en\/wp-json\/wp\/v2\/pages\/40"}],"wp:featuredmedia":[{"embeddable":true,"href":"https:\/\/scrat-tech.fr\/en\/wp-json\/wp\/v2\/media\/2090"}],"wp:attachment":[{"href":"https:\/\/scrat-tech.fr\/en\/wp-json\/wp\/v2\/media?parent=2087"}],"curies":[{"name":"wp","href":"https:\/\/api.w.org\/{rel}","templated":true}]}}