{"id":2081,"date":"2017-04-13T11:10:58","date_gmt":"2017-04-13T09:10:58","guid":{"rendered":"https:\/?page_id=2081"},"modified":"2017-04-13T11:10:58","modified_gmt":"2017-04-13T09:10:58","slug":"extract-text-image-photo-online","status":"publish","type":"page","link":"https:\/\/scrat-tech.fr\/en\/windows\/extract-text-image-photo-online\/","title":{"rendered":"Extract text from image online without software"},"content":{"rendered":"<h3 style=\"text-align: center;\"><strong>Recover all the text from an image\/photo easily online and without any software, it&#039;s possible!<\/strong><\/h3>\n<p>Need to recover text from an image so you don&#039;t waste time retyping it manually? This tip that will allow you to extract text from an image is for you!<\/p>\n<p style=\"text-align: center;\"><a href=\"http:\/\/www.youtube.com\/user\/game682400?sub_confirmation=1\" target=\"_blank\"><img decoding=\"async\" class=\"aligncenter wp-image-1766\" src=\"https:\/\/scrat-tech.fr\/wp-content\/uploads\/2016\/11\/abonnez-1024x283.jpg\" width=\"400\" height=\"110\" srcset=\"https:\/\/scrat-tech.fr\/wp-content\/uploads\/2016\/11\/abonnez-1024x283.jpg 1024w, https:\/\/scrat-tech.fr\/wp-content\/uploads\/2016\/11\/abonnez-600x166.jpg 600w, https:\/\/scrat-tech.fr\/wp-content\/uploads\/2016\/11\/abonnez-300x83.jpg 300w, https:\/\/scrat-tech.fr\/wp-content\/uploads\/2016\/11\/abonnez-768x212.jpg 768w, https:\/\/scrat-tech.fr\/wp-content\/uploads\/2016\/11\/abonnez.jpg 1631w\" sizes=\"(max-width: 400px) 100vw, 400px\" \/><\/a><em><span style=\"color: #808080;\">Click here to subscribe and support me, it costs you nothing and makes me happy \ud83d\ude42<\/span><\/em><\/p>\n<p>No software is required since everything is done online on a website. The site offers an interesting function that allows you to extract the text from an image without downloading it. Simply retrieve its URL and paste it into the site. Of course, it is also possible to import a photo from your PC directly.<\/p>\n<p>Please note that this method is not 100% reliable. Indeed, if a text is not written in a sufficiently legible manner, if it is blurred, or in handwriting, there is a good chance that the text that the site will give you will contain quite a few mistakes.<\/p>\n<p>Before extracting the text from the image or photo imported to the site, it will ask you to select the language of the latter in order to facilitate recognition. You have a very large number of languages available.<\/p>\n<p>The final result is then displayed in a dialog box, you can now copy or edit it to correct any mistakes or download it in &quot;<strong>.txt<\/strong>\".<\/p>\n<p>A trick allows you to obtain the same result via an Android smartphone, thanks to the camera you can directly extract the text from a photo or import an image and retrieve it in different formats or just copy it to your clipboard. Follow <strong><a href=\"https:\/\/\/en\/tutoriels-android\/scanner-numeriser-textes\/\" target=\"_blank\">THIS LINK<\/a><\/strong> to be redirected to the tutorial in question.<\/p>\n<p><strong>The site to use is called Free OCR, it is accessible at <a href=\"http:\/\/www.clictune.com\/id=617350\" target=\"_blank\">THIS LINK<\/a> or simply by following the link in the video description on YouTube.<\/strong><\/p>\n<p><iframe width=\"800\" height=\"450\" src=\"https:\/\/www.youtube.com\/embed\/AuEi9rqQtIM?feature=oembed\" frameborder=\"0\" allowfullscreen><\/iframe><\/p>","protected":false},"excerpt":{"rendered":"<p>Recover all the text from an image\/photo easily online and without any software is possible! Need to recover text from an image so you don&#039;t waste time retyping it manually? This tip that will allow you to extract the text from an image is for you! Click here [\u2026]<\/p>","protected":false},"author":2,"featured_media":2082,"parent":40,"menu_order":0,"comment_status":"closed","ping_status":"open","template":"","meta":{"footnotes":""},"class_list":["post-2081","page","type-page","status-publish","has-post-thumbnail","hentry"],"yoast_head":"<!-- This site is optimized with the Yoast SEO Premium plugin v24.4 (Yoast SEO v24.4) - https:\/\/yoast.com\/wordpress\/plugins\/seo\/ -->\n<title>Extraire le texte d&#039;une image \/ photo en ligne sans logiciel<\/title>\n<meta name=\"description\" content=\"R\u00e9cup\u00e9rer tout le texte d&#039;une image \/ photo facilement en ligne et sans aucun logiciel c&#039;est possible ! Et m\u00eame extraire le texte sans t\u00e9l\u00e9charger l&#039;image.\" \/>\n<meta name=\"robots\" content=\"index, follow, max-snippet:-1, max-image-preview:large, max-video-preview:-1\" \/>\n<link rel=\"canonical\" href=\"https:\/\/scrat-tech.fr\/en\/windows\/extract-text-image-photo-online\/\" \/>\n<meta name=\"twitter:card\" content=\"summary_large_image\" \/>\n<meta name=\"twitter:title\" content=\"Extraire le texte d&#039;une image \/ photo en ligne sans logiciel\" \/>\n<meta name=\"twitter:description\" content=\"R\u00e9cup\u00e9rer tout le texte d&#039;une image \/ photo facilement en ligne et sans aucun logiciel c&#039;est possible ! Et m\u00eame extraire le texte sans t\u00e9l\u00e9charger l&#039;image.\" \/>\n<meta name=\"twitter:image\" content=\"https:\/\/scrat-tech.fr\/wp-content\/uploads\/2017\/04\/texte.jpg\" \/>\n<meta name=\"twitter:site\" content=\"@SCRAT_Rider\" \/>\n<meta name=\"twitter:label1\" content=\"Est. reading time\" \/>\n\t<meta name=\"twitter:data1\" content=\"2 minutes\" \/>\n<script type=\"application\/ld+json\" class=\"yoast-schema-graph\">{\"@context\":\"https:\/\/schema.org\",\"@graph\":[{\"@type\":\"WebPage\",\"@id\":\"https:\/\/scrat-tech.fr\/windows\/extraire-texte-image-photo-en-ligne\/\",\"url\":\"https:\/\/scrat-tech.fr\/windows\/extraire-texte-image-photo-en-ligne\/\",\"name\":\"Extraire le texte d'une image \/ photo en ligne sans logiciel\",\"isPartOf\":{\"@id\":\"https:\/\/scrat-tech.fr\/#website\"},\"primaryImageOfPage\":{\"@id\":\"https:\/\/scrat-tech.fr\/windows\/extraire-texte-image-photo-en-ligne\/#primaryimage\"},\"image\":{\"@id\":\"https:\/\/scrat-tech.fr\/windows\/extraire-texte-image-photo-en-ligne\/#primaryimage\"},\"thumbnailUrl\":\"https:\/\/scrat-tech.fr\/wp-content\/uploads\/2017\/04\/texte.jpg\",\"datePublished\":\"2017-04-13T09:10:58+00:00\",\"description\":\"R\u00e9cup\u00e9rer tout le texte d'une image \/ photo facilement en ligne et sans aucun logiciel c'est possible ! Et m\u00eame extraire le texte sans t\u00e9l\u00e9charger l'image.\",\"breadcrumb\":{\"@id\":\"https:\/\/scrat-tech.fr\/windows\/extraire-texte-image-photo-en-ligne\/#breadcrumb\"},\"inLanguage\":\"en-US\",\"potentialAction\":[{\"@type\":\"ReadAction\",\"target\":[\"https:\/\/scrat-tech.fr\/windows\/extraire-texte-image-photo-en-ligne\/\"]}]},{\"@type\":\"ImageObject\",\"inLanguage\":\"en-US\",\"@id\":\"https:\/\/scrat-tech.fr\/windows\/extraire-texte-image-photo-en-ligne\/#primaryimage\",\"url\":\"https:\/\/scrat-tech.fr\/wp-content\/uploads\/2017\/04\/texte.jpg\",\"contentUrl\":\"https:\/\/scrat-tech.fr\/wp-content\/uploads\/2017\/04\/texte.jpg\",\"width\":1920,\"height\":1080,\"caption\":\"texte extraire image photo r\u00e9cup\u00e9rer\"},{\"@type\":\"BreadcrumbList\",\"@id\":\"https:\/\/scrat-tech.fr\/windows\/extraire-texte-image-photo-en-ligne\/#breadcrumb\",\"itemListElement\":[{\"@type\":\"ListItem\",\"position\":1,\"name\":\"Accueil\",\"item\":\"https:\/\/scrat-tech.fr\/\"},{\"@type\":\"ListItem\",\"position\":2,\"name\":\"Windows\",\"item\":\"https:\/\/scrat-tech.fr\/en\/windows\/\"},{\"@type\":\"ListItem\",\"position\":3,\"name\":\"Extraire le texte d&rsquo;une image en ligne sans logiciel\"}]},{\"@type\":\"WebSite\",\"@id\":\"https:\/\/scrat-tech.fr\/#website\",\"url\":\"https:\/\/scrat-tech.fr\/\",\"name\":\"SCRAT\",\"description\":\"\",\"publisher\":{\"@id\":\"https:\/\/scrat-tech.fr\/#organization\"},\"potentialAction\":[{\"@type\":\"SearchAction\",\"target\":{\"@type\":\"EntryPoint\",\"urlTemplate\":\"https:\/\/scrat-tech.fr\/?s={search_term_string}\"},\"query-input\":{\"@type\":\"PropertyValueSpecification\",\"valueRequired\":true,\"valueName\":\"search_term_string\"}}],\"inLanguage\":\"en-US\"},{\"@type\":\"Organization\",\"@id\":\"https:\/\/scrat-tech.fr\/#organization\",\"name\":\"SCRAT\",\"url\":\"https:\/\/scrat-tech.fr\/\",\"logo\":{\"@type\":\"ImageObject\",\"inLanguage\":\"en-US\",\"@id\":\"https:\/\/scrat-tech.fr\/#\/schema\/logo\/image\/\",\"url\":\"https:\/\/scrat-tech.fr\/wp-content\/uploads\/2024\/10\/cropped-tuyu_monte.png\",\"contentUrl\":\"https:\/\/scrat-tech.fr\/wp-content\/uploads\/2024\/10\/cropped-tuyu_monte.png\",\"width\":512,\"height\":512,\"caption\":\"SCRAT\"},\"image\":{\"@id\":\"https:\/\/scrat-tech.fr\/#\/schema\/logo\/image\/\"},\"sameAs\":[\"https:\/\/www.facebook.com\/ScratRider\/\",\"https:\/\/x.com\/SCRAT_Rider\",\"https:\/\/instagram.com\/scrat_rider\",\"https:\/\/youtube.com\/c\/SCRAT\"]}]}<\/script>\n<!-- \/ Yoast SEO Premium plugin. -->","yoast_head_json":{"title":"Extract Text from Image\/Photo Online Without Software","description":"Recover all the text from an image \/ photo easily online and without any software it is possible! And even extract the text without downloading the image.","robots":{"index":"index","follow":"follow","max-snippet":"max-snippet:-1","max-image-preview":"max-image-preview:large","max-video-preview":"max-video-preview:-1"},"canonical":"https:\/\/scrat-tech.fr\/en\/windows\/extract-text-image-photo-online\/","twitter_card":"summary_large_image","twitter_title":"Extraire le texte d'une image \/ photo en ligne sans logiciel","twitter_description":"R\u00e9cup\u00e9rer tout le texte d'une image \/ photo facilement en ligne et sans aucun logiciel c'est possible ! Et m\u00eame extraire le texte sans t\u00e9l\u00e9charger l'image.","twitter_image":"https:\/\/scrat-tech.fr\/wp-content\/uploads\/2017\/04\/texte.jpg","twitter_site":"@SCRAT_Rider","twitter_misc":{"Est. reading time":"2 minutes"},"schema":{"@context":"https:\/\/schema.org","@graph":[{"@type":"WebPage","@id":"https:\/\/scrat-tech.fr\/windows\/extraire-texte-image-photo-en-ligne\/","url":"https:\/\/scrat-tech.fr\/windows\/extraire-texte-image-photo-en-ligne\/","name":"Extract Text from Image\/Photo Online Without Software","isPartOf":{"@id":"https:\/\/scrat-tech.fr\/#website"},"primaryImageOfPage":{"@id":"https:\/\/scrat-tech.fr\/windows\/extraire-texte-image-photo-en-ligne\/#primaryimage"},"image":{"@id":"https:\/\/scrat-tech.fr\/windows\/extraire-texte-image-photo-en-ligne\/#primaryimage"},"thumbnailUrl":"https:\/\/scrat-tech.fr\/wp-content\/uploads\/2017\/04\/texte.jpg","datePublished":"2017-04-13T09:10:58+00:00","description":"Recover all the text from an image \/ photo easily online and without any software it is possible! And even extract the text without downloading the image.","breadcrumb":{"@id":"https:\/\/scrat-tech.fr\/windows\/extraire-texte-image-photo-en-ligne\/#breadcrumb"},"inLanguage":"en-US","potentialAction":[{"@type":"ReadAction","target":["https:\/\/scrat-tech.fr\/windows\/extraire-texte-image-photo-en-ligne\/"]}]},{"@type":"ImageObject","inLanguage":"en-US","@id":"https:\/\/scrat-tech.fr\/windows\/extraire-texte-image-photo-en-ligne\/#primaryimage","url":"https:\/\/scrat-tech.fr\/wp-content\/uploads\/2017\/04\/texte.jpg","contentUrl":"https:\/\/scrat-tech.fr\/wp-content\/uploads\/2017\/04\/texte.jpg","width":1920,"height":1080,"caption":"texte extraire image photo r\u00e9cup\u00e9rer"},{"@type":"BreadcrumbList","@id":"https:\/\/scrat-tech.fr\/windows\/extraire-texte-image-photo-en-ligne\/#breadcrumb","itemListElement":[{"@type":"ListItem","position":1,"name":"Accueil","item":"https:\/\/scrat-tech.fr\/"},{"@type":"ListItem","position":2,"name":"Windows","item":"https:\/\/scrat-tech.fr\/en\/windows\/"},{"@type":"ListItem","position":3,"name":"Extraire le texte d&rsquo;une image en ligne sans logiciel"}]},{"@type":"WebSite","@id":"https:\/\/scrat-tech.fr\/#website","url":"https:\/\/scrat-tech.fr\/","name":"SCRAT","description":"","publisher":{"@id":"https:\/\/scrat-tech.fr\/#organization"},"potentialAction":[{"@type":"SearchAction","target":{"@type":"EntryPoint","urlTemplate":"https:\/\/scrat-tech.fr\/?s={search_term_string}"},"query-input":{"@type":"PropertyValueSpecification","valueRequired":true,"valueName":"search_term_string"}}],"inLanguage":"en-US"},{"@type":"Organization","@id":"https:\/\/scrat-tech.fr\/#organization","name":"SCRAT","url":"https:\/\/scrat-tech.fr\/","logo":{"@type":"ImageObject","inLanguage":"en-US","@id":"https:\/\/scrat-tech.fr\/#\/schema\/logo\/image\/","url":"https:\/\/scrat-tech.fr\/wp-content\/uploads\/2024\/10\/cropped-tuyu_monte.png","contentUrl":"https:\/\/scrat-tech.fr\/wp-content\/uploads\/2024\/10\/cropped-tuyu_monte.png","width":512,"height":512,"caption":"SCRAT"},"image":{"@id":"https:\/\/scrat-tech.fr\/#\/schema\/logo\/image\/"},"sameAs":["https:\/\/www.facebook.com\/ScratRider\/","https:\/\/x.com\/SCRAT_Rider","https:\/\/instagram.com\/scrat_rider","https:\/\/youtube.com\/c\/SCRAT"]}]}},"_links":{"self":[{"href":"https:\/\/scrat-tech.fr\/en\/wp-json\/wp\/v2\/pages\/2081","targetHints":{"allow":["GET"]}}],"collection":[{"href":"https:\/\/scrat-tech.fr\/en\/wp-json\/wp\/v2\/pages"}],"about":[{"href":"https:\/\/scrat-tech.fr\/en\/wp-json\/wp\/v2\/types\/page"}],"author":[{"embeddable":true,"href":"https:\/\/scrat-tech.fr\/en\/wp-json\/wp\/v2\/users\/2"}],"replies":[{"embeddable":true,"href":"https:\/\/scrat-tech.fr\/en\/wp-json\/wp\/v2\/comments?post=2081"}],"version-history":[{"count":0,"href":"https:\/\/scrat-tech.fr\/en\/wp-json\/wp\/v2\/pages\/2081\/revisions"}],"up":[{"embeddable":true,"href":"https:\/\/scrat-tech.fr\/en\/wp-json\/wp\/v2\/pages\/40"}],"wp:featuredmedia":[{"embeddable":true,"href":"https:\/\/scrat-tech.fr\/en\/wp-json\/wp\/v2\/media\/2082"}],"wp:attachment":[{"href":"https:\/\/scrat-tech.fr\/en\/wp-json\/wp\/v2\/media?parent=2081"}],"curies":[{"name":"wp","href":"https:\/\/api.w.org\/{rel}","templated":true}]}}