{"id":2069,"date":"2017-04-13T10:00:57","date_gmt":"2017-04-13T08:00:57","guid":{"rendered":"https:\/?page_id=2069"},"modified":"2017-04-13T10:07:33","modified_gmt":"2017-04-13T08:07:33","slug":"videos-portion-video-loop-youtube","status":"publish","type":"page","link":"https:\/\/scrat-tech.fr\/en\/windows\/videos-portion-video-loop-youtube\/","title":{"rendered":"Looping videos or portions of videos on YouTube"},"content":{"rendered":"<h3 style=\"text-align: center;\"><strong>Loop videos or just portions of videos on YouTube very easily!<\/strong><\/h3>\n<p>No software is required, a simple Add-on available on Chrome or Firefox will do the trick. This trick is useful in most cases to listen to music that you like on repeat.<\/p>\n<p style=\"text-align: center;\"><a href=\"http:\/\/www.youtube.com\/user\/game682400?sub_confirmation=1\" target=\"_blank\"><img decoding=\"async\" class=\"aligncenter wp-image-1766\" src=\"https:\/\/scrat-tech.fr\/wp-content\/uploads\/2016\/11\/abonnez-1024x283.jpg\" width=\"400\" height=\"110\" srcset=\"https:\/\/scrat-tech.fr\/wp-content\/uploads\/2016\/11\/abonnez-1024x283.jpg 1024w, https:\/\/scrat-tech.fr\/wp-content\/uploads\/2016\/11\/abonnez-600x166.jpg 600w, https:\/\/scrat-tech.fr\/wp-content\/uploads\/2016\/11\/abonnez-300x83.jpg 300w, https:\/\/scrat-tech.fr\/wp-content\/uploads\/2016\/11\/abonnez-768x212.jpg 768w, https:\/\/scrat-tech.fr\/wp-content\/uploads\/2016\/11\/abonnez.jpg 1631w\" sizes=\"(max-width: 400px) 100vw, 400px\" \/><\/a><em><span style=\"color: #808080;\">Click here to subscribe and support me, it costs you nothing and makes me happy \ud83d\ude42<\/span><\/em><\/p>\n<p>The add-on to use is called &quot;Looper for YouTube&quot;, it is installed like any other extension and does not require any settings, once installed you just have to refresh the YouTube page and the repeat function will appear under your video.<\/p>\n<p>There are several options to choose from, whether the entire video should be repeated or just a portion of it. Simply move the start\/end sliders to choose the portion you want or you can manually enter the start and end times. Another option is to choose how many times the video or portion you want to repeat. If you select 4 for example the video or portion will play four times and then stop playing like any other YouTube video at the end.<\/p>\n<p><strong>The Chrome Add-on is available at <a href=\"http:\/\/www.clictune.com\/id=618381\" target=\"_blank\">THIS LINK<\/a>, the version for Firefox is at <a href=\"http:\/\/www.clictune.com\/id=618382\" target=\"_blank\">THIS ONE<\/a>, or simply by following the links in the description.<\/strong><\/p>\n<p><iframe width=\"800\" height=\"450\" src=\"https:\/\/www.youtube.com\/embed\/JLp_f4qRWJM?feature=oembed\" frameborder=\"0\" allowfullscreen><\/iframe><\/p>","protected":false},"excerpt":{"rendered":"<p>Mettez des vid\u00e9os ou simplement des portions de vid\u00e9os en boucle sur YouTube tr\u00e8s facilement ! Aucun logiciel n&rsquo;est requis, un simple Add-on disponible sur Chrome ou Firefox fera l&rsquo;affaire. Cette astuce est utile dans la plupart des cas pour \u00e9couter une musique qu&rsquo;on appr\u00e9cie en boucle. Cliquez ici pour vous abonner et me soutenir, [&hellip;]<\/p>","protected":false},"author":2,"featured_media":2071,"parent":40,"menu_order":0,"comment_status":"closed","ping_status":"open","template":"","meta":{"footnotes":""},"class_list":["post-2069","page","type-page","status-publish","has-post-thumbnail","hentry"],"yoast_head":"<!-- This site is optimized with the Yoast SEO Premium plugin v24.4 (Yoast SEO v24.4) - https:\/\/yoast.com\/wordpress\/plugins\/seo\/ -->\n<title>Vid\u00e9os ou portion de vid\u00e9o en boucle sur YouTube FACILEMENT<\/title>\n<meta name=\"description\" content=\"Mettez des vid\u00e9os ou des portions de vid\u00e9os en boucle sur YouTube ! Ecoutez vos musiques favorite en r\u00e9p\u00e9tition sans relancer la vid\u00e9o \u00e0 chaque fois !\" \/>\n<meta name=\"robots\" content=\"index, follow, max-snippet:-1, max-image-preview:large, max-video-preview:-1\" \/>\n<link rel=\"canonical\" href=\"https:\/\/scrat-tech.fr\/en\/windows\/videos-portion-video-loop-youtube\/\" \/>\n<meta name=\"twitter:card\" content=\"summary_large_image\" \/>\n<meta name=\"twitter:title\" content=\"Vid\u00e9os ou portion de vid\u00e9o en boucle sur YouTube FACILEMENT\" \/>\n<meta name=\"twitter:description\" content=\"Mettez des vid\u00e9os ou des portions de vid\u00e9os en boucle sur YouTube ! Ecoutez vos musiques favorite en r\u00e9p\u00e9tition sans relancer la vid\u00e9o \u00e0 chaque fois !\" \/>\n<meta name=\"twitter:image\" content=\"https:\/\/scrat-tech.fr\/wp-content\/uploads\/2017\/04\/youtube-boucle.jpg\" \/>\n<meta name=\"twitter:site\" content=\"@SCRAT_Rider\" \/>\n<meta name=\"twitter:label1\" content=\"Est. reading time\" \/>\n\t<meta name=\"twitter:data1\" content=\"1 minute\" \/>\n<script type=\"application\/ld+json\" class=\"yoast-schema-graph\">{\"@context\":\"https:\/\/schema.org\",\"@graph\":[{\"@type\":\"WebPage\",\"@id\":\"https:\/\/scrat-tech.fr\/windows\/videos-portion-video-boucle-youtube\/\",\"url\":\"https:\/\/scrat-tech.fr\/windows\/videos-portion-video-boucle-youtube\/\",\"name\":\"Vid\u00e9os ou portion de vid\u00e9o en boucle sur YouTube FACILEMENT\",\"isPartOf\":{\"@id\":\"https:\/\/scrat-tech.fr\/#website\"},\"primaryImageOfPage\":{\"@id\":\"https:\/\/scrat-tech.fr\/windows\/videos-portion-video-boucle-youtube\/#primaryimage\"},\"image\":{\"@id\":\"https:\/\/scrat-tech.fr\/windows\/videos-portion-video-boucle-youtube\/#primaryimage\"},\"thumbnailUrl\":\"https:\/\/scrat-tech.fr\/wp-content\/uploads\/2017\/04\/youtube-boucle.jpg\",\"datePublished\":\"2017-04-13T08:00:57+00:00\",\"dateModified\":\"2017-04-13T08:07:33+00:00\",\"description\":\"Mettez des vid\u00e9os ou des portions de vid\u00e9os en boucle sur YouTube ! Ecoutez vos musiques favorite en r\u00e9p\u00e9tition sans relancer la vid\u00e9o \u00e0 chaque fois !\",\"breadcrumb\":{\"@id\":\"https:\/\/scrat-tech.fr\/windows\/videos-portion-video-boucle-youtube\/#breadcrumb\"},\"inLanguage\":\"en-US\",\"potentialAction\":[{\"@type\":\"ReadAction\",\"target\":[\"https:\/\/scrat-tech.fr\/windows\/videos-portion-video-boucle-youtube\/\"]}]},{\"@type\":\"ImageObject\",\"inLanguage\":\"en-US\",\"@id\":\"https:\/\/scrat-tech.fr\/windows\/videos-portion-video-boucle-youtube\/#primaryimage\",\"url\":\"https:\/\/scrat-tech.fr\/wp-content\/uploads\/2017\/04\/youtube-boucle.jpg\",\"contentUrl\":\"https:\/\/scrat-tech.fr\/wp-content\/uploads\/2017\/04\/youtube-boucle.jpg\",\"width\":1920,\"height\":1080,\"caption\":\"boucle youtube portion r\u00e9p\u00e9tition vid\u00e9o\"},{\"@type\":\"BreadcrumbList\",\"@id\":\"https:\/\/scrat-tech.fr\/windows\/videos-portion-video-boucle-youtube\/#breadcrumb\",\"itemListElement\":[{\"@type\":\"ListItem\",\"position\":1,\"name\":\"Accueil\",\"item\":\"https:\/\/scrat-tech.fr\/\"},{\"@type\":\"ListItem\",\"position\":2,\"name\":\"Windows\",\"item\":\"https:\/\/scrat-tech.fr\/en\/windows\/\"},{\"@type\":\"ListItem\",\"position\":3,\"name\":\"Vid\u00e9os ou portion de vid\u00e9o en boucle sur YouTube\"}]},{\"@type\":\"WebSite\",\"@id\":\"https:\/\/scrat-tech.fr\/#website\",\"url\":\"https:\/\/scrat-tech.fr\/\",\"name\":\"SCRAT\",\"description\":\"\",\"publisher\":{\"@id\":\"https:\/\/scrat-tech.fr\/#organization\"},\"potentialAction\":[{\"@type\":\"SearchAction\",\"target\":{\"@type\":\"EntryPoint\",\"urlTemplate\":\"https:\/\/scrat-tech.fr\/?s={search_term_string}\"},\"query-input\":{\"@type\":\"PropertyValueSpecification\",\"valueRequired\":true,\"valueName\":\"search_term_string\"}}],\"inLanguage\":\"en-US\"},{\"@type\":\"Organization\",\"@id\":\"https:\/\/scrat-tech.fr\/#organization\",\"name\":\"SCRAT\",\"url\":\"https:\/\/scrat-tech.fr\/\",\"logo\":{\"@type\":\"ImageObject\",\"inLanguage\":\"en-US\",\"@id\":\"https:\/\/scrat-tech.fr\/#\/schema\/logo\/image\/\",\"url\":\"https:\/\/scrat-tech.fr\/wp-content\/uploads\/2024\/10\/cropped-tuyu_monte.png\",\"contentUrl\":\"https:\/\/scrat-tech.fr\/wp-content\/uploads\/2024\/10\/cropped-tuyu_monte.png\",\"width\":512,\"height\":512,\"caption\":\"SCRAT\"},\"image\":{\"@id\":\"https:\/\/scrat-tech.fr\/#\/schema\/logo\/image\/\"},\"sameAs\":[\"https:\/\/www.facebook.com\/ScratRider\/\",\"https:\/\/x.com\/SCRAT_Rider\",\"https:\/\/instagram.com\/scrat_rider\",\"https:\/\/youtube.com\/c\/SCRAT\"]}]}<\/script>\n<!-- \/ Yoast SEO Premium plugin. -->","yoast_head_json":{"title":"Loop videos or portion of video on YouTube EASILY","description":"Loop videos or portions of videos on YouTube! Listen to your favorite music on repeat without restarting the video each time!","robots":{"index":"index","follow":"follow","max-snippet":"max-snippet:-1","max-image-preview":"max-image-preview:large","max-video-preview":"max-video-preview:-1"},"canonical":"https:\/\/scrat-tech.fr\/en\/windows\/videos-portion-video-loop-youtube\/","twitter_card":"summary_large_image","twitter_title":"Vid\u00e9os ou portion de vid\u00e9o en boucle sur YouTube FACILEMENT","twitter_description":"Mettez des vid\u00e9os ou des portions de vid\u00e9os en boucle sur YouTube ! Ecoutez vos musiques favorite en r\u00e9p\u00e9tition sans relancer la vid\u00e9o \u00e0 chaque fois !","twitter_image":"https:\/\/scrat-tech.fr\/wp-content\/uploads\/2017\/04\/youtube-boucle.jpg","twitter_site":"@SCRAT_Rider","twitter_misc":{"Est. reading time":"1 minute"},"schema":{"@context":"https:\/\/schema.org","@graph":[{"@type":"WebPage","@id":"https:\/\/scrat-tech.fr\/windows\/videos-portion-video-boucle-youtube\/","url":"https:\/\/scrat-tech.fr\/windows\/videos-portion-video-boucle-youtube\/","name":"Loop videos or portion of video on YouTube EASILY","isPartOf":{"@id":"https:\/\/scrat-tech.fr\/#website"},"primaryImageOfPage":{"@id":"https:\/\/scrat-tech.fr\/windows\/videos-portion-video-boucle-youtube\/#primaryimage"},"image":{"@id":"https:\/\/scrat-tech.fr\/windows\/videos-portion-video-boucle-youtube\/#primaryimage"},"thumbnailUrl":"https:\/\/scrat-tech.fr\/wp-content\/uploads\/2017\/04\/youtube-boucle.jpg","datePublished":"2017-04-13T08:00:57+00:00","dateModified":"2017-04-13T08:07:33+00:00","description":"Loop videos or portions of videos on YouTube! Listen to your favorite music on repeat without restarting the video each time!","breadcrumb":{"@id":"https:\/\/scrat-tech.fr\/windows\/videos-portion-video-boucle-youtube\/#breadcrumb"},"inLanguage":"en-US","potentialAction":[{"@type":"ReadAction","target":["https:\/\/scrat-tech.fr\/windows\/videos-portion-video-boucle-youtube\/"]}]},{"@type":"ImageObject","inLanguage":"en-US","@id":"https:\/\/scrat-tech.fr\/windows\/videos-portion-video-boucle-youtube\/#primaryimage","url":"https:\/\/scrat-tech.fr\/wp-content\/uploads\/2017\/04\/youtube-boucle.jpg","contentUrl":"https:\/\/scrat-tech.fr\/wp-content\/uploads\/2017\/04\/youtube-boucle.jpg","width":1920,"height":1080,"caption":"boucle youtube portion r\u00e9p\u00e9tition vid\u00e9o"},{"@type":"BreadcrumbList","@id":"https:\/\/scrat-tech.fr\/windows\/videos-portion-video-boucle-youtube\/#breadcrumb","itemListElement":[{"@type":"ListItem","position":1,"name":"Accueil","item":"https:\/\/scrat-tech.fr\/"},{"@type":"ListItem","position":2,"name":"Windows","item":"https:\/\/scrat-tech.fr\/en\/windows\/"},{"@type":"ListItem","position":3,"name":"Vid\u00e9os ou portion de vid\u00e9o en boucle sur YouTube"}]},{"@type":"WebSite","@id":"https:\/\/scrat-tech.fr\/#website","url":"https:\/\/scrat-tech.fr\/","name":"SCRAT","description":"","publisher":{"@id":"https:\/\/scrat-tech.fr\/#organization"},"potentialAction":[{"@type":"SearchAction","target":{"@type":"EntryPoint","urlTemplate":"https:\/\/scrat-tech.fr\/?s={search_term_string}"},"query-input":{"@type":"PropertyValueSpecification","valueRequired":true,"valueName":"search_term_string"}}],"inLanguage":"en-US"},{"@type":"Organization","@id":"https:\/\/scrat-tech.fr\/#organization","name":"SCRAT","url":"https:\/\/scrat-tech.fr\/","logo":{"@type":"ImageObject","inLanguage":"en-US","@id":"https:\/\/scrat-tech.fr\/#\/schema\/logo\/image\/","url":"https:\/\/scrat-tech.fr\/wp-content\/uploads\/2024\/10\/cropped-tuyu_monte.png","contentUrl":"https:\/\/scrat-tech.fr\/wp-content\/uploads\/2024\/10\/cropped-tuyu_monte.png","width":512,"height":512,"caption":"SCRAT"},"image":{"@id":"https:\/\/scrat-tech.fr\/#\/schema\/logo\/image\/"},"sameAs":["https:\/\/www.facebook.com\/ScratRider\/","https:\/\/x.com\/SCRAT_Rider","https:\/\/instagram.com\/scrat_rider","https:\/\/youtube.com\/c\/SCRAT"]}]}},"_links":{"self":[{"href":"https:\/\/scrat-tech.fr\/en\/wp-json\/wp\/v2\/pages\/2069","targetHints":{"allow":["GET"]}}],"collection":[{"href":"https:\/\/scrat-tech.fr\/en\/wp-json\/wp\/v2\/pages"}],"about":[{"href":"https:\/\/scrat-tech.fr\/en\/wp-json\/wp\/v2\/types\/page"}],"author":[{"embeddable":true,"href":"https:\/\/scrat-tech.fr\/en\/wp-json\/wp\/v2\/users\/2"}],"replies":[{"embeddable":true,"href":"https:\/\/scrat-tech.fr\/en\/wp-json\/wp\/v2\/comments?post=2069"}],"version-history":[{"count":0,"href":"https:\/\/scrat-tech.fr\/en\/wp-json\/wp\/v2\/pages\/2069\/revisions"}],"up":[{"embeddable":true,"href":"https:\/\/scrat-tech.fr\/en\/wp-json\/wp\/v2\/pages\/40"}],"wp:featuredmedia":[{"embeddable":true,"href":"https:\/\/scrat-tech.fr\/en\/wp-json\/wp\/v2\/media\/2071"}],"wp:attachment":[{"href":"https:\/\/scrat-tech.fr\/en\/wp-json\/wp\/v2\/media?parent=2069"}],"curies":[{"name":"wp","href":"https:\/\/api.w.org\/{rel}","templated":true}]}}