{"id":2049,"date":"2017-04-01T16:59:13","date_gmt":"2017-04-01T14:59:13","guid":{"rendered":"https:\/?page_id=2049"},"modified":"2017-04-01T17:10:45","modified_gmt":"2017-04-01T15:10:45","slug":"reduce-the-size-of-an-archive","status":"publish","type":"page","link":"https:\/\/scrat-tech.fr\/en\/windows\/reduce-the-size-of-an-archive\/","title":{"rendered":"Reduce the size of an archive \u2013 Divide the size by 3"},"content":{"rendered":"<h3 style=\"text-align: center;\"><strong>Reduce the size of an archive easily and quickly to ultimately divide the size by 3!<\/strong><\/h3>\n<p>To further reduce the size of an archive that we could make with WinRar, we will use another even more efficient compression tool!<\/p>\n<p style=\"text-align: center;\"><a href=\"http:\/\/www.youtube.com\/user\/game682400?sub_confirmation=1\" target=\"_blank\"><img decoding=\"async\" class=\"aligncenter wp-image-1766\" src=\"https:\/\/scrat-tech.fr\/wp-content\/uploads\/2016\/11\/abonnez-1024x283.jpg\" width=\"400\" height=\"110\" srcset=\"https:\/\/scrat-tech.fr\/wp-content\/uploads\/2016\/11\/abonnez-1024x283.jpg 1024w, https:\/\/scrat-tech.fr\/wp-content\/uploads\/2016\/11\/abonnez-600x166.jpg 600w, https:\/\/scrat-tech.fr\/wp-content\/uploads\/2016\/11\/abonnez-300x83.jpg 300w, https:\/\/scrat-tech.fr\/wp-content\/uploads\/2016\/11\/abonnez-768x212.jpg 768w, https:\/\/scrat-tech.fr\/wp-content\/uploads\/2016\/11\/abonnez.jpg 1631w\" sizes=\"(max-width: 400px) 100vw, 400px\" \/><\/a><em><span style=\"color: #808080;\">Click here to subscribe and support me, it costs you nothing and makes me happy \ud83d\ude42<\/span><\/em><\/p>\n<p>It is very useful to reduce the volume of an archive because it will save time when uploading it or sending it to someone. This tip is therefore very useful for people with a small internet connection.<\/p>\n<p>Some people already know it, others don&#039;t, or some people know it but don&#039;t necessarily use ultra mode in order to reduce the size of their archive as much as possible. The software is none other than 7zip, it is a very small software that installs in one click and does not take up any space on your PC.<\/p>\n<p>The format of the created archives will be &quot;<strong>.7z<\/strong>&quot;obviously the recipient will not necessarily need to have 7zip on their PC to extract the archive, WinRar, which everyone knows and has, allows you to extract the contents of 7zip archives!<\/p>\n<p>In itself, the trick is very simple, we just have to add our file to the archive then choose the compression mode <strong>Ultra<\/strong>, this is only one option, but you still need to know that if you stay in classic mode the result will not be the same at all!<\/p>\n<p>I would like to point out that compression is not always 3 times more effective, for some files the size of the archive will be divided by 2 or a few times less, but it will still always be less than compression with WinRar.<\/p>\n<p><strong>You will need 7zip which you can download at <a href=\"http:\/\/www.clictune.com\/4j0w\" target=\"_blank\">THIS LINK<\/a>or simply follow the link in the video description on YouTube.<\/strong><\/p>\n<p><iframe width=\"800\" height=\"450\" src=\"https:\/\/www.youtube.com\/embed\/LUsdM-Hberk?feature=oembed\" frameborder=\"0\" allowfullscreen><\/iframe><\/p>","protected":false},"excerpt":{"rendered":"<p>Reduce the size of an archive easily and quickly to ultimately divide the size by 3! To further reduce the size of an archive than we could do with WinRar, we will use another, even more efficient compression tool! Click here to subscribe and support me, it costs you nothing and [\u2026]<\/p>","protected":false},"author":2,"featured_media":2052,"parent":40,"menu_order":0,"comment_status":"closed","ping_status":"open","template":"","meta":{"footnotes":""},"class_list":["post-2049","page","type-page","status-publish","has-post-thumbnail","hentry"],"yoast_head":"<!-- This site is optimized with the Yoast SEO Premium plugin v24.4 (Yoast SEO v24.4) - https:\/\/yoast.com\/wordpress\/plugins\/seo\/ -->\n<title>R\u00e9duire la taille d&#039;une archive - Diviser la taille par 3 | Compression ULTRA<\/title>\n<meta name=\"description\" content=\"Gagnez du temps d&#039;upload de fichier gr\u00e2ce \u00e0 cette astuce. La compression dite ULTRA de 7zip permet de r\u00e9duire la taille d&#039;une archive jusqu&#039;\u00e0 3 fois.\" \/>\n<meta name=\"robots\" content=\"index, follow, max-snippet:-1, max-image-preview:large, max-video-preview:-1\" \/>\n<link rel=\"canonical\" href=\"https:\/\/scrat-tech.fr\/en\/windows\/reduce-the-size-of-an-archive\/\" \/>\n<meta name=\"twitter:card\" content=\"summary_large_image\" \/>\n<meta name=\"twitter:title\" content=\"R\u00e9duire la taille d&#039;une archive - Diviser la taille par 3 | Compression ULTRA\" \/>\n<meta name=\"twitter:description\" content=\"Gagnez du temps d&#039;upload de fichier gr\u00e2ce \u00e0 cette astuce. La compression dite ULTRA de 7zip permet de r\u00e9duire la taille d&#039;une archive jusqu&#039;\u00e0 3 fois.\" \/>\n<meta name=\"twitter:image\" content=\"https:\/\/scrat-tech.fr\/wp-content\/uploads\/2017\/04\/2.jpg\" \/>\n<meta name=\"twitter:site\" content=\"@SCRAT_Rider\" \/>\n<meta name=\"twitter:label1\" content=\"Est. reading time\" \/>\n\t<meta name=\"twitter:data1\" content=\"2 minutes\" \/>\n<script type=\"application\/ld+json\" class=\"yoast-schema-graph\">{\"@context\":\"https:\/\/schema.org\",\"@graph\":[{\"@type\":\"WebPage\",\"@id\":\"https:\/\/scrat-tech.fr\/windows\/reduire-taille-dune-archive\/\",\"url\":\"https:\/\/scrat-tech.fr\/windows\/reduire-taille-dune-archive\/\",\"name\":\"R\u00e9duire la taille d'une archive - Diviser la taille par 3 | Compression ULTRA\",\"isPartOf\":{\"@id\":\"https:\/\/scrat-tech.fr\/#website\"},\"primaryImageOfPage\":{\"@id\":\"https:\/\/scrat-tech.fr\/windows\/reduire-taille-dune-archive\/#primaryimage\"},\"image\":{\"@id\":\"https:\/\/scrat-tech.fr\/windows\/reduire-taille-dune-archive\/#primaryimage\"},\"thumbnailUrl\":\"https:\/\/scrat-tech.fr\/wp-content\/uploads\/2017\/04\/2.jpg\",\"datePublished\":\"2017-04-01T14:59:13+00:00\",\"dateModified\":\"2017-04-01T15:10:45+00:00\",\"description\":\"Gagnez du temps d'upload de fichier gr\u00e2ce \u00e0 cette astuce. La compression dite ULTRA de 7zip permet de r\u00e9duire la taille d'une archive jusqu'\u00e0 3 fois.\",\"breadcrumb\":{\"@id\":\"https:\/\/scrat-tech.fr\/windows\/reduire-taille-dune-archive\/#breadcrumb\"},\"inLanguage\":\"en-US\",\"potentialAction\":[{\"@type\":\"ReadAction\",\"target\":[\"https:\/\/scrat-tech.fr\/windows\/reduire-taille-dune-archive\/\"]}]},{\"@type\":\"ImageObject\",\"inLanguage\":\"en-US\",\"@id\":\"https:\/\/scrat-tech.fr\/windows\/reduire-taille-dune-archive\/#primaryimage\",\"url\":\"https:\/\/scrat-tech.fr\/wp-content\/uploads\/2017\/04\/2.jpg\",\"contentUrl\":\"https:\/\/scrat-tech.fr\/wp-content\/uploads\/2017\/04\/2.jpg\",\"width\":1920,\"height\":1080,\"caption\":\"r\u00e9duire archive taille compression 7zip\"},{\"@type\":\"BreadcrumbList\",\"@id\":\"https:\/\/scrat-tech.fr\/windows\/reduire-taille-dune-archive\/#breadcrumb\",\"itemListElement\":[{\"@type\":\"ListItem\",\"position\":1,\"name\":\"Accueil\",\"item\":\"https:\/\/scrat-tech.fr\/\"},{\"@type\":\"ListItem\",\"position\":2,\"name\":\"Windows\",\"item\":\"https:\/\/scrat-tech.fr\/en\/windows\/\"},{\"@type\":\"ListItem\",\"position\":3,\"name\":\"R\u00e9duire la taille d&rsquo;une archive &#8211; Diviser la taille par 3\"}]},{\"@type\":\"WebSite\",\"@id\":\"https:\/\/scrat-tech.fr\/#website\",\"url\":\"https:\/\/scrat-tech.fr\/\",\"name\":\"SCRAT\",\"description\":\"\",\"publisher\":{\"@id\":\"https:\/\/scrat-tech.fr\/#organization\"},\"potentialAction\":[{\"@type\":\"SearchAction\",\"target\":{\"@type\":\"EntryPoint\",\"urlTemplate\":\"https:\/\/scrat-tech.fr\/?s={search_term_string}\"},\"query-input\":{\"@type\":\"PropertyValueSpecification\",\"valueRequired\":true,\"valueName\":\"search_term_string\"}}],\"inLanguage\":\"en-US\"},{\"@type\":\"Organization\",\"@id\":\"https:\/\/scrat-tech.fr\/#organization\",\"name\":\"SCRAT\",\"url\":\"https:\/\/scrat-tech.fr\/\",\"logo\":{\"@type\":\"ImageObject\",\"inLanguage\":\"en-US\",\"@id\":\"https:\/\/scrat-tech.fr\/#\/schema\/logo\/image\/\",\"url\":\"https:\/\/scrat-tech.fr\/wp-content\/uploads\/2024\/10\/cropped-tuyu_monte.png\",\"contentUrl\":\"https:\/\/scrat-tech.fr\/wp-content\/uploads\/2024\/10\/cropped-tuyu_monte.png\",\"width\":512,\"height\":512,\"caption\":\"SCRAT\"},\"image\":{\"@id\":\"https:\/\/scrat-tech.fr\/#\/schema\/logo\/image\/\"},\"sameAs\":[\"https:\/\/www.facebook.com\/ScratRider\/\",\"https:\/\/x.com\/SCRAT_Rider\",\"https:\/\/instagram.com\/scrat_rider\",\"https:\/\/youtube.com\/c\/SCRAT\"]}]}<\/script>\n<!-- \/ Yoast SEO Premium plugin. -->","yoast_head_json":{"title":"Reduce the size of an archive - Divide the size by 3 | ULTRA Compression","description":"Save time uploading files with this trick. 7zip&#039;s ULTRA compression reduces the size of an archive by up to 3 times.","robots":{"index":"index","follow":"follow","max-snippet":"max-snippet:-1","max-image-preview":"max-image-preview:large","max-video-preview":"max-video-preview:-1"},"canonical":"https:\/\/scrat-tech.fr\/en\/windows\/reduce-the-size-of-an-archive\/","twitter_card":"summary_large_image","twitter_title":"R\u00e9duire la taille d'une archive - Diviser la taille par 3 | Compression ULTRA","twitter_description":"Gagnez du temps d'upload de fichier gr\u00e2ce \u00e0 cette astuce. La compression dite ULTRA de 7zip permet de r\u00e9duire la taille d'une archive jusqu'\u00e0 3 fois.","twitter_image":"https:\/\/scrat-tech.fr\/wp-content\/uploads\/2017\/04\/2.jpg","twitter_site":"@SCRAT_Rider","twitter_misc":{"Est. reading time":"2 minutes"},"schema":{"@context":"https:\/\/schema.org","@graph":[{"@type":"WebPage","@id":"https:\/\/scrat-tech.fr\/windows\/reduire-taille-dune-archive\/","url":"https:\/\/scrat-tech.fr\/windows\/reduire-taille-dune-archive\/","name":"Reduce the size of an archive - Divide the size by 3 | ULTRA Compression","isPartOf":{"@id":"https:\/\/scrat-tech.fr\/#website"},"primaryImageOfPage":{"@id":"https:\/\/scrat-tech.fr\/windows\/reduire-taille-dune-archive\/#primaryimage"},"image":{"@id":"https:\/\/scrat-tech.fr\/windows\/reduire-taille-dune-archive\/#primaryimage"},"thumbnailUrl":"https:\/\/scrat-tech.fr\/wp-content\/uploads\/2017\/04\/2.jpg","datePublished":"2017-04-01T14:59:13+00:00","dateModified":"2017-04-01T15:10:45+00:00","description":"Save time uploading files with this trick. 7zip&#039;s ULTRA compression reduces the size of an archive by up to 3 times.","breadcrumb":{"@id":"https:\/\/scrat-tech.fr\/windows\/reduire-taille-dune-archive\/#breadcrumb"},"inLanguage":"en-US","potentialAction":[{"@type":"ReadAction","target":["https:\/\/scrat-tech.fr\/windows\/reduire-taille-dune-archive\/"]}]},{"@type":"ImageObject","inLanguage":"en-US","@id":"https:\/\/scrat-tech.fr\/windows\/reduire-taille-dune-archive\/#primaryimage","url":"https:\/\/scrat-tech.fr\/wp-content\/uploads\/2017\/04\/2.jpg","contentUrl":"https:\/\/scrat-tech.fr\/wp-content\/uploads\/2017\/04\/2.jpg","width":1920,"height":1080,"caption":"r\u00e9duire archive taille compression 7zip"},{"@type":"BreadcrumbList","@id":"https:\/\/scrat-tech.fr\/windows\/reduire-taille-dune-archive\/#breadcrumb","itemListElement":[{"@type":"ListItem","position":1,"name":"Accueil","item":"https:\/\/scrat-tech.fr\/"},{"@type":"ListItem","position":2,"name":"Windows","item":"https:\/\/scrat-tech.fr\/en\/windows\/"},{"@type":"ListItem","position":3,"name":"R\u00e9duire la taille d&rsquo;une archive &#8211; Diviser la taille par 3"}]},{"@type":"WebSite","@id":"https:\/\/scrat-tech.fr\/#website","url":"https:\/\/scrat-tech.fr\/","name":"SCRAT","description":"","publisher":{"@id":"https:\/\/scrat-tech.fr\/#organization"},"potentialAction":[{"@type":"SearchAction","target":{"@type":"EntryPoint","urlTemplate":"https:\/\/scrat-tech.fr\/?s={search_term_string}"},"query-input":{"@type":"PropertyValueSpecification","valueRequired":true,"valueName":"search_term_string"}}],"inLanguage":"en-US"},{"@type":"Organization","@id":"https:\/\/scrat-tech.fr\/#organization","name":"SCRAT","url":"https:\/\/scrat-tech.fr\/","logo":{"@type":"ImageObject","inLanguage":"en-US","@id":"https:\/\/scrat-tech.fr\/#\/schema\/logo\/image\/","url":"https:\/\/scrat-tech.fr\/wp-content\/uploads\/2024\/10\/cropped-tuyu_monte.png","contentUrl":"https:\/\/scrat-tech.fr\/wp-content\/uploads\/2024\/10\/cropped-tuyu_monte.png","width":512,"height":512,"caption":"SCRAT"},"image":{"@id":"https:\/\/scrat-tech.fr\/#\/schema\/logo\/image\/"},"sameAs":["https:\/\/www.facebook.com\/ScratRider\/","https:\/\/x.com\/SCRAT_Rider","https:\/\/instagram.com\/scrat_rider","https:\/\/youtube.com\/c\/SCRAT"]}]}},"_links":{"self":[{"href":"https:\/\/scrat-tech.fr\/en\/wp-json\/wp\/v2\/pages\/2049","targetHints":{"allow":["GET"]}}],"collection":[{"href":"https:\/\/scrat-tech.fr\/en\/wp-json\/wp\/v2\/pages"}],"about":[{"href":"https:\/\/scrat-tech.fr\/en\/wp-json\/wp\/v2\/types\/page"}],"author":[{"embeddable":true,"href":"https:\/\/scrat-tech.fr\/en\/wp-json\/wp\/v2\/users\/2"}],"replies":[{"embeddable":true,"href":"https:\/\/scrat-tech.fr\/en\/wp-json\/wp\/v2\/comments?post=2049"}],"version-history":[{"count":0,"href":"https:\/\/scrat-tech.fr\/en\/wp-json\/wp\/v2\/pages\/2049\/revisions"}],"up":[{"embeddable":true,"href":"https:\/\/scrat-tech.fr\/en\/wp-json\/wp\/v2\/pages\/40"}],"wp:featuredmedia":[{"embeddable":true,"href":"https:\/\/scrat-tech.fr\/en\/wp-json\/wp\/v2\/media\/2052"}],"wp:attachment":[{"href":"https:\/\/scrat-tech.fr\/en\/wp-json\/wp\/v2\/media?parent=2049"}],"curies":[{"name":"wp","href":"https:\/\/api.w.org\/{rel}","templated":true}]}}