{"id":1904,"date":"2017-03-19T01:14:35","date_gmt":"2017-03-18T23:14:35","guid":{"rendered":"https:\/?page_id=1904"},"modified":"2017-03-19T01:14:35","modified_gmt":"2017-03-18T23:14:35","slug":"create-custom-youtube-gifs","status":"publish","type":"page","link":"https:\/\/scrat-tech.fr\/en\/android\/create-custom-youtube-gifs\/","title":{"rendered":"Make Custom GIFs from YouTube"},"content":{"rendered":"<h4 style=\"text-align: center;\"><strong>Creating GIFs very simply from YouTube is possible thanks to this little trick which does not require any download and is very easy to do!<\/strong><\/h4>\n<p>Choose a YouTube video of your choice and then simply edit the URL by adding &quot;<strong>gif<\/strong>&quot;As shown in the video you will be redirected directly from the GIF creation tool where you can create and customize your own GIFs very quickly.<\/p>\n<p style=\"text-align: center;\"><a href=\"http:\/\/www.youtube.com\/user\/game682400?sub_confirmation=1\" target=\"_blank\"><img decoding=\"async\" class=\"aligncenter wp-image-1766\" src=\"https:\/\/scrat-tech.fr\/wp-content\/uploads\/2016\/11\/abonnez-1024x283.jpg\" width=\"400\" height=\"110\" srcset=\"https:\/\/scrat-tech.fr\/wp-content\/uploads\/2016\/11\/abonnez-1024x283.jpg 1024w, https:\/\/scrat-tech.fr\/wp-content\/uploads\/2016\/11\/abonnez-600x166.jpg 600w, https:\/\/scrat-tech.fr\/wp-content\/uploads\/2016\/11\/abonnez-300x83.jpg 300w, https:\/\/scrat-tech.fr\/wp-content\/uploads\/2016\/11\/abonnez-768x212.jpg 768w, https:\/\/scrat-tech.fr\/wp-content\/uploads\/2016\/11\/abonnez.jpg 1631w\" sizes=\"(max-width: 400px) 100vw, 400px\" \/><\/a><em><span style=\"color: #808080;\">Click here to subscribe and support me, it costs you nothing and makes me happy \ud83d\ude42<\/span><\/em><\/p>\n<p>It&#039;s up to you to choose which part of the video you want to use or if you prefer to use the whole thing to make your GIF. You are then offered a range of rather interesting options to customize your GIF, such as cropping, adding effects, blur, adjusting saturation, colors, adding texts or animated stickers (<em>gif overlay<\/em>) offered directly on the editor or it is possible to add others from your PC... etc...<\/p>\n<p>Once you like your GIF, all you have to do is click on the big green button at the bottom of the screen to save it. Once this is done it will come out in 4 formats! The first link says &quot;<strong>Optimized Link<\/strong>&quot;will allow you to return to your creation at any time in order to modify it as you see fit, the second is the direct link&quot;<strong>Direct Link<\/strong>&quot;which as its name indicates is none other than the direct link of the GIF to open it directly in your browser, the 3rd and last link is the integration link&quot;<strong>Embed<\/strong>&quot; to allow your creation to be integrated into a website or forum. The 4th format is the file &quot;<strong>.gif<\/strong>&quot; to download by clicking on the blue button in order to keep it on your PC (<em>It is necessary to have an account on the site or to connect via Twitter to use the download<\/em>).<\/p>\n<p><iframe width=\"800\" height=\"450\" src=\"https:\/\/www.youtube.com\/embed\/dFBM-5OG_m8?feature=oembed\" frameborder=\"0\" allowfullscreen><\/iframe><\/p>","protected":false},"excerpt":{"rendered":"<p>Cr\u00e9er des GIFs tr\u00e8s simplement depuis YouTube c&rsquo;est possible gr\u00e2ce \u00e0 cette petite astuce qui ne n\u00e9cessite aucun t\u00e9l\u00e9chargement et est tr\u00e8s facile \u00e0 r\u00e9aliser ! Choisissez une vid\u00e9o YouTube de votre choix puis en modifiant simplement l&rsquo;URL en y ajoutant \u00ab\u00a0gif\u00a0\u00bb comme montr\u00e9 en vid\u00e9o vous serez redirig\u00e9 directement depuis l&rsquo;outil de cr\u00e9ation de [&hellip;]<\/p>","protected":false},"author":2,"featured_media":1905,"parent":37,"menu_order":0,"comment_status":"closed","ping_status":"open","template":"","meta":{"footnotes":""},"class_list":["post-1904","page","type-page","status-publish","has-post-thumbnail","hentry"],"yoast_head":"<!-- This site is optimized with the Yoast SEO Premium plugin v24.4 (Yoast SEO v24.4) - https:\/\/yoast.com\/wordpress\/plugins\/seo\/ -->\n<title>Cr\u00e9er des GIFs personnalis\u00e9s depuis YouTube facilement | TUTO<\/title>\n<meta name=\"description\" content=\"Cr\u00e9er des GIFs personnalis\u00e9s en quelques cliques depuis YouTube c&#039;est possible gr\u00e2ce \u00e0 cette petite astuce toute simple et tr\u00e8s compl\u00e8te !\" \/>\n<meta name=\"robots\" content=\"index, follow, max-snippet:-1, max-image-preview:large, max-video-preview:-1\" \/>\n<link rel=\"canonical\" href=\"https:\/\/scrat-tech.fr\/en\/android\/create-custom-youtube-gifs\/\" \/>\n<meta name=\"twitter:card\" content=\"summary_large_image\" \/>\n<meta name=\"twitter:title\" content=\"Cr\u00e9er des GIFs personnalis\u00e9s depuis YouTube facilement | TUTO\" \/>\n<meta name=\"twitter:description\" content=\"Cr\u00e9er des GIFs personnalis\u00e9s en quelques cliques depuis YouTube c&#039;est possible gr\u00e2ce \u00e0 cette petite astuce toute simple et tr\u00e8s compl\u00e8te !\" \/>\n<meta name=\"twitter:image\" content=\"https:\/\/scrat-tech.fr\/wp-content\/uploads\/2017\/03\/1-1.jpg\" \/>\n<meta name=\"twitter:site\" content=\"@SCRAT_Rider\" \/>\n<meta name=\"twitter:label1\" content=\"Est. reading time\" \/>\n\t<meta name=\"twitter:data1\" content=\"2 minutes\" \/>\n<script type=\"application\/ld+json\" class=\"yoast-schema-graph\">{\"@context\":\"https:\/\/schema.org\",\"@graph\":[{\"@type\":\"WebPage\",\"@id\":\"https:\/\/scrat-tech.fr\/en\/android\/create-custom-youtube-gifs\/\",\"url\":\"https:\/\/scrat-tech.fr\/en\/android\/create-custom-youtube-gifs\/\",\"name\":\"Cr\u00e9er des GIFs personnalis\u00e9s depuis YouTube facilement | TUTO\",\"isPartOf\":{\"@id\":\"https:\/\/scrat-tech.fr\/#website\"},\"primaryImageOfPage\":{\"@id\":\"https:\/\/scrat-tech.fr\/en\/android\/create-custom-youtube-gifs\/#primaryimage\"},\"image\":{\"@id\":\"https:\/\/scrat-tech.fr\/en\/android\/create-custom-youtube-gifs\/#primaryimage\"},\"thumbnailUrl\":\"https:\/\/scrat-tech.fr\/wp-content\/uploads\/2017\/03\/1-1.jpg\",\"datePublished\":\"2017-03-18T23:14:35+00:00\",\"description\":\"Cr\u00e9er des GIFs personnalis\u00e9s en quelques cliques depuis YouTube c'est possible gr\u00e2ce \u00e0 cette petite astuce toute simple et tr\u00e8s compl\u00e8te !\",\"breadcrumb\":{\"@id\":\"https:\/\/scrat-tech.fr\/en\/android\/create-custom-youtube-gifs\/#breadcrumb\"},\"inLanguage\":\"en-US\",\"potentialAction\":[{\"@type\":\"ReadAction\",\"target\":[\"https:\/\/scrat-tech.fr\/en\/android\/create-custom-youtube-gifs\/\"]}]},{\"@type\":\"ImageObject\",\"inLanguage\":\"en-US\",\"@id\":\"https:\/\/scrat-tech.fr\/en\/android\/create-custom-youtube-gifs\/#primaryimage\",\"url\":\"https:\/\/scrat-tech.fr\/wp-content\/uploads\/2017\/03\/1-1.jpg\",\"contentUrl\":\"https:\/\/scrat-tech.fr\/wp-content\/uploads\/2017\/03\/1-1.jpg\",\"width\":1920,\"height\":1080,\"caption\":\"gifs gif cr\u00e9er personnalis\u00e9s youtube\"},{\"@type\":\"BreadcrumbList\",\"@id\":\"https:\/\/scrat-tech.fr\/en\/android\/create-custom-youtube-gifs\/#breadcrumb\",\"itemListElement\":[{\"@type\":\"ListItem\",\"position\":1,\"name\":\"Accueil\",\"item\":\"https:\/\/scrat-tech.fr\/\"},{\"@type\":\"ListItem\",\"position\":2,\"name\":\"Android\",\"item\":\"https:\/\/www.scrat-tech.fr\/en\/android\/\"},{\"@type\":\"ListItem\",\"position\":3,\"name\":\"Faire des GIFs personnalis\u00e9s depuis YouTube\"}]},{\"@type\":\"WebSite\",\"@id\":\"https:\/\/scrat-tech.fr\/#website\",\"url\":\"https:\/\/scrat-tech.fr\/\",\"name\":\"SCRAT\",\"description\":\"\",\"publisher\":{\"@id\":\"https:\/\/scrat-tech.fr\/#organization\"},\"potentialAction\":[{\"@type\":\"SearchAction\",\"target\":{\"@type\":\"EntryPoint\",\"urlTemplate\":\"https:\/\/scrat-tech.fr\/?s={search_term_string}\"},\"query-input\":{\"@type\":\"PropertyValueSpecification\",\"valueRequired\":true,\"valueName\":\"search_term_string\"}}],\"inLanguage\":\"en-US\"},{\"@type\":\"Organization\",\"@id\":\"https:\/\/scrat-tech.fr\/#organization\",\"name\":\"SCRAT\",\"url\":\"https:\/\/scrat-tech.fr\/\",\"logo\":{\"@type\":\"ImageObject\",\"inLanguage\":\"en-US\",\"@id\":\"https:\/\/scrat-tech.fr\/#\/schema\/logo\/image\/\",\"url\":\"https:\/\/scrat-tech.fr\/wp-content\/uploads\/2024\/10\/cropped-tuyu_monte.png\",\"contentUrl\":\"https:\/\/scrat-tech.fr\/wp-content\/uploads\/2024\/10\/cropped-tuyu_monte.png\",\"width\":512,\"height\":512,\"caption\":\"SCRAT\"},\"image\":{\"@id\":\"https:\/\/scrat-tech.fr\/#\/schema\/logo\/image\/\"},\"sameAs\":[\"https:\/\/www.facebook.com\/ScratRider\/\",\"https:\/\/x.com\/SCRAT_Rider\",\"https:\/\/instagram.com\/scrat_rider\",\"https:\/\/youtube.com\/c\/SCRAT\"]}]}<\/script>\n<!-- \/ Yoast SEO Premium plugin. -->","yoast_head_json":{"title":"Create Custom GIFs from YouTube Easily | TUTORIAL","description":"Creating personalized GIFs in just a few clicks from YouTube is possible thanks to this simple and very comprehensive little tip!","robots":{"index":"index","follow":"follow","max-snippet":"max-snippet:-1","max-image-preview":"max-image-preview:large","max-video-preview":"max-video-preview:-1"},"canonical":"https:\/\/scrat-tech.fr\/en\/android\/create-custom-youtube-gifs\/","twitter_card":"summary_large_image","twitter_title":"Cr\u00e9er des GIFs personnalis\u00e9s depuis YouTube facilement | TUTO","twitter_description":"Cr\u00e9er des GIFs personnalis\u00e9s en quelques cliques depuis YouTube c'est possible gr\u00e2ce \u00e0 cette petite astuce toute simple et tr\u00e8s compl\u00e8te !","twitter_image":"https:\/\/scrat-tech.fr\/wp-content\/uploads\/2017\/03\/1-1.jpg","twitter_site":"@SCRAT_Rider","twitter_misc":{"Est. reading time":"2 minutes"},"schema":{"@context":"https:\/\/schema.org","@graph":[{"@type":"WebPage","@id":"https:\/\/scrat-tech.fr\/en\/android\/create-custom-youtube-gifs\/","url":"https:\/\/scrat-tech.fr\/en\/android\/create-custom-youtube-gifs\/","name":"Create Custom GIFs from YouTube Easily | TUTORIAL","isPartOf":{"@id":"https:\/\/scrat-tech.fr\/#website"},"primaryImageOfPage":{"@id":"https:\/\/scrat-tech.fr\/en\/android\/create-custom-youtube-gifs\/#primaryimage"},"image":{"@id":"https:\/\/scrat-tech.fr\/en\/android\/create-custom-youtube-gifs\/#primaryimage"},"thumbnailUrl":"https:\/\/scrat-tech.fr\/wp-content\/uploads\/2017\/03\/1-1.jpg","datePublished":"2017-03-18T23:14:35+00:00","description":"Creating personalized GIFs in just a few clicks from YouTube is possible thanks to this simple and very comprehensive little tip!","breadcrumb":{"@id":"https:\/\/scrat-tech.fr\/en\/android\/create-custom-youtube-gifs\/#breadcrumb"},"inLanguage":"en-US","potentialAction":[{"@type":"ReadAction","target":["https:\/\/scrat-tech.fr\/en\/android\/create-custom-youtube-gifs\/"]}]},{"@type":"ImageObject","inLanguage":"en-US","@id":"https:\/\/scrat-tech.fr\/en\/android\/create-custom-youtube-gifs\/#primaryimage","url":"https:\/\/scrat-tech.fr\/wp-content\/uploads\/2017\/03\/1-1.jpg","contentUrl":"https:\/\/scrat-tech.fr\/wp-content\/uploads\/2017\/03\/1-1.jpg","width":1920,"height":1080,"caption":"gifs gif cr\u00e9er personnalis\u00e9s youtube"},{"@type":"BreadcrumbList","@id":"https:\/\/scrat-tech.fr\/en\/android\/create-custom-youtube-gifs\/#breadcrumb","itemListElement":[{"@type":"ListItem","position":1,"name":"Accueil","item":"https:\/\/scrat-tech.fr\/"},{"@type":"ListItem","position":2,"name":"Android","item":"https:\/\/www.scrat-tech.fr\/en\/android\/"},{"@type":"ListItem","position":3,"name":"Faire des GIFs personnalis\u00e9s depuis YouTube"}]},{"@type":"WebSite","@id":"https:\/\/scrat-tech.fr\/#website","url":"https:\/\/scrat-tech.fr\/","name":"SCRAT","description":"","publisher":{"@id":"https:\/\/scrat-tech.fr\/#organization"},"potentialAction":[{"@type":"SearchAction","target":{"@type":"EntryPoint","urlTemplate":"https:\/\/scrat-tech.fr\/?s={search_term_string}"},"query-input":{"@type":"PropertyValueSpecification","valueRequired":true,"valueName":"search_term_string"}}],"inLanguage":"en-US"},{"@type":"Organization","@id":"https:\/\/scrat-tech.fr\/#organization","name":"SCRAT","url":"https:\/\/scrat-tech.fr\/","logo":{"@type":"ImageObject","inLanguage":"en-US","@id":"https:\/\/scrat-tech.fr\/#\/schema\/logo\/image\/","url":"https:\/\/scrat-tech.fr\/wp-content\/uploads\/2024\/10\/cropped-tuyu_monte.png","contentUrl":"https:\/\/scrat-tech.fr\/wp-content\/uploads\/2024\/10\/cropped-tuyu_monte.png","width":512,"height":512,"caption":"SCRAT"},"image":{"@id":"https:\/\/scrat-tech.fr\/#\/schema\/logo\/image\/"},"sameAs":["https:\/\/www.facebook.com\/ScratRider\/","https:\/\/x.com\/SCRAT_Rider","https:\/\/instagram.com\/scrat_rider","https:\/\/youtube.com\/c\/SCRAT"]}]}},"_links":{"self":[{"href":"https:\/\/scrat-tech.fr\/en\/wp-json\/wp\/v2\/pages\/1904","targetHints":{"allow":["GET"]}}],"collection":[{"href":"https:\/\/scrat-tech.fr\/en\/wp-json\/wp\/v2\/pages"}],"about":[{"href":"https:\/\/scrat-tech.fr\/en\/wp-json\/wp\/v2\/types\/page"}],"author":[{"embeddable":true,"href":"https:\/\/scrat-tech.fr\/en\/wp-json\/wp\/v2\/users\/2"}],"replies":[{"embeddable":true,"href":"https:\/\/scrat-tech.fr\/en\/wp-json\/wp\/v2\/comments?post=1904"}],"version-history":[{"count":0,"href":"https:\/\/scrat-tech.fr\/en\/wp-json\/wp\/v2\/pages\/1904\/revisions"}],"up":[{"embeddable":true,"href":"https:\/\/scrat-tech.fr\/en\/wp-json\/wp\/v2\/pages\/37"}],"wp:featuredmedia":[{"embeddable":true,"href":"https:\/\/scrat-tech.fr\/en\/wp-json\/wp\/v2\/media\/1905"}],"wp:attachment":[{"href":"https:\/\/scrat-tech.fr\/en\/wp-json\/wp\/v2\/media?parent=1904"}],"curies":[{"name":"wp","href":"https:\/\/api.w.org\/{rel}","templated":true}]}}